{"id":268040,"date":"2024-03-01T16:53:20","date_gmt":"2024-03-01T15:53:20","guid":{"rendered":"https:\/\/www.csj-emballages.com\/produit\/vasetto-in-plastica-riciclata-95o-rpet-300-430-ml-in-confezione-da-50\/"},"modified":"2026-04-18T02:14:45","modified_gmt":"2026-04-18T00:14:45","slug":"vasetto-in-plastica-riciclata-95o-rpet-300-430-ml-in-confezione-da-50","status":"publish","type":"product","link":"https:\/\/www.csj-emballages.com\/it\/produit\/vasetto-in-plastica-riciclata-95o-rpet-300-430-ml-in-confezione-da-50\/","title":{"rendered":"Vasetto in plastica riciclata 95\u00d8 rPET 300\/430 ml in confezione da 50"},"content":{"rendered":"<h2><strong style=\"font-family: Roboto, sans-serif;\">Vasetto in plastica<br \/>\n<\/strong><\/h2>\n<div style=\"font-family: Roboto, sans-serif;\">\n<div style=\"font-family: Roboto, sans-serif;\">\n<div style=\"font-family: Roboto, sans-serif;\">\n<div style=\"text-align: center;\">\n<div style=\"font-family: Roboto, sans-serif;\">\n<div style=\"font-family: Roboto, sans-serif;\">\n<div style=\"font-family: Roboto, sans-serif;\">\n<div style=\"font-family: Roboto, sans-serif;\">\n<div style=\"font-family: Roboto, sans-serif;\">\n<div style=\"font-family: Roboto, sans-serif; text-align: left;\">\n<hr>\n<h3 style=\"text-align: left;\">Descrizione del nostro vasetto in plastica riciclata 95\u00d8 rPET 300\/430 ml in confezione da 50<\/h3>\n<p><!--more--><\/p>\n<p data-start=\"263\" data-end=\"680\">Semplice nell&#8217;aspetto, ma ultra pratico nell&#8217;uso, questo <strong data-start=\"318\" data-end=\"356\">vasetto in plastica \u00d895 mm da 300\/430 ml<\/strong> \u00e8 chiaramente uno degli indispensabili nella ristorazione e nell&#8217;asporto. Trasparente e pulito, mette direttamente in risalto ci\u00f2 che servi all&#8217;interno. Insalate miste, frutta tagliata, dessert, salse generose o preparazioni fredde: tutto \u00e8 ben visibile, presentato in modo ordinato e facile da identificare.  <\/p>\n<p data-start=\"682\" data-end=\"1070\">Grazie al suo formato intermedio, offre la giusta capienza. N\u00e9 troppo piccolo, n\u00e9 troppo grande, \u00e8 adatto sia per una porzione individuale che per un contorno. La sua forma leggermente svasata facilita il riempimento, ma anche la presa, sia in cucina che per il cliente. Si risparmia tempo, si evitano fuoriuscite e il servizio diventa pi\u00f9 fluido.   <\/p>\n<p data-start=\"1072\" data-end=\"1402\">La <strong>plastica trasparente<\/strong> \u00e8 rigida e stabile, il che permette di impilare i vasetti senza problemi e di trasportarli facilmente. Abbinato a un <strong>coperchio compatibile \u00d895 mm<\/strong> (<strong>venduto separatamente<\/strong>), questo <strong>vasetto<\/strong> diventa una soluzione affidabile per l&#8217;asporto o la consegna. Nulla si muove, nulla fuoriesce, e le tue preparazioni arrivano intatte.  <\/p>\n<p data-start=\"1404\" data-end=\"1650\">Venduto <strong data-start=\"1410\" data-end=\"1427\">in confezione da 50<\/strong>, questo formato \u00e8 ideale per gestire il tuo stock senza ingombrare il tuo spazio. Che tu sia un ristoratore, un catering, uno snack bar o un professionista dell&#8217;organizzazione di eventi, questo vasetto si adatta al tuo ritmo e alle tue esigenze quotidiane. <\/p>\n<p data-start=\"1652\" data-end=\"1796\">In sintesi, \u00e8 un contenitore discreto ma efficace, che fa il suo lavoro senza complicare la tua organizzazione, valorizzando al contempo le tue ricette.<\/p>\n<\/div>\n<p data-start=\"1652\" data-end=\"1796\">\n<div style=\"font-family: Roboto, sans-serif; text-align: left;\">\n<p><!--more--><\/p>\n<p><span style=\"font-weight: bold; color: #ff0000;\">VASETTI RISERVATI PER ALIMENTI E NON PER BEVANDE (Francia)<\/span><\/p>\n<\/div>\n<\/div>\n<\/div>\n<\/div>\n<\/div>\n<\/div>\n<\/div>\n<\/div>\n<\/div>\n<\/div>\n<p>&nbsp;<\/p>\n<p><!--more--><\/p>\n<h4 style=\"text-align: left;\"><strong>Vantaggi: <\/strong><\/h4>\n<ul style=\"text-align: left;\">\n<li data-start=\"1824\" data-end=\"1878\">Trasparenza perfetta per una presentazione curata.<\/li>\n<li data-start=\"1881\" data-end=\"1912\">Formato versatile <strong>300\/430 ml<\/strong>.<\/li>\n<li data-start=\"1915\" data-end=\"1972\">Forma pratica per il riempimento e la presa.<\/li>\n<li data-start=\"1975\" data-end=\"2011\">Compatibile con coperchi <strong>\u00d895 mm<\/strong>.<\/li>\n<li data-start=\"2014\" data-end=\"2058\">Confezione da <strong>50<\/strong> ideale per uso professionale.<\/li>\n<\/ul>\n<p>&nbsp;<\/p>\n<p><!--more--><\/p>\n<h4 style=\"text-align: left;\"><strong>Altre informazioni:<\/strong><\/h4>\n<div class=\"elementor elementor-2384 elementor-location-archive product\" data-elementor-type=\"product-archive\" data-elementor-id=\"2384\" data-elementor-post-type=\"elementor_library\">\n<div class=\"elementor-element elementor-element-c44cccd nt-archive-products e-flex e-con-boxed e-con e-parent e-lazyloaded\" data-id=\"c44cccd\" data-element_type=\"container\">\n<div class=\"e-con-inner\">\n<div class=\"elementor-element elementor-element-f35cc29 e-con-full e-flex e-con e-child\" data-id=\"f35cc29\" data-element_type=\"container\">\n<div class=\"elementor-element elementor-element-8781411 elementor-widget elementor-widget-woocommerce-archive-description\" data-id=\"8781411\" data-element_type=\"widget\" data-widget_type=\"woocommerce-archive-description.default\">\n<div class=\"elementor-widget-container\">\n<div class=\"term-description\">\n<ul>\n<li><strong>Confezionamento<\/strong>: Pacchetto da 50<\/li>\n<li><strong>Altezza<\/strong>: 117 mm<\/li>\n<li><strong>Diametro superiore<\/strong>: 95 mm<\/li>\n<li><strong>Volume<\/strong>: 300\/430 ml<\/li>\n<li><strong>Materiale<\/strong>: rPET<\/li>\n<li><strong>Temperatura di utilizzo<\/strong>: -40\u00b0C \/ +60\u00b0C<\/li>\n<\/ul>\n<\/div>\n<\/div>\n<\/div>\n<\/div>\n<\/div>\n<\/div>\n<\/div>\n<div class=\"elementor elementor-175 elementor-location-footer\" data-elementor-type=\"footer\" data-elementor-id=\"175\" data-elementor-post-type=\"elementor_library\">\n<div class=\"elementor-element elementor-element-d413b54 e-flex e-con-boxed e-con e-parent e-lazyloaded\" data-id=\"d413b54\" data-element_type=\"container\">\n<div class=\"e-con-inner\">\n<div class=\"elementor-element elementor-element-9493a3c elementor-widget elementor-widget-shortcode\" data-id=\"9493a3c\" data-element_type=\"widget\" data-widget_type=\"shortcode.default\">\n<div class=\"elementor-widget-container\"><\/div>\n<\/div>\n<\/div>\n<\/div>\n<\/div>\n<p><!--more--><\/p>\n<h4> Trova qui i coperchi compatibili con questo vasetto in plastica:<\/h4>\n<p>Coperchi a cupola venduti separatamente (rif. <span style=\"color: #d12727;\"><a style=\"color: #d12727;\" href=\"https:\/\/www.csj-emballages.com\/it\/produit\/coperchio-plastica-cupola-con-beccuccio-o95-da-50\/\">CVDOMTR500CC<\/a><\/span>) <\/p>\n<p>Coperchi a cupola con croce (rif. <span style=\"color: #d12727;\"><a style=\"color: #d12727;\" href=\"https:\/\/www.csj-emballages.com\/it\/produit\/coperchio-in-plastica-a-cupola-con-croce-o95-da-50\/\">CVDOMCR500CC<\/a><\/span>)<\/p>\n<p>Coperchi piatti venduti separatamente (rif. <span style=\"color: #d12727;\"><a style=\"color: #d12727;\" href=\"https:\/\/www.csj-emballages.com\/it\/produit\/coperchio-in-plastica-con-fessura-a-croce-per-cannuccia-o95-da-50\/\">CVCR500CC<\/a><\/span>)<\/p>\n<p>Coperchi piatti senza foro venduti separatamente (rif. <span style=\"color: #d12727;\"><a style=\"color: #d12727;\" href=\"https:\/\/www.csj-emballages.com\/it\/produit\/coperchio-piatto-in-plastica-o95-da-50\/\">CVCRSSTR<\/a><\/span>)<\/p>\n<p>Coperchi a cupola con beccuccio (rif. <span style=\"color: #d12727;\"><a style=\"color: #d12727;\" href=\"https:\/\/www.csj-emballages.com\/it\/produit\/coperchio-plastica-cupola-con-beccuccio-o95-da-50\/\">CVDOMBEC<\/a><\/span>)<\/p>\n<p>&nbsp;<\/p>\n<p style=\"text-align: left;\"><!--more--><\/p>\n<p><a href=\"\/?product_cat=pots-smoothies-diametre-95mm\">Consulta il resto della nostra gamma di vasetti per smoothie \u00d895 mm<\/a><\/p>\n","protected":false},"excerpt":{"rendered":"<p>Vasetto in plastica Descrizione del nostro vasetto in plastica riciclata 95\u00d8 rPET 300\/430 ml in confezione da 50<\/p>\n","protected":false},"featured_media":268043,"template":"","meta":{"_acf_changed":false},"product_brand":[],"product_cat":[10346,10375,10409,10419,10420,10421],"product_tag":[],"class_list":{"0":"post-268040","1":"product","2":"type-product","3":"status-publish","4":"has-post-thumbnail","6":"product_cat-imballaggi-alimentari","7":"product_cat-ristorazione","8":"product_cat-bicchieri-calici-bottiglie","9":"product_cat-bicchieri-plastica","10":"product_cat-bicchieri-smoothie","11":"product_cat-bicchieri-smoothie-diametro-95-mm","13":"first","14":"instock","15":"taxable","16":"shipping-taxable","17":"purchasable","18":"product-type-simple"},"acf":[],"yoast_head":"<!-- This site is optimized with the Yoast SEO Premium plugin v26.6 (Yoast SEO v26.6) - https:\/\/yoast.com\/wordpress\/plugins\/seo\/ -->\n<title>Vasetto in Plastica Riciclata 95\u00d8 rPET 300\/430 ml in confezione da 50<\/title>\n<meta name=\"description\" content=\"Vasetto in plastica \u00d895 mm 300\/430 ml venduto in confezione da 50. Ideale per dessert, insalate e preparazioni fredde. Pratico, stabile e adatto per l&#039;asporto.\" \/>\n<meta name=\"robots\" content=\"index, follow, max-snippet:-1, max-image-preview:large, max-video-preview:-1\" \/>\n<link rel=\"canonical\" href=\"https:\/\/www.csj-emballages.com\/it\/produit\/vasetto-in-plastica-riciclata-95o-rpet-300-430-ml-in-confezione-da-50\/\" \/>\n<meta property=\"og:locale\" content=\"it_IT\" \/>\n<meta property=\"og:type\" content=\"article\" \/>\n<meta property=\"og:title\" content=\"Vasetto in plastica riciclata 95\u00d8 rPET 300\/430 ml in confezione da 50\" \/>\n<meta property=\"og:description\" content=\"Vasetto in plastica \u00d895 mm 300\/430 ml venduto in confezione da 50. Ideale per dessert, insalate e preparazioni fredde. Pratico, stabile e adatto per l&#039;asporto.\" \/>\n<meta property=\"og:url\" content=\"https:\/\/www.csj-emballages.com\/it\/produit\/vasetto-in-plastica-riciclata-95o-rpet-300-430-ml-in-confezione-da-50\/\" \/>\n<meta property=\"og:site_name\" content=\"CSJ Emballages\" \/>\n<meta property=\"article:publisher\" content=\"https:\/\/www.facebook.com\/csjemballages\" \/>\n<meta property=\"article:modified_time\" content=\"2026-04-18T00:14:45+00:00\" \/>\n<meta property=\"og:image\" content=\"https:\/\/www.csj-emballages.com\/wp-content\/uploads\/2024\/03\/GM350CC.webp\" \/>\n\t<meta property=\"og:image:width\" content=\"800\" \/>\n\t<meta property=\"og:image:height\" content=\"800\" \/>\n\t<meta property=\"og:image:type\" content=\"image\/webp\" \/>\n<meta name=\"twitter:card\" content=\"summary_large_image\" \/>\n<meta name=\"twitter:label1\" content=\"Dur\u00e9e de lecture estim\u00e9e\" \/>\n\t<meta name=\"twitter:data1\" content=\"2 minuti\" \/>\n<script type=\"application\/ld+json\" class=\"yoast-schema-graph\">{\"@context\":\"https:\/\/schema.org\",\"@graph\":[{\"@type\":\"WebPage\",\"@id\":\"https:\/\/www.csj-emballages.com\/it\/produit\/vasetto-in-plastica-riciclata-95o-rpet-300-430-ml-in-confezione-da-50\/\",\"url\":\"https:\/\/www.csj-emballages.com\/it\/produit\/vasetto-in-plastica-riciclata-95o-rpet-300-430-ml-in-confezione-da-50\/\",\"name\":\"Vasetto in Plastica Riciclata 95\u00d8 rPET 300\/430 ml in confezione da 50\",\"isPartOf\":{\"@id\":\"https:\/\/www.csj-emballages.com\/it\/#website\"},\"primaryImageOfPage\":{\"@id\":\"https:\/\/www.csj-emballages.com\/it\/produit\/vasetto-in-plastica-riciclata-95o-rpet-300-430-ml-in-confezione-da-50\/#primaryimage\"},\"image\":{\"@id\":\"https:\/\/www.csj-emballages.com\/it\/produit\/vasetto-in-plastica-riciclata-95o-rpet-300-430-ml-in-confezione-da-50\/#primaryimage\"},\"thumbnailUrl\":\"https:\/\/www.csj-emballages.com\/wp-content\/uploads\/2024\/03\/GM350CC.webp\",\"datePublished\":\"2024-03-01T15:53:20+00:00\",\"dateModified\":\"2026-04-18T00:14:45+00:00\",\"description\":\"Vasetto in plastica \u00d895 mm 300\/430 ml venduto in confezione da 50. Ideale per dessert, insalate e preparazioni fredde. Pratico, stabile e adatto per l'asporto.\",\"breadcrumb\":{\"@id\":\"https:\/\/www.csj-emballages.com\/it\/produit\/vasetto-in-plastica-riciclata-95o-rpet-300-430-ml-in-confezione-da-50\/#breadcrumb\"},\"inLanguage\":\"it-IT\",\"potentialAction\":[{\"@type\":\"ReadAction\",\"target\":[\"https:\/\/www.csj-emballages.com\/it\/produit\/vasetto-in-plastica-riciclata-95o-rpet-300-430-ml-in-confezione-da-50\/\"]}]},{\"@type\":\"ImageObject\",\"inLanguage\":\"it-IT\",\"@id\":\"https:\/\/www.csj-emballages.com\/it\/produit\/vasetto-in-plastica-riciclata-95o-rpet-300-430-ml-in-confezione-da-50\/#primaryimage\",\"url\":\"https:\/\/www.csj-emballages.com\/wp-content\/uploads\/2024\/03\/GM350CC.webp\",\"contentUrl\":\"https:\/\/www.csj-emballages.com\/wp-content\/uploads\/2024\/03\/GM350CC.webp\",\"width\":800,\"height\":800,\"caption\":\"pot plastique\"},{\"@type\":\"BreadcrumbList\",\"@id\":\"https:\/\/www.csj-emballages.com\/it\/produit\/vasetto-in-plastica-riciclata-95o-rpet-300-430-ml-in-confezione-da-50\/#breadcrumb\",\"itemListElement\":[{\"@type\":\"ListItem\",\"position\":1,\"name\":\"Home\",\"item\":\"https:\/\/www.csj-emballages.com\/it\/universo-imballaggi-alimentari\/\"},{\"@type\":\"ListItem\",\"position\":2,\"name\":\"Negozio\",\"item\":\"https:\/\/www.csj-emballages.com\/it\/negozio\/\"},{\"@type\":\"ListItem\",\"position\":3,\"name\":\"Vasetto in plastica riciclata 95\u00d8 rPET 300\/430 ml in confezione da 50\"}]},{\"@type\":\"WebSite\",\"@id\":\"https:\/\/www.csj-emballages.com\/it\/#website\",\"url\":\"https:\/\/www.csj-emballages.com\/it\/\",\"name\":\"CSJ Emballages\",\"description\":\"\",\"publisher\":{\"@id\":\"https:\/\/www.csj-emballages.com\/it\/#organization\"},\"potentialAction\":[{\"@type\":\"SearchAction\",\"target\":{\"@type\":\"EntryPoint\",\"urlTemplate\":\"https:\/\/www.csj-emballages.com\/it\/?s={search_term_string}\"},\"query-input\":{\"@type\":\"PropertyValueSpecification\",\"valueRequired\":true,\"valueName\":\"search_term_string\"}}],\"inLanguage\":\"it-IT\"},{\"@type\":\"Organization\",\"@id\":\"https:\/\/www.csj-emballages.com\/it\/#Organization\/\",\"name\":\"CSJ Emballages\",\"url\":\"https:\/\/www.csj-emballages.com\/it\/\",\"logo\":{\"@type\":\"ImageObject\",\"inLanguage\":\"it-IT\",\"@id\":\"https:\/\/www.csj-emballages.com\/it\/#\/schema\/logo\/image\/\",\"url\":\"https:\/\/www.csj-emballages.com\/wp-content\/uploads\/2023\/10\/logo_csj.webp\",\"contentUrl\":\"https:\/\/www.csj-emballages.com\/wp-content\/uploads\/2023\/10\/logo_csj.webp\",\"width\":250,\"height\":95,\"caption\":\"CSJ Emballages\"},\"image\":{\"@id\":\"https:\/\/www.csj-emballages.com\/it\/#\/schema\/logo\/image\/\"},\"sameAs\":[\"https:\/\/www.facebook.com\/csjemballages\"],\"address\":{\"@type\":\"PostalAddress\",\"streetAddress\":\"ZI La Lechere\",\"addressLocality\":\"Patornay\",\"postalCode\":\"39130\",\"addressCountry\":\"FR\"},\"contactPoint\":[{\"@type\":\"ContactPoint\",\"contactType\":\"Service client\",\"telephone\":\"0384254272\",\"email\":\"contact@csj-emballages.com\"}]}]}<\/script>\n<!-- \/ Yoast SEO Premium plugin. -->","yoast_head_json":{"title":"Vasetto in Plastica Riciclata 95\u00d8 rPET 300\/430 ml in confezione da 50","description":"Vasetto in plastica \u00d895 mm 300\/430 ml venduto in confezione da 50. Ideale per dessert, insalate e preparazioni fredde. Pratico, stabile e adatto per l'asporto.","robots":{"index":"index","follow":"follow","max-snippet":"max-snippet:-1","max-image-preview":"max-image-preview:large","max-video-preview":"max-video-preview:-1"},"canonical":"https:\/\/www.csj-emballages.com\/it\/produit\/vasetto-in-plastica-riciclata-95o-rpet-300-430-ml-in-confezione-da-50\/","og_locale":"it_IT","og_type":"article","og_title":"Vasetto in plastica riciclata 95\u00d8 rPET 300\/430 ml in confezione da 50","og_description":"Vasetto in plastica \u00d895 mm 300\/430 ml venduto in confezione da 50. Ideale per dessert, insalate e preparazioni fredde. Pratico, stabile e adatto per l'asporto.","og_url":"https:\/\/www.csj-emballages.com\/it\/produit\/vasetto-in-plastica-riciclata-95o-rpet-300-430-ml-in-confezione-da-50\/","og_site_name":"CSJ Emballages","article_publisher":"https:\/\/www.facebook.com\/csjemballages","article_modified_time":"2026-04-18T00:14:45+00:00","og_image":[{"width":800,"height":800,"url":"https:\/\/www.csj-emballages.com\/wp-content\/uploads\/2024\/03\/GM350CC.webp","type":"image\/webp"}],"twitter_card":"summary_large_image","twitter_misc":{"Dur\u00e9e de lecture estim\u00e9e":"2 minuti"},"schema":{"@context":"https:\/\/schema.org","@graph":[{"@type":"WebPage","@id":"https:\/\/www.csj-emballages.com\/it\/produit\/vasetto-in-plastica-riciclata-95o-rpet-300-430-ml-in-confezione-da-50\/","url":"https:\/\/www.csj-emballages.com\/it\/produit\/vasetto-in-plastica-riciclata-95o-rpet-300-430-ml-in-confezione-da-50\/","name":"Vasetto in Plastica Riciclata 95\u00d8 rPET 300\/430 ml in confezione da 50","isPartOf":{"@id":"https:\/\/www.csj-emballages.com\/it\/#website"},"primaryImageOfPage":{"@id":"https:\/\/www.csj-emballages.com\/it\/produit\/vasetto-in-plastica-riciclata-95o-rpet-300-430-ml-in-confezione-da-50\/#primaryimage"},"image":{"@id":"https:\/\/www.csj-emballages.com\/it\/produit\/vasetto-in-plastica-riciclata-95o-rpet-300-430-ml-in-confezione-da-50\/#primaryimage"},"thumbnailUrl":"https:\/\/www.csj-emballages.com\/wp-content\/uploads\/2024\/03\/GM350CC.webp","datePublished":"2024-03-01T15:53:20+00:00","dateModified":"2026-04-18T00:14:45+00:00","description":"Vasetto in plastica \u00d895 mm 300\/430 ml venduto in confezione da 50. Ideale per dessert, insalate e preparazioni fredde. Pratico, stabile e adatto per l'asporto.","breadcrumb":{"@id":"https:\/\/www.csj-emballages.com\/it\/produit\/vasetto-in-plastica-riciclata-95o-rpet-300-430-ml-in-confezione-da-50\/#breadcrumb"},"inLanguage":"it-IT","potentialAction":[{"@type":"ReadAction","target":["https:\/\/www.csj-emballages.com\/it\/produit\/vasetto-in-plastica-riciclata-95o-rpet-300-430-ml-in-confezione-da-50\/"]}]},{"@type":"ImageObject","inLanguage":"it-IT","@id":"https:\/\/www.csj-emballages.com\/it\/produit\/vasetto-in-plastica-riciclata-95o-rpet-300-430-ml-in-confezione-da-50\/#primaryimage","url":"https:\/\/www.csj-emballages.com\/wp-content\/uploads\/2024\/03\/GM350CC.webp","contentUrl":"https:\/\/www.csj-emballages.com\/wp-content\/uploads\/2024\/03\/GM350CC.webp","width":800,"height":800,"caption":"pot plastique"},{"@type":"BreadcrumbList","@id":"https:\/\/www.csj-emballages.com\/it\/produit\/vasetto-in-plastica-riciclata-95o-rpet-300-430-ml-in-confezione-da-50\/#breadcrumb","itemListElement":[{"@type":"ListItem","position":1,"name":"Home","item":"https:\/\/www.csj-emballages.com\/it\/universo-imballaggi-alimentari\/"},{"@type":"ListItem","position":2,"name":"Negozio","item":"https:\/\/www.csj-emballages.com\/it\/negozio\/"},{"@type":"ListItem","position":3,"name":"Vasetto in plastica riciclata 95\u00d8 rPET 300\/430 ml in confezione da 50"}]},{"@type":"WebSite","@id":"https:\/\/www.csj-emballages.com\/it\/#website","url":"https:\/\/www.csj-emballages.com\/it\/","name":"CSJ Emballages","description":"","publisher":{"@id":"https:\/\/www.csj-emballages.com\/it\/#organization"},"potentialAction":[{"@type":"SearchAction","target":{"@type":"EntryPoint","urlTemplate":"https:\/\/www.csj-emballages.com\/it\/?s={search_term_string}"},"query-input":{"@type":"PropertyValueSpecification","valueRequired":true,"valueName":"search_term_string"}}],"inLanguage":"it-IT"},{"@type":"Organization","@id":"https:\/\/www.csj-emballages.com\/it\/#Organization\/","name":"CSJ Emballages","url":"https:\/\/www.csj-emballages.com\/it\/","logo":{"@type":"ImageObject","inLanguage":"it-IT","@id":"https:\/\/www.csj-emballages.com\/it\/#\/schema\/logo\/image\/","url":"https:\/\/www.csj-emballages.com\/wp-content\/uploads\/2023\/10\/logo_csj.webp","contentUrl":"https:\/\/www.csj-emballages.com\/wp-content\/uploads\/2023\/10\/logo_csj.webp","width":250,"height":95,"caption":"CSJ Emballages"},"image":{"@id":"https:\/\/www.csj-emballages.com\/it\/#\/schema\/logo\/image\/"},"sameAs":["https:\/\/www.facebook.com\/csjemballages"],"address":{"@type":"PostalAddress","streetAddress":"ZI La Lechere","addressLocality":"Patornay","postalCode":"39130","addressCountry":"FR"},"contactPoint":[{"@type":"ContactPoint","contactType":"Service client","telephone":"0384254272","email":"contact@csj-emballages.com"}]}]}},"df_price":4.37,"df_sale_price":"","df_regular_price":4.37,"df_image_link":"https:\/\/www.csj-emballages.com\/wp-content\/uploads\/2024\/03\/GM350CC-300x300.webp","tiered_pricing_type":"fixed","tiered_pricing_fixed_rules":[],"tiered_pricing_percentage_rules":[],"tiered_pricing_minimum":1,"tiered_pricing_roles_data":[],"_links":{"self":[{"href":"https:\/\/www.csj-emballages.com\/it\/wp-json\/wp\/v2\/product\/268040","targetHints":{"allow":["GET"]}}],"collection":[{"href":"https:\/\/www.csj-emballages.com\/it\/wp-json\/wp\/v2\/product"}],"about":[{"href":"https:\/\/www.csj-emballages.com\/it\/wp-json\/wp\/v2\/types\/product"}],"wp:featuredmedia":[{"embeddable":true,"href":"https:\/\/www.csj-emballages.com\/it\/wp-json\/wp\/v2\/media\/268043"}],"wp:attachment":[{"href":"https:\/\/www.csj-emballages.com\/it\/wp-json\/wp\/v2\/media?parent=268040"}],"wp:term":[{"taxonomy":"product_brand","embeddable":true,"href":"https:\/\/www.csj-emballages.com\/it\/wp-json\/wp\/v2\/product_brand?post=268040"},{"taxonomy":"product_cat","embeddable":true,"href":"https:\/\/www.csj-emballages.com\/it\/wp-json\/wp\/v2\/product_cat?post=268040"},{"taxonomy":"product_tag","embeddable":true,"href":"https:\/\/www.csj-emballages.com\/it\/wp-json\/wp\/v2\/product_tag?post=268040"}],"curies":[{"name":"wp","href":"https:\/\/api.w.org\/{rel}","templated":true}]}}