{"id":267991,"date":"2024-03-01T16:57:18","date_gmt":"2024-03-01T15:57:18","guid":{"rendered":"https:\/\/www.csj-emballages.com\/produit\/scatola-cupcake-in-cartone-kraft-20-x-11-x-9-cm-da-25\/"},"modified":"2026-03-12T16:11:54","modified_gmt":"2026-03-12T15:11:54","slug":"scatola-cupcake-in-cartone-kraft-20-x-11-x-9-cm-da-25","status":"publish","type":"product","link":"https:\/\/www.csj-emballages.com\/it\/produit\/scatola-cupcake-in-cartone-kraft-20-x-11-x-9-cm-da-25\/","title":{"rendered":"Scatola cupcake in cartone kraft 20 x 11 x 9 cm da 25"},"content":{"rendered":"<h2>Scatola cupcake<\/h2>\n<hr>\n<h3><span style=\"font-weight: bold;\">Scopri la nostra scatola cupcake in cartone kraft 20 x 11 x 9 cm da 25<\/span><\/h3>\n<p><!--more--><\/p>\n<p data-start=\"97\" data-end=\"626\">La <strong data-start=\"100\" data-end=\"154\">scatola cupcake in cartone kraft 20 x 11 x 9 cm da 25<\/strong> \u00e8 l\u2019imballaggio indispensabile per tutti i professionisti della pasticceria, della panetteria o del catering. Realizzata in <strong data-start=\"333\" data-end=\"355\">cartone per alimenti<\/strong>, garantisce un\u2019ottima tenuta offrendo al tempo stesso una presentazione curata delle tue creazioni. Grazie alle sue dimensioni studiate, \u00e8 ideale per contenere <strong data-start=\"522\" data-end=\"534\">cupcake<\/strong>, <strong data-start=\"540\" data-end=\"561\">tortine monoporzione<\/strong>, <strong data-start=\"567\" data-end=\"579\">brioche<\/strong> e altre piccole golosit\u00e0 dolci.  <\/p>\n<p data-start=\"628\" data-end=\"968\">Il punto di forza di questa <strong data-start=\"652\" data-end=\"672\">scatola per dolci<\/strong> \u00e8 la sua <strong data-start=\"688\" data-end=\"719\">ampia finestra trasparente<\/strong> sulla parte superiore. Attraversa la scatola e offre una visibilit\u00e0 ottimale dei prodotti senza doverla aprire. I clienti possono cos\u00ec ammirare le torte in vetrina o sui tuoi espositori, aumentando desiderio e acquisto.  <\/p>\n<p data-start=\"970\" data-end=\"1257\">Pratica, questa <strong>scatola cupcake<\/strong> \u00e8 dotata di <strong data-start=\"1010\" data-end=\"1032\">apertura frontale<\/strong> che facilita l\u2019inserimento e l\u2019estrazione dei dolci, anche i pi\u00f9 delicati. Niente pi\u00f9 manipolazioni eccessive: risparmi tempo preservando qualit\u00e0 ed estetica delle preparazioni. <\/p>\n<p data-start=\"1259\" data-end=\"1620\">In confezione da <strong data-start=\"1269\" data-end=\"1282\">25 unit\u00e0<\/strong>, questa soluzione di imballaggio \u00e8 perfetta per le esigenze dei professionisti. Leggera, pieghevole e facile da stoccare, risponde alle necessit\u00e0 quotidiane degli artigiani nel rispetto delle norme alimentari. Il colore <strong>kraft<\/strong>, sobrio ed elegante, valorizza le tue creazioni e si adatta a ogni stile di pasticceria.  <\/p>\n<p data-start=\"1622\" data-end=\"1804\">Che tu sia panettiere, pasticcere o ristoratore, la <strong data-start=\"1678\" data-end=\"1710\">scatola cupcake in cartone kraft<\/strong> \u00e8 una scelta sicura per unire <strong data-start=\"1746\" data-end=\"1801\">praticit\u00e0, igiene e valorizzazione dei tuoi prodotti<\/strong>.<\/p>\n<p><!--more--><\/p>\n<h4>I vantaggi:<\/h4>\n<ul>\n<li><strong data-start=\"1831\" data-end=\"1855\">Finestra trasparente<\/strong> : visibilit\u00e0 immediata delle tue torte.<\/li>\n<li><strong data-start=\"1899\" data-end=\"1921\">Apertura frontale<\/strong> : inserimento facile e veloce.<\/li>\n<li><strong data-start=\"1956\" data-end=\"1973\">Cartone resistente<\/strong> : protezione ottimale dei prodotti.<\/li>\n<li><strong data-start=\"2014\" data-end=\"2042\">Colore kraft naturale<\/strong> : valorizza le tue creazioni.<\/li>\n<li><strong data-start=\"2073\" data-end=\"2097\">Lotto economico da 25<\/strong> : ideale per uso professionale.<\/li>\n<\/ul>\n<p>&nbsp;<\/p>\n<p><!--more--><\/p>\n<h4>Altre informazioni:<\/h4>\n<ul>\n<li><strong>Confezione<\/strong>: Pacchetto da 25<\/li>\n<li><b>Colore : <\/b>Kraft<\/li>\n<li><strong>Materiale<\/strong>: Cartone<\/li>\n<li><strong>Dimensioni<\/strong> : 20 x 11 x 9 (L x l x h in cm)<\/li>\n<li><strong>Utilizzo<\/strong> : Cupcake, muffin, mini-cake,&#8230;<\/li>\n<\/ul>\n<p>&nbsp;<\/p>\n<p><!--more--><\/p>\n<p>Questo prodotto \u00e8 disponibile in pi\u00f9 colori: <span style=\"color: #d12727;\"><a style=\"color: #d12727;\" href=\"https:\/\/www.csj-emballages.com\/it\/produit\/scatola-cupcake-cartone-cacao-20-x-11-x-9-cm-da-25\/\">Cacao<\/a><\/span> \/ <span style=\"color: #d12727;\"><a style=\"color: #d12727;\" href=\"https:\/\/www.csj-emballages.com\/it\/produit\/scatola-per-cupcake-in-cartone-bianca-20-x-11-x-9-cm-da-25\/\">Bianco<\/a><\/span> \/ <span style=\"color: #d12727;\"><a style=\"color: #d12727;\" href=\"https:\/\/www.csj-emballages.com\/produit\/25-boites-cakes-carton-oranges-20-x-11-x-9-cm\/\">Arancione<\/a><\/span> \/ <span style=\"color: #d12727;\"><a style=\"color: #d12727;\" href=\"https:\/\/www.csj-emballages.com\/produit\/25-boites-cakes-carton-vertes-20-x-11-x-9-cm\/\">Verde<\/a><\/span><\/p>\n<p>&nbsp;<\/p>\n<p><!--more--><\/p>\n<p>Trova qui il nostro inserto 2 cupcake compatibile con questa scatola: <span style=\"color: #d12727;\"><a style=\"color: #d12727;\" href=\"https:\/\/www.csj-emballages.com\/produit\/25-calages-2-cupcake-carton-blanc\/\">CALBCC2<\/a><\/span><\/p>\n<p>&nbsp;<\/p>\n<p><!--more--><\/p>\n<p><a href=\"https:\/\/www.csj-emballages.com\/it\/categorie-produit\/imballaggi-alimentari\/panetteria-pasticceria\/scatola-e-astuccio\/scatole-per-cupcake\/\">Consulta qui il resto della nostra gamma di scatole per cupcake<\/a><\/p>\n","protected":false},"excerpt":{"rendered":"<p>Scatola cupcake Scopri la nostra scatola cupcake in cartone kraft 20 x 11 x 9 cm da 25<\/p>\n","protected":false},"featured_media":267992,"template":"","meta":{"_acf_changed":false},"product_brand":[],"product_cat":[10346,10344,10628,10526],"product_tag":[],"class_list":{"0":"post-267991","1":"product","2":"type-product","3":"status-publish","4":"has-post-thumbnail","6":"product_cat-imballaggi-alimentari","7":"product_cat-panetteria-pasticceria","8":"product_cat-scatole-per-cupcake","9":"product_cat-scatole-con-finestra","11":"first","12":"outofstock","13":"taxable","14":"shipping-taxable","15":"purchasable","16":"product-type-simple"},"acf":[],"yoast_head":"<!-- This site is optimized with the Yoast SEO Premium plugin v26.6 (Yoast SEO v26.6) - https:\/\/yoast.com\/wordpress\/plugins\/seo\/ -->\n<title>Scatola Cupcake in cartone kraft 20 x 11 x 9 cm da 25<\/title>\n<meta name=\"description\" content=\"Scatola cupcake in cartone kraft 20 x 11 x 9 cm da 25, con finestra e apertura frontale. Ideale per presentare e proteggere i tuoi dolci.\" \/>\n<meta name=\"robots\" content=\"index, follow, max-snippet:-1, max-image-preview:large, max-video-preview:-1\" \/>\n<link rel=\"canonical\" href=\"https:\/\/www.csj-emballages.com\/it\/produit\/scatola-cupcake-in-cartone-kraft-20-x-11-x-9-cm-da-25\/\" \/>\n<meta property=\"og:locale\" content=\"it_IT\" \/>\n<meta property=\"og:type\" content=\"article\" \/>\n<meta property=\"og:title\" content=\"Scatola cupcake in cartone kraft 20 x 11 x 9 cm da 25\" \/>\n<meta property=\"og:description\" content=\"Scatola cupcake in cartone kraft 20 x 11 x 9 cm da 25, con finestra e apertura frontale. Ideale per presentare e proteggere i tuoi dolci.\" \/>\n<meta property=\"og:url\" content=\"https:\/\/www.csj-emballages.com\/it\/produit\/scatola-cupcake-in-cartone-kraft-20-x-11-x-9-cm-da-25\/\" \/>\n<meta property=\"og:site_name\" content=\"CSJ Emballages\" \/>\n<meta property=\"article:publisher\" content=\"https:\/\/www.facebook.com\/csjemballages\" \/>\n<meta property=\"article:modified_time\" content=\"2026-03-12T15:11:54+00:00\" \/>\n<meta property=\"og:image\" content=\"https:\/\/www.csj-emballages.com\/wp-content\/uploads\/2024\/03\/BCC2KRA.webp\" \/>\n\t<meta property=\"og:image:width\" content=\"800\" \/>\n\t<meta property=\"og:image:height\" content=\"800\" \/>\n\t<meta property=\"og:image:type\" content=\"image\/webp\" \/>\n<meta name=\"twitter:card\" content=\"summary_large_image\" \/>\n<meta name=\"twitter:label1\" content=\"Dur\u00e9e de lecture estim\u00e9e\" \/>\n\t<meta name=\"twitter:data1\" content=\"2 minuti\" \/>\n<script type=\"application\/ld+json\" class=\"yoast-schema-graph\">{\"@context\":\"https:\/\/schema.org\",\"@graph\":[{\"@type\":\"WebPage\",\"@id\":\"https:\/\/www.csj-emballages.com\/it\/produit\/scatola-cupcake-in-cartone-kraft-20-x-11-x-9-cm-da-25\/\",\"url\":\"https:\/\/www.csj-emballages.com\/it\/produit\/scatola-cupcake-in-cartone-kraft-20-x-11-x-9-cm-da-25\/\",\"name\":\"Scatola Cupcake in cartone kraft 20 x 11 x 9 cm da 25\",\"isPartOf\":{\"@id\":\"https:\/\/www.csj-emballages.com\/it\/#website\"},\"primaryImageOfPage\":{\"@id\":\"https:\/\/www.csj-emballages.com\/it\/produit\/scatola-cupcake-in-cartone-kraft-20-x-11-x-9-cm-da-25\/#primaryimage\"},\"image\":{\"@id\":\"https:\/\/www.csj-emballages.com\/it\/produit\/scatola-cupcake-in-cartone-kraft-20-x-11-x-9-cm-da-25\/#primaryimage\"},\"thumbnailUrl\":\"https:\/\/www.csj-emballages.com\/wp-content\/uploads\/2024\/03\/BCC2KRA.webp\",\"datePublished\":\"2024-03-01T15:57:18+00:00\",\"dateModified\":\"2026-03-12T15:11:54+00:00\",\"description\":\"Scatola cupcake in cartone kraft 20 x 11 x 9 cm da 25, con finestra e apertura frontale. Ideale per presentare e proteggere i tuoi dolci.\",\"breadcrumb\":{\"@id\":\"https:\/\/www.csj-emballages.com\/it\/produit\/scatola-cupcake-in-cartone-kraft-20-x-11-x-9-cm-da-25\/#breadcrumb\"},\"inLanguage\":\"it-IT\",\"potentialAction\":[{\"@type\":\"ReadAction\",\"target\":[\"https:\/\/www.csj-emballages.com\/it\/produit\/scatola-cupcake-in-cartone-kraft-20-x-11-x-9-cm-da-25\/\"]}]},{\"@type\":\"ImageObject\",\"inLanguage\":\"it-IT\",\"@id\":\"https:\/\/www.csj-emballages.com\/it\/produit\/scatola-cupcake-in-cartone-kraft-20-x-11-x-9-cm-da-25\/#primaryimage\",\"url\":\"https:\/\/www.csj-emballages.com\/wp-content\/uploads\/2024\/03\/BCC2KRA.webp\",\"contentUrl\":\"https:\/\/www.csj-emballages.com\/wp-content\/uploads\/2024\/03\/BCC2KRA.webp\",\"width\":800,\"height\":800,\"caption\":\"Boite cupcake\"},{\"@type\":\"BreadcrumbList\",\"@id\":\"https:\/\/www.csj-emballages.com\/it\/produit\/scatola-cupcake-in-cartone-kraft-20-x-11-x-9-cm-da-25\/#breadcrumb\",\"itemListElement\":[{\"@type\":\"ListItem\",\"position\":1,\"name\":\"Home\",\"item\":\"https:\/\/www.csj-emballages.com\/it\/universo-imballaggi-alimentari\/\"},{\"@type\":\"ListItem\",\"position\":2,\"name\":\"Negozio\",\"item\":\"https:\/\/www.csj-emballages.com\/it\/negozio\/\"},{\"@type\":\"ListItem\",\"position\":3,\"name\":\"Scatola cupcake in cartone kraft 20 x 11 x 9 cm da 25\"}]},{\"@type\":\"WebSite\",\"@id\":\"https:\/\/www.csj-emballages.com\/it\/#website\",\"url\":\"https:\/\/www.csj-emballages.com\/it\/\",\"name\":\"CSJ Emballages\",\"description\":\"\",\"publisher\":{\"@id\":\"https:\/\/www.csj-emballages.com\/it\/#organization\"},\"potentialAction\":[{\"@type\":\"SearchAction\",\"target\":{\"@type\":\"EntryPoint\",\"urlTemplate\":\"https:\/\/www.csj-emballages.com\/it\/?s={search_term_string}\"},\"query-input\":{\"@type\":\"PropertyValueSpecification\",\"valueRequired\":true,\"valueName\":\"search_term_string\"}}],\"inLanguage\":\"it-IT\"},{\"@type\":\"Organization\",\"@id\":\"https:\/\/www.csj-emballages.com\/it\/#Organization\/\",\"name\":\"CSJ Emballages\",\"url\":\"https:\/\/www.csj-emballages.com\/it\/\",\"logo\":{\"@type\":\"ImageObject\",\"inLanguage\":\"it-IT\",\"@id\":\"https:\/\/www.csj-emballages.com\/it\/#\/schema\/logo\/image\/\",\"url\":\"https:\/\/www.csj-emballages.com\/wp-content\/uploads\/2023\/10\/logo_csj.webp\",\"contentUrl\":\"https:\/\/www.csj-emballages.com\/wp-content\/uploads\/2023\/10\/logo_csj.webp\",\"width\":250,\"height\":95,\"caption\":\"CSJ Emballages\"},\"image\":{\"@id\":\"https:\/\/www.csj-emballages.com\/it\/#\/schema\/logo\/image\/\"},\"sameAs\":[\"https:\/\/www.facebook.com\/csjemballages\"],\"address\":{\"@type\":\"PostalAddress\",\"streetAddress\":\"ZI La Lechere\",\"addressLocality\":\"Patornay\",\"postalCode\":\"39130\",\"addressCountry\":\"FR\"},\"contactPoint\":[{\"@type\":\"ContactPoint\",\"contactType\":\"Service client\",\"telephone\":\"0384254272\",\"email\":\"contact@csj-emballages.com\"}]}]}<\/script>\n<!-- \/ Yoast SEO Premium plugin. -->","yoast_head_json":{"title":"Scatola Cupcake in cartone kraft 20 x 11 x 9 cm da 25","description":"Scatola cupcake in cartone kraft 20 x 11 x 9 cm da 25, con finestra e apertura frontale. Ideale per presentare e proteggere i tuoi dolci.","robots":{"index":"index","follow":"follow","max-snippet":"max-snippet:-1","max-image-preview":"max-image-preview:large","max-video-preview":"max-video-preview:-1"},"canonical":"https:\/\/www.csj-emballages.com\/it\/produit\/scatola-cupcake-in-cartone-kraft-20-x-11-x-9-cm-da-25\/","og_locale":"it_IT","og_type":"article","og_title":"Scatola cupcake in cartone kraft 20 x 11 x 9 cm da 25","og_description":"Scatola cupcake in cartone kraft 20 x 11 x 9 cm da 25, con finestra e apertura frontale. Ideale per presentare e proteggere i tuoi dolci.","og_url":"https:\/\/www.csj-emballages.com\/it\/produit\/scatola-cupcake-in-cartone-kraft-20-x-11-x-9-cm-da-25\/","og_site_name":"CSJ Emballages","article_publisher":"https:\/\/www.facebook.com\/csjemballages","article_modified_time":"2026-03-12T15:11:54+00:00","og_image":[{"width":800,"height":800,"url":"https:\/\/www.csj-emballages.com\/wp-content\/uploads\/2024\/03\/BCC2KRA.webp","type":"image\/webp"}],"twitter_card":"summary_large_image","twitter_misc":{"Dur\u00e9e de lecture estim\u00e9e":"2 minuti"},"schema":{"@context":"https:\/\/schema.org","@graph":[{"@type":"WebPage","@id":"https:\/\/www.csj-emballages.com\/it\/produit\/scatola-cupcake-in-cartone-kraft-20-x-11-x-9-cm-da-25\/","url":"https:\/\/www.csj-emballages.com\/it\/produit\/scatola-cupcake-in-cartone-kraft-20-x-11-x-9-cm-da-25\/","name":"Scatola Cupcake in cartone kraft 20 x 11 x 9 cm da 25","isPartOf":{"@id":"https:\/\/www.csj-emballages.com\/it\/#website"},"primaryImageOfPage":{"@id":"https:\/\/www.csj-emballages.com\/it\/produit\/scatola-cupcake-in-cartone-kraft-20-x-11-x-9-cm-da-25\/#primaryimage"},"image":{"@id":"https:\/\/www.csj-emballages.com\/it\/produit\/scatola-cupcake-in-cartone-kraft-20-x-11-x-9-cm-da-25\/#primaryimage"},"thumbnailUrl":"https:\/\/www.csj-emballages.com\/wp-content\/uploads\/2024\/03\/BCC2KRA.webp","datePublished":"2024-03-01T15:57:18+00:00","dateModified":"2026-03-12T15:11:54+00:00","description":"Scatola cupcake in cartone kraft 20 x 11 x 9 cm da 25, con finestra e apertura frontale. Ideale per presentare e proteggere i tuoi dolci.","breadcrumb":{"@id":"https:\/\/www.csj-emballages.com\/it\/produit\/scatola-cupcake-in-cartone-kraft-20-x-11-x-9-cm-da-25\/#breadcrumb"},"inLanguage":"it-IT","potentialAction":[{"@type":"ReadAction","target":["https:\/\/www.csj-emballages.com\/it\/produit\/scatola-cupcake-in-cartone-kraft-20-x-11-x-9-cm-da-25\/"]}]},{"@type":"ImageObject","inLanguage":"it-IT","@id":"https:\/\/www.csj-emballages.com\/it\/produit\/scatola-cupcake-in-cartone-kraft-20-x-11-x-9-cm-da-25\/#primaryimage","url":"https:\/\/www.csj-emballages.com\/wp-content\/uploads\/2024\/03\/BCC2KRA.webp","contentUrl":"https:\/\/www.csj-emballages.com\/wp-content\/uploads\/2024\/03\/BCC2KRA.webp","width":800,"height":800,"caption":"Boite cupcake"},{"@type":"BreadcrumbList","@id":"https:\/\/www.csj-emballages.com\/it\/produit\/scatola-cupcake-in-cartone-kraft-20-x-11-x-9-cm-da-25\/#breadcrumb","itemListElement":[{"@type":"ListItem","position":1,"name":"Home","item":"https:\/\/www.csj-emballages.com\/it\/universo-imballaggi-alimentari\/"},{"@type":"ListItem","position":2,"name":"Negozio","item":"https:\/\/www.csj-emballages.com\/it\/negozio\/"},{"@type":"ListItem","position":3,"name":"Scatola cupcake in cartone kraft 20 x 11 x 9 cm da 25"}]},{"@type":"WebSite","@id":"https:\/\/www.csj-emballages.com\/it\/#website","url":"https:\/\/www.csj-emballages.com\/it\/","name":"CSJ Emballages","description":"","publisher":{"@id":"https:\/\/www.csj-emballages.com\/it\/#organization"},"potentialAction":[{"@type":"SearchAction","target":{"@type":"EntryPoint","urlTemplate":"https:\/\/www.csj-emballages.com\/it\/?s={search_term_string}"},"query-input":{"@type":"PropertyValueSpecification","valueRequired":true,"valueName":"search_term_string"}}],"inLanguage":"it-IT"},{"@type":"Organization","@id":"https:\/\/www.csj-emballages.com\/it\/#Organization\/","name":"CSJ Emballages","url":"https:\/\/www.csj-emballages.com\/it\/","logo":{"@type":"ImageObject","inLanguage":"it-IT","@id":"https:\/\/www.csj-emballages.com\/it\/#\/schema\/logo\/image\/","url":"https:\/\/www.csj-emballages.com\/wp-content\/uploads\/2023\/10\/logo_csj.webp","contentUrl":"https:\/\/www.csj-emballages.com\/wp-content\/uploads\/2023\/10\/logo_csj.webp","width":250,"height":95,"caption":"CSJ Emballages"},"image":{"@id":"https:\/\/www.csj-emballages.com\/it\/#\/schema\/logo\/image\/"},"sameAs":["https:\/\/www.facebook.com\/csjemballages"],"address":{"@type":"PostalAddress","streetAddress":"ZI La Lechere","addressLocality":"Patornay","postalCode":"39130","addressCountry":"FR"},"contactPoint":[{"@type":"ContactPoint","contactType":"Service client","telephone":"0384254272","email":"contact@csj-emballages.com"}]}]}},"df_price":26.75,"df_sale_price":"","df_regular_price":26.75,"df_image_link":"https:\/\/www.csj-emballages.com\/wp-content\/uploads\/2024\/03\/BCC2KRA-300x300.webp","tiered_pricing_type":"fixed","tiered_pricing_fixed_rules":[],"tiered_pricing_percentage_rules":[],"tiered_pricing_minimum":1,"tiered_pricing_roles_data":[],"_links":{"self":[{"href":"https:\/\/www.csj-emballages.com\/it\/wp-json\/wp\/v2\/product\/267991","targetHints":{"allow":["GET"]}}],"collection":[{"href":"https:\/\/www.csj-emballages.com\/it\/wp-json\/wp\/v2\/product"}],"about":[{"href":"https:\/\/www.csj-emballages.com\/it\/wp-json\/wp\/v2\/types\/product"}],"wp:featuredmedia":[{"embeddable":true,"href":"https:\/\/www.csj-emballages.com\/it\/wp-json\/wp\/v2\/media\/267992"}],"wp:attachment":[{"href":"https:\/\/www.csj-emballages.com\/it\/wp-json\/wp\/v2\/media?parent=267991"}],"wp:term":[{"taxonomy":"product_brand","embeddable":true,"href":"https:\/\/www.csj-emballages.com\/it\/wp-json\/wp\/v2\/product_brand?post=267991"},{"taxonomy":"product_cat","embeddable":true,"href":"https:\/\/www.csj-emballages.com\/it\/wp-json\/wp\/v2\/product_cat?post=267991"},{"taxonomy":"product_tag","embeddable":true,"href":"https:\/\/www.csj-emballages.com\/it\/wp-json\/wp\/v2\/product_tag?post=267991"}],"curies":[{"name":"wp","href":"https:\/\/api.w.org\/{rel}","templated":true}]}}