{"id":267964,"date":"2024-03-01T16:57:23","date_gmt":"2024-03-01T15:57:23","guid":{"rendered":"https:\/\/www.csj-emballages.com\/produit\/contenitore-per-pasti-americano-doggy-bag-2-scomparti-1300-ml-in-confezione-da-50\/"},"modified":"2026-04-14T02:12:09","modified_gmt":"2026-04-14T00:12:09","slug":"contenitore-per-pasti-americano-doggy-bag-2-scomparti-1300-ml-in-confezione-da-50","status":"publish","type":"product","link":"https:\/\/www.csj-emballages.com\/it\/produit\/contenitore-per-pasti-americano-doggy-bag-2-scomparti-1300-ml-in-confezione-da-50\/","title":{"rendered":"Contenitore per pasti americano &#8220;Doggy Bag&#8221; 2 scomparti 1300 ml in confezione da 50"},"content":{"rendered":"<div style=\"font-family: Roboto, sans-serif;\">\n<div style=\"font-family: Roboto, sans-serif;\">\n<div style=\"font-family: Roboto, sans-serif;\">\n<h2>Box pasto<\/h2>\n<hr>\n<h3>Descrizione del nostro contenitore per pasti americano &#8220;Doggy Bag&#8221; 1300 ml in confezione da 450<\/h3>\n<p><!--more--><\/p>\n<div class=\"flex-shrink-0 flex flex-col relative items-end\">\n<div class=\"pt-0.5 juice:pt-0\">\n<div class=\"gizmo-bot-avatar flex h-6 w-6 items-center justify-center overflow-hidden rounded-full juice:h-8 juice:w-8\">\n<p data-start=\"255\" data-end=\"766\">Se cerchi una scatola semplice, pratica e davvero pensata per la tua quotidianit\u00e0, il <strong data-start=\"345\" data-end=\"409\">contenitore per pasti americano \u201cDoggy Bag\u201d a 2 scomparti da 1300 ml<\/strong> diventer\u00e0 rapidamente un elemento indispensabile nel tuo servizio. Appena lo apri, noti subito i suoi <strong>due scomparti<\/strong> ben separati. Grazie a questi, puoi disporre un piatto principale da un lato e un contorno dall&#8217;altro, senza rischio di mescolanze. Ci\u00f2 permette di mantenere una presentazione pulita e sapori intatti fino alla degustazione.   <\/p>\n<p data-start=\"768\" data-end=\"1227\">Allo stesso modo, la sua <strong data-start=\"780\" data-end=\"810\">grande capacit\u00e0 di 1300 ml<\/strong> ti offre spazio sufficiente per proporre porzioni generose o men\u00f9 completi. Che sia per l&#8217;asporto, la consegna o per permettere ai tuoi clienti di portare via gli avanzi, questo <strong data-start=\"345\" data-end=\"409\">contenitore per pasti<\/strong> si adatta facilmente a tutte le situazioni. Inoltre, ci\u00f2 che ti semplifica davvero la vita \u00e8 la sua facilit\u00e0 d&#8217;uso: lo pieghi e lo chiudi in pochi secondi, senza sforzo n\u00e9 perdita di tempo.  <\/p>\n<p data-start=\"1229\" data-end=\"1590\">Inoltre, il suo materiale resistente sopporta molto bene sia i <strong>piatti caldi che freddi<\/strong>. Cos\u00ec, anche durante il trasporto, la scatola rimane stabile e mantiene i tuoi alimenti ben fermi. Il suo look tipico \u201c<strong>Doggy Bag<\/strong>\u201d <strong>americano<\/strong> aggiunge anche un tocco moderno e autentico ai tuoi imballaggi, il che trasmette un&#8217;immagine professionale e curata alla tua clientela.  <\/p>\n<p data-start=\"1592\" data-end=\"1886\">In pi\u00f9, \u00e8 venduto <strong data-start=\"1618\" data-end=\"1635\">in confezioni da 50<\/strong>, il che ti permette di gestire il tuo stock con maggiore serenit\u00e0. Guadagni in organizzazione, efficienza e comfort lavorativo quotidiano. In breve, questa scatola \u00e8 una scelta affidabile, versatile e piacevole da usare per tutti i tuoi piatti da asporto.  <\/p>\n<p data-start=\"1592\" data-end=\"1886\">\n<\/div>\n<\/div>\n<\/div>\n<p><!--more--><\/p>\n<p><strong>Vantaggi:<\/strong><\/p>\n<ul>\n<li data-start=\"1915\" data-end=\"1958\"><strong>2 scomparti<\/strong> per separare gli alimenti.<\/li>\n<li data-start=\"1961\" data-end=\"1991\">Grande capacit\u00e0 di<strong> 1300 ml<\/strong>.<\/li>\n<li data-start=\"1994\" data-end=\"2030\">Adatto a piatti caldi e freddi.<\/li>\n<li data-start=\"2033\" data-end=\"2061\">Chiusura rapida e affidabile.<\/li>\n<li data-start=\"2064\" data-end=\"2105\">Stile \u201c<strong>Doggy Bag<\/strong>\u201d moderno e di qualit\u00e0.<\/li>\n<li data-start=\"2108\" data-end=\"2144\"><strong>Lotto da 50<\/strong>: economico e pratico.<\/li>\n<\/ul>\n<p>&nbsp;<\/p>\n<p><!--more--><\/p>\n<h4>Altre informazioni:<\/h4>\n<ul>\n<li><strong>Confezionamento<\/strong>: Pacchetto da 50<\/li>\n<li><strong>Dimensioni<\/strong>: 135 x 170 x 65 mm<\/li>\n<li><strong>Volume<\/strong>: 1300 ml<\/li>\n<li><span style=\"font-weight: bold;\">Colore<\/span>: Marrone<\/li>\n<li><span style=\"font-weight: bold;\">Materiale<\/span>: Cartone<\/li>\n<\/ul>\n<p>&nbsp;<\/p>\n<\/div>\n<\/div>\n<\/div>\n<p><!--more--><\/p>\n<p>Questo contenitore per pasti doggy bag \u00e8 disponibile in diverse dimensioni: <span style=\"color: #d12727;\"><a style=\"color: #d12727;\" href=\"https:\/\/www.csj-emballages.com\/it\/produit\/contenitore-per-alimenti-americano-doggy-bag-780-ml-confezione-da-450\/\">780 ml<\/a><\/span> \/ <span style=\"color: #d12727;\"><a style=\"color: #d12727;\" href=\"https:\/\/www.csj-emballages.com\/it\/produit\/scatola-pasto-americana-doggy-bag-1500-ml-da-200\/\">1500 ml<\/a><\/span> \/ <span style=\"color: #d12727;\"><a style=\"color: #d12727;\" href=\"https:\/\/www.csj-emballages.com\/it\/produit\/scatola-pasto-americana-doggy-bag-2000-ml-da-200\/\">2000 ml<\/a><\/span> \/ <span style=\"color: #d12727;\"><a style=\"color: #d12727;\" href=\"https:\/\/www.csj-emballages.com\/it\/produit\/box-pasto-americana-doggy-bag-2800-ml-da-40\/\">2800 ml<\/a><\/span><\/p>\n<div style=\"font-family: Roboto, sans-serif;\">\n<div style=\"font-family: Roboto, sans-serif;\">\n<div style=\"font-family: Roboto, sans-serif;\">\n<p>&nbsp;<\/p>\n<p><!--more--><\/p>\n<p><a href=\"https:\/\/www.csj-emballages.com\/it\/categorie-produit\/imballaggi-alimentari\/ristorazione\/scatole-vaschette-buste-coni\/vaschette-scatole-in-cartone\/scatole-in-cartone-americane\/\">Consulta il resto della nostra gamma di scatole in cartone americane<\/a><\/p>\n<\/div>\n<\/div>\n<\/div>\n","protected":false},"excerpt":{"rendered":"<p>Box pasto Descrizione del nostro contenitore per pasti americano &#8220;Doggy Bag&#8221; 1300 ml in confezione da 450<\/p>\n","protected":false},"featured_media":267967,"template":"","meta":{"_acf_changed":false},"product_brand":[],"product_cat":[10346,10375,10444],"product_tag":[],"class_list":{"0":"post-267964","1":"product","2":"type-product","3":"status-publish","4":"has-post-thumbnail","6":"product_cat-imballaggi-alimentari","7":"product_cat-ristorazione","8":"product_cat-scatole-in-cartone-americane","10":"first","11":"instock","12":"taxable","13":"shipping-taxable","14":"purchasable","15":"product-type-simple"},"acf":[],"yoast_head":"<!-- This site is optimized with the Yoast SEO Premium plugin v26.6 (Yoast SEO v26.6) - https:\/\/yoast.com\/wordpress\/plugins\/seo\/ -->\n<title>Contenitore per pasti americano &quot;Doggy Bag&quot; 2 scomparti 1300 ml<\/title>\n<meta name=\"description\" content=\"Contenitore per alimenti americano 780 ml in kraft. Ideale per l&#039;asporto, robusto, pratico ed economico. Lotto da 450 unit\u00e0 per ristoratori.\" \/>\n<meta name=\"robots\" content=\"index, follow, max-snippet:-1, max-image-preview:large, max-video-preview:-1\" \/>\n<link rel=\"canonical\" href=\"https:\/\/www.csj-emballages.com\/it\/produit\/contenitore-per-pasti-americano-doggy-bag-2-scomparti-1300-ml-in-confezione-da-50\/\" \/>\n<meta property=\"og:locale\" content=\"it_IT\" \/>\n<meta property=\"og:type\" content=\"article\" \/>\n<meta property=\"og:title\" content=\"Contenitore per pasti americano &quot;Doggy Bag&quot; 2 scomparti 1300 ml in confezione da 50\" \/>\n<meta property=\"og:description\" content=\"Contenitore per alimenti americano 780 ml in kraft. Ideale per l&#039;asporto, robusto, pratico ed economico. Lotto da 450 unit\u00e0 per ristoratori.\" \/>\n<meta property=\"og:url\" content=\"https:\/\/www.csj-emballages.com\/it\/produit\/contenitore-per-pasti-americano-doggy-bag-2-scomparti-1300-ml-in-confezione-da-50\/\" \/>\n<meta property=\"og:site_name\" content=\"CSJ Emballages\" \/>\n<meta property=\"article:publisher\" content=\"https:\/\/www.facebook.com\/csjemballages\" \/>\n<meta property=\"article:modified_time\" content=\"2026-04-14T00:12:09+00:00\" \/>\n<meta property=\"og:image\" content=\"https:\/\/www.csj-emballages.com\/wp-content\/uploads\/2024\/03\/BAG1302GE.webp\" \/>\n\t<meta property=\"og:image:width\" content=\"800\" \/>\n\t<meta property=\"og:image:height\" content=\"800\" \/>\n\t<meta property=\"og:image:type\" content=\"image\/webp\" \/>\n<meta name=\"twitter:card\" content=\"summary_large_image\" \/>\n<meta name=\"twitter:label1\" content=\"Dur\u00e9e de lecture estim\u00e9e\" \/>\n\t<meta name=\"twitter:data1\" content=\"2 minuti\" \/>\n<script type=\"application\/ld+json\" class=\"yoast-schema-graph\">{\"@context\":\"https:\/\/schema.org\",\"@graph\":[{\"@type\":\"WebPage\",\"@id\":\"https:\/\/www.csj-emballages.com\/it\/produit\/contenitore-per-pasti-americano-doggy-bag-2-scomparti-1300-ml-in-confezione-da-50\/\",\"url\":\"https:\/\/www.csj-emballages.com\/it\/produit\/contenitore-per-pasti-americano-doggy-bag-2-scomparti-1300-ml-in-confezione-da-50\/\",\"name\":\"Contenitore per pasti americano \\\"Doggy Bag\\\" 2 scomparti 1300 ml\",\"isPartOf\":{\"@id\":\"https:\/\/www.csj-emballages.com\/it\/#website\"},\"primaryImageOfPage\":{\"@id\":\"https:\/\/www.csj-emballages.com\/it\/produit\/contenitore-per-pasti-americano-doggy-bag-2-scomparti-1300-ml-in-confezione-da-50\/#primaryimage\"},\"image\":{\"@id\":\"https:\/\/www.csj-emballages.com\/it\/produit\/contenitore-per-pasti-americano-doggy-bag-2-scomparti-1300-ml-in-confezione-da-50\/#primaryimage\"},\"thumbnailUrl\":\"https:\/\/www.csj-emballages.com\/wp-content\/uploads\/2024\/03\/BAG1302GE.webp\",\"datePublished\":\"2024-03-01T15:57:23+00:00\",\"dateModified\":\"2026-04-14T00:12:09+00:00\",\"description\":\"Contenitore per alimenti americano 780 ml in kraft. Ideale per l'asporto, robusto, pratico ed economico. Lotto da 450 unit\u00e0 per ristoratori.\",\"breadcrumb\":{\"@id\":\"https:\/\/www.csj-emballages.com\/it\/produit\/contenitore-per-pasti-americano-doggy-bag-2-scomparti-1300-ml-in-confezione-da-50\/#breadcrumb\"},\"inLanguage\":\"it-IT\",\"potentialAction\":[{\"@type\":\"ReadAction\",\"target\":[\"https:\/\/www.csj-emballages.com\/it\/produit\/contenitore-per-pasti-americano-doggy-bag-2-scomparti-1300-ml-in-confezione-da-50\/\"]}]},{\"@type\":\"ImageObject\",\"inLanguage\":\"it-IT\",\"@id\":\"https:\/\/www.csj-emballages.com\/it\/produit\/contenitore-per-pasti-americano-doggy-bag-2-scomparti-1300-ml-in-confezione-da-50\/#primaryimage\",\"url\":\"https:\/\/www.csj-emballages.com\/wp-content\/uploads\/2024\/03\/BAG1302GE.webp\",\"contentUrl\":\"https:\/\/www.csj-emballages.com\/wp-content\/uploads\/2024\/03\/BAG1302GE.webp\",\"width\":800,\"height\":800,\"caption\":\"Boite repas\"},{\"@type\":\"BreadcrumbList\",\"@id\":\"https:\/\/www.csj-emballages.com\/it\/produit\/contenitore-per-pasti-americano-doggy-bag-2-scomparti-1300-ml-in-confezione-da-50\/#breadcrumb\",\"itemListElement\":[{\"@type\":\"ListItem\",\"position\":1,\"name\":\"Home\",\"item\":\"https:\/\/www.csj-emballages.com\/it\/universo-imballaggi-alimentari\/\"},{\"@type\":\"ListItem\",\"position\":2,\"name\":\"Negozio\",\"item\":\"https:\/\/www.csj-emballages.com\/it\/negozio\/\"},{\"@type\":\"ListItem\",\"position\":3,\"name\":\"Contenitore per pasti americano \u00ab\u00a0Doggy Bag\u00a0\u00bb 2 scomparti 1300 ml in confezione da 50\"}]},{\"@type\":\"WebSite\",\"@id\":\"https:\/\/www.csj-emballages.com\/it\/#website\",\"url\":\"https:\/\/www.csj-emballages.com\/it\/\",\"name\":\"CSJ Emballages\",\"description\":\"\",\"publisher\":{\"@id\":\"https:\/\/www.csj-emballages.com\/it\/#organization\"},\"potentialAction\":[{\"@type\":\"SearchAction\",\"target\":{\"@type\":\"EntryPoint\",\"urlTemplate\":\"https:\/\/www.csj-emballages.com\/it\/?s={search_term_string}\"},\"query-input\":{\"@type\":\"PropertyValueSpecification\",\"valueRequired\":true,\"valueName\":\"search_term_string\"}}],\"inLanguage\":\"it-IT\"},{\"@type\":\"Organization\",\"@id\":\"https:\/\/www.csj-emballages.com\/it\/#Organization\/\",\"name\":\"CSJ Emballages\",\"url\":\"https:\/\/www.csj-emballages.com\/it\/\",\"logo\":{\"@type\":\"ImageObject\",\"inLanguage\":\"it-IT\",\"@id\":\"https:\/\/www.csj-emballages.com\/it\/#\/schema\/logo\/image\/\",\"url\":\"https:\/\/www.csj-emballages.com\/wp-content\/uploads\/2023\/10\/logo_csj.webp\",\"contentUrl\":\"https:\/\/www.csj-emballages.com\/wp-content\/uploads\/2023\/10\/logo_csj.webp\",\"width\":250,\"height\":95,\"caption\":\"CSJ Emballages\"},\"image\":{\"@id\":\"https:\/\/www.csj-emballages.com\/it\/#\/schema\/logo\/image\/\"},\"sameAs\":[\"https:\/\/www.facebook.com\/csjemballages\"],\"address\":{\"@type\":\"PostalAddress\",\"streetAddress\":\"ZI La Lechere\",\"addressLocality\":\"Patornay\",\"postalCode\":\"39130\",\"addressCountry\":\"FR\"},\"contactPoint\":[{\"@type\":\"ContactPoint\",\"contactType\":\"Service client\",\"telephone\":\"0384254272\",\"email\":\"contact@csj-emballages.com\"}]}]}<\/script>\n<!-- \/ Yoast SEO Premium plugin. -->","yoast_head_json":{"title":"Contenitore per pasti americano \"Doggy Bag\" 2 scomparti 1300 ml","description":"Contenitore per alimenti americano 780 ml in kraft. Ideale per l'asporto, robusto, pratico ed economico. Lotto da 450 unit\u00e0 per ristoratori.","robots":{"index":"index","follow":"follow","max-snippet":"max-snippet:-1","max-image-preview":"max-image-preview:large","max-video-preview":"max-video-preview:-1"},"canonical":"https:\/\/www.csj-emballages.com\/it\/produit\/contenitore-per-pasti-americano-doggy-bag-2-scomparti-1300-ml-in-confezione-da-50\/","og_locale":"it_IT","og_type":"article","og_title":"Contenitore per pasti americano \"Doggy Bag\" 2 scomparti 1300 ml in confezione da 50","og_description":"Contenitore per alimenti americano 780 ml in kraft. Ideale per l'asporto, robusto, pratico ed economico. Lotto da 450 unit\u00e0 per ristoratori.","og_url":"https:\/\/www.csj-emballages.com\/it\/produit\/contenitore-per-pasti-americano-doggy-bag-2-scomparti-1300-ml-in-confezione-da-50\/","og_site_name":"CSJ Emballages","article_publisher":"https:\/\/www.facebook.com\/csjemballages","article_modified_time":"2026-04-14T00:12:09+00:00","og_image":[{"width":800,"height":800,"url":"https:\/\/www.csj-emballages.com\/wp-content\/uploads\/2024\/03\/BAG1302GE.webp","type":"image\/webp"}],"twitter_card":"summary_large_image","twitter_misc":{"Dur\u00e9e de lecture estim\u00e9e":"2 minuti"},"schema":{"@context":"https:\/\/schema.org","@graph":[{"@type":"WebPage","@id":"https:\/\/www.csj-emballages.com\/it\/produit\/contenitore-per-pasti-americano-doggy-bag-2-scomparti-1300-ml-in-confezione-da-50\/","url":"https:\/\/www.csj-emballages.com\/it\/produit\/contenitore-per-pasti-americano-doggy-bag-2-scomparti-1300-ml-in-confezione-da-50\/","name":"Contenitore per pasti americano \"Doggy Bag\" 2 scomparti 1300 ml","isPartOf":{"@id":"https:\/\/www.csj-emballages.com\/it\/#website"},"primaryImageOfPage":{"@id":"https:\/\/www.csj-emballages.com\/it\/produit\/contenitore-per-pasti-americano-doggy-bag-2-scomparti-1300-ml-in-confezione-da-50\/#primaryimage"},"image":{"@id":"https:\/\/www.csj-emballages.com\/it\/produit\/contenitore-per-pasti-americano-doggy-bag-2-scomparti-1300-ml-in-confezione-da-50\/#primaryimage"},"thumbnailUrl":"https:\/\/www.csj-emballages.com\/wp-content\/uploads\/2024\/03\/BAG1302GE.webp","datePublished":"2024-03-01T15:57:23+00:00","dateModified":"2026-04-14T00:12:09+00:00","description":"Contenitore per alimenti americano 780 ml in kraft. Ideale per l'asporto, robusto, pratico ed economico. Lotto da 450 unit\u00e0 per ristoratori.","breadcrumb":{"@id":"https:\/\/www.csj-emballages.com\/it\/produit\/contenitore-per-pasti-americano-doggy-bag-2-scomparti-1300-ml-in-confezione-da-50\/#breadcrumb"},"inLanguage":"it-IT","potentialAction":[{"@type":"ReadAction","target":["https:\/\/www.csj-emballages.com\/it\/produit\/contenitore-per-pasti-americano-doggy-bag-2-scomparti-1300-ml-in-confezione-da-50\/"]}]},{"@type":"ImageObject","inLanguage":"it-IT","@id":"https:\/\/www.csj-emballages.com\/it\/produit\/contenitore-per-pasti-americano-doggy-bag-2-scomparti-1300-ml-in-confezione-da-50\/#primaryimage","url":"https:\/\/www.csj-emballages.com\/wp-content\/uploads\/2024\/03\/BAG1302GE.webp","contentUrl":"https:\/\/www.csj-emballages.com\/wp-content\/uploads\/2024\/03\/BAG1302GE.webp","width":800,"height":800,"caption":"Boite repas"},{"@type":"BreadcrumbList","@id":"https:\/\/www.csj-emballages.com\/it\/produit\/contenitore-per-pasti-americano-doggy-bag-2-scomparti-1300-ml-in-confezione-da-50\/#breadcrumb","itemListElement":[{"@type":"ListItem","position":1,"name":"Home","item":"https:\/\/www.csj-emballages.com\/it\/universo-imballaggi-alimentari\/"},{"@type":"ListItem","position":2,"name":"Negozio","item":"https:\/\/www.csj-emballages.com\/it\/negozio\/"},{"@type":"ListItem","position":3,"name":"Contenitore per pasti americano \u00ab\u00a0Doggy Bag\u00a0\u00bb 2 scomparti 1300 ml in confezione da 50"}]},{"@type":"WebSite","@id":"https:\/\/www.csj-emballages.com\/it\/#website","url":"https:\/\/www.csj-emballages.com\/it\/","name":"CSJ Emballages","description":"","publisher":{"@id":"https:\/\/www.csj-emballages.com\/it\/#organization"},"potentialAction":[{"@type":"SearchAction","target":{"@type":"EntryPoint","urlTemplate":"https:\/\/www.csj-emballages.com\/it\/?s={search_term_string}"},"query-input":{"@type":"PropertyValueSpecification","valueRequired":true,"valueName":"search_term_string"}}],"inLanguage":"it-IT"},{"@type":"Organization","@id":"https:\/\/www.csj-emballages.com\/it\/#Organization\/","name":"CSJ Emballages","url":"https:\/\/www.csj-emballages.com\/it\/","logo":{"@type":"ImageObject","inLanguage":"it-IT","@id":"https:\/\/www.csj-emballages.com\/it\/#\/schema\/logo\/image\/","url":"https:\/\/www.csj-emballages.com\/wp-content\/uploads\/2023\/10\/logo_csj.webp","contentUrl":"https:\/\/www.csj-emballages.com\/wp-content\/uploads\/2023\/10\/logo_csj.webp","width":250,"height":95,"caption":"CSJ Emballages"},"image":{"@id":"https:\/\/www.csj-emballages.com\/it\/#\/schema\/logo\/image\/"},"sameAs":["https:\/\/www.facebook.com\/csjemballages"],"address":{"@type":"PostalAddress","streetAddress":"ZI La Lechere","addressLocality":"Patornay","postalCode":"39130","addressCountry":"FR"},"contactPoint":[{"@type":"ContactPoint","contactType":"Service client","telephone":"0384254272","email":"contact@csj-emballages.com"}]}]}},"df_price":19.25,"df_sale_price":"","df_regular_price":19.25,"df_image_link":"https:\/\/www.csj-emballages.com\/wp-content\/uploads\/2024\/03\/BAG1302GE-300x300.webp","tiered_pricing_type":"fixed","tiered_pricing_fixed_rules":[],"tiered_pricing_percentage_rules":[],"tiered_pricing_minimum":1,"tiered_pricing_roles_data":[],"_links":{"self":[{"href":"https:\/\/www.csj-emballages.com\/it\/wp-json\/wp\/v2\/product\/267964","targetHints":{"allow":["GET"]}}],"collection":[{"href":"https:\/\/www.csj-emballages.com\/it\/wp-json\/wp\/v2\/product"}],"about":[{"href":"https:\/\/www.csj-emballages.com\/it\/wp-json\/wp\/v2\/types\/product"}],"wp:featuredmedia":[{"embeddable":true,"href":"https:\/\/www.csj-emballages.com\/it\/wp-json\/wp\/v2\/media\/267967"}],"wp:attachment":[{"href":"https:\/\/www.csj-emballages.com\/it\/wp-json\/wp\/v2\/media?parent=267964"}],"wp:term":[{"taxonomy":"product_brand","embeddable":true,"href":"https:\/\/www.csj-emballages.com\/it\/wp-json\/wp\/v2\/product_brand?post=267964"},{"taxonomy":"product_cat","embeddable":true,"href":"https:\/\/www.csj-emballages.com\/it\/wp-json\/wp\/v2\/product_cat?post=267964"},{"taxonomy":"product_tag","embeddable":true,"href":"https:\/\/www.csj-emballages.com\/it\/wp-json\/wp\/v2\/product_tag?post=267964"}],"curies":[{"name":"wp","href":"https:\/\/api.w.org\/{rel}","templated":true}]}}