{"id":267947,"date":"2024-03-01T16:57:14","date_gmt":"2024-03-01T15:57:14","guid":{"rendered":"https:\/\/www.csj-emballages.com\/produit\/scatola-per-macarons-rosa-in-cartone-per-12-16-macarons\/"},"modified":"2026-04-10T02:11:22","modified_gmt":"2026-04-10T00:11:22","slug":"scatola-per-macarons-rosa-in-cartone-per-12-16-macarons","status":"publish","type":"product","link":"https:\/\/www.csj-emballages.com\/it\/produit\/scatola-per-macarons-rosa-in-cartone-per-12-16-macarons\/","title":{"rendered":"Scatola per macarons rosa in cartone per 12 \/ 16 macarons"},"content":{"rendered":"<h2>Scatola macaron<\/h2>\n<hr>\n<h3>Descrizione della nostra scatola per macarons rosa in cartone per 12 \/ 16 macarons<\/h3>\n<p><!--more--><\/p>\n<p data-start=\"110\" data-end=\"543\">Regalare dei <strong>macarons<\/strong> significa regalare un momento di eleganza e raffinatezza. Con questa <strong data-start=\"196\" data-end=\"230\">scatola per macarons rosa in cartone<\/strong>, hai a disposizione un imballaggio pratico ed estetico, pensato appositamente per valorizzare le tue creazioni dolci. Infatti, con una capacit\u00e0 da <strong data-start=\"377\" data-end=\"397\">12 a 16 macarons<\/strong>, risponde alle esigenze di pasticceri, cioccolatieri e artigiani che desiderano presentare le loro prelibatezze in un contenitore professionale e chic.  <\/p>\n<p data-start=\"545\" data-end=\"916\">Realizzata in <strong data-start=\"558\" data-end=\"586\">cartone<\/strong>, questa <strong>scatola con finestra<\/strong> protegge efficacemente i tuoi <strong>macarons<\/strong> garantendo al contempo un trasporto sicuro, senza rischio di schiacciamento. La sua finitura <strong>rosa<\/strong>, vivace e colorata, si adatta a tutte le atmosfere: valorizza sia i colori vivaci dei macarons alla frutta che le tonalit\u00e0 pi\u00f9 raffinate delle ricette al cioccolato, al pistacchio o al caff\u00e8. <\/p>\n<p data-start=\"918\" data-end=\"1234\">Versatile, questa <strong>scatola per macarons<\/strong> pu\u00f2 essere utilizzata sia per la vendita in negozio che per eventi speciali: matrimoni, compleanni, feste di fine anno o regali aziendali. Grazie al suo formato adatto, permette una presentazione allineata e armoniosa dei <strong>macarons<\/strong>, che rimangono perfettamente in posizione. <\/p>\n<p data-start=\"1236\" data-end=\"1481\">Scegliendo questo imballaggio, associ praticit\u00e0 e immagine di alta gamma. La sua realizzazione in <strong>cartone<\/strong> <strong>riciclabile<\/strong> si inserisce inoltre in un approccio rispettoso dell&#8217;ambiente, in linea con le aspettative attuali dei consumatori. <\/p>\n<p data-start=\"1483\" data-end=\"1704\">Con questa <strong data-start=\"1494\" data-end=\"1536\">scatola per macarons rosa per 12\/16 pezzi<\/strong>, scegli un imballaggio che valorizza il tuo know-how artigianale garantendo al contempo un&#8217;esperienza cliente impeccabile, dal banco fino alla degustazione.<\/p>\n<p data-start=\"1483\" data-end=\"1704\">\n<p data-start=\"1483\" data-end=\"1704\"><!--more--><\/p>\n<h4 data-start=\"1423\" data-end=\"1694\">Vantaggi:<\/h4>\n<ul>\n<li data-start=\"1423\" data-end=\"1694\">Finitura <strong data-start=\"1932\" data-end=\"1941\">rosa<\/strong> che valorizza i tuoi macarons.<\/li>\n<li data-start=\"1423\" data-end=\"1694\">Capacit\u00e0 ideale di <strong data-start=\"1998\" data-end=\"2013\">12\/16 macarons.<\/strong><\/li>\n<li data-start=\"1423\" data-end=\"1694\"><strong data-start=\"2018\" data-end=\"2035\">Cartone rigido<\/strong> resistente e di qualit\u00e0 alimentare.<\/li>\n<li data-start=\"1423\" data-end=\"1694\">Imballaggio <strong data-start=\"2141\" data-end=\"2155\">riciclabile<\/strong> e rispettoso dell&#8217;ambiente.<\/li>\n<li data-start=\"1423\" data-end=\"1694\">Presentazione professionale per negozio, eventi o regali.<\/li>\n<\/ul>\n<p>&nbsp;<\/p>\n<p><!--more--><\/p>\n<h4>Altre informazioni:<\/h4>\n<ul style=\"box-sizing: inherit; font-family: Roboto, sans-serif;\">\n<li><strong>Confezione<\/strong>: Venduta singolarmente<\/li>\n<li><span style=\"font-weight: bold;\">Dimensione<\/span>: 175 x 120 x 55 (L x l x H in mm)<\/li>\n<li><strong>Materiale<\/strong>: Cartone + PET<\/li>\n<li><strong>Colore<\/strong>: Rosa<\/li>\n<li><strong>Capacit\u00e0<\/strong>: 12\/16 macarons<\/li>\n<li><strong>Opzione<\/strong>: Scatola progettata con finestra<\/li>\n<\/ul>\n<p>&nbsp;<\/p>\n<p><!--more--><\/p>\n<p>Disponibile in diversi colori: <span style=\"color: #d12727;\"><a style=\"color: #d12727;\" href=\"https:\/\/www.csj-emballages.com\/it\/produit\/scatola-per-12-16-macaron-in-cartone-arancione\/\">Arancione<\/a><\/span> \/ <span style=\"color: #d12727;\"><a style=\"color: #d12727;\" href=\"https:\/\/www.csj-emballages.com\/it\/produit\/scatola-per-macarons-nera-in-cartone-per-12-16-macarons\/\">Nero<\/a><\/span> \/ <span style=\"color: #d12727;\"><a style=\"color: #d12727;\" href=\"https:\/\/www.csj-emballages.com\/it\/produit\/scatola-macaron-verde-in-cartone-per-12-16-macaron\/\">Verde<\/a><\/span> \/ <span style=\"color: #d12727;\"><a style=\"color: #d12727;\" href=\"https:\/\/www.csj-emballages.com\/it\/produit\/scatola-per-macaron-parma-per-12-16-macaron-in-cartone\/\">Parme<\/a><\/span><\/p>\n<p>&nbsp;<\/p>\n<p><!--more--><\/p>\n<p>Trova qui i nostri due tipi di vassoi per macarons compatibili con questa scatola: <span style=\"color: #d12727;\"><a style=\"color: #d12727;\" href=\"https:\/\/www.csj-emballages.com\/produit\/50-calages-noir-plastique-16-macarons-pour-boite\/\">CALBM12NOIR<\/a><\/span> (Nero) \/ <span style=\"color: #d12727;\"><a style=\"color: #d12727;\" href=\"https:\/\/www.csj-emballages.com\/produit\/50-calages-transparent-plastique-16-macarons-pour-boite\/\">CALBM12TRAN<\/a> <span style=\"color: #000000;\">(Trasparente)<\/span><\/span><\/p>\n<p>&nbsp;<\/p>\n<p><!--more--><\/p>\n<p><a href=\"https:\/\/www.csj-emballages.com\/it\/categorie-produit\/imballaggi-alimentari\/panetteria-pasticceria\/scatola-e-astuccio\/scatole-astucci\/scatole-inserti-macaron\/scatole-macaron-2\/\">Consulta il resto della nostra gamma di scatole per macarons<\/a><\/p>\n","protected":false},"excerpt":{"rendered":"<p>Scatola macaron Descrizione della nostra scatola per macarons rosa in cartone per 12 \/ 16 macarons<\/p>\n","protected":false},"featured_media":267949,"template":"","meta":{"_acf_changed":false},"product_brand":[],"product_cat":[10346,10344,10388,10640,10642,10526],"product_tag":[],"class_list":{"0":"post-267947","1":"product","2":"type-product","3":"status-publish","4":"has-post-thumbnail","6":"product_cat-imballaggi-alimentari","7":"product_cat-panetteria-pasticceria","8":"product_cat-scatole-astucci","9":"product_cat-scatole-inserti-macaron","10":"product_cat-scatole-macaron-2","11":"product_cat-scatole-con-finestra","13":"first","14":"instock","15":"taxable","16":"shipping-taxable","17":"purchasable","18":"product-type-simple"},"acf":[],"yoast_head":"<!-- This site is optimized with the Yoast SEO Premium plugin v26.6 (Yoast SEO v26.6) - https:\/\/yoast.com\/wordpress\/plugins\/seo\/ -->\n<title>Scatola per Macarons Rosa in Cartone per 12 \/ 16 Macarons<\/title>\n<meta name=\"description\" content=\"Scopri la scatola per macarons rosa per 16 macarons in cartone. Questa scatola protegge i tuoi macarons offrendo al contempo una bella presentazione.\" \/>\n<meta name=\"robots\" content=\"index, follow, max-snippet:-1, max-image-preview:large, max-video-preview:-1\" \/>\n<link rel=\"canonical\" href=\"https:\/\/www.csj-emballages.com\/it\/produit\/scatola-per-macarons-rosa-in-cartone-per-12-16-macarons\/\" \/>\n<meta property=\"og:locale\" content=\"it_IT\" \/>\n<meta property=\"og:type\" content=\"article\" \/>\n<meta property=\"og:title\" content=\"Scatola per macarons rosa in cartone per 12 \/ 16 macarons\" \/>\n<meta property=\"og:description\" content=\"Scopri la scatola per macarons rosa per 16 macarons in cartone. Questa scatola protegge i tuoi macarons offrendo al contempo una bella presentazione.\" \/>\n<meta property=\"og:url\" content=\"https:\/\/www.csj-emballages.com\/it\/produit\/scatola-per-macarons-rosa-in-cartone-per-12-16-macarons\/\" \/>\n<meta property=\"og:site_name\" content=\"CSJ Emballages\" \/>\n<meta property=\"article:publisher\" content=\"https:\/\/www.facebook.com\/csjemballages\" \/>\n<meta property=\"article:modified_time\" content=\"2026-04-10T00:11:22+00:00\" \/>\n<meta property=\"og:image\" content=\"https:\/\/www.csj-emballages.com\/wp-content\/uploads\/2024\/03\/BM12ROSE-1.webp\" \/>\n\t<meta property=\"og:image:width\" content=\"800\" \/>\n\t<meta property=\"og:image:height\" content=\"800\" \/>\n\t<meta property=\"og:image:type\" content=\"image\/webp\" \/>\n<meta name=\"twitter:card\" content=\"summary_large_image\" \/>\n<meta name=\"twitter:label1\" content=\"Dur\u00e9e de lecture estim\u00e9e\" \/>\n\t<meta name=\"twitter:data1\" content=\"2 minuti\" \/>\n<script type=\"application\/ld+json\" class=\"yoast-schema-graph\">{\"@context\":\"https:\/\/schema.org\",\"@graph\":[{\"@type\":\"WebPage\",\"@id\":\"https:\/\/www.csj-emballages.com\/it\/produit\/scatola-per-macarons-rosa-in-cartone-per-12-16-macarons\/\",\"url\":\"https:\/\/www.csj-emballages.com\/it\/produit\/scatola-per-macarons-rosa-in-cartone-per-12-16-macarons\/\",\"name\":\"Scatola per Macarons Rosa in Cartone per 12 \/ 16 Macarons\",\"isPartOf\":{\"@id\":\"https:\/\/www.csj-emballages.com\/it\/#website\"},\"primaryImageOfPage\":{\"@id\":\"https:\/\/www.csj-emballages.com\/it\/produit\/scatola-per-macarons-rosa-in-cartone-per-12-16-macarons\/#primaryimage\"},\"image\":{\"@id\":\"https:\/\/www.csj-emballages.com\/it\/produit\/scatola-per-macarons-rosa-in-cartone-per-12-16-macarons\/#primaryimage\"},\"thumbnailUrl\":\"https:\/\/www.csj-emballages.com\/wp-content\/uploads\/2024\/03\/BM12ROSE-1.webp\",\"datePublished\":\"2024-03-01T15:57:14+00:00\",\"dateModified\":\"2026-04-10T00:11:22+00:00\",\"description\":\"Scopri la scatola per macarons rosa per 16 macarons in cartone. Questa scatola protegge i tuoi macarons offrendo al contempo una bella presentazione.\",\"breadcrumb\":{\"@id\":\"https:\/\/www.csj-emballages.com\/it\/produit\/scatola-per-macarons-rosa-in-cartone-per-12-16-macarons\/#breadcrumb\"},\"inLanguage\":\"it-IT\",\"potentialAction\":[{\"@type\":\"ReadAction\",\"target\":[\"https:\/\/www.csj-emballages.com\/it\/produit\/scatola-per-macarons-rosa-in-cartone-per-12-16-macarons\/\"]}]},{\"@type\":\"ImageObject\",\"inLanguage\":\"it-IT\",\"@id\":\"https:\/\/www.csj-emballages.com\/it\/produit\/scatola-per-macarons-rosa-in-cartone-per-12-16-macarons\/#primaryimage\",\"url\":\"https:\/\/www.csj-emballages.com\/wp-content\/uploads\/2024\/03\/BM12ROSE-1.webp\",\"contentUrl\":\"https:\/\/www.csj-emballages.com\/wp-content\/uploads\/2024\/03\/BM12ROSE-1.webp\",\"width\":800,\"height\":800,\"caption\":\"Boite macarons\"},{\"@type\":\"BreadcrumbList\",\"@id\":\"https:\/\/www.csj-emballages.com\/it\/produit\/scatola-per-macarons-rosa-in-cartone-per-12-16-macarons\/#breadcrumb\",\"itemListElement\":[{\"@type\":\"ListItem\",\"position\":1,\"name\":\"Home\",\"item\":\"https:\/\/www.csj-emballages.com\/it\/universo-imballaggi-alimentari\/\"},{\"@type\":\"ListItem\",\"position\":2,\"name\":\"Negozio\",\"item\":\"https:\/\/www.csj-emballages.com\/it\/negozio\/\"},{\"@type\":\"ListItem\",\"position\":3,\"name\":\"Scatola per macarons rosa in cartone per 12 \/ 16 macarons\"}]},{\"@type\":\"WebSite\",\"@id\":\"https:\/\/www.csj-emballages.com\/it\/#website\",\"url\":\"https:\/\/www.csj-emballages.com\/it\/\",\"name\":\"CSJ Emballages\",\"description\":\"\",\"publisher\":{\"@id\":\"https:\/\/www.csj-emballages.com\/it\/#organization\"},\"potentialAction\":[{\"@type\":\"SearchAction\",\"target\":{\"@type\":\"EntryPoint\",\"urlTemplate\":\"https:\/\/www.csj-emballages.com\/it\/?s={search_term_string}\"},\"query-input\":{\"@type\":\"PropertyValueSpecification\",\"valueRequired\":true,\"valueName\":\"search_term_string\"}}],\"inLanguage\":\"it-IT\"},{\"@type\":\"Organization\",\"@id\":\"https:\/\/www.csj-emballages.com\/it\/#Organization\/\",\"name\":\"CSJ Emballages\",\"url\":\"https:\/\/www.csj-emballages.com\/it\/\",\"logo\":{\"@type\":\"ImageObject\",\"inLanguage\":\"it-IT\",\"@id\":\"https:\/\/www.csj-emballages.com\/it\/#\/schema\/logo\/image\/\",\"url\":\"https:\/\/www.csj-emballages.com\/wp-content\/uploads\/2023\/10\/logo_csj.webp\",\"contentUrl\":\"https:\/\/www.csj-emballages.com\/wp-content\/uploads\/2023\/10\/logo_csj.webp\",\"width\":250,\"height\":95,\"caption\":\"CSJ Emballages\"},\"image\":{\"@id\":\"https:\/\/www.csj-emballages.com\/it\/#\/schema\/logo\/image\/\"},\"sameAs\":[\"https:\/\/www.facebook.com\/csjemballages\"],\"address\":{\"@type\":\"PostalAddress\",\"streetAddress\":\"ZI La Lechere\",\"addressLocality\":\"Patornay\",\"postalCode\":\"39130\",\"addressCountry\":\"FR\"},\"contactPoint\":[{\"@type\":\"ContactPoint\",\"contactType\":\"Service client\",\"telephone\":\"0384254272\",\"email\":\"contact@csj-emballages.com\"}]}]}<\/script>\n<!-- \/ Yoast SEO Premium plugin. -->","yoast_head_json":{"title":"Scatola per Macarons Rosa in Cartone per 12 \/ 16 Macarons","description":"Scopri la scatola per macarons rosa per 16 macarons in cartone. Questa scatola protegge i tuoi macarons offrendo al contempo una bella presentazione.","robots":{"index":"index","follow":"follow","max-snippet":"max-snippet:-1","max-image-preview":"max-image-preview:large","max-video-preview":"max-video-preview:-1"},"canonical":"https:\/\/www.csj-emballages.com\/it\/produit\/scatola-per-macarons-rosa-in-cartone-per-12-16-macarons\/","og_locale":"it_IT","og_type":"article","og_title":"Scatola per macarons rosa in cartone per 12 \/ 16 macarons","og_description":"Scopri la scatola per macarons rosa per 16 macarons in cartone. Questa scatola protegge i tuoi macarons offrendo al contempo una bella presentazione.","og_url":"https:\/\/www.csj-emballages.com\/it\/produit\/scatola-per-macarons-rosa-in-cartone-per-12-16-macarons\/","og_site_name":"CSJ Emballages","article_publisher":"https:\/\/www.facebook.com\/csjemballages","article_modified_time":"2026-04-10T00:11:22+00:00","og_image":[{"width":800,"height":800,"url":"https:\/\/www.csj-emballages.com\/wp-content\/uploads\/2024\/03\/BM12ROSE-1.webp","type":"image\/webp"}],"twitter_card":"summary_large_image","twitter_misc":{"Dur\u00e9e de lecture estim\u00e9e":"2 minuti"},"schema":{"@context":"https:\/\/schema.org","@graph":[{"@type":"WebPage","@id":"https:\/\/www.csj-emballages.com\/it\/produit\/scatola-per-macarons-rosa-in-cartone-per-12-16-macarons\/","url":"https:\/\/www.csj-emballages.com\/it\/produit\/scatola-per-macarons-rosa-in-cartone-per-12-16-macarons\/","name":"Scatola per Macarons Rosa in Cartone per 12 \/ 16 Macarons","isPartOf":{"@id":"https:\/\/www.csj-emballages.com\/it\/#website"},"primaryImageOfPage":{"@id":"https:\/\/www.csj-emballages.com\/it\/produit\/scatola-per-macarons-rosa-in-cartone-per-12-16-macarons\/#primaryimage"},"image":{"@id":"https:\/\/www.csj-emballages.com\/it\/produit\/scatola-per-macarons-rosa-in-cartone-per-12-16-macarons\/#primaryimage"},"thumbnailUrl":"https:\/\/www.csj-emballages.com\/wp-content\/uploads\/2024\/03\/BM12ROSE-1.webp","datePublished":"2024-03-01T15:57:14+00:00","dateModified":"2026-04-10T00:11:22+00:00","description":"Scopri la scatola per macarons rosa per 16 macarons in cartone. Questa scatola protegge i tuoi macarons offrendo al contempo una bella presentazione.","breadcrumb":{"@id":"https:\/\/www.csj-emballages.com\/it\/produit\/scatola-per-macarons-rosa-in-cartone-per-12-16-macarons\/#breadcrumb"},"inLanguage":"it-IT","potentialAction":[{"@type":"ReadAction","target":["https:\/\/www.csj-emballages.com\/it\/produit\/scatola-per-macarons-rosa-in-cartone-per-12-16-macarons\/"]}]},{"@type":"ImageObject","inLanguage":"it-IT","@id":"https:\/\/www.csj-emballages.com\/it\/produit\/scatola-per-macarons-rosa-in-cartone-per-12-16-macarons\/#primaryimage","url":"https:\/\/www.csj-emballages.com\/wp-content\/uploads\/2024\/03\/BM12ROSE-1.webp","contentUrl":"https:\/\/www.csj-emballages.com\/wp-content\/uploads\/2024\/03\/BM12ROSE-1.webp","width":800,"height":800,"caption":"Boite macarons"},{"@type":"BreadcrumbList","@id":"https:\/\/www.csj-emballages.com\/it\/produit\/scatola-per-macarons-rosa-in-cartone-per-12-16-macarons\/#breadcrumb","itemListElement":[{"@type":"ListItem","position":1,"name":"Home","item":"https:\/\/www.csj-emballages.com\/it\/universo-imballaggi-alimentari\/"},{"@type":"ListItem","position":2,"name":"Negozio","item":"https:\/\/www.csj-emballages.com\/it\/negozio\/"},{"@type":"ListItem","position":3,"name":"Scatola per macarons rosa in cartone per 12 \/ 16 macarons"}]},{"@type":"WebSite","@id":"https:\/\/www.csj-emballages.com\/it\/#website","url":"https:\/\/www.csj-emballages.com\/it\/","name":"CSJ Emballages","description":"","publisher":{"@id":"https:\/\/www.csj-emballages.com\/it\/#organization"},"potentialAction":[{"@type":"SearchAction","target":{"@type":"EntryPoint","urlTemplate":"https:\/\/www.csj-emballages.com\/it\/?s={search_term_string}"},"query-input":{"@type":"PropertyValueSpecification","valueRequired":true,"valueName":"search_term_string"}}],"inLanguage":"it-IT"},{"@type":"Organization","@id":"https:\/\/www.csj-emballages.com\/it\/#Organization\/","name":"CSJ Emballages","url":"https:\/\/www.csj-emballages.com\/it\/","logo":{"@type":"ImageObject","inLanguage":"it-IT","@id":"https:\/\/www.csj-emballages.com\/it\/#\/schema\/logo\/image\/","url":"https:\/\/www.csj-emballages.com\/wp-content\/uploads\/2023\/10\/logo_csj.webp","contentUrl":"https:\/\/www.csj-emballages.com\/wp-content\/uploads\/2023\/10\/logo_csj.webp","width":250,"height":95,"caption":"CSJ Emballages"},"image":{"@id":"https:\/\/www.csj-emballages.com\/it\/#\/schema\/logo\/image\/"},"sameAs":["https:\/\/www.facebook.com\/csjemballages"],"address":{"@type":"PostalAddress","streetAddress":"ZI La Lechere","addressLocality":"Patornay","postalCode":"39130","addressCountry":"FR"},"contactPoint":[{"@type":"ContactPoint","contactType":"Service client","telephone":"0384254272","email":"contact@csj-emballages.com"}]}]}},"df_price":0.74,"df_sale_price":"","df_regular_price":0.74,"df_image_link":"https:\/\/www.csj-emballages.com\/wp-content\/uploads\/2024\/03\/BM12ROSE-1-300x300.webp","tiered_pricing_type":"fixed","tiered_pricing_fixed_rules":[],"tiered_pricing_percentage_rules":[],"tiered_pricing_minimum":1,"tiered_pricing_roles_data":[],"_links":{"self":[{"href":"https:\/\/www.csj-emballages.com\/it\/wp-json\/wp\/v2\/product\/267947","targetHints":{"allow":["GET"]}}],"collection":[{"href":"https:\/\/www.csj-emballages.com\/it\/wp-json\/wp\/v2\/product"}],"about":[{"href":"https:\/\/www.csj-emballages.com\/it\/wp-json\/wp\/v2\/types\/product"}],"wp:featuredmedia":[{"embeddable":true,"href":"https:\/\/www.csj-emballages.com\/it\/wp-json\/wp\/v2\/media\/267949"}],"wp:attachment":[{"href":"https:\/\/www.csj-emballages.com\/it\/wp-json\/wp\/v2\/media?parent=267947"}],"wp:term":[{"taxonomy":"product_brand","embeddable":true,"href":"https:\/\/www.csj-emballages.com\/it\/wp-json\/wp\/v2\/product_brand?post=267947"},{"taxonomy":"product_cat","embeddable":true,"href":"https:\/\/www.csj-emballages.com\/it\/wp-json\/wp\/v2\/product_cat?post=267947"},{"taxonomy":"product_tag","embeddable":true,"href":"https:\/\/www.csj-emballages.com\/it\/wp-json\/wp\/v2\/product_tag?post=267947"}],"curies":[{"name":"wp","href":"https:\/\/api.w.org\/{rel}","templated":true}]}}