{"id":267935,"date":"2024-03-01T16:57:22","date_gmt":"2024-03-01T15:57:22","guid":{"rendered":"https:\/\/www.csj-emballages.com\/produit\/ballotin-rubino-lusso-250-grammi-con-fondo-in-cartone-da-25\/"},"modified":"2026-03-12T16:11:04","modified_gmt":"2026-03-12T15:11:04","slug":"ballotin-rubino-lusso-250-grammi-con-fondo-in-cartone-da-25","status":"publish","type":"product","link":"https:\/\/www.csj-emballages.com\/it\/produit\/ballotin-rubino-lusso-250-grammi-con-fondo-in-cartone-da-25\/","title":{"rendered":"Ballotin rubino lusso 250 grammi con fondo in cartone, da 25"},"content":{"rendered":"<h2>Ballotin rubino<\/h2>\n<hr>\n<h3>Descrizione del nostro ballotin rubino 250 grammi con fondo in cartone, da 25<\/h3>\n<p><!--more--><\/p>\n<p data-start=\"95\" data-end=\"627\">Offri una presentazione elegante e raffinata ai tuoi <strong>cioccolatini, confetteria o piccoli regali golosi<\/strong> con il nostro <strong data-start=\"208\" data-end=\"268\">ballotin rubino 250 grammi con fondo in cartone, da 25<\/strong>. Progettato appositamente per artigiani cioccolatieri, pasticceri e commercianti che vogliono valorizzare le proprie creazioni, questo <strong>ballotin rosso<\/strong> unisce praticit\u00e0 ed estetica. La finitura <strong>rubino<\/strong> gli dona una <strong>brillantezza discreta<\/strong> e <strong>festiva<\/strong>, ideale per i periodi di festa come Natale, Pasqua, San Valentino o anche matrimoni ed eventi aziendali.  <\/p>\n<p data-start=\"629\" data-end=\"1004\">Con una capacit\u00e0 di <strong data-start=\"650\" data-end=\"665\">250 grammi<\/strong>, questo <strong>ballotin<\/strong> permette di confezionare una bella selezione di <strong>cioccolatini<\/strong> o di <strong>confetteria assortita<\/strong>. Il <strong data-start=\"756\" data-end=\"780\">fondo in cartone rinforzato<\/strong> assicura un\u2019ottima stabilit\u00e0 e una buona resistenza al peso, preservando i tuoi prodotti durante il trasporto. La qualit\u00e0 del <strong>cartone<\/strong> garantisce inoltre una protezione ottimale contro l\u2019umidit\u00e0 e i piccoli urti.  <\/p>\n<p data-start=\"1006\" data-end=\"1364\">Confezionato <strong data-start=\"1018\" data-end=\"1035\">in lotti da 25<\/strong>, questo <strong>ballotin<\/strong> \u00e8 una scelta pratica ed economica per i professionisti che vogliono avere una scorta adatta alle esigenze quotidiane del negozio. Facile da montare, fa risparmiare tempo nella preparazione degli ordini e si adatta a diversi stili di nastri o etichette per una personalizzazione unica. <\/p>\n<p data-start=\"1366\" data-end=\"1637\">Che tu sia artigiano, rivenditore o organizzatore di eventi, il <strong data-start=\"1433\" data-end=\"1463\">ballotin rubino 250 g<\/strong> dar\u00e0 un tocco chic e professionale ai tuoi imballaggi. La sua elegante sobriet\u00e0 valorizzer\u00e0 le tue creazioni, rafforzando l\u2019immagine di qualit\u00e0 del tuo brand. <\/p>\n<p data-start=\"1423\" data-end=\"1694\"><!--more--><\/p>\n<h4 data-start=\"1423\" data-end=\"1694\">Vantaggi:<\/h4>\n<ul>\n<li data-start=\"1423\" data-end=\"1694\"><strong data-start=\"1857\" data-end=\"1876\">Finitura rubino<\/strong> elegante e festiva per valorizzare i tuoi prodotti.<\/li>\n<li data-start=\"1423\" data-end=\"1694\"><strong data-start=\"1928\" data-end=\"1946\">Capacit\u00e0 250 g<\/strong>, ideale per cioccolatini e confetteria.<\/li>\n<li data-start=\"1423\" data-end=\"1694\">Fondo in cartone rinforzato per maggiore stabilit\u00e0 e resistenza.<\/li>\n<li data-start=\"1423\" data-end=\"1694\"><strong data-start=\"2061\" data-end=\"2083\">Confezionato da 25<\/strong>, pratico ed economico per i professionisti.<\/li>\n<li data-start=\"1423\" data-end=\"1694\">Facile da personalizzare con <span style=\"color: #d12727;\"><a style=\"color: #d12727;\" href=\"https:\/\/www.csj-emballages.com\/it\/categorie-produit\/accessori-decorativi\/\">nastri<\/a><\/span>, <span style=\"color: #d12727;\"><a style=\"color: #d12727;\" href=\"https:\/\/www.csj-emballages.com\/categorie-produit\/imballaggi-alimentari\/panetteria-pasticceria\/accessoires-et-equipements\/etiquettes\/\">etichette<\/a><\/span> o sticker.<\/li>\n<li data-start=\"1423\" data-end=\"1694\">Perfetto per eventi, feste e regali golosi<strong data-start=\"2230\" data-end=\"2272\">.<\/strong><\/li>\n<\/ul>\n<p>&nbsp;<\/p>\n<p><!--more--><\/p>\n<h4>Altre informazioni:<\/h4>\n<ul style=\"box-sizing: inherit; font-family: Roboto, sans-serif;\">\n<li><strong>Confezione<\/strong>: Pacco da 25<\/li>\n<li><strong>Dimensioni<\/strong>: 110 x 58 x 60 mm (L x l x h in mm)<\/li>\n<li><strong>Materiale<\/strong>: Cartone<\/li>\n<li><strong>Colore<\/strong>: Rubino<\/li>\n<li><strong>Capacit\u00e0<\/strong>: 250g<\/li>\n<\/ul>\n<p>&nbsp;<\/p>\n<p><!--more--><\/p>\n<p>Trova qui il nostro ballotin rubino da 375 g: <span style=\"color: #d12727;\"><a style=\"color: #d12727;\" href=\"https:\/\/www.csj-emballages.com\/produit\/25-boites-ballotins-carton-rubis-luxe-375-grammes\/\">BALLO375RUBI<\/a><\/span><\/p>\n<p>&nbsp;<\/p>\n<p><!--more--><\/p>\n<p>Questo prodotto \u00e8 disponibile anche in diversi colori: <span style=\"color: #d12727;\"><a style=\"color: #d12727;\" href=\"https:\/\/www.csj-emballages.com\/it\/produit\/ballotin-bianco-perlato-250-grammi-con-fondo-in-cartone-confezione-da-25\/\">Bianco perlato<\/a><\/span> \/ <span style=\"color: #d12727;\"><a style=\"color: #d12727;\" href=\"https:\/\/www.csj-emballages.com\/produit\/25-boites-ballotins-carton-kraft-250-grammes\/\">Kraft<\/a><\/span> \/ <span style=\"color: #d12727;\"><a style=\"color: #d12727;\" href=\"https:\/\/www.csj-emballages.com\/produit\/25-ballotin-cacao-luxe-250-grammes-avec-fond-carton\/\">Cacao<\/a><\/span> \/ <span style=\"color: #d12727;\"><a style=\"color: #d12727;\" href=\"https:\/\/www.csj-emballages.com\/produit\/25-ballotin-or-250-grammes-avec-fond-carton\/\">Oro<\/a><\/span><\/p>\n<p>&nbsp;<\/p>\n<p><!--more--><\/p>\n<p><a href=\"https:\/\/www.csj-emballages.com\/it\/categorie-produit\/imballaggi-alimentari\/panetteria-pasticceria\/scatola-e-astuccio\/scatole-ballotin\/\">Consulta il resto della nostra gamma di scatole ballotin<\/a><\/p>\n","protected":false},"excerpt":{"rendered":"<p>Ballotin rubino Descrizione del nostro ballotin rubino 250 grammi con fondo in cartone, da 25<\/p>\n","protected":false},"featured_media":267938,"template":"","meta":{"_acf_changed":false},"product_brand":[],"product_cat":[10346,10344,10652,10653,10358],"product_tag":[],"class_list":{"0":"post-267935","1":"product","2":"type-product","3":"status-publish","4":"has-post-thumbnail","6":"product_cat-imballaggi-alimentari","7":"product_cat-panetteria-pasticceria","8":"product_cat-scatole-ballotin","9":"product_cat-ballotin-rubino-lusso","10":"product_cat-stock","12":"first","13":"instock","14":"sale","15":"taxable","16":"shipping-taxable","17":"purchasable","18":"product-type-simple"},"acf":[],"yoast_head":"<!-- This site is optimized with the Yoast SEO Premium plugin v26.6 (Yoast SEO v26.6) - https:\/\/yoast.com\/wordpress\/plugins\/seo\/ -->\n<title>Ballotin Rubino 250 grammi con fondo in cartone, da 25<\/title>\n<meta name=\"description\" content=\"Elegante ballotin rubino 250 g con fondo in cartone, venduto in confezioni da 25. Ideale per cioccolatini e confetteria, chic e pratico per i tuoi imballaggi.\" \/>\n<meta name=\"robots\" content=\"index, follow, max-snippet:-1, max-image-preview:large, max-video-preview:-1\" \/>\n<link rel=\"canonical\" href=\"https:\/\/www.csj-emballages.com\/it\/produit\/ballotin-rubino-lusso-250-grammi-con-fondo-in-cartone-da-25\/\" \/>\n<meta property=\"og:locale\" content=\"it_IT\" \/>\n<meta property=\"og:type\" content=\"article\" \/>\n<meta property=\"og:title\" content=\"Ballotin rubino lusso 250 grammi con fondo in cartone, da 25\" \/>\n<meta property=\"og:description\" content=\"Elegante ballotin rubino 250 g con fondo in cartone, venduto in confezioni da 25. Ideale per cioccolatini e confetteria, chic e pratico per i tuoi imballaggi.\" \/>\n<meta property=\"og:url\" content=\"https:\/\/www.csj-emballages.com\/it\/produit\/ballotin-rubino-lusso-250-grammi-con-fondo-in-cartone-da-25\/\" \/>\n<meta property=\"og:site_name\" content=\"CSJ Emballages\" \/>\n<meta property=\"article:publisher\" content=\"https:\/\/www.facebook.com\/csjemballages\" \/>\n<meta property=\"article:modified_time\" content=\"2026-03-12T15:11:04+00:00\" \/>\n<meta property=\"og:image\" content=\"https:\/\/www.csj-emballages.com\/wp-content\/uploads\/2024\/03\/BALLO250RUBI.webp\" \/>\n\t<meta property=\"og:image:width\" content=\"800\" \/>\n\t<meta property=\"og:image:height\" content=\"800\" \/>\n\t<meta property=\"og:image:type\" content=\"image\/webp\" \/>\n<meta name=\"twitter:card\" content=\"summary_large_image\" \/>\n<meta name=\"twitter:label1\" content=\"Dur\u00e9e de lecture estim\u00e9e\" \/>\n\t<meta name=\"twitter:data1\" content=\"2 minuti\" \/>\n<script type=\"application\/ld+json\" class=\"yoast-schema-graph\">{\"@context\":\"https:\/\/schema.org\",\"@graph\":[{\"@type\":\"WebPage\",\"@id\":\"https:\/\/www.csj-emballages.com\/it\/produit\/ballotin-rubino-lusso-250-grammi-con-fondo-in-cartone-da-25\/\",\"url\":\"https:\/\/www.csj-emballages.com\/it\/produit\/ballotin-rubino-lusso-250-grammi-con-fondo-in-cartone-da-25\/\",\"name\":\"Ballotin Rubino 250 grammi con fondo in cartone, da 25\",\"isPartOf\":{\"@id\":\"https:\/\/www.csj-emballages.com\/it\/#website\"},\"primaryImageOfPage\":{\"@id\":\"https:\/\/www.csj-emballages.com\/it\/produit\/ballotin-rubino-lusso-250-grammi-con-fondo-in-cartone-da-25\/#primaryimage\"},\"image\":{\"@id\":\"https:\/\/www.csj-emballages.com\/it\/produit\/ballotin-rubino-lusso-250-grammi-con-fondo-in-cartone-da-25\/#primaryimage\"},\"thumbnailUrl\":\"https:\/\/www.csj-emballages.com\/wp-content\/uploads\/2024\/03\/BALLO250RUBI.webp\",\"datePublished\":\"2024-03-01T15:57:22+00:00\",\"dateModified\":\"2026-03-12T15:11:04+00:00\",\"description\":\"Elegante ballotin rubino 250 g con fondo in cartone, venduto in confezioni da 25. Ideale per cioccolatini e confetteria, chic e pratico per i tuoi imballaggi.\",\"breadcrumb\":{\"@id\":\"https:\/\/www.csj-emballages.com\/it\/produit\/ballotin-rubino-lusso-250-grammi-con-fondo-in-cartone-da-25\/#breadcrumb\"},\"inLanguage\":\"it-IT\",\"potentialAction\":[{\"@type\":\"ReadAction\",\"target\":[\"https:\/\/www.csj-emballages.com\/it\/produit\/ballotin-rubino-lusso-250-grammi-con-fondo-in-cartone-da-25\/\"]}]},{\"@type\":\"ImageObject\",\"inLanguage\":\"it-IT\",\"@id\":\"https:\/\/www.csj-emballages.com\/it\/produit\/ballotin-rubino-lusso-250-grammi-con-fondo-in-cartone-da-25\/#primaryimage\",\"url\":\"https:\/\/www.csj-emballages.com\/wp-content\/uploads\/2024\/03\/BALLO250RUBI.webp\",\"contentUrl\":\"https:\/\/www.csj-emballages.com\/wp-content\/uploads\/2024\/03\/BALLO250RUBI.webp\",\"width\":800,\"height\":800,\"caption\":\"Ballotin rubis\"},{\"@type\":\"BreadcrumbList\",\"@id\":\"https:\/\/www.csj-emballages.com\/it\/produit\/ballotin-rubino-lusso-250-grammi-con-fondo-in-cartone-da-25\/#breadcrumb\",\"itemListElement\":[{\"@type\":\"ListItem\",\"position\":1,\"name\":\"Home\",\"item\":\"https:\/\/www.csj-emballages.com\/it\/universo-imballaggi-alimentari\/\"},{\"@type\":\"ListItem\",\"position\":2,\"name\":\"Negozio\",\"item\":\"https:\/\/www.csj-emballages.com\/it\/negozio\/\"},{\"@type\":\"ListItem\",\"position\":3,\"name\":\"Ballotin rubino lusso 250 grammi con fondo in cartone, da 25\"}]},{\"@type\":\"WebSite\",\"@id\":\"https:\/\/www.csj-emballages.com\/it\/#website\",\"url\":\"https:\/\/www.csj-emballages.com\/it\/\",\"name\":\"CSJ Emballages\",\"description\":\"\",\"publisher\":{\"@id\":\"https:\/\/www.csj-emballages.com\/it\/#organization\"},\"potentialAction\":[{\"@type\":\"SearchAction\",\"target\":{\"@type\":\"EntryPoint\",\"urlTemplate\":\"https:\/\/www.csj-emballages.com\/it\/?s={search_term_string}\"},\"query-input\":{\"@type\":\"PropertyValueSpecification\",\"valueRequired\":true,\"valueName\":\"search_term_string\"}}],\"inLanguage\":\"it-IT\"},{\"@type\":\"Organization\",\"@id\":\"https:\/\/www.csj-emballages.com\/it\/#Organization\/\",\"name\":\"CSJ Emballages\",\"url\":\"https:\/\/www.csj-emballages.com\/it\/\",\"logo\":{\"@type\":\"ImageObject\",\"inLanguage\":\"it-IT\",\"@id\":\"https:\/\/www.csj-emballages.com\/it\/#\/schema\/logo\/image\/\",\"url\":\"https:\/\/www.csj-emballages.com\/wp-content\/uploads\/2023\/10\/logo_csj.webp\",\"contentUrl\":\"https:\/\/www.csj-emballages.com\/wp-content\/uploads\/2023\/10\/logo_csj.webp\",\"width\":250,\"height\":95,\"caption\":\"CSJ Emballages\"},\"image\":{\"@id\":\"https:\/\/www.csj-emballages.com\/it\/#\/schema\/logo\/image\/\"},\"sameAs\":[\"https:\/\/www.facebook.com\/csjemballages\"],\"address\":{\"@type\":\"PostalAddress\",\"streetAddress\":\"ZI La Lechere\",\"addressLocality\":\"Patornay\",\"postalCode\":\"39130\",\"addressCountry\":\"FR\"},\"contactPoint\":[{\"@type\":\"ContactPoint\",\"contactType\":\"Service client\",\"telephone\":\"0384254272\",\"email\":\"contact@csj-emballages.com\"}]}]}<\/script>\n<!-- \/ Yoast SEO Premium plugin. -->","yoast_head_json":{"title":"Ballotin Rubino 250 grammi con fondo in cartone, da 25","description":"Elegante ballotin rubino 250 g con fondo in cartone, venduto in confezioni da 25. Ideale per cioccolatini e confetteria, chic e pratico per i tuoi imballaggi.","robots":{"index":"index","follow":"follow","max-snippet":"max-snippet:-1","max-image-preview":"max-image-preview:large","max-video-preview":"max-video-preview:-1"},"canonical":"https:\/\/www.csj-emballages.com\/it\/produit\/ballotin-rubino-lusso-250-grammi-con-fondo-in-cartone-da-25\/","og_locale":"it_IT","og_type":"article","og_title":"Ballotin rubino lusso 250 grammi con fondo in cartone, da 25","og_description":"Elegante ballotin rubino 250 g con fondo in cartone, venduto in confezioni da 25. Ideale per cioccolatini e confetteria, chic e pratico per i tuoi imballaggi.","og_url":"https:\/\/www.csj-emballages.com\/it\/produit\/ballotin-rubino-lusso-250-grammi-con-fondo-in-cartone-da-25\/","og_site_name":"CSJ Emballages","article_publisher":"https:\/\/www.facebook.com\/csjemballages","article_modified_time":"2026-03-12T15:11:04+00:00","og_image":[{"width":800,"height":800,"url":"https:\/\/www.csj-emballages.com\/wp-content\/uploads\/2024\/03\/BALLO250RUBI.webp","type":"image\/webp"}],"twitter_card":"summary_large_image","twitter_misc":{"Dur\u00e9e de lecture estim\u00e9e":"2 minuti"},"schema":{"@context":"https:\/\/schema.org","@graph":[{"@type":"WebPage","@id":"https:\/\/www.csj-emballages.com\/it\/produit\/ballotin-rubino-lusso-250-grammi-con-fondo-in-cartone-da-25\/","url":"https:\/\/www.csj-emballages.com\/it\/produit\/ballotin-rubino-lusso-250-grammi-con-fondo-in-cartone-da-25\/","name":"Ballotin Rubino 250 grammi con fondo in cartone, da 25","isPartOf":{"@id":"https:\/\/www.csj-emballages.com\/it\/#website"},"primaryImageOfPage":{"@id":"https:\/\/www.csj-emballages.com\/it\/produit\/ballotin-rubino-lusso-250-grammi-con-fondo-in-cartone-da-25\/#primaryimage"},"image":{"@id":"https:\/\/www.csj-emballages.com\/it\/produit\/ballotin-rubino-lusso-250-grammi-con-fondo-in-cartone-da-25\/#primaryimage"},"thumbnailUrl":"https:\/\/www.csj-emballages.com\/wp-content\/uploads\/2024\/03\/BALLO250RUBI.webp","datePublished":"2024-03-01T15:57:22+00:00","dateModified":"2026-03-12T15:11:04+00:00","description":"Elegante ballotin rubino 250 g con fondo in cartone, venduto in confezioni da 25. Ideale per cioccolatini e confetteria, chic e pratico per i tuoi imballaggi.","breadcrumb":{"@id":"https:\/\/www.csj-emballages.com\/it\/produit\/ballotin-rubino-lusso-250-grammi-con-fondo-in-cartone-da-25\/#breadcrumb"},"inLanguage":"it-IT","potentialAction":[{"@type":"ReadAction","target":["https:\/\/www.csj-emballages.com\/it\/produit\/ballotin-rubino-lusso-250-grammi-con-fondo-in-cartone-da-25\/"]}]},{"@type":"ImageObject","inLanguage":"it-IT","@id":"https:\/\/www.csj-emballages.com\/it\/produit\/ballotin-rubino-lusso-250-grammi-con-fondo-in-cartone-da-25\/#primaryimage","url":"https:\/\/www.csj-emballages.com\/wp-content\/uploads\/2024\/03\/BALLO250RUBI.webp","contentUrl":"https:\/\/www.csj-emballages.com\/wp-content\/uploads\/2024\/03\/BALLO250RUBI.webp","width":800,"height":800,"caption":"Ballotin rubis"},{"@type":"BreadcrumbList","@id":"https:\/\/www.csj-emballages.com\/it\/produit\/ballotin-rubino-lusso-250-grammi-con-fondo-in-cartone-da-25\/#breadcrumb","itemListElement":[{"@type":"ListItem","position":1,"name":"Home","item":"https:\/\/www.csj-emballages.com\/it\/universo-imballaggi-alimentari\/"},{"@type":"ListItem","position":2,"name":"Negozio","item":"https:\/\/www.csj-emballages.com\/it\/negozio\/"},{"@type":"ListItem","position":3,"name":"Ballotin rubino lusso 250 grammi con fondo in cartone, da 25"}]},{"@type":"WebSite","@id":"https:\/\/www.csj-emballages.com\/it\/#website","url":"https:\/\/www.csj-emballages.com\/it\/","name":"CSJ Emballages","description":"","publisher":{"@id":"https:\/\/www.csj-emballages.com\/it\/#organization"},"potentialAction":[{"@type":"SearchAction","target":{"@type":"EntryPoint","urlTemplate":"https:\/\/www.csj-emballages.com\/it\/?s={search_term_string}"},"query-input":{"@type":"PropertyValueSpecification","valueRequired":true,"valueName":"search_term_string"}}],"inLanguage":"it-IT"},{"@type":"Organization","@id":"https:\/\/www.csj-emballages.com\/it\/#Organization\/","name":"CSJ Emballages","url":"https:\/\/www.csj-emballages.com\/it\/","logo":{"@type":"ImageObject","inLanguage":"it-IT","@id":"https:\/\/www.csj-emballages.com\/it\/#\/schema\/logo\/image\/","url":"https:\/\/www.csj-emballages.com\/wp-content\/uploads\/2023\/10\/logo_csj.webp","contentUrl":"https:\/\/www.csj-emballages.com\/wp-content\/uploads\/2023\/10\/logo_csj.webp","width":250,"height":95,"caption":"CSJ Emballages"},"image":{"@id":"https:\/\/www.csj-emballages.com\/it\/#\/schema\/logo\/image\/"},"sameAs":["https:\/\/www.facebook.com\/csjemballages"],"address":{"@type":"PostalAddress","streetAddress":"ZI La Lechere","addressLocality":"Patornay","postalCode":"39130","addressCountry":"FR"},"contactPoint":[{"@type":"ContactPoint","contactType":"Service client","telephone":"0384254272","email":"contact@csj-emballages.com"}]}]}},"df_price":13.63,"df_sale_price":13.63,"df_regular_price":15.14,"df_image_link":"https:\/\/www.csj-emballages.com\/wp-content\/uploads\/2024\/03\/BALLO250RUBI-300x300.webp","tiered_pricing_type":"fixed","tiered_pricing_fixed_rules":[],"tiered_pricing_percentage_rules":[],"tiered_pricing_minimum":1,"tiered_pricing_roles_data":[],"_links":{"self":[{"href":"https:\/\/www.csj-emballages.com\/it\/wp-json\/wp\/v2\/product\/267935","targetHints":{"allow":["GET"]}}],"collection":[{"href":"https:\/\/www.csj-emballages.com\/it\/wp-json\/wp\/v2\/product"}],"about":[{"href":"https:\/\/www.csj-emballages.com\/it\/wp-json\/wp\/v2\/types\/product"}],"wp:featuredmedia":[{"embeddable":true,"href":"https:\/\/www.csj-emballages.com\/it\/wp-json\/wp\/v2\/media\/267938"}],"wp:attachment":[{"href":"https:\/\/www.csj-emballages.com\/it\/wp-json\/wp\/v2\/media?parent=267935"}],"wp:term":[{"taxonomy":"product_brand","embeddable":true,"href":"https:\/\/www.csj-emballages.com\/it\/wp-json\/wp\/v2\/product_brand?post=267935"},{"taxonomy":"product_cat","embeddable":true,"href":"https:\/\/www.csj-emballages.com\/it\/wp-json\/wp\/v2\/product_cat?post=267935"},{"taxonomy":"product_tag","embeddable":true,"href":"https:\/\/www.csj-emballages.com\/it\/wp-json\/wp\/v2\/product_tag?post=267935"}],"curies":[{"name":"wp","href":"https:\/\/api.w.org\/{rel}","templated":true}]}}