{"id":267931,"date":"2024-03-01T16:57:22","date_gmt":"2024-03-01T15:57:22","guid":{"rendered":"https:\/\/www.csj-emballages.com\/produit\/ballotin-cacao-luxe-375-grammi-con-fondo-in-cartone-da-25-pezzi\/"},"modified":"2026-03-03T08:05:51","modified_gmt":"2026-03-03T07:05:51","slug":"ballotin-cacao-luxe-375-grammi-con-fondo-in-cartone-da-25-pezzi","status":"publish","type":"product","link":"https:\/\/www.csj-emballages.com\/it\/produit\/ballotin-cacao-luxe-375-grammi-con-fondo-in-cartone-da-25-pezzi\/","title":{"rendered":"Ballotin cacao luxe 375 grammi con fondo in cartone da 25 pezzi"},"content":{"rendered":"<h2>Ballotin cacao<\/h2>\n<hr>\n<h3>Descrizione del nostro ballotin cacao 375 grammi con fondo in cartone da 25 pezzi<\/h3>\n<p><!--more--><\/p>\n<p data-start=\"95\" data-end=\"627\">Offri una presentazione elegante e raffinata ai tuoi <strong>cioccolatini, dolciumi o piccoli regali gourmet<\/strong> con il nostro <strong data-start=\"208\" data-end=\"268\">ballotin cacao 375 grammi con fondo in cartone da 25 pezzi<\/strong>. Progettato appositamente per cioccolatieri artigianali, pasticcieri e commercianti che desiderano valorizzare le proprie creazioni, questo <strong>ballotin marrone<\/strong> unisce praticit\u00e0 ed estetica. La sua finitura <strong>cacao<\/strong> gli conferisce una <strong>brillantezza sottile<\/strong> e <strong>festosa<\/strong>, ideale per periodi festivi come Natale, Pasqua, San Valentino o per matrimoni ed eventi aziendali.  <\/p>\n<p data-start=\"629\" data-end=\"1004\">Con una capacit\u00e0 di <strong>375 grammi<\/strong>, permette di confezionare una bella selezione di <strong>cioccolatini<\/strong> o <strong>dolciumi vari<\/strong>. Il <strong data-start=\"756\" data-end=\"780\">fondo in cartone rinforzato<\/strong> assicura un&#8217;eccellente stabilit\u00e0 e una buona resistenza al peso, preservando i tuoi prodotti durante il trasporto. La qualit\u00e0 del <strong>cartone<\/strong> garantisce inoltre una protezione ottimale contro l&#8217;umidit\u00e0 e i piccoli urti.  <\/p>\n<p data-start=\"1006\" data-end=\"1364\">Confezionato <strong data-start=\"1018\" data-end=\"1035\">in lotti da 25<\/strong>, questo <strong>ballotin<\/strong> \u00e8 una scelta pratica ed economica per i professionisti che desiderano disporre di una scorta adatta alle esigenze quotidiane del proprio negozio. Facile da montare, permette di risparmiare tempo nella preparazione degli ordini e si adatta a diversi stili di nastri o etichette per una personalizzazione unica. <\/p>\n<p data-start=\"1366\" data-end=\"1637\">Che tu sia un artigiano, un rivenditore o un organizzatore di eventi, il <strong data-start=\"1433\" data-end=\"1463\">ballotin cacao 375 g<\/strong> doner\u00e0 un tocco chic e professionale al tuo packaging. La sua sobria eleganza valorizzer\u00e0 le tue creazioni rafforzando l&#8217;immagine di qualit\u00e0 del tuo marchio. <\/p>\n<p data-start=\"1423\" data-end=\"1694\"><!--more--><\/p>\n<h4 data-start=\"1423\" data-end=\"1694\">Vantaggi:<\/h4>\n<ul>\n<li data-start=\"1423\" data-end=\"1694\"><strong data-start=\"1857\" data-end=\"1876\">Finitura cacao<\/strong> elegante e festosa per valorizzare i tuoi prodotti.<\/li>\n<li data-start=\"1423\" data-end=\"1694\"><strong data-start=\"1928\" data-end=\"1946\">Capacit\u00e0 375 g<\/strong>, ideale per cioccolatini e dolciumi.<\/li>\n<li data-start=\"1423\" data-end=\"1694\">Fondo in cartone rinforzato per una migliore stabilit\u00e0 e resistenza.<\/li>\n<li data-start=\"1423\" data-end=\"1694\"><strong data-start=\"2061\" data-end=\"2083\">Confezione da 25<\/strong>, pratico ed economico per i professionisti.<\/li>\n<li data-start=\"1423\" data-end=\"1694\">Facile da personalizzare con <span style=\"color: #d12727;\"><a style=\"color: #d12727;\" href=\"https:\/\/www.csj-emballages.com\/it\/categorie-produit\/accessori-decorativi\/\">nastri<\/a><\/span>, <span style=\"color: #d12727;\"><a style=\"color: #d12727;\" href=\"https:\/\/www.csj-emballages.com\/categorie-produit\/imballaggi-alimentari\/panetteria-pasticceria\/accessoires-et-equipements\/etiquettes\/\">etichette<\/a><\/span> o sticker.<\/li>\n<li data-start=\"1423\" data-end=\"1694\">Perfetto per eventi, feste e regali gourmet<strong data-start=\"2230\" data-end=\"2272\">.<\/strong><\/li>\n<\/ul>\n<p>&nbsp;<\/p>\n<p><!--more--><\/p>\n<h4>Altre informazioni:<\/h4>\n<ul style=\"box-sizing: inherit; font-family: Roboto, sans-serif;\">\n<li><strong>Confezione<\/strong>: Pacchetto da 25<\/li>\n<li><strong>Dimensioni<\/strong>: 130 x 70 x 62 mm (L x l x h in mm)<\/li>\n<li><strong>Materiale<\/strong>: Cartone<\/li>\n<li><strong>Colore<\/strong>: Cacao<\/li>\n<li><strong>Capacit\u00e0<\/strong>: 375g<\/li>\n<\/ul>\n<p>&nbsp;<\/p>\n<p><!--more--><\/p>\n<p>Trovi qui il nostro ballotin cacao da 250g: <span style=\"color: #d12727;\"><a style=\"color: #d12727;\" href=\"https:\/\/www.csj-emballages.com\/produit\/25-ballotin-cacao-luxe-250-grammes-avec-fond-carton\/\">BALLO250CACAO<\/a><\/span><\/p>\n<p>&nbsp;<\/p>\n<p><!--more--><\/p>\n<p>Questo prodotto \u00e8 disponibile anche in diversi colori: <span style=\"color: #d12727;\"><a style=\"color: #d12727;\" href=\"https:\/\/www.csj-emballages.com\/produit\/25-ballotin-blanc-nacre-375-grammes-avec-fonds-carton\/\"><span style=\"color: #d12727;\">Bianco perlato<\/span><\/a><\/span> \/ <span style=\"color: #d12727;\"><a style=\"color: #d12727;\" href=\"https:\/\/www.csj-emballages.com\/produit\/25-ballotins-kraft-375-grammes-avec-fonds-carton\/\">Kraft<\/a><\/span> \/ <span style=\"color: #d12727;\"><a style=\"color: #d12727;\" href=\"https:\/\/www.csj-emballages.com\/produit\/25-ballotins-or-375-grammes-avec-fonds-carton\/\">Oro<\/a><\/span> \/ <span style=\"color: #d12727;\"><a style=\"color: #d12727;\" href=\"https:\/\/www.csj-emballages.com\/produit\/25-boites-ballotins-carton-rubis-luxe-375-grammes\/\">Rubino<\/a><\/span><\/p>\n<p>&nbsp;<\/p>\n<p><!--more--><\/p>\n<p><a href=\"https:\/\/www.csj-emballages.com\/it\/categorie-produit\/imballaggi-alimentari\/panetteria-pasticceria\/scatola-e-astuccio\/scatole-ballotin\/\">Consulta il resto della nostra gamma di scatole ballotin<\/a><\/p>\n","protected":false},"excerpt":{"rendered":"<p>Ballotin cacao Descrizione del nostro ballotin cacao 375 grammi con fondo in cartone da 25 pezzi<\/p>\n","protected":false},"featured_media":267934,"template":"","meta":{"_acf_changed":false},"product_brand":[],"product_cat":[10346,10344,10652,10657],"product_tag":[],"class_list":{"0":"post-267931","1":"product","2":"type-product","3":"status-publish","4":"has-post-thumbnail","6":"product_cat-imballaggi-alimentari","7":"product_cat-panetteria-pasticceria","8":"product_cat-scatole-ballotin","9":"product_cat-ballotin-cacao-luxe","11":"first","12":"outofstock","13":"taxable","14":"shipping-taxable","15":"purchasable","16":"product-type-simple"},"acf":[],"yoast_head":"<!-- This site is optimized with the Yoast SEO Premium plugin v26.6 (Yoast SEO v26.6) - https:\/\/yoast.com\/wordpress\/plugins\/seo\/ -->\n<title>Ballotin Cacao 375 Grammi con Fondo in Cartone da 25 Pezzi<\/title>\n<meta name=\"description\" content=\"Elegante ballotin cacao 375 g con fondo in cartone, venduto in confezioni da 25. Ideale per cioccolatini e dolciumi, chic e pratico per il tuo packaging.\" \/>\n<meta name=\"robots\" content=\"index, follow, max-snippet:-1, max-image-preview:large, max-video-preview:-1\" \/>\n<link rel=\"canonical\" href=\"https:\/\/www.csj-emballages.com\/it\/produit\/ballotin-cacao-luxe-375-grammi-con-fondo-in-cartone-da-25-pezzi\/\" \/>\n<meta property=\"og:locale\" content=\"it_IT\" \/>\n<meta property=\"og:type\" content=\"article\" \/>\n<meta property=\"og:title\" content=\"Ballotin cacao luxe 375 grammi con fondo in cartone da 25 pezzi\" \/>\n<meta property=\"og:description\" content=\"Elegante ballotin cacao 375 g con fondo in cartone, venduto in confezioni da 25. Ideale per cioccolatini e dolciumi, chic e pratico per il tuo packaging.\" \/>\n<meta property=\"og:url\" content=\"https:\/\/www.csj-emballages.com\/it\/produit\/ballotin-cacao-luxe-375-grammi-con-fondo-in-cartone-da-25-pezzi\/\" \/>\n<meta property=\"og:site_name\" content=\"CSJ Emballages\" \/>\n<meta property=\"article:publisher\" content=\"https:\/\/www.facebook.com\/csjemballages\" \/>\n<meta property=\"article:modified_time\" content=\"2026-03-03T07:05:51+00:00\" \/>\n<meta property=\"og:image\" content=\"https:\/\/www.csj-emballages.com\/wp-content\/uploads\/2024\/03\/BALLO375CACAO.webp\" \/>\n\t<meta property=\"og:image:width\" content=\"800\" \/>\n\t<meta property=\"og:image:height\" content=\"800\" \/>\n\t<meta property=\"og:image:type\" content=\"image\/webp\" \/>\n<meta name=\"twitter:card\" content=\"summary_large_image\" \/>\n<meta name=\"twitter:label1\" content=\"Dur\u00e9e de lecture estim\u00e9e\" \/>\n\t<meta name=\"twitter:data1\" content=\"2 minuti\" \/>\n<script type=\"application\/ld+json\" class=\"yoast-schema-graph\">{\"@context\":\"https:\/\/schema.org\",\"@graph\":[{\"@type\":\"WebPage\",\"@id\":\"https:\/\/www.csj-emballages.com\/it\/produit\/ballotin-cacao-luxe-375-grammi-con-fondo-in-cartone-da-25-pezzi\/\",\"url\":\"https:\/\/www.csj-emballages.com\/it\/produit\/ballotin-cacao-luxe-375-grammi-con-fondo-in-cartone-da-25-pezzi\/\",\"name\":\"Ballotin Cacao 375 Grammi con Fondo in Cartone da 25 Pezzi\",\"isPartOf\":{\"@id\":\"https:\/\/www.csj-emballages.com\/it\/#website\"},\"primaryImageOfPage\":{\"@id\":\"https:\/\/www.csj-emballages.com\/it\/produit\/ballotin-cacao-luxe-375-grammi-con-fondo-in-cartone-da-25-pezzi\/#primaryimage\"},\"image\":{\"@id\":\"https:\/\/www.csj-emballages.com\/it\/produit\/ballotin-cacao-luxe-375-grammi-con-fondo-in-cartone-da-25-pezzi\/#primaryimage\"},\"thumbnailUrl\":\"https:\/\/www.csj-emballages.com\/wp-content\/uploads\/2024\/03\/BALLO375CACAO.webp\",\"datePublished\":\"2024-03-01T15:57:22+00:00\",\"dateModified\":\"2026-03-03T07:05:51+00:00\",\"description\":\"Elegante ballotin cacao 375 g con fondo in cartone, venduto in confezioni da 25. Ideale per cioccolatini e dolciumi, chic e pratico per il tuo packaging.\",\"breadcrumb\":{\"@id\":\"https:\/\/www.csj-emballages.com\/it\/produit\/ballotin-cacao-luxe-375-grammi-con-fondo-in-cartone-da-25-pezzi\/#breadcrumb\"},\"inLanguage\":\"it-IT\",\"potentialAction\":[{\"@type\":\"ReadAction\",\"target\":[\"https:\/\/www.csj-emballages.com\/it\/produit\/ballotin-cacao-luxe-375-grammi-con-fondo-in-cartone-da-25-pezzi\/\"]}]},{\"@type\":\"ImageObject\",\"inLanguage\":\"it-IT\",\"@id\":\"https:\/\/www.csj-emballages.com\/it\/produit\/ballotin-cacao-luxe-375-grammi-con-fondo-in-cartone-da-25-pezzi\/#primaryimage\",\"url\":\"https:\/\/www.csj-emballages.com\/wp-content\/uploads\/2024\/03\/BALLO375CACAO.webp\",\"contentUrl\":\"https:\/\/www.csj-emballages.com\/wp-content\/uploads\/2024\/03\/BALLO375CACAO.webp\",\"width\":800,\"height\":800,\"caption\":\"Ballotin cacao\"},{\"@type\":\"BreadcrumbList\",\"@id\":\"https:\/\/www.csj-emballages.com\/it\/produit\/ballotin-cacao-luxe-375-grammi-con-fondo-in-cartone-da-25-pezzi\/#breadcrumb\",\"itemListElement\":[{\"@type\":\"ListItem\",\"position\":1,\"name\":\"Home\",\"item\":\"https:\/\/www.csj-emballages.com\/it\/universo-imballaggi-alimentari\/\"},{\"@type\":\"ListItem\",\"position\":2,\"name\":\"Negozio\",\"item\":\"https:\/\/www.csj-emballages.com\/it\/negozio\/\"},{\"@type\":\"ListItem\",\"position\":3,\"name\":\"Ballotin cacao luxe 375 grammi con fondo in cartone da 25 pezzi\"}]},{\"@type\":\"WebSite\",\"@id\":\"https:\/\/www.csj-emballages.com\/it\/#website\",\"url\":\"https:\/\/www.csj-emballages.com\/it\/\",\"name\":\"CSJ Emballages\",\"description\":\"\",\"publisher\":{\"@id\":\"https:\/\/www.csj-emballages.com\/it\/#organization\"},\"potentialAction\":[{\"@type\":\"SearchAction\",\"target\":{\"@type\":\"EntryPoint\",\"urlTemplate\":\"https:\/\/www.csj-emballages.com\/it\/?s={search_term_string}\"},\"query-input\":{\"@type\":\"PropertyValueSpecification\",\"valueRequired\":true,\"valueName\":\"search_term_string\"}}],\"inLanguage\":\"it-IT\"},{\"@type\":\"Organization\",\"@id\":\"https:\/\/www.csj-emballages.com\/it\/#Organization\/\",\"name\":\"CSJ Emballages\",\"url\":\"https:\/\/www.csj-emballages.com\/it\/\",\"logo\":{\"@type\":\"ImageObject\",\"inLanguage\":\"it-IT\",\"@id\":\"https:\/\/www.csj-emballages.com\/it\/#\/schema\/logo\/image\/\",\"url\":\"https:\/\/www.csj-emballages.com\/wp-content\/uploads\/2023\/10\/logo_csj.webp\",\"contentUrl\":\"https:\/\/www.csj-emballages.com\/wp-content\/uploads\/2023\/10\/logo_csj.webp\",\"width\":250,\"height\":95,\"caption\":\"CSJ Emballages\"},\"image\":{\"@id\":\"https:\/\/www.csj-emballages.com\/it\/#\/schema\/logo\/image\/\"},\"sameAs\":[\"https:\/\/www.facebook.com\/csjemballages\"],\"address\":{\"@type\":\"PostalAddress\",\"streetAddress\":\"ZI La Lechere\",\"addressLocality\":\"Patornay\",\"postalCode\":\"39130\",\"addressCountry\":\"FR\"},\"contactPoint\":[{\"@type\":\"ContactPoint\",\"contactType\":\"Service client\",\"telephone\":\"0384254272\",\"email\":\"contact@csj-emballages.com\"}]}]}<\/script>\n<!-- \/ Yoast SEO Premium plugin. -->","yoast_head_json":{"title":"Ballotin Cacao 375 Grammi con Fondo in Cartone da 25 Pezzi","description":"Elegante ballotin cacao 375 g con fondo in cartone, venduto in confezioni da 25. Ideale per cioccolatini e dolciumi, chic e pratico per il tuo packaging.","robots":{"index":"index","follow":"follow","max-snippet":"max-snippet:-1","max-image-preview":"max-image-preview:large","max-video-preview":"max-video-preview:-1"},"canonical":"https:\/\/www.csj-emballages.com\/it\/produit\/ballotin-cacao-luxe-375-grammi-con-fondo-in-cartone-da-25-pezzi\/","og_locale":"it_IT","og_type":"article","og_title":"Ballotin cacao luxe 375 grammi con fondo in cartone da 25 pezzi","og_description":"Elegante ballotin cacao 375 g con fondo in cartone, venduto in confezioni da 25. Ideale per cioccolatini e dolciumi, chic e pratico per il tuo packaging.","og_url":"https:\/\/www.csj-emballages.com\/it\/produit\/ballotin-cacao-luxe-375-grammi-con-fondo-in-cartone-da-25-pezzi\/","og_site_name":"CSJ Emballages","article_publisher":"https:\/\/www.facebook.com\/csjemballages","article_modified_time":"2026-03-03T07:05:51+00:00","og_image":[{"width":800,"height":800,"url":"https:\/\/www.csj-emballages.com\/wp-content\/uploads\/2024\/03\/BALLO375CACAO.webp","type":"image\/webp"}],"twitter_card":"summary_large_image","twitter_misc":{"Dur\u00e9e de lecture estim\u00e9e":"2 minuti"},"schema":{"@context":"https:\/\/schema.org","@graph":[{"@type":"WebPage","@id":"https:\/\/www.csj-emballages.com\/it\/produit\/ballotin-cacao-luxe-375-grammi-con-fondo-in-cartone-da-25-pezzi\/","url":"https:\/\/www.csj-emballages.com\/it\/produit\/ballotin-cacao-luxe-375-grammi-con-fondo-in-cartone-da-25-pezzi\/","name":"Ballotin Cacao 375 Grammi con Fondo in Cartone da 25 Pezzi","isPartOf":{"@id":"https:\/\/www.csj-emballages.com\/it\/#website"},"primaryImageOfPage":{"@id":"https:\/\/www.csj-emballages.com\/it\/produit\/ballotin-cacao-luxe-375-grammi-con-fondo-in-cartone-da-25-pezzi\/#primaryimage"},"image":{"@id":"https:\/\/www.csj-emballages.com\/it\/produit\/ballotin-cacao-luxe-375-grammi-con-fondo-in-cartone-da-25-pezzi\/#primaryimage"},"thumbnailUrl":"https:\/\/www.csj-emballages.com\/wp-content\/uploads\/2024\/03\/BALLO375CACAO.webp","datePublished":"2024-03-01T15:57:22+00:00","dateModified":"2026-03-03T07:05:51+00:00","description":"Elegante ballotin cacao 375 g con fondo in cartone, venduto in confezioni da 25. Ideale per cioccolatini e dolciumi, chic e pratico per il tuo packaging.","breadcrumb":{"@id":"https:\/\/www.csj-emballages.com\/it\/produit\/ballotin-cacao-luxe-375-grammi-con-fondo-in-cartone-da-25-pezzi\/#breadcrumb"},"inLanguage":"it-IT","potentialAction":[{"@type":"ReadAction","target":["https:\/\/www.csj-emballages.com\/it\/produit\/ballotin-cacao-luxe-375-grammi-con-fondo-in-cartone-da-25-pezzi\/"]}]},{"@type":"ImageObject","inLanguage":"it-IT","@id":"https:\/\/www.csj-emballages.com\/it\/produit\/ballotin-cacao-luxe-375-grammi-con-fondo-in-cartone-da-25-pezzi\/#primaryimage","url":"https:\/\/www.csj-emballages.com\/wp-content\/uploads\/2024\/03\/BALLO375CACAO.webp","contentUrl":"https:\/\/www.csj-emballages.com\/wp-content\/uploads\/2024\/03\/BALLO375CACAO.webp","width":800,"height":800,"caption":"Ballotin cacao"},{"@type":"BreadcrumbList","@id":"https:\/\/www.csj-emballages.com\/it\/produit\/ballotin-cacao-luxe-375-grammi-con-fondo-in-cartone-da-25-pezzi\/#breadcrumb","itemListElement":[{"@type":"ListItem","position":1,"name":"Home","item":"https:\/\/www.csj-emballages.com\/it\/universo-imballaggi-alimentari\/"},{"@type":"ListItem","position":2,"name":"Negozio","item":"https:\/\/www.csj-emballages.com\/it\/negozio\/"},{"@type":"ListItem","position":3,"name":"Ballotin cacao luxe 375 grammi con fondo in cartone da 25 pezzi"}]},{"@type":"WebSite","@id":"https:\/\/www.csj-emballages.com\/it\/#website","url":"https:\/\/www.csj-emballages.com\/it\/","name":"CSJ Emballages","description":"","publisher":{"@id":"https:\/\/www.csj-emballages.com\/it\/#organization"},"potentialAction":[{"@type":"SearchAction","target":{"@type":"EntryPoint","urlTemplate":"https:\/\/www.csj-emballages.com\/it\/?s={search_term_string}"},"query-input":{"@type":"PropertyValueSpecification","valueRequired":true,"valueName":"search_term_string"}}],"inLanguage":"it-IT"},{"@type":"Organization","@id":"https:\/\/www.csj-emballages.com\/it\/#Organization\/","name":"CSJ Emballages","url":"https:\/\/www.csj-emballages.com\/it\/","logo":{"@type":"ImageObject","inLanguage":"it-IT","@id":"https:\/\/www.csj-emballages.com\/it\/#\/schema\/logo\/image\/","url":"https:\/\/www.csj-emballages.com\/wp-content\/uploads\/2023\/10\/logo_csj.webp","contentUrl":"https:\/\/www.csj-emballages.com\/wp-content\/uploads\/2023\/10\/logo_csj.webp","width":250,"height":95,"caption":"CSJ Emballages"},"image":{"@id":"https:\/\/www.csj-emballages.com\/it\/#\/schema\/logo\/image\/"},"sameAs":["https:\/\/www.facebook.com\/csjemballages"],"address":{"@type":"PostalAddress","streetAddress":"ZI La Lechere","addressLocality":"Patornay","postalCode":"39130","addressCountry":"FR"},"contactPoint":[{"@type":"ContactPoint","contactType":"Service client","telephone":"0384254272","email":"contact@csj-emballages.com"}]}]}},"df_price":17.75,"df_sale_price":"","df_regular_price":17.75,"df_image_link":"https:\/\/www.csj-emballages.com\/wp-content\/uploads\/2024\/03\/BALLO375CACAO-300x300.webp","tiered_pricing_type":"fixed","tiered_pricing_fixed_rules":[],"tiered_pricing_percentage_rules":[],"tiered_pricing_minimum":1,"tiered_pricing_roles_data":[],"_links":{"self":[{"href":"https:\/\/www.csj-emballages.com\/it\/wp-json\/wp\/v2\/product\/267931","targetHints":{"allow":["GET"]}}],"collection":[{"href":"https:\/\/www.csj-emballages.com\/it\/wp-json\/wp\/v2\/product"}],"about":[{"href":"https:\/\/www.csj-emballages.com\/it\/wp-json\/wp\/v2\/types\/product"}],"wp:featuredmedia":[{"embeddable":true,"href":"https:\/\/www.csj-emballages.com\/it\/wp-json\/wp\/v2\/media\/267934"}],"wp:attachment":[{"href":"https:\/\/www.csj-emballages.com\/it\/wp-json\/wp\/v2\/media?parent=267931"}],"wp:term":[{"taxonomy":"product_brand","embeddable":true,"href":"https:\/\/www.csj-emballages.com\/it\/wp-json\/wp\/v2\/product_brand?post=267931"},{"taxonomy":"product_cat","embeddable":true,"href":"https:\/\/www.csj-emballages.com\/it\/wp-json\/wp\/v2\/product_cat?post=267931"},{"taxonomy":"product_tag","embeddable":true,"href":"https:\/\/www.csj-emballages.com\/it\/wp-json\/wp\/v2\/product_tag?post=267931"}],"curies":[{"name":"wp","href":"https:\/\/api.w.org\/{rel}","templated":true}]}}