{"id":267919,"date":"2024-03-01T16:57:20","date_gmt":"2024-03-01T15:57:20","guid":{"rendered":"https:\/\/www.csj-emballages.com\/produit\/scatola-per-tronchetto-ma-buche-40-x-11-x-10-cm-da-25-pz\/"},"modified":"2026-03-12T16:11:24","modified_gmt":"2026-03-12T15:11:24","slug":"scatola-per-tronchetto-ma-buche-40-x-11-x-10-cm-da-25-pz","status":"publish","type":"product","link":"https:\/\/www.csj-emballages.com\/it\/produit\/scatola-per-tronchetto-ma-buche-40-x-11-x-10-cm-da-25-pz\/","title":{"rendered":"Scatola per tronchetto &#8220;Ma b\u00fbche&#8221; 40 x 11 x 10 cm da 25 pz."},"content":{"rendered":"<div style=\"font-family: Roboto, sans-serif;\">\n<div style=\"font-family: Roboto, sans-serif;\">\n<div style=\"font-family: Roboto, sans-serif;\">\n<div style=\"font-family: Roboto, sans-serif;\">\n<div style=\"font-family: Roboto, sans-serif;\">\n<div style=\"font-family: Roboto, sans-serif;\">\n<div style=\"font-family: Roboto, sans-serif;\">\n<div style=\"font-family: Roboto, sans-serif;\">\n<div style=\"font-family: Roboto, sans-serif;\">\n<div style=\"font-family: Roboto, sans-serif;\">\n<div style=\"font-family: Roboto, sans-serif;\">\n<div style=\"font-family: Roboto, sans-serif;\">\n<div style=\"font-family: Roboto, sans-serif;\">\n<div class=\"flex flex-grow flex-col max-w-full\">\n<div class=\"min-h-[20px] text-message flex flex-col items-start whitespace-pre-wrap break-words [.text-message+&amp;]:mt-5 juice:w-full juice:items-end overflow-x-auto gap-2\" dir=\"auto\" data-message-author-role=\"assistant\" data-message-id=\"2034782e-88f9-44ef-b4dc-07dd7bf0115f\">\n<div class=\"flex w-full flex-col gap-1 juice:empty:hidden juice:first:pt-[3px]\">\n<div class=\"markdown prose w-full break-words dark:prose-invert light\">\n<div style=\"font-family: Roboto, sans-serif;\">\n<div style=\"font-family: Roboto, sans-serif;\">\n<div style=\"font-family: Roboto, sans-serif;\">\n<div style=\"font-family: Roboto, sans-serif;\">\n<div style=\"font-family: Roboto, sans-serif;\">\n<div style=\"font-family: Roboto, sans-serif;\">\n<h2>Scatola per tronchetto<\/h2>\n<div style=\"font-family: Roboto, sans-serif;\">\n<div style=\"font-family: Roboto, sans-serif;\">\n<div style=\"font-family: Roboto, sans-serif;\">\n<div style=\"text-align: center;\">\n<div style=\"font-family: Roboto, sans-serif;\">\n<div style=\"font-family: Roboto, sans-serif;\">\n<div style=\"font-family: Roboto, sans-serif;\">\n<div style=\"font-family: Roboto, sans-serif;\">\n<div style=\"font-family: Roboto, sans-serif;\">\n<div style=\"font-family: Roboto, sans-serif; text-align: left;\">\n<hr>\n<h3 style=\"text-align: left;\">Descrizione della nostra scatola per tronchetto &#8220;Ma B\u00fbche&#8221; 40x11x10 cm<!--more--><\/h3>\n<\/div>\n<\/div>\n<\/div>\n<\/div>\n<\/div>\n<\/div>\n<\/div>\n<\/div>\n<\/div>\n<\/div>\n<\/div>\n<\/div>\n<\/div>\n<\/div>\n<\/div>\n<\/div>\n<\/div>\n<\/div>\n<\/div>\n<\/div>\n<\/div>\n<\/div>\n<\/div>\n<\/div>\n<\/div>\n<\/div>\n<\/div>\n<\/div>\n<\/div>\n<\/div>\n<\/div>\n<\/div>\n<\/div>\n<p>La <strong>scatola per tronchetto &#8220;Ma b\u00fbche&#8221;<\/strong> \u00e8 l&#8217;accessorio indispensabile per presentare le tue creazioni natalizie. Con le sue dimensioni di <strong>40 x 11 x 10 cm<\/strong>, questa <strong>scatola per tronchetto<\/strong> si adatta perfettamente ai formati standard. In confezione da <strong>25<\/strong> unit\u00e0, garantisce una conservazione facile e pratica. Che tu sia un pasticciere professionista o un appassionato, questa <strong>scatola per tronchetto di Natale<\/strong> ti conquister\u00e0 con il suo design sobrio ed elegante.   <\/p>\n<p>Realizzata con materiali di qualit\u00e0, la <strong>scatola<\/strong> <strong>&#8220;Ma b\u00fbche&#8221;<\/strong> \u00e8 solida e resistente. Protegge i tuoi dessert durante il trasporto, garantendone la freschezza fino alla degustazione. In questo periodo di festa, ogni dettaglio conta per valorizzare le tue creazioni. Con la <strong>scatola per tronchetto di Natale<\/strong>, avrai la certezza di una presentazione impeccabile, anche in caso di trasporto prolungato. Ideale per lo stoccaggio e l&#8217;esposizione, si adatta alle esigenze dei pasticcieri e risponde alle aspettative dei clienti pi\u00f9 esigenti.    <\/p>\n<p>&nbsp;<\/p>\n<p><!--more--><\/p>\n<h4>Perch\u00e9 usare la nostra scatola per tronchetto?<\/h4>\n<p>Inoltre, il suo design essenziale si integra perfettamente in ogni stile decorativo. Questa <strong>scatola per tronchetto di Natale<\/strong> \u00e8 una scelta sicura per le feste. Il cartone utilizzato \u00e8 resistente e rispetta le norme per l&#8217;imballaggio alimentare. Cos\u00ec, la <strong>scatola<\/strong> <strong>&#8220;Ma b\u00fbche&#8221;<\/strong> garantisce non solo l&#8217;estetica, ma anche la sicurezza dei tuoi alimenti. \u00c8 facile da montare e permette di risparmiare tempo durante la preparazione. Inoltre, lo stoccaggio \u00e8 semplificato grazie al formato impilabile.     <\/p>\n<p>Nel set da <strong>25<\/strong>, ogni <strong>scatola<\/strong> offre un&#8217;ottima capienza per le tue migliori creazioni dolciarie. Il colore neutro di questa <strong>scatola per tronchetto di Natale<\/strong> valorizza le tonalit\u00e0 golose e festive dei tuoi dessert. I tuoi clienti saranno subito conquistati dalla presentazione curata e dall&#8217;eleganza dei tuoi tronchetti di Natale. La <strong>scatola natalizia<\/strong> <strong>&#8220;Ma b\u00fbche&#8221;<\/strong> \u00e8 la scelta perfetta per garantire la soddisfazione e fidelizzare i clienti.   <\/p>\n<p>&nbsp;<\/p>\n<p><!--more--><\/p>\n<div style=\"font-family: Roboto, sans-serif;\">\n<div style=\"font-family: Roboto, sans-serif;\">\n<div style=\"font-family: Roboto, sans-serif;\">\n<div style=\"font-family: Roboto, sans-serif;\">\n<div style=\"font-family: Roboto, sans-serif;\">\n<div style=\"font-family: Roboto, sans-serif;\">\n<div style=\"font-family: Roboto, sans-serif;\">\n<div style=\"font-family: Roboto, sans-serif;\">\n<div style=\"font-family: Roboto, sans-serif;\">\n<div style=\"font-family: Roboto, sans-serif;\">\n<div style=\"font-family: Roboto, sans-serif;\">\n<div style=\"font-family: Roboto, sans-serif;\">\n<div style=\"font-family: Roboto, sans-serif;\">\n<div class=\"flex flex-grow flex-col max-w-full\">\n<div class=\"min-h-[20px] text-message flex flex-col items-start whitespace-pre-wrap break-words [.text-message+&amp;]:mt-5 juice:w-full juice:items-end overflow-x-auto gap-2\" dir=\"auto\" data-message-author-role=\"assistant\" data-message-id=\"2034782e-88f9-44ef-b4dc-07dd7bf0115f\">\n<div class=\"flex w-full flex-col gap-1 juice:empty:hidden juice:first:pt-[3px]\">\n<div class=\"markdown prose w-full break-words dark:prose-invert light\">\n<div style=\"font-family: Roboto, sans-serif;\">\n<div style=\"font-family: Roboto, sans-serif;\">\n<div style=\"font-family: Roboto, sans-serif;\">\n<div style=\"font-family: Roboto, sans-serif;\">\n<div style=\"font-family: Roboto, sans-serif;\">\n<div style=\"font-family: Roboto, sans-serif;\">\n<p>Infine, questa <strong>scatola<\/strong> \u00e8 un punto di forza per le vendite di fine anno. Permette di massimizzare l&#8217;attrattiva delle tue creazioni per i clienti. Con la <strong>scatola per tronchetto di Natale<\/strong>, i tuoi dolci diventano veri e propri regali da donare!  <\/p>\n<p>&nbsp;<\/p>\n<p><!--more--><\/p>\n<h4 style=\"text-align: left;\"><strong>I vantaggi della nostra <\/strong>scatola per tronchetto &#8220;Ma B\u00fbche&#8221; <strong>40 x 11 x 10 cm<\/strong> <strong>:<\/strong><\/h4>\n<ul style=\"text-align: left;\">\n<li><strong>Dimensioni ideali<\/strong>: le sue misure di <strong>40 x 11 x 10 cm<\/strong> sono perfette per un tronchetto di grandi dimensioni.<\/li>\n<li><strong>Design festivo<\/strong>: Con la sua estetica ispirata al Natale, questa <strong>scatola<\/strong> aggiunge un tocco di magia ai tuoi dolci.<\/li>\n<li><strong>Protezione ottimale<\/strong>: La <strong>scatola<\/strong> \u00e8 dotata di una chiusura sicura, proteggendo efficacemente il tuo tronchetto durante il trasporto o la conservazione.<\/li>\n<li><strong>Praticit\u00e0<\/strong>: La sua concezione permette una manipolazione semplice e una presentazione curata.<\/li>\n<\/ul>\n<\/div>\n<\/div>\n<\/div>\n<\/div>\n<\/div>\n<\/div>\n<\/div>\n<\/div>\n<\/div>\n<\/div>\n<\/div>\n<\/div>\n<p>&nbsp;<\/p>\n<\/div>\n<\/div>\n<\/div>\n<\/div>\n<\/div>\n<\/div>\n<\/div>\n<\/div>\n<\/div>\n<\/div>\n<\/div>\n<p><!--more--><\/p>\n<h4>Altre informazioni su questo prodotto:<\/h4>\n<ul style=\"font-family: Roboto, sans-serif;\">\n<li><strong>Confezione<\/strong>: Pacchetto da 25<\/li>\n<li><span style=\"font-weight: bold;\">Dimensioni<\/span>: 40 x 11 x 10 cm (L x l x h)<\/li>\n<li><strong>Materiale<\/strong>: Cartone<\/li>\n<\/ul>\n<p>&nbsp;<\/p>\n<p><!--more--><\/p>\n<p>Questo prodotto \u00e8 disponibile in diverse misure: <span style=\"color: #d12727;\"><a style=\"color: #d12727;\" href=\"https:\/\/www.csj-emballages.com\/produit\/25-boites-a-buche-ma-buche-20-x-11-x-10-cm\/\">20 x 11 x 10 cm<\/a><\/span> \/ <span style=\"color: #d12727;\"><a style=\"color: #d12727;\" href=\"https:\/\/www.csj-emballages.com\/produit\/25-boites-a-buche-ma-buche-25-x-11-x-10-cm\/\">25 x 11 x 10 cm<\/a><\/span> \/ <span style=\"color: #d12727;\"><a style=\"color: #d12727;\" href=\"https:\/\/www.csj-emballages.com\/produit\/25-boites-a-buche-ma-buche-30-x-11-x-10-cm\/\">30 x 11 x 10 cm<\/a><\/span> \/ <span style=\"color: #d12727;\"><a style=\"color: #d12727;\" href=\"https:\/\/www.csj-emballages.com\/produit\/25-boites-a-buche-ma-buche-35-x-11-x-10-cm\/\">35 x 11 x 10 cm<\/a><\/span><\/p>\n<p>&nbsp;<\/p>\n<p><!--more--><\/p>\n<p><a href=\"https:\/\/www.csj-emballages.com\/it\/categorie-produit\/imballaggi-alimentari\/panetteria-pasticceria\/scatola-e-astuccio\/scatole-per-tronchetto\/scatole-per-tronchetto-il-mio-tronchetto\/\">Scopri il resto della nostra gamma di scatole per tronchetto &#8216;Ma B\u00fbche&#8217;<\/a><\/p>\n","protected":false},"excerpt":{"rendered":"<p>Scatola per tronchetto Descrizione della nostra scatola per tronchetto &#8220;Ma B\u00fbche&#8221; 40x11x10 cm<\/p>\n","protected":false},"featured_media":267924,"template":"","meta":{"_acf_changed":false},"product_brand":[],"product_cat":[10346,10344,10571,10627,10358],"product_tag":[],"class_list":{"0":"post-267919","1":"product","2":"type-product","3":"status-publish","4":"has-post-thumbnail","6":"product_cat-imballaggi-alimentari","7":"product_cat-panetteria-pasticceria","8":"product_cat-scatole-per-tronchetto","9":"product_cat-scatole-per-tronchetto-il-mio-tronchetto","10":"product_cat-stock","12":"first","13":"instock","14":"sale","15":"taxable","16":"shipping-taxable","17":"purchasable","18":"product-type-simple"},"acf":[],"yoast_head":"<!-- This site is optimized with the Yoast SEO Premium plugin v26.6 (Yoast SEO v26.6) - https:\/\/yoast.com\/wordpress\/plugins\/seo\/ -->\n<title>Scatola per tronchetto 40x11x10 cm - Modello &#039;Ma B\u00fbche&#039;<\/title>\n<meta name=\"description\" content=\"Scopri subito la nostra scatola per tronchetto 40x11x10 cm. Elegante e pratica, \u00e8 l&#039;ideale per festeggiare il Natale!\" \/>\n<meta name=\"robots\" content=\"index, follow, max-snippet:-1, max-image-preview:large, max-video-preview:-1\" \/>\n<link rel=\"canonical\" href=\"https:\/\/www.csj-emballages.com\/it\/produit\/scatola-per-tronchetto-ma-buche-40-x-11-x-10-cm-da-25-pz\/\" \/>\n<meta property=\"og:locale\" content=\"it_IT\" \/>\n<meta property=\"og:type\" content=\"article\" \/>\n<meta property=\"og:title\" content=\"Scatola per tronchetto 40x11x10 cm - Modello &#039;Ma B\u00fbche&#039;\" \/>\n<meta property=\"og:description\" content=\"Scopri subito la nostra scatola per tronchetto 40x11x10 cm. Elegante e pratica, \u00e8 l&#039;ideale per festeggiare il Natale!\" \/>\n<meta property=\"og:url\" content=\"https:\/\/www.csj-emballages.com\/it\/produit\/scatola-per-tronchetto-ma-buche-40-x-11-x-10-cm-da-25-pz\/\" \/>\n<meta property=\"og:site_name\" content=\"CSJ Emballages\" \/>\n<meta property=\"article:publisher\" content=\"https:\/\/www.facebook.com\/csjemballages\" \/>\n<meta property=\"article:modified_time\" content=\"2026-03-12T15:11:24+00:00\" \/>\n<meta property=\"og:image\" content=\"https:\/\/www.csj-emballages.com\/wp-content\/uploads\/2024\/03\/boite-buche-colore-ma-buche-carton-noel-rectangle-qualite-grossiste-csj-emba-3-jpg.webp\" \/>\n\t<meta property=\"og:image:width\" content=\"800\" \/>\n\t<meta property=\"og:image:height\" content=\"800\" \/>\n\t<meta property=\"og:image:type\" content=\"image\/jpeg\" \/>\n<meta name=\"twitter:card\" content=\"summary_large_image\" \/>\n<meta name=\"twitter:title\" content=\"Scatola per tronchetto 40x11x10 cm - Modello &#039;Ma B\u00fbche&#039;\" \/>\n<meta name=\"twitter:description\" content=\"Scopri subito la nostra scatola per tronchetto 40x11x10 cm. Elegante e pratica, \u00e8 l&#039;ideale per festeggiare il Natale!\" \/>\n<meta name=\"twitter:label1\" content=\"Dur\u00e9e de lecture estim\u00e9e\" \/>\n\t<meta name=\"twitter:data1\" content=\"2 minuti\" \/>\n<script type=\"application\/ld+json\" class=\"yoast-schema-graph\">{\"@context\":\"https:\/\/schema.org\",\"@graph\":[{\"@type\":\"WebPage\",\"@id\":\"https:\/\/www.csj-emballages.com\/it\/produit\/scatola-per-tronchetto-ma-buche-40-x-11-x-10-cm-da-25-pz\/\",\"url\":\"https:\/\/www.csj-emballages.com\/it\/produit\/scatola-per-tronchetto-ma-buche-40-x-11-x-10-cm-da-25-pz\/\",\"name\":\"Scatola per tronchetto 40x11x10 cm - Modello 'Ma B\u00fbche'\",\"isPartOf\":{\"@id\":\"https:\/\/www.csj-emballages.com\/it\/#website\"},\"primaryImageOfPage\":{\"@id\":\"https:\/\/www.csj-emballages.com\/it\/produit\/scatola-per-tronchetto-ma-buche-40-x-11-x-10-cm-da-25-pz\/#primaryimage\"},\"image\":{\"@id\":\"https:\/\/www.csj-emballages.com\/it\/produit\/scatola-per-tronchetto-ma-buche-40-x-11-x-10-cm-da-25-pz\/#primaryimage\"},\"thumbnailUrl\":\"https:\/\/www.csj-emballages.com\/wp-content\/uploads\/2024\/03\/boite-buche-colore-ma-buche-carton-noel-rectangle-qualite-grossiste-csj-emba-3-jpg.webp\",\"datePublished\":\"2024-03-01T15:57:20+00:00\",\"dateModified\":\"2026-03-12T15:11:24+00:00\",\"description\":\"Scopri subito la nostra scatola per tronchetto 40x11x10 cm. Elegante e pratica, \u00e8 l'ideale per festeggiare il Natale!\",\"breadcrumb\":{\"@id\":\"https:\/\/www.csj-emballages.com\/it\/produit\/scatola-per-tronchetto-ma-buche-40-x-11-x-10-cm-da-25-pz\/#breadcrumb\"},\"inLanguage\":\"it-IT\",\"potentialAction\":[{\"@type\":\"ReadAction\",\"target\":[\"https:\/\/www.csj-emballages.com\/it\/produit\/scatola-per-tronchetto-ma-buche-40-x-11-x-10-cm-da-25-pz\/\"]}]},{\"@type\":\"ImageObject\",\"inLanguage\":\"it-IT\",\"@id\":\"https:\/\/www.csj-emballages.com\/it\/produit\/scatola-per-tronchetto-ma-buche-40-x-11-x-10-cm-da-25-pz\/#primaryimage\",\"url\":\"https:\/\/www.csj-emballages.com\/wp-content\/uploads\/2024\/03\/boite-buche-colore-ma-buche-carton-noel-rectangle-qualite-grossiste-csj-emba-3-jpg.webp\",\"contentUrl\":\"https:\/\/www.csj-emballages.com\/wp-content\/uploads\/2024\/03\/boite-buche-colore-ma-buche-carton-noel-rectangle-qualite-grossiste-csj-emba-3-jpg.webp\",\"width\":800,\"height\":800,\"caption\":\"boite a buche\"},{\"@type\":\"BreadcrumbList\",\"@id\":\"https:\/\/www.csj-emballages.com\/it\/produit\/scatola-per-tronchetto-ma-buche-40-x-11-x-10-cm-da-25-pz\/#breadcrumb\",\"itemListElement\":[{\"@type\":\"ListItem\",\"position\":1,\"name\":\"Home\",\"item\":\"https:\/\/www.csj-emballages.com\/it\/universo-imballaggi-alimentari\/\"},{\"@type\":\"ListItem\",\"position\":2,\"name\":\"Negozio\",\"item\":\"https:\/\/www.csj-emballages.com\/it\/negozio\/\"},{\"@type\":\"ListItem\",\"position\":3,\"name\":\"Scatola per tronchetto \u00ab\u00a0Ma b\u00fbche\u00a0\u00bb 40 x 11 x 10 cm da 25 pz.\"}]},{\"@type\":\"WebSite\",\"@id\":\"https:\/\/www.csj-emballages.com\/it\/#website\",\"url\":\"https:\/\/www.csj-emballages.com\/it\/\",\"name\":\"CSJ Emballages\",\"description\":\"\",\"publisher\":{\"@id\":\"https:\/\/www.csj-emballages.com\/it\/#organization\"},\"potentialAction\":[{\"@type\":\"SearchAction\",\"target\":{\"@type\":\"EntryPoint\",\"urlTemplate\":\"https:\/\/www.csj-emballages.com\/it\/?s={search_term_string}\"},\"query-input\":{\"@type\":\"PropertyValueSpecification\",\"valueRequired\":true,\"valueName\":\"search_term_string\"}}],\"inLanguage\":\"it-IT\"},{\"@type\":\"Organization\",\"@id\":\"https:\/\/www.csj-emballages.com\/it\/#Organization\/\",\"name\":\"CSJ Emballages\",\"url\":\"https:\/\/www.csj-emballages.com\/it\/\",\"logo\":{\"@type\":\"ImageObject\",\"inLanguage\":\"it-IT\",\"@id\":\"https:\/\/www.csj-emballages.com\/it\/#\/schema\/logo\/image\/\",\"url\":\"https:\/\/www.csj-emballages.com\/wp-content\/uploads\/2023\/10\/logo_csj.webp\",\"contentUrl\":\"https:\/\/www.csj-emballages.com\/wp-content\/uploads\/2023\/10\/logo_csj.webp\",\"width\":250,\"height\":95,\"caption\":\"CSJ Emballages\"},\"image\":{\"@id\":\"https:\/\/www.csj-emballages.com\/it\/#\/schema\/logo\/image\/\"},\"sameAs\":[\"https:\/\/www.facebook.com\/csjemballages\"],\"address\":{\"@type\":\"PostalAddress\",\"streetAddress\":\"ZI La Lechere\",\"addressLocality\":\"Patornay\",\"postalCode\":\"39130\",\"addressCountry\":\"FR\"},\"contactPoint\":[{\"@type\":\"ContactPoint\",\"contactType\":\"Service client\",\"telephone\":\"0384254272\",\"email\":\"contact@csj-emballages.com\"}]}]}<\/script>\n<!-- \/ Yoast SEO Premium plugin. -->","yoast_head_json":{"title":"Scatola per tronchetto 40x11x10 cm - Modello 'Ma B\u00fbche'","description":"Scopri subito la nostra scatola per tronchetto 40x11x10 cm. Elegante e pratica, \u00e8 l'ideale per festeggiare il Natale!","robots":{"index":"index","follow":"follow","max-snippet":"max-snippet:-1","max-image-preview":"max-image-preview:large","max-video-preview":"max-video-preview:-1"},"canonical":"https:\/\/www.csj-emballages.com\/it\/produit\/scatola-per-tronchetto-ma-buche-40-x-11-x-10-cm-da-25-pz\/","og_locale":"it_IT","og_type":"article","og_title":"Scatola per tronchetto 40x11x10 cm - Modello 'Ma B\u00fbche'","og_description":"Scopri subito la nostra scatola per tronchetto 40x11x10 cm. Elegante e pratica, \u00e8 l'ideale per festeggiare il Natale!","og_url":"https:\/\/www.csj-emballages.com\/it\/produit\/scatola-per-tronchetto-ma-buche-40-x-11-x-10-cm-da-25-pz\/","og_site_name":"CSJ Emballages","article_publisher":"https:\/\/www.facebook.com\/csjemballages","article_modified_time":"2026-03-12T15:11:24+00:00","og_image":[{"width":800,"height":800,"url":"https:\/\/www.csj-emballages.com\/wp-content\/uploads\/2024\/03\/boite-buche-colore-ma-buche-carton-noel-rectangle-qualite-grossiste-csj-emba-3-jpg.webp","type":"image\/jpeg"}],"twitter_card":"summary_large_image","twitter_title":"Scatola per tronchetto 40x11x10 cm - Modello 'Ma B\u00fbche'","twitter_description":"Scopri subito la nostra scatola per tronchetto 40x11x10 cm. Elegante e pratica, \u00e8 l'ideale per festeggiare il Natale!","twitter_misc":{"Dur\u00e9e de lecture estim\u00e9e":"2 minuti"},"schema":{"@context":"https:\/\/schema.org","@graph":[{"@type":"WebPage","@id":"https:\/\/www.csj-emballages.com\/it\/produit\/scatola-per-tronchetto-ma-buche-40-x-11-x-10-cm-da-25-pz\/","url":"https:\/\/www.csj-emballages.com\/it\/produit\/scatola-per-tronchetto-ma-buche-40-x-11-x-10-cm-da-25-pz\/","name":"Scatola per tronchetto 40x11x10 cm - Modello 'Ma B\u00fbche'","isPartOf":{"@id":"https:\/\/www.csj-emballages.com\/it\/#website"},"primaryImageOfPage":{"@id":"https:\/\/www.csj-emballages.com\/it\/produit\/scatola-per-tronchetto-ma-buche-40-x-11-x-10-cm-da-25-pz\/#primaryimage"},"image":{"@id":"https:\/\/www.csj-emballages.com\/it\/produit\/scatola-per-tronchetto-ma-buche-40-x-11-x-10-cm-da-25-pz\/#primaryimage"},"thumbnailUrl":"https:\/\/www.csj-emballages.com\/wp-content\/uploads\/2024\/03\/boite-buche-colore-ma-buche-carton-noel-rectangle-qualite-grossiste-csj-emba-3-jpg.webp","datePublished":"2024-03-01T15:57:20+00:00","dateModified":"2026-03-12T15:11:24+00:00","description":"Scopri subito la nostra scatola per tronchetto 40x11x10 cm. Elegante e pratica, \u00e8 l'ideale per festeggiare il Natale!","breadcrumb":{"@id":"https:\/\/www.csj-emballages.com\/it\/produit\/scatola-per-tronchetto-ma-buche-40-x-11-x-10-cm-da-25-pz\/#breadcrumb"},"inLanguage":"it-IT","potentialAction":[{"@type":"ReadAction","target":["https:\/\/www.csj-emballages.com\/it\/produit\/scatola-per-tronchetto-ma-buche-40-x-11-x-10-cm-da-25-pz\/"]}]},{"@type":"ImageObject","inLanguage":"it-IT","@id":"https:\/\/www.csj-emballages.com\/it\/produit\/scatola-per-tronchetto-ma-buche-40-x-11-x-10-cm-da-25-pz\/#primaryimage","url":"https:\/\/www.csj-emballages.com\/wp-content\/uploads\/2024\/03\/boite-buche-colore-ma-buche-carton-noel-rectangle-qualite-grossiste-csj-emba-3-jpg.webp","contentUrl":"https:\/\/www.csj-emballages.com\/wp-content\/uploads\/2024\/03\/boite-buche-colore-ma-buche-carton-noel-rectangle-qualite-grossiste-csj-emba-3-jpg.webp","width":800,"height":800,"caption":"boite a buche"},{"@type":"BreadcrumbList","@id":"https:\/\/www.csj-emballages.com\/it\/produit\/scatola-per-tronchetto-ma-buche-40-x-11-x-10-cm-da-25-pz\/#breadcrumb","itemListElement":[{"@type":"ListItem","position":1,"name":"Home","item":"https:\/\/www.csj-emballages.com\/it\/universo-imballaggi-alimentari\/"},{"@type":"ListItem","position":2,"name":"Negozio","item":"https:\/\/www.csj-emballages.com\/it\/negozio\/"},{"@type":"ListItem","position":3,"name":"Scatola per tronchetto \u00ab\u00a0Ma b\u00fbche\u00a0\u00bb 40 x 11 x 10 cm da 25 pz."}]},{"@type":"WebSite","@id":"https:\/\/www.csj-emballages.com\/it\/#website","url":"https:\/\/www.csj-emballages.com\/it\/","name":"CSJ Emballages","description":"","publisher":{"@id":"https:\/\/www.csj-emballages.com\/it\/#organization"},"potentialAction":[{"@type":"SearchAction","target":{"@type":"EntryPoint","urlTemplate":"https:\/\/www.csj-emballages.com\/it\/?s={search_term_string}"},"query-input":{"@type":"PropertyValueSpecification","valueRequired":true,"valueName":"search_term_string"}}],"inLanguage":"it-IT"},{"@type":"Organization","@id":"https:\/\/www.csj-emballages.com\/it\/#Organization\/","name":"CSJ Emballages","url":"https:\/\/www.csj-emballages.com\/it\/","logo":{"@type":"ImageObject","inLanguage":"it-IT","@id":"https:\/\/www.csj-emballages.com\/it\/#\/schema\/logo\/image\/","url":"https:\/\/www.csj-emballages.com\/wp-content\/uploads\/2023\/10\/logo_csj.webp","contentUrl":"https:\/\/www.csj-emballages.com\/wp-content\/uploads\/2023\/10\/logo_csj.webp","width":250,"height":95,"caption":"CSJ Emballages"},"image":{"@id":"https:\/\/www.csj-emballages.com\/it\/#\/schema\/logo\/image\/"},"sameAs":["https:\/\/www.facebook.com\/csjemballages"],"address":{"@type":"PostalAddress","streetAddress":"ZI La Lechere","addressLocality":"Patornay","postalCode":"39130","addressCountry":"FR"},"contactPoint":[{"@type":"ContactPoint","contactType":"Service client","telephone":"0384254272","email":"contact@csj-emballages.com"}]}]}},"df_price":16.38,"df_sale_price":16.38,"df_regular_price":20.47,"df_image_link":"https:\/\/www.csj-emballages.com\/wp-content\/uploads\/2024\/03\/boite-buche-colore-ma-buche-carton-noel-rectangle-qualite-grossiste-csj-emba-3-300x300.webp","tiered_pricing_type":"fixed","tiered_pricing_fixed_rules":[],"tiered_pricing_percentage_rules":[],"tiered_pricing_minimum":1,"tiered_pricing_roles_data":[],"_links":{"self":[{"href":"https:\/\/www.csj-emballages.com\/it\/wp-json\/wp\/v2\/product\/267919","targetHints":{"allow":["GET"]}}],"collection":[{"href":"https:\/\/www.csj-emballages.com\/it\/wp-json\/wp\/v2\/product"}],"about":[{"href":"https:\/\/www.csj-emballages.com\/it\/wp-json\/wp\/v2\/types\/product"}],"wp:featuredmedia":[{"embeddable":true,"href":"https:\/\/www.csj-emballages.com\/it\/wp-json\/wp\/v2\/media\/267924"}],"wp:attachment":[{"href":"https:\/\/www.csj-emballages.com\/it\/wp-json\/wp\/v2\/media?parent=267919"}],"wp:term":[{"taxonomy":"product_brand","embeddable":true,"href":"https:\/\/www.csj-emballages.com\/it\/wp-json\/wp\/v2\/product_brand?post=267919"},{"taxonomy":"product_cat","embeddable":true,"href":"https:\/\/www.csj-emballages.com\/it\/wp-json\/wp\/v2\/product_cat?post=267919"},{"taxonomy":"product_tag","embeddable":true,"href":"https:\/\/www.csj-emballages.com\/it\/wp-json\/wp\/v2\/product_tag?post=267919"}],"curies":[{"name":"wp","href":"https:\/\/api.w.org\/{rel}","templated":true}]}}