{"id":267911,"date":"2024-03-01T16:57:13","date_gmt":"2024-03-01T15:57:13","guid":{"rendered":"https:\/\/www.csj-emballages.com\/produit\/scatola-per-25-macarons-in-cartone-nero\/"},"modified":"2026-03-12T16:12:47","modified_gmt":"2026-03-12T15:12:47","slug":"scatola-per-25-macarons-in-cartone-nero","status":"publish","type":"product","link":"https:\/\/www.csj-emballages.com\/it\/produit\/scatola-per-25-macarons-in-cartone-nero\/","title":{"rendered":"Scatola per 25 macarons in cartone nero"},"content":{"rendered":"<h2>Scatola macaron<\/h2>\n<hr>\n<h3>Descrizione della nostra scatola per 25 macarons in cartone nero<\/h3>\n<p><!--more--><\/p>\n<p data-start=\"79\" data-end=\"480\">Scopri la nostra <strong data-start=\"95\" data-end=\"143\">scatola per 25 macarons in cartone nero<\/strong>, l\u2019imballaggio indispensabile per valorizzare le tue creazioni dolci. Elegante e robusta, questa <strong>scatola con finestra<\/strong> \u00e8 stata pensata appositamente per pasticceri, cioccolatieri e catering che desiderano unire estetica e praticit\u00e0. Il suo <strong data-start=\"361\" data-end=\"378\">colore nero<\/strong> dona un tocco di raffinatezza e mette in risalto la brillantezza e le sfumature colorate dei tuoi macarons. Realizzata in <strong data-start=\"495\" data-end=\"535\">cartone rigido per alimenti<\/strong>, garantisce un&#8217;eccellente protezione durante il trasporto e la conservazione. I tuoi macarons rimangono intatti, protetti dall&#8217;umidit\u00e0 e dagli urti esterni. Il suo design curato permette di ospitare <strong data-start=\"738\" data-end=\"753\">25 macarons<\/strong> perfettamente allineati, per una presentazione impeccabile durante eventi, vendite in negozio o regali gourmet.     <\/p>\n<p data-start=\"878\" data-end=\"1091\">Facile da maneggiare, questa <strong data-start=\"904\" data-end=\"923\">scatola di cartone<\/strong> \u00e8 anche rispettosa dell&#8217;ambiente poich\u00e9 \u00e8 riciclabile dopo l&#8217;uso. Unisce cos\u00ec le esigenze dei professionisti a un approccio responsabile. <\/p>\n<p data-start=\"1093\" data-end=\"1421\">Ideale per feste, matrimoni, compleanni o per una semplice degustazione raffinata, la <strong data-start=\"1184\" data-end=\"1232\">scatola per 25 macarons in cartone nero<\/strong> diventer\u00e0 presto un elemento indispensabile della tua gamma di imballaggi. Riflette la cura che dedichi alle tue creazioni artigianali e rassicura i tuoi clienti sulla qualit\u00e0 dei tuoi prodotti. <\/p>\n<p data-start=\"1423\" data-end=\"1694\">Scegliere questa <strong>scatola per macarons<\/strong> significa optare per una presentazione sobria e chic, garantendo al contempo la sicurezza e la freschezza dei tuoi dolci. Ti permette di offrire un&#8217;esperienza di gusto completa, dove l&#8217;imballaggio diventa il naturale prolungamento del tuo saper fare. <\/p>\n<p data-start=\"1423\" data-end=\"1694\"><!--more--><\/p>\n<h4 data-start=\"1423\" data-end=\"1694\">Vantaggi:<\/h4>\n<ul>\n<li data-start=\"1423\" data-end=\"1694\">Elegante finitura <strong data-start=\"1932\" data-end=\"1941\">nera<\/strong> che valorizza i tuoi macarons.<\/li>\n<li data-start=\"1423\" data-end=\"1694\">Capienza ideale di <strong data-start=\"1998\" data-end=\"2013\">25 macarons.<\/strong><\/li>\n<li data-start=\"1423\" data-end=\"1694\"><strong data-start=\"2018\" data-end=\"2035\">Cartone rigido<\/strong> resistente e per alimenti.<\/li>\n<li data-start=\"1423\" data-end=\"1694\">Imballaggio <strong data-start=\"2141\" data-end=\"2155\">riciclabile<\/strong> e rispettoso dell&#8217;ambiente.<\/li>\n<li data-start=\"1423\" data-end=\"1694\">Presentazione professionale per negozi, eventi o regali.<\/li>\n<\/ul>\n<p>&nbsp;<\/p>\n<p><!--more--><\/p>\n<h4>Altre informazioni:<\/h4>\n<ul style=\"box-sizing: inherit; font-family: Roboto, sans-serif;\">\n<li><strong>Confezione<\/strong>: Venduta singolarmente<\/li>\n<li><span style=\"font-weight: bold;\">Dimensioni<\/span>: 220 x 147 x 55 (L x l x H in mm)<\/li>\n<li><strong>Materiale<\/strong>: Cartone + PET<\/li>\n<li><strong>Colore<\/strong>: Nero<\/li>\n<li><strong>Capacit\u00e0<\/strong>: 25 macaron<\/li>\n<li><strong>Opzione<\/strong>: Scatola progettata con finestra<\/li>\n<\/ul>\n<p>&nbsp;<\/p>\n<p><!--more--><\/p>\n<p>Disponibile in diversi colori: <span style=\"color: #d12727;\"><a style=\"color: #d12727;\" href=\"https:\/\/www.csj-emballages.com\/produit\/boites-oranges-pour-25-macarons-en-carton\/\">Arancione<\/a><\/span> \/ <span style=\"color: #d12727;\"><a style=\"color: #d12727;\" href=\"https:\/\/www.csj-emballages.com\/produit\/boites-vertes-pour-25-macarons-en-carton\/\">Verde<\/a> <\/span>\/ <span style=\"color: #d12727;\"><a style=\"color: #d12727;\" href=\"https:\/\/www.csj-emballages.com\/produit\/boites-roses-pour-25-macarons-en-carton\/\">Rosa<\/a><\/span><\/p>\n<p>&nbsp;<\/p>\n<p><!--more--><\/p>\n<p>Trovi qui i nostri due tipi di divisori per macarons compatibili con questa scatola: <span style=\"color: #d12727;\"><a style=\"color: #d12727;\" href=\"https:\/\/www.csj-emballages.com\/produit\/50-calages-noir-plastique-25-macarons-pour-boite\/\">CALBM25NOIR<\/a><\/span> (Nero) \/ <span style=\"color: #d12727;\"><a style=\"color: #d12727;\" href=\"https:\/\/www.csj-emballages.com\/produit\/50-calages-transparent-plastique-25-macarons-pour-boite\/\">CALBM25TRAN<\/a> <span style=\"color: #000000;\">(Trasparente)<\/span><\/span><\/p>\n<p>&nbsp;<\/p>\n<p><!--more--><\/p>\n<p><a href=\"https:\/\/www.csj-emballages.com\/it\/categorie-produit\/imballaggi-alimentari\/panetteria-pasticceria\/scatola-e-astuccio\/scatole-astucci\/scatole-inserti-macaron\/scatole-macaron-2\/\">Consulta il resto della nostra gamma di scatole per macarons<\/a><\/p>\n","protected":false},"excerpt":{"rendered":"<p>Scatola macaron Descrizione della nostra scatola per 25 macarons in cartone nero<\/p>\n","protected":false},"featured_media":267913,"template":"","meta":{"_acf_changed":false},"product_brand":[],"product_cat":[10346,10344,10388,10640,10642,10526],"product_tag":[],"class_list":{"0":"post-267911","1":"product","2":"type-product","3":"status-publish","4":"has-post-thumbnail","6":"product_cat-imballaggi-alimentari","7":"product_cat-panetteria-pasticceria","8":"product_cat-scatole-astucci","9":"product_cat-scatole-inserti-macaron","10":"product_cat-scatole-macaron-2","11":"product_cat-scatole-con-finestra","13":"first","14":"instock","15":"taxable","16":"shipping-taxable","17":"purchasable","18":"product-type-simple"},"acf":[],"yoast_head":"<!-- This site is optimized with the Yoast SEO Premium plugin v26.6 (Yoast SEO v26.6) - https:\/\/yoast.com\/wordpress\/plugins\/seo\/ -->\n<title>Scatola Macarons Nera in Cartone per 25 Macarons<\/title>\n<meta name=\"description\" content=\"Elegante scatola per 25 macarons in cartone nero: protezione, presentazione raffinata e imballaggio riciclabile per le tue creazioni dolci.\" \/>\n<meta name=\"robots\" content=\"index, follow, max-snippet:-1, max-image-preview:large, max-video-preview:-1\" \/>\n<link rel=\"canonical\" href=\"https:\/\/www.csj-emballages.com\/it\/produit\/scatola-per-25-macarons-in-cartone-nero\/\" \/>\n<meta property=\"og:locale\" content=\"it_IT\" \/>\n<meta property=\"og:type\" content=\"article\" \/>\n<meta property=\"og:title\" content=\"Scatola per 25 macarons in cartone nero\" \/>\n<meta property=\"og:description\" content=\"Elegante scatola per 25 macarons in cartone nero: protezione, presentazione raffinata e imballaggio riciclabile per le tue creazioni dolci.\" \/>\n<meta property=\"og:url\" content=\"https:\/\/www.csj-emballages.com\/it\/produit\/scatola-per-25-macarons-in-cartone-nero\/\" \/>\n<meta property=\"og:site_name\" content=\"CSJ Emballages\" \/>\n<meta property=\"article:publisher\" content=\"https:\/\/www.facebook.com\/csjemballages\" \/>\n<meta property=\"article:modified_time\" content=\"2026-03-12T15:12:47+00:00\" \/>\n<meta property=\"og:image\" content=\"https:\/\/www.csj-emballages.com\/wp-content\/uploads\/2024\/03\/BM25NOIR-1.webp\" \/>\n\t<meta property=\"og:image:width\" content=\"800\" \/>\n\t<meta property=\"og:image:height\" content=\"800\" \/>\n\t<meta property=\"og:image:type\" content=\"image\/webp\" \/>\n<meta name=\"twitter:card\" content=\"summary_large_image\" \/>\n<meta name=\"twitter:label1\" content=\"Dur\u00e9e de lecture estim\u00e9e\" \/>\n\t<meta name=\"twitter:data1\" content=\"2 minuti\" \/>\n<script type=\"application\/ld+json\" class=\"yoast-schema-graph\">{\"@context\":\"https:\/\/schema.org\",\"@graph\":[{\"@type\":\"WebPage\",\"@id\":\"https:\/\/www.csj-emballages.com\/it\/produit\/scatola-per-25-macarons-in-cartone-nero\/\",\"url\":\"https:\/\/www.csj-emballages.com\/it\/produit\/scatola-per-25-macarons-in-cartone-nero\/\",\"name\":\"Scatola Macarons Nera in Cartone per 25 Macarons\",\"isPartOf\":{\"@id\":\"https:\/\/www.csj-emballages.com\/it\/#website\"},\"primaryImageOfPage\":{\"@id\":\"https:\/\/www.csj-emballages.com\/it\/produit\/scatola-per-25-macarons-in-cartone-nero\/#primaryimage\"},\"image\":{\"@id\":\"https:\/\/www.csj-emballages.com\/it\/produit\/scatola-per-25-macarons-in-cartone-nero\/#primaryimage\"},\"thumbnailUrl\":\"https:\/\/www.csj-emballages.com\/wp-content\/uploads\/2024\/03\/BM25NOIR-1.webp\",\"datePublished\":\"2024-03-01T15:57:13+00:00\",\"dateModified\":\"2026-03-12T15:12:47+00:00\",\"description\":\"Elegante scatola per 25 macarons in cartone nero: protezione, presentazione raffinata e imballaggio riciclabile per le tue creazioni dolci.\",\"breadcrumb\":{\"@id\":\"https:\/\/www.csj-emballages.com\/it\/produit\/scatola-per-25-macarons-in-cartone-nero\/#breadcrumb\"},\"inLanguage\":\"it-IT\",\"potentialAction\":[{\"@type\":\"ReadAction\",\"target\":[\"https:\/\/www.csj-emballages.com\/it\/produit\/scatola-per-25-macarons-in-cartone-nero\/\"]}]},{\"@type\":\"ImageObject\",\"inLanguage\":\"it-IT\",\"@id\":\"https:\/\/www.csj-emballages.com\/it\/produit\/scatola-per-25-macarons-in-cartone-nero\/#primaryimage\",\"url\":\"https:\/\/www.csj-emballages.com\/wp-content\/uploads\/2024\/03\/BM25NOIR-1.webp\",\"contentUrl\":\"https:\/\/www.csj-emballages.com\/wp-content\/uploads\/2024\/03\/BM25NOIR-1.webp\",\"width\":800,\"height\":800,\"caption\":\"Boite macarons\"},{\"@type\":\"BreadcrumbList\",\"@id\":\"https:\/\/www.csj-emballages.com\/it\/produit\/scatola-per-25-macarons-in-cartone-nero\/#breadcrumb\",\"itemListElement\":[{\"@type\":\"ListItem\",\"position\":1,\"name\":\"Home\",\"item\":\"https:\/\/www.csj-emballages.com\/it\/universo-imballaggi-alimentari\/\"},{\"@type\":\"ListItem\",\"position\":2,\"name\":\"Negozio\",\"item\":\"https:\/\/www.csj-emballages.com\/it\/negozio\/\"},{\"@type\":\"ListItem\",\"position\":3,\"name\":\"Scatola per 25 macarons in cartone nero\"}]},{\"@type\":\"WebSite\",\"@id\":\"https:\/\/www.csj-emballages.com\/it\/#website\",\"url\":\"https:\/\/www.csj-emballages.com\/it\/\",\"name\":\"CSJ Emballages\",\"description\":\"\",\"publisher\":{\"@id\":\"https:\/\/www.csj-emballages.com\/it\/#organization\"},\"potentialAction\":[{\"@type\":\"SearchAction\",\"target\":{\"@type\":\"EntryPoint\",\"urlTemplate\":\"https:\/\/www.csj-emballages.com\/it\/?s={search_term_string}\"},\"query-input\":{\"@type\":\"PropertyValueSpecification\",\"valueRequired\":true,\"valueName\":\"search_term_string\"}}],\"inLanguage\":\"it-IT\"},{\"@type\":\"Organization\",\"@id\":\"https:\/\/www.csj-emballages.com\/it\/#Organization\/\",\"name\":\"CSJ Emballages\",\"url\":\"https:\/\/www.csj-emballages.com\/it\/\",\"logo\":{\"@type\":\"ImageObject\",\"inLanguage\":\"it-IT\",\"@id\":\"https:\/\/www.csj-emballages.com\/it\/#\/schema\/logo\/image\/\",\"url\":\"https:\/\/www.csj-emballages.com\/wp-content\/uploads\/2023\/10\/logo_csj.webp\",\"contentUrl\":\"https:\/\/www.csj-emballages.com\/wp-content\/uploads\/2023\/10\/logo_csj.webp\",\"width\":250,\"height\":95,\"caption\":\"CSJ Emballages\"},\"image\":{\"@id\":\"https:\/\/www.csj-emballages.com\/it\/#\/schema\/logo\/image\/\"},\"sameAs\":[\"https:\/\/www.facebook.com\/csjemballages\"],\"address\":{\"@type\":\"PostalAddress\",\"streetAddress\":\"ZI La Lechere\",\"addressLocality\":\"Patornay\",\"postalCode\":\"39130\",\"addressCountry\":\"FR\"},\"contactPoint\":[{\"@type\":\"ContactPoint\",\"contactType\":\"Service client\",\"telephone\":\"0384254272\",\"email\":\"contact@csj-emballages.com\"}]}]}<\/script>\n<!-- \/ Yoast SEO Premium plugin. -->","yoast_head_json":{"title":"Scatola Macarons Nera in Cartone per 25 Macarons","description":"Elegante scatola per 25 macarons in cartone nero: protezione, presentazione raffinata e imballaggio riciclabile per le tue creazioni dolci.","robots":{"index":"index","follow":"follow","max-snippet":"max-snippet:-1","max-image-preview":"max-image-preview:large","max-video-preview":"max-video-preview:-1"},"canonical":"https:\/\/www.csj-emballages.com\/it\/produit\/scatola-per-25-macarons-in-cartone-nero\/","og_locale":"it_IT","og_type":"article","og_title":"Scatola per 25 macarons in cartone nero","og_description":"Elegante scatola per 25 macarons in cartone nero: protezione, presentazione raffinata e imballaggio riciclabile per le tue creazioni dolci.","og_url":"https:\/\/www.csj-emballages.com\/it\/produit\/scatola-per-25-macarons-in-cartone-nero\/","og_site_name":"CSJ Emballages","article_publisher":"https:\/\/www.facebook.com\/csjemballages","article_modified_time":"2026-03-12T15:12:47+00:00","og_image":[{"width":800,"height":800,"url":"https:\/\/www.csj-emballages.com\/wp-content\/uploads\/2024\/03\/BM25NOIR-1.webp","type":"image\/webp"}],"twitter_card":"summary_large_image","twitter_misc":{"Dur\u00e9e de lecture estim\u00e9e":"2 minuti"},"schema":{"@context":"https:\/\/schema.org","@graph":[{"@type":"WebPage","@id":"https:\/\/www.csj-emballages.com\/it\/produit\/scatola-per-25-macarons-in-cartone-nero\/","url":"https:\/\/www.csj-emballages.com\/it\/produit\/scatola-per-25-macarons-in-cartone-nero\/","name":"Scatola Macarons Nera in Cartone per 25 Macarons","isPartOf":{"@id":"https:\/\/www.csj-emballages.com\/it\/#website"},"primaryImageOfPage":{"@id":"https:\/\/www.csj-emballages.com\/it\/produit\/scatola-per-25-macarons-in-cartone-nero\/#primaryimage"},"image":{"@id":"https:\/\/www.csj-emballages.com\/it\/produit\/scatola-per-25-macarons-in-cartone-nero\/#primaryimage"},"thumbnailUrl":"https:\/\/www.csj-emballages.com\/wp-content\/uploads\/2024\/03\/BM25NOIR-1.webp","datePublished":"2024-03-01T15:57:13+00:00","dateModified":"2026-03-12T15:12:47+00:00","description":"Elegante scatola per 25 macarons in cartone nero: protezione, presentazione raffinata e imballaggio riciclabile per le tue creazioni dolci.","breadcrumb":{"@id":"https:\/\/www.csj-emballages.com\/it\/produit\/scatola-per-25-macarons-in-cartone-nero\/#breadcrumb"},"inLanguage":"it-IT","potentialAction":[{"@type":"ReadAction","target":["https:\/\/www.csj-emballages.com\/it\/produit\/scatola-per-25-macarons-in-cartone-nero\/"]}]},{"@type":"ImageObject","inLanguage":"it-IT","@id":"https:\/\/www.csj-emballages.com\/it\/produit\/scatola-per-25-macarons-in-cartone-nero\/#primaryimage","url":"https:\/\/www.csj-emballages.com\/wp-content\/uploads\/2024\/03\/BM25NOIR-1.webp","contentUrl":"https:\/\/www.csj-emballages.com\/wp-content\/uploads\/2024\/03\/BM25NOIR-1.webp","width":800,"height":800,"caption":"Boite macarons"},{"@type":"BreadcrumbList","@id":"https:\/\/www.csj-emballages.com\/it\/produit\/scatola-per-25-macarons-in-cartone-nero\/#breadcrumb","itemListElement":[{"@type":"ListItem","position":1,"name":"Home","item":"https:\/\/www.csj-emballages.com\/it\/universo-imballaggi-alimentari\/"},{"@type":"ListItem","position":2,"name":"Negozio","item":"https:\/\/www.csj-emballages.com\/it\/negozio\/"},{"@type":"ListItem","position":3,"name":"Scatola per 25 macarons in cartone nero"}]},{"@type":"WebSite","@id":"https:\/\/www.csj-emballages.com\/it\/#website","url":"https:\/\/www.csj-emballages.com\/it\/","name":"CSJ Emballages","description":"","publisher":{"@id":"https:\/\/www.csj-emballages.com\/it\/#organization"},"potentialAction":[{"@type":"SearchAction","target":{"@type":"EntryPoint","urlTemplate":"https:\/\/www.csj-emballages.com\/it\/?s={search_term_string}"},"query-input":{"@type":"PropertyValueSpecification","valueRequired":true,"valueName":"search_term_string"}}],"inLanguage":"it-IT"},{"@type":"Organization","@id":"https:\/\/www.csj-emballages.com\/it\/#Organization\/","name":"CSJ Emballages","url":"https:\/\/www.csj-emballages.com\/it\/","logo":{"@type":"ImageObject","inLanguage":"it-IT","@id":"https:\/\/www.csj-emballages.com\/it\/#\/schema\/logo\/image\/","url":"https:\/\/www.csj-emballages.com\/wp-content\/uploads\/2023\/10\/logo_csj.webp","contentUrl":"https:\/\/www.csj-emballages.com\/wp-content\/uploads\/2023\/10\/logo_csj.webp","width":250,"height":95,"caption":"CSJ Emballages"},"image":{"@id":"https:\/\/www.csj-emballages.com\/it\/#\/schema\/logo\/image\/"},"sameAs":["https:\/\/www.facebook.com\/csjemballages"],"address":{"@type":"PostalAddress","streetAddress":"ZI La Lechere","addressLocality":"Patornay","postalCode":"39130","addressCountry":"FR"},"contactPoint":[{"@type":"ContactPoint","contactType":"Service client","telephone":"0384254272","email":"contact@csj-emballages.com"}]}]}},"df_price":0.88,"df_sale_price":"","df_regular_price":0.88,"df_image_link":"https:\/\/www.csj-emballages.com\/wp-content\/uploads\/2024\/03\/BM25NOIR-1-300x300.webp","tiered_pricing_type":"fixed","tiered_pricing_fixed_rules":[],"tiered_pricing_percentage_rules":[],"tiered_pricing_minimum":1,"tiered_pricing_roles_data":[],"_links":{"self":[{"href":"https:\/\/www.csj-emballages.com\/it\/wp-json\/wp\/v2\/product\/267911","targetHints":{"allow":["GET"]}}],"collection":[{"href":"https:\/\/www.csj-emballages.com\/it\/wp-json\/wp\/v2\/product"}],"about":[{"href":"https:\/\/www.csj-emballages.com\/it\/wp-json\/wp\/v2\/types\/product"}],"wp:featuredmedia":[{"embeddable":true,"href":"https:\/\/www.csj-emballages.com\/it\/wp-json\/wp\/v2\/media\/267913"}],"wp:attachment":[{"href":"https:\/\/www.csj-emballages.com\/it\/wp-json\/wp\/v2\/media?parent=267911"}],"wp:term":[{"taxonomy":"product_brand","embeddable":true,"href":"https:\/\/www.csj-emballages.com\/it\/wp-json\/wp\/v2\/product_brand?post=267911"},{"taxonomy":"product_cat","embeddable":true,"href":"https:\/\/www.csj-emballages.com\/it\/wp-json\/wp\/v2\/product_cat?post=267911"},{"taxonomy":"product_tag","embeddable":true,"href":"https:\/\/www.csj-emballages.com\/it\/wp-json\/wp\/v2\/product_tag?post=267911"}],"curies":[{"name":"wp","href":"https:\/\/api.w.org\/{rel}","templated":true}]}}