{"id":267882,"date":"2024-03-01T16:57:19","date_gmt":"2024-03-01T15:57:19","guid":{"rendered":"https:\/\/www.csj-emballages.com\/produit\/bobina-camoscio-riciclata-2-veli-1000-strappi-22-x-25-cm-x-2\/"},"modified":"2026-03-26T02:11:23","modified_gmt":"2026-03-26T01:11:23","slug":"bobina-camoscio-riciclata-2-veli-1000-strappi-22-x-25-cm-x-2","status":"publish","type":"product","link":"https:\/\/www.csj-emballages.com\/it\/produit\/bobina-camoscio-riciclata-2-veli-1000-strappi-22-x-25-cm-x-2\/","title":{"rendered":"Bobina camoscio riciclata 2 veli 1000 strappi 22 x 25 cm x 2"},"content":{"rendered":"<h2>Bobina camoscio<\/h2>\n<hr>\n<h3>Descrizione della nostra bobina camoscio riciclata 2 veli 1000 strappi 22 x 25 cm x 2<\/h3>\n<p><!--more--><\/p>\n<p data-start=\"225\" data-end=\"588\">Questa <strong data-start=\"231\" data-end=\"258\">bobina camoscio riciclata<\/strong> \u00e8 progettata per le esigenze quotidiane, dove efficacia e praticit\u00e0 fanno la differenza. Con i suoi <strong data-start=\"383\" data-end=\"393\">2 veli<\/strong>, offre un&#8217;ottima resistenza e un assorbimento affidabile, ideale per <strong>pulire o asciugare rapidamente<\/strong> senza sprecare fogli. Risparmi tempo e, soprattutto, riduci gli sprechi.  <\/p>\n<p data-start=\"590\" data-end=\"1009\">Grazie ai suoi <strong data-start=\"602\" data-end=\"629\">1000 strappi per bobina<\/strong>, godi di una grande autonomia. \u00c8 il tipo di prodotto che installi e dimentichi, sapendo che sar\u00e0 l\u00ec quando serve, in cucina, in officina, in contesti professionali o nelle collettivit\u00e0. Il suo <strong data-start=\"878\" data-end=\"899\">formato 22 x 25 cm<\/strong> \u00e8 perfettamente equilibrato: n\u00e9 troppo grande, n\u00e9 troppo piccolo, giusto per un uso efficace.  <\/p>\n<p data-start=\"1011\" data-end=\"1273\">Realizzata in <strong>carta<\/strong> <strong data-start=\"1040\" data-end=\"1051\">riciclata<\/strong>, questa bobina \u00e8 una scelta responsabile senza compromessi sulle prestazioni. La sua <strong>tonalit\u00e0 camoscio<\/strong> \u00e8 un valore aggiunto negli ambienti di lavoro, poich\u00e9 maschera meglio le tracce d&#8217;uso. <\/p>\n<p data-start=\"1275\" data-end=\"1505\">Venduta <strong data-start=\"1281\" data-end=\"1297\">in confezione da 2<\/strong>, questa soluzione ti permette di gestire le scorte in modo pratico. \u00c8 una scelta affidabile per i professionisti che cercano un&#8217;asciugatura efficace, duratura ed economica ogni giorno. <\/p>\n<p data-start=\"1507\" data-end=\"1638\">In sintesi, questa <strong>bobina camoscio riciclata<\/strong> ha tutto ci\u00f2 che serve: resistente, assorbente, duratura e pensata per un uso intensivo.<\/p>\n<p>&nbsp;<\/p>\n<p><!--more--><\/p>\n<h4>Vantaggi:<\/h4>\n<ul>\n<li>Realizzata in carta 100% riciclata.<\/li>\n<li>2 veli per una migliore resistenza e una capacit\u00e0 di assorbimento rinforzata.<\/li>\n<li>1000 strappi pretagliati (22 x 25 cm) per un facile utilizzo.<\/li>\n<li>Confezione da 2 bobine per una grande autonomia.<\/li>\n<li>Adatta a cucine professionali, officine e ambienti industriali<\/li>\n<\/ul>\n<p>&nbsp;<\/p>\n<p><!--more--><\/p>\n<h4>Altre informazioni:<\/h4>\n<ul>\n<li><strong>Confezione<\/strong>: Pacco da 2<\/li>\n<li><strong>Dimensioni<\/strong>: 220 x 240 (h x \u00d8 in mm)<\/li>\n<li><b>Numero di strappi<\/b>: 1000<\/li>\n<li><strong>Numero di veli<\/strong>: 2<\/li>\n<li><strong>Colore<\/strong>: Marrone<\/li>\n<li><strong>Tipo<\/strong>: Industriale<\/li>\n<li><strong>Materiale<\/strong>: Camoscio<\/li>\n<\/ul>\n<p>&nbsp;<\/p>\n<p><!--more--><\/p>\n<p><span style=\"color: #d12727;\"><a style=\"color: #d12727;\" href=\"https:\/\/www.csj-emballages.com\/produit\/2-bobines-blanches-industrielles-eco-en-pure-ouate-1500-formats-2-plis\/\">Scopri qui la nostra bobina industriale in pura ovatta<\/a><\/span><\/p>\n<p>&nbsp;<\/p>\n<p><!--more--><\/p>\n<p><a href=\"https:\/\/www.csj-emballages.com\/it\/categorie-produit\/igiene-e-manutenzione\/asciugatura\/bobine-industriali\/\">Consulta il resto della nostra gamma di bobine industriali<\/a><\/p>\n","protected":false},"excerpt":{"rendered":"<p>Bobina camoscio Descrizione della nostra bobina camoscio riciclata 2 veli 1000 strappi 22 x 25 cm x 2<\/p>\n","protected":false},"featured_media":267884,"template":"","meta":{"_acf_changed":false},"product_brand":[],"product_cat":[10356,10385,10629],"product_tag":[],"class_list":{"0":"post-267882","1":"product","2":"type-product","3":"status-publish","4":"has-post-thumbnail","6":"product_cat-igiene-e-manutenzione","7":"product_cat-asciugatura","8":"product_cat-bobine-industriali","10":"first","11":"instock","12":"taxable","13":"shipping-taxable","14":"purchasable","15":"product-type-simple"},"acf":[],"yoast_head":"<!-- This site is optimized with the Yoast SEO Premium plugin v26.6 (Yoast SEO v26.6) - https:\/\/yoast.com\/wordpress\/plugins\/seo\/ -->\n<title>Bobina Camoscio Riciclata 2 Veli 1000 Strappi 22 x 25 cm<\/title>\n<meta name=\"description\" content=\"Bobina camoscio riciclata 2 veli - 1000 strappi 22 x 25 cm. Assorbimento efficace, ecologico ed economico. Ideale per professionisti e industrie.\" \/>\n<meta name=\"robots\" content=\"index, follow, max-snippet:-1, max-image-preview:large, max-video-preview:-1\" \/>\n<link rel=\"canonical\" href=\"https:\/\/www.csj-emballages.com\/it\/produit\/bobina-camoscio-riciclata-2-veli-1000-strappi-22-x-25-cm-x-2\/\" \/>\n<meta property=\"og:locale\" content=\"it_IT\" \/>\n<meta property=\"og:type\" content=\"article\" \/>\n<meta property=\"og:title\" content=\"Bobina camoscio riciclata 2 veli 1000 strappi 22 x 25 cm x 2\" \/>\n<meta property=\"og:description\" content=\"Bobina camoscio riciclata 2 veli - 1000 strappi 22 x 25 cm. Assorbimento efficace, ecologico ed economico. Ideale per professionisti e industrie.\" \/>\n<meta property=\"og:url\" content=\"https:\/\/www.csj-emballages.com\/it\/produit\/bobina-camoscio-riciclata-2-veli-1000-strappi-22-x-25-cm-x-2\/\" \/>\n<meta property=\"og:site_name\" content=\"CSJ Emballages\" \/>\n<meta property=\"article:publisher\" content=\"https:\/\/www.facebook.com\/csjemballages\" \/>\n<meta property=\"article:modified_time\" content=\"2026-03-26T01:11:23+00:00\" \/>\n<meta property=\"og:image\" content=\"https:\/\/www.csj-emballages.com\/wp-content\/uploads\/2024\/03\/Bobine-chamois.webp\" \/>\n\t<meta property=\"og:image:width\" content=\"800\" \/>\n\t<meta property=\"og:image:height\" content=\"800\" \/>\n\t<meta property=\"og:image:type\" content=\"image\/webp\" \/>\n<meta name=\"twitter:card\" content=\"summary_large_image\" \/>\n<meta name=\"twitter:label1\" content=\"Dur\u00e9e de lecture estim\u00e9e\" \/>\n\t<meta name=\"twitter:data1\" content=\"1 minuto\" \/>\n<script type=\"application\/ld+json\" class=\"yoast-schema-graph\">{\"@context\":\"https:\/\/schema.org\",\"@graph\":[{\"@type\":\"WebPage\",\"@id\":\"https:\/\/www.csj-emballages.com\/it\/produit\/bobina-camoscio-riciclata-2-veli-1000-strappi-22-x-25-cm-x-2\/\",\"url\":\"https:\/\/www.csj-emballages.com\/it\/produit\/bobina-camoscio-riciclata-2-veli-1000-strappi-22-x-25-cm-x-2\/\",\"name\":\"Bobina Camoscio Riciclata 2 Veli 1000 Strappi 22 x 25 cm\",\"isPartOf\":{\"@id\":\"https:\/\/www.csj-emballages.com\/it\/#website\"},\"primaryImageOfPage\":{\"@id\":\"https:\/\/www.csj-emballages.com\/it\/produit\/bobina-camoscio-riciclata-2-veli-1000-strappi-22-x-25-cm-x-2\/#primaryimage\"},\"image\":{\"@id\":\"https:\/\/www.csj-emballages.com\/it\/produit\/bobina-camoscio-riciclata-2-veli-1000-strappi-22-x-25-cm-x-2\/#primaryimage\"},\"thumbnailUrl\":\"https:\/\/www.csj-emballages.com\/wp-content\/uploads\/2024\/03\/Bobine-chamois.webp\",\"datePublished\":\"2024-03-01T15:57:19+00:00\",\"dateModified\":\"2026-03-26T01:11:23+00:00\",\"description\":\"Bobina camoscio riciclata 2 veli - 1000 strappi 22 x 25 cm. Assorbimento efficace, ecologico ed economico. Ideale per professionisti e industrie.\",\"breadcrumb\":{\"@id\":\"https:\/\/www.csj-emballages.com\/it\/produit\/bobina-camoscio-riciclata-2-veli-1000-strappi-22-x-25-cm-x-2\/#breadcrumb\"},\"inLanguage\":\"it-IT\",\"potentialAction\":[{\"@type\":\"ReadAction\",\"target\":[\"https:\/\/www.csj-emballages.com\/it\/produit\/bobina-camoscio-riciclata-2-veli-1000-strappi-22-x-25-cm-x-2\/\"]}]},{\"@type\":\"ImageObject\",\"inLanguage\":\"it-IT\",\"@id\":\"https:\/\/www.csj-emballages.com\/it\/produit\/bobina-camoscio-riciclata-2-veli-1000-strappi-22-x-25-cm-x-2\/#primaryimage\",\"url\":\"https:\/\/www.csj-emballages.com\/wp-content\/uploads\/2024\/03\/Bobine-chamois.webp\",\"contentUrl\":\"https:\/\/www.csj-emballages.com\/wp-content\/uploads\/2024\/03\/Bobine-chamois.webp\",\"width\":800,\"height\":800,\"caption\":\"Bobine chamois\"},{\"@type\":\"BreadcrumbList\",\"@id\":\"https:\/\/www.csj-emballages.com\/it\/produit\/bobina-camoscio-riciclata-2-veli-1000-strappi-22-x-25-cm-x-2\/#breadcrumb\",\"itemListElement\":[{\"@type\":\"ListItem\",\"position\":1,\"name\":\"Home\",\"item\":\"https:\/\/www.csj-emballages.com\/it\/universo-imballaggi-alimentari\/\"},{\"@type\":\"ListItem\",\"position\":2,\"name\":\"Negozio\",\"item\":\"https:\/\/www.csj-emballages.com\/it\/negozio\/\"},{\"@type\":\"ListItem\",\"position\":3,\"name\":\"Bobina camoscio riciclata 2 veli 1000 strappi 22 x 25 cm x 2\"}]},{\"@type\":\"WebSite\",\"@id\":\"https:\/\/www.csj-emballages.com\/it\/#website\",\"url\":\"https:\/\/www.csj-emballages.com\/it\/\",\"name\":\"CSJ Emballages\",\"description\":\"\",\"publisher\":{\"@id\":\"https:\/\/www.csj-emballages.com\/it\/#organization\"},\"potentialAction\":[{\"@type\":\"SearchAction\",\"target\":{\"@type\":\"EntryPoint\",\"urlTemplate\":\"https:\/\/www.csj-emballages.com\/it\/?s={search_term_string}\"},\"query-input\":{\"@type\":\"PropertyValueSpecification\",\"valueRequired\":true,\"valueName\":\"search_term_string\"}}],\"inLanguage\":\"it-IT\"},{\"@type\":\"Organization\",\"@id\":\"https:\/\/www.csj-emballages.com\/it\/#Organization\/\",\"name\":\"CSJ Emballages\",\"url\":\"https:\/\/www.csj-emballages.com\/it\/\",\"logo\":{\"@type\":\"ImageObject\",\"inLanguage\":\"it-IT\",\"@id\":\"https:\/\/www.csj-emballages.com\/it\/#\/schema\/logo\/image\/\",\"url\":\"https:\/\/www.csj-emballages.com\/wp-content\/uploads\/2023\/10\/logo_csj.webp\",\"contentUrl\":\"https:\/\/www.csj-emballages.com\/wp-content\/uploads\/2023\/10\/logo_csj.webp\",\"width\":250,\"height\":95,\"caption\":\"CSJ Emballages\"},\"image\":{\"@id\":\"https:\/\/www.csj-emballages.com\/it\/#\/schema\/logo\/image\/\"},\"sameAs\":[\"https:\/\/www.facebook.com\/csjemballages\"],\"address\":{\"@type\":\"PostalAddress\",\"streetAddress\":\"ZI La Lechere\",\"addressLocality\":\"Patornay\",\"postalCode\":\"39130\",\"addressCountry\":\"FR\"},\"contactPoint\":[{\"@type\":\"ContactPoint\",\"contactType\":\"Service client\",\"telephone\":\"0384254272\",\"email\":\"contact@csj-emballages.com\"}]}]}<\/script>\n<!-- \/ Yoast SEO Premium plugin. -->","yoast_head_json":{"title":"Bobina Camoscio Riciclata 2 Veli 1000 Strappi 22 x 25 cm","description":"Bobina camoscio riciclata 2 veli - 1000 strappi 22 x 25 cm. Assorbimento efficace, ecologico ed economico. Ideale per professionisti e industrie.","robots":{"index":"index","follow":"follow","max-snippet":"max-snippet:-1","max-image-preview":"max-image-preview:large","max-video-preview":"max-video-preview:-1"},"canonical":"https:\/\/www.csj-emballages.com\/it\/produit\/bobina-camoscio-riciclata-2-veli-1000-strappi-22-x-25-cm-x-2\/","og_locale":"it_IT","og_type":"article","og_title":"Bobina camoscio riciclata 2 veli 1000 strappi 22 x 25 cm x 2","og_description":"Bobina camoscio riciclata 2 veli - 1000 strappi 22 x 25 cm. Assorbimento efficace, ecologico ed economico. Ideale per professionisti e industrie.","og_url":"https:\/\/www.csj-emballages.com\/it\/produit\/bobina-camoscio-riciclata-2-veli-1000-strappi-22-x-25-cm-x-2\/","og_site_name":"CSJ Emballages","article_publisher":"https:\/\/www.facebook.com\/csjemballages","article_modified_time":"2026-03-26T01:11:23+00:00","og_image":[{"width":800,"height":800,"url":"https:\/\/www.csj-emballages.com\/wp-content\/uploads\/2024\/03\/Bobine-chamois.webp","type":"image\/webp"}],"twitter_card":"summary_large_image","twitter_misc":{"Dur\u00e9e de lecture estim\u00e9e":"1 minuto"},"schema":{"@context":"https:\/\/schema.org","@graph":[{"@type":"WebPage","@id":"https:\/\/www.csj-emballages.com\/it\/produit\/bobina-camoscio-riciclata-2-veli-1000-strappi-22-x-25-cm-x-2\/","url":"https:\/\/www.csj-emballages.com\/it\/produit\/bobina-camoscio-riciclata-2-veli-1000-strappi-22-x-25-cm-x-2\/","name":"Bobina Camoscio Riciclata 2 Veli 1000 Strappi 22 x 25 cm","isPartOf":{"@id":"https:\/\/www.csj-emballages.com\/it\/#website"},"primaryImageOfPage":{"@id":"https:\/\/www.csj-emballages.com\/it\/produit\/bobina-camoscio-riciclata-2-veli-1000-strappi-22-x-25-cm-x-2\/#primaryimage"},"image":{"@id":"https:\/\/www.csj-emballages.com\/it\/produit\/bobina-camoscio-riciclata-2-veli-1000-strappi-22-x-25-cm-x-2\/#primaryimage"},"thumbnailUrl":"https:\/\/www.csj-emballages.com\/wp-content\/uploads\/2024\/03\/Bobine-chamois.webp","datePublished":"2024-03-01T15:57:19+00:00","dateModified":"2026-03-26T01:11:23+00:00","description":"Bobina camoscio riciclata 2 veli - 1000 strappi 22 x 25 cm. Assorbimento efficace, ecologico ed economico. Ideale per professionisti e industrie.","breadcrumb":{"@id":"https:\/\/www.csj-emballages.com\/it\/produit\/bobina-camoscio-riciclata-2-veli-1000-strappi-22-x-25-cm-x-2\/#breadcrumb"},"inLanguage":"it-IT","potentialAction":[{"@type":"ReadAction","target":["https:\/\/www.csj-emballages.com\/it\/produit\/bobina-camoscio-riciclata-2-veli-1000-strappi-22-x-25-cm-x-2\/"]}]},{"@type":"ImageObject","inLanguage":"it-IT","@id":"https:\/\/www.csj-emballages.com\/it\/produit\/bobina-camoscio-riciclata-2-veli-1000-strappi-22-x-25-cm-x-2\/#primaryimage","url":"https:\/\/www.csj-emballages.com\/wp-content\/uploads\/2024\/03\/Bobine-chamois.webp","contentUrl":"https:\/\/www.csj-emballages.com\/wp-content\/uploads\/2024\/03\/Bobine-chamois.webp","width":800,"height":800,"caption":"Bobine chamois"},{"@type":"BreadcrumbList","@id":"https:\/\/www.csj-emballages.com\/it\/produit\/bobina-camoscio-riciclata-2-veli-1000-strappi-22-x-25-cm-x-2\/#breadcrumb","itemListElement":[{"@type":"ListItem","position":1,"name":"Home","item":"https:\/\/www.csj-emballages.com\/it\/universo-imballaggi-alimentari\/"},{"@type":"ListItem","position":2,"name":"Negozio","item":"https:\/\/www.csj-emballages.com\/it\/negozio\/"},{"@type":"ListItem","position":3,"name":"Bobina camoscio riciclata 2 veli 1000 strappi 22 x 25 cm x 2"}]},{"@type":"WebSite","@id":"https:\/\/www.csj-emballages.com\/it\/#website","url":"https:\/\/www.csj-emballages.com\/it\/","name":"CSJ Emballages","description":"","publisher":{"@id":"https:\/\/www.csj-emballages.com\/it\/#organization"},"potentialAction":[{"@type":"SearchAction","target":{"@type":"EntryPoint","urlTemplate":"https:\/\/www.csj-emballages.com\/it\/?s={search_term_string}"},"query-input":{"@type":"PropertyValueSpecification","valueRequired":true,"valueName":"search_term_string"}}],"inLanguage":"it-IT"},{"@type":"Organization","@id":"https:\/\/www.csj-emballages.com\/it\/#Organization\/","name":"CSJ Emballages","url":"https:\/\/www.csj-emballages.com\/it\/","logo":{"@type":"ImageObject","inLanguage":"it-IT","@id":"https:\/\/www.csj-emballages.com\/it\/#\/schema\/logo\/image\/","url":"https:\/\/www.csj-emballages.com\/wp-content\/uploads\/2023\/10\/logo_csj.webp","contentUrl":"https:\/\/www.csj-emballages.com\/wp-content\/uploads\/2023\/10\/logo_csj.webp","width":250,"height":95,"caption":"CSJ Emballages"},"image":{"@id":"https:\/\/www.csj-emballages.com\/it\/#\/schema\/logo\/image\/"},"sameAs":["https:\/\/www.facebook.com\/csjemballages"],"address":{"@type":"PostalAddress","streetAddress":"ZI La Lechere","addressLocality":"Patornay","postalCode":"39130","addressCountry":"FR"},"contactPoint":[{"@type":"ContactPoint","contactType":"Service client","telephone":"0384254272","email":"contact@csj-emballages.com"}]}]}},"df_price":13.6,"df_sale_price":"","df_regular_price":13.6,"df_image_link":"https:\/\/www.csj-emballages.com\/wp-content\/uploads\/2024\/03\/Bobine-chamois-300x300.webp","tiered_pricing_type":"fixed","tiered_pricing_fixed_rules":[],"tiered_pricing_percentage_rules":[],"tiered_pricing_minimum":1,"tiered_pricing_roles_data":[],"_links":{"self":[{"href":"https:\/\/www.csj-emballages.com\/it\/wp-json\/wp\/v2\/product\/267882","targetHints":{"allow":["GET"]}}],"collection":[{"href":"https:\/\/www.csj-emballages.com\/it\/wp-json\/wp\/v2\/product"}],"about":[{"href":"https:\/\/www.csj-emballages.com\/it\/wp-json\/wp\/v2\/types\/product"}],"wp:featuredmedia":[{"embeddable":true,"href":"https:\/\/www.csj-emballages.com\/it\/wp-json\/wp\/v2\/media\/267884"}],"wp:attachment":[{"href":"https:\/\/www.csj-emballages.com\/it\/wp-json\/wp\/v2\/media?parent=267882"}],"wp:term":[{"taxonomy":"product_brand","embeddable":true,"href":"https:\/\/www.csj-emballages.com\/it\/wp-json\/wp\/v2\/product_brand?post=267882"},{"taxonomy":"product_cat","embeddable":true,"href":"https:\/\/www.csj-emballages.com\/it\/wp-json\/wp\/v2\/product_cat?post=267882"},{"taxonomy":"product_tag","embeddable":true,"href":"https:\/\/www.csj-emballages.com\/it\/wp-json\/wp\/v2\/product_tag?post=267882"}],"curies":[{"name":"wp","href":"https:\/\/api.w.org\/{rel}","templated":true}]}}