{"id":267780,"date":"2024-03-01T16:56:15","date_gmt":"2024-03-01T15:56:15","guid":{"rendered":"https:\/\/www.csj-emballages.com\/produit\/bolduc-viola-specchio-100-m-x-7-mm\/"},"modified":"2026-03-12T16:13:50","modified_gmt":"2026-03-12T15:13:50","slug":"bolduc-viola-specchio-100-m-x-7-mm","status":"publish","type":"product","link":"https:\/\/www.csj-emballages.com\/it\/produit\/bolduc-viola-specchio-100-m-x-7-mm\/","title":{"rendered":"Bolduc viola &#8220;Specchio&#8221; 100 m x 7 mm"},"content":{"rendered":"<div class=\"flex flex-grow flex-col max-w-full\">\n<div class=\"min-h-[20px] text-message flex flex-col items-start whitespace-pre-wrap break-words [.text-message+&amp;]:mt-5 juice:w-full juice:items-end overflow-x-auto gap-2\" dir=\"auto\" data-message-author-role=\"assistant\" data-message-id=\"2034782e-88f9-44ef-b4dc-07dd7bf0115f\">\n<div class=\"flex w-full flex-col gap-1 juice:empty:hidden juice:first:pt-[3px]\">\n<div class=\"markdown prose w-full break-words dark:prose-invert light\">\n<div style=\"font-family: Roboto, sans-serif;\">\n<div style=\"font-family: Roboto, sans-serif;\">\n<div style=\"font-family: Roboto, sans-serif;\">\n<div style=\"font-family: Roboto, sans-serif;\">\n<div style=\"font-family: Roboto, sans-serif;\">\n<div style=\"font-family: Roboto, sans-serif;\">\n<div style=\"box-sizing: inherit; font-family: Roboto, sans-serif;\">\n<div style=\"box-sizing: inherit; font-family: Roboto, sans-serif;\">\n<div style=\"box-sizing: inherit; font-family: Roboto, sans-serif;\">\n<div style=\"box-sizing: inherit; font-family: Roboto, sans-serif;\">\n<div style=\"box-sizing: inherit; font-family: Roboto, sans-serif;\">\n<div style=\"box-sizing: inherit; font-family: Roboto, sans-serif;\">\n<div style=\"box-sizing: inherit; font-family: Roboto, sans-serif;\">\n<div style=\"box-sizing: inherit; font-family: Roboto, sans-serif;\">\n<div style=\"box-sizing: inherit; font-family: Roboto, sans-serif;\">\n<div style=\"box-sizing: inherit; font-family: Roboto, sans-serif;\">\n<div style=\"box-sizing: inherit; font-family: Roboto, sans-serif;\">\n<div style=\"box-sizing: inherit; font-family: Roboto, sans-serif;\">\n<div style=\"box-sizing: inherit; font-family: Roboto, sans-serif;\">\n<div class=\"flex flex-grow flex-col max-w-full\">\n<div class=\"min-h-[20px] text-message flex flex-col items-start whitespace-pre-wrap break-words [.text-message+&amp;]:mt-5 juice:w-full juice:items-end overflow-x-auto gap-2\" dir=\"auto\" data-message-author-role=\"assistant\" data-message-id=\"2034782e-88f9-44ef-b4dc-07dd7bf0115f\">\n<div class=\"flex w-full flex-col gap-1 juice:empty:hidden juice:first:pt-[3px]\">\n<div class=\"markdown prose w-full break-words dark:prose-invert light\">\n<div style=\"box-sizing: inherit; font-family: Roboto, sans-serif;\">\n<div style=\"box-sizing: inherit; font-family: Roboto, sans-serif;\">\n<div style=\"box-sizing: inherit; font-family: Roboto, sans-serif;\">\n<div style=\"box-sizing: inherit; font-family: Roboto, sans-serif;\">\n<div style=\"box-sizing: inherit; font-family: Roboto, sans-serif;\">\n<div style=\"box-sizing: inherit; font-family: Roboto, sans-serif;\">\n<h2 class=\"p1\">Bolduc viola<\/h2>\n<div style=\"box-sizing: inherit; font-family: Roboto, sans-serif;\">\n<div style=\"box-sizing: inherit; font-family: Roboto, sans-serif;\">\n<div style=\"box-sizing: inherit; font-family: Roboto, sans-serif;\">\n<div style=\"text-align: center;\">\n<div style=\"box-sizing: inherit; font-family: Roboto, sans-serif;\">\n<div style=\"box-sizing: inherit; font-family: Roboto, sans-serif;\">\n<div style=\"box-sizing: inherit; font-family: Roboto, sans-serif;\">\n<div style=\"box-sizing: inherit; font-family: Roboto, sans-serif;\">\n<div style=\"box-sizing: inherit; font-family: Roboto, sans-serif;\">\n<div style=\"box-sizing: inherit; font-family: Roboto, sans-serif; text-align: left;\">\n<hr>\n<h3 style=\"text-align: left;\">Descrizione del nostro bolduc viola &#8220;Specchio&#8221; 100 m x 7 mm<\/h3>\n<h3 style=\"text-align: left;\"><!--more--><\/h3>\n<\/div>\n<\/div>\n<\/div>\n<\/div>\n<\/div>\n<\/div>\n<\/div>\n<\/div>\n<\/div>\n<\/div>\n<\/div>\n<\/div>\n<\/div>\n<\/div>\n<\/div>\n<\/div>\n<\/div>\n<\/div>\n<\/div>\n<\/div>\n<\/div>\n<\/div>\n<\/div>\n<\/div>\n<\/div>\n<\/div>\n<\/div>\n<\/div>\n<\/div>\n<\/div>\n<\/div>\n<\/div>\n<\/div>\n<div style=\"box-sizing: inherit; font-family: Roboto, sans-serif;\">\n<div style=\"box-sizing: inherit; font-family: Roboto, sans-serif;\">\n<div style=\"box-sizing: inherit; font-family: Roboto, sans-serif;\">\n<div style=\"box-sizing: inherit; font-family: Roboto, sans-serif;\">\n<div style=\"box-sizing: inherit; font-family: Roboto, sans-serif;\">\n<div style=\"box-sizing: inherit; font-family: Roboto, sans-serif;\">\n<div style=\"box-sizing: inherit; font-family: Roboto, sans-serif;\">\n<div style=\"box-sizing: inherit; font-family: Roboto, sans-serif;\">\n<div style=\"box-sizing: inherit; font-family: Roboto, sans-serif;\">\n<div style=\"box-sizing: inherit; font-family: Roboto, sans-serif;\">\n<div style=\"box-sizing: inherit; font-family: Roboto, sans-serif;\">\n<div style=\"box-sizing: inherit; font-family: Roboto, sans-serif;\">\n<div style=\"box-sizing: inherit; font-family: Roboto, sans-serif;\">\n<div class=\"flex flex-grow flex-col max-w-full\">\n<div class=\"min-h-[20px] text-message flex flex-col items-start whitespace-pre-wrap break-words [.text-message+&amp;]:mt-5 juice:w-full juice:items-end overflow-x-auto gap-2\" dir=\"auto\" data-message-author-role=\"assistant\" data-message-id=\"2034782e-88f9-44ef-b4dc-07dd7bf0115f\">\n<div class=\"flex w-full flex-col gap-1 juice:empty:hidden juice:first:pt-[3px]\">\n<div class=\"markdown prose w-full break-words dark:prose-invert light\">\n<div style=\"box-sizing: inherit; font-family: Roboto, sans-serif;\">\n<div style=\"box-sizing: inherit; font-family: Roboto, sans-serif;\">\n<div style=\"box-sizing: inherit; font-family: Roboto, sans-serif;\">\n<div style=\"box-sizing: inherit; font-family: Roboto, sans-serif;\">\n<div style=\"box-sizing: inherit; font-family: Roboto, sans-serif;\">\n<div style=\"box-sizing: inherit; font-family: Roboto, sans-serif;\">\n<p data-start=\"0\" data-end=\"536\">Dai un tocco di <strong data-start=\"60\" data-end=\"75\">raffinatezza<\/strong> e <strong data-start=\"82\" data-end=\"95\">brillantezza<\/strong> a tutte le tue confezioni con il <strong>bolduc viola &#8220;Specchio&#8221; 100 m x 7 mm<\/strong>. Ideale per valorizzare i tuoi pacchi regalo, questo <strong>nastro viola<\/strong> si distingue per il suo <strong data-start=\"239\" data-end=\"255\">effetto specchio<\/strong> luminoso che cattura la luce e attira subito lo sguardo. Che sia per una <strong data-start=\"341\" data-end=\"361\">confezione regalo<\/strong> elegante, la decorazione di una <strong data-start=\"391\" data-end=\"414\">composizione floreale<\/strong> o la finitura di un <strong data-start=\"436\" data-end=\"455\" data-is-only-node=\"\">cesto gourmet<\/strong>, questo <strong>bolduc viola<\/strong> trasforma ogni creazione in un vero <strong data-start=\"517\" data-end=\"533\">capolavoro<\/strong>.  <\/p>\n<p data-start=\"538\" data-end=\"1008\">Inoltre, la sua <strong data-start=\"550\" data-end=\"569\">larghezza di 7 mm<\/strong> permette di creare belle coccarde leggere o fiocchi sofisticati mantenendo una tenuta impeccabile. Con una <strong data-start=\"693\" data-end=\"724\">lunghezza generosa di 100 m<\/strong>, hai la quantit\u00e0 ideale per un uso professionale o domestico, in negozio, per un evento o in un laboratorio creativo. Grazie alla sua texture morbida ma resistente, si taglia e si annoda facilmente, diventando un alleato prezioso per tutti i tuoi progetti.  <\/p>\n<p data-start=\"1010\" data-end=\"1402\">In pi\u00f9, il colore <strong data-start=\"1035\" data-end=\"1053\">viola intenso<\/strong> richiama creativit\u00e0, mistero e raffinatezza. Cos\u00ec si adatta sia a eventi festivi come compleanni, matrimoni o feste di fine anno, sia a confezioni pi\u00f9 sobrie che richiedono un tocco di originalit\u00e0. Con pochi gesti, la tua presentazione guadagna in <strong data-start=\"1359\" data-end=\"1371\">eleganza<\/strong> e <strong data-start=\"1378\" data-end=\"1399\">professionalit\u00e0<\/strong>.  <\/p>\n<p data-start=\"1404\" data-end=\"1717\">Infine, scegliere questo <strong>bolduc specchio<\/strong> significa puntare su un accessorio <strong data-start=\"1474\" data-end=\"1488\">versatile<\/strong>, perfetto per artigiani, commercianti o privati che cercano una finitura curata. In breve, con questo <strong data-start=\"1586\" data-end=\"1625\">bolduc viola &#8220;Specchio&#8221; 100 m x 7 mm<\/strong>, ogni confezione diventa un invito alla scoperta e riflette la tua attenzione ai dettagli. <\/p>\n<p data-start=\"1404\" data-end=\"1717\">\n<p><!--more--><\/p>\n<h4 style=\"text-align: left;\">Vantaggi:<\/h4>\n<ul style=\"text-align: left;\">\n<li><strong data-start=\"1935\" data-end=\"1951\">Effetto specchio<\/strong> luminoso per un risultato premium.<\/li>\n<li>Grazie alla sua lunghezza di <strong>100 m<\/strong>, \u00e8 perfetto per un uso intensivo.<\/li>\n<li><strong data-start=\"2051\" data-end=\"2067\">Larghezza 7 mm<\/strong>: ideale per coccarde e fiocchi.<\/li>\n<li>Colore <strong data-start=\"2111\" data-end=\"2129\">viola profondo<\/strong> che cattura lo sguardo.<\/li>\n<li><strong data-start=\"2152\" data-end=\"2175\">Morbido e resistente<\/strong>, facile da tagliare e annodare.<\/li>\n<\/ul>\n<\/div>\n<\/div>\n<\/div>\n<\/div>\n<\/div>\n<\/div>\n<\/div>\n<\/div>\n<\/div>\n<\/div>\n<\/div>\n<\/div>\n<p>&nbsp;<\/p>\n<\/div>\n<\/div>\n<\/div>\n<\/div>\n<\/div>\n<\/div>\n<\/div>\n<\/div>\n<\/div>\n<\/div>\n<\/div>\n<p><!--more--><\/p>\n<h4>Altre informazioni:<\/h4>\n<ul style=\"box-sizing: inherit; font-family: Roboto, sans-serif;\">\n<li><strong>Confezione<\/strong>: Singola<\/li>\n<li><span style=\"font-weight: bold;\">Dimensioni <\/span>: 100 m x 7 mm<\/li>\n<li><strong>Colore<\/strong> : Viola<\/li>\n<\/ul>\n<p>&nbsp;<\/p>\n<\/div>\n<\/div>\n<p><!--more--><\/p>\n<div style=\"font-family: Roboto, sans-serif;\">\n<div style=\"font-family: Roboto, sans-serif;\">\n<div style=\"box-sizing: inherit; font-family: Roboto, sans-serif;\">\n<div style=\"box-sizing: inherit; font-family: Roboto, sans-serif;\">\n<div style=\"box-sizing: inherit; font-family: Roboto, sans-serif;\">\n<div style=\"box-sizing: inherit; font-family: Roboto, sans-serif;\">\n<div style=\"box-sizing: inherit; font-family: Roboto, sans-serif;\">\n<div style=\"box-sizing: inherit; font-family: Roboto, sans-serif;\">\n<p>Questo bolduc &#8220;Specchio&#8221; \u00e8 disponibile in diversi colori: <span style=\"color: #d12727;\"><a style=\"color: #d12727;\" href=\"https:\/\/www.csj-emballages.com\/it\/produit\/rocchetto-nastro-arricciabile-argento-specchio-100m-x-7mm\/\">Grigio<\/a><\/span> \/ <span style=\"color: #d12727;\"><a style=\"color: #d12727;\" href=\"https:\/\/www.csj-emballages.com\/it\/produit\/bobina-bolduc-blu-specchio-100-m-x-7-mm\/\">Blu<\/a><\/span> \/ <span style=\"color: #d12727;\"><a style=\"color: #d12727;\" href=\"https:\/\/www.csj-emballages.com\/it\/produit\/bobina-bolduc-celeste-mirror-100-m-x-7-mm\/\">Azzurro<\/a><\/span> \/ <span style=\"color: #d12727;\"><a style=\"color: #d12727;\" href=\"https:\/\/www.csj-emballages.com\/it\/produit\/bobina-bolduc-bordeaux-specchio-100-m-x-7-mm\/\">Bordeaux<\/a><\/span> \/ <span style=\"color: #d12727;\"><a style=\"color: #d12727;\" href=\"https:\/\/www.csj-emballages.com\/it\/produit\/bobina-nastro-bolduc-rame-specchio-100m-x-7mm\/\">Rame<\/a><\/span> \/ <span style=\"color: #d12727;\"><a style=\"color: #d12727;\" href=\"https:\/\/www.csj-emballages.com\/it\/produit\/bobina-bolduc-mandarino-specchio-100m-x-7mm\/\">Mandarino<\/a><\/span> \/ <span style=\"color: #d12727;\"><a style=\"color: #d12727;\" href=\"https:\/\/www.csj-emballages.com\/it\/produit\/rocchetto-nastro-arricciabile-nero-specchio-100m-x-7mm\/\">Nero<\/a><\/span> \/         <span style=\"color: #d12727;\"><a style=\"color: #d12727;\" href=\"https:\/\/www.csj-emballages.com\/it\/produit\/rocchetto-nastro-arricciabile-oro-specchio-100m-x-7mm\/\">Oro<\/a><\/span> \/ <span style=\"color: #d12727;\"><a style=\"color: #d12727;\" href=\"https:\/\/www.csj-emballages.com\/it\/produit\/bobina-bolduc-verde-mela-specchio-100m-x-7mm\/\">Mela<\/a><\/span> \/ <span style=\"color: #d12727;\"><a style=\"color: #d12727;\" href=\"https:\/\/www.csj-emballages.com\/it\/produit\/bobina-di-bolduc-rosa-mirror-100-m-x-7-mm\/\">Rosa<\/a><\/span> \/ <span style=\"color: #d12727;\"><a style=\"color: #d12727;\" href=\"https:\/\/www.csj-emballages.com\/it\/produit\/rocchetto-nastro-arricciabile-rosso-specchio-100m-x-7mm\/\">Rosso<\/a><\/span> \/     <span style=\"color: #d12727;\"><a style=\"color: #d12727;\" href=\"https:\/\/www.csj-emballages.com\/it\/produit\/bobina-bolduc-verde-specchio-100-m-x-7-mm\/\">Verde<\/a><\/span><\/p>\n<p>&nbsp;<\/p>\n<p><!--more--><\/p>\n<p><a href=\"\/?product_cat=bobines-de-bolduc\">Scopri il resto della nostra gamma di bobine di bolduc<\/a><\/p>\n<\/div>\n<\/div>\n<\/div>\n<\/div>\n<\/div>\n<\/div>\n<\/div>\n<\/div>\n<\/div>\n<\/div>\n<\/div>\n<\/div>\n<\/div>\n<\/div>\n<\/div>\n<\/div>\n","protected":false},"excerpt":{"rendered":"<p>Bolduc viola Descrizione del nostro bolduc viola &#8220;Specchio&#8221; 100 m x 7 mm<\/p>\n","protected":false},"featured_media":267784,"template":"","meta":{"_acf_changed":false},"product_brand":[],"product_cat":[10346,10344,10347,10599,10345,10581,10591,10600],"product_tag":[],"class_list":{"0":"post-267780","1":"product","2":"type-product","3":"status-publish","4":"has-post-thumbnail","6":"product_cat-imballaggi-alimentari","7":"product_cat-panetteria-pasticceria","8":"product_cat-accessori-decorativi","9":"product_cat-bobine-nastro-bolduc-specchio","10":"product_cat-boutique-e-negozio","11":"product_cat-accessori-decorativi-2","12":"product_cat-bobine-bolduc","13":"product_cat-bobine-nastro-bolduc-specchio-2","15":"first","16":"instock","17":"taxable","18":"shipping-taxable","19":"purchasable","20":"product-type-simple"},"acf":[],"yoast_head":"<!-- This site is optimized with the Yoast SEO Premium plugin v26.6 (Yoast SEO v26.6) - https:\/\/yoast.com\/wordpress\/plugins\/seo\/ -->\n<title>Bolduc Viola &quot;Specchio&quot; 100 m x 7 mm<\/title>\n<meta name=\"description\" content=\"Bolduc viola specchio 100 m x 7 mm: brillantezza ed eleganza per le tue confezioni regalo, decorazioni e creazioni professionali.\" \/>\n<meta name=\"robots\" content=\"index, follow, max-snippet:-1, max-image-preview:large, max-video-preview:-1\" \/>\n<link rel=\"canonical\" href=\"https:\/\/www.csj-emballages.com\/it\/produit\/bolduc-viola-specchio-100-m-x-7-mm\/\" \/>\n<meta property=\"og:locale\" content=\"it_IT\" \/>\n<meta property=\"og:type\" content=\"article\" \/>\n<meta property=\"og:title\" content=\"Bolduc viola &quot;Specchio&quot; 100 m x 7 mm\" \/>\n<meta property=\"og:description\" content=\"Bolduc viola specchio 100 m x 7 mm: brillantezza ed eleganza per le tue confezioni regalo, decorazioni e creazioni professionali.\" \/>\n<meta property=\"og:url\" content=\"https:\/\/www.csj-emballages.com\/it\/produit\/bolduc-viola-specchio-100-m-x-7-mm\/\" \/>\n<meta property=\"og:site_name\" content=\"CSJ Emballages\" \/>\n<meta property=\"article:publisher\" content=\"https:\/\/www.facebook.com\/csjemballages\" \/>\n<meta property=\"article:modified_time\" content=\"2026-03-12T15:13:50+00:00\" \/>\n<meta property=\"og:image\" content=\"https:\/\/www.csj-emballages.com\/wp-content\/uploads\/2024\/03\/BOBMIROIR28.webp\" \/>\n\t<meta property=\"og:image:width\" content=\"800\" \/>\n\t<meta property=\"og:image:height\" content=\"800\" \/>\n\t<meta property=\"og:image:type\" content=\"image\/webp\" \/>\n<meta name=\"twitter:card\" content=\"summary_large_image\" \/>\n<meta name=\"twitter:label1\" content=\"Dur\u00e9e de lecture estim\u00e9e\" \/>\n\t<meta name=\"twitter:data1\" content=\"2 minuti\" \/>\n<script type=\"application\/ld+json\" class=\"yoast-schema-graph\">{\"@context\":\"https:\/\/schema.org\",\"@graph\":[{\"@type\":\"WebPage\",\"@id\":\"https:\/\/www.csj-emballages.com\/it\/produit\/bolduc-viola-specchio-100-m-x-7-mm\/\",\"url\":\"https:\/\/www.csj-emballages.com\/it\/produit\/bolduc-viola-specchio-100-m-x-7-mm\/\",\"name\":\"Bolduc Viola \\\"Specchio\\\" 100 m x 7 mm\",\"isPartOf\":{\"@id\":\"https:\/\/www.csj-emballages.com\/it\/#website\"},\"primaryImageOfPage\":{\"@id\":\"https:\/\/www.csj-emballages.com\/it\/produit\/bolduc-viola-specchio-100-m-x-7-mm\/#primaryimage\"},\"image\":{\"@id\":\"https:\/\/www.csj-emballages.com\/it\/produit\/bolduc-viola-specchio-100-m-x-7-mm\/#primaryimage\"},\"thumbnailUrl\":\"https:\/\/www.csj-emballages.com\/wp-content\/uploads\/2024\/03\/BOBMIROIR28.webp\",\"datePublished\":\"2024-03-01T15:56:15+00:00\",\"dateModified\":\"2026-03-12T15:13:50+00:00\",\"description\":\"Bolduc viola specchio 100 m x 7 mm: brillantezza ed eleganza per le tue confezioni regalo, decorazioni e creazioni professionali.\",\"breadcrumb\":{\"@id\":\"https:\/\/www.csj-emballages.com\/it\/produit\/bolduc-viola-specchio-100-m-x-7-mm\/#breadcrumb\"},\"inLanguage\":\"it-IT\",\"potentialAction\":[{\"@type\":\"ReadAction\",\"target\":[\"https:\/\/www.csj-emballages.com\/it\/produit\/bolduc-viola-specchio-100-m-x-7-mm\/\"]}]},{\"@type\":\"ImageObject\",\"inLanguage\":\"it-IT\",\"@id\":\"https:\/\/www.csj-emballages.com\/it\/produit\/bolduc-viola-specchio-100-m-x-7-mm\/#primaryimage\",\"url\":\"https:\/\/www.csj-emballages.com\/wp-content\/uploads\/2024\/03\/BOBMIROIR28.webp\",\"contentUrl\":\"https:\/\/www.csj-emballages.com\/wp-content\/uploads\/2024\/03\/BOBMIROIR28.webp\",\"width\":800,\"height\":800,\"caption\":\"Bolduc violet\"},{\"@type\":\"BreadcrumbList\",\"@id\":\"https:\/\/www.csj-emballages.com\/it\/produit\/bolduc-viola-specchio-100-m-x-7-mm\/#breadcrumb\",\"itemListElement\":[{\"@type\":\"ListItem\",\"position\":1,\"name\":\"Home\",\"item\":\"https:\/\/www.csj-emballages.com\/it\/universo-imballaggi-alimentari\/\"},{\"@type\":\"ListItem\",\"position\":2,\"name\":\"Negozio\",\"item\":\"https:\/\/www.csj-emballages.com\/it\/negozio\/\"},{\"@type\":\"ListItem\",\"position\":3,\"name\":\"Bolduc viola \u00ab\u00a0Specchio\u00a0\u00bb 100 m x 7 mm\"}]},{\"@type\":\"WebSite\",\"@id\":\"https:\/\/www.csj-emballages.com\/it\/#website\",\"url\":\"https:\/\/www.csj-emballages.com\/it\/\",\"name\":\"CSJ Emballages\",\"description\":\"\",\"publisher\":{\"@id\":\"https:\/\/www.csj-emballages.com\/it\/#organization\"},\"potentialAction\":[{\"@type\":\"SearchAction\",\"target\":{\"@type\":\"EntryPoint\",\"urlTemplate\":\"https:\/\/www.csj-emballages.com\/it\/?s={search_term_string}\"},\"query-input\":{\"@type\":\"PropertyValueSpecification\",\"valueRequired\":true,\"valueName\":\"search_term_string\"}}],\"inLanguage\":\"it-IT\"},{\"@type\":\"Organization\",\"@id\":\"https:\/\/www.csj-emballages.com\/it\/#Organization\/\",\"name\":\"CSJ Emballages\",\"url\":\"https:\/\/www.csj-emballages.com\/it\/\",\"logo\":{\"@type\":\"ImageObject\",\"inLanguage\":\"it-IT\",\"@id\":\"https:\/\/www.csj-emballages.com\/it\/#\/schema\/logo\/image\/\",\"url\":\"https:\/\/www.csj-emballages.com\/wp-content\/uploads\/2023\/10\/logo_csj.webp\",\"contentUrl\":\"https:\/\/www.csj-emballages.com\/wp-content\/uploads\/2023\/10\/logo_csj.webp\",\"width\":250,\"height\":95,\"caption\":\"CSJ Emballages\"},\"image\":{\"@id\":\"https:\/\/www.csj-emballages.com\/it\/#\/schema\/logo\/image\/\"},\"sameAs\":[\"https:\/\/www.facebook.com\/csjemballages\"],\"address\":{\"@type\":\"PostalAddress\",\"streetAddress\":\"ZI La Lechere\",\"addressLocality\":\"Patornay\",\"postalCode\":\"39130\",\"addressCountry\":\"FR\"},\"contactPoint\":[{\"@type\":\"ContactPoint\",\"contactType\":\"Service client\",\"telephone\":\"0384254272\",\"email\":\"contact@csj-emballages.com\"}]}]}<\/script>\n<!-- \/ Yoast SEO Premium plugin. -->","yoast_head_json":{"title":"Bolduc Viola \"Specchio\" 100 m x 7 mm","description":"Bolduc viola specchio 100 m x 7 mm: brillantezza ed eleganza per le tue confezioni regalo, decorazioni e creazioni professionali.","robots":{"index":"index","follow":"follow","max-snippet":"max-snippet:-1","max-image-preview":"max-image-preview:large","max-video-preview":"max-video-preview:-1"},"canonical":"https:\/\/www.csj-emballages.com\/it\/produit\/bolduc-viola-specchio-100-m-x-7-mm\/","og_locale":"it_IT","og_type":"article","og_title":"Bolduc viola \"Specchio\" 100 m x 7 mm","og_description":"Bolduc viola specchio 100 m x 7 mm: brillantezza ed eleganza per le tue confezioni regalo, decorazioni e creazioni professionali.","og_url":"https:\/\/www.csj-emballages.com\/it\/produit\/bolduc-viola-specchio-100-m-x-7-mm\/","og_site_name":"CSJ Emballages","article_publisher":"https:\/\/www.facebook.com\/csjemballages","article_modified_time":"2026-03-12T15:13:50+00:00","og_image":[{"width":800,"height":800,"url":"https:\/\/www.csj-emballages.com\/wp-content\/uploads\/2024\/03\/BOBMIROIR28.webp","type":"image\/webp"}],"twitter_card":"summary_large_image","twitter_misc":{"Dur\u00e9e de lecture estim\u00e9e":"2 minuti"},"schema":{"@context":"https:\/\/schema.org","@graph":[{"@type":"WebPage","@id":"https:\/\/www.csj-emballages.com\/it\/produit\/bolduc-viola-specchio-100-m-x-7-mm\/","url":"https:\/\/www.csj-emballages.com\/it\/produit\/bolduc-viola-specchio-100-m-x-7-mm\/","name":"Bolduc Viola \"Specchio\" 100 m x 7 mm","isPartOf":{"@id":"https:\/\/www.csj-emballages.com\/it\/#website"},"primaryImageOfPage":{"@id":"https:\/\/www.csj-emballages.com\/it\/produit\/bolduc-viola-specchio-100-m-x-7-mm\/#primaryimage"},"image":{"@id":"https:\/\/www.csj-emballages.com\/it\/produit\/bolduc-viola-specchio-100-m-x-7-mm\/#primaryimage"},"thumbnailUrl":"https:\/\/www.csj-emballages.com\/wp-content\/uploads\/2024\/03\/BOBMIROIR28.webp","datePublished":"2024-03-01T15:56:15+00:00","dateModified":"2026-03-12T15:13:50+00:00","description":"Bolduc viola specchio 100 m x 7 mm: brillantezza ed eleganza per le tue confezioni regalo, decorazioni e creazioni professionali.","breadcrumb":{"@id":"https:\/\/www.csj-emballages.com\/it\/produit\/bolduc-viola-specchio-100-m-x-7-mm\/#breadcrumb"},"inLanguage":"it-IT","potentialAction":[{"@type":"ReadAction","target":["https:\/\/www.csj-emballages.com\/it\/produit\/bolduc-viola-specchio-100-m-x-7-mm\/"]}]},{"@type":"ImageObject","inLanguage":"it-IT","@id":"https:\/\/www.csj-emballages.com\/it\/produit\/bolduc-viola-specchio-100-m-x-7-mm\/#primaryimage","url":"https:\/\/www.csj-emballages.com\/wp-content\/uploads\/2024\/03\/BOBMIROIR28.webp","contentUrl":"https:\/\/www.csj-emballages.com\/wp-content\/uploads\/2024\/03\/BOBMIROIR28.webp","width":800,"height":800,"caption":"Bolduc violet"},{"@type":"BreadcrumbList","@id":"https:\/\/www.csj-emballages.com\/it\/produit\/bolduc-viola-specchio-100-m-x-7-mm\/#breadcrumb","itemListElement":[{"@type":"ListItem","position":1,"name":"Home","item":"https:\/\/www.csj-emballages.com\/it\/universo-imballaggi-alimentari\/"},{"@type":"ListItem","position":2,"name":"Negozio","item":"https:\/\/www.csj-emballages.com\/it\/negozio\/"},{"@type":"ListItem","position":3,"name":"Bolduc viola \u00ab\u00a0Specchio\u00a0\u00bb 100 m x 7 mm"}]},{"@type":"WebSite","@id":"https:\/\/www.csj-emballages.com\/it\/#website","url":"https:\/\/www.csj-emballages.com\/it\/","name":"CSJ Emballages","description":"","publisher":{"@id":"https:\/\/www.csj-emballages.com\/it\/#organization"},"potentialAction":[{"@type":"SearchAction","target":{"@type":"EntryPoint","urlTemplate":"https:\/\/www.csj-emballages.com\/it\/?s={search_term_string}"},"query-input":{"@type":"PropertyValueSpecification","valueRequired":true,"valueName":"search_term_string"}}],"inLanguage":"it-IT"},{"@type":"Organization","@id":"https:\/\/www.csj-emballages.com\/it\/#Organization\/","name":"CSJ Emballages","url":"https:\/\/www.csj-emballages.com\/it\/","logo":{"@type":"ImageObject","inLanguage":"it-IT","@id":"https:\/\/www.csj-emballages.com\/it\/#\/schema\/logo\/image\/","url":"https:\/\/www.csj-emballages.com\/wp-content\/uploads\/2023\/10\/logo_csj.webp","contentUrl":"https:\/\/www.csj-emballages.com\/wp-content\/uploads\/2023\/10\/logo_csj.webp","width":250,"height":95,"caption":"CSJ Emballages"},"image":{"@id":"https:\/\/www.csj-emballages.com\/it\/#\/schema\/logo\/image\/"},"sameAs":["https:\/\/www.facebook.com\/csjemballages"],"address":{"@type":"PostalAddress","streetAddress":"ZI La Lechere","addressLocality":"Patornay","postalCode":"39130","addressCountry":"FR"},"contactPoint":[{"@type":"ContactPoint","contactType":"Service client","telephone":"0384254272","email":"contact@csj-emballages.com"}]}]}},"df_price":3.88,"df_sale_price":"","df_regular_price":3.88,"df_image_link":"https:\/\/www.csj-emballages.com\/wp-content\/uploads\/2024\/03\/BOBMIROIR28-300x300.webp","tiered_pricing_type":"fixed","tiered_pricing_fixed_rules":[],"tiered_pricing_percentage_rules":[],"tiered_pricing_minimum":1,"tiered_pricing_roles_data":[],"_links":{"self":[{"href":"https:\/\/www.csj-emballages.com\/it\/wp-json\/wp\/v2\/product\/267780","targetHints":{"allow":["GET"]}}],"collection":[{"href":"https:\/\/www.csj-emballages.com\/it\/wp-json\/wp\/v2\/product"}],"about":[{"href":"https:\/\/www.csj-emballages.com\/it\/wp-json\/wp\/v2\/types\/product"}],"wp:featuredmedia":[{"embeddable":true,"href":"https:\/\/www.csj-emballages.com\/it\/wp-json\/wp\/v2\/media\/267784"}],"wp:attachment":[{"href":"https:\/\/www.csj-emballages.com\/it\/wp-json\/wp\/v2\/media?parent=267780"}],"wp:term":[{"taxonomy":"product_brand","embeddable":true,"href":"https:\/\/www.csj-emballages.com\/it\/wp-json\/wp\/v2\/product_brand?post=267780"},{"taxonomy":"product_cat","embeddable":true,"href":"https:\/\/www.csj-emballages.com\/it\/wp-json\/wp\/v2\/product_cat?post=267780"},{"taxonomy":"product_tag","embeddable":true,"href":"https:\/\/www.csj-emballages.com\/it\/wp-json\/wp\/v2\/product_tag?post=267780"}],"curies":[{"name":"wp","href":"https:\/\/api.w.org\/{rel}","templated":true}]}}