{"id":267755,"date":"2024-03-01T16:56:13","date_gmt":"2024-03-01T15:56:13","guid":{"rendered":"https:\/\/www.csj-emballages.com\/produit\/bobina-di-rafia-beige-100-m\/"},"modified":"2026-03-25T02:11:15","modified_gmt":"2026-03-25T01:11:15","slug":"bobina-di-rafia-beige-100-m","status":"publish","type":"product","link":"https:\/\/www.csj-emballages.com\/it\/produit\/bobina-di-rafia-beige-100-m\/","title":{"rendered":"Bobina di rafia beige 100 m"},"content":{"rendered":"<p><span style=\"  font-weight: bold; font-style: italic; text-decoration: underline;  \">Bobina rafia beige 100 m<\/span><\/p>\n<p><span style=\" \">\t\t<\/span><\/p>\n<p><span style=\"  font-weight: bold; text-decoration: underline;  \">Descrizione:<\/span><\/p>\n<p><span style=\" \">\t\t<\/span><\/p>\n<p><span style=\" \">Scopri le nostre bobine rafia da 100m colore beige.<\/span><\/p>\n<p><span style=\" \">Il Raphl\u00e8ne \u00e8 una rafia sintetica molto resistente e facile da sfrangiare.<\/span><\/p>\n<p><span style=\" \">Pu\u00f2 essere utilizzato per legare i tuoi bouquet, realizzare nastri decorativi per gli imballaggi&#8230;<\/span><\/p>\n<p><span style=\" \">\t\t<\/span><\/p>\n<p><span style=\"  font-style: italic; text-decoration: underline;\">Consulta il resto della nostra gamma di bobine&nbsp;<\/span><\/p>\n<p><span style=\" \">\t\t<\/span><\/p>\n<p><span style=\"  font-weight: bold; text-decoration: underline;  \">Caratteristiche delle nostre bobine Raphl\u00e8ne:<\/span><\/p>\n<p><span style=\" \">\t\t<\/span><\/p>\n<ul>\n<li><span style=\" \">Colore: beige<\/span><\/li>\n<li><span style=\" \">Modello: Raphl\u00e8ne<\/span><\/li>\n<li><span style=\" \">Larghezza: 7 mm<\/span><\/li>\n<li><span style=\" \">Lunghezza: 100 m<\/span><\/li>\n<li><span style=\" \">Materiale: polipropilene<\/span><\/li>\n<\/ul>\n<p><span style=\" \">\t\t<\/span><\/p>\n<p><span style=\" \">Scegli le bobine rafia beige!<\/span><\/p>\n","protected":false},"excerpt":{"rendered":"<p>Bobina rafia beige 100 m Descrizione: Scopri le nostre bobine rafia da 100m colore beige. Il Raphl\u00e8ne \u00e8 una rafia sintetica molto resistente e facile da sfrangiare. Pu\u00f2 essere utilizzato per legare i tuoi bouquet, realizzare nastri decorativi per gli imballaggi&#8230; Consulta il resto della nostra gamma di bobine&nbsp; Caratteristiche delle nostre bobine Raphl\u00e8ne: Colore: [&hellip;]<\/p>\n","protected":false},"featured_media":3819,"template":"","meta":{"_acf_changed":false},"product_brand":[],"product_cat":[10346,10344,10347,10348,10345,10581,10584],"product_tag":[],"class_list":{"0":"post-267755","1":"product","2":"type-product","3":"status-publish","4":"has-post-thumbnail","6":"product_cat-imballaggi-alimentari","7":"product_cat-panetteria-pasticceria","8":"product_cat-accessori-decorativi","9":"product_cat-raphlene","10":"product_cat-boutique-e-negozio","11":"product_cat-accessori-decorativi-2","14":"first","15":"outofstock","16":"taxable","17":"shipping-taxable","18":"purchasable","19":"product-type-simple"},"acf":[],"yoast_head":"<!-- This site is optimized with the Yoast SEO Premium plugin v26.6 (Yoast SEO v26.6) - https:\/\/yoast.com\/wordpress\/plugins\/seo\/ -->\n<title>Bobina rafia beige 100m x 7mm \/csj-emballages<\/title>\n<meta name=\"description\" content=\"Acquista le nostre Bobine di Rafia Beige!! Dimensione: 100 m x 7 mm!! Scegli una Bobina di Rafia di qualit\u00e0 a PREZZO SCONTATO!!!!!!\" \/>\n<meta name=\"robots\" content=\"index, follow, max-snippet:-1, max-image-preview:large, max-video-preview:-1\" \/>\n<link rel=\"canonical\" href=\"https:\/\/www.csj-emballages.com\/it\/produit\/bobina-di-rafia-beige-100-m\/\" \/>\n<meta property=\"og:locale\" content=\"it_IT\" \/>\n<meta property=\"og:type\" content=\"article\" \/>\n<meta property=\"og:title\" content=\"Bobina di rafia beige 100 m\" \/>\n<meta property=\"og:description\" content=\"Acquista le nostre Bobine di Rafia Beige!! Dimensione: 100 m x 7 mm!! Scegli una Bobina di Rafia di qualit\u00e0 a PREZZO SCONTATO!!!!!!\" \/>\n<meta property=\"og:url\" content=\"https:\/\/www.csj-emballages.com\/it\/produit\/bobina-di-rafia-beige-100-m\/\" \/>\n<meta property=\"og:site_name\" content=\"CSJ Emballages\" \/>\n<meta property=\"article:publisher\" content=\"https:\/\/www.facebook.com\/csjemballages\" \/>\n<meta property=\"article:modified_time\" content=\"2026-03-25T01:11:15+00:00\" \/>\n<meta property=\"og:image\" content=\"https:\/\/www.csj-emballages.com\/wp-content\/uploads\/2024\/03\/ItemBOBRAPH32-jpeg.webp\" \/>\n\t<meta property=\"og:image:width\" content=\"300\" \/>\n\t<meta property=\"og:image:height\" content=\"300\" \/>\n\t<meta property=\"og:image:type\" content=\"image\/jpeg\" \/>\n<meta name=\"twitter:card\" content=\"summary_large_image\" \/>\n<script type=\"application\/ld+json\" class=\"yoast-schema-graph\">{\"@context\":\"https:\/\/schema.org\",\"@graph\":[{\"@type\":\"WebPage\",\"@id\":\"https:\/\/www.csj-emballages.com\/it\/produit\/bobina-di-rafia-beige-100-m\/\",\"url\":\"https:\/\/www.csj-emballages.com\/it\/produit\/bobina-di-rafia-beige-100-m\/\",\"name\":\"Bobina rafia beige 100m x 7mm \/csj-emballages\",\"isPartOf\":{\"@id\":\"https:\/\/www.csj-emballages.com\/it\/#website\"},\"primaryImageOfPage\":{\"@id\":\"https:\/\/www.csj-emballages.com\/it\/produit\/bobina-di-rafia-beige-100-m\/#primaryimage\"},\"image\":{\"@id\":\"https:\/\/www.csj-emballages.com\/it\/produit\/bobina-di-rafia-beige-100-m\/#primaryimage\"},\"thumbnailUrl\":\"https:\/\/www.csj-emballages.com\/wp-content\/uploads\/2024\/03\/ItemBOBRAPH32-jpeg.webp\",\"datePublished\":\"2024-03-01T15:56:13+00:00\",\"dateModified\":\"2026-03-25T01:11:15+00:00\",\"description\":\"Acquista le nostre Bobine di Rafia Beige!! Dimensione: 100 m x 7 mm!! Scegli una Bobina di Rafia di qualit\u00e0 a PREZZO SCONTATO!!!!!!\",\"breadcrumb\":{\"@id\":\"https:\/\/www.csj-emballages.com\/it\/produit\/bobina-di-rafia-beige-100-m\/#breadcrumb\"},\"inLanguage\":\"it-IT\",\"potentialAction\":[{\"@type\":\"ReadAction\",\"target\":[\"https:\/\/www.csj-emballages.com\/it\/produit\/bobina-di-rafia-beige-100-m\/\"]}]},{\"@type\":\"ImageObject\",\"inLanguage\":\"it-IT\",\"@id\":\"https:\/\/www.csj-emballages.com\/it\/produit\/bobina-di-rafia-beige-100-m\/#primaryimage\",\"url\":\"https:\/\/www.csj-emballages.com\/wp-content\/uploads\/2024\/03\/ItemBOBRAPH32-jpeg.webp\",\"contentUrl\":\"https:\/\/www.csj-emballages.com\/wp-content\/uploads\/2024\/03\/ItemBOBRAPH32-jpeg.webp\",\"width\":300,\"height\":300},{\"@type\":\"BreadcrumbList\",\"@id\":\"https:\/\/www.csj-emballages.com\/it\/produit\/bobina-di-rafia-beige-100-m\/#breadcrumb\",\"itemListElement\":[{\"@type\":\"ListItem\",\"position\":1,\"name\":\"Home\",\"item\":\"https:\/\/www.csj-emballages.com\/it\/universo-imballaggi-alimentari\/\"},{\"@type\":\"ListItem\",\"position\":2,\"name\":\"Negozio\",\"item\":\"https:\/\/www.csj-emballages.com\/it\/negozio\/\"},{\"@type\":\"ListItem\",\"position\":3,\"name\":\"Bobina di rafia beige 100 m\"}]},{\"@type\":\"WebSite\",\"@id\":\"https:\/\/www.csj-emballages.com\/it\/#website\",\"url\":\"https:\/\/www.csj-emballages.com\/it\/\",\"name\":\"CSJ Emballages\",\"description\":\"\",\"publisher\":{\"@id\":\"https:\/\/www.csj-emballages.com\/it\/#organization\"},\"potentialAction\":[{\"@type\":\"SearchAction\",\"target\":{\"@type\":\"EntryPoint\",\"urlTemplate\":\"https:\/\/www.csj-emballages.com\/it\/?s={search_term_string}\"},\"query-input\":{\"@type\":\"PropertyValueSpecification\",\"valueRequired\":true,\"valueName\":\"search_term_string\"}}],\"inLanguage\":\"it-IT\"},{\"@type\":\"Organization\",\"@id\":\"https:\/\/www.csj-emballages.com\/it\/#Organization\/\",\"name\":\"CSJ Emballages\",\"url\":\"https:\/\/www.csj-emballages.com\/it\/\",\"logo\":{\"@type\":\"ImageObject\",\"inLanguage\":\"it-IT\",\"@id\":\"https:\/\/www.csj-emballages.com\/it\/#\/schema\/logo\/image\/\",\"url\":\"https:\/\/www.csj-emballages.com\/wp-content\/uploads\/2023\/10\/logo_csj.webp\",\"contentUrl\":\"https:\/\/www.csj-emballages.com\/wp-content\/uploads\/2023\/10\/logo_csj.webp\",\"width\":250,\"height\":95,\"caption\":\"CSJ Emballages\"},\"image\":{\"@id\":\"https:\/\/www.csj-emballages.com\/it\/#\/schema\/logo\/image\/\"},\"sameAs\":[\"https:\/\/www.facebook.com\/csjemballages\"],\"address\":{\"@type\":\"PostalAddress\",\"streetAddress\":\"ZI La Lechere\",\"addressLocality\":\"Patornay\",\"postalCode\":\"39130\",\"addressCountry\":\"FR\"},\"contactPoint\":[{\"@type\":\"ContactPoint\",\"contactType\":\"Service client\",\"telephone\":\"0384254272\",\"email\":\"contact@csj-emballages.com\"}]}]}<\/script>\n<!-- \/ Yoast SEO Premium plugin. -->","yoast_head_json":{"title":"Bobina rafia beige 100m x 7mm \/csj-emballages","description":"Acquista le nostre Bobine di Rafia Beige!! Dimensione: 100 m x 7 mm!! Scegli una Bobina di Rafia di qualit\u00e0 a PREZZO SCONTATO!!!!!!","robots":{"index":"index","follow":"follow","max-snippet":"max-snippet:-1","max-image-preview":"max-image-preview:large","max-video-preview":"max-video-preview:-1"},"canonical":"https:\/\/www.csj-emballages.com\/it\/produit\/bobina-di-rafia-beige-100-m\/","og_locale":"it_IT","og_type":"article","og_title":"Bobina di rafia beige 100 m","og_description":"Acquista le nostre Bobine di Rafia Beige!! Dimensione: 100 m x 7 mm!! Scegli una Bobina di Rafia di qualit\u00e0 a PREZZO SCONTATO!!!!!!","og_url":"https:\/\/www.csj-emballages.com\/it\/produit\/bobina-di-rafia-beige-100-m\/","og_site_name":"CSJ Emballages","article_publisher":"https:\/\/www.facebook.com\/csjemballages","article_modified_time":"2026-03-25T01:11:15+00:00","og_image":[{"width":300,"height":300,"url":"https:\/\/www.csj-emballages.com\/wp-content\/uploads\/2024\/03\/ItemBOBRAPH32-jpeg.webp","type":"image\/jpeg"}],"twitter_card":"summary_large_image","schema":{"@context":"https:\/\/schema.org","@graph":[{"@type":"WebPage","@id":"https:\/\/www.csj-emballages.com\/it\/produit\/bobina-di-rafia-beige-100-m\/","url":"https:\/\/www.csj-emballages.com\/it\/produit\/bobina-di-rafia-beige-100-m\/","name":"Bobina rafia beige 100m x 7mm \/csj-emballages","isPartOf":{"@id":"https:\/\/www.csj-emballages.com\/it\/#website"},"primaryImageOfPage":{"@id":"https:\/\/www.csj-emballages.com\/it\/produit\/bobina-di-rafia-beige-100-m\/#primaryimage"},"image":{"@id":"https:\/\/www.csj-emballages.com\/it\/produit\/bobina-di-rafia-beige-100-m\/#primaryimage"},"thumbnailUrl":"https:\/\/www.csj-emballages.com\/wp-content\/uploads\/2024\/03\/ItemBOBRAPH32-jpeg.webp","datePublished":"2024-03-01T15:56:13+00:00","dateModified":"2026-03-25T01:11:15+00:00","description":"Acquista le nostre Bobine di Rafia Beige!! Dimensione: 100 m x 7 mm!! Scegli una Bobina di Rafia di qualit\u00e0 a PREZZO SCONTATO!!!!!!","breadcrumb":{"@id":"https:\/\/www.csj-emballages.com\/it\/produit\/bobina-di-rafia-beige-100-m\/#breadcrumb"},"inLanguage":"it-IT","potentialAction":[{"@type":"ReadAction","target":["https:\/\/www.csj-emballages.com\/it\/produit\/bobina-di-rafia-beige-100-m\/"]}]},{"@type":"ImageObject","inLanguage":"it-IT","@id":"https:\/\/www.csj-emballages.com\/it\/produit\/bobina-di-rafia-beige-100-m\/#primaryimage","url":"https:\/\/www.csj-emballages.com\/wp-content\/uploads\/2024\/03\/ItemBOBRAPH32-jpeg.webp","contentUrl":"https:\/\/www.csj-emballages.com\/wp-content\/uploads\/2024\/03\/ItemBOBRAPH32-jpeg.webp","width":300,"height":300},{"@type":"BreadcrumbList","@id":"https:\/\/www.csj-emballages.com\/it\/produit\/bobina-di-rafia-beige-100-m\/#breadcrumb","itemListElement":[{"@type":"ListItem","position":1,"name":"Home","item":"https:\/\/www.csj-emballages.com\/it\/universo-imballaggi-alimentari\/"},{"@type":"ListItem","position":2,"name":"Negozio","item":"https:\/\/www.csj-emballages.com\/it\/negozio\/"},{"@type":"ListItem","position":3,"name":"Bobina di rafia beige 100 m"}]},{"@type":"WebSite","@id":"https:\/\/www.csj-emballages.com\/it\/#website","url":"https:\/\/www.csj-emballages.com\/it\/","name":"CSJ Emballages","description":"","publisher":{"@id":"https:\/\/www.csj-emballages.com\/it\/#organization"},"potentialAction":[{"@type":"SearchAction","target":{"@type":"EntryPoint","urlTemplate":"https:\/\/www.csj-emballages.com\/it\/?s={search_term_string}"},"query-input":{"@type":"PropertyValueSpecification","valueRequired":true,"valueName":"search_term_string"}}],"inLanguage":"it-IT"},{"@type":"Organization","@id":"https:\/\/www.csj-emballages.com\/it\/#Organization\/","name":"CSJ Emballages","url":"https:\/\/www.csj-emballages.com\/it\/","logo":{"@type":"ImageObject","inLanguage":"it-IT","@id":"https:\/\/www.csj-emballages.com\/it\/#\/schema\/logo\/image\/","url":"https:\/\/www.csj-emballages.com\/wp-content\/uploads\/2023\/10\/logo_csj.webp","contentUrl":"https:\/\/www.csj-emballages.com\/wp-content\/uploads\/2023\/10\/logo_csj.webp","width":250,"height":95,"caption":"CSJ Emballages"},"image":{"@id":"https:\/\/www.csj-emballages.com\/it\/#\/schema\/logo\/image\/"},"sameAs":["https:\/\/www.facebook.com\/csjemballages"],"address":{"@type":"PostalAddress","streetAddress":"ZI La Lechere","addressLocality":"Patornay","postalCode":"39130","addressCountry":"FR"},"contactPoint":[{"@type":"ContactPoint","contactType":"Service client","telephone":"0384254272","email":"contact@csj-emballages.com"}]}]}},"df_price":7.39,"df_sale_price":"","df_regular_price":7.39,"df_image_link":"https:\/\/www.csj-emballages.com\/wp-content\/uploads\/2024\/03\/ItemBOBRAPH32-jpeg.webp","tiered_pricing_type":"fixed","tiered_pricing_fixed_rules":[],"tiered_pricing_percentage_rules":[],"tiered_pricing_minimum":1,"tiered_pricing_roles_data":[],"_links":{"self":[{"href":"https:\/\/www.csj-emballages.com\/it\/wp-json\/wp\/v2\/product\/267755","targetHints":{"allow":["GET"]}}],"collection":[{"href":"https:\/\/www.csj-emballages.com\/it\/wp-json\/wp\/v2\/product"}],"about":[{"href":"https:\/\/www.csj-emballages.com\/it\/wp-json\/wp\/v2\/types\/product"}],"wp:featuredmedia":[{"embeddable":true,"href":"https:\/\/www.csj-emballages.com\/it\/wp-json\/wp\/v2\/media\/3819"}],"wp:attachment":[{"href":"https:\/\/www.csj-emballages.com\/it\/wp-json\/wp\/v2\/media?parent=267755"}],"wp:term":[{"taxonomy":"product_brand","embeddable":true,"href":"https:\/\/www.csj-emballages.com\/it\/wp-json\/wp\/v2\/product_brand?post=267755"},{"taxonomy":"product_cat","embeddable":true,"href":"https:\/\/www.csj-emballages.com\/it\/wp-json\/wp\/v2\/product_cat?post=267755"},{"taxonomy":"product_tag","embeddable":true,"href":"https:\/\/www.csj-emballages.com\/it\/wp-json\/wp\/v2\/product_tag?post=267755"}],"curies":[{"name":"wp","href":"https:\/\/api.w.org\/{rel}","templated":true}]}}