{"id":267716,"date":"2024-03-01T16:56:00","date_gmt":"2024-03-01T15:56:00","guid":{"rendered":"https:\/\/www.csj-emballages.com\/produit\/scatola-per-tronchetto-bianca-30-x-115-x-105-cm-confezione-da-25\/"},"modified":"2026-04-18T02:12:45","modified_gmt":"2026-04-18T00:12:45","slug":"scatola-per-tronchetto-bianca-30-x-115-x-105-cm-confezione-da-25","status":"publish","type":"product","link":"https:\/\/www.csj-emballages.com\/it\/produit\/scatola-per-tronchetto-bianca-30-x-115-x-105-cm-confezione-da-25\/","title":{"rendered":"Scatola per tronchetto bianca 30 x 11,5 x 10,5 cm confezione da 25"},"content":{"rendered":"<div style=\"box-sizing: inherit; font-family: Roboto, sans-serif;\">\n<div style=\"box-sizing: inherit; font-family: Roboto, sans-serif;\">\n<div style=\"box-sizing: inherit; font-family: Roboto, sans-serif;\">\n<div style=\"box-sizing: inherit; font-family: Roboto, sans-serif;\">\n<div style=\"box-sizing: inherit; font-family: Roboto, sans-serif;\">\n<div style=\"box-sizing: inherit; font-family: Roboto, sans-serif;\">\n<div style=\"box-sizing: inherit; font-family: Roboto, sans-serif;\">\n<div style=\"box-sizing: inherit; font-family: Roboto, sans-serif;\">\n<div style=\"box-sizing: inherit; font-family: Roboto, sans-serif;\">\n<div style=\"box-sizing: inherit; font-family: Roboto, sans-serif;\">\n<div style=\"box-sizing: inherit; font-family: Roboto, sans-serif;\">\n<div style=\"box-sizing: inherit; font-family: Roboto, sans-serif;\">\n<div style=\"box-sizing: inherit; font-family: Roboto, sans-serif;\">\n<div class=\"flex flex-grow flex-col max-w-full\">\n<div class=\"min-h-[20px] text-message flex flex-col items-start whitespace-pre-wrap break-words [.text-message+&amp;]:mt-5 juice:w-full juice:items-end overflow-x-auto gap-2\" dir=\"auto\" data-message-author-role=\"assistant\" data-message-id=\"2034782e-88f9-44ef-b4dc-07dd7bf0115f\">\n<div class=\"flex w-full flex-col gap-1 juice:empty:hidden juice:first:pt-[3px]\">\n<div class=\"markdown prose w-full break-words dark:prose-invert light\">\n<div style=\"box-sizing: inherit; font-family: Roboto, sans-serif;\">\n<div style=\"box-sizing: inherit; font-family: Roboto, sans-serif;\">\n<div style=\"box-sizing: inherit; font-family: Roboto, sans-serif;\">\n<div style=\"box-sizing: inherit; font-family: Roboto, sans-serif;\">\n<div style=\"box-sizing: inherit; font-family: Roboto, sans-serif;\">\n<div style=\"box-sizing: inherit; font-family: Roboto, sans-serif;\">\n<h2 class=\"p1\">Scatola per tronchetto<\/h2>\n<div style=\"box-sizing: inherit; font-family: Roboto, sans-serif;\">\n<div style=\"box-sizing: inherit; font-family: Roboto, sans-serif;\">\n<div style=\"box-sizing: inherit; font-family: Roboto, sans-serif;\">\n<div style=\"text-align: center;\">\n<div style=\"box-sizing: inherit; font-family: Roboto, sans-serif;\">\n<div style=\"box-sizing: inherit; font-family: Roboto, sans-serif;\">\n<div style=\"box-sizing: inherit; font-family: Roboto, sans-serif;\">\n<div style=\"box-sizing: inherit; font-family: Roboto, sans-serif;\">\n<div style=\"box-sizing: inherit; font-family: Roboto, sans-serif;\">\n<div style=\"box-sizing: inherit; font-family: Roboto, sans-serif; text-align: left;\">\n<hr>\n<h3 style=\"text-align: left;\">Descrizione della nostra scatola per tronchetto bianca 30 x 11,5 x 10,5 cm confezione da 25<\/h3>\n<h3 style=\"text-align: left;\"><!--more--><\/h3>\n<\/div>\n<\/div>\n<\/div>\n<\/div>\n<\/div>\n<\/div>\n<\/div>\n<\/div>\n<\/div>\n<\/div>\n<\/div>\n<\/div>\n<\/div>\n<\/div>\n<\/div>\n<\/div>\n<\/div>\n<\/div>\n<\/div>\n<\/div>\n<\/div>\n<\/div>\n<\/div>\n<\/div>\n<\/div>\n<\/div>\n<\/div>\n<\/div>\n<\/div>\n<\/div>\n<\/div>\n<\/div>\n<\/div>\n<p>Scopri la <strong>scatola per tronchetto bianca<\/strong> <strong>30 x 11,5 x 10,5<\/strong> <strong>cm<\/strong>, una confezione ideale per presentare i tuoi tronchetti di Natale. Progettata per proteggere e valorizzare i tuoi dessert, questa <strong>scatola per tronchetto di Natale<\/strong> combina eleganza e praticit\u00e0. Risponde alle esigenze dei professionisti della pasticceria e del catering, ma \u00e8 adatta anche ai privati che desiderano offrire le loro creazioni in uno scrigno raffinato.  <\/p>\n<p>Con le sue dimensioni di <strong>30 x 11,5 x 10,5<\/strong><strong> cm<\/strong>, questa <strong>scatola per tronchetto<\/strong> \u00e8 perfettamente adatta ai tronchetti tradizionali e moderni. Assicura un mantenimento impeccabile dei tuoi dessert, anche i pi\u00f9 delicati. Inoltre, il suo design sobrio ne fa una <strong>scatola per tronchetto<\/strong> versatile, che si integra in qualsiasi presentazione festiva. Potrai cos\u00ec utilizzarla per ogni tipo di evento invernale, sia per Natale che per Capodanno.   <\/p>\n<p>&nbsp;<\/p>\n<p><!--more--><\/p>\n<h4>Perch\u00e9 usare le nostre scatole per tronchetto?<\/h4>\n<p>Questa <strong>scatola per tronchetto di Natale<\/strong> \u00e8 progettata per resistere agli urti. Permette quindi di trasportare facilmente il tuo tronchetto senza rischio di danni. I professionisti della pasticceria apprezzeranno la sua robustezza e il suo design neutro, che valorizzano essenzialmente le loro creazioni.  <\/p>\n<p>Oltre alla sua funzione di protezione, la <strong>scatola per tronchetto di Natale<\/strong> contribuisce a valorizzare il tuo dessert. Il colore bianco della <strong>scatola per tronchetto<\/strong> crea un contrasto piacevole con i colori del tronchetto, attirando cos\u00ec l&#8217;attenzione dei tuoi clienti o ospiti. Inoltre, \u00e8 dotata di un interno liscio per un inserimento e una rimozione facili del tronchetto, riducendo cos\u00ec il rischio di danneggiamento durante la manipolazione.  <\/p>\n<p>Il suo design sobrio si abbina perfettamente a tutte le decorazioni da tavola. Pu\u00f2 anche essere abbellita con nastri o etichette personalizzate per ancora pi\u00f9 personalizzazione. <\/p>\n<p>&nbsp;<\/p>\n<p><!--more--><\/p>\n<div style=\"box-sizing: inherit; font-family: Roboto, sans-serif;\">\n<div style=\"box-sizing: inherit; font-family: Roboto, sans-serif;\">\n<div style=\"box-sizing: inherit; font-family: Roboto, sans-serif;\">\n<div style=\"box-sizing: inherit; font-family: Roboto, sans-serif;\">\n<div style=\"box-sizing: inherit; font-family: Roboto, sans-serif;\">\n<div style=\"box-sizing: inherit; font-family: Roboto, sans-serif;\">\n<div style=\"box-sizing: inherit; font-family: Roboto, sans-serif;\">\n<div style=\"box-sizing: inherit; font-family: Roboto, sans-serif;\">\n<div style=\"box-sizing: inherit; font-family: Roboto, sans-serif;\">\n<div style=\"box-sizing: inherit; font-family: Roboto, sans-serif;\">\n<div style=\"box-sizing: inherit; font-family: Roboto, sans-serif;\">\n<div style=\"box-sizing: inherit; font-family: Roboto, sans-serif;\">\n<div style=\"box-sizing: inherit; font-family: Roboto, sans-serif;\">\n<div class=\"flex flex-grow flex-col max-w-full\">\n<div class=\"min-h-[20px] text-message flex flex-col items-start whitespace-pre-wrap break-words [.text-message+&amp;]:mt-5 juice:w-full juice:items-end overflow-x-auto gap-2\" dir=\"auto\" data-message-author-role=\"assistant\" data-message-id=\"2034782e-88f9-44ef-b4dc-07dd7bf0115f\">\n<div class=\"flex w-full flex-col gap-1 juice:empty:hidden juice:first:pt-[3px]\">\n<div class=\"markdown prose w-full break-words dark:prose-invert light\">\n<div style=\"box-sizing: inherit; font-family: Roboto, sans-serif;\">\n<div style=\"box-sizing: inherit; font-family: Roboto, sans-serif;\">\n<div style=\"box-sizing: inherit; font-family: Roboto, sans-serif;\">\n<div style=\"box-sizing: inherit; font-family: Roboto, sans-serif;\">\n<div style=\"box-sizing: inherit; font-family: Roboto, sans-serif;\">\n<div style=\"box-sizing: inherit; font-family: Roboto, sans-serif;\">\n<p>La <strong>scatola per tronchetto di Natale<\/strong> \u00e8 disponibile anche in confezione da <strong>25<\/strong>. Questo formato economico \u00e8 ideale per i professionisti che desiderano anticipare le richieste di fine anno. Potrai cos\u00ec disporre di scatole sufficienti per soddisfare gli ordini dei tuoi clienti, realizzando al contempo dei risparmi.  <\/p>\n<p>Infine, questa <strong>scatola<\/strong> rispetta le norme alimentari e assicura una presentazione impeccabile. Il suo colore bianco \u00e8 una scelta intelligente per pasticceria dai molteplici colori e sapori. Valorizza le tue creazioni pasticcere e offri loro uno scrigno all&#8217;altezza del tuo talento con questa <strong>scatola per tronchetto di Natale<\/strong>  <\/p>\n<p>&nbsp;<\/p>\n<p>&nbsp;<\/p>\n<p><!--more--><\/p>\n<h4 style=\"text-align: left;\">Vantaggi:<\/h4>\n<ul style=\"text-align: left;\">\n<li><strong>Dimensioni adatte<\/strong>: Le sue misure di <strong>30 x 11,5 x 10,5<\/strong><strong> cm<\/strong> sono perfette per un tronchetto di dimensioni standard.<\/li>\n<li><strong>Design neutro<\/strong>: Con la sua estetica neutra, questa <strong>scatola <\/strong>permette di valorizzare le tue creazioni o di personalizzarla secondo i tuoi gusti.<\/li>\n<li><strong>Protezione ottimale<\/strong>: La <strong>scatola<\/strong> \u00e8 dotata di una chiusura sicura, proteggendo efficacemente il tuo tronchetto durante il trasporto o la conservazione.<\/li>\n<li><strong>Praticit\u00e0<\/strong>: La sua concezione permette una manipolazione semplice e una presentazione curata.<\/li>\n<\/ul>\n<\/div>\n<\/div>\n<\/div>\n<\/div>\n<\/div>\n<\/div>\n<\/div>\n<\/div>\n<\/div>\n<\/div>\n<\/div>\n<\/div>\n<p>&nbsp;<\/p>\n<\/div>\n<\/div>\n<\/div>\n<\/div>\n<\/div>\n<\/div>\n<\/div>\n<\/div>\n<\/div>\n<\/div>\n<\/div>\n<p><!--more--><\/p>\n<h4>Altre informazioni:<\/h4>\n<ul style=\"box-sizing: inherit; font-family: Roboto, sans-serif;\">\n<li><strong>Confezione<\/strong>: Pacco da 25<\/li>\n<li><span style=\"font-weight: bold;\">Dimensioni<\/span>: 30 x 11,5 x 10,5 cm<\/li>\n<li><strong>Materiale<\/strong>: Cartone<\/li>\n<\/ul>\n<p>&nbsp;<\/p>\n<p><!--more--><\/p>\n<p>Disponibile in diverse misure: <span style=\"color: #d12727;\"><a style=\"color: #d12727;\" href=\"https:\/\/www.csj-emballages.com\/produit\/25-boites-a-buche-blanches-20x11x10-cm-noel-fetes-rectangle-fermeture\/\">20x11x10 cm<\/a><\/span> \/ <span style=\"color: #d12727;\"><a style=\"color: #d12727;\" href=\"https:\/\/www.csj-emballages.com\/produit\/25-boites-a-buche-blanches-25x11x10-cm-noel-fetes-rectangle-fermeture\/\">25x11x10 cm<\/a><\/span> \/ <span style=\"color: #d12727;\"><a style=\"color: #d12727;\" href=\"https:\/\/www.csj-emballages.com\/produit\/25-boites-a-buche-blanches-35-x-11-x-10-cm\/\">35x11x10 cm<\/a><\/span> \/ <span style=\"color: #d12727;\"><a style=\"color: #d12727;\" href=\"https:\/\/www.csj-emballages.com\/produit\/25-boites-a-buche-blanches-40-x-11-x-10-cm\/\">40x11x10 cm<\/a><\/span> \/ <span style=\"color: #d12727;\"><a style=\"color: #d12727;\" href=\"https:\/\/www.csj-emballages.com\/produit\/25-boites-a-buche-blanches-45-x-11-x-10-cm\/\">45x11x10 cm<\/a><\/span> \/ <span style=\"color: #d12727;\"><a style=\"color: #d12727;\" href=\"https:\/\/www.csj-emballages.com\/produit\/25-boites-a-buche-blanches-50-x-11-x-10-cm\/\">50x11x10 cm<\/a><\/span> \/ <span style=\"color: #d12727;\"><a style=\"color: #d12727;\" href=\"https:\/\/www.csj-emballages.com\/produit\/25-boites-a-buche-blanches-60-x-11-x-9-cm\/\">60x11x10 cm<\/a><\/span><\/p>\n<p>&nbsp;<\/p>\n<p><!--more--><\/p>\n<p>Consulta anche il <span style=\"color: #d12727;\"><a style=\"color: #d12727;\" href=\"https:\/\/www.csj-emballages.com\/produit\/50-semelles-bords-droits-or-noir-30-x-10-cm\/\">vassoio per tronchetto<\/a><\/span> progettato per queste scatole<\/p>\n<p>&nbsp;<\/p>\n<p><!--more--><\/p>\n<p><a href=\"https:\/\/www.csj-emballages.com\/it\/categorie-produit\/imballaggi-alimentari\/panetteria-pasticceria\/scatola-e-astuccio\/scatole-per-tronchetto\/scatole-per-tronchetto-bianche\/\">Consulta il resto della nostra gamma di scatole per tronchetto bianche<\/a><\/p>\n<h2><\/h2>\n","protected":false},"excerpt":{"rendered":"<p>Scatola per tronchetto Descrizione della nostra scatola per tronchetto bianca 30 x 11,5 x 10,5 cm confezione da 25<\/p>\n","protected":false},"featured_media":267722,"template":"","meta":{"_acf_changed":false},"product_brand":[],"product_cat":[10346,10344,10571,10572],"product_tag":[],"class_list":{"0":"post-267716","1":"product","2":"type-product","3":"status-publish","4":"has-post-thumbnail","6":"product_cat-imballaggi-alimentari","7":"product_cat-panetteria-pasticceria","8":"product_cat-scatole-per-tronchetto","9":"product_cat-scatole-per-tronchetto-bianche","11":"first","12":"instock","13":"taxable","14":"shipping-taxable","15":"purchasable","16":"product-type-simple"},"acf":[],"yoast_head":"<!-- This site is optimized with the Yoast SEO Premium plugin v26.6 (Yoast SEO v26.6) - https:\/\/yoast.com\/wordpress\/plugins\/seo\/ -->\n<title>Scatola per Tronchetto Bianca 30 x 11,5 x 10,5 cm confezione da 25<\/title>\n<meta name=\"description\" content=\"Scopri la nostra scatola per tronchetto bianca da 30 x 11,5 x 10,5 cm confezione da 25: protezione ottimale, design essenziale e montaggio rapido per valorizzare i tuoi tronchetti\" \/>\n<meta name=\"robots\" content=\"index, follow, max-snippet:-1, max-image-preview:large, max-video-preview:-1\" \/>\n<link rel=\"canonical\" href=\"https:\/\/www.csj-emballages.com\/it\/produit\/scatola-per-tronchetto-bianca-30-x-115-x-105-cm-confezione-da-25\/\" \/>\n<meta property=\"og:locale\" content=\"it_IT\" \/>\n<meta property=\"og:type\" content=\"article\" \/>\n<meta property=\"og:title\" content=\"Scatola per tronchetto bianca 30 x 11,5 x 10,5 cm confezione da 25\" \/>\n<meta property=\"og:description\" content=\"Scopri la nostra scatola per tronchetto bianca da 30 x 11,5 x 10,5 cm confezione da 25: protezione ottimale, design essenziale e montaggio rapido per valorizzare i tuoi tronchetti\" \/>\n<meta property=\"og:url\" content=\"https:\/\/www.csj-emballages.com\/it\/produit\/scatola-per-tronchetto-bianca-30-x-115-x-105-cm-confezione-da-25\/\" \/>\n<meta property=\"og:site_name\" content=\"CSJ Emballages\" \/>\n<meta property=\"article:publisher\" content=\"https:\/\/www.facebook.com\/csjemballages\" \/>\n<meta property=\"article:modified_time\" content=\"2026-04-18T00:12:45+00:00\" \/>\n<meta property=\"og:image\" content=\"https:\/\/www.csj-emballages.com\/wp-content\/uploads\/2024\/03\/boite-buche-carton-noel-blanche-colore-grossiste-csj-emballages-zoom-2-jpg.webp\" \/>\n\t<meta property=\"og:image:width\" content=\"300\" \/>\n\t<meta property=\"og:image:height\" content=\"300\" \/>\n\t<meta property=\"og:image:type\" content=\"image\/jpeg\" \/>\n<meta name=\"twitter:card\" content=\"summary_large_image\" \/>\n<meta name=\"twitter:label1\" content=\"Dur\u00e9e de lecture estim\u00e9e\" \/>\n\t<meta name=\"twitter:data1\" content=\"3 minuti\" \/>\n<script type=\"application\/ld+json\" class=\"yoast-schema-graph\">{\"@context\":\"https:\/\/schema.org\",\"@graph\":[{\"@type\":\"WebPage\",\"@id\":\"https:\/\/www.csj-emballages.com\/it\/produit\/scatola-per-tronchetto-bianca-30-x-115-x-105-cm-confezione-da-25\/\",\"url\":\"https:\/\/www.csj-emballages.com\/it\/produit\/scatola-per-tronchetto-bianca-30-x-115-x-105-cm-confezione-da-25\/\",\"name\":\"Scatola per Tronchetto Bianca 30 x 11,5 x 10,5 cm confezione da 25\",\"isPartOf\":{\"@id\":\"https:\/\/www.csj-emballages.com\/it\/#website\"},\"primaryImageOfPage\":{\"@id\":\"https:\/\/www.csj-emballages.com\/it\/produit\/scatola-per-tronchetto-bianca-30-x-115-x-105-cm-confezione-da-25\/#primaryimage\"},\"image\":{\"@id\":\"https:\/\/www.csj-emballages.com\/it\/produit\/scatola-per-tronchetto-bianca-30-x-115-x-105-cm-confezione-da-25\/#primaryimage\"},\"thumbnailUrl\":\"https:\/\/www.csj-emballages.com\/wp-content\/uploads\/2024\/03\/boite-buche-carton-noel-blanche-colore-grossiste-csj-emballages-zoom-2-jpg.webp\",\"datePublished\":\"2024-03-01T15:56:00+00:00\",\"dateModified\":\"2026-04-18T00:12:45+00:00\",\"description\":\"Scopri la nostra scatola per tronchetto bianca da 30 x 11,5 x 10,5 cm confezione da 25: protezione ottimale, design essenziale e montaggio rapido per valorizzare i tuoi tronchetti\",\"breadcrumb\":{\"@id\":\"https:\/\/www.csj-emballages.com\/it\/produit\/scatola-per-tronchetto-bianca-30-x-115-x-105-cm-confezione-da-25\/#breadcrumb\"},\"inLanguage\":\"it-IT\",\"potentialAction\":[{\"@type\":\"ReadAction\",\"target\":[\"https:\/\/www.csj-emballages.com\/it\/produit\/scatola-per-tronchetto-bianca-30-x-115-x-105-cm-confezione-da-25\/\"]}]},{\"@type\":\"ImageObject\",\"inLanguage\":\"it-IT\",\"@id\":\"https:\/\/www.csj-emballages.com\/it\/produit\/scatola-per-tronchetto-bianca-30-x-115-x-105-cm-confezione-da-25\/#primaryimage\",\"url\":\"https:\/\/www.csj-emballages.com\/wp-content\/uploads\/2024\/03\/boite-buche-carton-noel-blanche-colore-grossiste-csj-emballages-zoom-2-jpg.webp\",\"contentUrl\":\"https:\/\/www.csj-emballages.com\/wp-content\/uploads\/2024\/03\/boite-buche-carton-noel-blanche-colore-grossiste-csj-emballages-zoom-2-jpg.webp\",\"width\":300,\"height\":300,\"caption\":\"boite a buche\"},{\"@type\":\"BreadcrumbList\",\"@id\":\"https:\/\/www.csj-emballages.com\/it\/produit\/scatola-per-tronchetto-bianca-30-x-115-x-105-cm-confezione-da-25\/#breadcrumb\",\"itemListElement\":[{\"@type\":\"ListItem\",\"position\":1,\"name\":\"Home\",\"item\":\"https:\/\/www.csj-emballages.com\/it\/universo-imballaggi-alimentari\/\"},{\"@type\":\"ListItem\",\"position\":2,\"name\":\"Negozio\",\"item\":\"https:\/\/www.csj-emballages.com\/it\/negozio\/\"},{\"@type\":\"ListItem\",\"position\":3,\"name\":\"Scatola per tronchetto bianca 30 x 11,5 x 10,5 cm confezione da 25\"}]},{\"@type\":\"WebSite\",\"@id\":\"https:\/\/www.csj-emballages.com\/it\/#website\",\"url\":\"https:\/\/www.csj-emballages.com\/it\/\",\"name\":\"CSJ Emballages\",\"description\":\"\",\"publisher\":{\"@id\":\"https:\/\/www.csj-emballages.com\/it\/#organization\"},\"potentialAction\":[{\"@type\":\"SearchAction\",\"target\":{\"@type\":\"EntryPoint\",\"urlTemplate\":\"https:\/\/www.csj-emballages.com\/it\/?s={search_term_string}\"},\"query-input\":{\"@type\":\"PropertyValueSpecification\",\"valueRequired\":true,\"valueName\":\"search_term_string\"}}],\"inLanguage\":\"it-IT\"},{\"@type\":\"Organization\",\"@id\":\"https:\/\/www.csj-emballages.com\/it\/#Organization\/\",\"name\":\"CSJ Emballages\",\"url\":\"https:\/\/www.csj-emballages.com\/it\/\",\"logo\":{\"@type\":\"ImageObject\",\"inLanguage\":\"it-IT\",\"@id\":\"https:\/\/www.csj-emballages.com\/it\/#\/schema\/logo\/image\/\",\"url\":\"https:\/\/www.csj-emballages.com\/wp-content\/uploads\/2023\/10\/logo_csj.webp\",\"contentUrl\":\"https:\/\/www.csj-emballages.com\/wp-content\/uploads\/2023\/10\/logo_csj.webp\",\"width\":250,\"height\":95,\"caption\":\"CSJ Emballages\"},\"image\":{\"@id\":\"https:\/\/www.csj-emballages.com\/it\/#\/schema\/logo\/image\/\"},\"sameAs\":[\"https:\/\/www.facebook.com\/csjemballages\"],\"address\":{\"@type\":\"PostalAddress\",\"streetAddress\":\"ZI La Lechere\",\"addressLocality\":\"Patornay\",\"postalCode\":\"39130\",\"addressCountry\":\"FR\"},\"contactPoint\":[{\"@type\":\"ContactPoint\",\"contactType\":\"Service client\",\"telephone\":\"0384254272\",\"email\":\"contact@csj-emballages.com\"}]}]}<\/script>\n<!-- \/ Yoast SEO Premium plugin. -->","yoast_head_json":{"title":"Scatola per Tronchetto Bianca 30 x 11,5 x 10,5 cm confezione da 25","description":"Scopri la nostra scatola per tronchetto bianca da 30 x 11,5 x 10,5 cm confezione da 25: protezione ottimale, design essenziale e montaggio rapido per valorizzare i tuoi tronchetti","robots":{"index":"index","follow":"follow","max-snippet":"max-snippet:-1","max-image-preview":"max-image-preview:large","max-video-preview":"max-video-preview:-1"},"canonical":"https:\/\/www.csj-emballages.com\/it\/produit\/scatola-per-tronchetto-bianca-30-x-115-x-105-cm-confezione-da-25\/","og_locale":"it_IT","og_type":"article","og_title":"Scatola per tronchetto bianca 30 x 11,5 x 10,5 cm confezione da 25","og_description":"Scopri la nostra scatola per tronchetto bianca da 30 x 11,5 x 10,5 cm confezione da 25: protezione ottimale, design essenziale e montaggio rapido per valorizzare i tuoi tronchetti","og_url":"https:\/\/www.csj-emballages.com\/it\/produit\/scatola-per-tronchetto-bianca-30-x-115-x-105-cm-confezione-da-25\/","og_site_name":"CSJ Emballages","article_publisher":"https:\/\/www.facebook.com\/csjemballages","article_modified_time":"2026-04-18T00:12:45+00:00","og_image":[{"width":300,"height":300,"url":"https:\/\/www.csj-emballages.com\/wp-content\/uploads\/2024\/03\/boite-buche-carton-noel-blanche-colore-grossiste-csj-emballages-zoom-2-jpg.webp","type":"image\/jpeg"}],"twitter_card":"summary_large_image","twitter_misc":{"Dur\u00e9e de lecture estim\u00e9e":"3 minuti"},"schema":{"@context":"https:\/\/schema.org","@graph":[{"@type":"WebPage","@id":"https:\/\/www.csj-emballages.com\/it\/produit\/scatola-per-tronchetto-bianca-30-x-115-x-105-cm-confezione-da-25\/","url":"https:\/\/www.csj-emballages.com\/it\/produit\/scatola-per-tronchetto-bianca-30-x-115-x-105-cm-confezione-da-25\/","name":"Scatola per Tronchetto Bianca 30 x 11,5 x 10,5 cm confezione da 25","isPartOf":{"@id":"https:\/\/www.csj-emballages.com\/it\/#website"},"primaryImageOfPage":{"@id":"https:\/\/www.csj-emballages.com\/it\/produit\/scatola-per-tronchetto-bianca-30-x-115-x-105-cm-confezione-da-25\/#primaryimage"},"image":{"@id":"https:\/\/www.csj-emballages.com\/it\/produit\/scatola-per-tronchetto-bianca-30-x-115-x-105-cm-confezione-da-25\/#primaryimage"},"thumbnailUrl":"https:\/\/www.csj-emballages.com\/wp-content\/uploads\/2024\/03\/boite-buche-carton-noel-blanche-colore-grossiste-csj-emballages-zoom-2-jpg.webp","datePublished":"2024-03-01T15:56:00+00:00","dateModified":"2026-04-18T00:12:45+00:00","description":"Scopri la nostra scatola per tronchetto bianca da 30 x 11,5 x 10,5 cm confezione da 25: protezione ottimale, design essenziale e montaggio rapido per valorizzare i tuoi tronchetti","breadcrumb":{"@id":"https:\/\/www.csj-emballages.com\/it\/produit\/scatola-per-tronchetto-bianca-30-x-115-x-105-cm-confezione-da-25\/#breadcrumb"},"inLanguage":"it-IT","potentialAction":[{"@type":"ReadAction","target":["https:\/\/www.csj-emballages.com\/it\/produit\/scatola-per-tronchetto-bianca-30-x-115-x-105-cm-confezione-da-25\/"]}]},{"@type":"ImageObject","inLanguage":"it-IT","@id":"https:\/\/www.csj-emballages.com\/it\/produit\/scatola-per-tronchetto-bianca-30-x-115-x-105-cm-confezione-da-25\/#primaryimage","url":"https:\/\/www.csj-emballages.com\/wp-content\/uploads\/2024\/03\/boite-buche-carton-noel-blanche-colore-grossiste-csj-emballages-zoom-2-jpg.webp","contentUrl":"https:\/\/www.csj-emballages.com\/wp-content\/uploads\/2024\/03\/boite-buche-carton-noel-blanche-colore-grossiste-csj-emballages-zoom-2-jpg.webp","width":300,"height":300,"caption":"boite a buche"},{"@type":"BreadcrumbList","@id":"https:\/\/www.csj-emballages.com\/it\/produit\/scatola-per-tronchetto-bianca-30-x-115-x-105-cm-confezione-da-25\/#breadcrumb","itemListElement":[{"@type":"ListItem","position":1,"name":"Home","item":"https:\/\/www.csj-emballages.com\/it\/universo-imballaggi-alimentari\/"},{"@type":"ListItem","position":2,"name":"Negozio","item":"https:\/\/www.csj-emballages.com\/it\/negozio\/"},{"@type":"ListItem","position":3,"name":"Scatola per tronchetto bianca 30 x 11,5 x 10,5 cm confezione da 25"}]},{"@type":"WebSite","@id":"https:\/\/www.csj-emballages.com\/it\/#website","url":"https:\/\/www.csj-emballages.com\/it\/","name":"CSJ Emballages","description":"","publisher":{"@id":"https:\/\/www.csj-emballages.com\/it\/#organization"},"potentialAction":[{"@type":"SearchAction","target":{"@type":"EntryPoint","urlTemplate":"https:\/\/www.csj-emballages.com\/it\/?s={search_term_string}"},"query-input":{"@type":"PropertyValueSpecification","valueRequired":true,"valueName":"search_term_string"}}],"inLanguage":"it-IT"},{"@type":"Organization","@id":"https:\/\/www.csj-emballages.com\/it\/#Organization\/","name":"CSJ Emballages","url":"https:\/\/www.csj-emballages.com\/it\/","logo":{"@type":"ImageObject","inLanguage":"it-IT","@id":"https:\/\/www.csj-emballages.com\/it\/#\/schema\/logo\/image\/","url":"https:\/\/www.csj-emballages.com\/wp-content\/uploads\/2023\/10\/logo_csj.webp","contentUrl":"https:\/\/www.csj-emballages.com\/wp-content\/uploads\/2023\/10\/logo_csj.webp","width":250,"height":95,"caption":"CSJ Emballages"},"image":{"@id":"https:\/\/www.csj-emballages.com\/it\/#\/schema\/logo\/image\/"},"sameAs":["https:\/\/www.facebook.com\/csjemballages"],"address":{"@type":"PostalAddress","streetAddress":"ZI La Lechere","addressLocality":"Patornay","postalCode":"39130","addressCountry":"FR"},"contactPoint":[{"@type":"ContactPoint","contactType":"Service client","telephone":"0384254272","email":"contact@csj-emballages.com"}]}]}},"df_price":10.01,"df_sale_price":"","df_regular_price":10.01,"df_image_link":"https:\/\/www.csj-emballages.com\/wp-content\/uploads\/2024\/03\/boite-buche-carton-noel-blanche-colore-grossiste-csj-emballages-zoom-2-jpg.webp","tiered_pricing_type":"fixed","tiered_pricing_fixed_rules":[],"tiered_pricing_percentage_rules":[],"tiered_pricing_minimum":1,"tiered_pricing_roles_data":[],"_links":{"self":[{"href":"https:\/\/www.csj-emballages.com\/it\/wp-json\/wp\/v2\/product\/267716","targetHints":{"allow":["GET"]}}],"collection":[{"href":"https:\/\/www.csj-emballages.com\/it\/wp-json\/wp\/v2\/product"}],"about":[{"href":"https:\/\/www.csj-emballages.com\/it\/wp-json\/wp\/v2\/types\/product"}],"wp:featuredmedia":[{"embeddable":true,"href":"https:\/\/www.csj-emballages.com\/it\/wp-json\/wp\/v2\/media\/267722"}],"wp:attachment":[{"href":"https:\/\/www.csj-emballages.com\/it\/wp-json\/wp\/v2\/media?parent=267716"}],"wp:term":[{"taxonomy":"product_brand","embeddable":true,"href":"https:\/\/www.csj-emballages.com\/it\/wp-json\/wp\/v2\/product_brand?post=267716"},{"taxonomy":"product_cat","embeddable":true,"href":"https:\/\/www.csj-emballages.com\/it\/wp-json\/wp\/v2\/product_cat?post=267716"},{"taxonomy":"product_tag","embeddable":true,"href":"https:\/\/www.csj-emballages.com\/it\/wp-json\/wp\/v2\/product_tag?post=267716"}],"curies":[{"name":"wp","href":"https:\/\/api.w.org\/{rel}","templated":true}]}}