{"id":267670,"date":"2024-03-01T16:55:57","date_gmt":"2024-03-01T15:55:57","guid":{"rendered":"https:\/\/www.csj-emballages.com\/produit\/50-scatole-per-pasticceria-sensation-in-cartone-colorato-18-x-5-cm\/"},"modified":"2026-04-18T02:12:55","modified_gmt":"2026-04-18T00:12:55","slug":"50-scatole-per-pasticceria-sensation-in-cartone-colorato-18-x-5-cm","status":"publish","type":"product","link":"https:\/\/www.csj-emballages.com\/it\/produit\/50-scatole-per-pasticceria-sensation-in-cartone-colorato-18-x-5-cm\/","title":{"rendered":"50 scatole per pasticceria Sensation in cartone colorato 18 x 5 cm"},"content":{"rendered":"<h2>Scatole per pasticceria Sensation in cartone colorato 18 x 5 cm &#8211; da 50<\/h2>\n<hr>\n<h3>Descrizione del prodotto<\/h3>\n<p><!--more--><\/p>\n<p>Scopri le nostre scatole per pasticceria Sensation 18&#215;5 cm, pensate per valorizzare le tue creazioni dolci. Con il loro design colorato attirano subito l\u2019attenzione e mettono in risalto i tuoi dolci. Ogni scatola \u00e8 realizzata in cartone robusto, per una protezione ottimale delle tue delizie. Il pratico formato 18 x 5 cm \u00e8 ideale per contenere tanti dessert diversi: tortine, crostate e altre golosit\u00e0. Perfette anche per i professionisti della pasticceria che vogliono una presentazione curata e accattivante. Disponibili in pi\u00f9 misure, aggiungono un tocco di allegria a ogni occasione, dai matrimoni alle feste di compleanno. Facili da montare, ti fanno risparmiare tempo nella preparazione degli ordini. La chiusura sicura garantisce un trasporto in totale tranquillit\u00e0, senza rischio di rovesciamenti. Inoltre sono eco-friendly, perch\u00e9 completamente riciclabili.        <\/p>\n<p>&nbsp;<\/p>\n<p><!--more--><\/p>\n<p>Offri ai tuoi clienti un\u2019esperienza unica con queste scatole per pasticceria Sensation 18&#215;5 cm, che uniscono stile, praticit\u00e0 e rispetto per il pianeta.<\/p>\n<p>&nbsp;<\/p>\n<p><!--more--><\/p>\n<p><strong>I loro vantaggi:<\/strong><\/p>\n<ul>\n<li><strong>Design<\/strong> : Design accattivante e colorato per valorizzare le tue creazioni di pasticceria.<\/li>\n<li><strong>Pratiche<\/strong> : Facili da montare, per un prezioso risparmio di tempo.<\/li>\n<li><strong>Rispettano l&#8217;ambiente<\/strong> : Completamente riciclabili, rispettose dell&#8217;ambiente.<\/li>\n<li><strong>Versatili<\/strong> : Perfette per ogni occasione: matrimoni, compleanni e altri eventi speciali<\/li>\n<\/ul>\n<p>&nbsp;<\/p>\n<p><!--more--><\/p>\n<p>Qui trovi le diverse misure disponibili per questo prodotto: <span style=\"color: #d12727;\"><a style=\"color: #d12727;\" href=\"https:\/\/www.csj-emballages.com\/produit\/50-boites-patissieres-sensation-cartons-colorees-16-x-5-cm\/\">16 x 5 cm<\/a><\/span> \/ <span style=\"color: #d12727;\"><a style=\"color: #d12727;\" href=\"https:\/\/www.csj-emballages.com\/es\/produit\/50-cajitas-de-carton-de-colores-delicieux-20-x-5-cm\/\">20 x 5 cm<\/a><\/span> \/ <span style=\"color: #d12727;\"><a style=\"color: #d12727;\" href=\"https:\/\/www.csj-emballages.com\/produit\/50-boites-patissieres-delicieux-carton-colorees-23-x-5-cm\/\">23 x 5 cm<\/a> <\/span>\/ <span style=\"color: #d12727;\"><a style=\"color: #d12727;\" href=\"https:\/\/www.csj-emballages.com\/produit\/50-boites-patissieres-delicieux-carton-colorees-26-x-5-cm\/\">26 x 5 cm<\/a><\/span> \/<span style=\"color: #d12727;\"><a style=\"color: #d12727;\" href=\"https:\/\/www.csj-emballages.com\/es\/produit\/50-cajas-de-pasteleria-sensation-en-cartulina-de-color-29-x-5-cm\/\">29 x 5 cm<\/a><\/span><\/p>\n<p>&nbsp;<\/p>\n<p><!--more--><\/p>\n<p><a href=\"\/?product_cat=boites-patissieres-colorees-delicieuses\">Consulta il resto della nostra gamma di scatole per pasticceria Sensation \/ D\u00e9licieuse<\/a><\/p>\n","protected":false},"excerpt":{"rendered":"<p>Scatole per pasticceria Sensation in cartone colorato 18 x 5 cm &#8211; da 50 Descrizione del prodotto<\/p>\n","protected":false},"featured_media":267672,"template":"","meta":{"_acf_changed":false},"product_brand":[],"product_cat":[10346,10344,10513,10509,10557,10900,10358],"product_tag":[],"class_list":{"0":"post-267670","1":"product","2":"type-product","3":"status-publish","4":"has-post-thumbnail","6":"product_cat-imballaggi-alimentari","7":"product_cat-panetteria-pasticceria","8":"product_cat-scatola-e-astuccio","9":"product_cat-scatole-pasticceria","10":"product_cat-scatole-pasticceria-colorate","11":"product_cat-scatole-per-pasticceria-lecon","12":"product_cat-stock","14":"first","15":"instock","16":"sale","17":"taxable","18":"shipping-taxable","19":"purchasable","20":"product-type-simple"},"acf":[],"yoast_head":"<!-- This site is optimized with the Yoast SEO Premium plugin v26.6 (Yoast SEO v26.6) - https:\/\/yoast.com\/wordpress\/plugins\/seo\/ -->\n<title>Scatole per pasticceria Sensation 18x5 cm \/ CSJ Emballages<\/title>\n<meta name=\"description\" content=\"Scopri le nostre scatole per pasticceria Sensation 18x5 cm, ideali per trasportare ogni tipo di dolce, dalle torte alle crostatine!\" \/>\n<meta name=\"robots\" content=\"index, follow, max-snippet:-1, max-image-preview:large, max-video-preview:-1\" \/>\n<link rel=\"canonical\" href=\"https:\/\/www.csj-emballages.com\/it\/produit\/50-scatole-per-pasticceria-sensation-in-cartone-colorato-18-x-5-cm\/\" \/>\n<meta property=\"og:locale\" content=\"it_IT\" \/>\n<meta property=\"og:type\" content=\"article\" \/>\n<meta property=\"og:title\" content=\"50 scatole per pasticceria Sensation in cartone colorato 18 x 5 cm\" \/>\n<meta property=\"og:description\" content=\"Scopri le nostre scatole per pasticceria Sensation 18x5 cm, ideali per trasportare ogni tipo di dolce, dalle torte alle crostatine!\" \/>\n<meta property=\"og:url\" content=\"https:\/\/www.csj-emballages.com\/it\/produit\/50-scatole-per-pasticceria-sensation-in-cartone-colorato-18-x-5-cm\/\" \/>\n<meta property=\"og:site_name\" content=\"CSJ Emballages\" \/>\n<meta property=\"article:publisher\" content=\"https:\/\/www.facebook.com\/csjemballages\" \/>\n<meta property=\"article:modified_time\" content=\"2026-04-18T00:12:55+00:00\" \/>\n<meta property=\"og:image\" content=\"https:\/\/www.csj-emballages.com\/wp-content\/uploads\/2024\/03\/Capture_d_ecran_2024-06-28_a_15.40.07-removebg-preview-1-e1724336254920.png\" \/>\n\t<meta property=\"og:image:width\" content=\"300\" \/>\n\t<meta property=\"og:image:height\" content=\"301\" \/>\n\t<meta property=\"og:image:type\" content=\"image\/png\" \/>\n<meta name=\"twitter:card\" content=\"summary_large_image\" \/>\n<meta name=\"twitter:label1\" content=\"Dur\u00e9e de lecture estim\u00e9e\" \/>\n\t<meta name=\"twitter:data1\" content=\"1 minuto\" \/>\n<script type=\"application\/ld+json\" class=\"yoast-schema-graph\">{\"@context\":\"https:\/\/schema.org\",\"@graph\":[{\"@type\":\"WebPage\",\"@id\":\"https:\/\/www.csj-emballages.com\/it\/produit\/50-scatole-per-pasticceria-sensation-in-cartone-colorato-18-x-5-cm\/\",\"url\":\"https:\/\/www.csj-emballages.com\/it\/produit\/50-scatole-per-pasticceria-sensation-in-cartone-colorato-18-x-5-cm\/\",\"name\":\"Scatole per pasticceria Sensation 18x5 cm \/ CSJ Emballages\",\"isPartOf\":{\"@id\":\"https:\/\/www.csj-emballages.com\/it\/#website\"},\"primaryImageOfPage\":{\"@id\":\"https:\/\/www.csj-emballages.com\/it\/produit\/50-scatole-per-pasticceria-sensation-in-cartone-colorato-18-x-5-cm\/#primaryimage\"},\"image\":{\"@id\":\"https:\/\/www.csj-emballages.com\/it\/produit\/50-scatole-per-pasticceria-sensation-in-cartone-colorato-18-x-5-cm\/#primaryimage\"},\"thumbnailUrl\":\"https:\/\/www.csj-emballages.com\/wp-content\/uploads\/2024\/03\/Capture_d_ecran_2024-06-28_a_15.40.07-removebg-preview-1-e1724336254920.png\",\"datePublished\":\"2024-03-01T15:55:57+00:00\",\"dateModified\":\"2026-04-18T00:12:55+00:00\",\"description\":\"Scopri le nostre scatole per pasticceria Sensation 18x5 cm, ideali per trasportare ogni tipo di dolce, dalle torte alle crostatine!\",\"breadcrumb\":{\"@id\":\"https:\/\/www.csj-emballages.com\/it\/produit\/50-scatole-per-pasticceria-sensation-in-cartone-colorato-18-x-5-cm\/#breadcrumb\"},\"inLanguage\":\"it-IT\",\"potentialAction\":[{\"@type\":\"ReadAction\",\"target\":[\"https:\/\/www.csj-emballages.com\/it\/produit\/50-scatole-per-pasticceria-sensation-in-cartone-colorato-18-x-5-cm\/\"]}]},{\"@type\":\"ImageObject\",\"inLanguage\":\"it-IT\",\"@id\":\"https:\/\/www.csj-emballages.com\/it\/produit\/50-scatole-per-pasticceria-sensation-in-cartone-colorato-18-x-5-cm\/#primaryimage\",\"url\":\"https:\/\/www.csj-emballages.com\/wp-content\/uploads\/2024\/03\/Capture_d_ecran_2024-06-28_a_15.40.07-removebg-preview-1-e1724336254920.png\",\"contentUrl\":\"https:\/\/www.csj-emballages.com\/wp-content\/uploads\/2024\/03\/Capture_d_ecran_2024-06-28_a_15.40.07-removebg-preview-1-e1724336254920.png\",\"width\":300,\"height\":301,\"caption\":\"Bo\u00eetes p\u00e2tissi\u00e8res\"},{\"@type\":\"BreadcrumbList\",\"@id\":\"https:\/\/www.csj-emballages.com\/it\/produit\/50-scatole-per-pasticceria-sensation-in-cartone-colorato-18-x-5-cm\/#breadcrumb\",\"itemListElement\":[{\"@type\":\"ListItem\",\"position\":1,\"name\":\"Home\",\"item\":\"https:\/\/www.csj-emballages.com\/it\/universo-imballaggi-alimentari\/\"},{\"@type\":\"ListItem\",\"position\":2,\"name\":\"Negozio\",\"item\":\"https:\/\/www.csj-emballages.com\/it\/negozio\/\"},{\"@type\":\"ListItem\",\"position\":3,\"name\":\"50 scatole per pasticceria Sensation in cartone colorato 18 x 5 cm\"}]},{\"@type\":\"WebSite\",\"@id\":\"https:\/\/www.csj-emballages.com\/it\/#website\",\"url\":\"https:\/\/www.csj-emballages.com\/it\/\",\"name\":\"CSJ Emballages\",\"description\":\"\",\"publisher\":{\"@id\":\"https:\/\/www.csj-emballages.com\/it\/#organization\"},\"potentialAction\":[{\"@type\":\"SearchAction\",\"target\":{\"@type\":\"EntryPoint\",\"urlTemplate\":\"https:\/\/www.csj-emballages.com\/it\/?s={search_term_string}\"},\"query-input\":{\"@type\":\"PropertyValueSpecification\",\"valueRequired\":true,\"valueName\":\"search_term_string\"}}],\"inLanguage\":\"it-IT\"},{\"@type\":\"Organization\",\"@id\":\"https:\/\/www.csj-emballages.com\/it\/#Organization\/\",\"name\":\"CSJ Emballages\",\"url\":\"https:\/\/www.csj-emballages.com\/it\/\",\"logo\":{\"@type\":\"ImageObject\",\"inLanguage\":\"it-IT\",\"@id\":\"https:\/\/www.csj-emballages.com\/it\/#\/schema\/logo\/image\/\",\"url\":\"https:\/\/www.csj-emballages.com\/wp-content\/uploads\/2023\/10\/logo_csj.webp\",\"contentUrl\":\"https:\/\/www.csj-emballages.com\/wp-content\/uploads\/2023\/10\/logo_csj.webp\",\"width\":250,\"height\":95,\"caption\":\"CSJ Emballages\"},\"image\":{\"@id\":\"https:\/\/www.csj-emballages.com\/it\/#\/schema\/logo\/image\/\"},\"sameAs\":[\"https:\/\/www.facebook.com\/csjemballages\"],\"address\":{\"@type\":\"PostalAddress\",\"streetAddress\":\"ZI La Lechere\",\"addressLocality\":\"Patornay\",\"postalCode\":\"39130\",\"addressCountry\":\"FR\"},\"contactPoint\":[{\"@type\":\"ContactPoint\",\"contactType\":\"Service client\",\"telephone\":\"0384254272\",\"email\":\"contact@csj-emballages.com\"}]}]}<\/script>\n<!-- \/ Yoast SEO Premium plugin. -->","yoast_head_json":{"title":"Scatole per pasticceria Sensation 18x5 cm \/ CSJ Emballages","description":"Scopri le nostre scatole per pasticceria Sensation 18x5 cm, ideali per trasportare ogni tipo di dolce, dalle torte alle crostatine!","robots":{"index":"index","follow":"follow","max-snippet":"max-snippet:-1","max-image-preview":"max-image-preview:large","max-video-preview":"max-video-preview:-1"},"canonical":"https:\/\/www.csj-emballages.com\/it\/produit\/50-scatole-per-pasticceria-sensation-in-cartone-colorato-18-x-5-cm\/","og_locale":"it_IT","og_type":"article","og_title":"50 scatole per pasticceria Sensation in cartone colorato 18 x 5 cm","og_description":"Scopri le nostre scatole per pasticceria Sensation 18x5 cm, ideali per trasportare ogni tipo di dolce, dalle torte alle crostatine!","og_url":"https:\/\/www.csj-emballages.com\/it\/produit\/50-scatole-per-pasticceria-sensation-in-cartone-colorato-18-x-5-cm\/","og_site_name":"CSJ Emballages","article_publisher":"https:\/\/www.facebook.com\/csjemballages","article_modified_time":"2026-04-18T00:12:55+00:00","og_image":[{"width":300,"height":301,"url":"https:\/\/www.csj-emballages.com\/wp-content\/uploads\/2024\/03\/Capture_d_ecran_2024-06-28_a_15.40.07-removebg-preview-1-e1724336254920.png","type":"image\/png"}],"twitter_card":"summary_large_image","twitter_misc":{"Dur\u00e9e de lecture estim\u00e9e":"1 minuto"},"schema":{"@context":"https:\/\/schema.org","@graph":[{"@type":"WebPage","@id":"https:\/\/www.csj-emballages.com\/it\/produit\/50-scatole-per-pasticceria-sensation-in-cartone-colorato-18-x-5-cm\/","url":"https:\/\/www.csj-emballages.com\/it\/produit\/50-scatole-per-pasticceria-sensation-in-cartone-colorato-18-x-5-cm\/","name":"Scatole per pasticceria Sensation 18x5 cm \/ CSJ Emballages","isPartOf":{"@id":"https:\/\/www.csj-emballages.com\/it\/#website"},"primaryImageOfPage":{"@id":"https:\/\/www.csj-emballages.com\/it\/produit\/50-scatole-per-pasticceria-sensation-in-cartone-colorato-18-x-5-cm\/#primaryimage"},"image":{"@id":"https:\/\/www.csj-emballages.com\/it\/produit\/50-scatole-per-pasticceria-sensation-in-cartone-colorato-18-x-5-cm\/#primaryimage"},"thumbnailUrl":"https:\/\/www.csj-emballages.com\/wp-content\/uploads\/2024\/03\/Capture_d_ecran_2024-06-28_a_15.40.07-removebg-preview-1-e1724336254920.png","datePublished":"2024-03-01T15:55:57+00:00","dateModified":"2026-04-18T00:12:55+00:00","description":"Scopri le nostre scatole per pasticceria Sensation 18x5 cm, ideali per trasportare ogni tipo di dolce, dalle torte alle crostatine!","breadcrumb":{"@id":"https:\/\/www.csj-emballages.com\/it\/produit\/50-scatole-per-pasticceria-sensation-in-cartone-colorato-18-x-5-cm\/#breadcrumb"},"inLanguage":"it-IT","potentialAction":[{"@type":"ReadAction","target":["https:\/\/www.csj-emballages.com\/it\/produit\/50-scatole-per-pasticceria-sensation-in-cartone-colorato-18-x-5-cm\/"]}]},{"@type":"ImageObject","inLanguage":"it-IT","@id":"https:\/\/www.csj-emballages.com\/it\/produit\/50-scatole-per-pasticceria-sensation-in-cartone-colorato-18-x-5-cm\/#primaryimage","url":"https:\/\/www.csj-emballages.com\/wp-content\/uploads\/2024\/03\/Capture_d_ecran_2024-06-28_a_15.40.07-removebg-preview-1-e1724336254920.png","contentUrl":"https:\/\/www.csj-emballages.com\/wp-content\/uploads\/2024\/03\/Capture_d_ecran_2024-06-28_a_15.40.07-removebg-preview-1-e1724336254920.png","width":300,"height":301,"caption":"Bo\u00eetes p\u00e2tissi\u00e8res"},{"@type":"BreadcrumbList","@id":"https:\/\/www.csj-emballages.com\/it\/produit\/50-scatole-per-pasticceria-sensation-in-cartone-colorato-18-x-5-cm\/#breadcrumb","itemListElement":[{"@type":"ListItem","position":1,"name":"Home","item":"https:\/\/www.csj-emballages.com\/it\/universo-imballaggi-alimentari\/"},{"@type":"ListItem","position":2,"name":"Negozio","item":"https:\/\/www.csj-emballages.com\/it\/negozio\/"},{"@type":"ListItem","position":3,"name":"50 scatole per pasticceria Sensation in cartone colorato 18 x 5 cm"}]},{"@type":"WebSite","@id":"https:\/\/www.csj-emballages.com\/it\/#website","url":"https:\/\/www.csj-emballages.com\/it\/","name":"CSJ Emballages","description":"","publisher":{"@id":"https:\/\/www.csj-emballages.com\/it\/#organization"},"potentialAction":[{"@type":"SearchAction","target":{"@type":"EntryPoint","urlTemplate":"https:\/\/www.csj-emballages.com\/it\/?s={search_term_string}"},"query-input":{"@type":"PropertyValueSpecification","valueRequired":true,"valueName":"search_term_string"}}],"inLanguage":"it-IT"},{"@type":"Organization","@id":"https:\/\/www.csj-emballages.com\/it\/#Organization\/","name":"CSJ Emballages","url":"https:\/\/www.csj-emballages.com\/it\/","logo":{"@type":"ImageObject","inLanguage":"it-IT","@id":"https:\/\/www.csj-emballages.com\/it\/#\/schema\/logo\/image\/","url":"https:\/\/www.csj-emballages.com\/wp-content\/uploads\/2023\/10\/logo_csj.webp","contentUrl":"https:\/\/www.csj-emballages.com\/wp-content\/uploads\/2023\/10\/logo_csj.webp","width":250,"height":95,"caption":"CSJ Emballages"},"image":{"@id":"https:\/\/www.csj-emballages.com\/it\/#\/schema\/logo\/image\/"},"sameAs":["https:\/\/www.facebook.com\/csjemballages"],"address":{"@type":"PostalAddress","streetAddress":"ZI La Lechere","addressLocality":"Patornay","postalCode":"39130","addressCountry":"FR"},"contactPoint":[{"@type":"ContactPoint","contactType":"Service client","telephone":"0384254272","email":"contact@csj-emballages.com"}]}]}},"df_price":12,"df_sale_price":12,"df_regular_price":13.34,"df_image_link":"https:\/\/www.csj-emballages.com\/wp-content\/uploads\/2024\/03\/Capture_d_ecran_2024-06-28_a_15.40.07-removebg-preview-1-300x300.png","tiered_pricing_type":"fixed","tiered_pricing_fixed_rules":[],"tiered_pricing_percentage_rules":[],"tiered_pricing_minimum":1,"tiered_pricing_roles_data":[],"_links":{"self":[{"href":"https:\/\/www.csj-emballages.com\/it\/wp-json\/wp\/v2\/product\/267670","targetHints":{"allow":["GET"]}}],"collection":[{"href":"https:\/\/www.csj-emballages.com\/it\/wp-json\/wp\/v2\/product"}],"about":[{"href":"https:\/\/www.csj-emballages.com\/it\/wp-json\/wp\/v2\/types\/product"}],"wp:featuredmedia":[{"embeddable":true,"href":"https:\/\/www.csj-emballages.com\/it\/wp-json\/wp\/v2\/media\/267672"}],"wp:attachment":[{"href":"https:\/\/www.csj-emballages.com\/it\/wp-json\/wp\/v2\/media?parent=267670"}],"wp:term":[{"taxonomy":"product_brand","embeddable":true,"href":"https:\/\/www.csj-emballages.com\/it\/wp-json\/wp\/v2\/product_brand?post=267670"},{"taxonomy":"product_cat","embeddable":true,"href":"https:\/\/www.csj-emballages.com\/it\/wp-json\/wp\/v2\/product_cat?post=267670"},{"taxonomy":"product_tag","embeddable":true,"href":"https:\/\/www.csj-emballages.com\/it\/wp-json\/wp\/v2\/product_tag?post=267670"}],"curies":[{"name":"wp","href":"https:\/\/api.w.org\/{rel}","templated":true}]}}