{"id":267647,"date":"2024-03-01T16:59:35","date_gmt":"2024-03-01T15:59:35","guid":{"rendered":"https:\/\/www.csj-emballages.com\/produit\/base-culinaria-brodo-di-verdure-900-g\/"},"modified":"2026-04-09T02:10:45","modified_gmt":"2026-04-09T00:10:45","slug":"base-culinaria-brodo-di-verdure-900-g","status":"publish","type":"product","link":"https:\/\/www.csj-emballages.com\/it\/produit\/base-culinaria-brodo-di-verdure-900-g\/","title":{"rendered":"Base culinaria brodo di verdure 900 g"},"content":{"rendered":"<h2>Brodo di verdure<\/h2>\n<hr>\n<h3>Descrizione del nostro brodo di verdure 900 g <!--more--><\/h3>\n<p class=\"\" data-start=\"226\" data-end=\"564\">Ecco un indispensabile per cucine professionali e domestiche: la <strong>base culinaria brodo di verdure<\/strong> nel formato <strong>900 grammi<\/strong>. Pensata per soddisfare le esigenze degli chef e degli appassionati di cucina, questa <strong>base<\/strong> vegetale concentrata \u00e8 ideale per dare sapore alle tue preparazioni in un attimo, senza compromessi sulla qualit\u00e0. Pratica e gustosa, permette di realizzare rapidamente un <strong>brodo<\/strong> equilibrato, ricco di aromi naturali di verdure accuratamente selezionate. Che sia per una zuppa, una salsa, un risotto o per esaltare le cotture a vapore, questo <strong>brodo<\/strong> \u00e8 una soluzione affidabile ed efficace per risparmiare tempo in cucina mantenendo un risultato professionale.   <\/p>\n<p class=\"\" data-start=\"944\" data-end=\"1302\">La sua consistenza in pasta facilita il dosaggio: basta diluirne una piccola quantit\u00e0 in acqua calda per ottenere un <strong>brodo<\/strong> ben profumato. Grazie alla lunga conservazione e alla confezione generosa da <strong>900 g<\/strong>, questo prodotto \u00e8 perfetto per ristoratori, catering, collettivit\u00e0 o anche per privati che amano cucinare in grandi quantit\u00e0. <\/p>\n<p class=\"\" data-start=\"1304\" data-end=\"1475\">Composto con ingredienti di qualit\u00e0, senza esaltatori di sapidit\u00e0 artificiali, rispetta i sapori naturali offrendoti una base culinaria stabile e facile da gestire.<\/p>\n<p><!--more--><\/p>\n<div class=\"flex flex-grow flex-col max-w-full\">\n<div class=\"min-h-[20px] text-message flex flex-col items-start whitespace-pre-wrap break-words [.text-message+&amp;]:mt-5 juice:w-full juice:items-end overflow-x-auto gap-2\" dir=\"auto\" data-message-author-role=\"assistant\" data-message-id=\"579bfb50-fb6c-479d-a152-27ab4b509f37\">\n<div class=\"flex w-full flex-col gap-1 juice:empty:hidden juice:first:pt-[3px]\">\n<div class=\"markdown prose w-full break-words dark:prose-invert light\">\n<div class=\"flex-1 overflow-hidden\">\n<div class=\"react-scroll-to-bottom--css-ygaxm-79elbk h-full\">\n<div class=\"react-scroll-to-bottom--css-ygaxm-1n7m0yu\">\n<div class=\"flex flex-col text-sm md:pb-9\">\n<div class=\"w-full text-token-text-primary\" dir=\"auto\" data-testid=\"conversation-turn-3\" data-scroll-anchor=\"true\">\n<div class=\"py-2 juice:py-[18px] px-3 text-base md:px-4 m-auto md:px-5 lg:px-1 xl:px-5\">\n<div class=\"mx-auto flex flex-1 gap-3 text-base juice:gap-4 juice:md:gap-5 juice:lg:gap-6 md:max-w-3xl lg:max-w-[40rem] xl:max-w-[48rem]\">\n<div class=\"group\/conversation-turn relative flex w-full min-w-0 flex-col agent-turn\">\n<div class=\"flex-col gap-1 md:gap-3\">\n<div class=\"flex flex-grow flex-col max-w-full\">\n<div class=\"min-h-[20px] text-message flex flex-col items-start whitespace-pre-wrap break-words [.text-message+&amp;]:mt-5 juice:w-full juice:items-end overflow-x-auto gap-2\" dir=\"auto\" data-message-author-role=\"assistant\" data-message-id=\"2fe0f070-0589-4d8f-991f-f185baabe147\">\n<div class=\"flex w-full flex-col gap-1 juice:empty:hidden juice:first:pt-[3px]\">\n<div class=\"markdown prose w-full break-words dark:prose-invert light\">\n<h4>I suoi vantaggi:<\/h4>\n<ul>\n<li>Aromi naturali di verdure, senza additivi superflui.<\/li>\n<li><strong>Pratico<\/strong>: facile da dosare e da diluire.<\/li>\n<li>Risparmio di tempo in cucina, senza sacrificare il gusto.<\/li>\n<li>Qualit\u00e0 costante e professionale.<\/li>\n<li>Questa base di brodo di verdure \u00e8 facile da dosare e da conservare.<\/li>\n<li>Ideale per salse, zuppe, cotture o piatti in umido.<\/li>\n<\/ul>\n<\/div>\n<div class=\"markdown prose w-full break-words dark:prose-invert light\">\n<p>&nbsp;<\/p>\n<\/div>\n<\/div>\n<\/div>\n<\/div>\n<\/div>\n<\/div>\n<\/div>\n<\/div>\n<\/div>\n<\/div>\n<\/div>\n<\/div>\n<\/div>\n<\/div>\n<\/div>\n<\/div>\n<\/div>\n<p><!--more--><\/p>\n<p><strong>Dosaggio<\/strong>: 30 g per litro d&#8217;acqua<\/p>\n<p>&nbsp;<\/p>\n<p><!--more--><\/p>\n<p><span style=\"color: #e3ab00; font-weight: bold;\">Composizione<\/span>: Sciroppo di glucosio, sale, esaltatore di sapidit\u00e0 E-621 (24%), verdure disidratate (10%) (cipolle, pomodori, porri, aglio), amido modificato (<span style=\"font-size: 16px;\">mais), aroma, spezie, estratto di lievito, stabilizzante E-415. Non contiene allergeni come ingredienti <\/span><\/p>\n<p>&nbsp;<\/p>\n<p><!--more--><\/p>\n<p><span style=\"color: #1882ed; font-weight: bold;\">Uso<\/span>:<\/p>\n<ol>\n<li>Diluire la quantit\u00e0 indicata in acqua fredda<\/li>\n<li>Mescolare con una frusta fino a completa omogeneizzazione<\/li>\n<li>Portare a ebollizione per 5 minuti fino a completa dissoluzione<\/li>\n<li>Togliere dal fuoco e usare secondo necessit\u00e0<\/li>\n<\/ol>\n<p>&nbsp;<\/p>\n<p><!--more--><\/p>\n<div class=\"flex flex-grow flex-col max-w-full\">\n<div class=\"min-h-[20px] text-message flex flex-col items-start whitespace-pre-wrap break-words [.text-message+&amp;]:mt-5 juice:w-full juice:items-end overflow-x-auto gap-2\" dir=\"auto\" data-message-author-role=\"assistant\" data-message-id=\"579bfb50-fb6c-479d-a152-27ab4b509f37\">\n<div class=\"flex w-full flex-col gap-1 juice:empty:hidden juice:first:pt-[3px]\">\n<div class=\"markdown prose w-full break-words dark:prose-invert light\">\n<div class=\"flex-1 overflow-hidden\">\n<div class=\"react-scroll-to-bottom--css-ygaxm-79elbk h-full\">\n<div class=\"react-scroll-to-bottom--css-ygaxm-1n7m0yu\">\n<div class=\"flex flex-col text-sm md:pb-9\">\n<div class=\"w-full text-token-text-primary\" dir=\"auto\" data-testid=\"conversation-turn-3\" data-scroll-anchor=\"true\">\n<div class=\"py-2 juice:py-[18px] px-3 text-base md:px-4 m-auto md:px-5 lg:px-1 xl:px-5\">\n<div class=\"mx-auto flex flex-1 gap-3 text-base juice:gap-4 juice:md:gap-5 juice:lg:gap-6 md:max-w-3xl lg:max-w-[40rem] xl:max-w-[48rem]\">\n<div class=\"group\/conversation-turn relative flex w-full min-w-0 flex-col agent-turn\">\n<div class=\"flex-col gap-1 md:gap-3\">\n<div class=\"flex flex-grow flex-col max-w-full\">\n<div class=\"min-h-[20px] text-message flex flex-col items-start whitespace-pre-wrap break-words [.text-message+&amp;]:mt-5 juice:w-full juice:items-end overflow-x-auto gap-2\" dir=\"auto\" data-message-author-role=\"assistant\" data-message-id=\"2fe0f070-0589-4d8f-991f-f185baabe147\">\n<div class=\"flex w-full flex-col gap-1 juice:empty:hidden juice:first:pt-[3px]\">\n<div class=\"markdown prose w-full break-words dark:prose-invert light\">\n<h4>Altre informazioni:<\/h4>\n<ul>\n<li><strong>Confezionamento<\/strong>: Secchio da 800 g<\/li>\n<li><strong>Tipo<\/strong>: Base culinaria brodo di verdure<\/li>\n<\/ul>\n<\/div>\n<\/div>\n<\/div>\n<\/div>\n<\/div>\n<\/div>\n<\/div>\n<\/div>\n<\/div>\n<\/div>\n<\/div>\n<\/div>\n<\/div>\n<p>&nbsp;<\/p>\n<\/div>\n<\/div>\n<\/div>\n<\/div>\n<p><!--more--><\/p>\n<p>Scopri qui la nostra base brodo di pollo: <span style=\"color: #d12727;\"><a style=\"color: #d12727;\" href=\"https:\/\/www.csj-emballages.com\/it\/produit\/base-culinaria-brodo-di-pollo-900-g\/\">10565<\/a><\/span><\/p>\n<p>&nbsp;<\/p>\n<p><!--more--><\/p>\n<p><a href=\"https:\/\/www.csj-emballages.com\/it\/categorie-produit\/alimentari\/basi-fondi-culinari\/\">Consulta il resto della nostra gamma di basi \/ fondi culinari<\/a><\/p>\n","protected":false},"excerpt":{"rendered":"<p>Brodo di verdure Descrizione del nostro brodo di verdure 900 g<\/p>\n","protected":false},"featured_media":267650,"template":"","meta":{"_acf_changed":false},"product_brand":[],"product_cat":[10445,10550],"product_tag":[],"class_list":{"0":"post-267647","1":"product","2":"type-product","3":"status-publish","4":"has-post-thumbnail","6":"product_cat-alimentari","7":"product_cat-basi-fondi-culinari","9":"first","10":"instock","11":"taxable","12":"shipping-taxable","13":"purchasable","14":"product-type-simple"},"acf":[],"yoast_head":"<!-- This site is optimized with the Yoast SEO Premium plugin v26.6 (Yoast SEO v26.6) - https:\/\/yoast.com\/wordpress\/plugins\/seo\/ -->\n<title>Brodo di verdure Base 900 g<\/title>\n<meta name=\"description\" content=\"Brodo di verdure in pasta 900 g: una base culinaria gustosa e pratica, ideale per ristoratori e cuochi di tutti i giorni.\" \/>\n<meta name=\"robots\" content=\"index, follow, max-snippet:-1, max-image-preview:large, max-video-preview:-1\" \/>\n<link rel=\"canonical\" href=\"https:\/\/www.csj-emballages.com\/it\/produit\/base-culinaria-brodo-di-verdure-900-g\/\" \/>\n<meta property=\"og:locale\" content=\"it_IT\" \/>\n<meta property=\"og:type\" content=\"article\" \/>\n<meta property=\"og:title\" content=\"Base culinaria brodo di verdure 900 g\" \/>\n<meta property=\"og:description\" content=\"Brodo di verdure in pasta 900 g: una base culinaria gustosa e pratica, ideale per ristoratori e cuochi di tutti i giorni.\" \/>\n<meta property=\"og:url\" content=\"https:\/\/www.csj-emballages.com\/it\/produit\/base-culinaria-brodo-di-verdure-900-g\/\" \/>\n<meta property=\"og:site_name\" content=\"CSJ Emballages\" \/>\n<meta property=\"article:publisher\" content=\"https:\/\/www.facebook.com\/csjemballages\" \/>\n<meta property=\"article:modified_time\" content=\"2026-04-09T00:10:45+00:00\" \/>\n<meta property=\"og:image\" content=\"https:\/\/www.csj-emballages.com\/wp-content\/uploads\/2024\/03\/Base-bouillon-de-legumes.webp\" \/>\n\t<meta property=\"og:image:width\" content=\"800\" \/>\n\t<meta property=\"og:image:height\" content=\"800\" \/>\n\t<meta property=\"og:image:type\" content=\"image\/webp\" \/>\n<meta name=\"twitter:card\" content=\"summary_large_image\" \/>\n<meta name=\"twitter:label1\" content=\"Dur\u00e9e de lecture estim\u00e9e\" \/>\n\t<meta name=\"twitter:data1\" content=\"2 minuti\" \/>\n<script type=\"application\/ld+json\" class=\"yoast-schema-graph\">{\"@context\":\"https:\/\/schema.org\",\"@graph\":[{\"@type\":\"WebPage\",\"@id\":\"https:\/\/www.csj-emballages.com\/it\/produit\/base-culinaria-brodo-di-verdure-900-g\/\",\"url\":\"https:\/\/www.csj-emballages.com\/it\/produit\/base-culinaria-brodo-di-verdure-900-g\/\",\"name\":\"Brodo di verdure Base 900 g\",\"isPartOf\":{\"@id\":\"https:\/\/www.csj-emballages.com\/it\/#website\"},\"primaryImageOfPage\":{\"@id\":\"https:\/\/www.csj-emballages.com\/it\/produit\/base-culinaria-brodo-di-verdure-900-g\/#primaryimage\"},\"image\":{\"@id\":\"https:\/\/www.csj-emballages.com\/it\/produit\/base-culinaria-brodo-di-verdure-900-g\/#primaryimage\"},\"thumbnailUrl\":\"https:\/\/www.csj-emballages.com\/wp-content\/uploads\/2024\/03\/Base-bouillon-de-legumes.webp\",\"datePublished\":\"2024-03-01T15:59:35+00:00\",\"dateModified\":\"2026-04-09T00:10:45+00:00\",\"description\":\"Brodo di verdure in pasta 900 g: una base culinaria gustosa e pratica, ideale per ristoratori e cuochi di tutti i giorni.\",\"breadcrumb\":{\"@id\":\"https:\/\/www.csj-emballages.com\/it\/produit\/base-culinaria-brodo-di-verdure-900-g\/#breadcrumb\"},\"inLanguage\":\"it-IT\",\"potentialAction\":[{\"@type\":\"ReadAction\",\"target\":[\"https:\/\/www.csj-emballages.com\/it\/produit\/base-culinaria-brodo-di-verdure-900-g\/\"]}]},{\"@type\":\"ImageObject\",\"inLanguage\":\"it-IT\",\"@id\":\"https:\/\/www.csj-emballages.com\/it\/produit\/base-culinaria-brodo-di-verdure-900-g\/#primaryimage\",\"url\":\"https:\/\/www.csj-emballages.com\/wp-content\/uploads\/2024\/03\/Base-bouillon-de-legumes.webp\",\"contentUrl\":\"https:\/\/www.csj-emballages.com\/wp-content\/uploads\/2024\/03\/Base-bouillon-de-legumes.webp\",\"width\":800,\"height\":800,\"caption\":\"bouillon de l\u00e9gumes\"},{\"@type\":\"BreadcrumbList\",\"@id\":\"https:\/\/www.csj-emballages.com\/it\/produit\/base-culinaria-brodo-di-verdure-900-g\/#breadcrumb\",\"itemListElement\":[{\"@type\":\"ListItem\",\"position\":1,\"name\":\"Home\",\"item\":\"https:\/\/www.csj-emballages.com\/it\/universo-imballaggi-alimentari\/\"},{\"@type\":\"ListItem\",\"position\":2,\"name\":\"Negozio\",\"item\":\"https:\/\/www.csj-emballages.com\/it\/negozio\/\"},{\"@type\":\"ListItem\",\"position\":3,\"name\":\"Base culinaria brodo di verdure 900 g\"}]},{\"@type\":\"WebSite\",\"@id\":\"https:\/\/www.csj-emballages.com\/it\/#website\",\"url\":\"https:\/\/www.csj-emballages.com\/it\/\",\"name\":\"CSJ Emballages\",\"description\":\"\",\"publisher\":{\"@id\":\"https:\/\/www.csj-emballages.com\/it\/#organization\"},\"potentialAction\":[{\"@type\":\"SearchAction\",\"target\":{\"@type\":\"EntryPoint\",\"urlTemplate\":\"https:\/\/www.csj-emballages.com\/it\/?s={search_term_string}\"},\"query-input\":{\"@type\":\"PropertyValueSpecification\",\"valueRequired\":true,\"valueName\":\"search_term_string\"}}],\"inLanguage\":\"it-IT\"},{\"@type\":\"Organization\",\"@id\":\"https:\/\/www.csj-emballages.com\/it\/#Organization\/\",\"name\":\"CSJ Emballages\",\"url\":\"https:\/\/www.csj-emballages.com\/it\/\",\"logo\":{\"@type\":\"ImageObject\",\"inLanguage\":\"it-IT\",\"@id\":\"https:\/\/www.csj-emballages.com\/it\/#\/schema\/logo\/image\/\",\"url\":\"https:\/\/www.csj-emballages.com\/wp-content\/uploads\/2023\/10\/logo_csj.webp\",\"contentUrl\":\"https:\/\/www.csj-emballages.com\/wp-content\/uploads\/2023\/10\/logo_csj.webp\",\"width\":250,\"height\":95,\"caption\":\"CSJ Emballages\"},\"image\":{\"@id\":\"https:\/\/www.csj-emballages.com\/it\/#\/schema\/logo\/image\/\"},\"sameAs\":[\"https:\/\/www.facebook.com\/csjemballages\"],\"address\":{\"@type\":\"PostalAddress\",\"streetAddress\":\"ZI La Lechere\",\"addressLocality\":\"Patornay\",\"postalCode\":\"39130\",\"addressCountry\":\"FR\"},\"contactPoint\":[{\"@type\":\"ContactPoint\",\"contactType\":\"Service client\",\"telephone\":\"0384254272\",\"email\":\"contact@csj-emballages.com\"}]}]}<\/script>\n<!-- \/ Yoast SEO Premium plugin. -->","yoast_head_json":{"title":"Brodo di verdure Base 900 g","description":"Brodo di verdure in pasta 900 g: una base culinaria gustosa e pratica, ideale per ristoratori e cuochi di tutti i giorni.","robots":{"index":"index","follow":"follow","max-snippet":"max-snippet:-1","max-image-preview":"max-image-preview:large","max-video-preview":"max-video-preview:-1"},"canonical":"https:\/\/www.csj-emballages.com\/it\/produit\/base-culinaria-brodo-di-verdure-900-g\/","og_locale":"it_IT","og_type":"article","og_title":"Base culinaria brodo di verdure 900 g","og_description":"Brodo di verdure in pasta 900 g: una base culinaria gustosa e pratica, ideale per ristoratori e cuochi di tutti i giorni.","og_url":"https:\/\/www.csj-emballages.com\/it\/produit\/base-culinaria-brodo-di-verdure-900-g\/","og_site_name":"CSJ Emballages","article_publisher":"https:\/\/www.facebook.com\/csjemballages","article_modified_time":"2026-04-09T00:10:45+00:00","og_image":[{"width":800,"height":800,"url":"https:\/\/www.csj-emballages.com\/wp-content\/uploads\/2024\/03\/Base-bouillon-de-legumes.webp","type":"image\/webp"}],"twitter_card":"summary_large_image","twitter_misc":{"Dur\u00e9e de lecture estim\u00e9e":"2 minuti"},"schema":{"@context":"https:\/\/schema.org","@graph":[{"@type":"WebPage","@id":"https:\/\/www.csj-emballages.com\/it\/produit\/base-culinaria-brodo-di-verdure-900-g\/","url":"https:\/\/www.csj-emballages.com\/it\/produit\/base-culinaria-brodo-di-verdure-900-g\/","name":"Brodo di verdure Base 900 g","isPartOf":{"@id":"https:\/\/www.csj-emballages.com\/it\/#website"},"primaryImageOfPage":{"@id":"https:\/\/www.csj-emballages.com\/it\/produit\/base-culinaria-brodo-di-verdure-900-g\/#primaryimage"},"image":{"@id":"https:\/\/www.csj-emballages.com\/it\/produit\/base-culinaria-brodo-di-verdure-900-g\/#primaryimage"},"thumbnailUrl":"https:\/\/www.csj-emballages.com\/wp-content\/uploads\/2024\/03\/Base-bouillon-de-legumes.webp","datePublished":"2024-03-01T15:59:35+00:00","dateModified":"2026-04-09T00:10:45+00:00","description":"Brodo di verdure in pasta 900 g: una base culinaria gustosa e pratica, ideale per ristoratori e cuochi di tutti i giorni.","breadcrumb":{"@id":"https:\/\/www.csj-emballages.com\/it\/produit\/base-culinaria-brodo-di-verdure-900-g\/#breadcrumb"},"inLanguage":"it-IT","potentialAction":[{"@type":"ReadAction","target":["https:\/\/www.csj-emballages.com\/it\/produit\/base-culinaria-brodo-di-verdure-900-g\/"]}]},{"@type":"ImageObject","inLanguage":"it-IT","@id":"https:\/\/www.csj-emballages.com\/it\/produit\/base-culinaria-brodo-di-verdure-900-g\/#primaryimage","url":"https:\/\/www.csj-emballages.com\/wp-content\/uploads\/2024\/03\/Base-bouillon-de-legumes.webp","contentUrl":"https:\/\/www.csj-emballages.com\/wp-content\/uploads\/2024\/03\/Base-bouillon-de-legumes.webp","width":800,"height":800,"caption":"bouillon de l\u00e9gumes"},{"@type":"BreadcrumbList","@id":"https:\/\/www.csj-emballages.com\/it\/produit\/base-culinaria-brodo-di-verdure-900-g\/#breadcrumb","itemListElement":[{"@type":"ListItem","position":1,"name":"Home","item":"https:\/\/www.csj-emballages.com\/it\/universo-imballaggi-alimentari\/"},{"@type":"ListItem","position":2,"name":"Negozio","item":"https:\/\/www.csj-emballages.com\/it\/negozio\/"},{"@type":"ListItem","position":3,"name":"Base culinaria brodo di verdure 900 g"}]},{"@type":"WebSite","@id":"https:\/\/www.csj-emballages.com\/it\/#website","url":"https:\/\/www.csj-emballages.com\/it\/","name":"CSJ Emballages","description":"","publisher":{"@id":"https:\/\/www.csj-emballages.com\/it\/#organization"},"potentialAction":[{"@type":"SearchAction","target":{"@type":"EntryPoint","urlTemplate":"https:\/\/www.csj-emballages.com\/it\/?s={search_term_string}"},"query-input":{"@type":"PropertyValueSpecification","valueRequired":true,"valueName":"search_term_string"}}],"inLanguage":"it-IT"},{"@type":"Organization","@id":"https:\/\/www.csj-emballages.com\/it\/#Organization\/","name":"CSJ Emballages","url":"https:\/\/www.csj-emballages.com\/it\/","logo":{"@type":"ImageObject","inLanguage":"it-IT","@id":"https:\/\/www.csj-emballages.com\/it\/#\/schema\/logo\/image\/","url":"https:\/\/www.csj-emballages.com\/wp-content\/uploads\/2023\/10\/logo_csj.webp","contentUrl":"https:\/\/www.csj-emballages.com\/wp-content\/uploads\/2023\/10\/logo_csj.webp","width":250,"height":95,"caption":"CSJ Emballages"},"image":{"@id":"https:\/\/www.csj-emballages.com\/it\/#\/schema\/logo\/image\/"},"sameAs":["https:\/\/www.facebook.com\/csjemballages"],"address":{"@type":"PostalAddress","streetAddress":"ZI La Lechere","addressLocality":"Patornay","postalCode":"39130","addressCountry":"FR"},"contactPoint":[{"@type":"ContactPoint","contactType":"Service client","telephone":"0384254272","email":"contact@csj-emballages.com"}]}]}},"df_price":8.26,"df_sale_price":"","df_regular_price":8.26,"df_image_link":"https:\/\/www.csj-emballages.com\/wp-content\/uploads\/2024\/03\/Base-bouillon-de-legumes-300x300.webp","tiered_pricing_type":"fixed","tiered_pricing_fixed_rules":[],"tiered_pricing_percentage_rules":[],"tiered_pricing_minimum":1,"tiered_pricing_roles_data":[],"_links":{"self":[{"href":"https:\/\/www.csj-emballages.com\/it\/wp-json\/wp\/v2\/product\/267647","targetHints":{"allow":["GET"]}}],"collection":[{"href":"https:\/\/www.csj-emballages.com\/it\/wp-json\/wp\/v2\/product"}],"about":[{"href":"https:\/\/www.csj-emballages.com\/it\/wp-json\/wp\/v2\/types\/product"}],"wp:featuredmedia":[{"embeddable":true,"href":"https:\/\/www.csj-emballages.com\/it\/wp-json\/wp\/v2\/media\/267650"}],"wp:attachment":[{"href":"https:\/\/www.csj-emballages.com\/it\/wp-json\/wp\/v2\/media?parent=267647"}],"wp:term":[{"taxonomy":"product_brand","embeddable":true,"href":"https:\/\/www.csj-emballages.com\/it\/wp-json\/wp\/v2\/product_brand?post=267647"},{"taxonomy":"product_cat","embeddable":true,"href":"https:\/\/www.csj-emballages.com\/it\/wp-json\/wp\/v2\/product_cat?post=267647"},{"taxonomy":"product_tag","embeddable":true,"href":"https:\/\/www.csj-emballages.com\/it\/wp-json\/wp\/v2\/product_tag?post=267647"}],"curies":[{"name":"wp","href":"https:\/\/api.w.org\/{rel}","templated":true}]}}