{"id":267636,"date":"2024-03-01T16:59:34","date_gmt":"2024-03-01T15:59:34","guid":{"rendered":"https:\/\/www.csj-emballages.com\/produit\/fondo-bruno-800-g\/"},"modified":"2026-04-17T02:10:28","modified_gmt":"2026-04-17T00:10:28","slug":"fondo-bruno-800-g","status":"publish","type":"product","link":"https:\/\/www.csj-emballages.com\/it\/produit\/fondo-bruno-800-g\/","title":{"rendered":"Fondo bruno 800 g"},"content":{"rendered":"<h2>Fondo bruno<\/h2>\n<hr>\n<h3>Descrizione del nostro fondo bruno 800 g<!--more--><\/h3>\n<p class=\"\" data-start=\"220\" data-end=\"682\">Il <strong>fondo bruno<\/strong> \u00e8 una <strong>base<\/strong> indispensabile in cucina, soprattutto se punti a una cucina ricca di gusto e autenticit\u00e0. Questo barattolo di <strong data-start=\"351\" data-end=\"373\">fondo bruno da 800 g<\/strong> si rivolge sia ai professionisti della ristorazione<strong data-start=\"399\" data-end=\"436\">, <\/strong>catering, chef o cuochi della ristorazione collettiva, sia ai privati appassionati di cucina. Ti permette di preparare rapidamente salse brune intense, sughi di carne, riduzioni o di rinforzare il gusto dei tuoi piatti in umido.  <\/p>\n<p class=\"\" data-start=\"684\" data-end=\"1024\">Concentrato e di qualit\u00e0 professionale, questo <strong>fondo bruno<\/strong> \u00e8 preparato con carni arrosto, verdure e aromi accuratamente selezionati, poi ridotti lentamente per sprigionare tutti i profumi. Offre un gusto intenso e ben equilibrato, senza essere troppo salato, lasciandoti la libert\u00e0 di regolare il condimento come preferisci. <\/p>\n<p class=\"\" data-start=\"1026\" data-end=\"1460\">Un <strong>vaso da 800 g<\/strong> permette di preparare una grande quantit\u00e0 di salsa, garantendo una <strong data-start=\"1120\" data-end=\"1151\">tenuta perfetta in cottura<\/strong>: nessuna separazione, nessuna consistenza artificiale. Ideale nella ristorazione tradizionale, per piatti in salsa da asporto o anche a casa per dare carattere a un semplice arrosto o a una padellata di verdure. In pi\u00f9, la confezione \u00e8 pratica: richiudibile, stabile in conservazione e adatta a un uso regolare.  <\/p>\n<p data-start=\"1026\" data-end=\"1460\">\n<p><!--more--><\/p>\n<div class=\"flex flex-grow flex-col max-w-full\">\n<div class=\"min-h-[20px] text-message flex flex-col items-start whitespace-pre-wrap break-words [.text-message+&amp;]:mt-5 juice:w-full juice:items-end overflow-x-auto gap-2\" dir=\"auto\" data-message-author-role=\"assistant\" data-message-id=\"579bfb50-fb6c-479d-a152-27ab4b509f37\">\n<div class=\"flex w-full flex-col gap-1 juice:empty:hidden juice:first:pt-[3px]\">\n<div class=\"markdown prose w-full break-words dark:prose-invert light\">\n<div class=\"flex-1 overflow-hidden\">\n<div class=\"react-scroll-to-bottom--css-ygaxm-79elbk h-full\">\n<div class=\"react-scroll-to-bottom--css-ygaxm-1n7m0yu\">\n<div class=\"flex flex-col text-sm md:pb-9\">\n<div class=\"w-full text-token-text-primary\" dir=\"auto\" data-testid=\"conversation-turn-3\" data-scroll-anchor=\"true\">\n<div class=\"py-2 juice:py-[18px] px-3 text-base md:px-4 m-auto md:px-5 lg:px-1 xl:px-5\">\n<div class=\"mx-auto flex flex-1 gap-3 text-base juice:gap-4 juice:md:gap-5 juice:lg:gap-6 md:max-w-3xl lg:max-w-[40rem] xl:max-w-[48rem]\">\n<div class=\"group\/conversation-turn relative flex w-full min-w-0 flex-col agent-turn\">\n<div class=\"flex-col gap-1 md:gap-3\">\n<div class=\"flex flex-grow flex-col max-w-full\">\n<div class=\"min-h-[20px] text-message flex flex-col items-start whitespace-pre-wrap break-words [.text-message+&amp;]:mt-5 juice:w-full juice:items-end overflow-x-auto gap-2\" dir=\"auto\" data-message-author-role=\"assistant\" data-message-id=\"2fe0f070-0589-4d8f-991f-f185baabe147\">\n<div class=\"flex w-full flex-col gap-1 juice:empty:hidden juice:first:pt-[3px]\">\n<div class=\"markdown prose w-full break-words dark:prose-invert light\">\n<h4>I suoi vantaggi:<\/h4>\n<ul>\n<li>Gusto autentico di carne arrosto e aromi.<\/li>\n<li>Grande formato da 800 g: conveniente nell\u2019uso.<\/li>\n<li>Si conserva a lungo senza alterazioni.<\/li>\n<li>Dosaggio facile, fondo concentrato da diluire.<\/li>\n<li>Versatile: salse, piatti in umido, fondi intensi.<\/li>\n<\/ul>\n<\/div>\n<div class=\"markdown prose w-full break-words dark:prose-invert light\">\n<p>&nbsp;<\/p>\n<\/div>\n<\/div>\n<\/div>\n<\/div>\n<\/div>\n<\/div>\n<\/div>\n<\/div>\n<\/div>\n<\/div>\n<\/div>\n<\/div>\n<\/div>\n<\/div>\n<\/div>\n<\/div>\n<\/div>\n<p><!--more--><\/p>\n<p><strong>Dosaggio<\/strong>:<\/p>\n<ul>\n<li>Base per salsa: 40 g per litro d\u2019acqua<\/li>\n<li>Base per brodo: 20 g per litro d\u2019acqua<\/li>\n<\/ul>\n<p>&nbsp;<\/p>\n<p><!--more--><\/p>\n<p><span style=\"color: #e3ab00; font-weight: bold;\">Composizione<\/span>: Aroma \/ amido \/ farina di grano \/ maltodestrina \/ sale \/ spezie \/ estratto di lievito \/ olio di girasole parzialmente idrogenato \/ colorante E-150c (2%) <span style=\"color: #1882ed; font-weight: bold;\">Uso<\/span>: 1.Diluire la quantit\u00e0 indicata in acqua fredda o calda 2.Mescolare con una frusta fino a perfetta omogeneit\u00e0 3.Portare a ebollizione per 5 minuti fino a completa dissoluzione 4.Togliere dal fuoco e usare secondo necessit\u00e0<\/p>\n<p>&nbsp;<\/p>\n<p><!--more--><\/p>\n<p><span style=\"color: #1882ed; font-weight: bold;\">Uso<\/span>:<\/p>\n<ol>\n<li>Diluire la quantit\u00e0 indicata in acqua fredda<\/li>\n<li>Mescolare con una frusta fino a perfetta omogeneit\u00e0<\/li>\n<li>Portare a ebollizione per 5 minuti fino a completa dissoluzione<\/li>\n<li>Togliere dal fuoco e usare secondo necessit\u00e0<\/li>\n<\/ol>\n<p>&nbsp;<\/p>\n<p><!--more--><\/p>\n<div class=\"flex flex-grow flex-col max-w-full\">\n<div class=\"min-h-[20px] text-message flex flex-col items-start whitespace-pre-wrap break-words [.text-message+&amp;]:mt-5 juice:w-full juice:items-end overflow-x-auto gap-2\" dir=\"auto\" data-message-author-role=\"assistant\" data-message-id=\"579bfb50-fb6c-479d-a152-27ab4b509f37\">\n<div class=\"flex w-full flex-col gap-1 juice:empty:hidden juice:first:pt-[3px]\">\n<div class=\"markdown prose w-full break-words dark:prose-invert light\">\n<div class=\"flex-1 overflow-hidden\">\n<div class=\"react-scroll-to-bottom--css-ygaxm-79elbk h-full\">\n<div class=\"react-scroll-to-bottom--css-ygaxm-1n7m0yu\">\n<div class=\"flex flex-col text-sm md:pb-9\">\n<div class=\"w-full text-token-text-primary\" dir=\"auto\" data-testid=\"conversation-turn-3\" data-scroll-anchor=\"true\">\n<div class=\"py-2 juice:py-[18px] px-3 text-base md:px-4 m-auto md:px-5 lg:px-1 xl:px-5\">\n<div class=\"mx-auto flex flex-1 gap-3 text-base juice:gap-4 juice:md:gap-5 juice:lg:gap-6 md:max-w-3xl lg:max-w-[40rem] xl:max-w-[48rem]\">\n<div class=\"group\/conversation-turn relative flex w-full min-w-0 flex-col agent-turn\">\n<div class=\"flex-col gap-1 md:gap-3\">\n<div class=\"flex flex-grow flex-col max-w-full\">\n<div class=\"min-h-[20px] text-message flex flex-col items-start whitespace-pre-wrap break-words [.text-message+&amp;]:mt-5 juice:w-full juice:items-end overflow-x-auto gap-2\" dir=\"auto\" data-message-author-role=\"assistant\" data-message-id=\"2fe0f070-0589-4d8f-991f-f185baabe147\">\n<div class=\"flex w-full flex-col gap-1 juice:empty:hidden juice:first:pt-[3px]\">\n<div class=\"markdown prose w-full break-words dark:prose-invert light\">\n<h4>Altre informazioni:<\/h4>\n<ul>\n<li><strong>Confezionamento<\/strong>: Secchio da 800 g<\/li>\n<li><strong>Tipo<\/strong>: Fondi bruni<\/li>\n<\/ul>\n<\/div>\n<\/div>\n<\/div>\n<\/div>\n<\/div>\n<\/div>\n<\/div>\n<\/div>\n<\/div>\n<\/div>\n<\/div>\n<\/div>\n<\/div>\n<p>&nbsp;<\/p>\n<\/div>\n<\/div>\n<\/div>\n<\/div>\n<p><!--more--><\/p>\n<p>Scopri qui il nostro jus di vitello legato: <span style=\"color: #d12727;\"><a style=\"color: #d12727;\" href=\"https:\/\/www.csj-emballages.com\/it\/produit\/fondo-di-jus-di-vitello-legato-900-g\/\">10550<\/a><\/span><\/p>\n<p>&nbsp;<\/p>\n<p><!--more--><\/p>\n<p><a href=\"https:\/\/www.csj-emballages.com\/it\/categorie-produit\/alimentari\/basi-fondi-culinari\/\">Consulta il resto della nostra gamma di basi \/ fondi culinari<\/a><\/p>\n","protected":false},"excerpt":{"rendered":"<p>Fondo bruno Descrizione del nostro fondo bruno 800 g<\/p>\n","protected":false},"featured_media":267638,"template":"","meta":{"_acf_changed":false},"product_brand":[],"product_cat":[10445,10550],"product_tag":[],"class_list":{"0":"post-267636","1":"product","2":"type-product","3":"status-publish","4":"has-post-thumbnail","6":"product_cat-alimentari","7":"product_cat-basi-fondi-culinari","9":"first","10":"instock","11":"taxable","12":"shipping-taxable","13":"purchasable","14":"product-type-simple"},"acf":[],"yoast_head":"<!-- This site is optimized with the Yoast SEO Premium plugin v26.6 (Yoast SEO v26.6) - https:\/\/yoast.com\/wordpress\/plugins\/seo\/ -->\n<title>Fondo bruno 800 g<\/title>\n<meta name=\"description\" content=\"Fondo bruno 800 g per professionisti o appassionati. Base ideale per salse brune, piatti in umido e fondi intensi. Gusto deciso e consistenza perfetta.\" \/>\n<meta name=\"robots\" content=\"index, follow, max-snippet:-1, max-image-preview:large, max-video-preview:-1\" \/>\n<link rel=\"canonical\" href=\"https:\/\/www.csj-emballages.com\/it\/produit\/fondo-bruno-800-g\/\" \/>\n<meta property=\"og:locale\" content=\"it_IT\" \/>\n<meta property=\"og:type\" content=\"article\" \/>\n<meta property=\"og:title\" content=\"Fondo bruno 800 g\" \/>\n<meta property=\"og:description\" content=\"Fondo bruno 800 g per professionisti o appassionati. Base ideale per salse brune, piatti in umido e fondi intensi. Gusto deciso e consistenza perfetta.\" \/>\n<meta property=\"og:url\" content=\"https:\/\/www.csj-emballages.com\/it\/produit\/fondo-bruno-800-g\/\" \/>\n<meta property=\"og:site_name\" content=\"CSJ Emballages\" \/>\n<meta property=\"article:publisher\" content=\"https:\/\/www.facebook.com\/csjemballages\" \/>\n<meta property=\"article:modified_time\" content=\"2026-04-17T00:10:28+00:00\" \/>\n<meta property=\"og:image\" content=\"https:\/\/www.csj-emballages.com\/wp-content\/uploads\/2024\/03\/Fonds-brun.webp\" \/>\n\t<meta property=\"og:image:width\" content=\"800\" \/>\n\t<meta property=\"og:image:height\" content=\"800\" \/>\n\t<meta property=\"og:image:type\" content=\"image\/webp\" \/>\n<meta name=\"twitter:card\" content=\"summary_large_image\" \/>\n<meta name=\"twitter:label1\" content=\"Dur\u00e9e de lecture estim\u00e9e\" \/>\n\t<meta name=\"twitter:data1\" content=\"2 minuti\" \/>\n<script type=\"application\/ld+json\" class=\"yoast-schema-graph\">{\"@context\":\"https:\/\/schema.org\",\"@graph\":[{\"@type\":\"WebPage\",\"@id\":\"https:\/\/www.csj-emballages.com\/it\/produit\/fondo-bruno-800-g\/\",\"url\":\"https:\/\/www.csj-emballages.com\/it\/produit\/fondo-bruno-800-g\/\",\"name\":\"Fondo bruno 800 g\",\"isPartOf\":{\"@id\":\"https:\/\/www.csj-emballages.com\/it\/#website\"},\"primaryImageOfPage\":{\"@id\":\"https:\/\/www.csj-emballages.com\/it\/produit\/fondo-bruno-800-g\/#primaryimage\"},\"image\":{\"@id\":\"https:\/\/www.csj-emballages.com\/it\/produit\/fondo-bruno-800-g\/#primaryimage\"},\"thumbnailUrl\":\"https:\/\/www.csj-emballages.com\/wp-content\/uploads\/2024\/03\/Fonds-brun.webp\",\"datePublished\":\"2024-03-01T15:59:34+00:00\",\"dateModified\":\"2026-04-17T00:10:28+00:00\",\"description\":\"Fondo bruno 800 g per professionisti o appassionati. Base ideale per salse brune, piatti in umido e fondi intensi. Gusto deciso e consistenza perfetta.\",\"breadcrumb\":{\"@id\":\"https:\/\/www.csj-emballages.com\/it\/produit\/fondo-bruno-800-g\/#breadcrumb\"},\"inLanguage\":\"it-IT\",\"potentialAction\":[{\"@type\":\"ReadAction\",\"target\":[\"https:\/\/www.csj-emballages.com\/it\/produit\/fondo-bruno-800-g\/\"]}]},{\"@type\":\"ImageObject\",\"inLanguage\":\"it-IT\",\"@id\":\"https:\/\/www.csj-emballages.com\/it\/produit\/fondo-bruno-800-g\/#primaryimage\",\"url\":\"https:\/\/www.csj-emballages.com\/wp-content\/uploads\/2024\/03\/Fonds-brun.webp\",\"contentUrl\":\"https:\/\/www.csj-emballages.com\/wp-content\/uploads\/2024\/03\/Fonds-brun.webp\",\"width\":800,\"height\":800,\"caption\":\"fond brun\"},{\"@type\":\"BreadcrumbList\",\"@id\":\"https:\/\/www.csj-emballages.com\/it\/produit\/fondo-bruno-800-g\/#breadcrumb\",\"itemListElement\":[{\"@type\":\"ListItem\",\"position\":1,\"name\":\"Home\",\"item\":\"https:\/\/www.csj-emballages.com\/it\/universo-imballaggi-alimentari\/\"},{\"@type\":\"ListItem\",\"position\":2,\"name\":\"Negozio\",\"item\":\"https:\/\/www.csj-emballages.com\/it\/negozio\/\"},{\"@type\":\"ListItem\",\"position\":3,\"name\":\"Fondo bruno 800 g\"}]},{\"@type\":\"WebSite\",\"@id\":\"https:\/\/www.csj-emballages.com\/it\/#website\",\"url\":\"https:\/\/www.csj-emballages.com\/it\/\",\"name\":\"CSJ Emballages\",\"description\":\"\",\"publisher\":{\"@id\":\"https:\/\/www.csj-emballages.com\/it\/#organization\"},\"potentialAction\":[{\"@type\":\"SearchAction\",\"target\":{\"@type\":\"EntryPoint\",\"urlTemplate\":\"https:\/\/www.csj-emballages.com\/it\/?s={search_term_string}\"},\"query-input\":{\"@type\":\"PropertyValueSpecification\",\"valueRequired\":true,\"valueName\":\"search_term_string\"}}],\"inLanguage\":\"it-IT\"},{\"@type\":\"Organization\",\"@id\":\"https:\/\/www.csj-emballages.com\/it\/#Organization\/\",\"name\":\"CSJ Emballages\",\"url\":\"https:\/\/www.csj-emballages.com\/it\/\",\"logo\":{\"@type\":\"ImageObject\",\"inLanguage\":\"it-IT\",\"@id\":\"https:\/\/www.csj-emballages.com\/it\/#\/schema\/logo\/image\/\",\"url\":\"https:\/\/www.csj-emballages.com\/wp-content\/uploads\/2023\/10\/logo_csj.webp\",\"contentUrl\":\"https:\/\/www.csj-emballages.com\/wp-content\/uploads\/2023\/10\/logo_csj.webp\",\"width\":250,\"height\":95,\"caption\":\"CSJ Emballages\"},\"image\":{\"@id\":\"https:\/\/www.csj-emballages.com\/it\/#\/schema\/logo\/image\/\"},\"sameAs\":[\"https:\/\/www.facebook.com\/csjemballages\"],\"address\":{\"@type\":\"PostalAddress\",\"streetAddress\":\"ZI La Lechere\",\"addressLocality\":\"Patornay\",\"postalCode\":\"39130\",\"addressCountry\":\"FR\"},\"contactPoint\":[{\"@type\":\"ContactPoint\",\"contactType\":\"Service client\",\"telephone\":\"0384254272\",\"email\":\"contact@csj-emballages.com\"}]}]}<\/script>\n<!-- \/ Yoast SEO Premium plugin. -->","yoast_head_json":{"title":"Fondo bruno 800 g","description":"Fondo bruno 800 g per professionisti o appassionati. Base ideale per salse brune, piatti in umido e fondi intensi. Gusto deciso e consistenza perfetta.","robots":{"index":"index","follow":"follow","max-snippet":"max-snippet:-1","max-image-preview":"max-image-preview:large","max-video-preview":"max-video-preview:-1"},"canonical":"https:\/\/www.csj-emballages.com\/it\/produit\/fondo-bruno-800-g\/","og_locale":"it_IT","og_type":"article","og_title":"Fondo bruno 800 g","og_description":"Fondo bruno 800 g per professionisti o appassionati. Base ideale per salse brune, piatti in umido e fondi intensi. Gusto deciso e consistenza perfetta.","og_url":"https:\/\/www.csj-emballages.com\/it\/produit\/fondo-bruno-800-g\/","og_site_name":"CSJ Emballages","article_publisher":"https:\/\/www.facebook.com\/csjemballages","article_modified_time":"2026-04-17T00:10:28+00:00","og_image":[{"width":800,"height":800,"url":"https:\/\/www.csj-emballages.com\/wp-content\/uploads\/2024\/03\/Fonds-brun.webp","type":"image\/webp"}],"twitter_card":"summary_large_image","twitter_misc":{"Dur\u00e9e de lecture estim\u00e9e":"2 minuti"},"schema":{"@context":"https:\/\/schema.org","@graph":[{"@type":"WebPage","@id":"https:\/\/www.csj-emballages.com\/it\/produit\/fondo-bruno-800-g\/","url":"https:\/\/www.csj-emballages.com\/it\/produit\/fondo-bruno-800-g\/","name":"Fondo bruno 800 g","isPartOf":{"@id":"https:\/\/www.csj-emballages.com\/it\/#website"},"primaryImageOfPage":{"@id":"https:\/\/www.csj-emballages.com\/it\/produit\/fondo-bruno-800-g\/#primaryimage"},"image":{"@id":"https:\/\/www.csj-emballages.com\/it\/produit\/fondo-bruno-800-g\/#primaryimage"},"thumbnailUrl":"https:\/\/www.csj-emballages.com\/wp-content\/uploads\/2024\/03\/Fonds-brun.webp","datePublished":"2024-03-01T15:59:34+00:00","dateModified":"2026-04-17T00:10:28+00:00","description":"Fondo bruno 800 g per professionisti o appassionati. Base ideale per salse brune, piatti in umido e fondi intensi. Gusto deciso e consistenza perfetta.","breadcrumb":{"@id":"https:\/\/www.csj-emballages.com\/it\/produit\/fondo-bruno-800-g\/#breadcrumb"},"inLanguage":"it-IT","potentialAction":[{"@type":"ReadAction","target":["https:\/\/www.csj-emballages.com\/it\/produit\/fondo-bruno-800-g\/"]}]},{"@type":"ImageObject","inLanguage":"it-IT","@id":"https:\/\/www.csj-emballages.com\/it\/produit\/fondo-bruno-800-g\/#primaryimage","url":"https:\/\/www.csj-emballages.com\/wp-content\/uploads\/2024\/03\/Fonds-brun.webp","contentUrl":"https:\/\/www.csj-emballages.com\/wp-content\/uploads\/2024\/03\/Fonds-brun.webp","width":800,"height":800,"caption":"fond brun"},{"@type":"BreadcrumbList","@id":"https:\/\/www.csj-emballages.com\/it\/produit\/fondo-bruno-800-g\/#breadcrumb","itemListElement":[{"@type":"ListItem","position":1,"name":"Home","item":"https:\/\/www.csj-emballages.com\/it\/universo-imballaggi-alimentari\/"},{"@type":"ListItem","position":2,"name":"Negozio","item":"https:\/\/www.csj-emballages.com\/it\/negozio\/"},{"@type":"ListItem","position":3,"name":"Fondo bruno 800 g"}]},{"@type":"WebSite","@id":"https:\/\/www.csj-emballages.com\/it\/#website","url":"https:\/\/www.csj-emballages.com\/it\/","name":"CSJ Emballages","description":"","publisher":{"@id":"https:\/\/www.csj-emballages.com\/it\/#organization"},"potentialAction":[{"@type":"SearchAction","target":{"@type":"EntryPoint","urlTemplate":"https:\/\/www.csj-emballages.com\/it\/?s={search_term_string}"},"query-input":{"@type":"PropertyValueSpecification","valueRequired":true,"valueName":"search_term_string"}}],"inLanguage":"it-IT"},{"@type":"Organization","@id":"https:\/\/www.csj-emballages.com\/it\/#Organization\/","name":"CSJ Emballages","url":"https:\/\/www.csj-emballages.com\/it\/","logo":{"@type":"ImageObject","inLanguage":"it-IT","@id":"https:\/\/www.csj-emballages.com\/it\/#\/schema\/logo\/image\/","url":"https:\/\/www.csj-emballages.com\/wp-content\/uploads\/2023\/10\/logo_csj.webp","contentUrl":"https:\/\/www.csj-emballages.com\/wp-content\/uploads\/2023\/10\/logo_csj.webp","width":250,"height":95,"caption":"CSJ Emballages"},"image":{"@id":"https:\/\/www.csj-emballages.com\/it\/#\/schema\/logo\/image\/"},"sameAs":["https:\/\/www.facebook.com\/csjemballages"],"address":{"@type":"PostalAddress","streetAddress":"ZI La Lechere","addressLocality":"Patornay","postalCode":"39130","addressCountry":"FR"},"contactPoint":[{"@type":"ContactPoint","contactType":"Service client","telephone":"0384254272","email":"contact@csj-emballages.com"}]}]}},"df_price":10.03,"df_sale_price":"","df_regular_price":10.03,"df_image_link":"https:\/\/www.csj-emballages.com\/wp-content\/uploads\/2024\/03\/Fonds-brun-300x300.webp","tiered_pricing_type":"fixed","tiered_pricing_fixed_rules":[],"tiered_pricing_percentage_rules":[],"tiered_pricing_minimum":1,"tiered_pricing_roles_data":[],"_links":{"self":[{"href":"https:\/\/www.csj-emballages.com\/it\/wp-json\/wp\/v2\/product\/267636","targetHints":{"allow":["GET"]}}],"collection":[{"href":"https:\/\/www.csj-emballages.com\/it\/wp-json\/wp\/v2\/product"}],"about":[{"href":"https:\/\/www.csj-emballages.com\/it\/wp-json\/wp\/v2\/types\/product"}],"wp:featuredmedia":[{"embeddable":true,"href":"https:\/\/www.csj-emballages.com\/it\/wp-json\/wp\/v2\/media\/267638"}],"wp:attachment":[{"href":"https:\/\/www.csj-emballages.com\/it\/wp-json\/wp\/v2\/media?parent=267636"}],"wp:term":[{"taxonomy":"product_brand","embeddable":true,"href":"https:\/\/www.csj-emballages.com\/it\/wp-json\/wp\/v2\/product_brand?post=267636"},{"taxonomy":"product_cat","embeddable":true,"href":"https:\/\/www.csj-emballages.com\/it\/wp-json\/wp\/v2\/product_cat?post=267636"},{"taxonomy":"product_tag","embeddable":true,"href":"https:\/\/www.csj-emballages.com\/it\/wp-json\/wp\/v2\/product_tag?post=267636"}],"curies":[{"name":"wp","href":"https:\/\/api.w.org\/{rel}","templated":true}]}}