{"id":267614,"date":"2024-03-01T16:56:07","date_gmt":"2024-03-01T15:56:07","guid":{"rendered":"https:\/\/www.csj-emballages.com\/produit\/scatola-per-pizza-29-x-29-x-4-cm-confezione-da-100\/"},"modified":"2026-04-11T02:11:26","modified_gmt":"2026-04-11T00:11:26","slug":"scatola-per-pizza-29-x-29-x-4-cm-confezione-da-100","status":"publish","type":"product","link":"https:\/\/www.csj-emballages.com\/it\/produit\/scatola-per-pizza-29-x-29-x-4-cm-confezione-da-100\/","title":{"rendered":"Scatola per pizza 29 x 29 x 4 cm, confezione da 100"},"content":{"rendered":"<h2>Scatola per pizza<\/h2>\n<hr>\n<h3>Descrizione della nostra scatola per pizza 29 x 29 x 4 cm, confezione da 100<\/h3>\n<p><!--more--><\/p>\n<p data-start=\"213\" data-end=\"569\">Se cerchi una <strong>scatola per pizza<\/strong> affidabile, robusta e piacevole da usare ogni giorno, questa <strong data-start=\"306\" data-end=\"330\">scatola di dimensioni 29 x 29 x 4 cm<\/strong> \u00e8 esattamente ci\u00f2 che ti serve. Ha la dimensione perfetta per una <strong>pizza standard<\/strong> e, soprattutto, si tiene benissimo in mano. Nulla si schiaccia, nulla si deforma, anche quando la pizza esce appena dal forno.  <\/p>\n<p data-start=\"571\" data-end=\"976\">Realizzata in <strong>cartone<\/strong> rigido, sopporta molto bene il calore. Il risultato: la tua pizza rimane ben ferma, non si ammorbidisce e arriva al cliente con una base sempre croccante. Grazie al suo semplice sistema di chiusura, impacchetti in pochi secondi, senza lottare con una linguetta capricciosa o un cartone che si strappa. \u00c8 fluido, veloce, efficace\u2026 insomma, perfetto per i momenti di punta.   <\/p>\n<p data-start=\"978\" data-end=\"1305\">E non \u00e8 tutto. Poich\u00e9 il cartone \u00e8 microondulato, limita la condensa. Quindi niente pizza bagnata o che perde la sua consistenza. Quando il tuo cliente apre la scatola, trova una pizza ancora calda, appetitosa, con tutti i suoi buoni profumi. Questo migliora l&#8217;esperienza e si riflette direttamente sulla soddisfazione.    <\/p>\n<p data-start=\"1536\" data-end=\"1725\">Che tu sia una pizzeria, uno snack bar, un food truck o un ristorante con servizio da asporto, questo <strong>lotto di 100 scatole<\/strong> ti permette di gestire i tuoi ordini senza stress, mantenendo una qualit\u00e0 costante.<\/p>\n<p><!--more--><\/p>\n<h4><strong>Vantaggi:<\/strong><\/h4>\n<ul>\n<li data-start=\"1753\" data-end=\"1801\">Cartone robusto che mantiene la pizza croccante.<\/li>\n<li data-start=\"1804\" data-end=\"1845\">Dimensioni ideali per pizze individuali.<\/li>\n<li data-start=\"1848\" data-end=\"1878\">Chiusura rapida e pratica.<\/li>\n<li data-start=\"1881\" data-end=\"1929\">Questa scatola per pizza resiste al calore e limita la condensa.<\/li>\n<li data-start=\"1932\" data-end=\"1956\">Facile da personalizzare.<\/li>\n<li data-start=\"1959\" data-end=\"2012\"><strong>Lotto da 100<\/strong>: perfetto per i professionisti e molto conveniente.<\/li>\n<\/ul>\n<p>&nbsp;<\/p>\n<p><!--more--><\/p>\n<h4>Altre informazioni:<\/h4>\n<ul>\n<li><strong>Confezione<\/strong> : Pacco da 100<\/li>\n<li><strong>Dimensioni<\/strong>: 29 x 29 x 4 cm<\/li>\n<li><strong>Materiale<\/strong>: Cartone<\/li>\n<\/ul>\n<p>&nbsp;<\/p>\n<p><!--more--><\/p>\n<p>Trova qui il nostro treppiede per pizza: <span style=\"color: #d12727;\"><a style=\"color: #d12727;\" href=\"https:\/\/www.csj-emballages.com\/it\/produit\/treppiede-per-pizza-in-plastica-37-mm-confezione-da-200\/\">PP<\/a><\/span><\/p>\n<p>&nbsp;<\/p>\n<p><!--more--><\/p>\n<p>Questa scatola per pizza \u00e8 disponibile in diverse misure: <span style=\"color: #d12727;\"><a style=\"color: #d12727;\" href=\"https:\/\/www.csj-emballages.com\/it\/produit\/scatola-per-pizza-26-x-26-x-4-cm-confezione-da-100\/\">26 x 26 x 4 cm<\/a><\/span> \/ <span style=\"color: #d12727;\"><a style=\"color: #d12727;\" href=\"https:\/\/www.csj-emballages.com\/produit\/100-boites-a-pizza-31-x-31-x-4-cm\/\">31 x 31 x 4 cm<\/a><\/span> \/ <span style=\"color: #d12727;\"><a style=\"color: #d12727;\" href=\"https:\/\/www.csj-emballages.com\/produit\/100-boites-a-pizza-33-x-33-x-4-cm\/\">33 x 33 x 4 cm<\/a><\/span> \/ <span style=\"color: #d12727;\"><a style=\"color: #d12727;\" href=\"https:\/\/www.csj-emballages.com\/produit\/100-boites-a-pizza-40-x-40-x-4-cm\/\">40 x 40 x 4 cm<\/a><\/span><\/p>\n<p>&nbsp;<\/p>\n<p><!--more--><\/p>\n<p><a href=\"https:\/\/www.csj-emballages.com\/it\/categorie-produit\/imballaggi-alimentari\/ristorazione\/scatole-vaschette-buste-coni\/scatole-per-pizza\/\">Consulta il resto della nostra gamma di scatole per pizza<\/a><\/p>\n","protected":false},"excerpt":{"rendered":"<p>Scatola per pizza Descrizione della nostra scatola per pizza 29 x 29 x 4 cm, confezione da 100<\/p>\n","protected":false},"featured_media":267619,"template":"","meta":{"_acf_changed":false},"product_brand":[],"product_cat":[10346,10375,10531],"product_tag":[],"class_list":{"0":"post-267614","1":"product","2":"type-product","3":"status-publish","4":"has-post-thumbnail","6":"product_cat-imballaggi-alimentari","7":"product_cat-ristorazione","8":"product_cat-scatole-per-pizza","9":"product_shipping_class-vietato-in-punto-di-ritiro","11":"first","12":"instock","13":"taxable","14":"shipping-taxable","15":"purchasable","16":"product-type-simple"},"acf":[],"yoast_head":"<!-- This site is optimized with the Yoast SEO Premium plugin v26.6 (Yoast SEO v26.6) - https:\/\/yoast.com\/wordpress\/plugins\/seo\/ -->\n<title>Scatola per Pizza 29 x 29 x 4 cm, confezione da 100<\/title>\n<meta name=\"description\" content=\"Scatola per pizza 29 x 29 x 4 cm, confezione da 100. Robusta, pratica e progettata per mantenere la pizza calda e croccante. Ideale per pizzerie e asporto.\" \/>\n<meta name=\"robots\" content=\"index, follow, max-snippet:-1, max-image-preview:large, max-video-preview:-1\" \/>\n<link rel=\"canonical\" href=\"https:\/\/www.csj-emballages.com\/it\/produit\/scatola-per-pizza-29-x-29-x-4-cm-confezione-da-100\/\" \/>\n<meta property=\"og:locale\" content=\"it_IT\" \/>\n<meta property=\"og:type\" content=\"article\" \/>\n<meta property=\"og:title\" content=\"Scatola per pizza 29 x 29 x 4 cm, confezione da 100\" \/>\n<meta property=\"og:description\" content=\"Scatola per pizza 29 x 29 x 4 cm, confezione da 100. Robusta, pratica e progettata per mantenere la pizza calda e croccante. Ideale per pizzerie e asporto.\" \/>\n<meta property=\"og:url\" content=\"https:\/\/www.csj-emballages.com\/it\/produit\/scatola-per-pizza-29-x-29-x-4-cm-confezione-da-100\/\" \/>\n<meta property=\"og:site_name\" content=\"CSJ Emballages\" \/>\n<meta property=\"article:publisher\" content=\"https:\/\/www.facebook.com\/csjemballages\" \/>\n<meta property=\"article:modified_time\" content=\"2026-04-11T00:11:26+00:00\" \/>\n<meta property=\"og:image\" content=\"https:\/\/www.csj-emballages.com\/wp-content\/uploads\/2024\/03\/boite-pizza-carre-carton-qualite-pas-cher-discount-csj-emballages-zoom-jpg.webp\" \/>\n\t<meta property=\"og:image:width\" content=\"800\" \/>\n\t<meta property=\"og:image:height\" content=\"800\" \/>\n\t<meta property=\"og:image:type\" content=\"image\/jpeg\" \/>\n<meta name=\"twitter:card\" content=\"summary_large_image\" \/>\n<meta name=\"twitter:label1\" content=\"Dur\u00e9e de lecture estim\u00e9e\" \/>\n\t<meta name=\"twitter:data1\" content=\"2 minuti\" \/>\n<script type=\"application\/ld+json\" class=\"yoast-schema-graph\">{\"@context\":\"https:\/\/schema.org\",\"@graph\":[{\"@type\":\"WebPage\",\"@id\":\"https:\/\/www.csj-emballages.com\/it\/produit\/scatola-per-pizza-29-x-29-x-4-cm-confezione-da-100\/\",\"url\":\"https:\/\/www.csj-emballages.com\/it\/produit\/scatola-per-pizza-29-x-29-x-4-cm-confezione-da-100\/\",\"name\":\"Scatola per Pizza 29 x 29 x 4 cm, confezione da 100\",\"isPartOf\":{\"@id\":\"https:\/\/www.csj-emballages.com\/it\/#website\"},\"primaryImageOfPage\":{\"@id\":\"https:\/\/www.csj-emballages.com\/it\/produit\/scatola-per-pizza-29-x-29-x-4-cm-confezione-da-100\/#primaryimage\"},\"image\":{\"@id\":\"https:\/\/www.csj-emballages.com\/it\/produit\/scatola-per-pizza-29-x-29-x-4-cm-confezione-da-100\/#primaryimage\"},\"thumbnailUrl\":\"https:\/\/www.csj-emballages.com\/wp-content\/uploads\/2024\/03\/boite-pizza-carre-carton-qualite-pas-cher-discount-csj-emballages-zoom-jpg.webp\",\"datePublished\":\"2024-03-01T15:56:07+00:00\",\"dateModified\":\"2026-04-11T00:11:26+00:00\",\"description\":\"Scatola per pizza 29 x 29 x 4 cm, confezione da 100. Robusta, pratica e progettata per mantenere la pizza calda e croccante. Ideale per pizzerie e asporto.\",\"breadcrumb\":{\"@id\":\"https:\/\/www.csj-emballages.com\/it\/produit\/scatola-per-pizza-29-x-29-x-4-cm-confezione-da-100\/#breadcrumb\"},\"inLanguage\":\"it-IT\",\"potentialAction\":[{\"@type\":\"ReadAction\",\"target\":[\"https:\/\/www.csj-emballages.com\/it\/produit\/scatola-per-pizza-29-x-29-x-4-cm-confezione-da-100\/\"]}]},{\"@type\":\"ImageObject\",\"inLanguage\":\"it-IT\",\"@id\":\"https:\/\/www.csj-emballages.com\/it\/produit\/scatola-per-pizza-29-x-29-x-4-cm-confezione-da-100\/#primaryimage\",\"url\":\"https:\/\/www.csj-emballages.com\/wp-content\/uploads\/2024\/03\/boite-pizza-carre-carton-qualite-pas-cher-discount-csj-emballages-zoom-jpg.webp\",\"contentUrl\":\"https:\/\/www.csj-emballages.com\/wp-content\/uploads\/2024\/03\/boite-pizza-carre-carton-qualite-pas-cher-discount-csj-emballages-zoom-jpg.webp\",\"width\":800,\"height\":800},{\"@type\":\"BreadcrumbList\",\"@id\":\"https:\/\/www.csj-emballages.com\/it\/produit\/scatola-per-pizza-29-x-29-x-4-cm-confezione-da-100\/#breadcrumb\",\"itemListElement\":[{\"@type\":\"ListItem\",\"position\":1,\"name\":\"Home\",\"item\":\"https:\/\/www.csj-emballages.com\/it\/universo-imballaggi-alimentari\/\"},{\"@type\":\"ListItem\",\"position\":2,\"name\":\"Negozio\",\"item\":\"https:\/\/www.csj-emballages.com\/it\/negozio\/\"},{\"@type\":\"ListItem\",\"position\":3,\"name\":\"Scatola per pizza 29 x 29 x 4 cm, confezione da 100\"}]},{\"@type\":\"WebSite\",\"@id\":\"https:\/\/www.csj-emballages.com\/it\/#website\",\"url\":\"https:\/\/www.csj-emballages.com\/it\/\",\"name\":\"CSJ Emballages\",\"description\":\"\",\"publisher\":{\"@id\":\"https:\/\/www.csj-emballages.com\/it\/#organization\"},\"potentialAction\":[{\"@type\":\"SearchAction\",\"target\":{\"@type\":\"EntryPoint\",\"urlTemplate\":\"https:\/\/www.csj-emballages.com\/it\/?s={search_term_string}\"},\"query-input\":{\"@type\":\"PropertyValueSpecification\",\"valueRequired\":true,\"valueName\":\"search_term_string\"}}],\"inLanguage\":\"it-IT\"},{\"@type\":\"Organization\",\"@id\":\"https:\/\/www.csj-emballages.com\/it\/#Organization\/\",\"name\":\"CSJ Emballages\",\"url\":\"https:\/\/www.csj-emballages.com\/it\/\",\"logo\":{\"@type\":\"ImageObject\",\"inLanguage\":\"it-IT\",\"@id\":\"https:\/\/www.csj-emballages.com\/it\/#\/schema\/logo\/image\/\",\"url\":\"https:\/\/www.csj-emballages.com\/wp-content\/uploads\/2023\/10\/logo_csj.webp\",\"contentUrl\":\"https:\/\/www.csj-emballages.com\/wp-content\/uploads\/2023\/10\/logo_csj.webp\",\"width\":250,\"height\":95,\"caption\":\"CSJ Emballages\"},\"image\":{\"@id\":\"https:\/\/www.csj-emballages.com\/it\/#\/schema\/logo\/image\/\"},\"sameAs\":[\"https:\/\/www.facebook.com\/csjemballages\"],\"address\":{\"@type\":\"PostalAddress\",\"streetAddress\":\"ZI La Lechere\",\"addressLocality\":\"Patornay\",\"postalCode\":\"39130\",\"addressCountry\":\"FR\"},\"contactPoint\":[{\"@type\":\"ContactPoint\",\"contactType\":\"Service client\",\"telephone\":\"0384254272\",\"email\":\"contact@csj-emballages.com\"}]}]}<\/script>\n<!-- \/ Yoast SEO Premium plugin. -->","yoast_head_json":{"title":"Scatola per Pizza 29 x 29 x 4 cm, confezione da 100","description":"Scatola per pizza 29 x 29 x 4 cm, confezione da 100. Robusta, pratica e progettata per mantenere la pizza calda e croccante. Ideale per pizzerie e asporto.","robots":{"index":"index","follow":"follow","max-snippet":"max-snippet:-1","max-image-preview":"max-image-preview:large","max-video-preview":"max-video-preview:-1"},"canonical":"https:\/\/www.csj-emballages.com\/it\/produit\/scatola-per-pizza-29-x-29-x-4-cm-confezione-da-100\/","og_locale":"it_IT","og_type":"article","og_title":"Scatola per pizza 29 x 29 x 4 cm, confezione da 100","og_description":"Scatola per pizza 29 x 29 x 4 cm, confezione da 100. Robusta, pratica e progettata per mantenere la pizza calda e croccante. Ideale per pizzerie e asporto.","og_url":"https:\/\/www.csj-emballages.com\/it\/produit\/scatola-per-pizza-29-x-29-x-4-cm-confezione-da-100\/","og_site_name":"CSJ Emballages","article_publisher":"https:\/\/www.facebook.com\/csjemballages","article_modified_time":"2026-04-11T00:11:26+00:00","og_image":[{"width":800,"height":800,"url":"https:\/\/www.csj-emballages.com\/wp-content\/uploads\/2024\/03\/boite-pizza-carre-carton-qualite-pas-cher-discount-csj-emballages-zoom-jpg.webp","type":"image\/jpeg"}],"twitter_card":"summary_large_image","twitter_misc":{"Dur\u00e9e de lecture estim\u00e9e":"2 minuti"},"schema":{"@context":"https:\/\/schema.org","@graph":[{"@type":"WebPage","@id":"https:\/\/www.csj-emballages.com\/it\/produit\/scatola-per-pizza-29-x-29-x-4-cm-confezione-da-100\/","url":"https:\/\/www.csj-emballages.com\/it\/produit\/scatola-per-pizza-29-x-29-x-4-cm-confezione-da-100\/","name":"Scatola per Pizza 29 x 29 x 4 cm, confezione da 100","isPartOf":{"@id":"https:\/\/www.csj-emballages.com\/it\/#website"},"primaryImageOfPage":{"@id":"https:\/\/www.csj-emballages.com\/it\/produit\/scatola-per-pizza-29-x-29-x-4-cm-confezione-da-100\/#primaryimage"},"image":{"@id":"https:\/\/www.csj-emballages.com\/it\/produit\/scatola-per-pizza-29-x-29-x-4-cm-confezione-da-100\/#primaryimage"},"thumbnailUrl":"https:\/\/www.csj-emballages.com\/wp-content\/uploads\/2024\/03\/boite-pizza-carre-carton-qualite-pas-cher-discount-csj-emballages-zoom-jpg.webp","datePublished":"2024-03-01T15:56:07+00:00","dateModified":"2026-04-11T00:11:26+00:00","description":"Scatola per pizza 29 x 29 x 4 cm, confezione da 100. Robusta, pratica e progettata per mantenere la pizza calda e croccante. Ideale per pizzerie e asporto.","breadcrumb":{"@id":"https:\/\/www.csj-emballages.com\/it\/produit\/scatola-per-pizza-29-x-29-x-4-cm-confezione-da-100\/#breadcrumb"},"inLanguage":"it-IT","potentialAction":[{"@type":"ReadAction","target":["https:\/\/www.csj-emballages.com\/it\/produit\/scatola-per-pizza-29-x-29-x-4-cm-confezione-da-100\/"]}]},{"@type":"ImageObject","inLanguage":"it-IT","@id":"https:\/\/www.csj-emballages.com\/it\/produit\/scatola-per-pizza-29-x-29-x-4-cm-confezione-da-100\/#primaryimage","url":"https:\/\/www.csj-emballages.com\/wp-content\/uploads\/2024\/03\/boite-pizza-carre-carton-qualite-pas-cher-discount-csj-emballages-zoom-jpg.webp","contentUrl":"https:\/\/www.csj-emballages.com\/wp-content\/uploads\/2024\/03\/boite-pizza-carre-carton-qualite-pas-cher-discount-csj-emballages-zoom-jpg.webp","width":800,"height":800},{"@type":"BreadcrumbList","@id":"https:\/\/www.csj-emballages.com\/it\/produit\/scatola-per-pizza-29-x-29-x-4-cm-confezione-da-100\/#breadcrumb","itemListElement":[{"@type":"ListItem","position":1,"name":"Home","item":"https:\/\/www.csj-emballages.com\/it\/universo-imballaggi-alimentari\/"},{"@type":"ListItem","position":2,"name":"Negozio","item":"https:\/\/www.csj-emballages.com\/it\/negozio\/"},{"@type":"ListItem","position":3,"name":"Scatola per pizza 29 x 29 x 4 cm, confezione da 100"}]},{"@type":"WebSite","@id":"https:\/\/www.csj-emballages.com\/it\/#website","url":"https:\/\/www.csj-emballages.com\/it\/","name":"CSJ Emballages","description":"","publisher":{"@id":"https:\/\/www.csj-emballages.com\/it\/#organization"},"potentialAction":[{"@type":"SearchAction","target":{"@type":"EntryPoint","urlTemplate":"https:\/\/www.csj-emballages.com\/it\/?s={search_term_string}"},"query-input":{"@type":"PropertyValueSpecification","valueRequired":true,"valueName":"search_term_string"}}],"inLanguage":"it-IT"},{"@type":"Organization","@id":"https:\/\/www.csj-emballages.com\/it\/#Organization\/","name":"CSJ Emballages","url":"https:\/\/www.csj-emballages.com\/it\/","logo":{"@type":"ImageObject","inLanguage":"it-IT","@id":"https:\/\/www.csj-emballages.com\/it\/#\/schema\/logo\/image\/","url":"https:\/\/www.csj-emballages.com\/wp-content\/uploads\/2023\/10\/logo_csj.webp","contentUrl":"https:\/\/www.csj-emballages.com\/wp-content\/uploads\/2023\/10\/logo_csj.webp","width":250,"height":95,"caption":"CSJ Emballages"},"image":{"@id":"https:\/\/www.csj-emballages.com\/it\/#\/schema\/logo\/image\/"},"sameAs":["https:\/\/www.facebook.com\/csjemballages"],"address":{"@type":"PostalAddress","streetAddress":"ZI La Lechere","addressLocality":"Patornay","postalCode":"39130","addressCountry":"FR"},"contactPoint":[{"@type":"ContactPoint","contactType":"Service client","telephone":"0384254272","email":"contact@csj-emballages.com"}]}]}},"df_price":26.78,"df_sale_price":"","df_regular_price":26.78,"df_image_link":"https:\/\/www.csj-emballages.com\/wp-content\/uploads\/2024\/03\/boite-pizza-carre-carton-qualite-pas-cher-discount-csj-emballages-zoom-300x300.webp","tiered_pricing_type":"fixed","tiered_pricing_fixed_rules":[],"tiered_pricing_percentage_rules":[],"tiered_pricing_minimum":1,"tiered_pricing_roles_data":[],"_links":{"self":[{"href":"https:\/\/www.csj-emballages.com\/it\/wp-json\/wp\/v2\/product\/267614","targetHints":{"allow":["GET"]}}],"collection":[{"href":"https:\/\/www.csj-emballages.com\/it\/wp-json\/wp\/v2\/product"}],"about":[{"href":"https:\/\/www.csj-emballages.com\/it\/wp-json\/wp\/v2\/types\/product"}],"wp:featuredmedia":[{"embeddable":true,"href":"https:\/\/www.csj-emballages.com\/it\/wp-json\/wp\/v2\/media\/267619"}],"wp:attachment":[{"href":"https:\/\/www.csj-emballages.com\/it\/wp-json\/wp\/v2\/media?parent=267614"}],"wp:term":[{"taxonomy":"product_brand","embeddable":true,"href":"https:\/\/www.csj-emballages.com\/it\/wp-json\/wp\/v2\/product_brand?post=267614"},{"taxonomy":"product_cat","embeddable":true,"href":"https:\/\/www.csj-emballages.com\/it\/wp-json\/wp\/v2\/product_cat?post=267614"},{"taxonomy":"product_tag","embeddable":true,"href":"https:\/\/www.csj-emballages.com\/it\/wp-json\/wp\/v2\/product_tag?post=267614"}],"curies":[{"name":"wp","href":"https:\/\/api.w.org\/{rel}","templated":true}]}}