{"id":267571,"date":"2024-03-01T16:56:04","date_gmt":"2024-03-01T15:56:04","guid":{"rendered":"https:\/\/www.csj-emballages.com\/produit\/supporto-in-cartone-per-porzione-singola-170-x-120-x-10-confezione-da-250\/"},"modified":"2026-04-15T02:11:27","modified_gmt":"2026-04-15T00:11:27","slug":"supporto-in-cartone-per-porzione-singola-170-x-120-x-10-confezione-da-250","status":"publish","type":"product","link":"https:\/\/www.csj-emballages.com\/it\/produit\/supporto-in-cartone-per-porzione-singola-170-x-120-x-10-confezione-da-250\/","title":{"rendered":"Supporto in cartone per porzione singola 170 x 120 x 10 confezione da 250"},"content":{"rendered":"<h2>Supporto in cartone<\/h2>\n<hr>\n<h3>Descrizione del nostro supporto in cartone per porzione singola 170 x 120 x 10 confezione da 250<\/h3>\n<p><!--more--><\/p>\n<p data-start=\"328\" data-end=\"730\">Quando si tratta di servire una <strong>porzione singola<\/strong> in modo pulito e senza complicazioni, questo <strong>supporto in cartone<\/strong> fa la differenza. Pensato per <strong>tranci di pizza<\/strong>, <strong>quiche<\/strong>, <strong>torte<\/strong> o persino <strong>dolci<\/strong>, permette una presa facile assicurando una presentazione ordinata. Grazie al formato <strong data-start=\"634\" data-end=\"655\">170 x 120 x 10 mm<\/strong>, la porzione resta stabile, senza scivolare o rompersi al momento del servizio.  <\/p>\n<p data-start=\"732\" data-end=\"1130\">La forma leggermente rialzata sul retro offre un vero comfort d&#8217;uso. Aiuta a mantenere il cibo in posizione, specialmente nell&#8217;asporto o nel servizio rapido. Cos\u00ec, il cliente pu\u00f2 mangiare pi\u00f9 facilmente senza sporcarsi, migliorando l&#8217;esperienza complessiva. Inoltre, il <strong>cartone rigido<\/strong> garantisce un&#8217;ottima tenuta, anche per preparazioni calde o leggermente unte.   <\/p>\n<p data-start=\"1132\" data-end=\"1407\">Altro punto di forza: questo <strong>supporto<\/strong> \u00e8 pronto all&#8217;uso. Nessun montaggio complicato, nessuna perdita di tempo. Lo prendi e servi, tutto qui. Questo risparmio di tempo \u00e8 particolarmente prezioso in snack bar, pizzerie, panetterie o durante eventi ad alta affluenza.   <\/p>\n<p data-start=\"1409\" data-end=\"1742\">Venduto <strong data-start=\"1415\" data-end=\"1433\">in lotti da 250<\/strong>, questo supporto in cartone \u00e8 ideale per i professionisti che desiderano una scorta affidabile senza continui riordini. Si integra facilmente nell&#8217;organizzazione quotidiana e si adatta a molti usi. Semplice, efficace e discreto, mette in risalto il prodotto servito senza distrarre l&#8217;attenzione.  <\/p>\n<p data-start=\"1744\" data-end=\"1906\">In sintesi, \u00e8 una soluzione pratica e ben studiata per servire porzioni singole con pulizia ed efficienza, facilitando al contempo il lavoro dietro le quinte.<\/p>\n<p data-start=\"1744\" data-end=\"1906\">\n<p data-start=\"1744\" data-end=\"1906\"><!--more--><\/p>\n<h4 data-start=\"1744\" data-end=\"1906\">Vantaggi:<\/h4>\n<ul>\n<li data-start=\"1934\" data-end=\"1974\">Formato adatto alle <strong>porzioni singole<\/strong>.<\/li>\n<li data-start=\"2022\" data-end=\"2051\">Cartone rigido e resistente.<\/li>\n<li data-start=\"2054\" data-end=\"2092\">Utilizzo immediato, senza montaggio.<\/li>\n<li data-start=\"2095\" data-end=\"2126\">Lotto conveniente da <strong>250 pezzi<\/strong>.<\/li>\n<li data-start=\"2129\" data-end=\"2175\">Ideale per l&#8217;asporto e lo <strong>snacking<\/strong>.<\/li>\n<\/ul>\n<p>&nbsp;<\/p>\n<p><!--more--><\/p>\n<h4>Altre informazioni:<\/h4>\n<ul>\n<li><strong>Confezione<\/strong> : Pacco da 250<\/li>\n<li><strong>Materiale<\/strong>: Cartone<\/li>\n<li><strong>Dimensioni<\/strong>: 170 x 120 x 20 mm (bordi esclusi)<\/li>\n<li>Bordi pieghevoli da 20 mm su ogni lato<\/li>\n<li><strong>Colore<\/strong>: Bianco<\/li>\n<\/ul>\n<p>&nbsp;<\/p>\n<p><!--more--><\/p>\n<p><a href=\"\/?product_cat=supports-triangulaires\">Consulta il resto della nostra gamma di supporti triangolari<\/a><\/p>\n","protected":false},"excerpt":{"rendered":"<p>Supporto in cartone Descrizione del nostro supporto in cartone per porzione singola 170 x 120 x 10 confezione da 250<\/p>\n","protected":false},"featured_media":267579,"template":"","meta":{"_acf_changed":false},"product_brand":[],"product_cat":[10346,10344,10397,10528,10375,10530,10529],"product_tag":[],"class_list":{"0":"post-267571","1":"product","2":"type-product","3":"status-publish","4":"has-post-thumbnail","6":"product_cat-imballaggi-alimentari","7":"product_cat-panetteria-pasticceria","8":"product_cat-supporti-basi-per-torte","9":"product_cat-supporti-scanalati","10":"product_cat-ristorazione","11":"product_cat-supporti","14":"first","15":"instock","16":"taxable","17":"shipping-taxable","18":"purchasable","19":"product-type-simple"},"acf":[],"yoast_head":"<!-- This site is optimized with the Yoast SEO Premium plugin v26.6 (Yoast SEO v26.6) - https:\/\/yoast.com\/wordpress\/plugins\/seo\/ -->\n<title>Supporto in Cartone per Porzione Singola 170 x 120 x 10 Confezione da 250<\/title>\n<meta name=\"description\" content=\"Supporto in cartone per porzione singola 170x120x10 mm venduto in confezioni da 250. Pratico, stabile e ideale per servire pizza, quiche e torte da asporto.\" \/>\n<meta name=\"robots\" content=\"index, follow, max-snippet:-1, max-image-preview:large, max-video-preview:-1\" \/>\n<link rel=\"canonical\" href=\"https:\/\/www.csj-emballages.com\/it\/produit\/supporto-in-cartone-per-porzione-singola-170-x-120-x-10-confezione-da-250\/\" \/>\n<meta property=\"og:locale\" content=\"it_IT\" \/>\n<meta property=\"og:type\" content=\"article\" \/>\n<meta property=\"og:title\" content=\"Supporto in cartone per porzione singola 170 x 120 x 10 confezione da 250\" \/>\n<meta property=\"og:description\" content=\"Supporto in cartone per porzione singola 170x120x10 mm venduto in confezioni da 250. Pratico, stabile e ideale per servire pizza, quiche e torte da asporto.\" \/>\n<meta property=\"og:url\" content=\"https:\/\/www.csj-emballages.com\/it\/produit\/supporto-in-cartone-per-porzione-singola-170-x-120-x-10-confezione-da-250\/\" \/>\n<meta property=\"og:site_name\" content=\"CSJ Emballages\" \/>\n<meta property=\"article:publisher\" content=\"https:\/\/www.facebook.com\/csjemballages\" \/>\n<meta property=\"article:modified_time\" content=\"2026-04-15T00:11:27+00:00\" \/>\n<meta property=\"og:image\" content=\"https:\/\/www.csj-emballages.com\/wp-content\/uploads\/2024\/03\/PART-QUICHE.webp\" \/>\n\t<meta property=\"og:image:width\" content=\"798\" \/>\n\t<meta property=\"og:image:height\" content=\"798\" \/>\n\t<meta property=\"og:image:type\" content=\"image\/webp\" \/>\n<meta name=\"twitter:card\" content=\"summary_large_image\" \/>\n<meta name=\"twitter:label1\" content=\"Dur\u00e9e de lecture estim\u00e9e\" \/>\n\t<meta name=\"twitter:data1\" content=\"1 minuto\" \/>\n<script type=\"application\/ld+json\" class=\"yoast-schema-graph\">{\"@context\":\"https:\/\/schema.org\",\"@graph\":[{\"@type\":\"WebPage\",\"@id\":\"https:\/\/www.csj-emballages.com\/it\/produit\/supporto-in-cartone-per-porzione-singola-170-x-120-x-10-confezione-da-250\/\",\"url\":\"https:\/\/www.csj-emballages.com\/it\/produit\/supporto-in-cartone-per-porzione-singola-170-x-120-x-10-confezione-da-250\/\",\"name\":\"Supporto in Cartone per Porzione Singola 170 x 120 x 10 Confezione da 250\",\"isPartOf\":{\"@id\":\"https:\/\/www.csj-emballages.com\/it\/#website\"},\"primaryImageOfPage\":{\"@id\":\"https:\/\/www.csj-emballages.com\/it\/produit\/supporto-in-cartone-per-porzione-singola-170-x-120-x-10-confezione-da-250\/#primaryimage\"},\"image\":{\"@id\":\"https:\/\/www.csj-emballages.com\/it\/produit\/supporto-in-cartone-per-porzione-singola-170-x-120-x-10-confezione-da-250\/#primaryimage\"},\"thumbnailUrl\":\"https:\/\/www.csj-emballages.com\/wp-content\/uploads\/2024\/03\/PART-QUICHE.webp\",\"datePublished\":\"2024-03-01T15:56:04+00:00\",\"dateModified\":\"2026-04-15T00:11:27+00:00\",\"description\":\"Supporto in cartone per porzione singola 170x120x10 mm venduto in confezioni da 250. Pratico, stabile e ideale per servire pizza, quiche e torte da asporto.\",\"breadcrumb\":{\"@id\":\"https:\/\/www.csj-emballages.com\/it\/produit\/supporto-in-cartone-per-porzione-singola-170-x-120-x-10-confezione-da-250\/#breadcrumb\"},\"inLanguage\":\"it-IT\",\"potentialAction\":[{\"@type\":\"ReadAction\",\"target\":[\"https:\/\/www.csj-emballages.com\/it\/produit\/supporto-in-cartone-per-porzione-singola-170-x-120-x-10-confezione-da-250\/\"]}]},{\"@type\":\"ImageObject\",\"inLanguage\":\"it-IT\",\"@id\":\"https:\/\/www.csj-emballages.com\/it\/produit\/supporto-in-cartone-per-porzione-singola-170-x-120-x-10-confezione-da-250\/#primaryimage\",\"url\":\"https:\/\/www.csj-emballages.com\/wp-content\/uploads\/2024\/03\/PART-QUICHE.webp\",\"contentUrl\":\"https:\/\/www.csj-emballages.com\/wp-content\/uploads\/2024\/03\/PART-QUICHE.webp\",\"width\":798,\"height\":798,\"caption\":\"Support carton\"},{\"@type\":\"BreadcrumbList\",\"@id\":\"https:\/\/www.csj-emballages.com\/it\/produit\/supporto-in-cartone-per-porzione-singola-170-x-120-x-10-confezione-da-250\/#breadcrumb\",\"itemListElement\":[{\"@type\":\"ListItem\",\"position\":1,\"name\":\"Home\",\"item\":\"https:\/\/www.csj-emballages.com\/it\/universo-imballaggi-alimentari\/\"},{\"@type\":\"ListItem\",\"position\":2,\"name\":\"Negozio\",\"item\":\"https:\/\/www.csj-emballages.com\/it\/negozio\/\"},{\"@type\":\"ListItem\",\"position\":3,\"name\":\"Supporto in cartone per porzione singola 170 x 120 x 10 confezione da 250\"}]},{\"@type\":\"WebSite\",\"@id\":\"https:\/\/www.csj-emballages.com\/it\/#website\",\"url\":\"https:\/\/www.csj-emballages.com\/it\/\",\"name\":\"CSJ Emballages\",\"description\":\"\",\"publisher\":{\"@id\":\"https:\/\/www.csj-emballages.com\/it\/#organization\"},\"potentialAction\":[{\"@type\":\"SearchAction\",\"target\":{\"@type\":\"EntryPoint\",\"urlTemplate\":\"https:\/\/www.csj-emballages.com\/it\/?s={search_term_string}\"},\"query-input\":{\"@type\":\"PropertyValueSpecification\",\"valueRequired\":true,\"valueName\":\"search_term_string\"}}],\"inLanguage\":\"it-IT\"},{\"@type\":\"Organization\",\"@id\":\"https:\/\/www.csj-emballages.com\/it\/#Organization\/\",\"name\":\"CSJ Emballages\",\"url\":\"https:\/\/www.csj-emballages.com\/it\/\",\"logo\":{\"@type\":\"ImageObject\",\"inLanguage\":\"it-IT\",\"@id\":\"https:\/\/www.csj-emballages.com\/it\/#\/schema\/logo\/image\/\",\"url\":\"https:\/\/www.csj-emballages.com\/wp-content\/uploads\/2023\/10\/logo_csj.webp\",\"contentUrl\":\"https:\/\/www.csj-emballages.com\/wp-content\/uploads\/2023\/10\/logo_csj.webp\",\"width\":250,\"height\":95,\"caption\":\"CSJ Emballages\"},\"image\":{\"@id\":\"https:\/\/www.csj-emballages.com\/it\/#\/schema\/logo\/image\/\"},\"sameAs\":[\"https:\/\/www.facebook.com\/csjemballages\"],\"address\":{\"@type\":\"PostalAddress\",\"streetAddress\":\"ZI La Lechere\",\"addressLocality\":\"Patornay\",\"postalCode\":\"39130\",\"addressCountry\":\"FR\"},\"contactPoint\":[{\"@type\":\"ContactPoint\",\"contactType\":\"Service client\",\"telephone\":\"0384254272\",\"email\":\"contact@csj-emballages.com\"}]}]}<\/script>\n<!-- \/ Yoast SEO Premium plugin. -->","yoast_head_json":{"title":"Supporto in Cartone per Porzione Singola 170 x 120 x 10 Confezione da 250","description":"Supporto in cartone per porzione singola 170x120x10 mm venduto in confezioni da 250. Pratico, stabile e ideale per servire pizza, quiche e torte da asporto.","robots":{"index":"index","follow":"follow","max-snippet":"max-snippet:-1","max-image-preview":"max-image-preview:large","max-video-preview":"max-video-preview:-1"},"canonical":"https:\/\/www.csj-emballages.com\/it\/produit\/supporto-in-cartone-per-porzione-singola-170-x-120-x-10-confezione-da-250\/","og_locale":"it_IT","og_type":"article","og_title":"Supporto in cartone per porzione singola 170 x 120 x 10 confezione da 250","og_description":"Supporto in cartone per porzione singola 170x120x10 mm venduto in confezioni da 250. Pratico, stabile e ideale per servire pizza, quiche e torte da asporto.","og_url":"https:\/\/www.csj-emballages.com\/it\/produit\/supporto-in-cartone-per-porzione-singola-170-x-120-x-10-confezione-da-250\/","og_site_name":"CSJ Emballages","article_publisher":"https:\/\/www.facebook.com\/csjemballages","article_modified_time":"2026-04-15T00:11:27+00:00","og_image":[{"width":798,"height":798,"url":"https:\/\/www.csj-emballages.com\/wp-content\/uploads\/2024\/03\/PART-QUICHE.webp","type":"image\/webp"}],"twitter_card":"summary_large_image","twitter_misc":{"Dur\u00e9e de lecture estim\u00e9e":"1 minuto"},"schema":{"@context":"https:\/\/schema.org","@graph":[{"@type":"WebPage","@id":"https:\/\/www.csj-emballages.com\/it\/produit\/supporto-in-cartone-per-porzione-singola-170-x-120-x-10-confezione-da-250\/","url":"https:\/\/www.csj-emballages.com\/it\/produit\/supporto-in-cartone-per-porzione-singola-170-x-120-x-10-confezione-da-250\/","name":"Supporto in Cartone per Porzione Singola 170 x 120 x 10 Confezione da 250","isPartOf":{"@id":"https:\/\/www.csj-emballages.com\/it\/#website"},"primaryImageOfPage":{"@id":"https:\/\/www.csj-emballages.com\/it\/produit\/supporto-in-cartone-per-porzione-singola-170-x-120-x-10-confezione-da-250\/#primaryimage"},"image":{"@id":"https:\/\/www.csj-emballages.com\/it\/produit\/supporto-in-cartone-per-porzione-singola-170-x-120-x-10-confezione-da-250\/#primaryimage"},"thumbnailUrl":"https:\/\/www.csj-emballages.com\/wp-content\/uploads\/2024\/03\/PART-QUICHE.webp","datePublished":"2024-03-01T15:56:04+00:00","dateModified":"2026-04-15T00:11:27+00:00","description":"Supporto in cartone per porzione singola 170x120x10 mm venduto in confezioni da 250. Pratico, stabile e ideale per servire pizza, quiche e torte da asporto.","breadcrumb":{"@id":"https:\/\/www.csj-emballages.com\/it\/produit\/supporto-in-cartone-per-porzione-singola-170-x-120-x-10-confezione-da-250\/#breadcrumb"},"inLanguage":"it-IT","potentialAction":[{"@type":"ReadAction","target":["https:\/\/www.csj-emballages.com\/it\/produit\/supporto-in-cartone-per-porzione-singola-170-x-120-x-10-confezione-da-250\/"]}]},{"@type":"ImageObject","inLanguage":"it-IT","@id":"https:\/\/www.csj-emballages.com\/it\/produit\/supporto-in-cartone-per-porzione-singola-170-x-120-x-10-confezione-da-250\/#primaryimage","url":"https:\/\/www.csj-emballages.com\/wp-content\/uploads\/2024\/03\/PART-QUICHE.webp","contentUrl":"https:\/\/www.csj-emballages.com\/wp-content\/uploads\/2024\/03\/PART-QUICHE.webp","width":798,"height":798,"caption":"Support carton"},{"@type":"BreadcrumbList","@id":"https:\/\/www.csj-emballages.com\/it\/produit\/supporto-in-cartone-per-porzione-singola-170-x-120-x-10-confezione-da-250\/#breadcrumb","itemListElement":[{"@type":"ListItem","position":1,"name":"Home","item":"https:\/\/www.csj-emballages.com\/it\/universo-imballaggi-alimentari\/"},{"@type":"ListItem","position":2,"name":"Negozio","item":"https:\/\/www.csj-emballages.com\/it\/negozio\/"},{"@type":"ListItem","position":3,"name":"Supporto in cartone per porzione singola 170 x 120 x 10 confezione da 250"}]},{"@type":"WebSite","@id":"https:\/\/www.csj-emballages.com\/it\/#website","url":"https:\/\/www.csj-emballages.com\/it\/","name":"CSJ Emballages","description":"","publisher":{"@id":"https:\/\/www.csj-emballages.com\/it\/#organization"},"potentialAction":[{"@type":"SearchAction","target":{"@type":"EntryPoint","urlTemplate":"https:\/\/www.csj-emballages.com\/it\/?s={search_term_string}"},"query-input":{"@type":"PropertyValueSpecification","valueRequired":true,"valueName":"search_term_string"}}],"inLanguage":"it-IT"},{"@type":"Organization","@id":"https:\/\/www.csj-emballages.com\/it\/#Organization\/","name":"CSJ Emballages","url":"https:\/\/www.csj-emballages.com\/it\/","logo":{"@type":"ImageObject","inLanguage":"it-IT","@id":"https:\/\/www.csj-emballages.com\/it\/#\/schema\/logo\/image\/","url":"https:\/\/www.csj-emballages.com\/wp-content\/uploads\/2023\/10\/logo_csj.webp","contentUrl":"https:\/\/www.csj-emballages.com\/wp-content\/uploads\/2023\/10\/logo_csj.webp","width":250,"height":95,"caption":"CSJ Emballages"},"image":{"@id":"https:\/\/www.csj-emballages.com\/it\/#\/schema\/logo\/image\/"},"sameAs":["https:\/\/www.facebook.com\/csjemballages"],"address":{"@type":"PostalAddress","streetAddress":"ZI La Lechere","addressLocality":"Patornay","postalCode":"39130","addressCountry":"FR"},"contactPoint":[{"@type":"ContactPoint","contactType":"Service client","telephone":"0384254272","email":"contact@csj-emballages.com"}]}]}},"df_price":12.17,"df_sale_price":"","df_regular_price":12.17,"df_image_link":"https:\/\/www.csj-emballages.com\/wp-content\/uploads\/2024\/03\/PART-QUICHE-300x300.webp","tiered_pricing_type":"fixed","tiered_pricing_fixed_rules":[],"tiered_pricing_percentage_rules":[],"tiered_pricing_minimum":1,"tiered_pricing_roles_data":[],"_links":{"self":[{"href":"https:\/\/www.csj-emballages.com\/it\/wp-json\/wp\/v2\/product\/267571","targetHints":{"allow":["GET"]}}],"collection":[{"href":"https:\/\/www.csj-emballages.com\/it\/wp-json\/wp\/v2\/product"}],"about":[{"href":"https:\/\/www.csj-emballages.com\/it\/wp-json\/wp\/v2\/types\/product"}],"wp:featuredmedia":[{"embeddable":true,"href":"https:\/\/www.csj-emballages.com\/it\/wp-json\/wp\/v2\/media\/267579"}],"wp:attachment":[{"href":"https:\/\/www.csj-emballages.com\/it\/wp-json\/wp\/v2\/media?parent=267571"}],"wp:term":[{"taxonomy":"product_brand","embeddable":true,"href":"https:\/\/www.csj-emballages.com\/it\/wp-json\/wp\/v2\/product_brand?post=267571"},{"taxonomy":"product_cat","embeddable":true,"href":"https:\/\/www.csj-emballages.com\/it\/wp-json\/wp\/v2\/product_cat?post=267571"},{"taxonomy":"product_tag","embeddable":true,"href":"https:\/\/www.csj-emballages.com\/it\/wp-json\/wp\/v2\/product_tag?post=267571"}],"curies":[{"name":"wp","href":"https:\/\/api.w.org\/{rel}","templated":true}]}}