{"id":267553,"date":"2024-03-01T16:56:02","date_gmt":"2024-03-01T15:56:02","guid":{"rendered":"https:\/\/www.csj-emballages.com\/produit\/scatola-insalata-cartone-con-finestra-190-x-190-x-50-mm-confezione-da-40\/"},"modified":"2026-04-03T02:13:43","modified_gmt":"2026-04-03T00:13:43","slug":"scatola-insalata-cartone-con-finestra-190-x-190-x-50-mm-confezione-da-40","status":"publish","type":"product","link":"https:\/\/www.csj-emballages.com\/it\/produit\/scatola-insalata-cartone-con-finestra-190-x-190-x-50-mm-confezione-da-40\/","title":{"rendered":"Scatola insalata cartone con finestra 190 x 190 x 50 mm confezione da 40"},"content":{"rendered":"<h2>Scatola di cartone<\/h2>\n<div style=\"text-align: left;\">\n<hr>\n<h3 style=\"text-align: left;\">Scopri la nostra scatola insalata cartone con finestra 190 x 190 x 50 mm confezione da 40<\/h3>\n<p><!--more--><\/p>\n<div style=\"text-align: left;\">\n<p data-start=\"267\" data-end=\"734\">Vuoi presentare le tue insalate con stile garantendo al contempo una buona protezione? Questa <strong data-start=\"368\" data-end=\"425\">scatola insalata in cartone con finestra 190 x 190 x 50 mm<\/strong>, venduta in confezione da <strong>40<\/strong>, \u00e8 pensata per valorizzare le tue preparazioni facilitando la tua organizzazione quotidiana. Appena la apri, noti il suo formato perfettamente equilibrato: abbastanza ampio per contenere una bella porzione di insalata, ma anche compatto per essere trasportato facilmente.  <\/p>\n<p data-start=\"736\" data-end=\"1099\">La sua grande particolarit\u00e0 \u00e8 proprio la <strong data-start=\"779\" data-end=\"803\">finestra trasparente<\/strong>. Grazie ad essa, i tuoi clienti vedono immediatamente la freschezza e la qualit\u00e0 dei tuoi ingredienti. Questo invoglia subito all&#8217;acquisto, soprattutto per i piatti pronti da asporto dove l&#8217;aspetto visivo gioca un ruolo chiave. \u00c8 un vero punto di forza per i tuoi scaffali, le tue vetrine o il tuo servizio di consegna.   <\/p>\n<p data-start=\"1101\" data-end=\"1435\">Inoltre, questa <strong data-start=\"368\" data-end=\"425\">scatola insalata<\/strong> \u00e8 realizzata in <strong data-start=\"1139\" data-end=\"1159\">cartone<\/strong>, il che le permette di conservare la struttura delle tue insalate senza schiacciarsi n\u00e9 ammorbidirsi. Resiste anche molto bene alle salse leggere o ai prodotti leggermente umidi grazie al suo interno trattato. Cos\u00ec, le tue preparazioni restano appetitose fino alla degustazione.  <\/p>\n<p data-start=\"1437\" data-end=\"1834\">Ma non \u00e8 tutto. Grazie alla sua chiusura semplice e rapida, risparmi tempo durante il confezionamento, soprattutto nei momenti di punta. Il suo design <strong>naturale<\/strong> e <strong>pulito<\/strong> apporta un tocco moderno e responsabile, mostrando che scegli un imballaggio in cartone anzich\u00e9 plastica tradizionale. I tuoi clienti apprezzano questo gesto, cos\u00ec come la qualit\u00e0 complessiva della tua presentazione.   <\/p>\n<p data-start=\"1836\" data-end=\"2037\">In breve, questa <strong data-start=\"368\" data-end=\"425\">scatola insalata<\/strong> \u00e8 <strong data-start=\"1872\" data-end=\"1885\">pratica<\/strong>, <strong data-start=\"1887\" data-end=\"1901\">estetica<\/strong> e <strong data-start=\"1905\" data-end=\"1916\">di qualit\u00e0<\/strong>, il che la rende una soluzione professionale ideale per ristoranti, mense, catering, snack bar o insalaterie.<\/p>\n<\/div>\n<div style=\"text-align: left;\">\n<p data-start=\"1836\" data-end=\"2037\"><!--more--><\/p>\n<\/div>\n<h4>Vantaggi:<\/h4>\n<ul>\n<li data-start=\"2065\" data-end=\"2110\"><strong>Finestra trasparente<\/strong> che valorizza l&#8217;insalata<\/li>\n<li data-start=\"2113\" data-end=\"2172\">Cartone resistente, ideale per ingredienti freschi e umidi<\/li>\n<li data-start=\"2175\" data-end=\"2221\">Chiusura rapida e pratica per il servizio<\/li>\n<li data-start=\"2224\" data-end=\"2265\">Formato perfetto per porzioni generose<\/li>\n<li data-start=\"2268\" data-end=\"2313\">Aspetto naturale, moderno e pi\u00f9 responsabile<\/li>\n<li data-start=\"2316\" data-end=\"2369\">Ideale per vetrine, consegna e asporto<\/li>\n<li data-start=\"2372\" data-end=\"2401\">Confezione economica da <strong>40 unit\u00e0<\/strong>.<\/li>\n<\/ul>\n<p>&nbsp;<\/p>\n<p><!--more--><\/p>\n<h4>Altre informazioni:<\/h4>\n<ul>\n<li><strong>Confezionamento<\/strong>: Pacchetto da 40<\/li>\n<li><strong>Dimensioni<\/strong>: 190 x 190 x 50 mm<\/li>\n<li><strong>Materiale<\/strong>: Cartone \/ PS<\/li>\n<li><strong>Colore<\/strong>: Marrone<\/li>\n<\/ul>\n<p>&nbsp;<\/p>\n<\/div>\n<p><!--more--><\/p>\n<div style=\"text-align: left;\">\n<p>Questa scatola insalata \u00e8 disponibile in diverse misure: <span style=\"color: #d12727;\"><a style=\"color: #d12727;\" href=\"https:\/\/www.csj-emballages.com\/it\/produit\/scatola-per-insalata-in-cartone-finestrato-100-x-100-x-40-mm-da-25\/\">100 x 100 x 40 mm<\/a> <\/span>\/ <span style=\"color: #d12727;\"><a style=\"color: #d12727;\" href=\"https:\/\/www.csj-emballages.com\/produit\/50-boite-carton-salade-fenetre-140-x-140-x-50-mm-boite-carton-avec-couvercle\/\">125 x 125 x 50 mm<\/a><\/span> \/ <span style=\"color: #d12727;\"><a style=\"color: #d12727;\" href=\"https:\/\/www.csj-emballages.com\/it\/produit\/scatola-insalata-in-cartone-con-finestra-160-x-160-x-50-mm-da-60\/\">160 x 160 x 50 mm<\/a><\/span> \/ <span style=\"color: #d12727;\"><a style=\"color: #d12727;\" href=\"https:\/\/www.csj-emballages.com\/it\/produit\/scatola-insalata-cartone-con-finestra-190-x-190-x-50-mm-confezione-da-40\/\">190 x 190 x 50 mm<\/a><\/span><\/p>\n<\/div>\n<p>&nbsp;<\/p>\n<p><!--more--><\/p>\n<div style=\"text-align: left;\">\n<div style=\"text-align: left;\">\n<div style=\"text-align: left;\">\n<div style=\"text-align: left;\">\n<p><a href=\"https:\/\/www.csj-emballages.com\/it\/categorie-produit\/imballaggi-alimentari\/ristorazione\/scatole-vaschette-buste-coni\/vaschette-scatole-in-cartone\/scatole-cartone-pasto\/\"><span style=\"text-decoration: underline;\">Consulta il resto della nostra gamma di scatole cartone per pasti<\/span><\/a><\/p>\n<\/div>\n<\/div>\n<\/div>\n<\/div>\n","protected":false},"excerpt":{"rendered":"<p>Scatola di cartone Scopri la nostra scatola insalata cartone con finestra 190 x 190 x 50 mm confezione da 40<\/p>\n","protected":false},"featured_media":267554,"template":"","meta":{"_acf_changed":false},"product_brand":[],"product_cat":[10346,10375,10511,10506,10507,10508],"product_tag":[],"class_list":{"0":"post-267553","1":"product","2":"type-product","3":"status-publish","4":"has-post-thumbnail","6":"product_cat-imballaggi-alimentari","7":"product_cat-ristorazione","8":"product_cat-scatole-vaschette-buste-coni","9":"product_cat-vaschette-scatole-in-cartone","10":"product_cat-scatole-cartone-pasto","11":"product_cat-scatole-con-finestra","13":"first","14":"instock","15":"taxable","16":"shipping-taxable","17":"purchasable","18":"product-type-simple"},"acf":[],"yoast_head":"<!-- This site is optimized with the Yoast SEO Premium plugin v26.6 (Yoast SEO v26.6) - https:\/\/yoast.com\/wordpress\/plugins\/seo\/ -->\n<title>Scatola Insalata Cartone con Finestra 19 cm<\/title>\n<meta name=\"description\" content=\"Scopri la nostra Scatola in Cartone, ideale per una presentazione ecologica dei tuoi prodotti. Visibilit\u00e0 ottimale e rispetto dell&#039;ambiente garantiti.\" \/>\n<meta name=\"robots\" content=\"index, follow, max-snippet:-1, max-image-preview:large, max-video-preview:-1\" \/>\n<link rel=\"canonical\" href=\"https:\/\/www.csj-emballages.com\/it\/produit\/scatola-insalata-cartone-con-finestra-190-x-190-x-50-mm-confezione-da-40\/\" \/>\n<meta property=\"og:locale\" content=\"it_IT\" \/>\n<meta property=\"og:type\" content=\"article\" \/>\n<meta property=\"og:title\" content=\"Scatola insalata cartone con finestra 190 x 190 x 50 mm confezione da 40\" \/>\n<meta property=\"og:description\" content=\"Scopri la nostra Scatola in Cartone, ideale per una presentazione ecologica dei tuoi prodotti. Visibilit\u00e0 ottimale e rispetto dell&#039;ambiente garantiti.\" \/>\n<meta property=\"og:url\" content=\"https:\/\/www.csj-emballages.com\/it\/produit\/scatola-insalata-cartone-con-finestra-190-x-190-x-50-mm-confezione-da-40\/\" \/>\n<meta property=\"og:site_name\" content=\"CSJ Emballages\" \/>\n<meta property=\"article:publisher\" content=\"https:\/\/www.facebook.com\/csjemballages\" \/>\n<meta property=\"article:modified_time\" content=\"2026-04-03T00:13:43+00:00\" \/>\n<meta property=\"og:image\" content=\"https:\/\/www.csj-emballages.com\/wp-content\/uploads\/2024\/03\/boite-salade-fenetre-19cm-double-kraft-carton-carton-resistant-pas-cher-disc-jpg.webp\" \/>\n\t<meta property=\"og:image:width\" content=\"600\" \/>\n\t<meta property=\"og:image:height\" content=\"600\" \/>\n\t<meta property=\"og:image:type\" content=\"image\/jpeg\" \/>\n<meta name=\"twitter:card\" content=\"summary_large_image\" \/>\n<meta name=\"twitter:label1\" content=\"Dur\u00e9e de lecture estim\u00e9e\" \/>\n\t<meta name=\"twitter:data1\" content=\"2 minuti\" \/>\n<script type=\"application\/ld+json\" class=\"yoast-schema-graph\">{\"@context\":\"https:\/\/schema.org\",\"@graph\":[{\"@type\":\"WebPage\",\"@id\":\"https:\/\/www.csj-emballages.com\/it\/produit\/scatola-insalata-cartone-con-finestra-190-x-190-x-50-mm-confezione-da-40\/\",\"url\":\"https:\/\/www.csj-emballages.com\/it\/produit\/scatola-insalata-cartone-con-finestra-190-x-190-x-50-mm-confezione-da-40\/\",\"name\":\"Scatola Insalata Cartone con Finestra 19 cm\",\"isPartOf\":{\"@id\":\"https:\/\/www.csj-emballages.com\/it\/#website\"},\"primaryImageOfPage\":{\"@id\":\"https:\/\/www.csj-emballages.com\/it\/produit\/scatola-insalata-cartone-con-finestra-190-x-190-x-50-mm-confezione-da-40\/#primaryimage\"},\"image\":{\"@id\":\"https:\/\/www.csj-emballages.com\/it\/produit\/scatola-insalata-cartone-con-finestra-190-x-190-x-50-mm-confezione-da-40\/#primaryimage\"},\"thumbnailUrl\":\"https:\/\/www.csj-emballages.com\/wp-content\/uploads\/2024\/03\/boite-salade-fenetre-19cm-double-kraft-carton-carton-resistant-pas-cher-disc-jpg.webp\",\"datePublished\":\"2024-03-01T15:56:02+00:00\",\"dateModified\":\"2026-04-03T00:13:43+00:00\",\"description\":\"Scopri la nostra Scatola in Cartone, ideale per una presentazione ecologica dei tuoi prodotti. Visibilit\u00e0 ottimale e rispetto dell'ambiente garantiti.\",\"breadcrumb\":{\"@id\":\"https:\/\/www.csj-emballages.com\/it\/produit\/scatola-insalata-cartone-con-finestra-190-x-190-x-50-mm-confezione-da-40\/#breadcrumb\"},\"inLanguage\":\"it-IT\",\"potentialAction\":[{\"@type\":\"ReadAction\",\"target\":[\"https:\/\/www.csj-emballages.com\/it\/produit\/scatola-insalata-cartone-con-finestra-190-x-190-x-50-mm-confezione-da-40\/\"]}]},{\"@type\":\"ImageObject\",\"inLanguage\":\"it-IT\",\"@id\":\"https:\/\/www.csj-emballages.com\/it\/produit\/scatola-insalata-cartone-con-finestra-190-x-190-x-50-mm-confezione-da-40\/#primaryimage\",\"url\":\"https:\/\/www.csj-emballages.com\/wp-content\/uploads\/2024\/03\/boite-salade-fenetre-19cm-double-kraft-carton-carton-resistant-pas-cher-disc-jpg.webp\",\"contentUrl\":\"https:\/\/www.csj-emballages.com\/wp-content\/uploads\/2024\/03\/boite-salade-fenetre-19cm-double-kraft-carton-carton-resistant-pas-cher-disc-jpg.webp\",\"width\":600,\"height\":600,\"caption\":\"Boite carton\"},{\"@type\":\"BreadcrumbList\",\"@id\":\"https:\/\/www.csj-emballages.com\/it\/produit\/scatola-insalata-cartone-con-finestra-190-x-190-x-50-mm-confezione-da-40\/#breadcrumb\",\"itemListElement\":[{\"@type\":\"ListItem\",\"position\":1,\"name\":\"Home\",\"item\":\"https:\/\/www.csj-emballages.com\/it\/universo-imballaggi-alimentari\/\"},{\"@type\":\"ListItem\",\"position\":2,\"name\":\"Negozio\",\"item\":\"https:\/\/www.csj-emballages.com\/it\/negozio\/\"},{\"@type\":\"ListItem\",\"position\":3,\"name\":\"Scatola insalata cartone con finestra 190 x 190 x 50 mm confezione da 40\"}]},{\"@type\":\"WebSite\",\"@id\":\"https:\/\/www.csj-emballages.com\/it\/#website\",\"url\":\"https:\/\/www.csj-emballages.com\/it\/\",\"name\":\"CSJ Emballages\",\"description\":\"\",\"publisher\":{\"@id\":\"https:\/\/www.csj-emballages.com\/it\/#organization\"},\"potentialAction\":[{\"@type\":\"SearchAction\",\"target\":{\"@type\":\"EntryPoint\",\"urlTemplate\":\"https:\/\/www.csj-emballages.com\/it\/?s={search_term_string}\"},\"query-input\":{\"@type\":\"PropertyValueSpecification\",\"valueRequired\":true,\"valueName\":\"search_term_string\"}}],\"inLanguage\":\"it-IT\"},{\"@type\":\"Organization\",\"@id\":\"https:\/\/www.csj-emballages.com\/it\/#Organization\/\",\"name\":\"CSJ Emballages\",\"url\":\"https:\/\/www.csj-emballages.com\/it\/\",\"logo\":{\"@type\":\"ImageObject\",\"inLanguage\":\"it-IT\",\"@id\":\"https:\/\/www.csj-emballages.com\/it\/#\/schema\/logo\/image\/\",\"url\":\"https:\/\/www.csj-emballages.com\/wp-content\/uploads\/2023\/10\/logo_csj.webp\",\"contentUrl\":\"https:\/\/www.csj-emballages.com\/wp-content\/uploads\/2023\/10\/logo_csj.webp\",\"width\":250,\"height\":95,\"caption\":\"CSJ Emballages\"},\"image\":{\"@id\":\"https:\/\/www.csj-emballages.com\/it\/#\/schema\/logo\/image\/\"},\"sameAs\":[\"https:\/\/www.facebook.com\/csjemballages\"],\"address\":{\"@type\":\"PostalAddress\",\"streetAddress\":\"ZI La Lechere\",\"addressLocality\":\"Patornay\",\"postalCode\":\"39130\",\"addressCountry\":\"FR\"},\"contactPoint\":[{\"@type\":\"ContactPoint\",\"contactType\":\"Service client\",\"telephone\":\"0384254272\",\"email\":\"contact@csj-emballages.com\"}]}]}<\/script>\n<!-- \/ Yoast SEO Premium plugin. -->","yoast_head_json":{"title":"Scatola Insalata Cartone con Finestra 19 cm","description":"Scopri la nostra Scatola in Cartone, ideale per una presentazione ecologica dei tuoi prodotti. Visibilit\u00e0 ottimale e rispetto dell'ambiente garantiti.","robots":{"index":"index","follow":"follow","max-snippet":"max-snippet:-1","max-image-preview":"max-image-preview:large","max-video-preview":"max-video-preview:-1"},"canonical":"https:\/\/www.csj-emballages.com\/it\/produit\/scatola-insalata-cartone-con-finestra-190-x-190-x-50-mm-confezione-da-40\/","og_locale":"it_IT","og_type":"article","og_title":"Scatola insalata cartone con finestra 190 x 190 x 50 mm confezione da 40","og_description":"Scopri la nostra Scatola in Cartone, ideale per una presentazione ecologica dei tuoi prodotti. Visibilit\u00e0 ottimale e rispetto dell'ambiente garantiti.","og_url":"https:\/\/www.csj-emballages.com\/it\/produit\/scatola-insalata-cartone-con-finestra-190-x-190-x-50-mm-confezione-da-40\/","og_site_name":"CSJ Emballages","article_publisher":"https:\/\/www.facebook.com\/csjemballages","article_modified_time":"2026-04-03T00:13:43+00:00","og_image":[{"width":600,"height":600,"url":"https:\/\/www.csj-emballages.com\/wp-content\/uploads\/2024\/03\/boite-salade-fenetre-19cm-double-kraft-carton-carton-resistant-pas-cher-disc-jpg.webp","type":"image\/jpeg"}],"twitter_card":"summary_large_image","twitter_misc":{"Dur\u00e9e de lecture estim\u00e9e":"2 minuti"},"schema":{"@context":"https:\/\/schema.org","@graph":[{"@type":"WebPage","@id":"https:\/\/www.csj-emballages.com\/it\/produit\/scatola-insalata-cartone-con-finestra-190-x-190-x-50-mm-confezione-da-40\/","url":"https:\/\/www.csj-emballages.com\/it\/produit\/scatola-insalata-cartone-con-finestra-190-x-190-x-50-mm-confezione-da-40\/","name":"Scatola Insalata Cartone con Finestra 19 cm","isPartOf":{"@id":"https:\/\/www.csj-emballages.com\/it\/#website"},"primaryImageOfPage":{"@id":"https:\/\/www.csj-emballages.com\/it\/produit\/scatola-insalata-cartone-con-finestra-190-x-190-x-50-mm-confezione-da-40\/#primaryimage"},"image":{"@id":"https:\/\/www.csj-emballages.com\/it\/produit\/scatola-insalata-cartone-con-finestra-190-x-190-x-50-mm-confezione-da-40\/#primaryimage"},"thumbnailUrl":"https:\/\/www.csj-emballages.com\/wp-content\/uploads\/2024\/03\/boite-salade-fenetre-19cm-double-kraft-carton-carton-resistant-pas-cher-disc-jpg.webp","datePublished":"2024-03-01T15:56:02+00:00","dateModified":"2026-04-03T00:13:43+00:00","description":"Scopri la nostra Scatola in Cartone, ideale per una presentazione ecologica dei tuoi prodotti. Visibilit\u00e0 ottimale e rispetto dell'ambiente garantiti.","breadcrumb":{"@id":"https:\/\/www.csj-emballages.com\/it\/produit\/scatola-insalata-cartone-con-finestra-190-x-190-x-50-mm-confezione-da-40\/#breadcrumb"},"inLanguage":"it-IT","potentialAction":[{"@type":"ReadAction","target":["https:\/\/www.csj-emballages.com\/it\/produit\/scatola-insalata-cartone-con-finestra-190-x-190-x-50-mm-confezione-da-40\/"]}]},{"@type":"ImageObject","inLanguage":"it-IT","@id":"https:\/\/www.csj-emballages.com\/it\/produit\/scatola-insalata-cartone-con-finestra-190-x-190-x-50-mm-confezione-da-40\/#primaryimage","url":"https:\/\/www.csj-emballages.com\/wp-content\/uploads\/2024\/03\/boite-salade-fenetre-19cm-double-kraft-carton-carton-resistant-pas-cher-disc-jpg.webp","contentUrl":"https:\/\/www.csj-emballages.com\/wp-content\/uploads\/2024\/03\/boite-salade-fenetre-19cm-double-kraft-carton-carton-resistant-pas-cher-disc-jpg.webp","width":600,"height":600,"caption":"Boite carton"},{"@type":"BreadcrumbList","@id":"https:\/\/www.csj-emballages.com\/it\/produit\/scatola-insalata-cartone-con-finestra-190-x-190-x-50-mm-confezione-da-40\/#breadcrumb","itemListElement":[{"@type":"ListItem","position":1,"name":"Home","item":"https:\/\/www.csj-emballages.com\/it\/universo-imballaggi-alimentari\/"},{"@type":"ListItem","position":2,"name":"Negozio","item":"https:\/\/www.csj-emballages.com\/it\/negozio\/"},{"@type":"ListItem","position":3,"name":"Scatola insalata cartone con finestra 190 x 190 x 50 mm confezione da 40"}]},{"@type":"WebSite","@id":"https:\/\/www.csj-emballages.com\/it\/#website","url":"https:\/\/www.csj-emballages.com\/it\/","name":"CSJ Emballages","description":"","publisher":{"@id":"https:\/\/www.csj-emballages.com\/it\/#organization"},"potentialAction":[{"@type":"SearchAction","target":{"@type":"EntryPoint","urlTemplate":"https:\/\/www.csj-emballages.com\/it\/?s={search_term_string}"},"query-input":{"@type":"PropertyValueSpecification","valueRequired":true,"valueName":"search_term_string"}}],"inLanguage":"it-IT"},{"@type":"Organization","@id":"https:\/\/www.csj-emballages.com\/it\/#Organization\/","name":"CSJ Emballages","url":"https:\/\/www.csj-emballages.com\/it\/","logo":{"@type":"ImageObject","inLanguage":"it-IT","@id":"https:\/\/www.csj-emballages.com\/it\/#\/schema\/logo\/image\/","url":"https:\/\/www.csj-emballages.com\/wp-content\/uploads\/2023\/10\/logo_csj.webp","contentUrl":"https:\/\/www.csj-emballages.com\/wp-content\/uploads\/2023\/10\/logo_csj.webp","width":250,"height":95,"caption":"CSJ Emballages"},"image":{"@id":"https:\/\/www.csj-emballages.com\/it\/#\/schema\/logo\/image\/"},"sameAs":["https:\/\/www.facebook.com\/csjemballages"],"address":{"@type":"PostalAddress","streetAddress":"ZI La Lechere","addressLocality":"Patornay","postalCode":"39130","addressCountry":"FR"},"contactPoint":[{"@type":"ContactPoint","contactType":"Service client","telephone":"0384254272","email":"contact@csj-emballages.com"}]}]}},"df_price":17.52,"df_sale_price":"","df_regular_price":17.52,"df_image_link":"https:\/\/www.csj-emballages.com\/wp-content\/uploads\/2024\/03\/boite-salade-fenetre-19cm-double-kraft-carton-carton-resistant-pas-cher-disc-300x300.webp","tiered_pricing_type":"fixed","tiered_pricing_fixed_rules":[],"tiered_pricing_percentage_rules":[],"tiered_pricing_minimum":1,"tiered_pricing_roles_data":[],"_links":{"self":[{"href":"https:\/\/www.csj-emballages.com\/it\/wp-json\/wp\/v2\/product\/267553","targetHints":{"allow":["GET"]}}],"collection":[{"href":"https:\/\/www.csj-emballages.com\/it\/wp-json\/wp\/v2\/product"}],"about":[{"href":"https:\/\/www.csj-emballages.com\/it\/wp-json\/wp\/v2\/types\/product"}],"wp:featuredmedia":[{"embeddable":true,"href":"https:\/\/www.csj-emballages.com\/it\/wp-json\/wp\/v2\/media\/267554"}],"wp:attachment":[{"href":"https:\/\/www.csj-emballages.com\/it\/wp-json\/wp\/v2\/media?parent=267553"}],"wp:term":[{"taxonomy":"product_brand","embeddable":true,"href":"https:\/\/www.csj-emballages.com\/it\/wp-json\/wp\/v2\/product_brand?post=267553"},{"taxonomy":"product_cat","embeddable":true,"href":"https:\/\/www.csj-emballages.com\/it\/wp-json\/wp\/v2\/product_cat?post=267553"},{"taxonomy":"product_tag","embeddable":true,"href":"https:\/\/www.csj-emballages.com\/it\/wp-json\/wp\/v2\/product_tag?post=267553"}],"curies":[{"name":"wp","href":"https:\/\/api.w.org\/{rel}","templated":true}]}}