{"id":267442,"date":"2024-03-01T17:00:21","date_gmt":"2024-03-01T16:00:21","guid":{"rendered":"https:\/\/www.csj-emballages.com\/produit\/acqua-demineralizzata-tanica-5l\/"},"modified":"2026-03-12T16:00:15","modified_gmt":"2026-03-12T15:00:15","slug":"acqua-demineralizzata-tanica-5l","status":"publish","type":"product","link":"https:\/\/www.csj-emballages.com\/it\/produit\/acqua-demineralizzata-tanica-5l\/","title":{"rendered":"Acqua demineralizzata tanica 5L"},"content":{"rendered":"<h2 class=\"ai-optimize-33\">Acqua demineralizzata<\/h2>\n<hr>\n<h3 class=\"ai-optimize-34\">Descrizione della nostra acqua demineralizzata tanica 5L<\/h3>\n<p><!--more--><\/p>\n<p class=\"ai-optimize-28 ai-optimize-introduction\" data-start=\"246\" data-end=\"569\">L&#8217;<strong>acqua demineralizzata<\/strong> \u00e8 una soluzione semplice, economica e molto efficace per prolungare la durata dei tuoi apparecchi sensibili al calcare. Questa <strong>tanica<\/strong> da <strong>5 litri<\/strong> ti assicura una riserva comoda per le tue esigenze domestiche o professionali, aiutandoti a mantenere i tuoi dispositivi quotidianamente. <\/p>\n<p class=\"ai-optimize-29\" data-start=\"571\" data-end=\"908\">Priva di minerali, quest&#8217;<strong>acqua<\/strong> \u00e8 ideale per l&#8217;utilizzo nei <strong data-start=\"645\" data-end=\"664\">ferri da stiro<\/strong>, <strong data-start=\"666\" data-end=\"686\">centrali vapore<\/strong>, <strong data-start=\"688\" data-end=\"709\">pulitori a vapore<\/strong> o anche negli <strong data-start=\"724\" data-end=\"755\">scollatori di carta da parati<\/strong>. Evita la formazione di depositi di calcare nei circuiti interni, prolungando cos\u00ec il loro buon funzionamento e riducendo i rischi di guasti. <\/p>\n<p class=\"ai-optimize-30\" data-start=\"910\" data-end=\"1159\">Ma non \u00e8 tutto: trova anche il suo posto nel <strong data-start=\"970\" data-end=\"992\">settore automobilistico<\/strong>, per <strong data-start=\"999\" data-end=\"1017\">radiatori<\/strong>, <strong data-start=\"1019\" data-end=\"1032\">batterie<\/strong> o anche <strong data-start=\"1043\" data-end=\"1058\">lavavetri<\/strong>. In inverno, pu\u00f2 essere miscelata con alcol a 90\u00b0 o 95\u00b0 per un&#8217;efficacia antigelo rinforzata. <\/p>\n<p class=\"ai-optimize-31\" data-start=\"1161\" data-end=\"1367\">In sintesi, che tu sia un privato attento alla manutenzione dei tuoi apparecchi o un professionista alla ricerca di un prodotto affidabile ed economico, questa <strong>tanica da 5L<\/strong> di acqua demineralizzata si impone come una scelta sicura.<\/p>\n<p><!--more--><\/p>\n<h4 class=\"ai-optimize-37\"><strong>I suoi vantaggi:<\/strong><\/h4>\n<ul>\n<li class=\"ai-optimize-38\">Protegge i tuoi apparecchi dal calcare e prolunga la loro durata.<\/li>\n<li class=\"ai-optimize-39\">Ideale per ferri da stiro, centrali vapore, pulitori, radiatori, batterie&#8230;<\/li>\n<li class=\"ai-optimize-40\"><strong>Versatile<\/strong>: uso domestico, automobilistico o professionale.<\/li>\n<li class=\"ai-optimize-50\">Economica: confezione da 5L pratica e duratura.<\/li>\n<\/ul>\n<p>&nbsp;<\/p>\n<p><!--more--><\/p>\n<h4 class=\"ai-optimize-43\">Altre informazioni:<\/h4>\n<ul>\n<li class=\"ai-optimize-44\"><strong>Confezione<\/strong>: Singola<\/li>\n<li class=\"ai-optimize-51\"><strong>Utilizzo<\/strong>: Acqua demineralizzata<\/li>\n<li class=\"ai-optimize-52\"><strong>Volume<\/strong>: 5 litri<\/li>\n<\/ul>\n<p>&nbsp;<\/p>\n<p><!--more--><\/p>\n<p class=\"ai-optimize-63\">Scopri anche le nostre pastiglie disinfettanti lavatrice Super ACTIV&#8217; 3,125 Kg: <span style=\"color: #d12727;\"><a style=\"color: #d12727;\" href=\"https:\/\/www.csj-emballages.com\/it\/produit\/detersivo-in-pastiglie-disinfettante-per-lavatrice-super-activ-3125-kg\/\"><span style=\"color: #d12727;\">01025<\/span><\/a><\/span><\/p>\n<p>&nbsp;<\/p>\n<p><!--more--><\/p>\n<p class=\"ai-optimize-45\"><a href=\"https:\/\/www.csj-emballages.com\/it\/categorie-produit\/igiene-e-manutenzione\/prodotti-per-la-pulizia\/bucato\/\">Consulta il resto della nostra gamma di prodotti per bucato<\/a><\/p>\n","protected":false},"excerpt":{"rendered":"<p>Acqua demineralizzata Descrizione della nostra acqua demineralizzata tanica 5L<\/p>\n","protected":false},"featured_media":267454,"template":"","meta":{"_acf_changed":false},"product_brand":[],"product_cat":[10356,10360,10472],"product_tag":[],"class_list":{"0":"post-267442","1":"product","2":"type-product","3":"status-publish","4":"has-post-thumbnail","6":"product_cat-igiene-e-manutenzione","7":"product_cat-prodotti-per-la-pulizia","8":"product_cat-bucato","9":"product_shipping_class-vietato-in-punto-di-ritiro","11":"first","12":"instock","13":"taxable","14":"shipping-taxable","15":"purchasable","16":"product-type-simple"},"acf":[],"yoast_head":"<!-- This site is optimized with the Yoast SEO Premium plugin v26.6 (Yoast SEO v26.6) - https:\/\/yoast.com\/wordpress\/plugins\/seo\/ -->\n<title>Acqua Demineralizzata Tanica 5L<\/title>\n<meta name=\"description\" content=\"Acqua demineralizzata 5L per proteggere ferri da stiro, radiatori, pulitori a vapore... Una soluzione anticalcare economica, multiuso e affidabile.\" \/>\n<meta name=\"robots\" content=\"index, follow, max-snippet:-1, max-image-preview:large, max-video-preview:-1\" \/>\n<link rel=\"canonical\" href=\"https:\/\/www.csj-emballages.com\/it\/produit\/acqua-demineralizzata-tanica-5l\/\" \/>\n<meta property=\"og:locale\" content=\"it_IT\" \/>\n<meta property=\"og:type\" content=\"article\" \/>\n<meta property=\"og:title\" content=\"Acqua demineralizzata tanica 5L\" \/>\n<meta property=\"og:description\" content=\"Acqua demineralizzata 5L per proteggere ferri da stiro, radiatori, pulitori a vapore... Una soluzione anticalcare economica, multiuso e affidabile.\" \/>\n<meta property=\"og:url\" content=\"https:\/\/www.csj-emballages.com\/it\/produit\/acqua-demineralizzata-tanica-5l\/\" \/>\n<meta property=\"og:site_name\" content=\"CSJ Emballages\" \/>\n<meta property=\"article:publisher\" content=\"https:\/\/www.facebook.com\/csjemballages\" \/>\n<meta property=\"article:modified_time\" content=\"2026-03-12T15:00:15+00:00\" \/>\n<meta property=\"og:image\" content=\"https:\/\/www.csj-emballages.com\/wp-content\/uploads\/2024\/03\/00106.webp\" \/>\n\t<meta property=\"og:image:width\" content=\"800\" \/>\n\t<meta property=\"og:image:height\" content=\"800\" \/>\n\t<meta property=\"og:image:type\" content=\"image\/webp\" \/>\n<meta name=\"twitter:card\" content=\"summary_large_image\" \/>\n<meta name=\"twitter:label1\" content=\"Dur\u00e9e de lecture estim\u00e9e\" \/>\n\t<meta name=\"twitter:data1\" content=\"1 minuto\" \/>\n<script type=\"application\/ld+json\" class=\"yoast-schema-graph\">{\"@context\":\"https:\/\/schema.org\",\"@graph\":[{\"@type\":\"WebPage\",\"@id\":\"https:\/\/www.csj-emballages.com\/it\/produit\/acqua-demineralizzata-tanica-5l\/\",\"url\":\"https:\/\/www.csj-emballages.com\/it\/produit\/acqua-demineralizzata-tanica-5l\/\",\"name\":\"Acqua Demineralizzata Tanica 5L\",\"isPartOf\":{\"@id\":\"https:\/\/www.csj-emballages.com\/it\/#website\"},\"primaryImageOfPage\":{\"@id\":\"https:\/\/www.csj-emballages.com\/it\/produit\/acqua-demineralizzata-tanica-5l\/#primaryimage\"},\"image\":{\"@id\":\"https:\/\/www.csj-emballages.com\/it\/produit\/acqua-demineralizzata-tanica-5l\/#primaryimage\"},\"thumbnailUrl\":\"https:\/\/www.csj-emballages.com\/wp-content\/uploads\/2024\/03\/00106.webp\",\"datePublished\":\"2024-03-01T16:00:21+00:00\",\"dateModified\":\"2026-03-12T15:00:15+00:00\",\"description\":\"Acqua demineralizzata 5L per proteggere ferri da stiro, radiatori, pulitori a vapore... Una soluzione anticalcare economica, multiuso e affidabile.\",\"breadcrumb\":{\"@id\":\"https:\/\/www.csj-emballages.com\/it\/produit\/acqua-demineralizzata-tanica-5l\/#breadcrumb\"},\"inLanguage\":\"it-IT\",\"potentialAction\":[{\"@type\":\"ReadAction\",\"target\":[\"https:\/\/www.csj-emballages.com\/it\/produit\/acqua-demineralizzata-tanica-5l\/\"]}]},{\"@type\":\"ImageObject\",\"inLanguage\":\"it-IT\",\"@id\":\"https:\/\/www.csj-emballages.com\/it\/produit\/acqua-demineralizzata-tanica-5l\/#primaryimage\",\"url\":\"https:\/\/www.csj-emballages.com\/wp-content\/uploads\/2024\/03\/00106.webp\",\"contentUrl\":\"https:\/\/www.csj-emballages.com\/wp-content\/uploads\/2024\/03\/00106.webp\",\"width\":800,\"height\":800,\"caption\":\"Eau d\u00e9min\u00e9ralis\u00e9e\"},{\"@type\":\"BreadcrumbList\",\"@id\":\"https:\/\/www.csj-emballages.com\/it\/produit\/acqua-demineralizzata-tanica-5l\/#breadcrumb\",\"itemListElement\":[{\"@type\":\"ListItem\",\"position\":1,\"name\":\"Home\",\"item\":\"https:\/\/www.csj-emballages.com\/it\/universo-imballaggi-alimentari\/\"},{\"@type\":\"ListItem\",\"position\":2,\"name\":\"Negozio\",\"item\":\"https:\/\/www.csj-emballages.com\/it\/negozio\/\"},{\"@type\":\"ListItem\",\"position\":3,\"name\":\"Acqua demineralizzata tanica 5L\"}]},{\"@type\":\"WebSite\",\"@id\":\"https:\/\/www.csj-emballages.com\/it\/#website\",\"url\":\"https:\/\/www.csj-emballages.com\/it\/\",\"name\":\"CSJ Emballages\",\"description\":\"\",\"publisher\":{\"@id\":\"https:\/\/www.csj-emballages.com\/it\/#organization\"},\"potentialAction\":[{\"@type\":\"SearchAction\",\"target\":{\"@type\":\"EntryPoint\",\"urlTemplate\":\"https:\/\/www.csj-emballages.com\/it\/?s={search_term_string}\"},\"query-input\":{\"@type\":\"PropertyValueSpecification\",\"valueRequired\":true,\"valueName\":\"search_term_string\"}}],\"inLanguage\":\"it-IT\"},{\"@type\":\"Organization\",\"@id\":\"https:\/\/www.csj-emballages.com\/it\/#Organization\/\",\"name\":\"CSJ Emballages\",\"url\":\"https:\/\/www.csj-emballages.com\/it\/\",\"logo\":{\"@type\":\"ImageObject\",\"inLanguage\":\"it-IT\",\"@id\":\"https:\/\/www.csj-emballages.com\/it\/#\/schema\/logo\/image\/\",\"url\":\"https:\/\/www.csj-emballages.com\/wp-content\/uploads\/2023\/10\/logo_csj.webp\",\"contentUrl\":\"https:\/\/www.csj-emballages.com\/wp-content\/uploads\/2023\/10\/logo_csj.webp\",\"width\":250,\"height\":95,\"caption\":\"CSJ Emballages\"},\"image\":{\"@id\":\"https:\/\/www.csj-emballages.com\/it\/#\/schema\/logo\/image\/\"},\"sameAs\":[\"https:\/\/www.facebook.com\/csjemballages\"],\"address\":{\"@type\":\"PostalAddress\",\"streetAddress\":\"ZI La Lechere\",\"addressLocality\":\"Patornay\",\"postalCode\":\"39130\",\"addressCountry\":\"FR\"},\"contactPoint\":[{\"@type\":\"ContactPoint\",\"contactType\":\"Service client\",\"telephone\":\"0384254272\",\"email\":\"contact@csj-emballages.com\"}]}]}<\/script>\n<!-- \/ Yoast SEO Premium plugin. -->","yoast_head_json":{"title":"Acqua Demineralizzata Tanica 5L","description":"Acqua demineralizzata 5L per proteggere ferri da stiro, radiatori, pulitori a vapore... Una soluzione anticalcare economica, multiuso e affidabile.","robots":{"index":"index","follow":"follow","max-snippet":"max-snippet:-1","max-image-preview":"max-image-preview:large","max-video-preview":"max-video-preview:-1"},"canonical":"https:\/\/www.csj-emballages.com\/it\/produit\/acqua-demineralizzata-tanica-5l\/","og_locale":"it_IT","og_type":"article","og_title":"Acqua demineralizzata tanica 5L","og_description":"Acqua demineralizzata 5L per proteggere ferri da stiro, radiatori, pulitori a vapore... Una soluzione anticalcare economica, multiuso e affidabile.","og_url":"https:\/\/www.csj-emballages.com\/it\/produit\/acqua-demineralizzata-tanica-5l\/","og_site_name":"CSJ Emballages","article_publisher":"https:\/\/www.facebook.com\/csjemballages","article_modified_time":"2026-03-12T15:00:15+00:00","og_image":[{"width":800,"height":800,"url":"https:\/\/www.csj-emballages.com\/wp-content\/uploads\/2024\/03\/00106.webp","type":"image\/webp"}],"twitter_card":"summary_large_image","twitter_misc":{"Dur\u00e9e de lecture estim\u00e9e":"1 minuto"},"schema":{"@context":"https:\/\/schema.org","@graph":[{"@type":"WebPage","@id":"https:\/\/www.csj-emballages.com\/it\/produit\/acqua-demineralizzata-tanica-5l\/","url":"https:\/\/www.csj-emballages.com\/it\/produit\/acqua-demineralizzata-tanica-5l\/","name":"Acqua Demineralizzata Tanica 5L","isPartOf":{"@id":"https:\/\/www.csj-emballages.com\/it\/#website"},"primaryImageOfPage":{"@id":"https:\/\/www.csj-emballages.com\/it\/produit\/acqua-demineralizzata-tanica-5l\/#primaryimage"},"image":{"@id":"https:\/\/www.csj-emballages.com\/it\/produit\/acqua-demineralizzata-tanica-5l\/#primaryimage"},"thumbnailUrl":"https:\/\/www.csj-emballages.com\/wp-content\/uploads\/2024\/03\/00106.webp","datePublished":"2024-03-01T16:00:21+00:00","dateModified":"2026-03-12T15:00:15+00:00","description":"Acqua demineralizzata 5L per proteggere ferri da stiro, radiatori, pulitori a vapore... Una soluzione anticalcare economica, multiuso e affidabile.","breadcrumb":{"@id":"https:\/\/www.csj-emballages.com\/it\/produit\/acqua-demineralizzata-tanica-5l\/#breadcrumb"},"inLanguage":"it-IT","potentialAction":[{"@type":"ReadAction","target":["https:\/\/www.csj-emballages.com\/it\/produit\/acqua-demineralizzata-tanica-5l\/"]}]},{"@type":"ImageObject","inLanguage":"it-IT","@id":"https:\/\/www.csj-emballages.com\/it\/produit\/acqua-demineralizzata-tanica-5l\/#primaryimage","url":"https:\/\/www.csj-emballages.com\/wp-content\/uploads\/2024\/03\/00106.webp","contentUrl":"https:\/\/www.csj-emballages.com\/wp-content\/uploads\/2024\/03\/00106.webp","width":800,"height":800,"caption":"Eau d\u00e9min\u00e9ralis\u00e9e"},{"@type":"BreadcrumbList","@id":"https:\/\/www.csj-emballages.com\/it\/produit\/acqua-demineralizzata-tanica-5l\/#breadcrumb","itemListElement":[{"@type":"ListItem","position":1,"name":"Home","item":"https:\/\/www.csj-emballages.com\/it\/universo-imballaggi-alimentari\/"},{"@type":"ListItem","position":2,"name":"Negozio","item":"https:\/\/www.csj-emballages.com\/it\/negozio\/"},{"@type":"ListItem","position":3,"name":"Acqua demineralizzata tanica 5L"}]},{"@type":"WebSite","@id":"https:\/\/www.csj-emballages.com\/it\/#website","url":"https:\/\/www.csj-emballages.com\/it\/","name":"CSJ Emballages","description":"","publisher":{"@id":"https:\/\/www.csj-emballages.com\/it\/#organization"},"potentialAction":[{"@type":"SearchAction","target":{"@type":"EntryPoint","urlTemplate":"https:\/\/www.csj-emballages.com\/it\/?s={search_term_string}"},"query-input":{"@type":"PropertyValueSpecification","valueRequired":true,"valueName":"search_term_string"}}],"inLanguage":"it-IT"},{"@type":"Organization","@id":"https:\/\/www.csj-emballages.com\/it\/#Organization\/","name":"CSJ Emballages","url":"https:\/\/www.csj-emballages.com\/it\/","logo":{"@type":"ImageObject","inLanguage":"it-IT","@id":"https:\/\/www.csj-emballages.com\/it\/#\/schema\/logo\/image\/","url":"https:\/\/www.csj-emballages.com\/wp-content\/uploads\/2023\/10\/logo_csj.webp","contentUrl":"https:\/\/www.csj-emballages.com\/wp-content\/uploads\/2023\/10\/logo_csj.webp","width":250,"height":95,"caption":"CSJ Emballages"},"image":{"@id":"https:\/\/www.csj-emballages.com\/it\/#\/schema\/logo\/image\/"},"sameAs":["https:\/\/www.facebook.com\/csjemballages"],"address":{"@type":"PostalAddress","streetAddress":"ZI La Lechere","addressLocality":"Patornay","postalCode":"39130","addressCountry":"FR"},"contactPoint":[{"@type":"ContactPoint","contactType":"Service client","telephone":"0384254272","email":"contact@csj-emballages.com"}]}]}},"df_price":3.9,"df_sale_price":"","df_regular_price":3.9,"df_image_link":"https:\/\/www.csj-emballages.com\/wp-content\/uploads\/2024\/03\/00106-300x300.webp","tiered_pricing_type":"fixed","tiered_pricing_fixed_rules":[],"tiered_pricing_percentage_rules":[],"tiered_pricing_minimum":1,"tiered_pricing_roles_data":[],"_links":{"self":[{"href":"https:\/\/www.csj-emballages.com\/it\/wp-json\/wp\/v2\/product\/267442","targetHints":{"allow":["GET"]}}],"collection":[{"href":"https:\/\/www.csj-emballages.com\/it\/wp-json\/wp\/v2\/product"}],"about":[{"href":"https:\/\/www.csj-emballages.com\/it\/wp-json\/wp\/v2\/types\/product"}],"wp:featuredmedia":[{"embeddable":true,"href":"https:\/\/www.csj-emballages.com\/it\/wp-json\/wp\/v2\/media\/267454"}],"wp:attachment":[{"href":"https:\/\/www.csj-emballages.com\/it\/wp-json\/wp\/v2\/media?parent=267442"}],"wp:term":[{"taxonomy":"product_brand","embeddable":true,"href":"https:\/\/www.csj-emballages.com\/it\/wp-json\/wp\/v2\/product_brand?post=267442"},{"taxonomy":"product_cat","embeddable":true,"href":"https:\/\/www.csj-emballages.com\/it\/wp-json\/wp\/v2\/product_cat?post=267442"},{"taxonomy":"product_tag","embeddable":true,"href":"https:\/\/www.csj-emballages.com\/it\/wp-json\/wp\/v2\/product_tag?post=267442"}],"curies":[{"name":"wp","href":"https:\/\/api.w.org\/{rel}","templated":true}]}}