{"id":267430,"date":"2024-03-01T17:00:21","date_gmt":"2024-03-01T16:00:21","guid":{"rendered":"https:\/\/www.csj-emballages.com\/produit\/disgorgante-per-tubature-1-litro\/"},"modified":"2026-03-26T02:10:12","modified_gmt":"2026-03-26T01:10:12","slug":"disgorgante-per-tubature-1-litro","status":"publish","type":"product","link":"https:\/\/www.csj-emballages.com\/it\/produit\/disgorgante-per-tubature-1-litro\/","title":{"rendered":"Disgorgante per tubature 1 litro"},"content":{"rendered":"<h2>Disgorgante per tubature<\/h2>\n<hr>\n<h3>Descrizione del nostro disgorgante per tubature 1 litro<\/h3>\n<p><!--more--><\/p>\n<p class=\"\" data-start=\"169\" data-end=\"595\">Hai un lavandino intasato, una doccia che non scarica pi\u00f9 o delle <strong>tubature ostruite<\/strong> da residui ostinati? Questo <strong>disgorgante per tubature 1 litro<\/strong> \u00e8 il tuo alleato ideale. Formulato per sciogliere sia i rifiuti organici (grassi, capelli, residui alimentari) che i residui inorganici, agisce rapidamente senza che sia necessaria alcuna azione meccanica. Basta versarlo.   <\/p>\n<p class=\"\" data-start=\"597\" data-end=\"911\">La sua formula ultra concentrata penetra in profondit\u00e0 nelle condutture, scioglie i tappi pi\u00f9 resistenti e ripristina la circolazione delle acque reflue in tempo record. \u00c8 la scelta preferita dei professionisti della manutenzione, ma anche dei privati che desiderano una soluzione radicale ed efficace. <\/p>\n<p class=\"\" data-start=\"913\" data-end=\"1384\">Questo <strong>disgorgante per tubature<\/strong> \u00e8 progettato per un utilizzo occasionale, quando i disgorganti classici non bastano pi\u00f9. \u00c8 perfetto per cucine, bagni, fognature o tubature esterne. Tuttavia, a causa della sua potenza estrema, \u00e8 essenziale rispettare scrupolosamente le precauzioni d&#8217;uso e le istruzioni del produttore. Si raccomanda di indossare guanti e occhiali protettivi durante l&#8217;utilizzo.   <\/p>\n<p class=\"\" data-start=\"1386\" data-end=\"1518\">Evita interventi costosi o smontaggi laboriosi. Scegli una soluzione semplice, rapida e tremendamente efficace! <\/p>\n<p data-start=\"1386\" data-end=\"1518\">\n<p><!--more--><\/p>\n<h4><strong>I suoi vantaggi:<\/strong><\/h4>\n<ul>\n<li>Scioglie efficacemente i tappi organici e inorganici.<\/li>\n<li>Agisce rapidamente, fin dai primi minuti.<\/li>\n<li>Adatto sia ai professionisti che ai privati.<\/li>\n<li>Ideale per cucine, bagni e tubature esterne.<\/li>\n<li>Flacone sicuro da 1 litro.<\/li>\n<\/ul>\n<p>&nbsp;<\/p>\n<p><!--more--><\/p>\n<h4>Istruzioni per l&#8217;uso:<\/h4>\n<ul>\n<li>Lasciare meno acqua possibile nella tubatura e versare lentamente il prodotto direttamente nella tubatura.<\/li>\n<li>Lasciare agire il prodotto per 4-5 minuti e versare poi un po&#8217; d&#8217;acqua fredda.<\/li>\n<li>Attendere qualche minuto e versare acqua in abbondanza.<\/li>\n<\/ul>\n<p>&nbsp;<\/p>\n<p><!--more--><\/p>\n<h4>Altre informazioni:<\/h4>\n<ul>\n<li><strong>Confezione<\/strong>: Singola<\/li>\n<li><strong>Volume<\/strong>: 1 litro<\/li>\n<li><strong>Utilizzo<\/strong>: Disgorgante<\/li>\n<\/ul>\n<p>&nbsp;<\/p>\n<p><!--more--><\/p>\n<p>Trova qui il nostro eliminatore di odori biologico 5 litri: <span style=\"color: #d12727;\"><a style=\"color: #d12727;\" href=\"https:\/\/www.csj-emballages.com\/it\/produit\/eliminatore-odori-biologico-5-litri\/\">00111<\/a><\/span><\/p>\n<p>&nbsp;<\/p>\n<p><!--more--><\/p>\n<p><a href=\"https:\/\/www.csj-emballages.com\/it\/categorie-produit\/igiene-e-manutenzione\/prodotti-per-la-pulizia\/cucina\/\">Consulta il resto della nostra gamma di prodotti per la pulizia delle cucine<\/a><\/p>\n","protected":false},"excerpt":{"rendered":"<p>Disgorgante per tubature Descrizione del nostro disgorgante per tubature 1 litro<\/p>\n","protected":false},"featured_media":267434,"template":"","meta":{"_acf_changed":false},"product_brand":[],"product_cat":[10356,10360,10361,10459],"product_tag":[],"class_list":{"0":"post-267430","1":"product","2":"type-product","3":"status-publish","4":"has-post-thumbnail","6":"product_cat-igiene-e-manutenzione","7":"product_cat-prodotti-per-la-pulizia","8":"product_cat-cucina","9":"product_cat-sanitari","11":"first","12":"instock","13":"taxable","14":"shipping-taxable","15":"purchasable","16":"product-type-simple"},"acf":[],"yoast_head":"<!-- This site is optimized with the Yoast SEO Premium plugin v26.6 (Yoast SEO v26.6) - https:\/\/yoast.com\/wordpress\/plugins\/seo\/ -->\n<title>Disgorgante per Tubature 1 litro<\/title>\n<meta name=\"description\" content=\"Disgorgante per tubature 1 litro \u2013 Elimina rapidamente grassi, capelli e residui per un deflusso fluido. Azione potente ed efficace.\" \/>\n<meta name=\"robots\" content=\"index, follow, max-snippet:-1, max-image-preview:large, max-video-preview:-1\" \/>\n<link rel=\"canonical\" href=\"https:\/\/www.csj-emballages.com\/it\/produit\/disgorgante-per-tubature-1-litro\/\" \/>\n<meta property=\"og:locale\" content=\"it_IT\" \/>\n<meta property=\"og:type\" content=\"article\" \/>\n<meta property=\"og:title\" content=\"Disgorgante per tubature 1 litro\" \/>\n<meta property=\"og:description\" content=\"Disgorgante per tubature 1 litro \u2013 Elimina rapidamente grassi, capelli e residui per un deflusso fluido. Azione potente ed efficace.\" \/>\n<meta property=\"og:url\" content=\"https:\/\/www.csj-emballages.com\/it\/produit\/disgorgante-per-tubature-1-litro\/\" \/>\n<meta property=\"og:site_name\" content=\"CSJ Emballages\" \/>\n<meta property=\"article:publisher\" content=\"https:\/\/www.facebook.com\/csjemballages\" \/>\n<meta property=\"article:modified_time\" content=\"2026-03-26T01:10:12+00:00\" \/>\n<meta property=\"og:image\" content=\"https:\/\/www.csj-emballages.com\/wp-content\/uploads\/2024\/03\/00110.webp\" \/>\n\t<meta property=\"og:image:width\" content=\"800\" \/>\n\t<meta property=\"og:image:height\" content=\"800\" \/>\n\t<meta property=\"og:image:type\" content=\"image\/webp\" \/>\n<meta name=\"twitter:card\" content=\"summary_large_image\" \/>\n<meta name=\"twitter:label1\" content=\"Dur\u00e9e de lecture estim\u00e9e\" \/>\n\t<meta name=\"twitter:data1\" content=\"1 minuto\" \/>\n<script type=\"application\/ld+json\" class=\"yoast-schema-graph\">{\"@context\":\"https:\/\/schema.org\",\"@graph\":[{\"@type\":\"WebPage\",\"@id\":\"https:\/\/www.csj-emballages.com\/it\/produit\/disgorgante-per-tubature-1-litro\/\",\"url\":\"https:\/\/www.csj-emballages.com\/it\/produit\/disgorgante-per-tubature-1-litro\/\",\"name\":\"Disgorgante per Tubature 1 litro\",\"isPartOf\":{\"@id\":\"https:\/\/www.csj-emballages.com\/it\/#website\"},\"primaryImageOfPage\":{\"@id\":\"https:\/\/www.csj-emballages.com\/it\/produit\/disgorgante-per-tubature-1-litro\/#primaryimage\"},\"image\":{\"@id\":\"https:\/\/www.csj-emballages.com\/it\/produit\/disgorgante-per-tubature-1-litro\/#primaryimage\"},\"thumbnailUrl\":\"https:\/\/www.csj-emballages.com\/wp-content\/uploads\/2024\/03\/00110.webp\",\"datePublished\":\"2024-03-01T16:00:21+00:00\",\"dateModified\":\"2026-03-26T01:10:12+00:00\",\"description\":\"Disgorgante per tubature 1 litro \u2013 Elimina rapidamente grassi, capelli e residui per un deflusso fluido. Azione potente ed efficace.\",\"breadcrumb\":{\"@id\":\"https:\/\/www.csj-emballages.com\/it\/produit\/disgorgante-per-tubature-1-litro\/#breadcrumb\"},\"inLanguage\":\"it-IT\",\"potentialAction\":[{\"@type\":\"ReadAction\",\"target\":[\"https:\/\/www.csj-emballages.com\/it\/produit\/disgorgante-per-tubature-1-litro\/\"]}]},{\"@type\":\"ImageObject\",\"inLanguage\":\"it-IT\",\"@id\":\"https:\/\/www.csj-emballages.com\/it\/produit\/disgorgante-per-tubature-1-litro\/#primaryimage\",\"url\":\"https:\/\/www.csj-emballages.com\/wp-content\/uploads\/2024\/03\/00110.webp\",\"contentUrl\":\"https:\/\/www.csj-emballages.com\/wp-content\/uploads\/2024\/03\/00110.webp\",\"width\":800,\"height\":800,\"caption\":\"D\u00e9boucheur canalisation\"},{\"@type\":\"BreadcrumbList\",\"@id\":\"https:\/\/www.csj-emballages.com\/it\/produit\/disgorgante-per-tubature-1-litro\/#breadcrumb\",\"itemListElement\":[{\"@type\":\"ListItem\",\"position\":1,\"name\":\"Home\",\"item\":\"https:\/\/www.csj-emballages.com\/it\/universo-imballaggi-alimentari\/\"},{\"@type\":\"ListItem\",\"position\":2,\"name\":\"Negozio\",\"item\":\"https:\/\/www.csj-emballages.com\/it\/negozio\/\"},{\"@type\":\"ListItem\",\"position\":3,\"name\":\"Disgorgante per tubature 1 litro\"}]},{\"@type\":\"WebSite\",\"@id\":\"https:\/\/www.csj-emballages.com\/it\/#website\",\"url\":\"https:\/\/www.csj-emballages.com\/it\/\",\"name\":\"CSJ Emballages\",\"description\":\"\",\"publisher\":{\"@id\":\"https:\/\/www.csj-emballages.com\/it\/#organization\"},\"potentialAction\":[{\"@type\":\"SearchAction\",\"target\":{\"@type\":\"EntryPoint\",\"urlTemplate\":\"https:\/\/www.csj-emballages.com\/it\/?s={search_term_string}\"},\"query-input\":{\"@type\":\"PropertyValueSpecification\",\"valueRequired\":true,\"valueName\":\"search_term_string\"}}],\"inLanguage\":\"it-IT\"},{\"@type\":\"Organization\",\"@id\":\"https:\/\/www.csj-emballages.com\/it\/#Organization\/\",\"name\":\"CSJ Emballages\",\"url\":\"https:\/\/www.csj-emballages.com\/it\/\",\"logo\":{\"@type\":\"ImageObject\",\"inLanguage\":\"it-IT\",\"@id\":\"https:\/\/www.csj-emballages.com\/it\/#\/schema\/logo\/image\/\",\"url\":\"https:\/\/www.csj-emballages.com\/wp-content\/uploads\/2023\/10\/logo_csj.webp\",\"contentUrl\":\"https:\/\/www.csj-emballages.com\/wp-content\/uploads\/2023\/10\/logo_csj.webp\",\"width\":250,\"height\":95,\"caption\":\"CSJ Emballages\"},\"image\":{\"@id\":\"https:\/\/www.csj-emballages.com\/it\/#\/schema\/logo\/image\/\"},\"sameAs\":[\"https:\/\/www.facebook.com\/csjemballages\"],\"address\":{\"@type\":\"PostalAddress\",\"streetAddress\":\"ZI La Lechere\",\"addressLocality\":\"Patornay\",\"postalCode\":\"39130\",\"addressCountry\":\"FR\"},\"contactPoint\":[{\"@type\":\"ContactPoint\",\"contactType\":\"Service client\",\"telephone\":\"0384254272\",\"email\":\"contact@csj-emballages.com\"}]}]}<\/script>\n<!-- \/ Yoast SEO Premium plugin. -->","yoast_head_json":{"title":"Disgorgante per Tubature 1 litro","description":"Disgorgante per tubature 1 litro \u2013 Elimina rapidamente grassi, capelli e residui per un deflusso fluido. Azione potente ed efficace.","robots":{"index":"index","follow":"follow","max-snippet":"max-snippet:-1","max-image-preview":"max-image-preview:large","max-video-preview":"max-video-preview:-1"},"canonical":"https:\/\/www.csj-emballages.com\/it\/produit\/disgorgante-per-tubature-1-litro\/","og_locale":"it_IT","og_type":"article","og_title":"Disgorgante per tubature 1 litro","og_description":"Disgorgante per tubature 1 litro \u2013 Elimina rapidamente grassi, capelli e residui per un deflusso fluido. Azione potente ed efficace.","og_url":"https:\/\/www.csj-emballages.com\/it\/produit\/disgorgante-per-tubature-1-litro\/","og_site_name":"CSJ Emballages","article_publisher":"https:\/\/www.facebook.com\/csjemballages","article_modified_time":"2026-03-26T01:10:12+00:00","og_image":[{"width":800,"height":800,"url":"https:\/\/www.csj-emballages.com\/wp-content\/uploads\/2024\/03\/00110.webp","type":"image\/webp"}],"twitter_card":"summary_large_image","twitter_misc":{"Dur\u00e9e de lecture estim\u00e9e":"1 minuto"},"schema":{"@context":"https:\/\/schema.org","@graph":[{"@type":"WebPage","@id":"https:\/\/www.csj-emballages.com\/it\/produit\/disgorgante-per-tubature-1-litro\/","url":"https:\/\/www.csj-emballages.com\/it\/produit\/disgorgante-per-tubature-1-litro\/","name":"Disgorgante per Tubature 1 litro","isPartOf":{"@id":"https:\/\/www.csj-emballages.com\/it\/#website"},"primaryImageOfPage":{"@id":"https:\/\/www.csj-emballages.com\/it\/produit\/disgorgante-per-tubature-1-litro\/#primaryimage"},"image":{"@id":"https:\/\/www.csj-emballages.com\/it\/produit\/disgorgante-per-tubature-1-litro\/#primaryimage"},"thumbnailUrl":"https:\/\/www.csj-emballages.com\/wp-content\/uploads\/2024\/03\/00110.webp","datePublished":"2024-03-01T16:00:21+00:00","dateModified":"2026-03-26T01:10:12+00:00","description":"Disgorgante per tubature 1 litro \u2013 Elimina rapidamente grassi, capelli e residui per un deflusso fluido. Azione potente ed efficace.","breadcrumb":{"@id":"https:\/\/www.csj-emballages.com\/it\/produit\/disgorgante-per-tubature-1-litro\/#breadcrumb"},"inLanguage":"it-IT","potentialAction":[{"@type":"ReadAction","target":["https:\/\/www.csj-emballages.com\/it\/produit\/disgorgante-per-tubature-1-litro\/"]}]},{"@type":"ImageObject","inLanguage":"it-IT","@id":"https:\/\/www.csj-emballages.com\/it\/produit\/disgorgante-per-tubature-1-litro\/#primaryimage","url":"https:\/\/www.csj-emballages.com\/wp-content\/uploads\/2024\/03\/00110.webp","contentUrl":"https:\/\/www.csj-emballages.com\/wp-content\/uploads\/2024\/03\/00110.webp","width":800,"height":800,"caption":"D\u00e9boucheur canalisation"},{"@type":"BreadcrumbList","@id":"https:\/\/www.csj-emballages.com\/it\/produit\/disgorgante-per-tubature-1-litro\/#breadcrumb","itemListElement":[{"@type":"ListItem","position":1,"name":"Home","item":"https:\/\/www.csj-emballages.com\/it\/universo-imballaggi-alimentari\/"},{"@type":"ListItem","position":2,"name":"Negozio","item":"https:\/\/www.csj-emballages.com\/it\/negozio\/"},{"@type":"ListItem","position":3,"name":"Disgorgante per tubature 1 litro"}]},{"@type":"WebSite","@id":"https:\/\/www.csj-emballages.com\/it\/#website","url":"https:\/\/www.csj-emballages.com\/it\/","name":"CSJ Emballages","description":"","publisher":{"@id":"https:\/\/www.csj-emballages.com\/it\/#organization"},"potentialAction":[{"@type":"SearchAction","target":{"@type":"EntryPoint","urlTemplate":"https:\/\/www.csj-emballages.com\/it\/?s={search_term_string}"},"query-input":{"@type":"PropertyValueSpecification","valueRequired":true,"valueName":"search_term_string"}}],"inLanguage":"it-IT"},{"@type":"Organization","@id":"https:\/\/www.csj-emballages.com\/it\/#Organization\/","name":"CSJ Emballages","url":"https:\/\/www.csj-emballages.com\/it\/","logo":{"@type":"ImageObject","inLanguage":"it-IT","@id":"https:\/\/www.csj-emballages.com\/it\/#\/schema\/logo\/image\/","url":"https:\/\/www.csj-emballages.com\/wp-content\/uploads\/2023\/10\/logo_csj.webp","contentUrl":"https:\/\/www.csj-emballages.com\/wp-content\/uploads\/2023\/10\/logo_csj.webp","width":250,"height":95,"caption":"CSJ Emballages"},"image":{"@id":"https:\/\/www.csj-emballages.com\/it\/#\/schema\/logo\/image\/"},"sameAs":["https:\/\/www.facebook.com\/csjemballages"],"address":{"@type":"PostalAddress","streetAddress":"ZI La Lechere","addressLocality":"Patornay","postalCode":"39130","addressCountry":"FR"},"contactPoint":[{"@type":"ContactPoint","contactType":"Service client","telephone":"0384254272","email":"contact@csj-emballages.com"}]}]}},"df_price":6.25,"df_sale_price":"","df_regular_price":6.25,"df_image_link":"https:\/\/www.csj-emballages.com\/wp-content\/uploads\/2024\/03\/00110-300x300.webp","tiered_pricing_type":"fixed","tiered_pricing_fixed_rules":[],"tiered_pricing_percentage_rules":[],"tiered_pricing_minimum":1,"tiered_pricing_roles_data":[],"_links":{"self":[{"href":"https:\/\/www.csj-emballages.com\/it\/wp-json\/wp\/v2\/product\/267430","targetHints":{"allow":["GET"]}}],"collection":[{"href":"https:\/\/www.csj-emballages.com\/it\/wp-json\/wp\/v2\/product"}],"about":[{"href":"https:\/\/www.csj-emballages.com\/it\/wp-json\/wp\/v2\/types\/product"}],"wp:featuredmedia":[{"embeddable":true,"href":"https:\/\/www.csj-emballages.com\/it\/wp-json\/wp\/v2\/media\/267434"}],"wp:attachment":[{"href":"https:\/\/www.csj-emballages.com\/it\/wp-json\/wp\/v2\/media?parent=267430"}],"wp:term":[{"taxonomy":"product_brand","embeddable":true,"href":"https:\/\/www.csj-emballages.com\/it\/wp-json\/wp\/v2\/product_brand?post=267430"},{"taxonomy":"product_cat","embeddable":true,"href":"https:\/\/www.csj-emballages.com\/it\/wp-json\/wp\/v2\/product_cat?post=267430"},{"taxonomy":"product_tag","embeddable":true,"href":"https:\/\/www.csj-emballages.com\/it\/wp-json\/wp\/v2\/product_tag?post=267430"}],"curies":[{"name":"wp","href":"https:\/\/api.w.org\/{rel}","templated":true}]}}