{"id":267397,"date":"2024-03-01T17:00:18","date_gmt":"2024-03-01T16:00:18","guid":{"rendered":"https:\/\/www.csj-emballages.com\/produit\/lucidante-inox-400-ml\/"},"modified":"2026-03-12T16:00:53","modified_gmt":"2026-03-12T15:00:53","slug":"lucidante-inox-400-ml","status":"publish","type":"product","link":"https:\/\/www.csj-emballages.com\/it\/produit\/lucidante-inox-400-ml\/","title":{"rendered":"Lucidante inox 400 ml"},"content":{"rendered":"<h2>Lucidante Inox<\/h2>\n<hr>\n<h3>Descrizione del nostro lucidante inox 400 ml<\/h3>\n<p><!--more--><\/p>\n<p class=\"\" data-start=\"206\" data-end=\"547\">Per mantenere le tue superfici in <strong>inox<\/strong> impeccabili e senza aloni, niente \u00e8 meglio di questo <strong>lucidante inox<\/strong> in <strong>spray da 400 ml<\/strong>. Progettato per i professionisti della ristorazione, delle collettivit\u00e0 o anche per un uso domestico esigente, questo prodotto \u00e8 molto pi\u00f9 di un semplice detergente: \u00e8 una vera e propria cura per le tue superfici in acciaio inossidabile. Grazie alla sua formula specializzata, questo <strong>spray<\/strong> detergente agisce efficacemente su piani di lavoro, frigoriferi, cappe, mobili in inox o piani di lavoro. Infatti, fin dalla prima applicazione, elimina facilmente impronte, residui grassi e altro sporco, depositando al contempo un film protettivo invisibile che impedisce a polvere e sporco di ridepositarsi rapidamente.   <\/p>\n<p class=\"\" data-start=\"206\" data-end=\"547\">Grazie al suo effetto antistatico, le superfici rimangono brillanti pi\u00f9 a lungo, limitando la frequenza di pulizia e mantenendo un&#8217;igiene impeccabile.<\/p>\n<p class=\"\" data-s=\"\">L&#8217;utilizzo \u00e8 semplice: basta spruzzare direttamente sulla superficie pulita e asciutta, quindi strofinare con un panno morbido. Allo stesso modo, il suo profumo discreto e la sua texture non grassa lo rendono un alleato piacevole da maneggiare, anche nell&#8217;uso quotidiano. <\/p>\n<p class=\"\" data-s=\"\">In sintesi, con questo <strong>lucidante inox<\/strong>, le tue attrezzature ritrovano la loro lucentezza originale, pur essendo protette a lungo.<\/p>\n<p>&nbsp;<\/p>\n<p><!--more--><\/p>\n<h4><strong>I suoi vantaggi:<\/strong><\/h4>\n<ul>\n<li><strong>Efficacia immediata<\/strong>: Ravviva istantaneamente la brillantezza dell&#8217;inox, eliminando aloni e sporco fin dalla prima applicazione.<\/li>\n<li><strong>Facilit\u00e0 d&#8217;uso<\/strong>: Applicazione spray per una distribuzione omogenea, raggiungendo facilmente le zone difficili da accedere.<\/li>\n<li><strong>Versatilit\u00e0<\/strong>: Questo lucidante inox 400 ml \u00e8 ideale per una variet\u00e0 di superfici in inox come frigoriferi, cappe, lavelli e molto altro ancora.<\/li>\n<li><strong>Risparmio di tempo<\/strong>: Pulizia rapida ed efficace, risparmiandoti ore di sforzi manuali.<\/li>\n<li><strong>Finitura senza aloni<\/strong>: Texture non grassa che non lascia residui dopo l&#8217;asciugatura, per un risultato impeccabile.<\/li>\n<\/ul>\n<p>&nbsp;<\/p>\n<p><!--more--><\/p>\n<h4>Modalit\u00e0 d&#8217;uso:<\/h4>\n<ul>\n<li>Spruzzare una piccola quantit\u00e0 di BRINOX SPRAY sulla superficie da trattare<\/li>\n<li>Strofinare con un panno asciutto.<\/li>\n<\/ul>\n<p>&nbsp;<\/p>\n<p><!--more--><\/p>\n<h4>Altre informazioni:<\/h4>\n<ul>\n<li><strong>Confezione<\/strong>: Singola<\/li>\n<li><strong>Volume<\/strong>: 400 ml<\/li>\n<\/ul>\n<p>&nbsp;<\/p>\n<p><!--more--><\/p>\n<p>Trova qui il nostro spray lucidante inox: <span style=\"color: #d12727;\"><a style=\"color: #d12727;\" href=\"https:\/\/www.csj-emballages.com\/it\/produit\/lucidante-inox-spray-750ml\/\">0215750<\/a><\/span><\/p>\n<p>&nbsp;<\/p>\n<p><!--more--><\/p>\n<p><a href=\"https:\/\/www.csj-emballages.com\/it\/categorie-produit\/igiene-e-manutenzione\/prodotti-per-la-pulizia\/cucina\/\">Consulta il resto della nostra gamma di prodotti per la pulizia delle cucine<\/a><\/p>\n","protected":false},"excerpt":{"rendered":"<p>Lucidante Inox Descrizione del nostro lucidante inox 400 ml<\/p>\n","protected":false},"featured_media":267400,"template":"","meta":{"_acf_changed":false},"product_brand":[],"product_cat":[10356,10360,10361],"product_tag":[],"class_list":{"0":"post-267397","1":"product","2":"type-product","3":"status-publish","4":"has-post-thumbnail","6":"product_cat-igiene-e-manutenzione","7":"product_cat-prodotti-per-la-pulizia","8":"product_cat-cucina","10":"first","11":"instock","12":"taxable","13":"shipping-taxable","14":"purchasable","15":"product-type-simple"},"acf":[],"yoast_head":"<!-- This site is optimized with the Yoast SEO Premium plugin v26.6 (Yoast SEO v26.6) - https:\/\/yoast.com\/wordpress\/plugins\/seo\/ -->\n<title>Lucidante Inox 400 ml<\/title>\n<meta name=\"description\" content=\"Scopri subito il nostro lucidante inox 400 ml, ideale per la cura delle tue superfici in acciaio inox come piani di lavoro, mobili, ecc...\" \/>\n<meta name=\"robots\" content=\"index, follow, max-snippet:-1, max-image-preview:large, max-video-preview:-1\" \/>\n<link rel=\"canonical\" href=\"https:\/\/www.csj-emballages.com\/it\/produit\/lucidante-inox-400-ml\/\" \/>\n<meta property=\"og:locale\" content=\"it_IT\" \/>\n<meta property=\"og:type\" content=\"article\" \/>\n<meta property=\"og:title\" content=\"Lucidante inox 400 ml\" \/>\n<meta property=\"og:description\" content=\"Scopri subito il nostro lucidante inox 400 ml, ideale per la cura delle tue superfici in acciaio inox come piani di lavoro, mobili, ecc...\" \/>\n<meta property=\"og:url\" content=\"https:\/\/www.csj-emballages.com\/it\/produit\/lucidante-inox-400-ml\/\" \/>\n<meta property=\"og:site_name\" content=\"CSJ Emballages\" \/>\n<meta property=\"article:publisher\" content=\"https:\/\/www.facebook.com\/csjemballages\" \/>\n<meta property=\"article:modified_time\" content=\"2026-03-12T15:00:53+00:00\" \/>\n<meta property=\"og:image\" content=\"https:\/\/www.csj-emballages.com\/wp-content\/uploads\/2024\/03\/Brillant-inox.webp\" \/>\n\t<meta property=\"og:image:width\" content=\"800\" \/>\n\t<meta property=\"og:image:height\" content=\"800\" \/>\n\t<meta property=\"og:image:type\" content=\"image\/webp\" \/>\n<meta name=\"twitter:card\" content=\"summary_large_image\" \/>\n<meta name=\"twitter:label1\" content=\"Dur\u00e9e de lecture estim\u00e9e\" \/>\n\t<meta name=\"twitter:data1\" content=\"2 minuti\" \/>\n<script type=\"application\/ld+json\" class=\"yoast-schema-graph\">{\"@context\":\"https:\/\/schema.org\",\"@graph\":[{\"@type\":\"WebPage\",\"@id\":\"https:\/\/www.csj-emballages.com\/it\/produit\/lucidante-inox-400-ml\/\",\"url\":\"https:\/\/www.csj-emballages.com\/it\/produit\/lucidante-inox-400-ml\/\",\"name\":\"Lucidante Inox 400 ml\",\"isPartOf\":{\"@id\":\"https:\/\/www.csj-emballages.com\/it\/#website\"},\"primaryImageOfPage\":{\"@id\":\"https:\/\/www.csj-emballages.com\/it\/produit\/lucidante-inox-400-ml\/#primaryimage\"},\"image\":{\"@id\":\"https:\/\/www.csj-emballages.com\/it\/produit\/lucidante-inox-400-ml\/#primaryimage\"},\"thumbnailUrl\":\"https:\/\/www.csj-emballages.com\/wp-content\/uploads\/2024\/03\/Brillant-inox.webp\",\"datePublished\":\"2024-03-01T16:00:18+00:00\",\"dateModified\":\"2026-03-12T15:00:53+00:00\",\"description\":\"Scopri subito il nostro lucidante inox 400 ml, ideale per la cura delle tue superfici in acciaio inox come piani di lavoro, mobili, ecc...\",\"breadcrumb\":{\"@id\":\"https:\/\/www.csj-emballages.com\/it\/produit\/lucidante-inox-400-ml\/#breadcrumb\"},\"inLanguage\":\"it-IT\",\"potentialAction\":[{\"@type\":\"ReadAction\",\"target\":[\"https:\/\/www.csj-emballages.com\/it\/produit\/lucidante-inox-400-ml\/\"]}]},{\"@type\":\"ImageObject\",\"inLanguage\":\"it-IT\",\"@id\":\"https:\/\/www.csj-emballages.com\/it\/produit\/lucidante-inox-400-ml\/#primaryimage\",\"url\":\"https:\/\/www.csj-emballages.com\/wp-content\/uploads\/2024\/03\/Brillant-inox.webp\",\"contentUrl\":\"https:\/\/www.csj-emballages.com\/wp-content\/uploads\/2024\/03\/Brillant-inox.webp\",\"width\":800,\"height\":800,\"caption\":\"Lustrant inox\"},{\"@type\":\"BreadcrumbList\",\"@id\":\"https:\/\/www.csj-emballages.com\/it\/produit\/lucidante-inox-400-ml\/#breadcrumb\",\"itemListElement\":[{\"@type\":\"ListItem\",\"position\":1,\"name\":\"Home\",\"item\":\"https:\/\/www.csj-emballages.com\/it\/universo-imballaggi-alimentari\/\"},{\"@type\":\"ListItem\",\"position\":2,\"name\":\"Negozio\",\"item\":\"https:\/\/www.csj-emballages.com\/it\/negozio\/\"},{\"@type\":\"ListItem\",\"position\":3,\"name\":\"Lucidante inox 400 ml\"}]},{\"@type\":\"WebSite\",\"@id\":\"https:\/\/www.csj-emballages.com\/it\/#website\",\"url\":\"https:\/\/www.csj-emballages.com\/it\/\",\"name\":\"CSJ Emballages\",\"description\":\"\",\"publisher\":{\"@id\":\"https:\/\/www.csj-emballages.com\/it\/#organization\"},\"potentialAction\":[{\"@type\":\"SearchAction\",\"target\":{\"@type\":\"EntryPoint\",\"urlTemplate\":\"https:\/\/www.csj-emballages.com\/it\/?s={search_term_string}\"},\"query-input\":{\"@type\":\"PropertyValueSpecification\",\"valueRequired\":true,\"valueName\":\"search_term_string\"}}],\"inLanguage\":\"it-IT\"},{\"@type\":\"Organization\",\"@id\":\"https:\/\/www.csj-emballages.com\/it\/#Organization\/\",\"name\":\"CSJ Emballages\",\"url\":\"https:\/\/www.csj-emballages.com\/it\/\",\"logo\":{\"@type\":\"ImageObject\",\"inLanguage\":\"it-IT\",\"@id\":\"https:\/\/www.csj-emballages.com\/it\/#\/schema\/logo\/image\/\",\"url\":\"https:\/\/www.csj-emballages.com\/wp-content\/uploads\/2023\/10\/logo_csj.webp\",\"contentUrl\":\"https:\/\/www.csj-emballages.com\/wp-content\/uploads\/2023\/10\/logo_csj.webp\",\"width\":250,\"height\":95,\"caption\":\"CSJ Emballages\"},\"image\":{\"@id\":\"https:\/\/www.csj-emballages.com\/it\/#\/schema\/logo\/image\/\"},\"sameAs\":[\"https:\/\/www.facebook.com\/csjemballages\"],\"address\":{\"@type\":\"PostalAddress\",\"streetAddress\":\"ZI La Lechere\",\"addressLocality\":\"Patornay\",\"postalCode\":\"39130\",\"addressCountry\":\"FR\"},\"contactPoint\":[{\"@type\":\"ContactPoint\",\"contactType\":\"Service client\",\"telephone\":\"0384254272\",\"email\":\"contact@csj-emballages.com\"}]}]}<\/script>\n<!-- \/ Yoast SEO Premium plugin. -->","yoast_head_json":{"title":"Lucidante Inox 400 ml","description":"Scopri subito il nostro lucidante inox 400 ml, ideale per la cura delle tue superfici in acciaio inox come piani di lavoro, mobili, ecc...","robots":{"index":"index","follow":"follow","max-snippet":"max-snippet:-1","max-image-preview":"max-image-preview:large","max-video-preview":"max-video-preview:-1"},"canonical":"https:\/\/www.csj-emballages.com\/it\/produit\/lucidante-inox-400-ml\/","og_locale":"it_IT","og_type":"article","og_title":"Lucidante inox 400 ml","og_description":"Scopri subito il nostro lucidante inox 400 ml, ideale per la cura delle tue superfici in acciaio inox come piani di lavoro, mobili, ecc...","og_url":"https:\/\/www.csj-emballages.com\/it\/produit\/lucidante-inox-400-ml\/","og_site_name":"CSJ Emballages","article_publisher":"https:\/\/www.facebook.com\/csjemballages","article_modified_time":"2026-03-12T15:00:53+00:00","og_image":[{"width":800,"height":800,"url":"https:\/\/www.csj-emballages.com\/wp-content\/uploads\/2024\/03\/Brillant-inox.webp","type":"image\/webp"}],"twitter_card":"summary_large_image","twitter_misc":{"Dur\u00e9e de lecture estim\u00e9e":"2 minuti"},"schema":{"@context":"https:\/\/schema.org","@graph":[{"@type":"WebPage","@id":"https:\/\/www.csj-emballages.com\/it\/produit\/lucidante-inox-400-ml\/","url":"https:\/\/www.csj-emballages.com\/it\/produit\/lucidante-inox-400-ml\/","name":"Lucidante Inox 400 ml","isPartOf":{"@id":"https:\/\/www.csj-emballages.com\/it\/#website"},"primaryImageOfPage":{"@id":"https:\/\/www.csj-emballages.com\/it\/produit\/lucidante-inox-400-ml\/#primaryimage"},"image":{"@id":"https:\/\/www.csj-emballages.com\/it\/produit\/lucidante-inox-400-ml\/#primaryimage"},"thumbnailUrl":"https:\/\/www.csj-emballages.com\/wp-content\/uploads\/2024\/03\/Brillant-inox.webp","datePublished":"2024-03-01T16:00:18+00:00","dateModified":"2026-03-12T15:00:53+00:00","description":"Scopri subito il nostro lucidante inox 400 ml, ideale per la cura delle tue superfici in acciaio inox come piani di lavoro, mobili, ecc...","breadcrumb":{"@id":"https:\/\/www.csj-emballages.com\/it\/produit\/lucidante-inox-400-ml\/#breadcrumb"},"inLanguage":"it-IT","potentialAction":[{"@type":"ReadAction","target":["https:\/\/www.csj-emballages.com\/it\/produit\/lucidante-inox-400-ml\/"]}]},{"@type":"ImageObject","inLanguage":"it-IT","@id":"https:\/\/www.csj-emballages.com\/it\/produit\/lucidante-inox-400-ml\/#primaryimage","url":"https:\/\/www.csj-emballages.com\/wp-content\/uploads\/2024\/03\/Brillant-inox.webp","contentUrl":"https:\/\/www.csj-emballages.com\/wp-content\/uploads\/2024\/03\/Brillant-inox.webp","width":800,"height":800,"caption":"Lustrant inox"},{"@type":"BreadcrumbList","@id":"https:\/\/www.csj-emballages.com\/it\/produit\/lucidante-inox-400-ml\/#breadcrumb","itemListElement":[{"@type":"ListItem","position":1,"name":"Home","item":"https:\/\/www.csj-emballages.com\/it\/universo-imballaggi-alimentari\/"},{"@type":"ListItem","position":2,"name":"Negozio","item":"https:\/\/www.csj-emballages.com\/it\/negozio\/"},{"@type":"ListItem","position":3,"name":"Lucidante inox 400 ml"}]},{"@type":"WebSite","@id":"https:\/\/www.csj-emballages.com\/it\/#website","url":"https:\/\/www.csj-emballages.com\/it\/","name":"CSJ Emballages","description":"","publisher":{"@id":"https:\/\/www.csj-emballages.com\/it\/#organization"},"potentialAction":[{"@type":"SearchAction","target":{"@type":"EntryPoint","urlTemplate":"https:\/\/www.csj-emballages.com\/it\/?s={search_term_string}"},"query-input":{"@type":"PropertyValueSpecification","valueRequired":true,"valueName":"search_term_string"}}],"inLanguage":"it-IT"},{"@type":"Organization","@id":"https:\/\/www.csj-emballages.com\/it\/#Organization\/","name":"CSJ Emballages","url":"https:\/\/www.csj-emballages.com\/it\/","logo":{"@type":"ImageObject","inLanguage":"it-IT","@id":"https:\/\/www.csj-emballages.com\/it\/#\/schema\/logo\/image\/","url":"https:\/\/www.csj-emballages.com\/wp-content\/uploads\/2023\/10\/logo_csj.webp","contentUrl":"https:\/\/www.csj-emballages.com\/wp-content\/uploads\/2023\/10\/logo_csj.webp","width":250,"height":95,"caption":"CSJ Emballages"},"image":{"@id":"https:\/\/www.csj-emballages.com\/it\/#\/schema\/logo\/image\/"},"sameAs":["https:\/\/www.facebook.com\/csjemballages"],"address":{"@type":"PostalAddress","streetAddress":"ZI La Lechere","addressLocality":"Patornay","postalCode":"39130","addressCountry":"FR"},"contactPoint":[{"@type":"ContactPoint","contactType":"Service client","telephone":"0384254272","email":"contact@csj-emballages.com"}]}]}},"df_price":6.74,"df_sale_price":"","df_regular_price":6.74,"df_image_link":"https:\/\/www.csj-emballages.com\/wp-content\/uploads\/2024\/03\/Brillant-inox-300x300.webp","tiered_pricing_type":"fixed","tiered_pricing_fixed_rules":[],"tiered_pricing_percentage_rules":[],"tiered_pricing_minimum":1,"tiered_pricing_roles_data":[],"_links":{"self":[{"href":"https:\/\/www.csj-emballages.com\/it\/wp-json\/wp\/v2\/product\/267397","targetHints":{"allow":["GET"]}}],"collection":[{"href":"https:\/\/www.csj-emballages.com\/it\/wp-json\/wp\/v2\/product"}],"about":[{"href":"https:\/\/www.csj-emballages.com\/it\/wp-json\/wp\/v2\/types\/product"}],"wp:featuredmedia":[{"embeddable":true,"href":"https:\/\/www.csj-emballages.com\/it\/wp-json\/wp\/v2\/media\/267400"}],"wp:attachment":[{"href":"https:\/\/www.csj-emballages.com\/it\/wp-json\/wp\/v2\/media?parent=267397"}],"wp:term":[{"taxonomy":"product_brand","embeddable":true,"href":"https:\/\/www.csj-emballages.com\/it\/wp-json\/wp\/v2\/product_brand?post=267397"},{"taxonomy":"product_cat","embeddable":true,"href":"https:\/\/www.csj-emballages.com\/it\/wp-json\/wp\/v2\/product_cat?post=267397"},{"taxonomy":"product_tag","embeddable":true,"href":"https:\/\/www.csj-emballages.com\/it\/wp-json\/wp\/v2\/product_tag?post=267397"}],"curies":[{"name":"wp","href":"https:\/\/api.w.org\/{rel}","templated":true}]}}