{"id":267385,"date":"2024-03-01T17:00:18","date_gmt":"2024-03-01T16:00:18","guid":{"rendered":"https:\/\/www.csj-emballages.com\/produit\/rotolo-carta-igienica-ovatta-bianca-3-veli-200-strappi-per-4\/"},"modified":"2026-04-18T02:10:20","modified_gmt":"2026-04-18T00:10:20","slug":"rotolo-carta-igienica-ovatta-bianca-3-veli-200-strappi-per-4","status":"publish","type":"product","link":"https:\/\/www.csj-emballages.com\/it\/produit\/rotolo-carta-igienica-ovatta-bianca-3-veli-200-strappi-per-4\/","title":{"rendered":"Rotolo carta igienica ovatta bianca 3 veli 200 strappi per 4"},"content":{"rendered":"<h2>Rotolo carta igienica<\/h2>\n<hr>\n<h3>Descrizione del nostro rotolo carta igienica ovatta bianca 3 veli 200 strappi per 4<\/h3>\n<p><!--more--><\/p>\n<div class=\"flex max-w-full flex-col flex-grow\">\n<div class=\"min-h-8 text-message flex w-full flex-col items-end gap-2 whitespace-normal break-words text-start [.text-message+&amp;]:mt-5\" dir=\"auto\" data-message-author-role=\"assistant\" data-message-id=\"266ca6f3-5e07-4948-bd20-80ac5e6da4a5\" data-message-model-slug=\"gpt-4o\">\n<div class=\"flex w-full flex-col gap-1 empty:hidden first:pt-[3px]\">\n<div class=\"markdown prose w-full break-words dark:prose-invert dark\">\n<p data-start=\"224\" data-end=\"601\">Questi <strong data-start=\"228\" data-end=\"283\">rotoli di carta igienica in ovatta bianca a 3 veli<\/strong> sono pensati per offrire un vero comfort quotidiano, senza compromessi sulla qualit\u00e0. Grazie al loro spessore a tre strati, donano una sensazione morbida e piacevole, pur rimanendo resistenti all&#8217;uso. \u00c8 il tipo di prodotto discreto ma essenziale, quello su cui si ama poter contare giorno dopo giorno.  <\/p>\n<p data-start=\"603\" data-end=\"915\">Con <strong data-start=\"608\" data-end=\"635\">200 strappi per rotolo<\/strong>, ogni <strong>rotolo<\/strong> dura pi\u00f9 a lungo. Ci\u00f2 riduce la frequenza delle sostituzioni, il che \u00e8 particolarmente pratico in luoghi ad alta frequentazione. I <strong>fogli<\/strong> si staccano facilmente, senza strapparsi troppo presto, e garantiscono un utilizzo pulito ed efficiente.  <\/p>\n<p data-start=\"917\" data-end=\"1315\">L&#8217;<strong data-start=\"920\" data-end=\"937\">ovatta bianca<\/strong> trasmette un&#8217;immagine pulita e curata, perfettamente adatta sia ai servizi igienici professionali che all&#8217;uso domestico. Che sia in <strong>uffici, ristoranti, comunit\u00e0, hotel o spazi aperti al pubblico<\/strong>, questa <strong>carta igienica<\/strong> si integra naturalmente in ogni ambiente. Combina comfort per l&#8217;utente e praticit\u00e0 per la gestione dei materiali di consumo.  <\/p>\n<p data-start=\"1317\" data-end=\"1538\">Venduto <strong data-start=\"1323\" data-end=\"1348\">in confezione da 4 rotoli<\/strong>, questo formato \u00e8 ideale per completare una scorta o garantire la continuit\u00e0 del servizio senza ingombrare gli spazi di stoccaggio. Offre un buon equilibrio tra autonomia e facilit\u00e0 di conservazione. <\/p>\n<p data-start=\"1540\" data-end=\"1727\">In sintesi, questa <strong>carta igienica a 3 veli in ovatta bianca<\/strong> \u00e8 una scelta affidabile e confortevole. Risponde alle esigenze quotidiane con semplicit\u00e0, efficacia e una vera sensazione di qualit\u00e0. <\/p>\n<h3><\/h3>\n<\/div>\n<\/div>\n<\/div>\n<\/div>\n<p><!--more--><\/p>\n<h4>Vantaggi:<\/h4>\n<ul>\n<li data-start=\"1755\" data-end=\"1790\"><strong>Carta igienica<\/strong> in ovatta bianca.<\/li>\n<li data-start=\"1793\" data-end=\"1829\">Comfort migliorato grazie ai <strong>3 veli<\/strong>.<\/li>\n<li data-start=\"1832\" data-end=\"1858\"><strong>200 strappi<\/strong> per rotolo.<\/li>\n<li data-start=\"1861\" data-end=\"1890\">Buona resistenza all&#8217;uso.<\/li>\n<li data-start=\"1893\" data-end=\"1944\">Adatto a servizi igienici professionali e privati.<\/li>\n<li data-start=\"1947\" data-end=\"1974\">Pratica confezione da <strong>4 rotoli<\/strong>.<\/li>\n<\/ul>\n<p>&nbsp;<\/p>\n<p><!--more--><\/p>\n<h4>Altre informazioni:<\/h4>\n<ul>\n<li><strong>Confezionamento<\/strong>: Pacco da 4<\/li>\n<li><strong>Materiale<\/strong>: Pura Ovatta<\/li>\n<li><strong>Numero di veli<\/strong>: 3<\/li>\n<li><strong>Numero di strappi<\/strong>: 200<\/li>\n<li><strong>Tipo<\/strong>: Goffrato<\/li>\n<li><strong>Colore<\/strong>: Bianco<\/li>\n<\/ul>\n<p>&nbsp;<\/p>\n<p><!--more--><\/p>\n<p><a href=\"\/?product_cat=papier-hygieneniques\">Consulta il resto della nostra gamma di carta igienica<\/a><\/p>\n","protected":false},"excerpt":{"rendered":"<p>Rotolo carta igienica Descrizione del nostro rotolo carta igienica ovatta bianca 3 veli 200 strappi per 4<\/p>\n","protected":false},"featured_media":267387,"template":"","meta":{"_acf_changed":false},"product_brand":[],"product_cat":[10356,10385,10433],"product_tag":[],"class_list":{"0":"post-267385","1":"product","2":"type-product","3":"status-publish","4":"has-post-thumbnail","6":"product_cat-igiene-e-manutenzione","7":"product_cat-asciugatura","8":"product_cat-carte-igieniche","10":"first","11":"instock","12":"taxable","13":"shipping-taxable","14":"purchasable","15":"product-type-simple"},"acf":[],"yoast_head":"<!-- This site is optimized with the Yoast SEO Premium plugin v26.6 (Yoast SEO v26.6) - https:\/\/yoast.com\/wordpress\/plugins\/seo\/ -->\n<title>Rotolo Carta Igienica Ovatta Bianca 3 Veli 200 Strappi per 4<\/title>\n<meta name=\"description\" content=\"Carta igienica ovatta bianca 3 veli, 200 strappi per rotolo. Venduta in confezione da 4, confortevole, resistente e adatta all&#039;uso professionale e quotidiano.\" \/>\n<meta name=\"robots\" content=\"index, follow, max-snippet:-1, max-image-preview:large, max-video-preview:-1\" \/>\n<link rel=\"canonical\" href=\"https:\/\/www.csj-emballages.com\/it\/produit\/rotolo-carta-igienica-ovatta-bianca-3-veli-200-strappi-per-4\/\" \/>\n<meta property=\"og:locale\" content=\"it_IT\" \/>\n<meta property=\"og:type\" content=\"article\" \/>\n<meta property=\"og:title\" content=\"Rotolo carta igienica ovatta bianca 3 veli 200 strappi per 4\" \/>\n<meta property=\"og:description\" content=\"Carta igienica ovatta bianca 3 veli, 200 strappi per rotolo. Venduta in confezione da 4, confortevole, resistente e adatta all&#039;uso professionale e quotidiano.\" \/>\n<meta property=\"og:url\" content=\"https:\/\/www.csj-emballages.com\/it\/produit\/rotolo-carta-igienica-ovatta-bianca-3-veli-200-strappi-per-4\/\" \/>\n<meta property=\"og:site_name\" content=\"CSJ Emballages\" \/>\n<meta property=\"article:publisher\" content=\"https:\/\/www.facebook.com\/csjemballages\" \/>\n<meta property=\"article:modified_time\" content=\"2026-04-18T00:10:20+00:00\" \/>\n<meta property=\"og:image\" content=\"https:\/\/www.csj-emballages.com\/wp-content\/uploads\/2024\/03\/01H3P.webp\" \/>\n\t<meta property=\"og:image:width\" content=\"800\" \/>\n\t<meta property=\"og:image:height\" content=\"800\" \/>\n\t<meta property=\"og:image:type\" content=\"image\/webp\" \/>\n<meta name=\"twitter:card\" content=\"summary_large_image\" \/>\n<meta name=\"twitter:label1\" content=\"Dur\u00e9e de lecture estim\u00e9e\" \/>\n\t<meta name=\"twitter:data1\" content=\"1 minuto\" \/>\n<script type=\"application\/ld+json\" class=\"yoast-schema-graph\">{\"@context\":\"https:\/\/schema.org\",\"@graph\":[{\"@type\":\"WebPage\",\"@id\":\"https:\/\/www.csj-emballages.com\/it\/produit\/rotolo-carta-igienica-ovatta-bianca-3-veli-200-strappi-per-4\/\",\"url\":\"https:\/\/www.csj-emballages.com\/it\/produit\/rotolo-carta-igienica-ovatta-bianca-3-veli-200-strappi-per-4\/\",\"name\":\"Rotolo Carta Igienica Ovatta Bianca 3 Veli 200 Strappi per 4\",\"isPartOf\":{\"@id\":\"https:\/\/www.csj-emballages.com\/it\/#website\"},\"primaryImageOfPage\":{\"@id\":\"https:\/\/www.csj-emballages.com\/it\/produit\/rotolo-carta-igienica-ovatta-bianca-3-veli-200-strappi-per-4\/#primaryimage\"},\"image\":{\"@id\":\"https:\/\/www.csj-emballages.com\/it\/produit\/rotolo-carta-igienica-ovatta-bianca-3-veli-200-strappi-per-4\/#primaryimage\"},\"thumbnailUrl\":\"https:\/\/www.csj-emballages.com\/wp-content\/uploads\/2024\/03\/01H3P.webp\",\"datePublished\":\"2024-03-01T16:00:18+00:00\",\"dateModified\":\"2026-04-18T00:10:20+00:00\",\"description\":\"Carta igienica ovatta bianca 3 veli, 200 strappi per rotolo. Venduta in confezione da 4, confortevole, resistente e adatta all'uso professionale e quotidiano.\",\"breadcrumb\":{\"@id\":\"https:\/\/www.csj-emballages.com\/it\/produit\/rotolo-carta-igienica-ovatta-bianca-3-veli-200-strappi-per-4\/#breadcrumb\"},\"inLanguage\":\"it-IT\",\"potentialAction\":[{\"@type\":\"ReadAction\",\"target\":[\"https:\/\/www.csj-emballages.com\/it\/produit\/rotolo-carta-igienica-ovatta-bianca-3-veli-200-strappi-per-4\/\"]}]},{\"@type\":\"ImageObject\",\"inLanguage\":\"it-IT\",\"@id\":\"https:\/\/www.csj-emballages.com\/it\/produit\/rotolo-carta-igienica-ovatta-bianca-3-veli-200-strappi-per-4\/#primaryimage\",\"url\":\"https:\/\/www.csj-emballages.com\/wp-content\/uploads\/2024\/03\/01H3P.webp\",\"contentUrl\":\"https:\/\/www.csj-emballages.com\/wp-content\/uploads\/2024\/03\/01H3P.webp\",\"width\":800,\"height\":800,\"caption\":\"Rouleau papier toilette\"},{\"@type\":\"BreadcrumbList\",\"@id\":\"https:\/\/www.csj-emballages.com\/it\/produit\/rotolo-carta-igienica-ovatta-bianca-3-veli-200-strappi-per-4\/#breadcrumb\",\"itemListElement\":[{\"@type\":\"ListItem\",\"position\":1,\"name\":\"Home\",\"item\":\"https:\/\/www.csj-emballages.com\/it\/universo-imballaggi-alimentari\/\"},{\"@type\":\"ListItem\",\"position\":2,\"name\":\"Negozio\",\"item\":\"https:\/\/www.csj-emballages.com\/it\/negozio\/\"},{\"@type\":\"ListItem\",\"position\":3,\"name\":\"Rotolo carta igienica ovatta bianca 3 veli 200 strappi per 4\"}]},{\"@type\":\"WebSite\",\"@id\":\"https:\/\/www.csj-emballages.com\/it\/#website\",\"url\":\"https:\/\/www.csj-emballages.com\/it\/\",\"name\":\"CSJ Emballages\",\"description\":\"\",\"publisher\":{\"@id\":\"https:\/\/www.csj-emballages.com\/it\/#organization\"},\"potentialAction\":[{\"@type\":\"SearchAction\",\"target\":{\"@type\":\"EntryPoint\",\"urlTemplate\":\"https:\/\/www.csj-emballages.com\/it\/?s={search_term_string}\"},\"query-input\":{\"@type\":\"PropertyValueSpecification\",\"valueRequired\":true,\"valueName\":\"search_term_string\"}}],\"inLanguage\":\"it-IT\"},{\"@type\":\"Organization\",\"@id\":\"https:\/\/www.csj-emballages.com\/it\/#Organization\/\",\"name\":\"CSJ Emballages\",\"url\":\"https:\/\/www.csj-emballages.com\/it\/\",\"logo\":{\"@type\":\"ImageObject\",\"inLanguage\":\"it-IT\",\"@id\":\"https:\/\/www.csj-emballages.com\/it\/#\/schema\/logo\/image\/\",\"url\":\"https:\/\/www.csj-emballages.com\/wp-content\/uploads\/2023\/10\/logo_csj.webp\",\"contentUrl\":\"https:\/\/www.csj-emballages.com\/wp-content\/uploads\/2023\/10\/logo_csj.webp\",\"width\":250,\"height\":95,\"caption\":\"CSJ Emballages\"},\"image\":{\"@id\":\"https:\/\/www.csj-emballages.com\/it\/#\/schema\/logo\/image\/\"},\"sameAs\":[\"https:\/\/www.facebook.com\/csjemballages\"],\"address\":{\"@type\":\"PostalAddress\",\"streetAddress\":\"ZI La Lechere\",\"addressLocality\":\"Patornay\",\"postalCode\":\"39130\",\"addressCountry\":\"FR\"},\"contactPoint\":[{\"@type\":\"ContactPoint\",\"contactType\":\"Service client\",\"telephone\":\"0384254272\",\"email\":\"contact@csj-emballages.com\"}]}]}<\/script>\n<!-- \/ Yoast SEO Premium plugin. -->","yoast_head_json":{"title":"Rotolo Carta Igienica Ovatta Bianca 3 Veli 200 Strappi per 4","description":"Carta igienica ovatta bianca 3 veli, 200 strappi per rotolo. Venduta in confezione da 4, confortevole, resistente e adatta all'uso professionale e quotidiano.","robots":{"index":"index","follow":"follow","max-snippet":"max-snippet:-1","max-image-preview":"max-image-preview:large","max-video-preview":"max-video-preview:-1"},"canonical":"https:\/\/www.csj-emballages.com\/it\/produit\/rotolo-carta-igienica-ovatta-bianca-3-veli-200-strappi-per-4\/","og_locale":"it_IT","og_type":"article","og_title":"Rotolo carta igienica ovatta bianca 3 veli 200 strappi per 4","og_description":"Carta igienica ovatta bianca 3 veli, 200 strappi per rotolo. Venduta in confezione da 4, confortevole, resistente e adatta all'uso professionale e quotidiano.","og_url":"https:\/\/www.csj-emballages.com\/it\/produit\/rotolo-carta-igienica-ovatta-bianca-3-veli-200-strappi-per-4\/","og_site_name":"CSJ Emballages","article_publisher":"https:\/\/www.facebook.com\/csjemballages","article_modified_time":"2026-04-18T00:10:20+00:00","og_image":[{"width":800,"height":800,"url":"https:\/\/www.csj-emballages.com\/wp-content\/uploads\/2024\/03\/01H3P.webp","type":"image\/webp"}],"twitter_card":"summary_large_image","twitter_misc":{"Dur\u00e9e de lecture estim\u00e9e":"1 minuto"},"schema":{"@context":"https:\/\/schema.org","@graph":[{"@type":"WebPage","@id":"https:\/\/www.csj-emballages.com\/it\/produit\/rotolo-carta-igienica-ovatta-bianca-3-veli-200-strappi-per-4\/","url":"https:\/\/www.csj-emballages.com\/it\/produit\/rotolo-carta-igienica-ovatta-bianca-3-veli-200-strappi-per-4\/","name":"Rotolo Carta Igienica Ovatta Bianca 3 Veli 200 Strappi per 4","isPartOf":{"@id":"https:\/\/www.csj-emballages.com\/it\/#website"},"primaryImageOfPage":{"@id":"https:\/\/www.csj-emballages.com\/it\/produit\/rotolo-carta-igienica-ovatta-bianca-3-veli-200-strappi-per-4\/#primaryimage"},"image":{"@id":"https:\/\/www.csj-emballages.com\/it\/produit\/rotolo-carta-igienica-ovatta-bianca-3-veli-200-strappi-per-4\/#primaryimage"},"thumbnailUrl":"https:\/\/www.csj-emballages.com\/wp-content\/uploads\/2024\/03\/01H3P.webp","datePublished":"2024-03-01T16:00:18+00:00","dateModified":"2026-04-18T00:10:20+00:00","description":"Carta igienica ovatta bianca 3 veli, 200 strappi per rotolo. Venduta in confezione da 4, confortevole, resistente e adatta all'uso professionale e quotidiano.","breadcrumb":{"@id":"https:\/\/www.csj-emballages.com\/it\/produit\/rotolo-carta-igienica-ovatta-bianca-3-veli-200-strappi-per-4\/#breadcrumb"},"inLanguage":"it-IT","potentialAction":[{"@type":"ReadAction","target":["https:\/\/www.csj-emballages.com\/it\/produit\/rotolo-carta-igienica-ovatta-bianca-3-veli-200-strappi-per-4\/"]}]},{"@type":"ImageObject","inLanguage":"it-IT","@id":"https:\/\/www.csj-emballages.com\/it\/produit\/rotolo-carta-igienica-ovatta-bianca-3-veli-200-strappi-per-4\/#primaryimage","url":"https:\/\/www.csj-emballages.com\/wp-content\/uploads\/2024\/03\/01H3P.webp","contentUrl":"https:\/\/www.csj-emballages.com\/wp-content\/uploads\/2024\/03\/01H3P.webp","width":800,"height":800,"caption":"Rouleau papier toilette"},{"@type":"BreadcrumbList","@id":"https:\/\/www.csj-emballages.com\/it\/produit\/rotolo-carta-igienica-ovatta-bianca-3-veli-200-strappi-per-4\/#breadcrumb","itemListElement":[{"@type":"ListItem","position":1,"name":"Home","item":"https:\/\/www.csj-emballages.com\/it\/universo-imballaggi-alimentari\/"},{"@type":"ListItem","position":2,"name":"Negozio","item":"https:\/\/www.csj-emballages.com\/it\/negozio\/"},{"@type":"ListItem","position":3,"name":"Rotolo carta igienica ovatta bianca 3 veli 200 strappi per 4"}]},{"@type":"WebSite","@id":"https:\/\/www.csj-emballages.com\/it\/#website","url":"https:\/\/www.csj-emballages.com\/it\/","name":"CSJ Emballages","description":"","publisher":{"@id":"https:\/\/www.csj-emballages.com\/it\/#organization"},"potentialAction":[{"@type":"SearchAction","target":{"@type":"EntryPoint","urlTemplate":"https:\/\/www.csj-emballages.com\/it\/?s={search_term_string}"},"query-input":{"@type":"PropertyValueSpecification","valueRequired":true,"valueName":"search_term_string"}}],"inLanguage":"it-IT"},{"@type":"Organization","@id":"https:\/\/www.csj-emballages.com\/it\/#Organization\/","name":"CSJ Emballages","url":"https:\/\/www.csj-emballages.com\/it\/","logo":{"@type":"ImageObject","inLanguage":"it-IT","@id":"https:\/\/www.csj-emballages.com\/it\/#\/schema\/logo\/image\/","url":"https:\/\/www.csj-emballages.com\/wp-content\/uploads\/2023\/10\/logo_csj.webp","contentUrl":"https:\/\/www.csj-emballages.com\/wp-content\/uploads\/2023\/10\/logo_csj.webp","width":250,"height":95,"caption":"CSJ Emballages"},"image":{"@id":"https:\/\/www.csj-emballages.com\/it\/#\/schema\/logo\/image\/"},"sameAs":["https:\/\/www.facebook.com\/csjemballages"],"address":{"@type":"PostalAddress","streetAddress":"ZI La Lechere","addressLocality":"Patornay","postalCode":"39130","addressCountry":"FR"},"contactPoint":[{"@type":"ContactPoint","contactType":"Service client","telephone":"0384254272","email":"contact@csj-emballages.com"}]}]}},"df_price":2.42,"df_sale_price":"","df_regular_price":2.42,"df_image_link":"https:\/\/www.csj-emballages.com\/wp-content\/uploads\/2024\/03\/01H3P-300x300.webp","tiered_pricing_type":"fixed","tiered_pricing_fixed_rules":[],"tiered_pricing_percentage_rules":[],"tiered_pricing_minimum":1,"tiered_pricing_roles_data":[],"_links":{"self":[{"href":"https:\/\/www.csj-emballages.com\/it\/wp-json\/wp\/v2\/product\/267385","targetHints":{"allow":["GET"]}}],"collection":[{"href":"https:\/\/www.csj-emballages.com\/it\/wp-json\/wp\/v2\/product"}],"about":[{"href":"https:\/\/www.csj-emballages.com\/it\/wp-json\/wp\/v2\/types\/product"}],"wp:featuredmedia":[{"embeddable":true,"href":"https:\/\/www.csj-emballages.com\/it\/wp-json\/wp\/v2\/media\/267387"}],"wp:attachment":[{"href":"https:\/\/www.csj-emballages.com\/it\/wp-json\/wp\/v2\/media?parent=267385"}],"wp:term":[{"taxonomy":"product_brand","embeddable":true,"href":"https:\/\/www.csj-emballages.com\/it\/wp-json\/wp\/v2\/product_brand?post=267385"},{"taxonomy":"product_cat","embeddable":true,"href":"https:\/\/www.csj-emballages.com\/it\/wp-json\/wp\/v2\/product_cat?post=267385"},{"taxonomy":"product_tag","embeddable":true,"href":"https:\/\/www.csj-emballages.com\/it\/wp-json\/wp\/v2\/product_tag?post=267385"}],"curies":[{"name":"wp","href":"https:\/\/api.w.org\/{rel}","templated":true}]}}