{"id":267379,"date":"2024-03-01T17:00:17","date_gmt":"2024-03-01T16:00:17","guid":{"rendered":"https:\/\/www.csj-emballages.com\/produit\/griglia-per-orinatoio-profumo-marino\/"},"modified":"2026-03-12T16:00:56","modified_gmt":"2026-03-12T15:00:56","slug":"griglia-per-orinatoio-profumo-marino","status":"publish","type":"product","link":"https:\/\/www.csj-emballages.com\/it\/produit\/griglia-per-orinatoio-profumo-marino\/","title":{"rendered":"Griglia per orinatoio profumo marino"},"content":{"rendered":"<h2>Griglia per orinatoio<\/h2>\n<hr>\n<h3>Descrizione della nostra griglia per orinatoio profumo marino<\/h3>\n<p><!--more--><\/p>\n<p data-start=\"109\" data-end=\"513\">Pensata per i professionisti dell\u2019igiene e per le strutture aperte al pubblico (ERP), la <strong data-start=\"243\" data-end=\"275\">griglia per orinatoio profumo marino<\/strong> \u00e8 indispensabile per mantenere la pulizia e limitare i cattivi odori nei tuoi servizi. Che tu gestisca un ristorante, un hotel, un centro commerciale o anche degli uffici, questo piccolo accessorio discreto fa davvero la differenza. Realizzata in materiale morbido e resistente, questa <strong>griglia per orinatoio<\/strong> si adatta alla maggior parte degli orinatoi. Crea una barriera efficace contro le proiezioni di urina, gli schizzi e i residui solidi che potrebbero ostruire le tubature. Grazie alla forma traforata e alla texture anti-spruzzo, facilita il deflusso mantenendo l\u2019orinatoio pulito pi\u00f9 a lungo.    <\/p>\n<p data-start=\"889\" data-end=\"1138\">Ma dove si distingue davvero \u00e8 con il suo <strong data-start=\"943\" data-end=\"968\">profumo fresco &#8220;marino&#8221;<\/strong>, che diffonde una fragranza piacevole per diverse settimane. Addio ai cattivi odori persistenti: i tuoi servizi profumano di pulito e freschezza fin dall\u2019ingresso. <\/p>\n<p data-start=\"1140\" data-end=\"1408\">Facile da installare e sostituire, fa risparmiare tempo al personale addetto alle pulizie e garantisce un\u2019esperienza migliore agli utenti. Un piccolo gesto semplice, ma essenziale, per servizi pi\u00f9 puliti, pi\u00f9 accoglienti e pi\u00f9 duraturi. <\/p>\n<p data-start=\"1248\" data-end=\"1443\"><!--more--><\/p>\n<h4 data-start=\"1248\" data-end=\"1443\">Vantaggi:<\/h4>\n<ul>\n<li>Neutralizza efficacemente i cattivi odori.<\/li>\n<li>Profumo &#8220;marino&#8221; fresco e duraturo.<\/li>\n<li>Forma anti-spruzzo per una maggiore igiene.<\/li>\n<li>Facile da posare e sostituire.<\/li>\n<\/ul>\n<p>&nbsp;<\/p>\n<p><!--more--><\/p>\n<h4>Altre informazioni:<\/h4>\n<ul>\n<li><strong>Confezionamento<\/strong>: Singolo<\/li>\n<li><strong>Dimensioni<\/strong>: 18,5 x 18 cm<\/li>\n<li><strong>Utilizzo<\/strong>: Griglia per orinatoio<\/li>\n<li><strong>Profumo<\/strong>: Marino<\/li>\n<\/ul>\n<p>&nbsp;<\/p>\n<p><!--more--><\/p>\n<p>Scopri anche le nostre pastiglie per orinatoio 33 galets da 33g profumo agrumi: <span style=\"color: #d12727;\"><a style=\"color: #d12727;\" href=\"https:\/\/www.csj-emballages.com\/it\/produit\/pastiglia-per-orinatoio-da-33g-al-profumo-di-agrumi-confezione-da-33\/\">1637<\/a><\/span><\/p>\n<p>&nbsp;<\/p>\n<p><!--more--><\/p>\n<p><a href=\"https:\/\/www.csj-emballages.com\/it\/categorie-produit\/igiene-e-manutenzione\/prodotti-per-la-pulizia\/sanitari\/\">Consulta il resto della nostra gamma di prodotti per la pulizia dei servizi igienici  <\/a><\/p>\n","protected":false},"excerpt":{"rendered":"<p>Griglia per orinatoio Descrizione della nostra griglia per orinatoio profumo marino<\/p>\n","protected":false},"featured_media":267381,"template":"","meta":{"_acf_changed":false},"product_brand":[],"product_cat":[10356,10360,10459],"product_tag":[],"class_list":{"0":"post-267379","1":"product","2":"type-product","3":"status-publish","4":"has-post-thumbnail","6":"product_cat-igiene-e-manutenzione","7":"product_cat-prodotti-per-la-pulizia","8":"product_cat-sanitari","10":"first","11":"instock","12":"taxable","13":"shipping-taxable","14":"purchasable","15":"product-type-simple"},"acf":[],"yoast_head":"<!-- This site is optimized with the Yoast SEO Premium plugin v26.6 (Yoast SEO v26.6) - https:\/\/yoast.com\/wordpress\/plugins\/seo\/ -->\n<title>Griglia per orinatoio profumo marino<\/title>\n<meta name=\"description\" content=\"Griglia per orinatoio profumata marino: neutralizza gli odori, evita gli schizzi e prolunga l\u2019igiene dei servizi. Ideale per ERP e luoghi pubblici.\" \/>\n<meta name=\"robots\" content=\"index, follow, max-snippet:-1, max-image-preview:large, max-video-preview:-1\" \/>\n<link rel=\"canonical\" href=\"https:\/\/www.csj-emballages.com\/it\/produit\/griglia-per-orinatoio-profumo-marino\/\" \/>\n<meta property=\"og:locale\" content=\"it_IT\" \/>\n<meta property=\"og:type\" content=\"article\" \/>\n<meta property=\"og:title\" content=\"Griglia per orinatoio profumo marino\" \/>\n<meta property=\"og:description\" content=\"Griglia per orinatoio profumata marino: neutralizza gli odori, evita gli schizzi e prolunga l\u2019igiene dei servizi. Ideale per ERP e luoghi pubblici.\" \/>\n<meta property=\"og:url\" content=\"https:\/\/www.csj-emballages.com\/it\/produit\/griglia-per-orinatoio-profumo-marino\/\" \/>\n<meta property=\"og:site_name\" content=\"CSJ Emballages\" \/>\n<meta property=\"article:publisher\" content=\"https:\/\/www.facebook.com\/csjemballages\" \/>\n<meta property=\"article:modified_time\" content=\"2026-03-12T15:00:56+00:00\" \/>\n<meta property=\"og:image\" content=\"https:\/\/www.csj-emballages.com\/wp-content\/uploads\/2024\/03\/02212.webp\" \/>\n\t<meta property=\"og:image:width\" content=\"800\" \/>\n\t<meta property=\"og:image:height\" content=\"800\" \/>\n\t<meta property=\"og:image:type\" content=\"image\/webp\" \/>\n<meta name=\"twitter:card\" content=\"summary_large_image\" \/>\n<meta name=\"twitter:label1\" content=\"Dur\u00e9e de lecture estim\u00e9e\" \/>\n\t<meta name=\"twitter:data1\" content=\"1 minuto\" \/>\n<script type=\"application\/ld+json\" class=\"yoast-schema-graph\">{\"@context\":\"https:\/\/schema.org\",\"@graph\":[{\"@type\":\"WebPage\",\"@id\":\"https:\/\/www.csj-emballages.com\/it\/produit\/griglia-per-orinatoio-profumo-marino\/\",\"url\":\"https:\/\/www.csj-emballages.com\/it\/produit\/griglia-per-orinatoio-profumo-marino\/\",\"name\":\"Griglia per orinatoio profumo marino\",\"isPartOf\":{\"@id\":\"https:\/\/www.csj-emballages.com\/it\/#website\"},\"primaryImageOfPage\":{\"@id\":\"https:\/\/www.csj-emballages.com\/it\/produit\/griglia-per-orinatoio-profumo-marino\/#primaryimage\"},\"image\":{\"@id\":\"https:\/\/www.csj-emballages.com\/it\/produit\/griglia-per-orinatoio-profumo-marino\/#primaryimage\"},\"thumbnailUrl\":\"https:\/\/www.csj-emballages.com\/wp-content\/uploads\/2024\/03\/02212.webp\",\"datePublished\":\"2024-03-01T16:00:17+00:00\",\"dateModified\":\"2026-03-12T15:00:56+00:00\",\"description\":\"Griglia per orinatoio profumata marino: neutralizza gli odori, evita gli schizzi e prolunga l\u2019igiene dei servizi. Ideale per ERP e luoghi pubblici.\",\"breadcrumb\":{\"@id\":\"https:\/\/www.csj-emballages.com\/it\/produit\/griglia-per-orinatoio-profumo-marino\/#breadcrumb\"},\"inLanguage\":\"it-IT\",\"potentialAction\":[{\"@type\":\"ReadAction\",\"target\":[\"https:\/\/www.csj-emballages.com\/it\/produit\/griglia-per-orinatoio-profumo-marino\/\"]}]},{\"@type\":\"ImageObject\",\"inLanguage\":\"it-IT\",\"@id\":\"https:\/\/www.csj-emballages.com\/it\/produit\/griglia-per-orinatoio-profumo-marino\/#primaryimage\",\"url\":\"https:\/\/www.csj-emballages.com\/wp-content\/uploads\/2024\/03\/02212.webp\",\"contentUrl\":\"https:\/\/www.csj-emballages.com\/wp-content\/uploads\/2024\/03\/02212.webp\",\"width\":800,\"height\":800,\"caption\":\"Grille urinoir\"},{\"@type\":\"BreadcrumbList\",\"@id\":\"https:\/\/www.csj-emballages.com\/it\/produit\/griglia-per-orinatoio-profumo-marino\/#breadcrumb\",\"itemListElement\":[{\"@type\":\"ListItem\",\"position\":1,\"name\":\"Home\",\"item\":\"https:\/\/www.csj-emballages.com\/it\/universo-imballaggi-alimentari\/\"},{\"@type\":\"ListItem\",\"position\":2,\"name\":\"Negozio\",\"item\":\"https:\/\/www.csj-emballages.com\/it\/negozio\/\"},{\"@type\":\"ListItem\",\"position\":3,\"name\":\"Griglia per orinatoio profumo marino\"}]},{\"@type\":\"WebSite\",\"@id\":\"https:\/\/www.csj-emballages.com\/it\/#website\",\"url\":\"https:\/\/www.csj-emballages.com\/it\/\",\"name\":\"CSJ Emballages\",\"description\":\"\",\"publisher\":{\"@id\":\"https:\/\/www.csj-emballages.com\/it\/#organization\"},\"potentialAction\":[{\"@type\":\"SearchAction\",\"target\":{\"@type\":\"EntryPoint\",\"urlTemplate\":\"https:\/\/www.csj-emballages.com\/it\/?s={search_term_string}\"},\"query-input\":{\"@type\":\"PropertyValueSpecification\",\"valueRequired\":true,\"valueName\":\"search_term_string\"}}],\"inLanguage\":\"it-IT\"},{\"@type\":\"Organization\",\"@id\":\"https:\/\/www.csj-emballages.com\/it\/#Organization\/\",\"name\":\"CSJ Emballages\",\"url\":\"https:\/\/www.csj-emballages.com\/it\/\",\"logo\":{\"@type\":\"ImageObject\",\"inLanguage\":\"it-IT\",\"@id\":\"https:\/\/www.csj-emballages.com\/it\/#\/schema\/logo\/image\/\",\"url\":\"https:\/\/www.csj-emballages.com\/wp-content\/uploads\/2023\/10\/logo_csj.webp\",\"contentUrl\":\"https:\/\/www.csj-emballages.com\/wp-content\/uploads\/2023\/10\/logo_csj.webp\",\"width\":250,\"height\":95,\"caption\":\"CSJ Emballages\"},\"image\":{\"@id\":\"https:\/\/www.csj-emballages.com\/it\/#\/schema\/logo\/image\/\"},\"sameAs\":[\"https:\/\/www.facebook.com\/csjemballages\"],\"address\":{\"@type\":\"PostalAddress\",\"streetAddress\":\"ZI La Lechere\",\"addressLocality\":\"Patornay\",\"postalCode\":\"39130\",\"addressCountry\":\"FR\"},\"contactPoint\":[{\"@type\":\"ContactPoint\",\"contactType\":\"Service client\",\"telephone\":\"0384254272\",\"email\":\"contact@csj-emballages.com\"}]}]}<\/script>\n<!-- \/ Yoast SEO Premium plugin. -->","yoast_head_json":{"title":"Griglia per orinatoio profumo marino","description":"Griglia per orinatoio profumata marino: neutralizza gli odori, evita gli schizzi e prolunga l\u2019igiene dei servizi. Ideale per ERP e luoghi pubblici.","robots":{"index":"index","follow":"follow","max-snippet":"max-snippet:-1","max-image-preview":"max-image-preview:large","max-video-preview":"max-video-preview:-1"},"canonical":"https:\/\/www.csj-emballages.com\/it\/produit\/griglia-per-orinatoio-profumo-marino\/","og_locale":"it_IT","og_type":"article","og_title":"Griglia per orinatoio profumo marino","og_description":"Griglia per orinatoio profumata marino: neutralizza gli odori, evita gli schizzi e prolunga l\u2019igiene dei servizi. Ideale per ERP e luoghi pubblici.","og_url":"https:\/\/www.csj-emballages.com\/it\/produit\/griglia-per-orinatoio-profumo-marino\/","og_site_name":"CSJ Emballages","article_publisher":"https:\/\/www.facebook.com\/csjemballages","article_modified_time":"2026-03-12T15:00:56+00:00","og_image":[{"width":800,"height":800,"url":"https:\/\/www.csj-emballages.com\/wp-content\/uploads\/2024\/03\/02212.webp","type":"image\/webp"}],"twitter_card":"summary_large_image","twitter_misc":{"Dur\u00e9e de lecture estim\u00e9e":"1 minuto"},"schema":{"@context":"https:\/\/schema.org","@graph":[{"@type":"WebPage","@id":"https:\/\/www.csj-emballages.com\/it\/produit\/griglia-per-orinatoio-profumo-marino\/","url":"https:\/\/www.csj-emballages.com\/it\/produit\/griglia-per-orinatoio-profumo-marino\/","name":"Griglia per orinatoio profumo marino","isPartOf":{"@id":"https:\/\/www.csj-emballages.com\/it\/#website"},"primaryImageOfPage":{"@id":"https:\/\/www.csj-emballages.com\/it\/produit\/griglia-per-orinatoio-profumo-marino\/#primaryimage"},"image":{"@id":"https:\/\/www.csj-emballages.com\/it\/produit\/griglia-per-orinatoio-profumo-marino\/#primaryimage"},"thumbnailUrl":"https:\/\/www.csj-emballages.com\/wp-content\/uploads\/2024\/03\/02212.webp","datePublished":"2024-03-01T16:00:17+00:00","dateModified":"2026-03-12T15:00:56+00:00","description":"Griglia per orinatoio profumata marino: neutralizza gli odori, evita gli schizzi e prolunga l\u2019igiene dei servizi. Ideale per ERP e luoghi pubblici.","breadcrumb":{"@id":"https:\/\/www.csj-emballages.com\/it\/produit\/griglia-per-orinatoio-profumo-marino\/#breadcrumb"},"inLanguage":"it-IT","potentialAction":[{"@type":"ReadAction","target":["https:\/\/www.csj-emballages.com\/it\/produit\/griglia-per-orinatoio-profumo-marino\/"]}]},{"@type":"ImageObject","inLanguage":"it-IT","@id":"https:\/\/www.csj-emballages.com\/it\/produit\/griglia-per-orinatoio-profumo-marino\/#primaryimage","url":"https:\/\/www.csj-emballages.com\/wp-content\/uploads\/2024\/03\/02212.webp","contentUrl":"https:\/\/www.csj-emballages.com\/wp-content\/uploads\/2024\/03\/02212.webp","width":800,"height":800,"caption":"Grille urinoir"},{"@type":"BreadcrumbList","@id":"https:\/\/www.csj-emballages.com\/it\/produit\/griglia-per-orinatoio-profumo-marino\/#breadcrumb","itemListElement":[{"@type":"ListItem","position":1,"name":"Home","item":"https:\/\/www.csj-emballages.com\/it\/universo-imballaggi-alimentari\/"},{"@type":"ListItem","position":2,"name":"Negozio","item":"https:\/\/www.csj-emballages.com\/it\/negozio\/"},{"@type":"ListItem","position":3,"name":"Griglia per orinatoio profumo marino"}]},{"@type":"WebSite","@id":"https:\/\/www.csj-emballages.com\/it\/#website","url":"https:\/\/www.csj-emballages.com\/it\/","name":"CSJ Emballages","description":"","publisher":{"@id":"https:\/\/www.csj-emballages.com\/it\/#organization"},"potentialAction":[{"@type":"SearchAction","target":{"@type":"EntryPoint","urlTemplate":"https:\/\/www.csj-emballages.com\/it\/?s={search_term_string}"},"query-input":{"@type":"PropertyValueSpecification","valueRequired":true,"valueName":"search_term_string"}}],"inLanguage":"it-IT"},{"@type":"Organization","@id":"https:\/\/www.csj-emballages.com\/it\/#Organization\/","name":"CSJ Emballages","url":"https:\/\/www.csj-emballages.com\/it\/","logo":{"@type":"ImageObject","inLanguage":"it-IT","@id":"https:\/\/www.csj-emballages.com\/it\/#\/schema\/logo\/image\/","url":"https:\/\/www.csj-emballages.com\/wp-content\/uploads\/2023\/10\/logo_csj.webp","contentUrl":"https:\/\/www.csj-emballages.com\/wp-content\/uploads\/2023\/10\/logo_csj.webp","width":250,"height":95,"caption":"CSJ Emballages"},"image":{"@id":"https:\/\/www.csj-emballages.com\/it\/#\/schema\/logo\/image\/"},"sameAs":["https:\/\/www.facebook.com\/csjemballages"],"address":{"@type":"PostalAddress","streetAddress":"ZI La Lechere","addressLocality":"Patornay","postalCode":"39130","addressCountry":"FR"},"contactPoint":[{"@type":"ContactPoint","contactType":"Service client","telephone":"0384254272","email":"contact@csj-emballages.com"}]}]}},"df_price":2.63,"df_sale_price":"","df_regular_price":2.63,"df_image_link":"https:\/\/www.csj-emballages.com\/wp-content\/uploads\/2024\/03\/02212-300x300.webp","tiered_pricing_type":"fixed","tiered_pricing_fixed_rules":[],"tiered_pricing_percentage_rules":[],"tiered_pricing_minimum":1,"tiered_pricing_roles_data":[],"_links":{"self":[{"href":"https:\/\/www.csj-emballages.com\/it\/wp-json\/wp\/v2\/product\/267379","targetHints":{"allow":["GET"]}}],"collection":[{"href":"https:\/\/www.csj-emballages.com\/it\/wp-json\/wp\/v2\/product"}],"about":[{"href":"https:\/\/www.csj-emballages.com\/it\/wp-json\/wp\/v2\/types\/product"}],"wp:featuredmedia":[{"embeddable":true,"href":"https:\/\/www.csj-emballages.com\/it\/wp-json\/wp\/v2\/media\/267381"}],"wp:attachment":[{"href":"https:\/\/www.csj-emballages.com\/it\/wp-json\/wp\/v2\/media?parent=267379"}],"wp:term":[{"taxonomy":"product_brand","embeddable":true,"href":"https:\/\/www.csj-emballages.com\/it\/wp-json\/wp\/v2\/product_brand?post=267379"},{"taxonomy":"product_cat","embeddable":true,"href":"https:\/\/www.csj-emballages.com\/it\/wp-json\/wp\/v2\/product_cat?post=267379"},{"taxonomy":"product_tag","embeddable":true,"href":"https:\/\/www.csj-emballages.com\/it\/wp-json\/wp\/v2\/product_tag?post=267379"}],"curies":[{"name":"wp","href":"https:\/\/api.w.org\/{rel}","templated":true}]}}