{"id":267376,"date":"2024-03-01T17:00:17","date_gmt":"2024-03-01T16:00:17","guid":{"rendered":"https:\/\/www.csj-emballages.com\/produit\/sgrassatore-grill-piastre-6-kg\/"},"modified":"2026-04-14T02:10:25","modified_gmt":"2026-04-14T00:10:25","slug":"sgrassatore-grill-piastre-6-kg","status":"publish","type":"product","link":"https:\/\/www.csj-emballages.com\/it\/produit\/sgrassatore-grill-piastre-6-kg\/","title":{"rendered":"Sgrassatore grill \/ piastre 6 kg"},"content":{"rendered":"<h2>Sgrassatore grill \/ piastre<\/h2>\n<div style=\"font-family: Roboto, sans-serif;\">\n<div style=\"font-family: Roboto, sans-serif;\">\n<div style=\"font-family: Roboto, sans-serif;\">\n<div style=\"font-family: Roboto, sans-serif;\">\n<div style=\"font-family: Roboto, sans-serif;\">\n<div style=\"font-family: Roboto, sans-serif;\">\n<hr>\n<h3>Descrizione del nostro sgrassatore grill \/ piastre 6kg<\/h3>\n<p><!--more--><\/p>\n<p class=\"\" data-start=\"276\" data-end=\"592\">Progettato per i professionisti della ristorazione, questo <strong>sgrassatore<\/strong> per <strong>grill \/ piastre<\/strong>, <strong>forni<\/strong> e <strong>friggitrici<\/strong> \u00e8 l\u2019alleato indispensabile per una pulizia profonda della tua cucina. In <strong>tanica da 6 kg<\/strong>, offre una capacit\u00e0 generosa, ideale per un uso intensivo in ambito professionale. La sua formula ultra-efficace permette di disincrostare i grassi pi\u00f9 ostinati, anche carbonizzati, su superfici sia calde che fredde. Agisce rapidamente su residui di cottura, schizzi d\u2019olio e depositi accumulati durante il servizio, senza dover strofinare eccessivamente. Usato puro su una superficie ancora tiepida o diluito in acqua calda, si rivela formidabile per pulire a fondo le friggitrici.    <\/p>\n<p class=\"\" data-start=\"1039\" data-end=\"1317\">Questo <strong>sgrassatore<\/strong> \u00e8 stato pensato per facilitare il lavoro quotidiano di chef, catering, food truck e collettivit\u00e0 che necessitano di un risultato impeccabile senza perdere tempo. \u00c8 utilizzato anche dai privati esigenti che desiderano un prodotto professionale a casa. <\/p>\n<p class=\"\" data-start=\"1319\" data-end=\"1540\">Economico ed efficace, questo <strong>sgrassatore<\/strong> in <strong>tanica da 6 kg<\/strong> ti accompagner\u00e0 a lungo, anche in caso di uso frequente. \u00c8 un vero risparmio di tempo ed efficienza per chi non scende a compromessi con l&#8217;igiene. <\/p>\n<p data-start=\"1319\" data-end=\"1540\">\n<\/div>\n<\/div>\n<\/div>\n<\/div>\n<\/div>\n<\/div>\n<p><!--more--><\/p>\n<div style=\"font-family: Roboto, sans-serif;\">\n<div style=\"font-family: Roboto, sans-serif;\">\n<div style=\"font-family: Roboto, sans-serif;\">\n<div style=\"font-family: Roboto, sans-serif;\">\n<div style=\"font-family: Roboto, sans-serif;\">\n<div style=\"font-family: Roboto, sans-serif;\">\n<p><b>Istruzioni per l&#8217;uso:<\/b><\/p>\n<ul>\n<li>Usare puro per la pulizia di grill \/ piastre da ristorante, preferibilmente con grill\/piastra caldi (50-60 \u00b0C), poi risciacquare con un panno umido. Pu\u00f2 essere diluito in acqua a seconda del grado di sporco su altri materiali (filtri, forni, ecc.). <\/li>\n<\/ul>\n<\/div>\n<\/div>\n<div style=\"font-family: Roboto, sans-serif;\">\n<div style=\"font-family: Roboto, sans-serif;\">\n<p>&nbsp;<\/p>\n<\/div>\n<\/div>\n<\/div>\n<\/div>\n<\/div>\n<\/div>\n<p><!--more--><\/p>\n<h4>Altre informazioni:<\/h4>\n<ul>\n<li><strong>Confezione<\/strong>: Singola<\/li>\n<li><strong>Volume<\/strong>: 6kg<\/li>\n<li><strong>Uso<\/strong>: Sgrassatore<\/li>\n<li><strong>Colore<\/strong>: Marrone<\/li>\n<\/ul>\n<p>&nbsp;<\/p>\n<p><!--more--><\/p>\n<p>Trovi qui il nostro sgrassatore grill \/ forni \/ piastre da 1 litro: <span style=\"color: #d12727;\"><a style=\"color: #d12727;\" href=\"https:\/\/www.csj-emballages.com\/produit\/spray-degraissant-grill-four-750ml\/\">04171<\/a><\/span><\/p>\n<p>&nbsp;<\/p>\n<p><!--more--><\/p>\n<p>Consulta anche il nostro decappante Force Plus per forni e friggitrici liquido 5L ORLAV: <span style=\"color: #d12727;\"><a style=\"color: #d12727;\" href=\"https:\/\/www.csj-emballages.com\/produit\/decapant-force-plus-four-et-friteuse-liquide-5l-orlav\/\">04165<\/a><\/span><\/p>\n<p>&nbsp;<\/p>\n<p><!--more--><\/p>\n<p><a href=\"https:\/\/www.csj-emballages.com\/it\/categorie-produit\/igiene-e-manutenzione\/prodotti-per-la-pulizia\/cucina\/\">Consulta qui il resto della nostra gamma di prodotti per la pulizia della cucina<\/a><\/p>\n","protected":false},"excerpt":{"rendered":"<p>Sgrassatore grill \/ piastre Descrizione del nostro sgrassatore grill \/ piastre 6kg<\/p>\n","protected":false},"featured_media":267378,"template":"","meta":{"_acf_changed":false},"product_brand":[],"product_cat":[10356,10360,10361],"product_tag":[],"class_list":{"0":"post-267376","1":"product","2":"type-product","3":"status-publish","4":"has-post-thumbnail","6":"product_cat-igiene-e-manutenzione","7":"product_cat-prodotti-per-la-pulizia","8":"product_cat-cucina","9":"product_shipping_class-vietato-in-punto-di-ritiro","11":"first","12":"instock","13":"taxable","14":"shipping-taxable","15":"purchasable","16":"product-type-simple"},"acf":[],"yoast_head":"<!-- This site is optimized with the Yoast SEO Premium plugin v26.6 (Yoast SEO v26.6) - https:\/\/yoast.com\/wordpress\/plugins\/seo\/ -->\n<title>Sgrassatore Grill \/ Piastre 6kg<\/title>\n<meta name=\"description\" content=\"Potente sgrassatore per grill \/ piastre \/ forni e friggitrici in tanica da 6 kg. Elimina il grasso anche molto incrostato. Uso puro.\" \/>\n<meta name=\"robots\" content=\"index, follow, max-snippet:-1, max-image-preview:large, max-video-preview:-1\" \/>\n<link rel=\"canonical\" href=\"https:\/\/www.csj-emballages.com\/it\/produit\/sgrassatore-grill-piastre-6-kg\/\" \/>\n<meta property=\"og:locale\" content=\"it_IT\" \/>\n<meta property=\"og:type\" content=\"article\" \/>\n<meta property=\"og:title\" content=\"Sgrassatore grill \/ piastre 6 kg\" \/>\n<meta property=\"og:description\" content=\"Potente sgrassatore per grill \/ piastre \/ forni e friggitrici in tanica da 6 kg. Elimina il grasso anche molto incrostato. Uso puro.\" \/>\n<meta property=\"og:url\" content=\"https:\/\/www.csj-emballages.com\/it\/produit\/sgrassatore-grill-piastre-6-kg\/\" \/>\n<meta property=\"og:site_name\" content=\"CSJ Emballages\" \/>\n<meta property=\"article:publisher\" content=\"https:\/\/www.facebook.com\/csjemballages\" \/>\n<meta property=\"article:modified_time\" content=\"2026-04-14T00:10:25+00:00\" \/>\n<meta property=\"og:image\" content=\"https:\/\/www.csj-emballages.com\/wp-content\/uploads\/2024\/03\/02555.webp\" \/>\n\t<meta property=\"og:image:width\" content=\"800\" \/>\n\t<meta property=\"og:image:height\" content=\"800\" \/>\n\t<meta property=\"og:image:type\" content=\"image\/webp\" \/>\n<meta name=\"twitter:card\" content=\"summary_large_image\" \/>\n<meta name=\"twitter:label1\" content=\"Dur\u00e9e de lecture estim\u00e9e\" \/>\n\t<meta name=\"twitter:data1\" content=\"1 minuto\" \/>\n<script type=\"application\/ld+json\" class=\"yoast-schema-graph\">{\"@context\":\"https:\/\/schema.org\",\"@graph\":[{\"@type\":\"WebPage\",\"@id\":\"https:\/\/www.csj-emballages.com\/it\/produit\/sgrassatore-grill-piastre-6-kg\/\",\"url\":\"https:\/\/www.csj-emballages.com\/it\/produit\/sgrassatore-grill-piastre-6-kg\/\",\"name\":\"Sgrassatore Grill \/ Piastre 6kg\",\"isPartOf\":{\"@id\":\"https:\/\/www.csj-emballages.com\/it\/#website\"},\"primaryImageOfPage\":{\"@id\":\"https:\/\/www.csj-emballages.com\/it\/produit\/sgrassatore-grill-piastre-6-kg\/#primaryimage\"},\"image\":{\"@id\":\"https:\/\/www.csj-emballages.com\/it\/produit\/sgrassatore-grill-piastre-6-kg\/#primaryimage\"},\"thumbnailUrl\":\"https:\/\/www.csj-emballages.com\/wp-content\/uploads\/2024\/03\/02555.webp\",\"datePublished\":\"2024-03-01T16:00:17+00:00\",\"dateModified\":\"2026-04-14T00:10:25+00:00\",\"description\":\"Potente sgrassatore per grill \/ piastre \/ forni e friggitrici in tanica da 6 kg. Elimina il grasso anche molto incrostato. Uso puro.\",\"breadcrumb\":{\"@id\":\"https:\/\/www.csj-emballages.com\/it\/produit\/sgrassatore-grill-piastre-6-kg\/#breadcrumb\"},\"inLanguage\":\"it-IT\",\"potentialAction\":[{\"@type\":\"ReadAction\",\"target\":[\"https:\/\/www.csj-emballages.com\/it\/produit\/sgrassatore-grill-piastre-6-kg\/\"]}]},{\"@type\":\"ImageObject\",\"inLanguage\":\"it-IT\",\"@id\":\"https:\/\/www.csj-emballages.com\/it\/produit\/sgrassatore-grill-piastre-6-kg\/#primaryimage\",\"url\":\"https:\/\/www.csj-emballages.com\/wp-content\/uploads\/2024\/03\/02555.webp\",\"contentUrl\":\"https:\/\/www.csj-emballages.com\/wp-content\/uploads\/2024\/03\/02555.webp\",\"width\":800,\"height\":800,\"caption\":\"d\u00e9graissant grills \/ planchas\"},{\"@type\":\"BreadcrumbList\",\"@id\":\"https:\/\/www.csj-emballages.com\/it\/produit\/sgrassatore-grill-piastre-6-kg\/#breadcrumb\",\"itemListElement\":[{\"@type\":\"ListItem\",\"position\":1,\"name\":\"Home\",\"item\":\"https:\/\/www.csj-emballages.com\/it\/universo-imballaggi-alimentari\/\"},{\"@type\":\"ListItem\",\"position\":2,\"name\":\"Negozio\",\"item\":\"https:\/\/www.csj-emballages.com\/it\/negozio\/\"},{\"@type\":\"ListItem\",\"position\":3,\"name\":\"Sgrassatore grill \/ piastre 6 kg\"}]},{\"@type\":\"WebSite\",\"@id\":\"https:\/\/www.csj-emballages.com\/it\/#website\",\"url\":\"https:\/\/www.csj-emballages.com\/it\/\",\"name\":\"CSJ Emballages\",\"description\":\"\",\"publisher\":{\"@id\":\"https:\/\/www.csj-emballages.com\/it\/#organization\"},\"potentialAction\":[{\"@type\":\"SearchAction\",\"target\":{\"@type\":\"EntryPoint\",\"urlTemplate\":\"https:\/\/www.csj-emballages.com\/it\/?s={search_term_string}\"},\"query-input\":{\"@type\":\"PropertyValueSpecification\",\"valueRequired\":true,\"valueName\":\"search_term_string\"}}],\"inLanguage\":\"it-IT\"},{\"@type\":\"Organization\",\"@id\":\"https:\/\/www.csj-emballages.com\/it\/#Organization\/\",\"name\":\"CSJ Emballages\",\"url\":\"https:\/\/www.csj-emballages.com\/it\/\",\"logo\":{\"@type\":\"ImageObject\",\"inLanguage\":\"it-IT\",\"@id\":\"https:\/\/www.csj-emballages.com\/it\/#\/schema\/logo\/image\/\",\"url\":\"https:\/\/www.csj-emballages.com\/wp-content\/uploads\/2023\/10\/logo_csj.webp\",\"contentUrl\":\"https:\/\/www.csj-emballages.com\/wp-content\/uploads\/2023\/10\/logo_csj.webp\",\"width\":250,\"height\":95,\"caption\":\"CSJ Emballages\"},\"image\":{\"@id\":\"https:\/\/www.csj-emballages.com\/it\/#\/schema\/logo\/image\/\"},\"sameAs\":[\"https:\/\/www.facebook.com\/csjemballages\"],\"address\":{\"@type\":\"PostalAddress\",\"streetAddress\":\"ZI La Lechere\",\"addressLocality\":\"Patornay\",\"postalCode\":\"39130\",\"addressCountry\":\"FR\"},\"contactPoint\":[{\"@type\":\"ContactPoint\",\"contactType\":\"Service client\",\"telephone\":\"0384254272\",\"email\":\"contact@csj-emballages.com\"}]}]}<\/script>\n<!-- \/ Yoast SEO Premium plugin. -->","yoast_head_json":{"title":"Sgrassatore Grill \/ Piastre 6kg","description":"Potente sgrassatore per grill \/ piastre \/ forni e friggitrici in tanica da 6 kg. Elimina il grasso anche molto incrostato. Uso puro.","robots":{"index":"index","follow":"follow","max-snippet":"max-snippet:-1","max-image-preview":"max-image-preview:large","max-video-preview":"max-video-preview:-1"},"canonical":"https:\/\/www.csj-emballages.com\/it\/produit\/sgrassatore-grill-piastre-6-kg\/","og_locale":"it_IT","og_type":"article","og_title":"Sgrassatore grill \/ piastre 6 kg","og_description":"Potente sgrassatore per grill \/ piastre \/ forni e friggitrici in tanica da 6 kg. Elimina il grasso anche molto incrostato. Uso puro.","og_url":"https:\/\/www.csj-emballages.com\/it\/produit\/sgrassatore-grill-piastre-6-kg\/","og_site_name":"CSJ Emballages","article_publisher":"https:\/\/www.facebook.com\/csjemballages","article_modified_time":"2026-04-14T00:10:25+00:00","og_image":[{"width":800,"height":800,"url":"https:\/\/www.csj-emballages.com\/wp-content\/uploads\/2024\/03\/02555.webp","type":"image\/webp"}],"twitter_card":"summary_large_image","twitter_misc":{"Dur\u00e9e de lecture estim\u00e9e":"1 minuto"},"schema":{"@context":"https:\/\/schema.org","@graph":[{"@type":"WebPage","@id":"https:\/\/www.csj-emballages.com\/it\/produit\/sgrassatore-grill-piastre-6-kg\/","url":"https:\/\/www.csj-emballages.com\/it\/produit\/sgrassatore-grill-piastre-6-kg\/","name":"Sgrassatore Grill \/ Piastre 6kg","isPartOf":{"@id":"https:\/\/www.csj-emballages.com\/it\/#website"},"primaryImageOfPage":{"@id":"https:\/\/www.csj-emballages.com\/it\/produit\/sgrassatore-grill-piastre-6-kg\/#primaryimage"},"image":{"@id":"https:\/\/www.csj-emballages.com\/it\/produit\/sgrassatore-grill-piastre-6-kg\/#primaryimage"},"thumbnailUrl":"https:\/\/www.csj-emballages.com\/wp-content\/uploads\/2024\/03\/02555.webp","datePublished":"2024-03-01T16:00:17+00:00","dateModified":"2026-04-14T00:10:25+00:00","description":"Potente sgrassatore per grill \/ piastre \/ forni e friggitrici in tanica da 6 kg. Elimina il grasso anche molto incrostato. Uso puro.","breadcrumb":{"@id":"https:\/\/www.csj-emballages.com\/it\/produit\/sgrassatore-grill-piastre-6-kg\/#breadcrumb"},"inLanguage":"it-IT","potentialAction":[{"@type":"ReadAction","target":["https:\/\/www.csj-emballages.com\/it\/produit\/sgrassatore-grill-piastre-6-kg\/"]}]},{"@type":"ImageObject","inLanguage":"it-IT","@id":"https:\/\/www.csj-emballages.com\/it\/produit\/sgrassatore-grill-piastre-6-kg\/#primaryimage","url":"https:\/\/www.csj-emballages.com\/wp-content\/uploads\/2024\/03\/02555.webp","contentUrl":"https:\/\/www.csj-emballages.com\/wp-content\/uploads\/2024\/03\/02555.webp","width":800,"height":800,"caption":"d\u00e9graissant grills \/ planchas"},{"@type":"BreadcrumbList","@id":"https:\/\/www.csj-emballages.com\/it\/produit\/sgrassatore-grill-piastre-6-kg\/#breadcrumb","itemListElement":[{"@type":"ListItem","position":1,"name":"Home","item":"https:\/\/www.csj-emballages.com\/it\/universo-imballaggi-alimentari\/"},{"@type":"ListItem","position":2,"name":"Negozio","item":"https:\/\/www.csj-emballages.com\/it\/negozio\/"},{"@type":"ListItem","position":3,"name":"Sgrassatore grill \/ piastre 6 kg"}]},{"@type":"WebSite","@id":"https:\/\/www.csj-emballages.com\/it\/#website","url":"https:\/\/www.csj-emballages.com\/it\/","name":"CSJ Emballages","description":"","publisher":{"@id":"https:\/\/www.csj-emballages.com\/it\/#organization"},"potentialAction":[{"@type":"SearchAction","target":{"@type":"EntryPoint","urlTemplate":"https:\/\/www.csj-emballages.com\/it\/?s={search_term_string}"},"query-input":{"@type":"PropertyValueSpecification","valueRequired":true,"valueName":"search_term_string"}}],"inLanguage":"it-IT"},{"@type":"Organization","@id":"https:\/\/www.csj-emballages.com\/it\/#Organization\/","name":"CSJ Emballages","url":"https:\/\/www.csj-emballages.com\/it\/","logo":{"@type":"ImageObject","inLanguage":"it-IT","@id":"https:\/\/www.csj-emballages.com\/it\/#\/schema\/logo\/image\/","url":"https:\/\/www.csj-emballages.com\/wp-content\/uploads\/2023\/10\/logo_csj.webp","contentUrl":"https:\/\/www.csj-emballages.com\/wp-content\/uploads\/2023\/10\/logo_csj.webp","width":250,"height":95,"caption":"CSJ Emballages"},"image":{"@id":"https:\/\/www.csj-emballages.com\/it\/#\/schema\/logo\/image\/"},"sameAs":["https:\/\/www.facebook.com\/csjemballages"],"address":{"@type":"PostalAddress","streetAddress":"ZI La Lechere","addressLocality":"Patornay","postalCode":"39130","addressCountry":"FR"},"contactPoint":[{"@type":"ContactPoint","contactType":"Service client","telephone":"0384254272","email":"contact@csj-emballages.com"}]}]}},"df_price":22.07,"df_sale_price":"","df_regular_price":22.07,"df_image_link":"https:\/\/www.csj-emballages.com\/wp-content\/uploads\/2024\/03\/02555-300x300.webp","tiered_pricing_type":"fixed","tiered_pricing_fixed_rules":[],"tiered_pricing_percentage_rules":[],"tiered_pricing_minimum":1,"tiered_pricing_roles_data":[],"_links":{"self":[{"href":"https:\/\/www.csj-emballages.com\/it\/wp-json\/wp\/v2\/product\/267376","targetHints":{"allow":["GET"]}}],"collection":[{"href":"https:\/\/www.csj-emballages.com\/it\/wp-json\/wp\/v2\/product"}],"about":[{"href":"https:\/\/www.csj-emballages.com\/it\/wp-json\/wp\/v2\/types\/product"}],"wp:featuredmedia":[{"embeddable":true,"href":"https:\/\/www.csj-emballages.com\/it\/wp-json\/wp\/v2\/media\/267378"}],"wp:attachment":[{"href":"https:\/\/www.csj-emballages.com\/it\/wp-json\/wp\/v2\/media?parent=267376"}],"wp:term":[{"taxonomy":"product_brand","embeddable":true,"href":"https:\/\/www.csj-emballages.com\/it\/wp-json\/wp\/v2\/product_brand?post=267376"},{"taxonomy":"product_cat","embeddable":true,"href":"https:\/\/www.csj-emballages.com\/it\/wp-json\/wp\/v2\/product_cat?post=267376"},{"taxonomy":"product_tag","embeddable":true,"href":"https:\/\/www.csj-emballages.com\/it\/wp-json\/wp\/v2\/product_tag?post=267376"}],"curies":[{"name":"wp","href":"https:\/\/api.w.org\/{rel}","templated":true}]}}