{"id":267367,"date":"2024-03-01T17:00:17","date_gmt":"2024-03-01T16:00:17","guid":{"rendered":"https:\/\/www.csj-emballages.com\/produit\/detergente-sgrassante-per-pavimenti-concentrato-5l\/"},"modified":"2026-04-03T02:10:25","modified_gmt":"2026-04-03T00:10:25","slug":"detergente-sgrassante-per-pavimenti-concentrato-5l","status":"publish","type":"product","link":"https:\/\/www.csj-emballages.com\/it\/produit\/detergente-sgrassante-per-pavimenti-concentrato-5l\/","title":{"rendered":"Detergente sgrassante per pavimenti concentrato 5L"},"content":{"rendered":"<h2 class=\"p1 ai-optimize-35 ai-optimize-introduction\">Detergente sgrassante per pavimenti<\/h2>\n<hr>\n<h3 class=\"ai-optimize-34\">Descrizione del nostro detergente sgrassante per pavimenti concentrato 5L<\/h3>\n<p><!--more--><\/p>\n<p class=\"ai-optimize-36 ai-optimize-introduction\" data-start=\"224\" data-end=\"639\">Ecco un prodotto pensato per chi non ha tempo di passare due volte: <strong data-start=\"302\" data-end=\"350\">il nostro detergente sgrassante per pavimenti concentrato 5L<\/strong> \u00e8 un alleato di peso per eliminare lo sporco pi\u00f9 ostinato. Progettato per ambienti impegnativi, \u00e8 adatto sia ai professionisti dell\u2019industria, della ristorazione, dell\u2019automotive o della manutenzione, sia ai privati che vogliono un risultato impeccabile. <\/p>\n<p class=\"ai-optimize-37\" data-start=\"641\" data-end=\"938\"><strong data-start=\"641\" data-end=\"668\">Questo potente sgrassante<\/strong> agisce in profondit\u00e0 su grassi, oli e idrocarburi incrostati, anche su <strong>pavimenti molto sporchi<\/strong>. Grazie alla sua <strong data-start=\"791\" data-end=\"813\">formula concentrata<\/strong>, ne basta una piccola quantit\u00e0 per trattare ampie superfici, rendendolo un prodotto al tempo stesso economico e performante. <\/p>\n<p class=\"ai-optimize-38\" data-start=\"940\" data-end=\"1159\">Pu\u00f2 essere utilizzato a caldo o a freddo, in base alle esigenze del tuo ambiente. <strong data-start=\"1027\" data-end=\"1044\">Non infiammabile<\/strong>, offre la massima sicurezza durante l\u2019uso, soprattutto nelle cucine professionali o nelle officine.<\/p>\n<p class=\"ai-optimize-39\" data-start=\"1161\" data-end=\"1452\">La sua <strong data-start=\"1164\" data-end=\"1199\">elevata capacit\u00e0 di emulsione<\/strong> lo rende un prodotto formidabile per rimuovere grassi vecchi o bruciati. \u00c8 ideale per la manutenzione di <strong data-start=\"1319\" data-end=\"1401\">pavimenti industriali, officine meccaniche, aree di stoccaggio, cucine collettive<\/strong> o anche per la pulizia di macchinari pesanti. <\/p>\n<p class=\"ai-optimize-40\" data-start=\"1454\" data-end=\"1575\">Questo <strong>detergente sgrassante per pavimenti concentrato<\/strong> \u00e8 la soluzione ideale per mantenere gli spazi puliti, sicuri e conformi alle norme igieniche.<\/p>\n<p data-start=\"1454\" data-end=\"1575\">\n<p><!--more--><\/p>\n<h4 class=\"ai-optimize-37\"><strong>I suoi vantaggi:<\/strong><\/h4>\n<ul>\n<li class=\"ai-optimize-38\">Potente sgrassante per grassi, oli e idrocarburi.<\/li>\n<li class=\"ai-optimize-39\">Utilizzo a caldo o a freddo secondo le necessit\u00e0.<\/li>\n<li class=\"ai-optimize-40\">Ideale per pavimenti industriali, officine e cucine.<\/li>\n<li class=\"ai-optimize-42\">Emulsiona lo sporco ostinato senza fatica.<\/li>\n<\/ul>\n<p>&nbsp;<\/p>\n<p><!--more--><\/p>\n<h4 class=\"ai-optimize-44\">Altre informazioni:<\/h4>\n<ul>\n<li class=\"ai-optimize-45\"><strong>Confezionamento<\/strong>: Singolo<\/li>\n<li class=\"ai-optimize-47\"><strong>Utilizzo<\/strong>: Pulizia pavimenti<\/li>\n<li class=\"ai-optimize-32\"><strong>Colore<\/strong>: Arancione<\/li>\n<li class=\"ai-optimize-35\"><strong>Volume<\/strong>: 5 litri<\/li>\n<\/ul>\n<p>&nbsp;<\/p>\n<p><!--more--><\/p>\n<p class=\"ai-optimize-34\">Trova qui il nostro gel mani con microgranuli profumo arancia con pompa 3.8 litri: <span style=\"color: #d12727\"><a style=\"color: #d12727\" href=\"https:\/\/www.csj-emballages.com\/it\/produit\/gel-mani-con-microsfere-profumo-arancia-con-dispenser-38-litri\/\">04SBFCLEAN<\/a><\/span><\/p>\n<p>&nbsp;<\/p>\n<p><!--more--><\/p>\n<p class=\"ai-optimize-41\"><a href=\"https:\/\/www.csj-emballages.com\/it\/categorie-produit\/igiene-e-manutenzione\/prodotti-per-la-pulizia\/garage\/\">Consulta il resto della nostra gamma di prodotti per la pulizia garage<\/a><\/p>\n","protected":false},"excerpt":{"rendered":"<p>Detergente sgrassante per pavimenti Descrizione del nostro detergente sgrassante per pavimenti concentrato 5L<\/p>\n","protected":false},"featured_media":267368,"template":"","meta":{"_acf_changed":false},"product_brand":[],"product_cat":[10356,10360,10460],"product_tag":[],"class_list":{"0":"post-267367","1":"product","2":"type-product","3":"status-publish","4":"has-post-thumbnail","6":"product_cat-igiene-e-manutenzione","7":"product_cat-prodotti-per-la-pulizia","8":"product_cat-garage","10":"first","11":"instock","12":"taxable","13":"shipping-taxable","14":"purchasable","15":"product-type-simple"},"acf":[],"yoast_head":"<!-- This site is optimized with the Yoast SEO Premium plugin v26.6 (Yoast SEO v26.6) - https:\/\/yoast.com\/wordpress\/plugins\/seo\/ -->\n<title>Detergente Sgrassante per Pavimenti Concentrato 5L<\/title>\n<meta name=\"description\" content=\"Detergente sgrassante per pavimenti concentrato 5L potente e non infiammabile. Ideale per grassi ostinati, pavimenti industriali, officine. Uso a caldo o a freddo.\" \/>\n<meta name=\"robots\" content=\"index, follow, max-snippet:-1, max-image-preview:large, max-video-preview:-1\" \/>\n<link rel=\"canonical\" href=\"https:\/\/www.csj-emballages.com\/it\/produit\/detergente-sgrassante-per-pavimenti-concentrato-5l\/\" \/>\n<meta property=\"og:locale\" content=\"it_IT\" \/>\n<meta property=\"og:type\" content=\"article\" \/>\n<meta property=\"og:title\" content=\"Detergente sgrassante per pavimenti concentrato 5L\" \/>\n<meta property=\"og:description\" content=\"Detergente sgrassante per pavimenti concentrato 5L potente e non infiammabile. Ideale per grassi ostinati, pavimenti industriali, officine. Uso a caldo o a freddo.\" \/>\n<meta property=\"og:url\" content=\"https:\/\/www.csj-emballages.com\/it\/produit\/detergente-sgrassante-per-pavimenti-concentrato-5l\/\" \/>\n<meta property=\"og:site_name\" content=\"CSJ Emballages\" \/>\n<meta property=\"article:publisher\" content=\"https:\/\/www.facebook.com\/csjemballages\" \/>\n<meta property=\"article:modified_time\" content=\"2026-04-03T00:10:25+00:00\" \/>\n<meta property=\"og:image\" content=\"https:\/\/www.csj-emballages.com\/wp-content\/uploads\/2024\/03\/03256.webp\" \/>\n\t<meta property=\"og:image:width\" content=\"800\" \/>\n\t<meta property=\"og:image:height\" content=\"800\" \/>\n\t<meta property=\"og:image:type\" content=\"image\/webp\" \/>\n<meta name=\"twitter:card\" content=\"summary_large_image\" \/>\n<meta name=\"twitter:label1\" content=\"Dur\u00e9e de lecture estim\u00e9e\" \/>\n\t<meta name=\"twitter:data1\" content=\"1 minuto\" \/>\n<script type=\"application\/ld+json\" class=\"yoast-schema-graph\">{\"@context\":\"https:\/\/schema.org\",\"@graph\":[{\"@type\":\"WebPage\",\"@id\":\"https:\/\/www.csj-emballages.com\/it\/produit\/detergente-sgrassante-per-pavimenti-concentrato-5l\/\",\"url\":\"https:\/\/www.csj-emballages.com\/it\/produit\/detergente-sgrassante-per-pavimenti-concentrato-5l\/\",\"name\":\"Detergente Sgrassante per Pavimenti Concentrato 5L\",\"isPartOf\":{\"@id\":\"https:\/\/www.csj-emballages.com\/it\/#website\"},\"primaryImageOfPage\":{\"@id\":\"https:\/\/www.csj-emballages.com\/it\/produit\/detergente-sgrassante-per-pavimenti-concentrato-5l\/#primaryimage\"},\"image\":{\"@id\":\"https:\/\/www.csj-emballages.com\/it\/produit\/detergente-sgrassante-per-pavimenti-concentrato-5l\/#primaryimage\"},\"thumbnailUrl\":\"https:\/\/www.csj-emballages.com\/wp-content\/uploads\/2024\/03\/03256.webp\",\"datePublished\":\"2024-03-01T16:00:17+00:00\",\"dateModified\":\"2026-04-03T00:10:25+00:00\",\"description\":\"Detergente sgrassante per pavimenti concentrato 5L potente e non infiammabile. Ideale per grassi ostinati, pavimenti industriali, officine. Uso a caldo o a freddo.\",\"breadcrumb\":{\"@id\":\"https:\/\/www.csj-emballages.com\/it\/produit\/detergente-sgrassante-per-pavimenti-concentrato-5l\/#breadcrumb\"},\"inLanguage\":\"it-IT\",\"potentialAction\":[{\"@type\":\"ReadAction\",\"target\":[\"https:\/\/www.csj-emballages.com\/it\/produit\/detergente-sgrassante-per-pavimenti-concentrato-5l\/\"]}]},{\"@type\":\"ImageObject\",\"inLanguage\":\"it-IT\",\"@id\":\"https:\/\/www.csj-emballages.com\/it\/produit\/detergente-sgrassante-per-pavimenti-concentrato-5l\/#primaryimage\",\"url\":\"https:\/\/www.csj-emballages.com\/wp-content\/uploads\/2024\/03\/03256.webp\",\"contentUrl\":\"https:\/\/www.csj-emballages.com\/wp-content\/uploads\/2024\/03\/03256.webp\",\"width\":800,\"height\":800,\"caption\":\"Nettoyant d\u00e9graissant sol\"},{\"@type\":\"BreadcrumbList\",\"@id\":\"https:\/\/www.csj-emballages.com\/it\/produit\/detergente-sgrassante-per-pavimenti-concentrato-5l\/#breadcrumb\",\"itemListElement\":[{\"@type\":\"ListItem\",\"position\":1,\"name\":\"Home\",\"item\":\"https:\/\/www.csj-emballages.com\/it\/universo-imballaggi-alimentari\/\"},{\"@type\":\"ListItem\",\"position\":2,\"name\":\"Negozio\",\"item\":\"https:\/\/www.csj-emballages.com\/it\/negozio\/\"},{\"@type\":\"ListItem\",\"position\":3,\"name\":\"Detergente sgrassante per pavimenti concentrato 5L\"}]},{\"@type\":\"WebSite\",\"@id\":\"https:\/\/www.csj-emballages.com\/it\/#website\",\"url\":\"https:\/\/www.csj-emballages.com\/it\/\",\"name\":\"CSJ Emballages\",\"description\":\"\",\"publisher\":{\"@id\":\"https:\/\/www.csj-emballages.com\/it\/#organization\"},\"potentialAction\":[{\"@type\":\"SearchAction\",\"target\":{\"@type\":\"EntryPoint\",\"urlTemplate\":\"https:\/\/www.csj-emballages.com\/it\/?s={search_term_string}\"},\"query-input\":{\"@type\":\"PropertyValueSpecification\",\"valueRequired\":true,\"valueName\":\"search_term_string\"}}],\"inLanguage\":\"it-IT\"},{\"@type\":\"Organization\",\"@id\":\"https:\/\/www.csj-emballages.com\/it\/#Organization\/\",\"name\":\"CSJ Emballages\",\"url\":\"https:\/\/www.csj-emballages.com\/it\/\",\"logo\":{\"@type\":\"ImageObject\",\"inLanguage\":\"it-IT\",\"@id\":\"https:\/\/www.csj-emballages.com\/it\/#\/schema\/logo\/image\/\",\"url\":\"https:\/\/www.csj-emballages.com\/wp-content\/uploads\/2023\/10\/logo_csj.webp\",\"contentUrl\":\"https:\/\/www.csj-emballages.com\/wp-content\/uploads\/2023\/10\/logo_csj.webp\",\"width\":250,\"height\":95,\"caption\":\"CSJ Emballages\"},\"image\":{\"@id\":\"https:\/\/www.csj-emballages.com\/it\/#\/schema\/logo\/image\/\"},\"sameAs\":[\"https:\/\/www.facebook.com\/csjemballages\"],\"address\":{\"@type\":\"PostalAddress\",\"streetAddress\":\"ZI La Lechere\",\"addressLocality\":\"Patornay\",\"postalCode\":\"39130\",\"addressCountry\":\"FR\"},\"contactPoint\":[{\"@type\":\"ContactPoint\",\"contactType\":\"Service client\",\"telephone\":\"0384254272\",\"email\":\"contact@csj-emballages.com\"}]}]}<\/script>\n<!-- \/ Yoast SEO Premium plugin. -->","yoast_head_json":{"title":"Detergente Sgrassante per Pavimenti Concentrato 5L","description":"Detergente sgrassante per pavimenti concentrato 5L potente e non infiammabile. Ideale per grassi ostinati, pavimenti industriali, officine. Uso a caldo o a freddo.","robots":{"index":"index","follow":"follow","max-snippet":"max-snippet:-1","max-image-preview":"max-image-preview:large","max-video-preview":"max-video-preview:-1"},"canonical":"https:\/\/www.csj-emballages.com\/it\/produit\/detergente-sgrassante-per-pavimenti-concentrato-5l\/","og_locale":"it_IT","og_type":"article","og_title":"Detergente sgrassante per pavimenti concentrato 5L","og_description":"Detergente sgrassante per pavimenti concentrato 5L potente e non infiammabile. Ideale per grassi ostinati, pavimenti industriali, officine. Uso a caldo o a freddo.","og_url":"https:\/\/www.csj-emballages.com\/it\/produit\/detergente-sgrassante-per-pavimenti-concentrato-5l\/","og_site_name":"CSJ Emballages","article_publisher":"https:\/\/www.facebook.com\/csjemballages","article_modified_time":"2026-04-03T00:10:25+00:00","og_image":[{"width":800,"height":800,"url":"https:\/\/www.csj-emballages.com\/wp-content\/uploads\/2024\/03\/03256.webp","type":"image\/webp"}],"twitter_card":"summary_large_image","twitter_misc":{"Dur\u00e9e de lecture estim\u00e9e":"1 minuto"},"schema":{"@context":"https:\/\/schema.org","@graph":[{"@type":"WebPage","@id":"https:\/\/www.csj-emballages.com\/it\/produit\/detergente-sgrassante-per-pavimenti-concentrato-5l\/","url":"https:\/\/www.csj-emballages.com\/it\/produit\/detergente-sgrassante-per-pavimenti-concentrato-5l\/","name":"Detergente Sgrassante per Pavimenti Concentrato 5L","isPartOf":{"@id":"https:\/\/www.csj-emballages.com\/it\/#website"},"primaryImageOfPage":{"@id":"https:\/\/www.csj-emballages.com\/it\/produit\/detergente-sgrassante-per-pavimenti-concentrato-5l\/#primaryimage"},"image":{"@id":"https:\/\/www.csj-emballages.com\/it\/produit\/detergente-sgrassante-per-pavimenti-concentrato-5l\/#primaryimage"},"thumbnailUrl":"https:\/\/www.csj-emballages.com\/wp-content\/uploads\/2024\/03\/03256.webp","datePublished":"2024-03-01T16:00:17+00:00","dateModified":"2026-04-03T00:10:25+00:00","description":"Detergente sgrassante per pavimenti concentrato 5L potente e non infiammabile. Ideale per grassi ostinati, pavimenti industriali, officine. Uso a caldo o a freddo.","breadcrumb":{"@id":"https:\/\/www.csj-emballages.com\/it\/produit\/detergente-sgrassante-per-pavimenti-concentrato-5l\/#breadcrumb"},"inLanguage":"it-IT","potentialAction":[{"@type":"ReadAction","target":["https:\/\/www.csj-emballages.com\/it\/produit\/detergente-sgrassante-per-pavimenti-concentrato-5l\/"]}]},{"@type":"ImageObject","inLanguage":"it-IT","@id":"https:\/\/www.csj-emballages.com\/it\/produit\/detergente-sgrassante-per-pavimenti-concentrato-5l\/#primaryimage","url":"https:\/\/www.csj-emballages.com\/wp-content\/uploads\/2024\/03\/03256.webp","contentUrl":"https:\/\/www.csj-emballages.com\/wp-content\/uploads\/2024\/03\/03256.webp","width":800,"height":800,"caption":"Nettoyant d\u00e9graissant sol"},{"@type":"BreadcrumbList","@id":"https:\/\/www.csj-emballages.com\/it\/produit\/detergente-sgrassante-per-pavimenti-concentrato-5l\/#breadcrumb","itemListElement":[{"@type":"ListItem","position":1,"name":"Home","item":"https:\/\/www.csj-emballages.com\/it\/universo-imballaggi-alimentari\/"},{"@type":"ListItem","position":2,"name":"Negozio","item":"https:\/\/www.csj-emballages.com\/it\/negozio\/"},{"@type":"ListItem","position":3,"name":"Detergente sgrassante per pavimenti concentrato 5L"}]},{"@type":"WebSite","@id":"https:\/\/www.csj-emballages.com\/it\/#website","url":"https:\/\/www.csj-emballages.com\/it\/","name":"CSJ Emballages","description":"","publisher":{"@id":"https:\/\/www.csj-emballages.com\/it\/#organization"},"potentialAction":[{"@type":"SearchAction","target":{"@type":"EntryPoint","urlTemplate":"https:\/\/www.csj-emballages.com\/it\/?s={search_term_string}"},"query-input":{"@type":"PropertyValueSpecification","valueRequired":true,"valueName":"search_term_string"}}],"inLanguage":"it-IT"},{"@type":"Organization","@id":"https:\/\/www.csj-emballages.com\/it\/#Organization\/","name":"CSJ Emballages","url":"https:\/\/www.csj-emballages.com\/it\/","logo":{"@type":"ImageObject","inLanguage":"it-IT","@id":"https:\/\/www.csj-emballages.com\/it\/#\/schema\/logo\/image\/","url":"https:\/\/www.csj-emballages.com\/wp-content\/uploads\/2023\/10\/logo_csj.webp","contentUrl":"https:\/\/www.csj-emballages.com\/wp-content\/uploads\/2023\/10\/logo_csj.webp","width":250,"height":95,"caption":"CSJ Emballages"},"image":{"@id":"https:\/\/www.csj-emballages.com\/it\/#\/schema\/logo\/image\/"},"sameAs":["https:\/\/www.facebook.com\/csjemballages"],"address":{"@type":"PostalAddress","streetAddress":"ZI La Lechere","addressLocality":"Patornay","postalCode":"39130","addressCountry":"FR"},"contactPoint":[{"@type":"ContactPoint","contactType":"Service client","telephone":"0384254272","email":"contact@csj-emballages.com"}]}]}},"df_price":16.07,"df_sale_price":"","df_regular_price":16.07,"df_image_link":"https:\/\/www.csj-emballages.com\/wp-content\/uploads\/2024\/03\/03256-300x300.webp","tiered_pricing_type":"fixed","tiered_pricing_fixed_rules":[],"tiered_pricing_percentage_rules":[],"tiered_pricing_minimum":1,"tiered_pricing_roles_data":[],"_links":{"self":[{"href":"https:\/\/www.csj-emballages.com\/it\/wp-json\/wp\/v2\/product\/267367","targetHints":{"allow":["GET"]}}],"collection":[{"href":"https:\/\/www.csj-emballages.com\/it\/wp-json\/wp\/v2\/product"}],"about":[{"href":"https:\/\/www.csj-emballages.com\/it\/wp-json\/wp\/v2\/types\/product"}],"wp:featuredmedia":[{"embeddable":true,"href":"https:\/\/www.csj-emballages.com\/it\/wp-json\/wp\/v2\/media\/267368"}],"wp:attachment":[{"href":"https:\/\/www.csj-emballages.com\/it\/wp-json\/wp\/v2\/media?parent=267367"}],"wp:term":[{"taxonomy":"product_brand","embeddable":true,"href":"https:\/\/www.csj-emballages.com\/it\/wp-json\/wp\/v2\/product_brand?post=267367"},{"taxonomy":"product_cat","embeddable":true,"href":"https:\/\/www.csj-emballages.com\/it\/wp-json\/wp\/v2\/product_cat?post=267367"},{"taxonomy":"product_tag","embeddable":true,"href":"https:\/\/www.csj-emballages.com\/it\/wp-json\/wp\/v2\/product_tag?post=267367"}],"curies":[{"name":"wp","href":"https:\/\/api.w.org\/{rel}","templated":true}]}}