{"id":267345,"date":"2024-03-01T17:00:15","date_gmt":"2024-03-01T16:00:15","guid":{"rendered":"https:\/\/www.csj-emballages.com\/produit\/detergente-lavastoviglie-per-acqua-dura-20-litri\/"},"modified":"2026-04-10T02:10:36","modified_gmt":"2026-04-10T00:10:36","slug":"detergente-lavastoviglie-per-acqua-dura-20-litri","status":"publish","type":"product","link":"https:\/\/www.csj-emballages.com\/it\/produit\/detergente-lavastoviglie-per-acqua-dura-20-litri\/","title":{"rendered":"Detergente lavastoviglie per acqua dura 20 litri"},"content":{"rendered":"<h2 class=\"p1\">Detergente lavastoviglie<\/h2>\n<hr>\n<h3>Descrizione del nostro detergente lavastoviglie per acqua dura 20 litri<\/h3>\n<p><!--more--><\/p>\n<p class=\"\" data-start=\"260\" data-end=\"588\">Questo <strong>detergente lavastoviglie<\/strong> per <strong>macchina in tanica da 20 litri<\/strong> \u00e8 stato progettato appositamente per ambienti professionali esigenti: ristoranti, comunit\u00e0, mense o cucine industriali. \u00c8 infatti una soluzione potente, pensata per farti guadagnare in efficienza, anche nelle zone in cui l\u2019acqua \u00e8 particolarmente dura. <\/p>\n<p class=\"\" data-start=\"590\" data-end=\"1033\">Grazie alla sua <strong data-start=\"601\" data-end=\"636\">formulazione alcalina concentrata<\/strong>, questo prodotto garantisce un <strong data-start=\"659\" data-end=\"692\">lavaggio automatico ad alte prestazioni<\/strong>, preservando al contempo le tue attrezzature. Contiene un\u2019elevata quantit\u00e0 di <strong data-start=\"766\" data-end=\"782\">sequestranti<\/strong>, <strong data-start=\"784\" data-end=\"799\">disperdenti<\/strong> e <strong data-start=\"803\" data-end=\"831\">agenti anti-rideposizione<\/strong>, che impediscono la formazione di calcare, facilitano l\u2019eliminazione dei grassi ed evitano che i residui si ridepositino sulle stoviglie. Il risultato: stoviglie pulite, brillanti, senza aloni.  <\/p>\n<p class=\"\" data-start=\"1035\" data-end=\"1424\">La schiuma controllata di questo <strong>detergente<\/strong> lo rende perfettamente adatto alle macchine, senza traboccamenti n\u00e9 perdita di prestazioni. Inoltre, \u00e8 consigliato per l\u2019uso con acqua da durezza media ad elevata, dove altri prodotti possono mostrare i loro limiti. In pi\u00f9, il formato <strong>20L<\/strong> consente un utilizzo prolungato, riducendo le movimentazioni e le rotture di stock.  <\/p>\n<p class=\"\" data-start=\"1426\" data-end=\"1578\">In sintesi, \u00e8 la scelta di affidabilit\u00e0 ed efficacia per tutti i professionisti che non vogliono scendere a compromessi sull\u2019igiene delle loro <strong>stoviglie<\/strong>.<\/p>\n<p data-start=\"1426\" data-end=\"1578\">\n<p data-start=\"1426\" data-end=\"1578\"><!--more--><\/p>\n<h4>Componenti:<\/h4>\n<ul>\n<li>Sequestranti<\/li>\n<li>Alcali<\/li>\n<li>Agenti anti-rideposizione<\/li>\n<li>Disperdenti<\/li>\n<li>Colorante<\/li>\n<\/ul>\n<p data-start=\"1426\" data-end=\"1578\">\n<p class=\"\" data-start=\"1302\" data-end=\"1517\"><!--more--><\/p>\n<p><strong>I loro vantaggi:<\/strong><\/p>\n<ul>\n<li>Ideale per zone con acqua dura (durezza media-alta).<\/li>\n<li>Eccellente azione sgrassante e anti-rideposizione.<\/li>\n<li>Schiuma controllata, perfetta per uso in macchina.<\/li>\n<li>Grande formato 20L per professionisti esigenti.<\/li>\n<\/ul>\n<p>&nbsp;<\/p>\n<p><!--more--><\/p>\n<p><strong>Altre informazioni:  <\/strong><\/p>\n<ul>\n<li><strong>Confezionamento<\/strong>: al pezzo<\/li>\n<li><strong>Volume <\/strong>: 20 litri<\/li>\n<li><strong>Utilizzo<\/strong>: detergente lavastoviglie<\/li>\n<li><strong>pH<\/strong>: 1 %<\/li>\n<li><strong>Densit\u00e0 a 20\u00ba C<\/strong>: 1,25 gr\/cc<\/li>\n<li><strong>Potere sequestrante<\/strong>: 7,5\u00baHF\/g<\/li>\n<\/ul>\n<p>&nbsp;<\/p>\n<p><!--more--><\/p>\n<p class=\"woocommerce-loop-product__title\">Scopri anche il nostro disincrostante anticalcare per lavastoviglie automatiche 5 litri: <span style=\"color: #d12727;\"><a style=\"color: #d12727;\" href=\"https:\/\/www.csj-emballages.com\/it\/produit\/disincrostante-anticalcare-per-lavastoviglie-automatica-5-litri\/\">62355<\/a><\/span><\/p>\n<p>&nbsp;<\/p>\n<p><!--more--><\/p>\n<p><a href=\"https:\/\/www.csj-emballages.com\/it\/categorie-produit\/igiene-e-manutenzione\/prodotti-per-la-pulizia\/manutenzione-stoviglie\/lavastoviglie\/\">Consulta il resto della nostra gamma di prodotti di manutenzione per lavastoviglie<\/a><\/p>\n","protected":false},"excerpt":{"rendered":"<p>Detergente lavastoviglie Descrizione del nostro detergente lavastoviglie per acqua dura 20 litri<\/p>\n","protected":false},"featured_media":267350,"template":"","meta":{"_acf_changed":false},"product_brand":[],"product_cat":[10356,10360,10462,10463],"product_tag":[],"class_list":{"0":"post-267345","1":"product","2":"type-product","3":"status-publish","4":"has-post-thumbnail","6":"product_cat-igiene-e-manutenzione","7":"product_cat-prodotti-per-la-pulizia","8":"product_cat-manutenzione-stoviglie","9":"product_cat-lavastoviglie","10":"product_shipping_class-vietato-in-punto-di-ritiro","12":"first","13":"instock","14":"taxable","15":"shipping-taxable","16":"purchasable","17":"product-type-simple"},"acf":[],"yoast_head":"<!-- This site is optimized with the Yoast SEO Premium plugin v26.6 (Yoast SEO v26.6) - https:\/\/yoast.com\/wordpress\/plugins\/seo\/ -->\n<title>Detergente Lavastoviglie per Acqua Dura 20 litri<\/title>\n<meta name=\"description\" content=\"Detergente lavastoviglie 20L potente. Perfetto per acqua dura. Alte prestazioni, schiuma controllata, stoviglie pulite e senza aloni.\" \/>\n<meta name=\"robots\" content=\"index, follow, max-snippet:-1, max-image-preview:large, max-video-preview:-1\" \/>\n<link rel=\"canonical\" href=\"https:\/\/www.csj-emballages.com\/it\/produit\/detergente-lavastoviglie-per-acqua-dura-20-litri\/\" \/>\n<meta property=\"og:locale\" content=\"it_IT\" \/>\n<meta property=\"og:type\" content=\"article\" \/>\n<meta property=\"og:title\" content=\"Detergente lavastoviglie per acqua dura 20 litri\" \/>\n<meta property=\"og:description\" content=\"Detergente lavastoviglie 20L potente. Perfetto per acqua dura. Alte prestazioni, schiuma controllata, stoviglie pulite e senza aloni.\" \/>\n<meta property=\"og:url\" content=\"https:\/\/www.csj-emballages.com\/it\/produit\/detergente-lavastoviglie-per-acqua-dura-20-litri\/\" \/>\n<meta property=\"og:site_name\" content=\"CSJ Emballages\" \/>\n<meta property=\"article:publisher\" content=\"https:\/\/www.facebook.com\/csjemballages\" \/>\n<meta property=\"article:modified_time\" content=\"2026-04-10T00:10:36+00:00\" \/>\n<meta property=\"og:image\" content=\"https:\/\/www.csj-emballages.com\/wp-content\/uploads\/2024\/03\/VAISSELLE-MACHINE.webp\" \/>\n\t<meta property=\"og:image:width\" content=\"800\" \/>\n\t<meta property=\"og:image:height\" content=\"800\" \/>\n\t<meta property=\"og:image:type\" content=\"image\/webp\" \/>\n<meta name=\"twitter:card\" content=\"summary_large_image\" \/>\n<meta name=\"twitter:label1\" content=\"Dur\u00e9e de lecture estim\u00e9e\" \/>\n\t<meta name=\"twitter:data1\" content=\"1 minuto\" \/>\n<script type=\"application\/ld+json\" class=\"yoast-schema-graph\">{\"@context\":\"https:\/\/schema.org\",\"@graph\":[{\"@type\":\"WebPage\",\"@id\":\"https:\/\/www.csj-emballages.com\/it\/produit\/detergente-lavastoviglie-per-acqua-dura-20-litri\/\",\"url\":\"https:\/\/www.csj-emballages.com\/it\/produit\/detergente-lavastoviglie-per-acqua-dura-20-litri\/\",\"name\":\"Detergente Lavastoviglie per Acqua Dura 20 litri\",\"isPartOf\":{\"@id\":\"https:\/\/www.csj-emballages.com\/it\/#website\"},\"primaryImageOfPage\":{\"@id\":\"https:\/\/www.csj-emballages.com\/it\/produit\/detergente-lavastoviglie-per-acqua-dura-20-litri\/#primaryimage\"},\"image\":{\"@id\":\"https:\/\/www.csj-emballages.com\/it\/produit\/detergente-lavastoviglie-per-acqua-dura-20-litri\/#primaryimage\"},\"thumbnailUrl\":\"https:\/\/www.csj-emballages.com\/wp-content\/uploads\/2024\/03\/VAISSELLE-MACHINE.webp\",\"datePublished\":\"2024-03-01T16:00:15+00:00\",\"dateModified\":\"2026-04-10T00:10:36+00:00\",\"description\":\"Detergente lavastoviglie 20L potente. Perfetto per acqua dura. Alte prestazioni, schiuma controllata, stoviglie pulite e senza aloni.\",\"breadcrumb\":{\"@id\":\"https:\/\/www.csj-emballages.com\/it\/produit\/detergente-lavastoviglie-per-acqua-dura-20-litri\/#breadcrumb\"},\"inLanguage\":\"it-IT\",\"potentialAction\":[{\"@type\":\"ReadAction\",\"target\":[\"https:\/\/www.csj-emballages.com\/it\/produit\/detergente-lavastoviglie-per-acqua-dura-20-litri\/\"]}]},{\"@type\":\"ImageObject\",\"inLanguage\":\"it-IT\",\"@id\":\"https:\/\/www.csj-emballages.com\/it\/produit\/detergente-lavastoviglie-per-acqua-dura-20-litri\/#primaryimage\",\"url\":\"https:\/\/www.csj-emballages.com\/wp-content\/uploads\/2024\/03\/VAISSELLE-MACHINE.webp\",\"contentUrl\":\"https:\/\/www.csj-emballages.com\/wp-content\/uploads\/2024\/03\/VAISSELLE-MACHINE.webp\",\"width\":800,\"height\":800,\"caption\":\"D\u00e9tergent vaisselle\"},{\"@type\":\"BreadcrumbList\",\"@id\":\"https:\/\/www.csj-emballages.com\/it\/produit\/detergente-lavastoviglie-per-acqua-dura-20-litri\/#breadcrumb\",\"itemListElement\":[{\"@type\":\"ListItem\",\"position\":1,\"name\":\"Home\",\"item\":\"https:\/\/www.csj-emballages.com\/it\/universo-imballaggi-alimentari\/\"},{\"@type\":\"ListItem\",\"position\":2,\"name\":\"Negozio\",\"item\":\"https:\/\/www.csj-emballages.com\/it\/negozio\/\"},{\"@type\":\"ListItem\",\"position\":3,\"name\":\"Detergente lavastoviglie per acqua dura 20 litri\"}]},{\"@type\":\"WebSite\",\"@id\":\"https:\/\/www.csj-emballages.com\/it\/#website\",\"url\":\"https:\/\/www.csj-emballages.com\/it\/\",\"name\":\"CSJ Emballages\",\"description\":\"\",\"publisher\":{\"@id\":\"https:\/\/www.csj-emballages.com\/it\/#organization\"},\"potentialAction\":[{\"@type\":\"SearchAction\",\"target\":{\"@type\":\"EntryPoint\",\"urlTemplate\":\"https:\/\/www.csj-emballages.com\/it\/?s={search_term_string}\"},\"query-input\":{\"@type\":\"PropertyValueSpecification\",\"valueRequired\":true,\"valueName\":\"search_term_string\"}}],\"inLanguage\":\"it-IT\"},{\"@type\":\"Organization\",\"@id\":\"https:\/\/www.csj-emballages.com\/it\/#Organization\/\",\"name\":\"CSJ Emballages\",\"url\":\"https:\/\/www.csj-emballages.com\/it\/\",\"logo\":{\"@type\":\"ImageObject\",\"inLanguage\":\"it-IT\",\"@id\":\"https:\/\/www.csj-emballages.com\/it\/#\/schema\/logo\/image\/\",\"url\":\"https:\/\/www.csj-emballages.com\/wp-content\/uploads\/2023\/10\/logo_csj.webp\",\"contentUrl\":\"https:\/\/www.csj-emballages.com\/wp-content\/uploads\/2023\/10\/logo_csj.webp\",\"width\":250,\"height\":95,\"caption\":\"CSJ Emballages\"},\"image\":{\"@id\":\"https:\/\/www.csj-emballages.com\/it\/#\/schema\/logo\/image\/\"},\"sameAs\":[\"https:\/\/www.facebook.com\/csjemballages\"],\"address\":{\"@type\":\"PostalAddress\",\"streetAddress\":\"ZI La Lechere\",\"addressLocality\":\"Patornay\",\"postalCode\":\"39130\",\"addressCountry\":\"FR\"},\"contactPoint\":[{\"@type\":\"ContactPoint\",\"contactType\":\"Service client\",\"telephone\":\"0384254272\",\"email\":\"contact@csj-emballages.com\"}]}]}<\/script>\n<!-- \/ Yoast SEO Premium plugin. -->","yoast_head_json":{"title":"Detergente Lavastoviglie per Acqua Dura 20 litri","description":"Detergente lavastoviglie 20L potente. Perfetto per acqua dura. Alte prestazioni, schiuma controllata, stoviglie pulite e senza aloni.","robots":{"index":"index","follow":"follow","max-snippet":"max-snippet:-1","max-image-preview":"max-image-preview:large","max-video-preview":"max-video-preview:-1"},"canonical":"https:\/\/www.csj-emballages.com\/it\/produit\/detergente-lavastoviglie-per-acqua-dura-20-litri\/","og_locale":"it_IT","og_type":"article","og_title":"Detergente lavastoviglie per acqua dura 20 litri","og_description":"Detergente lavastoviglie 20L potente. Perfetto per acqua dura. Alte prestazioni, schiuma controllata, stoviglie pulite e senza aloni.","og_url":"https:\/\/www.csj-emballages.com\/it\/produit\/detergente-lavastoviglie-per-acqua-dura-20-litri\/","og_site_name":"CSJ Emballages","article_publisher":"https:\/\/www.facebook.com\/csjemballages","article_modified_time":"2026-04-10T00:10:36+00:00","og_image":[{"width":800,"height":800,"url":"https:\/\/www.csj-emballages.com\/wp-content\/uploads\/2024\/03\/VAISSELLE-MACHINE.webp","type":"image\/webp"}],"twitter_card":"summary_large_image","twitter_misc":{"Dur\u00e9e de lecture estim\u00e9e":"1 minuto"},"schema":{"@context":"https:\/\/schema.org","@graph":[{"@type":"WebPage","@id":"https:\/\/www.csj-emballages.com\/it\/produit\/detergente-lavastoviglie-per-acqua-dura-20-litri\/","url":"https:\/\/www.csj-emballages.com\/it\/produit\/detergente-lavastoviglie-per-acqua-dura-20-litri\/","name":"Detergente Lavastoviglie per Acqua Dura 20 litri","isPartOf":{"@id":"https:\/\/www.csj-emballages.com\/it\/#website"},"primaryImageOfPage":{"@id":"https:\/\/www.csj-emballages.com\/it\/produit\/detergente-lavastoviglie-per-acqua-dura-20-litri\/#primaryimage"},"image":{"@id":"https:\/\/www.csj-emballages.com\/it\/produit\/detergente-lavastoviglie-per-acqua-dura-20-litri\/#primaryimage"},"thumbnailUrl":"https:\/\/www.csj-emballages.com\/wp-content\/uploads\/2024\/03\/VAISSELLE-MACHINE.webp","datePublished":"2024-03-01T16:00:15+00:00","dateModified":"2026-04-10T00:10:36+00:00","description":"Detergente lavastoviglie 20L potente. Perfetto per acqua dura. Alte prestazioni, schiuma controllata, stoviglie pulite e senza aloni.","breadcrumb":{"@id":"https:\/\/www.csj-emballages.com\/it\/produit\/detergente-lavastoviglie-per-acqua-dura-20-litri\/#breadcrumb"},"inLanguage":"it-IT","potentialAction":[{"@type":"ReadAction","target":["https:\/\/www.csj-emballages.com\/it\/produit\/detergente-lavastoviglie-per-acqua-dura-20-litri\/"]}]},{"@type":"ImageObject","inLanguage":"it-IT","@id":"https:\/\/www.csj-emballages.com\/it\/produit\/detergente-lavastoviglie-per-acqua-dura-20-litri\/#primaryimage","url":"https:\/\/www.csj-emballages.com\/wp-content\/uploads\/2024\/03\/VAISSELLE-MACHINE.webp","contentUrl":"https:\/\/www.csj-emballages.com\/wp-content\/uploads\/2024\/03\/VAISSELLE-MACHINE.webp","width":800,"height":800,"caption":"D\u00e9tergent vaisselle"},{"@type":"BreadcrumbList","@id":"https:\/\/www.csj-emballages.com\/it\/produit\/detergente-lavastoviglie-per-acqua-dura-20-litri\/#breadcrumb","itemListElement":[{"@type":"ListItem","position":1,"name":"Home","item":"https:\/\/www.csj-emballages.com\/it\/universo-imballaggi-alimentari\/"},{"@type":"ListItem","position":2,"name":"Negozio","item":"https:\/\/www.csj-emballages.com\/it\/negozio\/"},{"@type":"ListItem","position":3,"name":"Detergente lavastoviglie per acqua dura 20 litri"}]},{"@type":"WebSite","@id":"https:\/\/www.csj-emballages.com\/it\/#website","url":"https:\/\/www.csj-emballages.com\/it\/","name":"CSJ Emballages","description":"","publisher":{"@id":"https:\/\/www.csj-emballages.com\/it\/#organization"},"potentialAction":[{"@type":"SearchAction","target":{"@type":"EntryPoint","urlTemplate":"https:\/\/www.csj-emballages.com\/it\/?s={search_term_string}"},"query-input":{"@type":"PropertyValueSpecification","valueRequired":true,"valueName":"search_term_string"}}],"inLanguage":"it-IT"},{"@type":"Organization","@id":"https:\/\/www.csj-emballages.com\/it\/#Organization\/","name":"CSJ Emballages","url":"https:\/\/www.csj-emballages.com\/it\/","logo":{"@type":"ImageObject","inLanguage":"it-IT","@id":"https:\/\/www.csj-emballages.com\/it\/#\/schema\/logo\/image\/","url":"https:\/\/www.csj-emballages.com\/wp-content\/uploads\/2023\/10\/logo_csj.webp","contentUrl":"https:\/\/www.csj-emballages.com\/wp-content\/uploads\/2023\/10\/logo_csj.webp","width":250,"height":95,"caption":"CSJ Emballages"},"image":{"@id":"https:\/\/www.csj-emballages.com\/it\/#\/schema\/logo\/image\/"},"sameAs":["https:\/\/www.facebook.com\/csjemballages"],"address":{"@type":"PostalAddress","streetAddress":"ZI La Lechere","addressLocality":"Patornay","postalCode":"39130","addressCountry":"FR"},"contactPoint":[{"@type":"ContactPoint","contactType":"Service client","telephone":"0384254272","email":"contact@csj-emballages.com"}]}]}},"df_price":63.38,"df_sale_price":"","df_regular_price":63.38,"df_image_link":"https:\/\/www.csj-emballages.com\/wp-content\/uploads\/2024\/03\/VAISSELLE-MACHINE-300x300.webp","tiered_pricing_type":"fixed","tiered_pricing_fixed_rules":[],"tiered_pricing_percentage_rules":[],"tiered_pricing_minimum":1,"tiered_pricing_roles_data":[],"_links":{"self":[{"href":"https:\/\/www.csj-emballages.com\/it\/wp-json\/wp\/v2\/product\/267345","targetHints":{"allow":["GET"]}}],"collection":[{"href":"https:\/\/www.csj-emballages.com\/it\/wp-json\/wp\/v2\/product"}],"about":[{"href":"https:\/\/www.csj-emballages.com\/it\/wp-json\/wp\/v2\/types\/product"}],"wp:featuredmedia":[{"embeddable":true,"href":"https:\/\/www.csj-emballages.com\/it\/wp-json\/wp\/v2\/media\/267350"}],"wp:attachment":[{"href":"https:\/\/www.csj-emballages.com\/it\/wp-json\/wp\/v2\/media?parent=267345"}],"wp:term":[{"taxonomy":"product_brand","embeddable":true,"href":"https:\/\/www.csj-emballages.com\/it\/wp-json\/wp\/v2\/product_brand?post=267345"},{"taxonomy":"product_cat","embeddable":true,"href":"https:\/\/www.csj-emballages.com\/it\/wp-json\/wp\/v2\/product_cat?post=267345"},{"taxonomy":"product_tag","embeddable":true,"href":"https:\/\/www.csj-emballages.com\/it\/wp-json\/wp\/v2\/product_tag?post=267345"}],"curies":[{"name":"wp","href":"https:\/\/api.w.org\/{rel}","templated":true}]}}