{"id":267336,"date":"2024-03-01T17:00:15","date_gmt":"2024-03-01T16:00:15","guid":{"rendered":"https:\/\/www.csj-emballages.com\/produit\/disinfettante-alimentare-idroalcolico-senza-risciacquo-5-litri\/"},"modified":"2026-04-17T02:10:21","modified_gmt":"2026-04-17T00:10:21","slug":"disinfettante-alimentare-idroalcolico-senza-risciacquo-5-litri","status":"publish","type":"product","link":"https:\/\/www.csj-emballages.com\/it\/produit\/disinfettante-alimentare-idroalcolico-senza-risciacquo-5-litri\/","title":{"rendered":"Disinfettante alimentare idroalcolico senza risciacquo 5 litri"},"content":{"rendered":"<h2>Disinfettante alimentare<\/h2>\n<hr>\n<h3>Descrizione del nostro disinfettante alimentare idroalcolico senza risciacquo 5 litri<\/h3>\n<p><!--more--><\/p>\n<p class=\"\" data-start=\"281\" data-end=\"618\">Questo <strong>disinfettante idroalcolico<\/strong> <strong>senza risciacquo<\/strong> \u00e8 un prodotto indispensabile per tutti i professionisti del settore agroalimentare, della ristorazione, dei mestieri alimentari o della grande distribuzione. Grazie alla sua formula, assicura una disinfezione rapida e senza residui delle superfici a contatto con gli alimenti. <\/p>\n<p class=\"\" data-start=\"620\" data-end=\"947\">Inoltre, conforme alle norme UNE-EN 13697 (battericida e fungicida) e UNE-EN 14476 (virucida), garantisce un&#8217;azione completa contro batteri, funghi e virus, inclusi i virus con involucro come i coronavirus. Il suo grande formato da <strong>5 litri<\/strong> \u00e8 particolarmente adatto per un uso regolare in ambiente professionale. <\/p>\n<p class=\"\" data-start=\"949\" data-end=\"1347\">Infatti, questo prodotto \u00e8 pronto all&#8217;uso: si applica direttamente sulle superfici con un nebulizzatore, un panno o un panno pulito. Non \u00e8 necessario alcun risciacquo, il che consente un notevole risparmio di tempo senza compromettere l&#8217;efficacia. Pu\u00f2 essere utilizzato su piani di lavoro, attrezzature, utensili o qualsiasi altro materiale a contatto diretto o indiretto con gli alimenti.  <\/p>\n<p class=\"\" data-start=\"1349\" data-end=\"1553\">In sintesi, affidabile, economico e facile da usare, questo <strong>disinfettante alimentare idroalcolico<\/strong> \u00e8 una scelta sicura per tutti coloro che cercano prestazioni, conformit\u00e0 alle norme igienico-sanitarie e praticit\u00e0 quotidiana.<\/p>\n<p>&nbsp;<\/p>\n<p><!--more--><\/p>\n<h4>I suoi vantaggi:<\/h4>\n<ul>\n<li>Senza risciacquo: applicazione rapida e pratica.<\/li>\n<li>Conforme alle norme battericide, fungicide e virucide.<\/li>\n<li>Utilizzabile su tutti i tipi di superfici alimentari.<\/li>\n<li>Grande formato economico da 5L, ideale per un uso frequente.<\/li>\n<li>Compatibile con l&#8217;industria agroalimentare e le cucine professionali.<\/li>\n<\/ul>\n<p>&nbsp;<\/p>\n<p><!--more--><\/p>\n<h4>Modalit\u00e0 d&#8217;uso:<\/h4>\n<p>Autorizzato per la disinfezione ambientale e dell&#8217;industria alimentare da parte di personale professionale. Prima di utilizzare il prodotto, leggi attentamente l&#8217;etichetta per evitare rischi per le persone e per l&#8217;ambiente. Per disinfettare nell&#8217;industria alimentare, effettua il trattamento in assenza di cibo. Assicurati che gli alimenti, le macchine e gli utensili manipolati nelle aree trattate con DESCOL non contengano residui del prodotto. Per garantire ci\u00f2, risciacqua accuratamente le superfici trattate con acqua prima di ogni utilizzo. Non usare DESCOL in combinazione con altri prodotti chimici. \u00c8 incompatibile con gli agenti ossidanti. Usa DESCOL puro o diluito fino all&#8217;80% in acqua, secondo necessit\u00e0. Per disinfettare superfici, impianti o attrezzature, applicalo tramite nebulizzazione o immersione e lascia agire per almeno 15 minuti per un&#8217;efficacia ottimale.        <\/p>\n<p>.<\/p>\n<p>&nbsp;<\/p>\n<p><!--more--><\/p>\n<h4>Altre informazioni:<\/h4>\n<ul>\n<li><strong>Confezione<\/strong>: Singola<\/li>\n<li><strong>Colore<\/strong>: Incolore<\/li>\n<li><strong>Volume<\/strong>: 5 litri<\/li>\n<li><strong>Utilizzo<\/strong>: Disinfettante<\/li>\n<li><strong>pH <\/strong>: 8.5<\/li>\n<li><strong>T. Infiammabilit\u00e0<\/strong> : &lt;23 \u00baC<\/li>\n<\/ul>\n<p>&nbsp;<\/p>\n<p><!--more--><\/p>\n<p>Trova qui il nostro spray disinfettante alimentare idroalcolico senza risciacquo 750ml: <span style=\"color: #d12727;\"><a style=\"color: #d12727;\" href=\"https:\/\/www.csj-emballages.com\/produit\/3-bouteilles-1-spray-desinfectant-alimentaire-hydro-alcoolique-sans-rincage-75\/\">0470750<\/a><\/span><\/p>\n<p>&nbsp;<\/p>\n<p><!--more--><\/p>\n<p><a href=\"https:\/\/www.csj-emballages.com\/it\/categorie-produit\/igiene-e-manutenzione\/prodotti-per-la-pulizia\/cucina\/\">Consulta il resto della nostra gamma di prodotti per la pulizia delle cucine<\/a><\/p>\n","protected":false},"excerpt":{"rendered":"<p>Disinfettante alimentare Descrizione del nostro disinfettante alimentare idroalcolico senza risciacquo 5 litri<\/p>\n","protected":false},"featured_media":267339,"template":"","meta":{"_acf_changed":false},"product_brand":[],"product_cat":[10356,10360,10361],"product_tag":[],"class_list":{"0":"post-267336","1":"product","2":"type-product","3":"status-publish","4":"has-post-thumbnail","6":"product_cat-igiene-e-manutenzione","7":"product_cat-prodotti-per-la-pulizia","8":"product_cat-cucina","9":"product_shipping_class-vietato-in-punto-di-ritiro","11":"first","12":"instock","13":"taxable","14":"shipping-taxable","15":"purchasable","16":"product-type-simple"},"acf":[],"yoast_head":"<!-- This site is optimized with the Yoast SEO Premium plugin v26.6 (Yoast SEO v26.6) - https:\/\/yoast.com\/wordpress\/plugins\/seo\/ -->\n<title>Disinfettante Alimentare Idroalcolico Senza Risciacquo 5 Litri<\/title>\n<meta name=\"description\" content=\"Scegli il Disinfettante alimentare idroalcolico senza risciacquo 5L: elimina il 99,9% di batteri e virus, ideale per superfici alimentari.\" \/>\n<meta name=\"robots\" content=\"index, follow, max-snippet:-1, max-image-preview:large, max-video-preview:-1\" \/>\n<link rel=\"canonical\" href=\"https:\/\/www.csj-emballages.com\/it\/produit\/disinfettante-alimentare-idroalcolico-senza-risciacquo-5-litri\/\" \/>\n<meta property=\"og:locale\" content=\"it_IT\" \/>\n<meta property=\"og:type\" content=\"article\" \/>\n<meta property=\"og:title\" content=\"Disinfettante alimentare idroalcolico senza risciacquo 5 litri\" \/>\n<meta property=\"og:description\" content=\"Scegli il Disinfettante alimentare idroalcolico senza risciacquo 5L: elimina il 99,9% di batteri e virus, ideale per superfici alimentari.\" \/>\n<meta property=\"og:url\" content=\"https:\/\/www.csj-emballages.com\/it\/produit\/disinfettante-alimentare-idroalcolico-senza-risciacquo-5-litri\/\" \/>\n<meta property=\"og:site_name\" content=\"CSJ Emballages\" \/>\n<meta property=\"article:publisher\" content=\"https:\/\/www.facebook.com\/csjemballages\" \/>\n<meta property=\"article:modified_time\" content=\"2026-04-17T00:10:21+00:00\" \/>\n<meta property=\"og:image\" content=\"https:\/\/www.csj-emballages.com\/wp-content\/uploads\/2024\/03\/04705-1.webp\" \/>\n\t<meta property=\"og:image:width\" content=\"800\" \/>\n\t<meta property=\"og:image:height\" content=\"800\" \/>\n\t<meta property=\"og:image:type\" content=\"image\/webp\" \/>\n<meta name=\"twitter:card\" content=\"summary_large_image\" \/>\n<meta name=\"twitter:label1\" content=\"Dur\u00e9e de lecture estim\u00e9e\" \/>\n\t<meta name=\"twitter:data1\" content=\"2 minuti\" \/>\n<script type=\"application\/ld+json\" class=\"yoast-schema-graph\">{\"@context\":\"https:\/\/schema.org\",\"@graph\":[{\"@type\":\"WebPage\",\"@id\":\"https:\/\/www.csj-emballages.com\/it\/produit\/disinfettante-alimentare-idroalcolico-senza-risciacquo-5-litri\/\",\"url\":\"https:\/\/www.csj-emballages.com\/it\/produit\/disinfettante-alimentare-idroalcolico-senza-risciacquo-5-litri\/\",\"name\":\"Disinfettante Alimentare Idroalcolico Senza Risciacquo 5 Litri\",\"isPartOf\":{\"@id\":\"https:\/\/www.csj-emballages.com\/it\/#website\"},\"primaryImageOfPage\":{\"@id\":\"https:\/\/www.csj-emballages.com\/it\/produit\/disinfettante-alimentare-idroalcolico-senza-risciacquo-5-litri\/#primaryimage\"},\"image\":{\"@id\":\"https:\/\/www.csj-emballages.com\/it\/produit\/disinfettante-alimentare-idroalcolico-senza-risciacquo-5-litri\/#primaryimage\"},\"thumbnailUrl\":\"https:\/\/www.csj-emballages.com\/wp-content\/uploads\/2024\/03\/04705-1.webp\",\"datePublished\":\"2024-03-01T16:00:15+00:00\",\"dateModified\":\"2026-04-17T00:10:21+00:00\",\"description\":\"Scegli il Disinfettante alimentare idroalcolico senza risciacquo 5L: elimina il 99,9% di batteri e virus, ideale per superfici alimentari.\",\"breadcrumb\":{\"@id\":\"https:\/\/www.csj-emballages.com\/it\/produit\/disinfettante-alimentare-idroalcolico-senza-risciacquo-5-litri\/#breadcrumb\"},\"inLanguage\":\"it-IT\",\"potentialAction\":[{\"@type\":\"ReadAction\",\"target\":[\"https:\/\/www.csj-emballages.com\/it\/produit\/disinfettante-alimentare-idroalcolico-senza-risciacquo-5-litri\/\"]}]},{\"@type\":\"ImageObject\",\"inLanguage\":\"it-IT\",\"@id\":\"https:\/\/www.csj-emballages.com\/it\/produit\/disinfettante-alimentare-idroalcolico-senza-risciacquo-5-litri\/#primaryimage\",\"url\":\"https:\/\/www.csj-emballages.com\/wp-content\/uploads\/2024\/03\/04705-1.webp\",\"contentUrl\":\"https:\/\/www.csj-emballages.com\/wp-content\/uploads\/2024\/03\/04705-1.webp\",\"width\":800,\"height\":800,\"caption\":\"D\u00e9sinfectant alimentaire\"},{\"@type\":\"BreadcrumbList\",\"@id\":\"https:\/\/www.csj-emballages.com\/it\/produit\/disinfettante-alimentare-idroalcolico-senza-risciacquo-5-litri\/#breadcrumb\",\"itemListElement\":[{\"@type\":\"ListItem\",\"position\":1,\"name\":\"Home\",\"item\":\"https:\/\/www.csj-emballages.com\/it\/universo-imballaggi-alimentari\/\"},{\"@type\":\"ListItem\",\"position\":2,\"name\":\"Negozio\",\"item\":\"https:\/\/www.csj-emballages.com\/it\/negozio\/\"},{\"@type\":\"ListItem\",\"position\":3,\"name\":\"Disinfettante alimentare idroalcolico senza risciacquo 5 litri\"}]},{\"@type\":\"WebSite\",\"@id\":\"https:\/\/www.csj-emballages.com\/it\/#website\",\"url\":\"https:\/\/www.csj-emballages.com\/it\/\",\"name\":\"CSJ Emballages\",\"description\":\"\",\"publisher\":{\"@id\":\"https:\/\/www.csj-emballages.com\/it\/#organization\"},\"potentialAction\":[{\"@type\":\"SearchAction\",\"target\":{\"@type\":\"EntryPoint\",\"urlTemplate\":\"https:\/\/www.csj-emballages.com\/it\/?s={search_term_string}\"},\"query-input\":{\"@type\":\"PropertyValueSpecification\",\"valueRequired\":true,\"valueName\":\"search_term_string\"}}],\"inLanguage\":\"it-IT\"},{\"@type\":\"Organization\",\"@id\":\"https:\/\/www.csj-emballages.com\/it\/#Organization\/\",\"name\":\"CSJ Emballages\",\"url\":\"https:\/\/www.csj-emballages.com\/it\/\",\"logo\":{\"@type\":\"ImageObject\",\"inLanguage\":\"it-IT\",\"@id\":\"https:\/\/www.csj-emballages.com\/it\/#\/schema\/logo\/image\/\",\"url\":\"https:\/\/www.csj-emballages.com\/wp-content\/uploads\/2023\/10\/logo_csj.webp\",\"contentUrl\":\"https:\/\/www.csj-emballages.com\/wp-content\/uploads\/2023\/10\/logo_csj.webp\",\"width\":250,\"height\":95,\"caption\":\"CSJ Emballages\"},\"image\":{\"@id\":\"https:\/\/www.csj-emballages.com\/it\/#\/schema\/logo\/image\/\"},\"sameAs\":[\"https:\/\/www.facebook.com\/csjemballages\"],\"address\":{\"@type\":\"PostalAddress\",\"streetAddress\":\"ZI La Lechere\",\"addressLocality\":\"Patornay\",\"postalCode\":\"39130\",\"addressCountry\":\"FR\"},\"contactPoint\":[{\"@type\":\"ContactPoint\",\"contactType\":\"Service client\",\"telephone\":\"0384254272\",\"email\":\"contact@csj-emballages.com\"}]}]}<\/script>\n<!-- \/ Yoast SEO Premium plugin. -->","yoast_head_json":{"title":"Disinfettante Alimentare Idroalcolico Senza Risciacquo 5 Litri","description":"Scegli il Disinfettante alimentare idroalcolico senza risciacquo 5L: elimina il 99,9% di batteri e virus, ideale per superfici alimentari.","robots":{"index":"index","follow":"follow","max-snippet":"max-snippet:-1","max-image-preview":"max-image-preview:large","max-video-preview":"max-video-preview:-1"},"canonical":"https:\/\/www.csj-emballages.com\/it\/produit\/disinfettante-alimentare-idroalcolico-senza-risciacquo-5-litri\/","og_locale":"it_IT","og_type":"article","og_title":"Disinfettante alimentare idroalcolico senza risciacquo 5 litri","og_description":"Scegli il Disinfettante alimentare idroalcolico senza risciacquo 5L: elimina il 99,9% di batteri e virus, ideale per superfici alimentari.","og_url":"https:\/\/www.csj-emballages.com\/it\/produit\/disinfettante-alimentare-idroalcolico-senza-risciacquo-5-litri\/","og_site_name":"CSJ Emballages","article_publisher":"https:\/\/www.facebook.com\/csjemballages","article_modified_time":"2026-04-17T00:10:21+00:00","og_image":[{"width":800,"height":800,"url":"https:\/\/www.csj-emballages.com\/wp-content\/uploads\/2024\/03\/04705-1.webp","type":"image\/webp"}],"twitter_card":"summary_large_image","twitter_misc":{"Dur\u00e9e de lecture estim\u00e9e":"2 minuti"},"schema":{"@context":"https:\/\/schema.org","@graph":[{"@type":"WebPage","@id":"https:\/\/www.csj-emballages.com\/it\/produit\/disinfettante-alimentare-idroalcolico-senza-risciacquo-5-litri\/","url":"https:\/\/www.csj-emballages.com\/it\/produit\/disinfettante-alimentare-idroalcolico-senza-risciacquo-5-litri\/","name":"Disinfettante Alimentare Idroalcolico Senza Risciacquo 5 Litri","isPartOf":{"@id":"https:\/\/www.csj-emballages.com\/it\/#website"},"primaryImageOfPage":{"@id":"https:\/\/www.csj-emballages.com\/it\/produit\/disinfettante-alimentare-idroalcolico-senza-risciacquo-5-litri\/#primaryimage"},"image":{"@id":"https:\/\/www.csj-emballages.com\/it\/produit\/disinfettante-alimentare-idroalcolico-senza-risciacquo-5-litri\/#primaryimage"},"thumbnailUrl":"https:\/\/www.csj-emballages.com\/wp-content\/uploads\/2024\/03\/04705-1.webp","datePublished":"2024-03-01T16:00:15+00:00","dateModified":"2026-04-17T00:10:21+00:00","description":"Scegli il Disinfettante alimentare idroalcolico senza risciacquo 5L: elimina il 99,9% di batteri e virus, ideale per superfici alimentari.","breadcrumb":{"@id":"https:\/\/www.csj-emballages.com\/it\/produit\/disinfettante-alimentare-idroalcolico-senza-risciacquo-5-litri\/#breadcrumb"},"inLanguage":"it-IT","potentialAction":[{"@type":"ReadAction","target":["https:\/\/www.csj-emballages.com\/it\/produit\/disinfettante-alimentare-idroalcolico-senza-risciacquo-5-litri\/"]}]},{"@type":"ImageObject","inLanguage":"it-IT","@id":"https:\/\/www.csj-emballages.com\/it\/produit\/disinfettante-alimentare-idroalcolico-senza-risciacquo-5-litri\/#primaryimage","url":"https:\/\/www.csj-emballages.com\/wp-content\/uploads\/2024\/03\/04705-1.webp","contentUrl":"https:\/\/www.csj-emballages.com\/wp-content\/uploads\/2024\/03\/04705-1.webp","width":800,"height":800,"caption":"D\u00e9sinfectant alimentaire"},{"@type":"BreadcrumbList","@id":"https:\/\/www.csj-emballages.com\/it\/produit\/disinfettante-alimentare-idroalcolico-senza-risciacquo-5-litri\/#breadcrumb","itemListElement":[{"@type":"ListItem","position":1,"name":"Home","item":"https:\/\/www.csj-emballages.com\/it\/universo-imballaggi-alimentari\/"},{"@type":"ListItem","position":2,"name":"Negozio","item":"https:\/\/www.csj-emballages.com\/it\/negozio\/"},{"@type":"ListItem","position":3,"name":"Disinfettante alimentare idroalcolico senza risciacquo 5 litri"}]},{"@type":"WebSite","@id":"https:\/\/www.csj-emballages.com\/it\/#website","url":"https:\/\/www.csj-emballages.com\/it\/","name":"CSJ Emballages","description":"","publisher":{"@id":"https:\/\/www.csj-emballages.com\/it\/#organization"},"potentialAction":[{"@type":"SearchAction","target":{"@type":"EntryPoint","urlTemplate":"https:\/\/www.csj-emballages.com\/it\/?s={search_term_string}"},"query-input":{"@type":"PropertyValueSpecification","valueRequired":true,"valueName":"search_term_string"}}],"inLanguage":"it-IT"},{"@type":"Organization","@id":"https:\/\/www.csj-emballages.com\/it\/#Organization\/","name":"CSJ Emballages","url":"https:\/\/www.csj-emballages.com\/it\/","logo":{"@type":"ImageObject","inLanguage":"it-IT","@id":"https:\/\/www.csj-emballages.com\/it\/#\/schema\/logo\/image\/","url":"https:\/\/www.csj-emballages.com\/wp-content\/uploads\/2023\/10\/logo_csj.webp","contentUrl":"https:\/\/www.csj-emballages.com\/wp-content\/uploads\/2023\/10\/logo_csj.webp","width":250,"height":95,"caption":"CSJ Emballages"},"image":{"@id":"https:\/\/www.csj-emballages.com\/it\/#\/schema\/logo\/image\/"},"sameAs":["https:\/\/www.facebook.com\/csjemballages"],"address":{"@type":"PostalAddress","streetAddress":"ZI La Lechere","addressLocality":"Patornay","postalCode":"39130","addressCountry":"FR"},"contactPoint":[{"@type":"ContactPoint","contactType":"Service client","telephone":"0384254272","email":"contact@csj-emballages.com"}]}]}},"df_price":24.84,"df_sale_price":"","df_regular_price":24.84,"df_image_link":"https:\/\/www.csj-emballages.com\/wp-content\/uploads\/2024\/03\/04705-1-300x300.webp","tiered_pricing_type":"fixed","tiered_pricing_fixed_rules":[],"tiered_pricing_percentage_rules":[],"tiered_pricing_minimum":1,"tiered_pricing_roles_data":[],"_links":{"self":[{"href":"https:\/\/www.csj-emballages.com\/it\/wp-json\/wp\/v2\/product\/267336","targetHints":{"allow":["GET"]}}],"collection":[{"href":"https:\/\/www.csj-emballages.com\/it\/wp-json\/wp\/v2\/product"}],"about":[{"href":"https:\/\/www.csj-emballages.com\/it\/wp-json\/wp\/v2\/types\/product"}],"wp:featuredmedia":[{"embeddable":true,"href":"https:\/\/www.csj-emballages.com\/it\/wp-json\/wp\/v2\/media\/267339"}],"wp:attachment":[{"href":"https:\/\/www.csj-emballages.com\/it\/wp-json\/wp\/v2\/media?parent=267336"}],"wp:term":[{"taxonomy":"product_brand","embeddable":true,"href":"https:\/\/www.csj-emballages.com\/it\/wp-json\/wp\/v2\/product_brand?post=267336"},{"taxonomy":"product_cat","embeddable":true,"href":"https:\/\/www.csj-emballages.com\/it\/wp-json\/wp\/v2\/product_cat?post=267336"},{"taxonomy":"product_tag","embeddable":true,"href":"https:\/\/www.csj-emballages.com\/it\/wp-json\/wp\/v2\/product_tag?post=267336"}],"curies":[{"name":"wp","href":"https:\/\/api.w.org\/{rel}","templated":true}]}}