{"id":267331,"date":"2024-03-01T17:00:14","date_gmt":"2024-03-01T16:00:14","guid":{"rendered":"https:\/\/www.csj-emballages.com\/produit\/spray-disinfettante-alimentare-idroalcolico-senza-risciacquo-750ml\/"},"modified":"2026-04-16T02:10:16","modified_gmt":"2026-04-16T00:10:16","slug":"spray-disinfettante-alimentare-idroalcolico-senza-risciacquo-750ml","status":"publish","type":"product","link":"https:\/\/www.csj-emballages.com\/it\/produit\/spray-disinfettante-alimentare-idroalcolico-senza-risciacquo-750ml\/","title":{"rendered":"Spray disinfettante alimentare idroalcolico senza risciacquo 750ml"},"content":{"rendered":"<h2>Disinfettante alimentare<\/h2>\n<hr>\n<h3>Descrizione del nostro disinfettante alimentare idroalcolico senza risciacquo 750ml<\/h3>\n<p><!--more--><\/p>\n<p class=\"\" data-start=\"281\" data-end=\"618\">Questo <strong>disinfettante idroalcolico<\/strong> <strong>senza risciacquo<\/strong> \u00e8 indispensabile per tutti i professionisti dell\u2019agroalimentare, della ristorazione o della grande distribuzione. Grazie alla sua formula, assicura una disinfezione rapida e senza residui delle superfici a contatto con gli alimenti. <\/p>\n<p class=\"\" data-start=\"620\" data-end=\"947\">Inoltre, conforme alle norme UNE-EN 13697 (battericida e funghicida) e UNE-EN 14476 (virucida), garantisce un&#8217;azione completa contro batteri, funghi e virus, inclusi i virus incapsulati come i coronavirus. Il formato da <strong>750ml<\/strong> \u00e8 particolarmente adatto all&#8217;uso regolare in ambito professionale. <\/p>\n<p class=\"\" data-start=\"949\" data-end=\"1347\">Il prodotto \u00e8 pronto all&#8217;uso: si applica direttamente sulle superfici con uno spruzzatore, una mantellina o un panno pulito. Non \u00e8 necessario alcun risciacquo, permettendo un notevole risparmio di tempo senza compromettere l&#8217;efficacia. Pu\u00f2 essere utilizzato su piani di lavoro, attrezzature, utensili o qualsiasi materiale a contatto diretto o indiretto con il cibo.  <\/p>\n<p class=\"\" data-start=\"1349\" data-end=\"1553\">In sintesi, affidabile, economico e facile da usare, questo <strong>disinfettante alimentare idroalcolico<\/strong> \u00e8 una scelta sicura per chi cerca prestazioni, conformit\u00e0 alle norme sanitarie e praticit\u00e0 quotidiana.<\/p>\n<p>&nbsp;<\/p>\n<p><!--more--><\/p>\n<h4>I vantaggi:<\/h4>\n<ul>\n<li>Senza risciacquo: applicazione rapida e pratica.<\/li>\n<li>Conforme alle norme battericide, funghicide e virucide.<\/li>\n<li>Utilizzabile su tutti i tipi di superfici alimentari.<\/li>\n<li>Formato convenienza da 5L, ideale per un uso frequente.<\/li>\n<li>Compatibile con l\u2019industria agroalimentare e le cucine professionali.<\/li>\n<\/ul>\n<p>&nbsp;<\/p>\n<p><!--more--><\/p>\n<h4>Istruzioni per l&#8217;uso:<\/h4>\n<p>Autorizzato per la disinfezione ambientale e l&#8217;industria alimentare da parte di personale professionale. Prima di utilizzare il prodotto, leggi attentamente l&#8217;etichetta per evitare rischi per le persone e l&#8217;ambiente. Per disinfettare nell&#8217;industria alimentare, esegui il trattamento in assenza di cibo. Assicurati che alimenti, macchinari e utensili manipolati nelle zone trattate con DESCOL non contengano residui del prodotto. Per garantirlo, risciacqua accuratamente le superfici trattate con acqua prima dell&#8217;uso. Non usare DESCOL insieme ad altri prodotti chimici. \u00c8 incompatibile con gli agenti ossidanti. Usa DESCOL puro o diluito fino all&#8217;80% in acqua, a seconda delle necessit\u00e0. Per disinfettare superfici o attrezzature, applicalo tramite spruzzatura o immersione e lascia agire per almeno 15 minuti per un&#8217;efficacia ottimale.        <\/p>\n<p>.<\/p>\n<p>&nbsp;<\/p>\n<p><!--more--><\/p>\n<h4>Altre informazioni:<\/h4>\n<ul>\n<li><strong>Confezione<\/strong>: Unit\u00e0 singola<\/li>\n<li><strong>Colore<\/strong>: Incolore<\/li>\n<li><strong>Volume<\/strong>: 750ml<\/li>\n<li><strong>Uso<\/strong>: Disinfettante<\/li>\n<li><strong>pH <\/strong>: 8.5<\/li>\n<li><strong>Punto di infiammabilit\u00e0<\/strong>: &lt;23 \u00baC<\/li>\n<\/ul>\n<p>&nbsp;<\/p>\n<p><!--more--><\/p>\n<p>Trovi qui il nostro disinfettante alimentare idroalcolico senza risciacquo da 5 litri: <span style=\"color: #d12727;\"><a style=\"color: #d12727;\" href=\"https:\/\/www.csj-emballages.com\/it\/produit\/disinfettante-alimentare-idroalcolico-senza-risciacquo-5-litri\/\">04705<\/a><\/span><\/p>\n<p>&nbsp;<\/p>\n<p><!--more--><\/p>\n<p><a href=\"https:\/\/www.csj-emballages.com\/it\/categorie-produit\/igiene-e-manutenzione\/prodotti-per-la-pulizia\/cucina\/\">Consulta il resto della nostra gamma di prodotti per la pulizia delle cucine<\/a><\/p>\n","protected":false},"excerpt":{"rendered":"<p>Disinfettante alimentare Descrizione del nostro disinfettante alimentare idroalcolico senza risciacquo 750ml<\/p>\n","protected":false},"featured_media":267333,"template":"","meta":{"_acf_changed":false},"product_brand":[],"product_cat":[10356,10360,10361],"product_tag":[],"class_list":{"0":"post-267331","1":"product","2":"type-product","3":"status-publish","4":"has-post-thumbnail","6":"product_cat-igiene-e-manutenzione","7":"product_cat-prodotti-per-la-pulizia","8":"product_cat-cucina","10":"first","11":"instock","12":"taxable","13":"shipping-taxable","14":"purchasable","15":"product-type-simple"},"acf":[],"yoast_head":"<!-- This site is optimized with the Yoast SEO Premium plugin v26.6 (Yoast SEO v26.6) - https:\/\/yoast.com\/wordpress\/plugins\/seo\/ -->\n<title>Disinfettante Alimentare Idroalcolico Senza Risciacquo 750ml<\/title>\n<meta name=\"description\" content=\"Disinfettante alimentare idroalcolico senza risciacquo \u2013 750ml. Conforme alle norme sanitarie, ideale per l\u2019industria agroalimentare.\" \/>\n<meta name=\"robots\" content=\"index, follow, max-snippet:-1, max-image-preview:large, max-video-preview:-1\" \/>\n<link rel=\"canonical\" href=\"https:\/\/www.csj-emballages.com\/it\/produit\/spray-disinfettante-alimentare-idroalcolico-senza-risciacquo-750ml\/\" \/>\n<meta property=\"og:locale\" content=\"it_IT\" \/>\n<meta property=\"og:type\" content=\"article\" \/>\n<meta property=\"og:title\" content=\"Spray disinfettante alimentare idroalcolico senza risciacquo 750ml\" \/>\n<meta property=\"og:description\" content=\"Disinfettante alimentare idroalcolico senza risciacquo \u2013 750ml. Conforme alle norme sanitarie, ideale per l\u2019industria agroalimentare.\" \/>\n<meta property=\"og:url\" content=\"https:\/\/www.csj-emballages.com\/it\/produit\/spray-disinfettante-alimentare-idroalcolico-senza-risciacquo-750ml\/\" \/>\n<meta property=\"og:site_name\" content=\"CSJ Emballages\" \/>\n<meta property=\"article:publisher\" content=\"https:\/\/www.facebook.com\/csjemballages\" \/>\n<meta property=\"article:modified_time\" content=\"2026-04-16T00:10:16+00:00\" \/>\n<meta property=\"og:image\" content=\"https:\/\/www.csj-emballages.com\/wp-content\/uploads\/2024\/03\/pistolet-desinfectant-covid-virucide-zoom-jpg.webp\" \/>\n\t<meta property=\"og:image:width\" content=\"800\" \/>\n\t<meta property=\"og:image:height\" content=\"800\" \/>\n\t<meta property=\"og:image:type\" content=\"image\/jpeg\" \/>\n<meta name=\"twitter:card\" content=\"summary_large_image\" \/>\n<meta name=\"twitter:label1\" content=\"Dur\u00e9e de lecture estim\u00e9e\" \/>\n\t<meta name=\"twitter:data1\" content=\"2 minuti\" \/>\n<script type=\"application\/ld+json\" class=\"yoast-schema-graph\">{\"@context\":\"https:\/\/schema.org\",\"@graph\":[{\"@type\":\"WebPage\",\"@id\":\"https:\/\/www.csj-emballages.com\/it\/produit\/spray-disinfettante-alimentare-idroalcolico-senza-risciacquo-750ml\/\",\"url\":\"https:\/\/www.csj-emballages.com\/it\/produit\/spray-disinfettante-alimentare-idroalcolico-senza-risciacquo-750ml\/\",\"name\":\"Disinfettante Alimentare Idroalcolico Senza Risciacquo 750ml\",\"isPartOf\":{\"@id\":\"https:\/\/www.csj-emballages.com\/it\/#website\"},\"primaryImageOfPage\":{\"@id\":\"https:\/\/www.csj-emballages.com\/it\/produit\/spray-disinfettante-alimentare-idroalcolico-senza-risciacquo-750ml\/#primaryimage\"},\"image\":{\"@id\":\"https:\/\/www.csj-emballages.com\/it\/produit\/spray-disinfettante-alimentare-idroalcolico-senza-risciacquo-750ml\/#primaryimage\"},\"thumbnailUrl\":\"https:\/\/www.csj-emballages.com\/wp-content\/uploads\/2024\/03\/pistolet-desinfectant-covid-virucide-zoom-jpg.webp\",\"datePublished\":\"2024-03-01T16:00:14+00:00\",\"dateModified\":\"2026-04-16T00:10:16+00:00\",\"description\":\"Disinfettante alimentare idroalcolico senza risciacquo \u2013 750ml. Conforme alle norme sanitarie, ideale per l\u2019industria agroalimentare.\",\"breadcrumb\":{\"@id\":\"https:\/\/www.csj-emballages.com\/it\/produit\/spray-disinfettante-alimentare-idroalcolico-senza-risciacquo-750ml\/#breadcrumb\"},\"inLanguage\":\"it-IT\",\"potentialAction\":[{\"@type\":\"ReadAction\",\"target\":[\"https:\/\/www.csj-emballages.com\/it\/produit\/spray-disinfettante-alimentare-idroalcolico-senza-risciacquo-750ml\/\"]}]},{\"@type\":\"ImageObject\",\"inLanguage\":\"it-IT\",\"@id\":\"https:\/\/www.csj-emballages.com\/it\/produit\/spray-disinfettante-alimentare-idroalcolico-senza-risciacquo-750ml\/#primaryimage\",\"url\":\"https:\/\/www.csj-emballages.com\/wp-content\/uploads\/2024\/03\/pistolet-desinfectant-covid-virucide-zoom-jpg.webp\",\"contentUrl\":\"https:\/\/www.csj-emballages.com\/wp-content\/uploads\/2024\/03\/pistolet-desinfectant-covid-virucide-zoom-jpg.webp\",\"width\":800,\"height\":800},{\"@type\":\"BreadcrumbList\",\"@id\":\"https:\/\/www.csj-emballages.com\/it\/produit\/spray-disinfettante-alimentare-idroalcolico-senza-risciacquo-750ml\/#breadcrumb\",\"itemListElement\":[{\"@type\":\"ListItem\",\"position\":1,\"name\":\"Home\",\"item\":\"https:\/\/www.csj-emballages.com\/it\/universo-imballaggi-alimentari\/\"},{\"@type\":\"ListItem\",\"position\":2,\"name\":\"Negozio\",\"item\":\"https:\/\/www.csj-emballages.com\/it\/negozio\/\"},{\"@type\":\"ListItem\",\"position\":3,\"name\":\"Spray disinfettante alimentare idroalcolico senza risciacquo 750ml\"}]},{\"@type\":\"WebSite\",\"@id\":\"https:\/\/www.csj-emballages.com\/it\/#website\",\"url\":\"https:\/\/www.csj-emballages.com\/it\/\",\"name\":\"CSJ Emballages\",\"description\":\"\",\"publisher\":{\"@id\":\"https:\/\/www.csj-emballages.com\/it\/#organization\"},\"potentialAction\":[{\"@type\":\"SearchAction\",\"target\":{\"@type\":\"EntryPoint\",\"urlTemplate\":\"https:\/\/www.csj-emballages.com\/it\/?s={search_term_string}\"},\"query-input\":{\"@type\":\"PropertyValueSpecification\",\"valueRequired\":true,\"valueName\":\"search_term_string\"}}],\"inLanguage\":\"it-IT\"},{\"@type\":\"Organization\",\"@id\":\"https:\/\/www.csj-emballages.com\/it\/#Organization\/\",\"name\":\"CSJ Emballages\",\"url\":\"https:\/\/www.csj-emballages.com\/it\/\",\"logo\":{\"@type\":\"ImageObject\",\"inLanguage\":\"it-IT\",\"@id\":\"https:\/\/www.csj-emballages.com\/it\/#\/schema\/logo\/image\/\",\"url\":\"https:\/\/www.csj-emballages.com\/wp-content\/uploads\/2023\/10\/logo_csj.webp\",\"contentUrl\":\"https:\/\/www.csj-emballages.com\/wp-content\/uploads\/2023\/10\/logo_csj.webp\",\"width\":250,\"height\":95,\"caption\":\"CSJ Emballages\"},\"image\":{\"@id\":\"https:\/\/www.csj-emballages.com\/it\/#\/schema\/logo\/image\/\"},\"sameAs\":[\"https:\/\/www.facebook.com\/csjemballages\"],\"address\":{\"@type\":\"PostalAddress\",\"streetAddress\":\"ZI La Lechere\",\"addressLocality\":\"Patornay\",\"postalCode\":\"39130\",\"addressCountry\":\"FR\"},\"contactPoint\":[{\"@type\":\"ContactPoint\",\"contactType\":\"Service client\",\"telephone\":\"0384254272\",\"email\":\"contact@csj-emballages.com\"}]}]}<\/script>\n<!-- \/ Yoast SEO Premium plugin. -->","yoast_head_json":{"title":"Disinfettante Alimentare Idroalcolico Senza Risciacquo 750ml","description":"Disinfettante alimentare idroalcolico senza risciacquo \u2013 750ml. Conforme alle norme sanitarie, ideale per l\u2019industria agroalimentare.","robots":{"index":"index","follow":"follow","max-snippet":"max-snippet:-1","max-image-preview":"max-image-preview:large","max-video-preview":"max-video-preview:-1"},"canonical":"https:\/\/www.csj-emballages.com\/it\/produit\/spray-disinfettante-alimentare-idroalcolico-senza-risciacquo-750ml\/","og_locale":"it_IT","og_type":"article","og_title":"Spray disinfettante alimentare idroalcolico senza risciacquo 750ml","og_description":"Disinfettante alimentare idroalcolico senza risciacquo \u2013 750ml. Conforme alle norme sanitarie, ideale per l\u2019industria agroalimentare.","og_url":"https:\/\/www.csj-emballages.com\/it\/produit\/spray-disinfettante-alimentare-idroalcolico-senza-risciacquo-750ml\/","og_site_name":"CSJ Emballages","article_publisher":"https:\/\/www.facebook.com\/csjemballages","article_modified_time":"2026-04-16T00:10:16+00:00","og_image":[{"width":800,"height":800,"url":"https:\/\/www.csj-emballages.com\/wp-content\/uploads\/2024\/03\/pistolet-desinfectant-covid-virucide-zoom-jpg.webp","type":"image\/jpeg"}],"twitter_card":"summary_large_image","twitter_misc":{"Dur\u00e9e de lecture estim\u00e9e":"2 minuti"},"schema":{"@context":"https:\/\/schema.org","@graph":[{"@type":"WebPage","@id":"https:\/\/www.csj-emballages.com\/it\/produit\/spray-disinfettante-alimentare-idroalcolico-senza-risciacquo-750ml\/","url":"https:\/\/www.csj-emballages.com\/it\/produit\/spray-disinfettante-alimentare-idroalcolico-senza-risciacquo-750ml\/","name":"Disinfettante Alimentare Idroalcolico Senza Risciacquo 750ml","isPartOf":{"@id":"https:\/\/www.csj-emballages.com\/it\/#website"},"primaryImageOfPage":{"@id":"https:\/\/www.csj-emballages.com\/it\/produit\/spray-disinfettante-alimentare-idroalcolico-senza-risciacquo-750ml\/#primaryimage"},"image":{"@id":"https:\/\/www.csj-emballages.com\/it\/produit\/spray-disinfettante-alimentare-idroalcolico-senza-risciacquo-750ml\/#primaryimage"},"thumbnailUrl":"https:\/\/www.csj-emballages.com\/wp-content\/uploads\/2024\/03\/pistolet-desinfectant-covid-virucide-zoom-jpg.webp","datePublished":"2024-03-01T16:00:14+00:00","dateModified":"2026-04-16T00:10:16+00:00","description":"Disinfettante alimentare idroalcolico senza risciacquo \u2013 750ml. Conforme alle norme sanitarie, ideale per l\u2019industria agroalimentare.","breadcrumb":{"@id":"https:\/\/www.csj-emballages.com\/it\/produit\/spray-disinfettante-alimentare-idroalcolico-senza-risciacquo-750ml\/#breadcrumb"},"inLanguage":"it-IT","potentialAction":[{"@type":"ReadAction","target":["https:\/\/www.csj-emballages.com\/it\/produit\/spray-disinfettante-alimentare-idroalcolico-senza-risciacquo-750ml\/"]}]},{"@type":"ImageObject","inLanguage":"it-IT","@id":"https:\/\/www.csj-emballages.com\/it\/produit\/spray-disinfettante-alimentare-idroalcolico-senza-risciacquo-750ml\/#primaryimage","url":"https:\/\/www.csj-emballages.com\/wp-content\/uploads\/2024\/03\/pistolet-desinfectant-covid-virucide-zoom-jpg.webp","contentUrl":"https:\/\/www.csj-emballages.com\/wp-content\/uploads\/2024\/03\/pistolet-desinfectant-covid-virucide-zoom-jpg.webp","width":800,"height":800},{"@type":"BreadcrumbList","@id":"https:\/\/www.csj-emballages.com\/it\/produit\/spray-disinfettante-alimentare-idroalcolico-senza-risciacquo-750ml\/#breadcrumb","itemListElement":[{"@type":"ListItem","position":1,"name":"Home","item":"https:\/\/www.csj-emballages.com\/it\/universo-imballaggi-alimentari\/"},{"@type":"ListItem","position":2,"name":"Negozio","item":"https:\/\/www.csj-emballages.com\/it\/negozio\/"},{"@type":"ListItem","position":3,"name":"Spray disinfettante alimentare idroalcolico senza risciacquo 750ml"}]},{"@type":"WebSite","@id":"https:\/\/www.csj-emballages.com\/it\/#website","url":"https:\/\/www.csj-emballages.com\/it\/","name":"CSJ Emballages","description":"","publisher":{"@id":"https:\/\/www.csj-emballages.com\/it\/#organization"},"potentialAction":[{"@type":"SearchAction","target":{"@type":"EntryPoint","urlTemplate":"https:\/\/www.csj-emballages.com\/it\/?s={search_term_string}"},"query-input":{"@type":"PropertyValueSpecification","valueRequired":true,"valueName":"search_term_string"}}],"inLanguage":"it-IT"},{"@type":"Organization","@id":"https:\/\/www.csj-emballages.com\/it\/#Organization\/","name":"CSJ Emballages","url":"https:\/\/www.csj-emballages.com\/it\/","logo":{"@type":"ImageObject","inLanguage":"it-IT","@id":"https:\/\/www.csj-emballages.com\/it\/#\/schema\/logo\/image\/","url":"https:\/\/www.csj-emballages.com\/wp-content\/uploads\/2023\/10\/logo_csj.webp","contentUrl":"https:\/\/www.csj-emballages.com\/wp-content\/uploads\/2023\/10\/logo_csj.webp","width":250,"height":95,"caption":"CSJ Emballages"},"image":{"@id":"https:\/\/www.csj-emballages.com\/it\/#\/schema\/logo\/image\/"},"sameAs":["https:\/\/www.facebook.com\/csjemballages"],"address":{"@type":"PostalAddress","streetAddress":"ZI La Lechere","addressLocality":"Patornay","postalCode":"39130","addressCountry":"FR"},"contactPoint":[{"@type":"ContactPoint","contactType":"Service client","telephone":"0384254272","email":"contact@csj-emballages.com"}]}]}},"df_price":4.98,"df_sale_price":"","df_regular_price":4.98,"df_image_link":"https:\/\/www.csj-emballages.com\/wp-content\/uploads\/2024\/03\/pistolet-desinfectant-covid-virucide-zoom-300x300.webp","tiered_pricing_type":"fixed","tiered_pricing_fixed_rules":[],"tiered_pricing_percentage_rules":[],"tiered_pricing_minimum":1,"tiered_pricing_roles_data":[],"_links":{"self":[{"href":"https:\/\/www.csj-emballages.com\/it\/wp-json\/wp\/v2\/product\/267331","targetHints":{"allow":["GET"]}}],"collection":[{"href":"https:\/\/www.csj-emballages.com\/it\/wp-json\/wp\/v2\/product"}],"about":[{"href":"https:\/\/www.csj-emballages.com\/it\/wp-json\/wp\/v2\/types\/product"}],"wp:featuredmedia":[{"embeddable":true,"href":"https:\/\/www.csj-emballages.com\/it\/wp-json\/wp\/v2\/media\/267333"}],"wp:attachment":[{"href":"https:\/\/www.csj-emballages.com\/it\/wp-json\/wp\/v2\/media?parent=267331"}],"wp:term":[{"taxonomy":"product_brand","embeddable":true,"href":"https:\/\/www.csj-emballages.com\/it\/wp-json\/wp\/v2\/product_brand?post=267331"},{"taxonomy":"product_cat","embeddable":true,"href":"https:\/\/www.csj-emballages.com\/it\/wp-json\/wp\/v2\/product_cat?post=267331"},{"taxonomy":"product_tag","embeddable":true,"href":"https:\/\/www.csj-emballages.com\/it\/wp-json\/wp\/v2\/product_tag?post=267331"}],"curies":[{"name":"wp","href":"https:\/\/api.w.org\/{rel}","templated":true}]}}