{"id":267326,"date":"2024-03-01T17:00:15","date_gmt":"2024-03-01T16:00:15","guid":{"rendered":"https:\/\/www.csj-emballages.com\/produit\/dispenser-sapone-liquido-1000-ml\/"},"modified":"2026-04-22T02:10:16","modified_gmt":"2026-04-22T00:10:16","slug":"dispenser-sapone-liquido-1000-ml","status":"publish","type":"product","link":"https:\/\/www.csj-emballages.com\/it\/produit\/dispenser-sapone-liquido-1000-ml\/","title":{"rendered":"Dispenser sapone liquido 1000 ml"},"content":{"rendered":"<h2>Dispenser sapone<\/h2>\n<hr>\n<h3>Descrizione del nostro dispenser sapone liquido 1000 ml<!--more--><\/h3>\n<div class=\"flex max-w-full flex-col flex-grow\">\n<div class=\"min-h-8 text-message flex w-full flex-col items-end gap-2 whitespace-normal break-words text-start [.text-message+&amp;]:mt-5\" dir=\"auto\" data-message-author-role=\"assistant\" data-message-id=\"266ca6f3-5e07-4948-bd20-80ac5e6da4a5\" data-message-model-slug=\"gpt-4o\">\n<div class=\"flex w-full flex-col gap-1 empty:hidden first:pt-[3px]\">\n<p data-start=\"241\" data-end=\"613\">Questo <strong>dispenser di sapone liquido<\/strong> <strong data-start=\"274\" data-end=\"285\">1000 ml<\/strong> \u00e8 una soluzione semplice ed efficace per mantenere uno spazio pulito, ordinato e igienico, senza complicazioni. Con il suo design essenziale e la finitura trasparente, ti permette di vedere il livello di sapone a colpo d\u2019occhio. Risultato: niente pi\u00f9 brutte sorprese quando il dispenser \u00e8 vuoto, puoi prevedere facilmente la ricarica.  <\/p>\n<p data-start=\"615\" data-end=\"1025\">Grazie alla sua grande capacit\u00e0, \u00e8 perfetto per i luoghi molto frequentati. Che sia in servizi igienici professionali, in cucina, in laboratorio, in un ristorante o anche in ufficio, riduce le ricariche frequenti e fa risparmiare tempo ogni giorno. Il suo <strong>sistema a pressione<\/strong> eroga la giusta dose di sapone, n\u00e9 troppa n\u00e9 troppo poca. Cos\u00ec limiti gli sprechi garantendo un\u2019igiene ottimale.   <\/p>\n<p data-start=\"1027\" data-end=\"1337\">In pi\u00f9, il formato a parete libera spazio sui piani di lavoro e mantiene le superfici pulite. L\u2019uso resta intuitivo: basta una semplice pressione, anche con le mani bagnate o insaponate. Il <strong>dispenser<\/strong> si integra facilmente in qualsiasi ambiente grazie allo stile discreto e moderno.  <\/p>\n<p data-start=\"1339\" data-end=\"1573\">Inoltre, il suo <strong>serbatoio trasparente<\/strong> e il meccanismo robusto lo rendono un\u2019attrezzatura affidabile nel tempo. \u00c8 compatibile con la maggior parte dei saponi liquidi, lasciandoti ampia libert\u00e0 di scelta in base alle tue esigenze. <\/p>\n<p data-start=\"1575\" data-end=\"1732\">In sintesi, questo <strong>dispenser sapone 1000 ml<\/strong> \u00e8 un alleato quotidiano: pratico, economico e pensato per un uso intensivo, senza rinunciare al comfort d\u2019uso.<\/p>\n<\/div>\n<div class=\"flex w-full flex-col gap-1 empty:hidden first:pt-[3px]\">\n<p>&nbsp;<\/p>\n<\/div>\n<\/div>\n<\/div>\n<p><!--more--><\/p>\n<div class=\"markdown prose w-full break-words dark:prose-invert dark\">\n<p>Uso manuale fino a 3 ml per pressione.<\/p>\n<p>*Questo dispenser \u00e8 fornito con le viti.<\/p>\n<\/div>\n<p>&nbsp;<\/p>\n<p><!--more--><\/p>\n<h4>Vantaggi:<\/h4>\n<ul>\n<li data-start=\"1760\" data-end=\"1789\">Grande capacit\u00e0 di <strong>1000 ml<\/strong>.<\/li>\n<li data-start=\"1792\" data-end=\"1840\"><strong>Serbatoio trasparente<\/strong> per un controllo rapido.<\/li>\n<li data-start=\"1843\" data-end=\"1877\"><strong>Erogazione<\/strong> controllata del sapone.<\/li>\n<li data-start=\"1880\" data-end=\"1907\">Pratico fissaggio a parete.<\/li>\n<li data-start=\"1910\" data-end=\"1959\">Adatto a usi professionali e collettivi.<\/li>\n<\/ul>\n<p data-start=\"241\" data-end=\"613\">\n<p><!--more--><\/p>\n<h4>Altre informazioni:<\/h4>\n<ul>\n<li><strong>Confezionamento<\/strong>: singolo<\/li>\n<li><strong>Dimensioni<\/strong>: 10 x 9 x 19 cm (L x l x h)<\/li>\n<li><strong>Materiale<\/strong>: plastica<\/li>\n<li><strong>Colore<\/strong>: bianco \/ blu<\/li>\n<li><strong>Utilizzo<\/strong>: a pressione \/ manuale<\/li>\n<li><strong>Capacit\u00e0<\/strong>: 1 litro \/ 3 ml per pressione<\/li>\n<\/ul>\n<p>&nbsp;<\/p>\n<p><!--more--><\/p>\n<p><a href=\"\/?product_cat=savon-main\">Consulta qui la nostra gamma di sapone mani<\/a><\/p>\n<p>&nbsp;<\/p>\n<p><!--more--><\/p>\n<p><a href=\"https:\/\/www.csj-emballages.com\/it\/categorie-produit\/igiene-e-manutenzione\/dispenser\/\">Consulta il resto della nostra gamma di dispenser<\/a><\/p>\n","protected":false},"excerpt":{"rendered":"<p>Dispenser sapone Descrizione del nostro dispenser sapone liquido 1000 ml<\/p>\n","protected":false},"featured_media":267328,"template":"","meta":{"_acf_changed":false},"product_brand":[],"product_cat":[10356,10384],"product_tag":[],"class_list":{"0":"post-267326","1":"product","2":"type-product","3":"status-publish","4":"has-post-thumbnail","6":"product_cat-igiene-e-manutenzione","7":"product_cat-dispenser","9":"first","10":"outofstock","11":"taxable","12":"shipping-taxable","13":"purchasable","14":"product-type-simple"},"acf":[],"yoast_head":"<!-- This site is optimized with the Yoast SEO Premium plugin v26.6 (Yoast SEO v26.6) - https:\/\/yoast.com\/wordpress\/plugins\/seo\/ -->\n<title>Dispenser Sapone Liquido 1000 ml<\/title>\n<meta name=\"description\" content=\"Scopri il nostro dispenser Sapone Liquido 1000 ml a pressione. Capacit\u00e0 1 L con 3 ml per pressione manuale. Uso manuale.\" \/>\n<meta name=\"robots\" content=\"index, follow, max-snippet:-1, max-image-preview:large, max-video-preview:-1\" \/>\n<link rel=\"canonical\" href=\"https:\/\/www.csj-emballages.com\/it\/produit\/dispenser-sapone-liquido-1000-ml\/\" \/>\n<meta property=\"og:locale\" content=\"it_IT\" \/>\n<meta property=\"og:type\" content=\"article\" \/>\n<meta property=\"og:title\" content=\"Dispenser sapone liquido 1000 ml\" \/>\n<meta property=\"og:description\" content=\"Scopri il nostro dispenser Sapone Liquido 1000 ml a pressione. Capacit\u00e0 1 L con 3 ml per pressione manuale. Uso manuale.\" \/>\n<meta property=\"og:url\" content=\"https:\/\/www.csj-emballages.com\/it\/produit\/dispenser-sapone-liquido-1000-ml\/\" \/>\n<meta property=\"og:site_name\" content=\"CSJ Emballages\" \/>\n<meta property=\"article:publisher\" content=\"https:\/\/www.facebook.com\/csjemballages\" \/>\n<meta property=\"article:modified_time\" content=\"2026-04-22T00:10:16+00:00\" \/>\n<meta property=\"og:image\" content=\"https:\/\/www.csj-emballages.com\/wp-content\/uploads\/2024\/03\/04DS3110V.webp\" \/>\n\t<meta property=\"og:image:width\" content=\"800\" \/>\n\t<meta property=\"og:image:height\" content=\"800\" \/>\n\t<meta property=\"og:image:type\" content=\"image\/webp\" \/>\n<meta name=\"twitter:card\" content=\"summary_large_image\" \/>\n<meta name=\"twitter:label1\" content=\"Dur\u00e9e de lecture estim\u00e9e\" \/>\n\t<meta name=\"twitter:data1\" content=\"2 minuti\" \/>\n<script type=\"application\/ld+json\" class=\"yoast-schema-graph\">{\"@context\":\"https:\/\/schema.org\",\"@graph\":[{\"@type\":\"WebPage\",\"@id\":\"https:\/\/www.csj-emballages.com\/it\/produit\/dispenser-sapone-liquido-1000-ml\/\",\"url\":\"https:\/\/www.csj-emballages.com\/it\/produit\/dispenser-sapone-liquido-1000-ml\/\",\"name\":\"Dispenser Sapone Liquido 1000 ml\",\"isPartOf\":{\"@id\":\"https:\/\/www.csj-emballages.com\/it\/#website\"},\"primaryImageOfPage\":{\"@id\":\"https:\/\/www.csj-emballages.com\/it\/produit\/dispenser-sapone-liquido-1000-ml\/#primaryimage\"},\"image\":{\"@id\":\"https:\/\/www.csj-emballages.com\/it\/produit\/dispenser-sapone-liquido-1000-ml\/#primaryimage\"},\"thumbnailUrl\":\"https:\/\/www.csj-emballages.com\/wp-content\/uploads\/2024\/03\/04DS3110V.webp\",\"datePublished\":\"2024-03-01T16:00:15+00:00\",\"dateModified\":\"2026-04-22T00:10:16+00:00\",\"description\":\"Scopri il nostro dispenser Sapone Liquido 1000 ml a pressione. Capacit\u00e0 1 L con 3 ml per pressione manuale. Uso manuale.\",\"breadcrumb\":{\"@id\":\"https:\/\/www.csj-emballages.com\/it\/produit\/dispenser-sapone-liquido-1000-ml\/#breadcrumb\"},\"inLanguage\":\"it-IT\",\"potentialAction\":[{\"@type\":\"ReadAction\",\"target\":[\"https:\/\/www.csj-emballages.com\/it\/produit\/dispenser-sapone-liquido-1000-ml\/\"]}]},{\"@type\":\"ImageObject\",\"inLanguage\":\"it-IT\",\"@id\":\"https:\/\/www.csj-emballages.com\/it\/produit\/dispenser-sapone-liquido-1000-ml\/#primaryimage\",\"url\":\"https:\/\/www.csj-emballages.com\/wp-content\/uploads\/2024\/03\/04DS3110V.webp\",\"contentUrl\":\"https:\/\/www.csj-emballages.com\/wp-content\/uploads\/2024\/03\/04DS3110V.webp\",\"width\":800,\"height\":800,\"caption\":\"Distributeur savon liquide\"},{\"@type\":\"BreadcrumbList\",\"@id\":\"https:\/\/www.csj-emballages.com\/it\/produit\/dispenser-sapone-liquido-1000-ml\/#breadcrumb\",\"itemListElement\":[{\"@type\":\"ListItem\",\"position\":1,\"name\":\"Home\",\"item\":\"https:\/\/www.csj-emballages.com\/it\/universo-imballaggi-alimentari\/\"},{\"@type\":\"ListItem\",\"position\":2,\"name\":\"Negozio\",\"item\":\"https:\/\/www.csj-emballages.com\/it\/negozio\/\"},{\"@type\":\"ListItem\",\"position\":3,\"name\":\"Dispenser sapone liquido 1000 ml\"}]},{\"@type\":\"WebSite\",\"@id\":\"https:\/\/www.csj-emballages.com\/it\/#website\",\"url\":\"https:\/\/www.csj-emballages.com\/it\/\",\"name\":\"CSJ Emballages\",\"description\":\"\",\"publisher\":{\"@id\":\"https:\/\/www.csj-emballages.com\/it\/#organization\"},\"potentialAction\":[{\"@type\":\"SearchAction\",\"target\":{\"@type\":\"EntryPoint\",\"urlTemplate\":\"https:\/\/www.csj-emballages.com\/it\/?s={search_term_string}\"},\"query-input\":{\"@type\":\"PropertyValueSpecification\",\"valueRequired\":true,\"valueName\":\"search_term_string\"}}],\"inLanguage\":\"it-IT\"},{\"@type\":\"Organization\",\"@id\":\"https:\/\/www.csj-emballages.com\/it\/#Organization\/\",\"name\":\"CSJ Emballages\",\"url\":\"https:\/\/www.csj-emballages.com\/it\/\",\"logo\":{\"@type\":\"ImageObject\",\"inLanguage\":\"it-IT\",\"@id\":\"https:\/\/www.csj-emballages.com\/it\/#\/schema\/logo\/image\/\",\"url\":\"https:\/\/www.csj-emballages.com\/wp-content\/uploads\/2023\/10\/logo_csj.webp\",\"contentUrl\":\"https:\/\/www.csj-emballages.com\/wp-content\/uploads\/2023\/10\/logo_csj.webp\",\"width\":250,\"height\":95,\"caption\":\"CSJ Emballages\"},\"image\":{\"@id\":\"https:\/\/www.csj-emballages.com\/it\/#\/schema\/logo\/image\/\"},\"sameAs\":[\"https:\/\/www.facebook.com\/csjemballages\"],\"address\":{\"@type\":\"PostalAddress\",\"streetAddress\":\"ZI La Lechere\",\"addressLocality\":\"Patornay\",\"postalCode\":\"39130\",\"addressCountry\":\"FR\"},\"contactPoint\":[{\"@type\":\"ContactPoint\",\"contactType\":\"Service client\",\"telephone\":\"0384254272\",\"email\":\"contact@csj-emballages.com\"}]}]}<\/script>\n<!-- \/ Yoast SEO Premium plugin. -->","yoast_head_json":{"title":"Dispenser Sapone Liquido 1000 ml","description":"Scopri il nostro dispenser Sapone Liquido 1000 ml a pressione. Capacit\u00e0 1 L con 3 ml per pressione manuale. Uso manuale.","robots":{"index":"index","follow":"follow","max-snippet":"max-snippet:-1","max-image-preview":"max-image-preview:large","max-video-preview":"max-video-preview:-1"},"canonical":"https:\/\/www.csj-emballages.com\/it\/produit\/dispenser-sapone-liquido-1000-ml\/","og_locale":"it_IT","og_type":"article","og_title":"Dispenser sapone liquido 1000 ml","og_description":"Scopri il nostro dispenser Sapone Liquido 1000 ml a pressione. Capacit\u00e0 1 L con 3 ml per pressione manuale. Uso manuale.","og_url":"https:\/\/www.csj-emballages.com\/it\/produit\/dispenser-sapone-liquido-1000-ml\/","og_site_name":"CSJ Emballages","article_publisher":"https:\/\/www.facebook.com\/csjemballages","article_modified_time":"2026-04-22T00:10:16+00:00","og_image":[{"width":800,"height":800,"url":"https:\/\/www.csj-emballages.com\/wp-content\/uploads\/2024\/03\/04DS3110V.webp","type":"image\/webp"}],"twitter_card":"summary_large_image","twitter_misc":{"Dur\u00e9e de lecture estim\u00e9e":"2 minuti"},"schema":{"@context":"https:\/\/schema.org","@graph":[{"@type":"WebPage","@id":"https:\/\/www.csj-emballages.com\/it\/produit\/dispenser-sapone-liquido-1000-ml\/","url":"https:\/\/www.csj-emballages.com\/it\/produit\/dispenser-sapone-liquido-1000-ml\/","name":"Dispenser Sapone Liquido 1000 ml","isPartOf":{"@id":"https:\/\/www.csj-emballages.com\/it\/#website"},"primaryImageOfPage":{"@id":"https:\/\/www.csj-emballages.com\/it\/produit\/dispenser-sapone-liquido-1000-ml\/#primaryimage"},"image":{"@id":"https:\/\/www.csj-emballages.com\/it\/produit\/dispenser-sapone-liquido-1000-ml\/#primaryimage"},"thumbnailUrl":"https:\/\/www.csj-emballages.com\/wp-content\/uploads\/2024\/03\/04DS3110V.webp","datePublished":"2024-03-01T16:00:15+00:00","dateModified":"2026-04-22T00:10:16+00:00","description":"Scopri il nostro dispenser Sapone Liquido 1000 ml a pressione. Capacit\u00e0 1 L con 3 ml per pressione manuale. Uso manuale.","breadcrumb":{"@id":"https:\/\/www.csj-emballages.com\/it\/produit\/dispenser-sapone-liquido-1000-ml\/#breadcrumb"},"inLanguage":"it-IT","potentialAction":[{"@type":"ReadAction","target":["https:\/\/www.csj-emballages.com\/it\/produit\/dispenser-sapone-liquido-1000-ml\/"]}]},{"@type":"ImageObject","inLanguage":"it-IT","@id":"https:\/\/www.csj-emballages.com\/it\/produit\/dispenser-sapone-liquido-1000-ml\/#primaryimage","url":"https:\/\/www.csj-emballages.com\/wp-content\/uploads\/2024\/03\/04DS3110V.webp","contentUrl":"https:\/\/www.csj-emballages.com\/wp-content\/uploads\/2024\/03\/04DS3110V.webp","width":800,"height":800,"caption":"Distributeur savon liquide"},{"@type":"BreadcrumbList","@id":"https:\/\/www.csj-emballages.com\/it\/produit\/dispenser-sapone-liquido-1000-ml\/#breadcrumb","itemListElement":[{"@type":"ListItem","position":1,"name":"Home","item":"https:\/\/www.csj-emballages.com\/it\/universo-imballaggi-alimentari\/"},{"@type":"ListItem","position":2,"name":"Negozio","item":"https:\/\/www.csj-emballages.com\/it\/negozio\/"},{"@type":"ListItem","position":3,"name":"Dispenser sapone liquido 1000 ml"}]},{"@type":"WebSite","@id":"https:\/\/www.csj-emballages.com\/it\/#website","url":"https:\/\/www.csj-emballages.com\/it\/","name":"CSJ Emballages","description":"","publisher":{"@id":"https:\/\/www.csj-emballages.com\/it\/#organization"},"potentialAction":[{"@type":"SearchAction","target":{"@type":"EntryPoint","urlTemplate":"https:\/\/www.csj-emballages.com\/it\/?s={search_term_string}"},"query-input":{"@type":"PropertyValueSpecification","valueRequired":true,"valueName":"search_term_string"}}],"inLanguage":"it-IT"},{"@type":"Organization","@id":"https:\/\/www.csj-emballages.com\/it\/#Organization\/","name":"CSJ Emballages","url":"https:\/\/www.csj-emballages.com\/it\/","logo":{"@type":"ImageObject","inLanguage":"it-IT","@id":"https:\/\/www.csj-emballages.com\/it\/#\/schema\/logo\/image\/","url":"https:\/\/www.csj-emballages.com\/wp-content\/uploads\/2023\/10\/logo_csj.webp","contentUrl":"https:\/\/www.csj-emballages.com\/wp-content\/uploads\/2023\/10\/logo_csj.webp","width":250,"height":95,"caption":"CSJ Emballages"},"image":{"@id":"https:\/\/www.csj-emballages.com\/it\/#\/schema\/logo\/image\/"},"sameAs":["https:\/\/www.facebook.com\/csjemballages"],"address":{"@type":"PostalAddress","streetAddress":"ZI La Lechere","addressLocality":"Patornay","postalCode":"39130","addressCountry":"FR"},"contactPoint":[{"@type":"ContactPoint","contactType":"Service client","telephone":"0384254272","email":"contact@csj-emballages.com"}]}]}},"df_price":6.37,"df_sale_price":"","df_regular_price":6.37,"df_image_link":"https:\/\/www.csj-emballages.com\/wp-content\/uploads\/2024\/03\/04DS3110V-300x300.webp","tiered_pricing_type":"fixed","tiered_pricing_fixed_rules":[],"tiered_pricing_percentage_rules":[],"tiered_pricing_minimum":1,"tiered_pricing_roles_data":[],"_links":{"self":[{"href":"https:\/\/www.csj-emballages.com\/it\/wp-json\/wp\/v2\/product\/267326","targetHints":{"allow":["GET"]}}],"collection":[{"href":"https:\/\/www.csj-emballages.com\/it\/wp-json\/wp\/v2\/product"}],"about":[{"href":"https:\/\/www.csj-emballages.com\/it\/wp-json\/wp\/v2\/types\/product"}],"wp:featuredmedia":[{"embeddable":true,"href":"https:\/\/www.csj-emballages.com\/it\/wp-json\/wp\/v2\/media\/267328"}],"wp:attachment":[{"href":"https:\/\/www.csj-emballages.com\/it\/wp-json\/wp\/v2\/media?parent=267326"}],"wp:term":[{"taxonomy":"product_brand","embeddable":true,"href":"https:\/\/www.csj-emballages.com\/it\/wp-json\/wp\/v2\/product_brand?post=267326"},{"taxonomy":"product_cat","embeddable":true,"href":"https:\/\/www.csj-emballages.com\/it\/wp-json\/wp\/v2\/product_cat?post=267326"},{"taxonomy":"product_tag","embeddable":true,"href":"https:\/\/www.csj-emballages.com\/it\/wp-json\/wp\/v2\/product_tag?post=267326"}],"curies":[{"name":"wp","href":"https:\/\/api.w.org\/{rel}","templated":true}]}}