{"id":267319,"date":"2024-03-01T17:00:13","date_gmt":"2024-03-01T16:00:13","guid":{"rendered":"https:\/\/www.csj-emballages.com\/produit\/disinfettante-alimentare-deterquat-al-senza-risciacquo-da-5-litri\/"},"modified":"2026-03-12T16:01:41","modified_gmt":"2026-03-12T15:01:41","slug":"disinfettante-alimentare-deterquat-al-senza-risciacquo-da-5-litri","status":"publish","type":"product","link":"https:\/\/www.csj-emballages.com\/it\/produit\/disinfettante-alimentare-deterquat-al-senza-risciacquo-da-5-litri\/","title":{"rendered":"Disinfettante alimentare &#8220;deterquat al&#8221; senza risciacquo da 5 litri"},"content":{"rendered":"<h2>Disinfettante alimentare<\/h2>\n<hr>\n<h3>Descrizione del nostro disinfettante alimentare &#8220;deterquat al&#8221; senza risciacquo da 5 litri<\/h3>\n<p><!--more--><\/p>\n<p data-start=\"276\" data-end=\"616\">Il<strong> <\/strong><strong data-start=\"299\" data-end=\"315\">Deterquat AL<\/strong> \u00e8 un <strong>disinfettante alimentare<\/strong> senza risciacquo appositamente formulato per i professionisti del settore agroalimentare, della ristorazione e dell&#8217;industria. Proposto qui in <strong>tanica<\/strong> da <strong>5 litri,<\/strong> offre una soluzione efficace e semplice per mantenere un alto livello di igiene, senza complessit\u00e0 n\u00e9 perdite di tempo. <\/p>\n<p data-start=\"618\" data-end=\"946\">\u00c8 ideale per le superfici che possono entrare in contatto con gli alimenti: piani di lavoro, utensili, tavoli, attrezzature da cucina o da laboratorio. La sua formula battericida, lieviticida e fungicida elimina rapidamente i microrganismi rispettando le norme igieniche pi\u00f9 rigorose. <\/p>\n<p data-start=\"948\" data-end=\"1296\">Senza risciacquo (salvo in caso di contatto diretto con gli alimenti), questo <strong>disinfettante alimentare<\/strong> \u00e8 perfetto per un uso continuo, specialmente in ambienti esigenti dove il risparmio di tempo \u00e8 essenziale. Il <strong>Deterquat AL<\/strong> \u00e8 apprezzato anche per la sua versatilit\u00e0 e facilit\u00e0 d&#8217;uso: si usa puro o diluito a seconda del livello di disinfezione desiderato. <\/p>\n<p data-start=\"1298\" data-end=\"1470\">In sintesi, che tu sia un catering, un ristoratore, un panettiere o un privato attento a un&#8217;igiene impeccabile, questo <strong>disinfettante alimentare<\/strong> ti garantisce efficacia, praticit\u00e0 e conformit\u00e0.<\/p>\n<p>&nbsp;<\/p>\n<p><!--more--><\/p>\n<p><strong>DETERQUAT AL<\/strong> pu\u00f2 essere utilizzato anche in immersione per le piccole attrezzature.<\/p>\n<p>&nbsp;<\/p>\n<p><!--more--><\/p>\n<h4>Istruzioni per l&#8217;uso:<\/h4>\n<ul>\n<li>Spruzzare il prodotto puro<\/li>\n<li>Lasciare agire per il tempo necessario<\/li>\n<li>Pulire con un panno pulito<\/li>\n<li>Non richiede risciacquo<\/li>\n<\/ul>\n<p>&nbsp;<\/p>\n<p><!--more--><\/p>\n<h4>Altre informazioni:<\/h4>\n<ul>\n<li><strong>Confezione<\/strong>: Unit\u00e0 singola<\/li>\n<li><strong>Volume<\/strong>: 5 litri<\/li>\n<li><strong>Uso<\/strong>: Disinfettante per superfici alimentari<\/li>\n<\/ul>\n<p>&nbsp;<\/p>\n<p><!--more--><\/p>\n<p>Scopri qui il nostro Deterquat AL in formato salviette: <span style=\"color: #d12727;\"><a style=\"color: #d12727;\" href=\"https:\/\/www.csj-emballages.com\/produit\/200-lingettes-desinfectantes-alimentaires-sans-rincage-alimentaire\/\">salviette disinfettanti AL <\/a><\/span> <\/p>\n<p>&nbsp;<\/p>\n<p><!--more--><\/p>\n<p><a href=\"https:\/\/www.csj-emballages.com\/it\/categorie-produit\/igiene-e-manutenzione\/prodotti-per-la-pulizia\/cucina\/\">Consulta il resto della nostra gamma di prodotti per la pulizia delle cucine<\/a><\/p>\n","protected":false},"excerpt":{"rendered":"<p>Disinfettante alimentare Descrizione del nostro disinfettante alimentare &#8220;deterquat al&#8221; senza risciacquo da 5 litri<\/p>\n","protected":false},"featured_media":267322,"template":"","meta":{"_acf_changed":false},"product_brand":[],"product_cat":[10360,10361],"product_tag":[],"class_list":{"0":"post-267319","1":"product","2":"type-product","3":"status-publish","4":"has-post-thumbnail","6":"product_cat-prodotti-per-la-pulizia","7":"product_cat-cucina","8":"product_shipping_class-vietato-in-punto-di-ritiro","10":"first","11":"outofstock","12":"taxable","13":"shipping-taxable","14":"purchasable","15":"product-type-simple"},"acf":[],"yoast_head":"<!-- This site is optimized with the Yoast SEO Premium plugin v26.6 (Yoast SEO v26.6) - https:\/\/yoast.com\/wordpress\/plugins\/seo\/ -->\n<title>Disinfettante Alimentare &quot;Deterquat al&quot; Senza Risciacquo da 5 Litri<\/title>\n<meta name=\"description\" content=\"Disinfettante alimentare &quot;Deterquat AL&quot; senza risciacquo \u2013 5 L. Elimina batteri e lieviti. Ideale per cucine e industrie alimentari.\" \/>\n<meta name=\"robots\" content=\"index, follow, max-snippet:-1, max-image-preview:large, max-video-preview:-1\" \/>\n<link rel=\"canonical\" href=\"https:\/\/www.csj-emballages.com\/it\/produit\/disinfettante-alimentare-deterquat-al-senza-risciacquo-da-5-litri\/\" \/>\n<meta property=\"og:locale\" content=\"it_IT\" \/>\n<meta property=\"og:type\" content=\"article\" \/>\n<meta property=\"og:title\" content=\"Disinfettante alimentare &quot;deterquat al&quot; senza risciacquo da 5 litri\" \/>\n<meta property=\"og:description\" content=\"Disinfettante alimentare &quot;Deterquat AL&quot; senza risciacquo \u2013 5 L. Elimina batteri e lieviti. Ideale per cucine e industrie alimentari.\" \/>\n<meta property=\"og:url\" content=\"https:\/\/www.csj-emballages.com\/it\/produit\/disinfettante-alimentare-deterquat-al-senza-risciacquo-da-5-litri\/\" \/>\n<meta property=\"og:site_name\" content=\"CSJ Emballages\" \/>\n<meta property=\"article:publisher\" content=\"https:\/\/www.facebook.com\/csjemballages\" \/>\n<meta property=\"article:modified_time\" content=\"2026-03-12T15:01:41+00:00\" \/>\n<meta property=\"og:image\" content=\"https:\/\/www.csj-emballages.com\/wp-content\/uploads\/2024\/03\/Deterquat-AL.webp\" \/>\n\t<meta property=\"og:image:width\" content=\"800\" \/>\n\t<meta property=\"og:image:height\" content=\"800\" \/>\n\t<meta property=\"og:image:type\" content=\"image\/webp\" \/>\n<meta name=\"twitter:card\" content=\"summary_large_image\" \/>\n<meta name=\"twitter:label1\" content=\"Dur\u00e9e de lecture estim\u00e9e\" \/>\n\t<meta name=\"twitter:data1\" content=\"1 minuto\" \/>\n<script type=\"application\/ld+json\" class=\"yoast-schema-graph\">{\"@context\":\"https:\/\/schema.org\",\"@graph\":[{\"@type\":\"WebPage\",\"@id\":\"https:\/\/www.csj-emballages.com\/it\/produit\/disinfettante-alimentare-deterquat-al-senza-risciacquo-da-5-litri\/\",\"url\":\"https:\/\/www.csj-emballages.com\/it\/produit\/disinfettante-alimentare-deterquat-al-senza-risciacquo-da-5-litri\/\",\"name\":\"Disinfettante Alimentare \\\"Deterquat al\\\" Senza Risciacquo da 5 Litri\",\"isPartOf\":{\"@id\":\"https:\/\/www.csj-emballages.com\/it\/#website\"},\"primaryImageOfPage\":{\"@id\":\"https:\/\/www.csj-emballages.com\/it\/produit\/disinfettante-alimentare-deterquat-al-senza-risciacquo-da-5-litri\/#primaryimage\"},\"image\":{\"@id\":\"https:\/\/www.csj-emballages.com\/it\/produit\/disinfettante-alimentare-deterquat-al-senza-risciacquo-da-5-litri\/#primaryimage\"},\"thumbnailUrl\":\"https:\/\/www.csj-emballages.com\/wp-content\/uploads\/2024\/03\/Deterquat-AL.webp\",\"datePublished\":\"2024-03-01T16:00:13+00:00\",\"dateModified\":\"2026-03-12T15:01:41+00:00\",\"description\":\"Disinfettante alimentare \\\"Deterquat AL\\\" senza risciacquo \u2013 5 L. Elimina batteri e lieviti. Ideale per cucine e industrie alimentari.\",\"breadcrumb\":{\"@id\":\"https:\/\/www.csj-emballages.com\/it\/produit\/disinfettante-alimentare-deterquat-al-senza-risciacquo-da-5-litri\/#breadcrumb\"},\"inLanguage\":\"it-IT\",\"potentialAction\":[{\"@type\":\"ReadAction\",\"target\":[\"https:\/\/www.csj-emballages.com\/it\/produit\/disinfettante-alimentare-deterquat-al-senza-risciacquo-da-5-litri\/\"]}]},{\"@type\":\"ImageObject\",\"inLanguage\":\"it-IT\",\"@id\":\"https:\/\/www.csj-emballages.com\/it\/produit\/disinfettante-alimentare-deterquat-al-senza-risciacquo-da-5-litri\/#primaryimage\",\"url\":\"https:\/\/www.csj-emballages.com\/wp-content\/uploads\/2024\/03\/Deterquat-AL.webp\",\"contentUrl\":\"https:\/\/www.csj-emballages.com\/wp-content\/uploads\/2024\/03\/Deterquat-AL.webp\",\"width\":800,\"height\":800,\"caption\":\"D\u00e9sinfectant alimentaire\"},{\"@type\":\"BreadcrumbList\",\"@id\":\"https:\/\/www.csj-emballages.com\/it\/produit\/disinfettante-alimentare-deterquat-al-senza-risciacquo-da-5-litri\/#breadcrumb\",\"itemListElement\":[{\"@type\":\"ListItem\",\"position\":1,\"name\":\"Home\",\"item\":\"https:\/\/www.csj-emballages.com\/it\/universo-imballaggi-alimentari\/\"},{\"@type\":\"ListItem\",\"position\":2,\"name\":\"Negozio\",\"item\":\"https:\/\/www.csj-emballages.com\/it\/negozio\/\"},{\"@type\":\"ListItem\",\"position\":3,\"name\":\"Disinfettante alimentare \u00ab\u00a0deterquat al\u00a0\u00bb senza risciacquo da 5 litri\"}]},{\"@type\":\"WebSite\",\"@id\":\"https:\/\/www.csj-emballages.com\/it\/#website\",\"url\":\"https:\/\/www.csj-emballages.com\/it\/\",\"name\":\"CSJ Emballages\",\"description\":\"\",\"publisher\":{\"@id\":\"https:\/\/www.csj-emballages.com\/it\/#organization\"},\"potentialAction\":[{\"@type\":\"SearchAction\",\"target\":{\"@type\":\"EntryPoint\",\"urlTemplate\":\"https:\/\/www.csj-emballages.com\/it\/?s={search_term_string}\"},\"query-input\":{\"@type\":\"PropertyValueSpecification\",\"valueRequired\":true,\"valueName\":\"search_term_string\"}}],\"inLanguage\":\"it-IT\"},{\"@type\":\"Organization\",\"@id\":\"https:\/\/www.csj-emballages.com\/it\/#Organization\/\",\"name\":\"CSJ Emballages\",\"url\":\"https:\/\/www.csj-emballages.com\/it\/\",\"logo\":{\"@type\":\"ImageObject\",\"inLanguage\":\"it-IT\",\"@id\":\"https:\/\/www.csj-emballages.com\/it\/#\/schema\/logo\/image\/\",\"url\":\"https:\/\/www.csj-emballages.com\/wp-content\/uploads\/2023\/10\/logo_csj.webp\",\"contentUrl\":\"https:\/\/www.csj-emballages.com\/wp-content\/uploads\/2023\/10\/logo_csj.webp\",\"width\":250,\"height\":95,\"caption\":\"CSJ Emballages\"},\"image\":{\"@id\":\"https:\/\/www.csj-emballages.com\/it\/#\/schema\/logo\/image\/\"},\"sameAs\":[\"https:\/\/www.facebook.com\/csjemballages\"],\"address\":{\"@type\":\"PostalAddress\",\"streetAddress\":\"ZI La Lechere\",\"addressLocality\":\"Patornay\",\"postalCode\":\"39130\",\"addressCountry\":\"FR\"},\"contactPoint\":[{\"@type\":\"ContactPoint\",\"contactType\":\"Service client\",\"telephone\":\"0384254272\",\"email\":\"contact@csj-emballages.com\"}]}]}<\/script>\n<!-- \/ Yoast SEO Premium plugin. -->","yoast_head_json":{"title":"Disinfettante Alimentare \"Deterquat al\" Senza Risciacquo da 5 Litri","description":"Disinfettante alimentare \"Deterquat AL\" senza risciacquo \u2013 5 L. Elimina batteri e lieviti. Ideale per cucine e industrie alimentari.","robots":{"index":"index","follow":"follow","max-snippet":"max-snippet:-1","max-image-preview":"max-image-preview:large","max-video-preview":"max-video-preview:-1"},"canonical":"https:\/\/www.csj-emballages.com\/it\/produit\/disinfettante-alimentare-deterquat-al-senza-risciacquo-da-5-litri\/","og_locale":"it_IT","og_type":"article","og_title":"Disinfettante alimentare \"deterquat al\" senza risciacquo da 5 litri","og_description":"Disinfettante alimentare \"Deterquat AL\" senza risciacquo \u2013 5 L. Elimina batteri e lieviti. Ideale per cucine e industrie alimentari.","og_url":"https:\/\/www.csj-emballages.com\/it\/produit\/disinfettante-alimentare-deterquat-al-senza-risciacquo-da-5-litri\/","og_site_name":"CSJ Emballages","article_publisher":"https:\/\/www.facebook.com\/csjemballages","article_modified_time":"2026-03-12T15:01:41+00:00","og_image":[{"width":800,"height":800,"url":"https:\/\/www.csj-emballages.com\/wp-content\/uploads\/2024\/03\/Deterquat-AL.webp","type":"image\/webp"}],"twitter_card":"summary_large_image","twitter_misc":{"Dur\u00e9e de lecture estim\u00e9e":"1 minuto"},"schema":{"@context":"https:\/\/schema.org","@graph":[{"@type":"WebPage","@id":"https:\/\/www.csj-emballages.com\/it\/produit\/disinfettante-alimentare-deterquat-al-senza-risciacquo-da-5-litri\/","url":"https:\/\/www.csj-emballages.com\/it\/produit\/disinfettante-alimentare-deterquat-al-senza-risciacquo-da-5-litri\/","name":"Disinfettante Alimentare \"Deterquat al\" Senza Risciacquo da 5 Litri","isPartOf":{"@id":"https:\/\/www.csj-emballages.com\/it\/#website"},"primaryImageOfPage":{"@id":"https:\/\/www.csj-emballages.com\/it\/produit\/disinfettante-alimentare-deterquat-al-senza-risciacquo-da-5-litri\/#primaryimage"},"image":{"@id":"https:\/\/www.csj-emballages.com\/it\/produit\/disinfettante-alimentare-deterquat-al-senza-risciacquo-da-5-litri\/#primaryimage"},"thumbnailUrl":"https:\/\/www.csj-emballages.com\/wp-content\/uploads\/2024\/03\/Deterquat-AL.webp","datePublished":"2024-03-01T16:00:13+00:00","dateModified":"2026-03-12T15:01:41+00:00","description":"Disinfettante alimentare \"Deterquat AL\" senza risciacquo \u2013 5 L. Elimina batteri e lieviti. Ideale per cucine e industrie alimentari.","breadcrumb":{"@id":"https:\/\/www.csj-emballages.com\/it\/produit\/disinfettante-alimentare-deterquat-al-senza-risciacquo-da-5-litri\/#breadcrumb"},"inLanguage":"it-IT","potentialAction":[{"@type":"ReadAction","target":["https:\/\/www.csj-emballages.com\/it\/produit\/disinfettante-alimentare-deterquat-al-senza-risciacquo-da-5-litri\/"]}]},{"@type":"ImageObject","inLanguage":"it-IT","@id":"https:\/\/www.csj-emballages.com\/it\/produit\/disinfettante-alimentare-deterquat-al-senza-risciacquo-da-5-litri\/#primaryimage","url":"https:\/\/www.csj-emballages.com\/wp-content\/uploads\/2024\/03\/Deterquat-AL.webp","contentUrl":"https:\/\/www.csj-emballages.com\/wp-content\/uploads\/2024\/03\/Deterquat-AL.webp","width":800,"height":800,"caption":"D\u00e9sinfectant alimentaire"},{"@type":"BreadcrumbList","@id":"https:\/\/www.csj-emballages.com\/it\/produit\/disinfettante-alimentare-deterquat-al-senza-risciacquo-da-5-litri\/#breadcrumb","itemListElement":[{"@type":"ListItem","position":1,"name":"Home","item":"https:\/\/www.csj-emballages.com\/it\/universo-imballaggi-alimentari\/"},{"@type":"ListItem","position":2,"name":"Negozio","item":"https:\/\/www.csj-emballages.com\/it\/negozio\/"},{"@type":"ListItem","position":3,"name":"Disinfettante alimentare \u00ab\u00a0deterquat al\u00a0\u00bb senza risciacquo da 5 litri"}]},{"@type":"WebSite","@id":"https:\/\/www.csj-emballages.com\/it\/#website","url":"https:\/\/www.csj-emballages.com\/it\/","name":"CSJ Emballages","description":"","publisher":{"@id":"https:\/\/www.csj-emballages.com\/it\/#organization"},"potentialAction":[{"@type":"SearchAction","target":{"@type":"EntryPoint","urlTemplate":"https:\/\/www.csj-emballages.com\/it\/?s={search_term_string}"},"query-input":{"@type":"PropertyValueSpecification","valueRequired":true,"valueName":"search_term_string"}}],"inLanguage":"it-IT"},{"@type":"Organization","@id":"https:\/\/www.csj-emballages.com\/it\/#Organization\/","name":"CSJ Emballages","url":"https:\/\/www.csj-emballages.com\/it\/","logo":{"@type":"ImageObject","inLanguage":"it-IT","@id":"https:\/\/www.csj-emballages.com\/it\/#\/schema\/logo\/image\/","url":"https:\/\/www.csj-emballages.com\/wp-content\/uploads\/2023\/10\/logo_csj.webp","contentUrl":"https:\/\/www.csj-emballages.com\/wp-content\/uploads\/2023\/10\/logo_csj.webp","width":250,"height":95,"caption":"CSJ Emballages"},"image":{"@id":"https:\/\/www.csj-emballages.com\/it\/#\/schema\/logo\/image\/"},"sameAs":["https:\/\/www.facebook.com\/csjemballages"],"address":{"@type":"PostalAddress","streetAddress":"ZI La Lechere","addressLocality":"Patornay","postalCode":"39130","addressCountry":"FR"},"contactPoint":[{"@type":"ContactPoint","contactType":"Service client","telephone":"0384254272","email":"contact@csj-emballages.com"}]}]}},"df_price":37.8,"df_sale_price":"","df_regular_price":37.8,"df_image_link":"https:\/\/www.csj-emballages.com\/wp-content\/uploads\/2024\/03\/Deterquat-AL-300x300.webp","tiered_pricing_type":"fixed","tiered_pricing_fixed_rules":[],"tiered_pricing_percentage_rules":[],"tiered_pricing_minimum":1,"tiered_pricing_roles_data":[],"_links":{"self":[{"href":"https:\/\/www.csj-emballages.com\/it\/wp-json\/wp\/v2\/product\/267319","targetHints":{"allow":["GET"]}}],"collection":[{"href":"https:\/\/www.csj-emballages.com\/it\/wp-json\/wp\/v2\/product"}],"about":[{"href":"https:\/\/www.csj-emballages.com\/it\/wp-json\/wp\/v2\/types\/product"}],"wp:featuredmedia":[{"embeddable":true,"href":"https:\/\/www.csj-emballages.com\/it\/wp-json\/wp\/v2\/media\/267322"}],"wp:attachment":[{"href":"https:\/\/www.csj-emballages.com\/it\/wp-json\/wp\/v2\/media?parent=267319"}],"wp:term":[{"taxonomy":"product_brand","embeddable":true,"href":"https:\/\/www.csj-emballages.com\/it\/wp-json\/wp\/v2\/product_brand?post=267319"},{"taxonomy":"product_cat","embeddable":true,"href":"https:\/\/www.csj-emballages.com\/it\/wp-json\/wp\/v2\/product_cat?post=267319"},{"taxonomy":"product_tag","embeddable":true,"href":"https:\/\/www.csj-emballages.com\/it\/wp-json\/wp\/v2\/product_tag?post=267319"}],"curies":[{"name":"wp","href":"https:\/\/api.w.org\/{rel}","templated":true}]}}