{"id":267296,"date":"2024-03-01T16:59:43","date_gmt":"2024-03-01T15:59:43","guid":{"rendered":"https:\/\/www.csj-emballages.com\/produit\/cannella-in-polvere-1-kg\/"},"modified":"2026-03-12T16:02:05","modified_gmt":"2026-03-12T15:02:05","slug":"cannella-in-polvere-1-kg","status":"publish","type":"product","link":"https:\/\/www.csj-emballages.com\/it\/produit\/cannella-in-polvere-1-kg\/","title":{"rendered":"Cannella in polvere 1 kg"},"content":{"rendered":"<h2>Cannella in polvere<\/h2>\n<div style=\"font-family: Roboto, sans-serif;\">\n<div style=\"font-family: Roboto, sans-serif;\">\n<div style=\"font-family: Roboto, sans-serif;\">\n<div style=\"font-family: Roboto, sans-serif;\">\n<div style=\"font-family: Roboto, sans-serif;\">\n<div style=\"font-family: Roboto, sans-serif;\">\n<hr>\n<h3>Descrizione della nostra cannella in polvere 1 kg<\/h3>\n<p><!--more--><\/p>\n<p data-start=\"148\" data-end=\"491\">La <strong>cannella in polvere<\/strong> fa parte di quelle spezie indispensabili che trasformano istantaneamente una ricetta. Con questo formato da <strong data-start=\"269\" data-end=\"277\">1 kg<\/strong>, hai tutto il necessario per cucinare generosamente, sperimentare, creare e profumare senza limiti. Infatti, fin dall&#8217;apertura, il suo profumo caldo e leggermente dolce si diffonde, annunciando preparazioni piene di carattere e comfort.  <\/p>\n<p data-start=\"493\" data-end=\"876\">Fine e omogenea, questa <strong>cannella in polvere<\/strong> si incorpora facilmente in tutte le tue ricette. Si mescola senza sforzo a <strong>pasticceria, dessert, bevande calde o anche ad alcuni piatti salati<\/strong>. Quindi, che tu stia preparando <strong>torte, biscotti, composte, cioccolate calde o ricette pi\u00f9 audaci<\/strong>, porta sempre quella nota speziata che fa la differenza.  <\/p>\n<p data-start=\"878\" data-end=\"1264\">Inoltre, il formato professionale da<strong> 1 kg<\/strong> \u00e8 particolarmente pratico. Si adatta perfettamente a panetterie, ristoranti, catering o artigiani che utilizzano la cannella quotidianamente. Risparmi tempo, eviti rotture di stock e mantieni regolarit\u00e0 nelle tue preparazioni. Ma questo formato \u00e8 ideale anche per gli appassionati che amano cucinare in casa in grandi quantit\u00e0.   <\/p>\n<p data-start=\"1266\" data-end=\"1540\">Inoltre, la <strong>cannella<\/strong> \u00e8 apprezzata per la sua versatilit\u00e0. Scalda i sapori in inverno, equilibra le ricette dolci e porta un tocco originale ai piatti salati. \u00c8 una spezia semplice, ma potente, che d\u00e0 rilievo senza mascherare gli altri ingredienti.  <\/p>\n<p data-start=\"1542\" data-end=\"1789\">In sintesi, questa <strong>cannella in polvere 1 kg \u00e8<\/strong> un alleato di scelta per chi ama lavorare sapori autentici, generosi e pieni di dolcezza. Un indispensabile da avere sempre a portata di mano per dare libero sfogo alla tua creativit\u00e0 in cucina. <\/p>\n<p data-start=\"1542\" data-end=\"1789\">\n<\/div>\n<div style=\"font-family: Roboto, sans-serif;\">\n<p><!--more--><\/p>\n<h4><strong>Vantaggi:<\/strong><\/h4>\n<ul>\n<li>Macinata con precisione per garantire una consistenza fine che si mescola facilmente nelle tue ricette.<\/li>\n<li>Ideale per arricchire una variet\u00e0 di piatti, dalla pasticceria ai piatti salati, passando per le bevande calde.<\/li>\n<li>Formato pratico da 1 kg, perfetto per cuochi amatoriali e professionisti che necessitano di una quantit\u00e0 regolare di cannella.<\/li>\n<li>Raccomandata da chef e appassionati di cucina per la sua qualit\u00e0 costante e il suo impatto gustativo.<\/li>\n<\/ul>\n<\/div>\n<\/div>\n<div style=\"font-family: Roboto, sans-serif;\">\n<div style=\"font-family: Roboto, sans-serif;\">\n<p>&nbsp;<\/p>\n<\/div>\n<\/div>\n<\/div>\n<\/div>\n<\/div>\n<\/div>\n<p><!--more--><\/p>\n<h4>Altre informazioni:<\/h4>\n<ul>\n<li><strong>Confezione<\/strong>: Pacchetto da 1kg<\/li>\n<li><strong>Formato<\/strong>: In polvere<\/li>\n<\/ul>\n<p>&nbsp;<\/p>\n<p><!--more--><\/p>\n<p><a href=\"https:\/\/www.csj-emballages.com\/it\/categorie-produit\/alimentari\/spezie\/spezie-semplici\/\">Consulta qui il resto della nostra gamma di spezie semplici<\/a><\/p>\n","protected":false},"excerpt":{"rendered":"<p>Cannella in polvere Descrizione della nostra cannella in polvere 1 kg<\/p>\n","protected":false},"featured_media":267301,"template":"","meta":{"_acf_changed":false},"product_brand":[],"product_cat":[10445,10446,10454],"product_tag":[],"class_list":{"0":"post-267296","1":"product","2":"type-product","3":"status-publish","4":"has-post-thumbnail","6":"product_cat-alimentari","7":"product_cat-spezie","8":"product_cat-spezie-semplici","10":"first","11":"instock","12":"taxable","13":"shipping-taxable","14":"purchasable","15":"product-type-simple"},"acf":[],"yoast_head":"<!-- This site is optimized with the Yoast SEO Premium plugin v26.6 (Yoast SEO v26.6) - https:\/\/yoast.com\/wordpress\/plugins\/seo\/ -->\n<title>Cannella in Polvere 1kg<\/title>\n<meta name=\"description\" content=\"Cannella in polvere 1kg. Scopri la nostra cannella extrafine in polvere per arricchire le tue ricette con il suo aroma intenso e la sua texture fine.\" \/>\n<meta name=\"robots\" content=\"index, follow, max-snippet:-1, max-image-preview:large, max-video-preview:-1\" \/>\n<link rel=\"canonical\" href=\"https:\/\/www.csj-emballages.com\/it\/produit\/cannella-in-polvere-1-kg\/\" \/>\n<meta property=\"og:locale\" content=\"it_IT\" \/>\n<meta property=\"og:type\" content=\"article\" \/>\n<meta property=\"og:title\" content=\"Cannella in polvere 1 kg\" \/>\n<meta property=\"og:description\" content=\"Cannella in polvere 1kg. Scopri la nostra cannella extrafine in polvere per arricchire le tue ricette con il suo aroma intenso e la sua texture fine.\" \/>\n<meta property=\"og:url\" content=\"https:\/\/www.csj-emballages.com\/it\/produit\/cannella-in-polvere-1-kg\/\" \/>\n<meta property=\"og:site_name\" content=\"CSJ Emballages\" \/>\n<meta property=\"article:publisher\" content=\"https:\/\/www.facebook.com\/csjemballages\" \/>\n<meta property=\"article:modified_time\" content=\"2026-03-12T15:02:05+00:00\" \/>\n<meta property=\"og:image\" content=\"https:\/\/www.csj-emballages.com\/wp-content\/uploads\/2024\/03\/Cannelle-moulu.webp\" \/>\n\t<meta property=\"og:image:width\" content=\"800\" \/>\n\t<meta property=\"og:image:height\" content=\"800\" \/>\n\t<meta property=\"og:image:type\" content=\"image\/webp\" \/>\n<meta name=\"twitter:card\" content=\"summary_large_image\" \/>\n<meta name=\"twitter:label1\" content=\"Dur\u00e9e de lecture estim\u00e9e\" \/>\n\t<meta name=\"twitter:data1\" content=\"2 minuti\" \/>\n<script type=\"application\/ld+json\" class=\"yoast-schema-graph\">{\"@context\":\"https:\/\/schema.org\",\"@graph\":[{\"@type\":\"WebPage\",\"@id\":\"https:\/\/www.csj-emballages.com\/it\/produit\/cannella-in-polvere-1-kg\/\",\"url\":\"https:\/\/www.csj-emballages.com\/it\/produit\/cannella-in-polvere-1-kg\/\",\"name\":\"Cannella in Polvere 1kg\",\"isPartOf\":{\"@id\":\"https:\/\/www.csj-emballages.com\/it\/#website\"},\"primaryImageOfPage\":{\"@id\":\"https:\/\/www.csj-emballages.com\/it\/produit\/cannella-in-polvere-1-kg\/#primaryimage\"},\"image\":{\"@id\":\"https:\/\/www.csj-emballages.com\/it\/produit\/cannella-in-polvere-1-kg\/#primaryimage\"},\"thumbnailUrl\":\"https:\/\/www.csj-emballages.com\/wp-content\/uploads\/2024\/03\/Cannelle-moulu.webp\",\"datePublished\":\"2024-03-01T15:59:43+00:00\",\"dateModified\":\"2026-03-12T15:02:05+00:00\",\"description\":\"Cannella in polvere 1kg. Scopri la nostra cannella extrafine in polvere per arricchire le tue ricette con il suo aroma intenso e la sua texture fine.\",\"breadcrumb\":{\"@id\":\"https:\/\/www.csj-emballages.com\/it\/produit\/cannella-in-polvere-1-kg\/#breadcrumb\"},\"inLanguage\":\"it-IT\",\"potentialAction\":[{\"@type\":\"ReadAction\",\"target\":[\"https:\/\/www.csj-emballages.com\/it\/produit\/cannella-in-polvere-1-kg\/\"]}]},{\"@type\":\"ImageObject\",\"inLanguage\":\"it-IT\",\"@id\":\"https:\/\/www.csj-emballages.com\/it\/produit\/cannella-in-polvere-1-kg\/#primaryimage\",\"url\":\"https:\/\/www.csj-emballages.com\/wp-content\/uploads\/2024\/03\/Cannelle-moulu.webp\",\"contentUrl\":\"https:\/\/www.csj-emballages.com\/wp-content\/uploads\/2024\/03\/Cannelle-moulu.webp\",\"width\":800,\"height\":800,\"caption\":\"Cannelle moulue\"},{\"@type\":\"BreadcrumbList\",\"@id\":\"https:\/\/www.csj-emballages.com\/it\/produit\/cannella-in-polvere-1-kg\/#breadcrumb\",\"itemListElement\":[{\"@type\":\"ListItem\",\"position\":1,\"name\":\"Home\",\"item\":\"https:\/\/www.csj-emballages.com\/it\/universo-imballaggi-alimentari\/\"},{\"@type\":\"ListItem\",\"position\":2,\"name\":\"Negozio\",\"item\":\"https:\/\/www.csj-emballages.com\/it\/negozio\/\"},{\"@type\":\"ListItem\",\"position\":3,\"name\":\"Cannella in polvere 1 kg\"}]},{\"@type\":\"WebSite\",\"@id\":\"https:\/\/www.csj-emballages.com\/it\/#website\",\"url\":\"https:\/\/www.csj-emballages.com\/it\/\",\"name\":\"CSJ Emballages\",\"description\":\"\",\"publisher\":{\"@id\":\"https:\/\/www.csj-emballages.com\/it\/#organization\"},\"potentialAction\":[{\"@type\":\"SearchAction\",\"target\":{\"@type\":\"EntryPoint\",\"urlTemplate\":\"https:\/\/www.csj-emballages.com\/it\/?s={search_term_string}\"},\"query-input\":{\"@type\":\"PropertyValueSpecification\",\"valueRequired\":true,\"valueName\":\"search_term_string\"}}],\"inLanguage\":\"it-IT\"},{\"@type\":\"Organization\",\"@id\":\"https:\/\/www.csj-emballages.com\/it\/#Organization\/\",\"name\":\"CSJ Emballages\",\"url\":\"https:\/\/www.csj-emballages.com\/it\/\",\"logo\":{\"@type\":\"ImageObject\",\"inLanguage\":\"it-IT\",\"@id\":\"https:\/\/www.csj-emballages.com\/it\/#\/schema\/logo\/image\/\",\"url\":\"https:\/\/www.csj-emballages.com\/wp-content\/uploads\/2023\/10\/logo_csj.webp\",\"contentUrl\":\"https:\/\/www.csj-emballages.com\/wp-content\/uploads\/2023\/10\/logo_csj.webp\",\"width\":250,\"height\":95,\"caption\":\"CSJ Emballages\"},\"image\":{\"@id\":\"https:\/\/www.csj-emballages.com\/it\/#\/schema\/logo\/image\/\"},\"sameAs\":[\"https:\/\/www.facebook.com\/csjemballages\"],\"address\":{\"@type\":\"PostalAddress\",\"streetAddress\":\"ZI La Lechere\",\"addressLocality\":\"Patornay\",\"postalCode\":\"39130\",\"addressCountry\":\"FR\"},\"contactPoint\":[{\"@type\":\"ContactPoint\",\"contactType\":\"Service client\",\"telephone\":\"0384254272\",\"email\":\"contact@csj-emballages.com\"}]}]}<\/script>\n<!-- \/ Yoast SEO Premium plugin. -->","yoast_head_json":{"title":"Cannella in Polvere 1kg","description":"Cannella in polvere 1kg. Scopri la nostra cannella extrafine in polvere per arricchire le tue ricette con il suo aroma intenso e la sua texture fine.","robots":{"index":"index","follow":"follow","max-snippet":"max-snippet:-1","max-image-preview":"max-image-preview:large","max-video-preview":"max-video-preview:-1"},"canonical":"https:\/\/www.csj-emballages.com\/it\/produit\/cannella-in-polvere-1-kg\/","og_locale":"it_IT","og_type":"article","og_title":"Cannella in polvere 1 kg","og_description":"Cannella in polvere 1kg. Scopri la nostra cannella extrafine in polvere per arricchire le tue ricette con il suo aroma intenso e la sua texture fine.","og_url":"https:\/\/www.csj-emballages.com\/it\/produit\/cannella-in-polvere-1-kg\/","og_site_name":"CSJ Emballages","article_publisher":"https:\/\/www.facebook.com\/csjemballages","article_modified_time":"2026-03-12T15:02:05+00:00","og_image":[{"width":800,"height":800,"url":"https:\/\/www.csj-emballages.com\/wp-content\/uploads\/2024\/03\/Cannelle-moulu.webp","type":"image\/webp"}],"twitter_card":"summary_large_image","twitter_misc":{"Dur\u00e9e de lecture estim\u00e9e":"2 minuti"},"schema":{"@context":"https:\/\/schema.org","@graph":[{"@type":"WebPage","@id":"https:\/\/www.csj-emballages.com\/it\/produit\/cannella-in-polvere-1-kg\/","url":"https:\/\/www.csj-emballages.com\/it\/produit\/cannella-in-polvere-1-kg\/","name":"Cannella in Polvere 1kg","isPartOf":{"@id":"https:\/\/www.csj-emballages.com\/it\/#website"},"primaryImageOfPage":{"@id":"https:\/\/www.csj-emballages.com\/it\/produit\/cannella-in-polvere-1-kg\/#primaryimage"},"image":{"@id":"https:\/\/www.csj-emballages.com\/it\/produit\/cannella-in-polvere-1-kg\/#primaryimage"},"thumbnailUrl":"https:\/\/www.csj-emballages.com\/wp-content\/uploads\/2024\/03\/Cannelle-moulu.webp","datePublished":"2024-03-01T15:59:43+00:00","dateModified":"2026-03-12T15:02:05+00:00","description":"Cannella in polvere 1kg. Scopri la nostra cannella extrafine in polvere per arricchire le tue ricette con il suo aroma intenso e la sua texture fine.","breadcrumb":{"@id":"https:\/\/www.csj-emballages.com\/it\/produit\/cannella-in-polvere-1-kg\/#breadcrumb"},"inLanguage":"it-IT","potentialAction":[{"@type":"ReadAction","target":["https:\/\/www.csj-emballages.com\/it\/produit\/cannella-in-polvere-1-kg\/"]}]},{"@type":"ImageObject","inLanguage":"it-IT","@id":"https:\/\/www.csj-emballages.com\/it\/produit\/cannella-in-polvere-1-kg\/#primaryimage","url":"https:\/\/www.csj-emballages.com\/wp-content\/uploads\/2024\/03\/Cannelle-moulu.webp","contentUrl":"https:\/\/www.csj-emballages.com\/wp-content\/uploads\/2024\/03\/Cannelle-moulu.webp","width":800,"height":800,"caption":"Cannelle moulue"},{"@type":"BreadcrumbList","@id":"https:\/\/www.csj-emballages.com\/it\/produit\/cannella-in-polvere-1-kg\/#breadcrumb","itemListElement":[{"@type":"ListItem","position":1,"name":"Home","item":"https:\/\/www.csj-emballages.com\/it\/universo-imballaggi-alimentari\/"},{"@type":"ListItem","position":2,"name":"Negozio","item":"https:\/\/www.csj-emballages.com\/it\/negozio\/"},{"@type":"ListItem","position":3,"name":"Cannella in polvere 1 kg"}]},{"@type":"WebSite","@id":"https:\/\/www.csj-emballages.com\/it\/#website","url":"https:\/\/www.csj-emballages.com\/it\/","name":"CSJ Emballages","description":"","publisher":{"@id":"https:\/\/www.csj-emballages.com\/it\/#organization"},"potentialAction":[{"@type":"SearchAction","target":{"@type":"EntryPoint","urlTemplate":"https:\/\/www.csj-emballages.com\/it\/?s={search_term_string}"},"query-input":{"@type":"PropertyValueSpecification","valueRequired":true,"valueName":"search_term_string"}}],"inLanguage":"it-IT"},{"@type":"Organization","@id":"https:\/\/www.csj-emballages.com\/it\/#Organization\/","name":"CSJ Emballages","url":"https:\/\/www.csj-emballages.com\/it\/","logo":{"@type":"ImageObject","inLanguage":"it-IT","@id":"https:\/\/www.csj-emballages.com\/it\/#\/schema\/logo\/image\/","url":"https:\/\/www.csj-emballages.com\/wp-content\/uploads\/2023\/10\/logo_csj.webp","contentUrl":"https:\/\/www.csj-emballages.com\/wp-content\/uploads\/2023\/10\/logo_csj.webp","width":250,"height":95,"caption":"CSJ Emballages"},"image":{"@id":"https:\/\/www.csj-emballages.com\/it\/#\/schema\/logo\/image\/"},"sameAs":["https:\/\/www.facebook.com\/csjemballages"],"address":{"@type":"PostalAddress","streetAddress":"ZI La Lechere","addressLocality":"Patornay","postalCode":"39130","addressCountry":"FR"},"contactPoint":[{"@type":"ContactPoint","contactType":"Service client","telephone":"0384254272","email":"contact@csj-emballages.com"}]}]}},"df_price":8.75,"df_sale_price":"","df_regular_price":8.75,"df_image_link":"https:\/\/www.csj-emballages.com\/wp-content\/uploads\/2024\/03\/Cannelle-moulu-300x300.webp","tiered_pricing_type":"fixed","tiered_pricing_fixed_rules":[],"tiered_pricing_percentage_rules":[],"tiered_pricing_minimum":1,"tiered_pricing_roles_data":[],"_links":{"self":[{"href":"https:\/\/www.csj-emballages.com\/it\/wp-json\/wp\/v2\/product\/267296","targetHints":{"allow":["GET"]}}],"collection":[{"href":"https:\/\/www.csj-emballages.com\/it\/wp-json\/wp\/v2\/product"}],"about":[{"href":"https:\/\/www.csj-emballages.com\/it\/wp-json\/wp\/v2\/types\/product"}],"wp:featuredmedia":[{"embeddable":true,"href":"https:\/\/www.csj-emballages.com\/it\/wp-json\/wp\/v2\/media\/267301"}],"wp:attachment":[{"href":"https:\/\/www.csj-emballages.com\/it\/wp-json\/wp\/v2\/media?parent=267296"}],"wp:term":[{"taxonomy":"product_brand","embeddable":true,"href":"https:\/\/www.csj-emballages.com\/it\/wp-json\/wp\/v2\/product_brand?post=267296"},{"taxonomy":"product_cat","embeddable":true,"href":"https:\/\/www.csj-emballages.com\/it\/wp-json\/wp\/v2\/product_cat?post=267296"},{"taxonomy":"product_tag","embeddable":true,"href":"https:\/\/www.csj-emballages.com\/it\/wp-json\/wp\/v2\/product_tag?post=267296"}],"curies":[{"name":"wp","href":"https:\/\/api.w.org\/{rel}","templated":true}]}}