{"id":267291,"date":"2024-03-01T16:59:43","date_gmt":"2024-03-01T15:59:43","guid":{"rendered":"https:\/\/www.csj-emballages.com\/produit\/noce-moscata-macinata-1-kg\/"},"modified":"2026-03-27T02:10:28","modified_gmt":"2026-03-27T01:10:28","slug":"noce-moscata-macinata-1-kg","status":"publish","type":"product","link":"https:\/\/www.csj-emballages.com\/it\/produit\/noce-moscata-macinata-1-kg\/","title":{"rendered":"Noce moscata macinata 1 kg"},"content":{"rendered":"<h2>Noce moscata<\/h2>\n<div style=\"font-family: Roboto, sans-serif;\">\n<div style=\"font-family: Roboto, sans-serif;\">\n<div style=\"font-family: Roboto, sans-serif;\">\n<div style=\"font-family: Roboto, sans-serif;\">\n<div style=\"font-family: Roboto, sans-serif;\">\n<div style=\"font-family: Roboto, sans-serif;\">\n<hr>\n<h3>Descrizione della nostra noce moscata macinata 1 kg<\/h3>\n<p><!--more--><\/p>\n<p data-start=\"189\" data-end=\"562\">Indispensabile in cucina, la <strong data-start=\"218\" data-end=\"244\">noce moscata macinata<\/strong> aggiunge quel tocco caldo e profumato che cambia tutto. Con questo formato da <strong data-start=\"324\" data-end=\"332\">1 kg<\/strong>, hai sempre a portata di mano una spezia pronta all\u2019uso, ideale per un utilizzo regolare o intensivo. Niente pi\u00f9 grattugiate o dosaggi all\u2019ultimo minuto: si usa facilmente e si amalgama perfettamente alle tue preparazioni.  <\/p>\n<p data-start=\"564\" data-end=\"923\">Appena aperta, il suo <strong>aroma intenso<\/strong> si sprigiona e richiama subito la cucina di casa. Esalta i piatti senza coprirli e dona profondit\u00e0 alle ricette salate e dolci. Che sia per profumare un <strong>pur\u00e8, una salsa besciamella, gratin, zuppe o anche alcuni dolci<\/strong>, trova naturalmente il suo posto nella tua cucina.  <\/p>\n<p data-start=\"925\" data-end=\"1235\">Grazie alla sua <strong>macinatura fine<\/strong>, la <strong>noce moscata<\/strong> si distribuisce in modo omogeneo. Cos\u00ec, ogni boccone mantiene lo stesso equilibrio di sapore, senza eccessi. Questo formato generoso \u00e8 perfetto per ristoratori, catering, collettivit\u00e0 o cucine centralizzate che cercano un prodotto affidabile e costante ogni giorno.  <\/p>\n<p data-start=\"1237\" data-end=\"1515\">Inoltre, il confezionamento da <strong data-start=\"1273\" data-end=\"1281\">1 kg<\/strong> permette una gestione pi\u00f9 semplice delle scorte. Risparmi tempo, riduci le rotture di stock e controlli meglio i costi. \u00c8 una soluzione pratica per lavorare in modo efficiente, mantenendo una qualit\u00e0 aromatica stabile.  <\/p>\n<p data-start=\"1517\" data-end=\"1744\">In sintesi, questa <strong>noce moscata macinata<\/strong> \u00e8 un alleato discreto ma essenziale. Valorizza le tue ricette, dona rotondit\u00e0 ai piatti e si integra facilmente in ogni cucina, dalla pi\u00f9 tradizionale alla pi\u00f9 creativa. <\/p>\n<p data-start=\"1517\" data-end=\"1744\">\n<\/div>\n<p data-start=\"1517\" data-end=\"1744\"><!--more--><\/p>\n<p data-start=\"1517\" data-end=\"1744\"><strong><span style=\"color: #ff0000;\">Data superata (DLUO) 02\/2025<\/span><\/strong><\/p>\n<p data-start=\"1517\" data-end=\"1744\">\n<div style=\"font-family: Roboto, sans-serif;\">\n<p><!--more--><\/p>\n<p><strong>Vantaggi:<\/strong><\/p>\n<ul>\n<li data-start=\"1772\" data-end=\"1801\">Sapore caldo ed equilibrato.<\/li>\n<li data-start=\"1804\" data-end=\"1834\">Macinatura fine, facile da dosare.<\/li>\n<li data-start=\"1837\" data-end=\"1855\">Pronta all\u2019uso.<\/li>\n<li data-start=\"1858\" data-end=\"1885\">Formato conveniente da<strong> 1 kg<\/strong>.<\/li>\n<li data-start=\"1888\" data-end=\"1921\">Ideale per uso professionale.<\/li>\n<\/ul>\n<\/div>\n<\/div>\n<div style=\"font-family: Roboto, sans-serif;\">\n<div style=\"font-family: Roboto, sans-serif;\">\n<p>&nbsp;<\/p>\n<\/div>\n<\/div>\n<\/div>\n<\/div>\n<\/div>\n<\/div>\n<p>&nbsp;<\/p>\n<p><!--more--><\/p>\n<h4>Altre informazioni:<\/h4>\n<ul>\n<li><strong>Confezionamento<\/strong> : Pacco da 1 kg<\/li>\n<li><strong>Formato<\/strong> : Macinato<\/li>\n<\/ul>\n<p>&nbsp;<\/p>\n<p><!--more--><\/p>\n<p><a href=\"https:\/\/www.csj-emballages.com\/it\/categorie-produit\/alimentari\/spezie\/spezie-semplici\/\">Consulta qui il resto della nostra gamma di spezie semplici<\/a><\/p>\n","protected":false},"excerpt":{"rendered":"<p>Noce moscata Descrizione della nostra noce moscata macinata 1 kg<\/p>\n","protected":false},"featured_media":267293,"template":"","meta":{"_acf_changed":false},"product_brand":[],"product_cat":[10452,10445,10446,10454,10453],"product_tag":[],"class_list":{"0":"post-267291","1":"product","2":"type-product","3":"status-publish","4":"has-post-thumbnail","6":"product_cat-anti-spreco","7":"product_cat-alimentari","8":"product_cat-spezie","9":"product_cat-spezie-semplici","10":"product_cat-svuota-magazzino","12":"first","13":"instock","14":"sale","15":"taxable","16":"shipping-taxable","17":"purchasable","18":"product-type-simple"},"acf":[],"yoast_head":"<!-- This site is optimized with the Yoast SEO Premium plugin v26.6 (Yoast SEO v26.6) - https:\/\/yoast.com\/wordpress\/plugins\/seo\/ -->\n<title>Noce moscata macinata 1 kg<\/title>\n<meta name=\"description\" content=\"Noce moscata 1 kg - Scopri la noce moscata sfusa, economica e versatile, perfetta per arricchire i tuoi piatti dolci e salati!\" \/>\n<meta name=\"robots\" content=\"index, follow, max-snippet:-1, max-image-preview:large, max-video-preview:-1\" \/>\n<link rel=\"canonical\" href=\"https:\/\/www.csj-emballages.com\/it\/produit\/noce-moscata-macinata-1-kg\/\" \/>\n<meta property=\"og:locale\" content=\"it_IT\" \/>\n<meta property=\"og:type\" content=\"article\" \/>\n<meta property=\"og:title\" content=\"Noce moscata macinata 1 kg\" \/>\n<meta property=\"og:description\" content=\"Noce moscata 1 kg - Scopri la noce moscata sfusa, economica e versatile, perfetta per arricchire i tuoi piatti dolci e salati!\" \/>\n<meta property=\"og:url\" content=\"https:\/\/www.csj-emballages.com\/it\/produit\/noce-moscata-macinata-1-kg\/\" \/>\n<meta property=\"og:site_name\" content=\"CSJ Emballages\" \/>\n<meta property=\"article:publisher\" content=\"https:\/\/www.facebook.com\/csjemballages\" \/>\n<meta property=\"article:modified_time\" content=\"2026-03-27T01:10:28+00:00\" \/>\n<meta property=\"og:image\" content=\"https:\/\/www.csj-emballages.com\/wp-content\/uploads\/2024\/03\/Noix-de-muscade-moulu.webp\" \/>\n\t<meta property=\"og:image:width\" content=\"800\" \/>\n\t<meta property=\"og:image:height\" content=\"800\" \/>\n\t<meta property=\"og:image:type\" content=\"image\/webp\" \/>\n<meta name=\"twitter:card\" content=\"summary_large_image\" \/>\n<meta name=\"twitter:label1\" content=\"Dur\u00e9e de lecture estim\u00e9e\" \/>\n\t<meta name=\"twitter:data1\" content=\"1 minuto\" \/>\n<script type=\"application\/ld+json\" class=\"yoast-schema-graph\">{\"@context\":\"https:\/\/schema.org\",\"@graph\":[{\"@type\":\"WebPage\",\"@id\":\"https:\/\/www.csj-emballages.com\/it\/produit\/noce-moscata-macinata-1-kg\/\",\"url\":\"https:\/\/www.csj-emballages.com\/it\/produit\/noce-moscata-macinata-1-kg\/\",\"name\":\"Noce moscata macinata 1 kg\",\"isPartOf\":{\"@id\":\"https:\/\/www.csj-emballages.com\/it\/#website\"},\"primaryImageOfPage\":{\"@id\":\"https:\/\/www.csj-emballages.com\/it\/produit\/noce-moscata-macinata-1-kg\/#primaryimage\"},\"image\":{\"@id\":\"https:\/\/www.csj-emballages.com\/it\/produit\/noce-moscata-macinata-1-kg\/#primaryimage\"},\"thumbnailUrl\":\"https:\/\/www.csj-emballages.com\/wp-content\/uploads\/2024\/03\/Noix-de-muscade-moulu.webp\",\"datePublished\":\"2024-03-01T15:59:43+00:00\",\"dateModified\":\"2026-03-27T01:10:28+00:00\",\"description\":\"Noce moscata 1 kg - Scopri la noce moscata sfusa, economica e versatile, perfetta per arricchire i tuoi piatti dolci e salati!\",\"breadcrumb\":{\"@id\":\"https:\/\/www.csj-emballages.com\/it\/produit\/noce-moscata-macinata-1-kg\/#breadcrumb\"},\"inLanguage\":\"it-IT\",\"potentialAction\":[{\"@type\":\"ReadAction\",\"target\":[\"https:\/\/www.csj-emballages.com\/it\/produit\/noce-moscata-macinata-1-kg\/\"]}]},{\"@type\":\"ImageObject\",\"inLanguage\":\"it-IT\",\"@id\":\"https:\/\/www.csj-emballages.com\/it\/produit\/noce-moscata-macinata-1-kg\/#primaryimage\",\"url\":\"https:\/\/www.csj-emballages.com\/wp-content\/uploads\/2024\/03\/Noix-de-muscade-moulu.webp\",\"contentUrl\":\"https:\/\/www.csj-emballages.com\/wp-content\/uploads\/2024\/03\/Noix-de-muscade-moulu.webp\",\"width\":800,\"height\":800,\"caption\":\"Noix de muscade moulu\"},{\"@type\":\"BreadcrumbList\",\"@id\":\"https:\/\/www.csj-emballages.com\/it\/produit\/noce-moscata-macinata-1-kg\/#breadcrumb\",\"itemListElement\":[{\"@type\":\"ListItem\",\"position\":1,\"name\":\"Home\",\"item\":\"https:\/\/www.csj-emballages.com\/it\/universo-imballaggi-alimentari\/\"},{\"@type\":\"ListItem\",\"position\":2,\"name\":\"Negozio\",\"item\":\"https:\/\/www.csj-emballages.com\/it\/negozio\/\"},{\"@type\":\"ListItem\",\"position\":3,\"name\":\"Noce moscata macinata 1 kg\"}]},{\"@type\":\"WebSite\",\"@id\":\"https:\/\/www.csj-emballages.com\/it\/#website\",\"url\":\"https:\/\/www.csj-emballages.com\/it\/\",\"name\":\"CSJ Emballages\",\"description\":\"\",\"publisher\":{\"@id\":\"https:\/\/www.csj-emballages.com\/it\/#organization\"},\"potentialAction\":[{\"@type\":\"SearchAction\",\"target\":{\"@type\":\"EntryPoint\",\"urlTemplate\":\"https:\/\/www.csj-emballages.com\/it\/?s={search_term_string}\"},\"query-input\":{\"@type\":\"PropertyValueSpecification\",\"valueRequired\":true,\"valueName\":\"search_term_string\"}}],\"inLanguage\":\"it-IT\"},{\"@type\":\"Organization\",\"@id\":\"https:\/\/www.csj-emballages.com\/it\/#Organization\/\",\"name\":\"CSJ Emballages\",\"url\":\"https:\/\/www.csj-emballages.com\/it\/\",\"logo\":{\"@type\":\"ImageObject\",\"inLanguage\":\"it-IT\",\"@id\":\"https:\/\/www.csj-emballages.com\/it\/#\/schema\/logo\/image\/\",\"url\":\"https:\/\/www.csj-emballages.com\/wp-content\/uploads\/2023\/10\/logo_csj.webp\",\"contentUrl\":\"https:\/\/www.csj-emballages.com\/wp-content\/uploads\/2023\/10\/logo_csj.webp\",\"width\":250,\"height\":95,\"caption\":\"CSJ Emballages\"},\"image\":{\"@id\":\"https:\/\/www.csj-emballages.com\/it\/#\/schema\/logo\/image\/\"},\"sameAs\":[\"https:\/\/www.facebook.com\/csjemballages\"],\"address\":{\"@type\":\"PostalAddress\",\"streetAddress\":\"ZI La Lechere\",\"addressLocality\":\"Patornay\",\"postalCode\":\"39130\",\"addressCountry\":\"FR\"},\"contactPoint\":[{\"@type\":\"ContactPoint\",\"contactType\":\"Service client\",\"telephone\":\"0384254272\",\"email\":\"contact@csj-emballages.com\"}]}]}<\/script>\n<!-- \/ Yoast SEO Premium plugin. -->","yoast_head_json":{"title":"Noce moscata macinata 1 kg","description":"Noce moscata 1 kg - Scopri la noce moscata sfusa, economica e versatile, perfetta per arricchire i tuoi piatti dolci e salati!","robots":{"index":"index","follow":"follow","max-snippet":"max-snippet:-1","max-image-preview":"max-image-preview:large","max-video-preview":"max-video-preview:-1"},"canonical":"https:\/\/www.csj-emballages.com\/it\/produit\/noce-moscata-macinata-1-kg\/","og_locale":"it_IT","og_type":"article","og_title":"Noce moscata macinata 1 kg","og_description":"Noce moscata 1 kg - Scopri la noce moscata sfusa, economica e versatile, perfetta per arricchire i tuoi piatti dolci e salati!","og_url":"https:\/\/www.csj-emballages.com\/it\/produit\/noce-moscata-macinata-1-kg\/","og_site_name":"CSJ Emballages","article_publisher":"https:\/\/www.facebook.com\/csjemballages","article_modified_time":"2026-03-27T01:10:28+00:00","og_image":[{"width":800,"height":800,"url":"https:\/\/www.csj-emballages.com\/wp-content\/uploads\/2024\/03\/Noix-de-muscade-moulu.webp","type":"image\/webp"}],"twitter_card":"summary_large_image","twitter_misc":{"Dur\u00e9e de lecture estim\u00e9e":"1 minuto"},"schema":{"@context":"https:\/\/schema.org","@graph":[{"@type":"WebPage","@id":"https:\/\/www.csj-emballages.com\/it\/produit\/noce-moscata-macinata-1-kg\/","url":"https:\/\/www.csj-emballages.com\/it\/produit\/noce-moscata-macinata-1-kg\/","name":"Noce moscata macinata 1 kg","isPartOf":{"@id":"https:\/\/www.csj-emballages.com\/it\/#website"},"primaryImageOfPage":{"@id":"https:\/\/www.csj-emballages.com\/it\/produit\/noce-moscata-macinata-1-kg\/#primaryimage"},"image":{"@id":"https:\/\/www.csj-emballages.com\/it\/produit\/noce-moscata-macinata-1-kg\/#primaryimage"},"thumbnailUrl":"https:\/\/www.csj-emballages.com\/wp-content\/uploads\/2024\/03\/Noix-de-muscade-moulu.webp","datePublished":"2024-03-01T15:59:43+00:00","dateModified":"2026-03-27T01:10:28+00:00","description":"Noce moscata 1 kg - Scopri la noce moscata sfusa, economica e versatile, perfetta per arricchire i tuoi piatti dolci e salati!","breadcrumb":{"@id":"https:\/\/www.csj-emballages.com\/it\/produit\/noce-moscata-macinata-1-kg\/#breadcrumb"},"inLanguage":"it-IT","potentialAction":[{"@type":"ReadAction","target":["https:\/\/www.csj-emballages.com\/it\/produit\/noce-moscata-macinata-1-kg\/"]}]},{"@type":"ImageObject","inLanguage":"it-IT","@id":"https:\/\/www.csj-emballages.com\/it\/produit\/noce-moscata-macinata-1-kg\/#primaryimage","url":"https:\/\/www.csj-emballages.com\/wp-content\/uploads\/2024\/03\/Noix-de-muscade-moulu.webp","contentUrl":"https:\/\/www.csj-emballages.com\/wp-content\/uploads\/2024\/03\/Noix-de-muscade-moulu.webp","width":800,"height":800,"caption":"Noix de muscade moulu"},{"@type":"BreadcrumbList","@id":"https:\/\/www.csj-emballages.com\/it\/produit\/noce-moscata-macinata-1-kg\/#breadcrumb","itemListElement":[{"@type":"ListItem","position":1,"name":"Home","item":"https:\/\/www.csj-emballages.com\/it\/universo-imballaggi-alimentari\/"},{"@type":"ListItem","position":2,"name":"Negozio","item":"https:\/\/www.csj-emballages.com\/it\/negozio\/"},{"@type":"ListItem","position":3,"name":"Noce moscata macinata 1 kg"}]},{"@type":"WebSite","@id":"https:\/\/www.csj-emballages.com\/it\/#website","url":"https:\/\/www.csj-emballages.com\/it\/","name":"CSJ Emballages","description":"","publisher":{"@id":"https:\/\/www.csj-emballages.com\/it\/#organization"},"potentialAction":[{"@type":"SearchAction","target":{"@type":"EntryPoint","urlTemplate":"https:\/\/www.csj-emballages.com\/it\/?s={search_term_string}"},"query-input":{"@type":"PropertyValueSpecification","valueRequired":true,"valueName":"search_term_string"}}],"inLanguage":"it-IT"},{"@type":"Organization","@id":"https:\/\/www.csj-emballages.com\/it\/#Organization\/","name":"CSJ Emballages","url":"https:\/\/www.csj-emballages.com\/it\/","logo":{"@type":"ImageObject","inLanguage":"it-IT","@id":"https:\/\/www.csj-emballages.com\/it\/#\/schema\/logo\/image\/","url":"https:\/\/www.csj-emballages.com\/wp-content\/uploads\/2023\/10\/logo_csj.webp","contentUrl":"https:\/\/www.csj-emballages.com\/wp-content\/uploads\/2023\/10\/logo_csj.webp","width":250,"height":95,"caption":"CSJ Emballages"},"image":{"@id":"https:\/\/www.csj-emballages.com\/it\/#\/schema\/logo\/image\/"},"sameAs":["https:\/\/www.facebook.com\/csjemballages"],"address":{"@type":"PostalAddress","streetAddress":"ZI La Lechere","addressLocality":"Patornay","postalCode":"39130","addressCountry":"FR"},"contactPoint":[{"@type":"ContactPoint","contactType":"Service client","telephone":"0384254272","email":"contact@csj-emballages.com"}]}]}},"df_price":19.73,"df_sale_price":19.73,"df_regular_price":28.18,"df_image_link":"https:\/\/www.csj-emballages.com\/wp-content\/uploads\/2024\/03\/Noix-de-muscade-moulu-300x300.webp","tiered_pricing_type":"fixed","tiered_pricing_fixed_rules":[],"tiered_pricing_percentage_rules":[],"tiered_pricing_minimum":1,"tiered_pricing_roles_data":[],"_links":{"self":[{"href":"https:\/\/www.csj-emballages.com\/it\/wp-json\/wp\/v2\/product\/267291","targetHints":{"allow":["GET"]}}],"collection":[{"href":"https:\/\/www.csj-emballages.com\/it\/wp-json\/wp\/v2\/product"}],"about":[{"href":"https:\/\/www.csj-emballages.com\/it\/wp-json\/wp\/v2\/types\/product"}],"wp:featuredmedia":[{"embeddable":true,"href":"https:\/\/www.csj-emballages.com\/it\/wp-json\/wp\/v2\/media\/267293"}],"wp:attachment":[{"href":"https:\/\/www.csj-emballages.com\/it\/wp-json\/wp\/v2\/media?parent=267291"}],"wp:term":[{"taxonomy":"product_brand","embeddable":true,"href":"https:\/\/www.csj-emballages.com\/it\/wp-json\/wp\/v2\/product_brand?post=267291"},{"taxonomy":"product_cat","embeddable":true,"href":"https:\/\/www.csj-emballages.com\/it\/wp-json\/wp\/v2\/product_cat?post=267291"},{"taxonomy":"product_tag","embeddable":true,"href":"https:\/\/www.csj-emballages.com\/it\/wp-json\/wp\/v2\/product_tag?post=267291"}],"curies":[{"name":"wp","href":"https:\/\/api.w.org\/{rel}","templated":true}]}}