{"id":267276,"date":"2024-03-01T16:59:42","date_gmt":"2024-03-01T15:59:42","guid":{"rendered":"https:\/\/www.csj-emballages.com\/produit\/zenzero-macinato-1-kg\/"},"modified":"2024-03-01T16:59:42","modified_gmt":"2024-03-01T15:59:42","slug":"zenzero-macinato-1-kg","status":"publish","type":"product","link":"https:\/\/www.csj-emballages.com\/it\/produit\/zenzero-macinato-1-kg\/","title":{"rendered":"Zenzero macinato 1 kg"},"content":{"rendered":"<h2>Zenzero macinato<\/h2>\n<hr>\n<h3>Descrizione del nostro zenzero macinato da 1 kg<\/h3>\n<p><!--more--><\/p>\n<p data-start=\"163\" data-end=\"555\">Lo <strong>zenzero macinato<\/strong> \u00e8 un indispensabile per chi ama dare carattere alle proprie ricette. Con questo formato da <strong data-start=\"277\" data-end=\"285\">1 kg<\/strong>, avrai a portata di mano una spezia intensa, profumata e versatile, pronta a integrarsi sia in piatti salati che dolci. All&#8217;apertura, il suo aroma caldo e leggermente agrumato si fa sentire, annunciando un sapore che risveglia istantaneamente le preparazioni.  <\/p>\n<p data-start=\"557\" data-end=\"947\">Facile da dosare, lo <strong>zenzero macinato<\/strong> si usa quotidianamente. Esalta una salsa, d\u00e0 brio a una marinata o trasforma un semplice piatto di verdure in una ricetta piena di personalit\u00e0. Ma non \u00e8 tutto. Trova spazio perfettamente anche in pasticceria, in biscotti, pan di zenzero, torte o dessert esotici. Ne basta un pizzico per donare profondit\u00e0 e calore.    <\/p>\n<p data-start=\"949\" data-end=\"1324\">Questo <strong>formato professionale da 1 kg<\/strong> \u00e8 adatto sia a ristoratori, catering e artigiani, sia agli appassionati di cucina che amano lavorare con prodotti di qualit\u00e0. Permette di cucinare senza restrizioni, garantendo una costanza di gusto a ogni utilizzo. Inoltre, lo <strong>zenzero macinato<\/strong> si conserva facilmente e resta pratico da usare, anche durante il servizio.  <\/p>\n<p data-start=\"1326\" data-end=\"1542\">Inoltre, lo <strong>zenzero<\/strong> \u00e8 apprezzato per il suo lato stimolante e confortante. Si presta anche a infusi, bevande calde o ricette benessere, il che lo rende una spezia tanto prelibata quanto versatile. <\/p>\n<p data-start=\"1544\" data-end=\"1707\">In sintesi, questo <strong>zenzero macinato da 1 kg<\/strong> \u00e8 una scelta sicura per arricchire le tue ricette, guadagnare efficienza e dare un tocco aromatico distintivo alla tua cucina.<\/p>\n<p data-start=\"1544\" data-end=\"1707\">\n<p data-start=\"85\" data-end=\"473\"><!--more--><\/p>\n<h4 data-start=\"85\" data-end=\"473\">Vantaggi:<\/h4>\n<ul>\n<li>Perfetto per piatti pronti, pasticceria e infusi.<\/li>\n<li><strong>Aroma intenso<\/strong> per esaltare le tue ricette.<\/li>\n<li>Dosaggio preciso grazie alla sua consistenza fine.<\/li>\n<li>Noto per le sue propriet\u00e0 digestive ed energizzanti.<\/li>\n<li><strong>Sacchetto da 1 kg<\/strong> ideale per uso professionale o domestico.<\/li>\n<\/ul>\n<p>&nbsp;<\/p>\n<p><!--more--><\/p>\n<h4>Altre informazioni:<\/h4>\n<ul>\n<li><strong>Confezionamento<\/strong>: Pacchetto da 1 kg<\/li>\n<li><strong>Formato<\/strong>: Macinato<\/li>\n<\/ul>\n<p>&nbsp;<\/p>\n<p><!--more--><\/p>\n<p data-start=\"475\" data-end=\"496\"><a href=\"https:\/\/www.csj-emballages.com\/it\/categorie-produit\/alimentari\/spezie\/spezie-semplici\/\">Scopri il resto della nostra gamma di spezie semplici <\/a><\/p>\n","protected":false},"excerpt":{"rendered":"<p>Zenzero macinato Descrizione del nostro zenzero macinato da 1 kg<\/p>\n","protected":false},"featured_media":267279,"template":"","meta":{"_acf_changed":false},"product_brand":[],"product_cat":[10445,10446,10454],"product_tag":[],"class_list":{"0":"post-267276","1":"product","2":"type-product","3":"status-publish","4":"has-post-thumbnail","6":"product_cat-alimentari","7":"product_cat-spezie","8":"product_cat-spezie-semplici","10":"first","11":"outofstock","12":"taxable","13":"shipping-taxable","14":"purchasable","15":"product-type-simple"},"acf":[],"yoast_head":"<!-- This site is optimized with the Yoast SEO Premium plugin v26.6 (Yoast SEO v26.6) - https:\/\/yoast.com\/wordpress\/plugins\/seo\/ -->\n<title>Zenzero macinato 1 kg<\/title>\n<meta name=\"description\" content=\"Scopri lo zenzero macinato da 1 kg, una spezia dagli aromi intensi ideale per esaltare i tuoi piatti dolci e salati. Perfetto per la cucina e gli infusi&lt;;\" \/>\n<meta name=\"robots\" content=\"index, follow, max-snippet:-1, max-image-preview:large, max-video-preview:-1\" \/>\n<link rel=\"canonical\" href=\"https:\/\/www.csj-emballages.com\/it\/produit\/zenzero-macinato-1-kg\/\" \/>\n<meta property=\"og:locale\" content=\"it_IT\" \/>\n<meta property=\"og:type\" content=\"article\" \/>\n<meta property=\"og:title\" content=\"Zenzero macinato 1 kg\" \/>\n<meta property=\"og:description\" content=\"Scopri lo zenzero macinato da 1 kg, una spezia dagli aromi intensi ideale per esaltare i tuoi piatti dolci e salati. Perfetto per la cucina e gli infusi&lt;;\" \/>\n<meta property=\"og:url\" content=\"https:\/\/www.csj-emballages.com\/it\/produit\/zenzero-macinato-1-kg\/\" \/>\n<meta property=\"og:site_name\" content=\"CSJ Emballages\" \/>\n<meta property=\"article:publisher\" content=\"https:\/\/www.facebook.com\/csjemballages\" \/>\n<meta property=\"og:image\" content=\"https:\/\/www.csj-emballages.com\/wp-content\/uploads\/2024\/03\/Gingembre-moulu.webp\" \/>\n\t<meta property=\"og:image:width\" content=\"799\" \/>\n\t<meta property=\"og:image:height\" content=\"800\" \/>\n\t<meta property=\"og:image:type\" content=\"image\/webp\" \/>\n<meta name=\"twitter:card\" content=\"summary_large_image\" \/>\n<meta name=\"twitter:label1\" content=\"Dur\u00e9e de lecture estim\u00e9e\" \/>\n\t<meta name=\"twitter:data1\" content=\"1 minuto\" \/>\n<script type=\"application\/ld+json\" class=\"yoast-schema-graph\">{\"@context\":\"https:\/\/schema.org\",\"@graph\":[{\"@type\":\"WebPage\",\"@id\":\"https:\/\/www.csj-emballages.com\/it\/produit\/zenzero-macinato-1-kg\/\",\"url\":\"https:\/\/www.csj-emballages.com\/it\/produit\/zenzero-macinato-1-kg\/\",\"name\":\"Zenzero macinato 1 kg\",\"isPartOf\":{\"@id\":\"https:\/\/www.csj-emballages.com\/it\/#website\"},\"primaryImageOfPage\":{\"@id\":\"https:\/\/www.csj-emballages.com\/it\/produit\/zenzero-macinato-1-kg\/#primaryimage\"},\"image\":{\"@id\":\"https:\/\/www.csj-emballages.com\/it\/produit\/zenzero-macinato-1-kg\/#primaryimage\"},\"thumbnailUrl\":\"https:\/\/www.csj-emballages.com\/wp-content\/uploads\/2024\/03\/Gingembre-moulu.webp\",\"datePublished\":\"2024-03-01T15:59:42+00:00\",\"description\":\"Scopri lo zenzero macinato da 1 kg, una spezia dagli aromi intensi ideale per esaltare i tuoi piatti dolci e salati. Perfetto per la cucina e gli infusi&lt;;\",\"breadcrumb\":{\"@id\":\"https:\/\/www.csj-emballages.com\/it\/produit\/zenzero-macinato-1-kg\/#breadcrumb\"},\"inLanguage\":\"it-IT\",\"potentialAction\":[{\"@type\":\"ReadAction\",\"target\":[\"https:\/\/www.csj-emballages.com\/it\/produit\/zenzero-macinato-1-kg\/\"]}]},{\"@type\":\"ImageObject\",\"inLanguage\":\"it-IT\",\"@id\":\"https:\/\/www.csj-emballages.com\/it\/produit\/zenzero-macinato-1-kg\/#primaryimage\",\"url\":\"https:\/\/www.csj-emballages.com\/wp-content\/uploads\/2024\/03\/Gingembre-moulu.webp\",\"contentUrl\":\"https:\/\/www.csj-emballages.com\/wp-content\/uploads\/2024\/03\/Gingembre-moulu.webp\",\"width\":799,\"height\":800,\"caption\":\"Gingembre moulu\"},{\"@type\":\"BreadcrumbList\",\"@id\":\"https:\/\/www.csj-emballages.com\/it\/produit\/zenzero-macinato-1-kg\/#breadcrumb\",\"itemListElement\":[{\"@type\":\"ListItem\",\"position\":1,\"name\":\"Home\",\"item\":\"https:\/\/www.csj-emballages.com\/it\/universo-imballaggi-alimentari\/\"},{\"@type\":\"ListItem\",\"position\":2,\"name\":\"Negozio\",\"item\":\"https:\/\/www.csj-emballages.com\/it\/negozio\/\"},{\"@type\":\"ListItem\",\"position\":3,\"name\":\"Zenzero macinato 1 kg\"}]},{\"@type\":\"WebSite\",\"@id\":\"https:\/\/www.csj-emballages.com\/it\/#website\",\"url\":\"https:\/\/www.csj-emballages.com\/it\/\",\"name\":\"CSJ Emballages\",\"description\":\"\",\"publisher\":{\"@id\":\"https:\/\/www.csj-emballages.com\/it\/#organization\"},\"potentialAction\":[{\"@type\":\"SearchAction\",\"target\":{\"@type\":\"EntryPoint\",\"urlTemplate\":\"https:\/\/www.csj-emballages.com\/it\/?s={search_term_string}\"},\"query-input\":{\"@type\":\"PropertyValueSpecification\",\"valueRequired\":true,\"valueName\":\"search_term_string\"}}],\"inLanguage\":\"it-IT\"},{\"@type\":\"Organization\",\"@id\":\"https:\/\/www.csj-emballages.com\/it\/#Organization\/\",\"name\":\"CSJ Emballages\",\"url\":\"https:\/\/www.csj-emballages.com\/it\/\",\"logo\":{\"@type\":\"ImageObject\",\"inLanguage\":\"it-IT\",\"@id\":\"https:\/\/www.csj-emballages.com\/it\/#\/schema\/logo\/image\/\",\"url\":\"https:\/\/www.csj-emballages.com\/wp-content\/uploads\/2023\/10\/logo_csj.webp\",\"contentUrl\":\"https:\/\/www.csj-emballages.com\/wp-content\/uploads\/2023\/10\/logo_csj.webp\",\"width\":250,\"height\":95,\"caption\":\"CSJ Emballages\"},\"image\":{\"@id\":\"https:\/\/www.csj-emballages.com\/it\/#\/schema\/logo\/image\/\"},\"sameAs\":[\"https:\/\/www.facebook.com\/csjemballages\"],\"address\":{\"@type\":\"PostalAddress\",\"streetAddress\":\"ZI La Lechere\",\"addressLocality\":\"Patornay\",\"postalCode\":\"39130\",\"addressCountry\":\"FR\"},\"contactPoint\":[{\"@type\":\"ContactPoint\",\"contactType\":\"Service client\",\"telephone\":\"0384254272\",\"email\":\"contact@csj-emballages.com\"}]}]}<\/script>\n<!-- \/ Yoast SEO Premium plugin. -->","yoast_head_json":{"title":"Zenzero macinato 1 kg","description":"Scopri lo zenzero macinato da 1 kg, una spezia dagli aromi intensi ideale per esaltare i tuoi piatti dolci e salati. Perfetto per la cucina e gli infusi&lt;;","robots":{"index":"index","follow":"follow","max-snippet":"max-snippet:-1","max-image-preview":"max-image-preview:large","max-video-preview":"max-video-preview:-1"},"canonical":"https:\/\/www.csj-emballages.com\/it\/produit\/zenzero-macinato-1-kg\/","og_locale":"it_IT","og_type":"article","og_title":"Zenzero macinato 1 kg","og_description":"Scopri lo zenzero macinato da 1 kg, una spezia dagli aromi intensi ideale per esaltare i tuoi piatti dolci e salati. Perfetto per la cucina e gli infusi&lt;;","og_url":"https:\/\/www.csj-emballages.com\/it\/produit\/zenzero-macinato-1-kg\/","og_site_name":"CSJ Emballages","article_publisher":"https:\/\/www.facebook.com\/csjemballages","og_image":[{"width":799,"height":800,"url":"https:\/\/www.csj-emballages.com\/wp-content\/uploads\/2024\/03\/Gingembre-moulu.webp","type":"image\/webp"}],"twitter_card":"summary_large_image","twitter_misc":{"Dur\u00e9e de lecture estim\u00e9e":"1 minuto"},"schema":{"@context":"https:\/\/schema.org","@graph":[{"@type":"WebPage","@id":"https:\/\/www.csj-emballages.com\/it\/produit\/zenzero-macinato-1-kg\/","url":"https:\/\/www.csj-emballages.com\/it\/produit\/zenzero-macinato-1-kg\/","name":"Zenzero macinato 1 kg","isPartOf":{"@id":"https:\/\/www.csj-emballages.com\/it\/#website"},"primaryImageOfPage":{"@id":"https:\/\/www.csj-emballages.com\/it\/produit\/zenzero-macinato-1-kg\/#primaryimage"},"image":{"@id":"https:\/\/www.csj-emballages.com\/it\/produit\/zenzero-macinato-1-kg\/#primaryimage"},"thumbnailUrl":"https:\/\/www.csj-emballages.com\/wp-content\/uploads\/2024\/03\/Gingembre-moulu.webp","datePublished":"2024-03-01T15:59:42+00:00","description":"Scopri lo zenzero macinato da 1 kg, una spezia dagli aromi intensi ideale per esaltare i tuoi piatti dolci e salati. Perfetto per la cucina e gli infusi&lt;;","breadcrumb":{"@id":"https:\/\/www.csj-emballages.com\/it\/produit\/zenzero-macinato-1-kg\/#breadcrumb"},"inLanguage":"it-IT","potentialAction":[{"@type":"ReadAction","target":["https:\/\/www.csj-emballages.com\/it\/produit\/zenzero-macinato-1-kg\/"]}]},{"@type":"ImageObject","inLanguage":"it-IT","@id":"https:\/\/www.csj-emballages.com\/it\/produit\/zenzero-macinato-1-kg\/#primaryimage","url":"https:\/\/www.csj-emballages.com\/wp-content\/uploads\/2024\/03\/Gingembre-moulu.webp","contentUrl":"https:\/\/www.csj-emballages.com\/wp-content\/uploads\/2024\/03\/Gingembre-moulu.webp","width":799,"height":800,"caption":"Gingembre moulu"},{"@type":"BreadcrumbList","@id":"https:\/\/www.csj-emballages.com\/it\/produit\/zenzero-macinato-1-kg\/#breadcrumb","itemListElement":[{"@type":"ListItem","position":1,"name":"Home","item":"https:\/\/www.csj-emballages.com\/it\/universo-imballaggi-alimentari\/"},{"@type":"ListItem","position":2,"name":"Negozio","item":"https:\/\/www.csj-emballages.com\/it\/negozio\/"},{"@type":"ListItem","position":3,"name":"Zenzero macinato 1 kg"}]},{"@type":"WebSite","@id":"https:\/\/www.csj-emballages.com\/it\/#website","url":"https:\/\/www.csj-emballages.com\/it\/","name":"CSJ Emballages","description":"","publisher":{"@id":"https:\/\/www.csj-emballages.com\/it\/#organization"},"potentialAction":[{"@type":"SearchAction","target":{"@type":"EntryPoint","urlTemplate":"https:\/\/www.csj-emballages.com\/it\/?s={search_term_string}"},"query-input":{"@type":"PropertyValueSpecification","valueRequired":true,"valueName":"search_term_string"}}],"inLanguage":"it-IT"},{"@type":"Organization","@id":"https:\/\/www.csj-emballages.com\/it\/#Organization\/","name":"CSJ Emballages","url":"https:\/\/www.csj-emballages.com\/it\/","logo":{"@type":"ImageObject","inLanguage":"it-IT","@id":"https:\/\/www.csj-emballages.com\/it\/#\/schema\/logo\/image\/","url":"https:\/\/www.csj-emballages.com\/wp-content\/uploads\/2023\/10\/logo_csj.webp","contentUrl":"https:\/\/www.csj-emballages.com\/wp-content\/uploads\/2023\/10\/logo_csj.webp","width":250,"height":95,"caption":"CSJ Emballages"},"image":{"@id":"https:\/\/www.csj-emballages.com\/it\/#\/schema\/logo\/image\/"},"sameAs":["https:\/\/www.facebook.com\/csjemballages"],"address":{"@type":"PostalAddress","streetAddress":"ZI La Lechere","addressLocality":"Patornay","postalCode":"39130","addressCountry":"FR"},"contactPoint":[{"@type":"ContactPoint","contactType":"Service client","telephone":"0384254272","email":"contact@csj-emballages.com"}]}]}},"df_price":11.39,"df_sale_price":"","df_regular_price":11.39,"df_image_link":"https:\/\/www.csj-emballages.com\/wp-content\/uploads\/2024\/03\/Gingembre-moulu-300x300.webp","tiered_pricing_type":"fixed","tiered_pricing_fixed_rules":[],"tiered_pricing_percentage_rules":[],"tiered_pricing_minimum":1,"tiered_pricing_roles_data":[],"_links":{"self":[{"href":"https:\/\/www.csj-emballages.com\/it\/wp-json\/wp\/v2\/product\/267276","targetHints":{"allow":["GET"]}}],"collection":[{"href":"https:\/\/www.csj-emballages.com\/it\/wp-json\/wp\/v2\/product"}],"about":[{"href":"https:\/\/www.csj-emballages.com\/it\/wp-json\/wp\/v2\/types\/product"}],"wp:featuredmedia":[{"embeddable":true,"href":"https:\/\/www.csj-emballages.com\/it\/wp-json\/wp\/v2\/media\/267279"}],"wp:attachment":[{"href":"https:\/\/www.csj-emballages.com\/it\/wp-json\/wp\/v2\/media?parent=267276"}],"wp:term":[{"taxonomy":"product_brand","embeddable":true,"href":"https:\/\/www.csj-emballages.com\/it\/wp-json\/wp\/v2\/product_brand?post=267276"},{"taxonomy":"product_cat","embeddable":true,"href":"https:\/\/www.csj-emballages.com\/it\/wp-json\/wp\/v2\/product_cat?post=267276"},{"taxonomy":"product_tag","embeddable":true,"href":"https:\/\/www.csj-emballages.com\/it\/wp-json\/wp\/v2\/product_tag?post=267276"}],"curies":[{"name":"wp","href":"https:\/\/api.w.org\/{rel}","templated":true}]}}