{"id":267243,"date":"2024-03-01T16:59:41","date_gmt":"2024-03-01T15:59:41","guid":{"rendered":"https:\/\/www.csj-emballages.com\/produit\/cumino-in-grani-1-kg\/"},"modified":"2026-03-12T16:02:25","modified_gmt":"2026-03-12T15:02:25","slug":"cumino-in-grani-1-kg","status":"publish","type":"product","link":"https:\/\/www.csj-emballages.com\/it\/produit\/cumino-in-grani-1-kg\/","title":{"rendered":"Cumino in grani 1 kg"},"content":{"rendered":"<h2 class=\"p1\">Cumino in grani<\/h2>\n<hr>\n<h3>Descrizione del nostro cumino in grani 1 kg<\/h3>\n<p><!--more--><\/p>\n<p data-start=\"197\" data-end=\"591\">Il <strong>cumino in grani<\/strong> \u00e8 uno di quegli ingredienti che trasformano completamente un piatto, anche in piccole quantit\u00e0. Con il suo profumo caldo, leggermente pepato e molto riconoscibile, dona immediatamente carattere alle tue ricette. Questo formato da <strong data-start=\"434\" data-end=\"442\">1 kg<\/strong> si rivolge sia ai professionisti che agli appassionati di cucina che utilizzano il <strong>cumino<\/strong> regolarmente e vogliono averlo sempre a portata di mano.  <\/p>\n<p data-start=\"593\" data-end=\"992\">In grani, il <strong>cumino<\/strong> conserva tutta la sua ricchezza aromatica. Puoi utilizzarlo cos\u00ec com&#8217;\u00e8 per infondere lentamente i tuoi piatti o macinarlo all&#8217;ultimo momento per liberare ancora pi\u00f9 sapori. In questo modo, controlli perfettamente l&#8217;intensit\u00e0 e adatti il condimento secondo i tuoi gusti. Si integra facilmente in numerose cucine: <strong>orientale, indiana, messicana o mediterranea<\/strong>.   <\/p>\n<p data-start=\"994\" data-end=\"1384\">Inoltre, questo formato generoso \u00e8 ideale per l&#8217;uso in ristorazione, catering o cucina collettiva. Permette di lavorare comodamente senza moltiplicare le piccole confezioni. Il <strong>cumino<\/strong> accompagna sia le carni, le verdure, i legumi che le salse o le marinate. Basta aggiungerne un pizzico per insaporire un piatto mantenendo un equilibrio sottile.   <\/p>\n<p data-start=\"1386\" data-end=\"1673\">Inoltre, il <strong>cumino in grani<\/strong> \u00e8 apprezzato per la sua versatilit\u00e0. Pu\u00f2 essere tostato a secco per intensificare i suoi aromi o utilizzato cos\u00ec com&#8217;\u00e8 per un sapore pi\u00f9 delicato. Grazie a questo formato economico, guadagni in praticit\u00e0 assicurando al contempo una qualit\u00e0 costante nelle tue preparazioni.  <\/p>\n<p data-start=\"1675\" data-end=\"1830\">In sintesi, questo <strong>cumino in grani 1 kg<\/strong> \u00e8 un indispensabile per una cucina generosa, profumata e controllata, sia nel quotidiano che nelle grandi produzioni.<\/p>\n<p>&nbsp;<\/p>\n<p><!--more--><\/p>\n<h4>Vantaggi:<\/h4>\n<ul>\n<li data-start=\"485\" data-end=\"546\">Aroma intenso e autentico per profumare i tuoi piatti.<\/li>\n<li data-start=\"547\" data-end=\"636\">Formato economico adatto ai professionisti e ai grandi consumatori.<\/li>\n<li data-start=\"637\" data-end=\"734\">ideale per piatti in umido, marinate, pane, salse e miscele di spezie.<\/li>\n<li data-start=\"735\" data-end=\"789\"><strong data-start=\"737\" data-end=\"754\">100% naturale<\/strong>, senza additivi n\u00e9 conservanti.<\/li>\n<\/ul>\n<p>&nbsp;<\/p>\n<p><!--more--><\/p>\n<h4>Altre informazioni:<\/h4>\n<ul>\n<li><strong>Confezionamento<\/strong>: Sacchetto da 1 kg<\/li>\n<li><strong>Formato<\/strong>: Grani<\/li>\n<\/ul>\n<p>&nbsp;<\/p>\n<p><!--more--><\/p>\n<p><a href=\"https:\/\/www.csj-emballages.com\/it\/categorie-produit\/alimentari\/spezie\/spezie-semplici\/\">Consulta il resto della nostra gamma di spezie semplici <\/a><\/p>\n<p>&nbsp;<\/p>\n","protected":false},"excerpt":{"rendered":"<p>Cumino in grani Descrizione del nostro cumino in grani 1 kg<\/p>\n","protected":false},"featured_media":267245,"template":"","meta":{"_acf_changed":false},"product_brand":[],"product_cat":[10445,10446,10454],"product_tag":[],"class_list":{"0":"post-267243","1":"product","2":"type-product","3":"status-publish","4":"has-post-thumbnail","6":"product_cat-alimentari","7":"product_cat-spezie","8":"product_cat-spezie-semplici","10":"first","11":"instock","12":"taxable","13":"shipping-taxable","14":"purchasable","15":"product-type-simple"},"acf":[],"yoast_head":"<!-- This site is optimized with the Yoast SEO Premium plugin v26.6 (Yoast SEO v26.6) - https:\/\/yoast.com\/wordpress\/plugins\/seo\/ -->\n<title>Cumino in Grani 1kg<\/title>\n<meta name=\"description\" content=\"Scopri il nostro cumino in grani 1kg, una spezia dai sapori caldi e pepati, perfetta per esaltare i tuoi piatti. Ideale per i professionisti.\" \/>\n<meta name=\"robots\" content=\"index, follow, max-snippet:-1, max-image-preview:large, max-video-preview:-1\" \/>\n<link rel=\"canonical\" href=\"https:\/\/www.csj-emballages.com\/it\/produit\/cumino-in-grani-1-kg\/\" \/>\n<meta property=\"og:locale\" content=\"it_IT\" \/>\n<meta property=\"og:type\" content=\"article\" \/>\n<meta property=\"og:title\" content=\"Cumino in grani 1 kg\" \/>\n<meta property=\"og:description\" content=\"Scopri il nostro cumino in grani 1kg, una spezia dai sapori caldi e pepati, perfetta per esaltare i tuoi piatti. Ideale per i professionisti.\" \/>\n<meta property=\"og:url\" content=\"https:\/\/www.csj-emballages.com\/it\/produit\/cumino-in-grani-1-kg\/\" \/>\n<meta property=\"og:site_name\" content=\"CSJ Emballages\" \/>\n<meta property=\"article:publisher\" content=\"https:\/\/www.facebook.com\/csjemballages\" \/>\n<meta property=\"article:modified_time\" content=\"2026-03-12T15:02:25+00:00\" \/>\n<meta property=\"og:image\" content=\"https:\/\/www.csj-emballages.com\/wp-content\/uploads\/2024\/03\/cumin-grain.webp\" \/>\n\t<meta property=\"og:image:width\" content=\"800\" \/>\n\t<meta property=\"og:image:height\" content=\"800\" \/>\n\t<meta property=\"og:image:type\" content=\"image\/webp\" \/>\n<meta name=\"twitter:card\" content=\"summary_large_image\" \/>\n<meta name=\"twitter:label1\" content=\"Dur\u00e9e de lecture estim\u00e9e\" \/>\n\t<meta name=\"twitter:data1\" content=\"2 minuti\" \/>\n<script type=\"application\/ld+json\" class=\"yoast-schema-graph\">{\"@context\":\"https:\/\/schema.org\",\"@graph\":[{\"@type\":\"WebPage\",\"@id\":\"https:\/\/www.csj-emballages.com\/it\/produit\/cumino-in-grani-1-kg\/\",\"url\":\"https:\/\/www.csj-emballages.com\/it\/produit\/cumino-in-grani-1-kg\/\",\"name\":\"Cumino in Grani 1kg\",\"isPartOf\":{\"@id\":\"https:\/\/www.csj-emballages.com\/it\/#website\"},\"primaryImageOfPage\":{\"@id\":\"https:\/\/www.csj-emballages.com\/it\/produit\/cumino-in-grani-1-kg\/#primaryimage\"},\"image\":{\"@id\":\"https:\/\/www.csj-emballages.com\/it\/produit\/cumino-in-grani-1-kg\/#primaryimage\"},\"thumbnailUrl\":\"https:\/\/www.csj-emballages.com\/wp-content\/uploads\/2024\/03\/cumin-grain.webp\",\"datePublished\":\"2024-03-01T15:59:41+00:00\",\"dateModified\":\"2026-03-12T15:02:25+00:00\",\"description\":\"Scopri il nostro cumino in grani 1kg, una spezia dai sapori caldi e pepati, perfetta per esaltare i tuoi piatti. Ideale per i professionisti.\",\"breadcrumb\":{\"@id\":\"https:\/\/www.csj-emballages.com\/it\/produit\/cumino-in-grani-1-kg\/#breadcrumb\"},\"inLanguage\":\"it-IT\",\"potentialAction\":[{\"@type\":\"ReadAction\",\"target\":[\"https:\/\/www.csj-emballages.com\/it\/produit\/cumino-in-grani-1-kg\/\"]}]},{\"@type\":\"ImageObject\",\"inLanguage\":\"it-IT\",\"@id\":\"https:\/\/www.csj-emballages.com\/it\/produit\/cumino-in-grani-1-kg\/#primaryimage\",\"url\":\"https:\/\/www.csj-emballages.com\/wp-content\/uploads\/2024\/03\/cumin-grain.webp\",\"contentUrl\":\"https:\/\/www.csj-emballages.com\/wp-content\/uploads\/2024\/03\/cumin-grain.webp\",\"width\":800,\"height\":800,\"caption\":\"Cumin grain\"},{\"@type\":\"BreadcrumbList\",\"@id\":\"https:\/\/www.csj-emballages.com\/it\/produit\/cumino-in-grani-1-kg\/#breadcrumb\",\"itemListElement\":[{\"@type\":\"ListItem\",\"position\":1,\"name\":\"Home\",\"item\":\"https:\/\/www.csj-emballages.com\/it\/universo-imballaggi-alimentari\/\"},{\"@type\":\"ListItem\",\"position\":2,\"name\":\"Negozio\",\"item\":\"https:\/\/www.csj-emballages.com\/it\/negozio\/\"},{\"@type\":\"ListItem\",\"position\":3,\"name\":\"Cumino in grani 1 kg\"}]},{\"@type\":\"WebSite\",\"@id\":\"https:\/\/www.csj-emballages.com\/it\/#website\",\"url\":\"https:\/\/www.csj-emballages.com\/it\/\",\"name\":\"CSJ Emballages\",\"description\":\"\",\"publisher\":{\"@id\":\"https:\/\/www.csj-emballages.com\/it\/#organization\"},\"potentialAction\":[{\"@type\":\"SearchAction\",\"target\":{\"@type\":\"EntryPoint\",\"urlTemplate\":\"https:\/\/www.csj-emballages.com\/it\/?s={search_term_string}\"},\"query-input\":{\"@type\":\"PropertyValueSpecification\",\"valueRequired\":true,\"valueName\":\"search_term_string\"}}],\"inLanguage\":\"it-IT\"},{\"@type\":\"Organization\",\"@id\":\"https:\/\/www.csj-emballages.com\/it\/#Organization\/\",\"name\":\"CSJ Emballages\",\"url\":\"https:\/\/www.csj-emballages.com\/it\/\",\"logo\":{\"@type\":\"ImageObject\",\"inLanguage\":\"it-IT\",\"@id\":\"https:\/\/www.csj-emballages.com\/it\/#\/schema\/logo\/image\/\",\"url\":\"https:\/\/www.csj-emballages.com\/wp-content\/uploads\/2023\/10\/logo_csj.webp\",\"contentUrl\":\"https:\/\/www.csj-emballages.com\/wp-content\/uploads\/2023\/10\/logo_csj.webp\",\"width\":250,\"height\":95,\"caption\":\"CSJ Emballages\"},\"image\":{\"@id\":\"https:\/\/www.csj-emballages.com\/it\/#\/schema\/logo\/image\/\"},\"sameAs\":[\"https:\/\/www.facebook.com\/csjemballages\"],\"address\":{\"@type\":\"PostalAddress\",\"streetAddress\":\"ZI La Lechere\",\"addressLocality\":\"Patornay\",\"postalCode\":\"39130\",\"addressCountry\":\"FR\"},\"contactPoint\":[{\"@type\":\"ContactPoint\",\"contactType\":\"Service client\",\"telephone\":\"0384254272\",\"email\":\"contact@csj-emballages.com\"}]}]}<\/script>\n<!-- \/ Yoast SEO Premium plugin. -->","yoast_head_json":{"title":"Cumino in Grani 1kg","description":"Scopri il nostro cumino in grani 1kg, una spezia dai sapori caldi e pepati, perfetta per esaltare i tuoi piatti. Ideale per i professionisti.","robots":{"index":"index","follow":"follow","max-snippet":"max-snippet:-1","max-image-preview":"max-image-preview:large","max-video-preview":"max-video-preview:-1"},"canonical":"https:\/\/www.csj-emballages.com\/it\/produit\/cumino-in-grani-1-kg\/","og_locale":"it_IT","og_type":"article","og_title":"Cumino in grani 1 kg","og_description":"Scopri il nostro cumino in grani 1kg, una spezia dai sapori caldi e pepati, perfetta per esaltare i tuoi piatti. Ideale per i professionisti.","og_url":"https:\/\/www.csj-emballages.com\/it\/produit\/cumino-in-grani-1-kg\/","og_site_name":"CSJ Emballages","article_publisher":"https:\/\/www.facebook.com\/csjemballages","article_modified_time":"2026-03-12T15:02:25+00:00","og_image":[{"width":800,"height":800,"url":"https:\/\/www.csj-emballages.com\/wp-content\/uploads\/2024\/03\/cumin-grain.webp","type":"image\/webp"}],"twitter_card":"summary_large_image","twitter_misc":{"Dur\u00e9e de lecture estim\u00e9e":"2 minuti"},"schema":{"@context":"https:\/\/schema.org","@graph":[{"@type":"WebPage","@id":"https:\/\/www.csj-emballages.com\/it\/produit\/cumino-in-grani-1-kg\/","url":"https:\/\/www.csj-emballages.com\/it\/produit\/cumino-in-grani-1-kg\/","name":"Cumino in Grani 1kg","isPartOf":{"@id":"https:\/\/www.csj-emballages.com\/it\/#website"},"primaryImageOfPage":{"@id":"https:\/\/www.csj-emballages.com\/it\/produit\/cumino-in-grani-1-kg\/#primaryimage"},"image":{"@id":"https:\/\/www.csj-emballages.com\/it\/produit\/cumino-in-grani-1-kg\/#primaryimage"},"thumbnailUrl":"https:\/\/www.csj-emballages.com\/wp-content\/uploads\/2024\/03\/cumin-grain.webp","datePublished":"2024-03-01T15:59:41+00:00","dateModified":"2026-03-12T15:02:25+00:00","description":"Scopri il nostro cumino in grani 1kg, una spezia dai sapori caldi e pepati, perfetta per esaltare i tuoi piatti. Ideale per i professionisti.","breadcrumb":{"@id":"https:\/\/www.csj-emballages.com\/it\/produit\/cumino-in-grani-1-kg\/#breadcrumb"},"inLanguage":"it-IT","potentialAction":[{"@type":"ReadAction","target":["https:\/\/www.csj-emballages.com\/it\/produit\/cumino-in-grani-1-kg\/"]}]},{"@type":"ImageObject","inLanguage":"it-IT","@id":"https:\/\/www.csj-emballages.com\/it\/produit\/cumino-in-grani-1-kg\/#primaryimage","url":"https:\/\/www.csj-emballages.com\/wp-content\/uploads\/2024\/03\/cumin-grain.webp","contentUrl":"https:\/\/www.csj-emballages.com\/wp-content\/uploads\/2024\/03\/cumin-grain.webp","width":800,"height":800,"caption":"Cumin grain"},{"@type":"BreadcrumbList","@id":"https:\/\/www.csj-emballages.com\/it\/produit\/cumino-in-grani-1-kg\/#breadcrumb","itemListElement":[{"@type":"ListItem","position":1,"name":"Home","item":"https:\/\/www.csj-emballages.com\/it\/universo-imballaggi-alimentari\/"},{"@type":"ListItem","position":2,"name":"Negozio","item":"https:\/\/www.csj-emballages.com\/it\/negozio\/"},{"@type":"ListItem","position":3,"name":"Cumino in grani 1 kg"}]},{"@type":"WebSite","@id":"https:\/\/www.csj-emballages.com\/it\/#website","url":"https:\/\/www.csj-emballages.com\/it\/","name":"CSJ Emballages","description":"","publisher":{"@id":"https:\/\/www.csj-emballages.com\/it\/#organization"},"potentialAction":[{"@type":"SearchAction","target":{"@type":"EntryPoint","urlTemplate":"https:\/\/www.csj-emballages.com\/it\/?s={search_term_string}"},"query-input":{"@type":"PropertyValueSpecification","valueRequired":true,"valueName":"search_term_string"}}],"inLanguage":"it-IT"},{"@type":"Organization","@id":"https:\/\/www.csj-emballages.com\/it\/#Organization\/","name":"CSJ Emballages","url":"https:\/\/www.csj-emballages.com\/it\/","logo":{"@type":"ImageObject","inLanguage":"it-IT","@id":"https:\/\/www.csj-emballages.com\/it\/#\/schema\/logo\/image\/","url":"https:\/\/www.csj-emballages.com\/wp-content\/uploads\/2023\/10\/logo_csj.webp","contentUrl":"https:\/\/www.csj-emballages.com\/wp-content\/uploads\/2023\/10\/logo_csj.webp","width":250,"height":95,"caption":"CSJ Emballages"},"image":{"@id":"https:\/\/www.csj-emballages.com\/it\/#\/schema\/logo\/image\/"},"sameAs":["https:\/\/www.facebook.com\/csjemballages"],"address":{"@type":"PostalAddress","streetAddress":"ZI La Lechere","addressLocality":"Patornay","postalCode":"39130","addressCountry":"FR"},"contactPoint":[{"@type":"ContactPoint","contactType":"Service client","telephone":"0384254272","email":"contact@csj-emballages.com"}]}]}},"df_price":16.06,"df_sale_price":"","df_regular_price":16.06,"df_image_link":"https:\/\/www.csj-emballages.com\/wp-content\/uploads\/2024\/03\/cumin-grain-300x300.webp","tiered_pricing_type":"fixed","tiered_pricing_fixed_rules":[],"tiered_pricing_percentage_rules":[],"tiered_pricing_minimum":1,"tiered_pricing_roles_data":[],"_links":{"self":[{"href":"https:\/\/www.csj-emballages.com\/it\/wp-json\/wp\/v2\/product\/267243","targetHints":{"allow":["GET"]}}],"collection":[{"href":"https:\/\/www.csj-emballages.com\/it\/wp-json\/wp\/v2\/product"}],"about":[{"href":"https:\/\/www.csj-emballages.com\/it\/wp-json\/wp\/v2\/types\/product"}],"wp:featuredmedia":[{"embeddable":true,"href":"https:\/\/www.csj-emballages.com\/it\/wp-json\/wp\/v2\/media\/267245"}],"wp:attachment":[{"href":"https:\/\/www.csj-emballages.com\/it\/wp-json\/wp\/v2\/media?parent=267243"}],"wp:term":[{"taxonomy":"product_brand","embeddable":true,"href":"https:\/\/www.csj-emballages.com\/it\/wp-json\/wp\/v2\/product_brand?post=267243"},{"taxonomy":"product_cat","embeddable":true,"href":"https:\/\/www.csj-emballages.com\/it\/wp-json\/wp\/v2\/product_cat?post=267243"},{"taxonomy":"product_tag","embeddable":true,"href":"https:\/\/www.csj-emballages.com\/it\/wp-json\/wp\/v2\/product_tag?post=267243"}],"curies":[{"name":"wp","href":"https:\/\/api.w.org\/{rel}","templated":true}]}}