{"id":267215,"date":"2024-03-01T16:59:39","date_gmt":"2024-03-01T15:59:39","guid":{"rendered":"https:\/\/www.csj-emballages.com\/produit\/condimento-couscous-1-kg\/"},"modified":"2026-03-24T02:10:21","modified_gmt":"2026-03-24T01:10:21","slug":"condimento-couscous-1-kg","status":"publish","type":"product","link":"https:\/\/www.csj-emballages.com\/it\/produit\/condimento-couscous-1-kg\/","title":{"rendered":"Condimento couscous 1 kg"},"content":{"rendered":"<h2>Condimento couscous<\/h2>\n<hr>\n<h3>Descrizione del nostro condimento couscous 1 kg<\/h3>\n<p><!--more--><\/p>\n<p data-start=\"156\" data-end=\"512\">Un buon <strong>couscous<\/strong> inizia sempre con un buon condimento. Con questo <strong data-start=\"230\" data-end=\"262\">condimento couscous 1 kg<\/strong>, hai a portata di mano una miscela equilibrata che dona subito carattere ai tuoi piatti. Fin dalle prime pizzicate, gli aromi si diffondono e fanno venire voglia di sedersi a tavola. Non c&#8217;\u00e8 bisogno di esagerare: il gusto \u00e8 l\u00ec, schietto e avvolgente.   <\/p>\n<p data-start=\"514\" data-end=\"944\">Questa miscela \u00e8 stata pensata per semplificare la preparazione pur rispettando lo spirito del <strong>couscous<\/strong> tradizionale. Si integra facilmente nel brodo, avvolge le <strong>verdure, esalta il semolino e accompagna perfettamente carni come pollo, agnello o merguez<\/strong>. Cos\u00ec, guadagni tempo in cucina senza sacrificare il sapore. Che tu cucini per poche persone o per un grande servizio, il risultato rimane costante.   <\/p>\n<p data-start=\"946\" data-end=\"1294\">Grazie al suo <strong data-start=\"958\" data-end=\"973\">formato da 1 kg<\/strong>, questo condimento \u00e8 perfetto per i professionisti della ristorazione, catering, collettivit\u00e0 o cucine centralizzate. Permette di gestire grandi volumi mantenendo un controllo perfetto del gusto. Inoltre, il <strong>dosaggio \u00e8 semplice<\/strong>, il che evita errori e garantisce una regolarit\u00e0 apprezzata dai clienti.  <\/p>\n<p data-start=\"1296\" data-end=\"1593\">Inoltre, questa miscela non si limita al couscous. Puoi usarla anche per insaporire verdure arrostite, salse, piatti in umido o persino marinate. \u00c8 un vero alleato quotidiano, capace di adattarsi a diverse ricette apportando un tocco orientale goloso.  <\/p>\n<p data-start=\"1595\" data-end=\"1731\">In sintesi, questo <strong>condimento couscous<\/strong> \u00e8 un indispensabile per chi vuole cucinare in modo efficace, con gusto e senza complicazioni.<\/p>\n<p><!--more--><\/p>\n<div style=\"box-sizing: inherit; font-family: Roboto, sans-serif;\">\n<h4>Vantaggi:<\/h4>\n<ul>\n<li data-start=\"1759\" data-end=\"1794\">Sapore equilibrato e autentico.<\/li>\n<li data-start=\"1797\" data-end=\"1828\">Facile da dosare e usare.<\/li>\n<li data-start=\"1831\" data-end=\"1881\">Ideale per couscous, brodi e piatti in umido.<\/li>\n<li data-start=\"1884\" data-end=\"1912\">Formato economico da<strong> 1 kg<\/strong>.<\/li>\n<li data-start=\"1915\" data-end=\"1959\">Adatto per uso professionale o intensivo.<\/li>\n<\/ul>\n<p>&nbsp;<\/p>\n<\/div>\n<p><!--more--><\/p>\n<div style=\"box-sizing: inherit; font-family: Roboto, sans-serif;\">\n<h4>Altre informazioni:<\/h4>\n<ul>\n<li><strong>Confezionamento<\/strong>: Pacchetto da 1 kg<\/li>\n<\/ul>\n<\/div>\n<div style=\"box-sizing: inherit; font-family: Roboto, sans-serif;\">\n<p>&nbsp;<\/p>\n<\/div>\n<p><!--more--><\/p>\n<div style=\"box-sizing: inherit; font-family: Roboto, sans-serif;\">\n<p><a href=\"https:\/\/www.csj-emballages.com\/it\/categorie-produit\/alimentari\/spezie\/spezie-composte\/piatti-pronti\/\">Consulta il resto della nostra gamma di condimenti per piatti<\/a><\/p>\n<\/div>\n","protected":false},"excerpt":{"rendered":"<p><strong><span style=\"color: #ff0000;\">Data di scadenza 04\/2026<\/span><\/strong><\/p>\n","protected":false},"featured_media":267217,"template":"","meta":{"_acf_changed":false},"product_brand":[],"product_cat":[10445,10446,10447,10450,10453],"product_tag":[],"class_list":{"0":"post-267215","1":"product","2":"type-product","3":"status-publish","4":"has-post-thumbnail","6":"product_cat-alimentari","7":"product_cat-spezie","8":"product_cat-spezie-composte","9":"product_cat-piatti-pronti","10":"product_cat-svuota-magazzino","12":"first","13":"instock","14":"sale","15":"taxable","16":"shipping-taxable","17":"purchasable","18":"product-type-simple"},"acf":[],"yoast_head":"<!-- This site is optimized with the Yoast SEO Premium plugin v26.6 (Yoast SEO v26.6) - https:\/\/yoast.com\/wordpress\/plugins\/seo\/ -->\n<title>Condimento Couscous 1 kg<\/title>\n<meta name=\"description\" content=\"Condimento couscous 1 kg dal gusto equilibrato. Ideale per insaporire brodi, carni e verdure. Formato professionale, facile da dosare e versatile.\" \/>\n<meta name=\"robots\" content=\"index, follow, max-snippet:-1, max-image-preview:large, max-video-preview:-1\" \/>\n<link rel=\"canonical\" href=\"https:\/\/www.csj-emballages.com\/it\/produit\/condimento-couscous-1-kg\/\" \/>\n<meta property=\"og:locale\" content=\"it_IT\" \/>\n<meta property=\"og:type\" content=\"article\" \/>\n<meta property=\"og:title\" content=\"Condimento couscous 1 kg\" \/>\n<meta property=\"og:description\" content=\"Condimento couscous 1 kg dal gusto equilibrato. Ideale per insaporire brodi, carni e verdure. Formato professionale, facile da dosare e versatile.\" \/>\n<meta property=\"og:url\" content=\"https:\/\/www.csj-emballages.com\/it\/produit\/condimento-couscous-1-kg\/\" \/>\n<meta property=\"og:site_name\" content=\"CSJ Emballages\" \/>\n<meta property=\"article:publisher\" content=\"https:\/\/www.facebook.com\/csjemballages\" \/>\n<meta property=\"article:modified_time\" content=\"2026-03-24T01:10:21+00:00\" \/>\n<meta property=\"og:image\" content=\"https:\/\/www.csj-emballages.com\/wp-content\/uploads\/2024\/03\/Assaisonnement-couscous.webp\" \/>\n\t<meta property=\"og:image:width\" content=\"800\" \/>\n\t<meta property=\"og:image:height\" content=\"800\" \/>\n\t<meta property=\"og:image:type\" content=\"image\/webp\" \/>\n<meta name=\"twitter:card\" content=\"summary_large_image\" \/>\n<meta name=\"twitter:label1\" content=\"Dur\u00e9e de lecture estim\u00e9e\" \/>\n\t<meta name=\"twitter:data1\" content=\"1 minuto\" \/>\n<script type=\"application\/ld+json\" class=\"yoast-schema-graph\">{\"@context\":\"https:\/\/schema.org\",\"@graph\":[{\"@type\":\"WebPage\",\"@id\":\"https:\/\/www.csj-emballages.com\/it\/produit\/condimento-couscous-1-kg\/\",\"url\":\"https:\/\/www.csj-emballages.com\/it\/produit\/condimento-couscous-1-kg\/\",\"name\":\"Condimento Couscous 1 kg\",\"isPartOf\":{\"@id\":\"https:\/\/www.csj-emballages.com\/it\/#website\"},\"primaryImageOfPage\":{\"@id\":\"https:\/\/www.csj-emballages.com\/it\/produit\/condimento-couscous-1-kg\/#primaryimage\"},\"image\":{\"@id\":\"https:\/\/www.csj-emballages.com\/it\/produit\/condimento-couscous-1-kg\/#primaryimage\"},\"thumbnailUrl\":\"https:\/\/www.csj-emballages.com\/wp-content\/uploads\/2024\/03\/Assaisonnement-couscous.webp\",\"datePublished\":\"2024-03-01T15:59:39+00:00\",\"dateModified\":\"2026-03-24T01:10:21+00:00\",\"description\":\"Condimento couscous 1 kg dal gusto equilibrato. Ideale per insaporire brodi, carni e verdure. Formato professionale, facile da dosare e versatile.\",\"breadcrumb\":{\"@id\":\"https:\/\/www.csj-emballages.com\/it\/produit\/condimento-couscous-1-kg\/#breadcrumb\"},\"inLanguage\":\"it-IT\",\"potentialAction\":[{\"@type\":\"ReadAction\",\"target\":[\"https:\/\/www.csj-emballages.com\/it\/produit\/condimento-couscous-1-kg\/\"]}]},{\"@type\":\"ImageObject\",\"inLanguage\":\"it-IT\",\"@id\":\"https:\/\/www.csj-emballages.com\/it\/produit\/condimento-couscous-1-kg\/#primaryimage\",\"url\":\"https:\/\/www.csj-emballages.com\/wp-content\/uploads\/2024\/03\/Assaisonnement-couscous.webp\",\"contentUrl\":\"https:\/\/www.csj-emballages.com\/wp-content\/uploads\/2024\/03\/Assaisonnement-couscous.webp\",\"width\":800,\"height\":800,\"caption\":\"Assaisonnement couscous\"},{\"@type\":\"BreadcrumbList\",\"@id\":\"https:\/\/www.csj-emballages.com\/it\/produit\/condimento-couscous-1-kg\/#breadcrumb\",\"itemListElement\":[{\"@type\":\"ListItem\",\"position\":1,\"name\":\"Home\",\"item\":\"https:\/\/www.csj-emballages.com\/it\/universo-imballaggi-alimentari\/\"},{\"@type\":\"ListItem\",\"position\":2,\"name\":\"Negozio\",\"item\":\"https:\/\/www.csj-emballages.com\/it\/negozio\/\"},{\"@type\":\"ListItem\",\"position\":3,\"name\":\"Condimento couscous 1 kg\"}]},{\"@type\":\"WebSite\",\"@id\":\"https:\/\/www.csj-emballages.com\/it\/#website\",\"url\":\"https:\/\/www.csj-emballages.com\/it\/\",\"name\":\"CSJ Emballages\",\"description\":\"\",\"publisher\":{\"@id\":\"https:\/\/www.csj-emballages.com\/it\/#organization\"},\"potentialAction\":[{\"@type\":\"SearchAction\",\"target\":{\"@type\":\"EntryPoint\",\"urlTemplate\":\"https:\/\/www.csj-emballages.com\/it\/?s={search_term_string}\"},\"query-input\":{\"@type\":\"PropertyValueSpecification\",\"valueRequired\":true,\"valueName\":\"search_term_string\"}}],\"inLanguage\":\"it-IT\"},{\"@type\":\"Organization\",\"@id\":\"https:\/\/www.csj-emballages.com\/it\/#Organization\/\",\"name\":\"CSJ Emballages\",\"url\":\"https:\/\/www.csj-emballages.com\/it\/\",\"logo\":{\"@type\":\"ImageObject\",\"inLanguage\":\"it-IT\",\"@id\":\"https:\/\/www.csj-emballages.com\/it\/#\/schema\/logo\/image\/\",\"url\":\"https:\/\/www.csj-emballages.com\/wp-content\/uploads\/2023\/10\/logo_csj.webp\",\"contentUrl\":\"https:\/\/www.csj-emballages.com\/wp-content\/uploads\/2023\/10\/logo_csj.webp\",\"width\":250,\"height\":95,\"caption\":\"CSJ Emballages\"},\"image\":{\"@id\":\"https:\/\/www.csj-emballages.com\/it\/#\/schema\/logo\/image\/\"},\"sameAs\":[\"https:\/\/www.facebook.com\/csjemballages\"],\"address\":{\"@type\":\"PostalAddress\",\"streetAddress\":\"ZI La Lechere\",\"addressLocality\":\"Patornay\",\"postalCode\":\"39130\",\"addressCountry\":\"FR\"},\"contactPoint\":[{\"@type\":\"ContactPoint\",\"contactType\":\"Service client\",\"telephone\":\"0384254272\",\"email\":\"contact@csj-emballages.com\"}]}]}<\/script>\n<!-- \/ Yoast SEO Premium plugin. -->","yoast_head_json":{"title":"Condimento Couscous 1 kg","description":"Condimento couscous 1 kg dal gusto equilibrato. Ideale per insaporire brodi, carni e verdure. Formato professionale, facile da dosare e versatile.","robots":{"index":"index","follow":"follow","max-snippet":"max-snippet:-1","max-image-preview":"max-image-preview:large","max-video-preview":"max-video-preview:-1"},"canonical":"https:\/\/www.csj-emballages.com\/it\/produit\/condimento-couscous-1-kg\/","og_locale":"it_IT","og_type":"article","og_title":"Condimento couscous 1 kg","og_description":"Condimento couscous 1 kg dal gusto equilibrato. Ideale per insaporire brodi, carni e verdure. Formato professionale, facile da dosare e versatile.","og_url":"https:\/\/www.csj-emballages.com\/it\/produit\/condimento-couscous-1-kg\/","og_site_name":"CSJ Emballages","article_publisher":"https:\/\/www.facebook.com\/csjemballages","article_modified_time":"2026-03-24T01:10:21+00:00","og_image":[{"width":800,"height":800,"url":"https:\/\/www.csj-emballages.com\/wp-content\/uploads\/2024\/03\/Assaisonnement-couscous.webp","type":"image\/webp"}],"twitter_card":"summary_large_image","twitter_misc":{"Dur\u00e9e de lecture estim\u00e9e":"1 minuto"},"schema":{"@context":"https:\/\/schema.org","@graph":[{"@type":"WebPage","@id":"https:\/\/www.csj-emballages.com\/it\/produit\/condimento-couscous-1-kg\/","url":"https:\/\/www.csj-emballages.com\/it\/produit\/condimento-couscous-1-kg\/","name":"Condimento Couscous 1 kg","isPartOf":{"@id":"https:\/\/www.csj-emballages.com\/it\/#website"},"primaryImageOfPage":{"@id":"https:\/\/www.csj-emballages.com\/it\/produit\/condimento-couscous-1-kg\/#primaryimage"},"image":{"@id":"https:\/\/www.csj-emballages.com\/it\/produit\/condimento-couscous-1-kg\/#primaryimage"},"thumbnailUrl":"https:\/\/www.csj-emballages.com\/wp-content\/uploads\/2024\/03\/Assaisonnement-couscous.webp","datePublished":"2024-03-01T15:59:39+00:00","dateModified":"2026-03-24T01:10:21+00:00","description":"Condimento couscous 1 kg dal gusto equilibrato. Ideale per insaporire brodi, carni e verdure. Formato professionale, facile da dosare e versatile.","breadcrumb":{"@id":"https:\/\/www.csj-emballages.com\/it\/produit\/condimento-couscous-1-kg\/#breadcrumb"},"inLanguage":"it-IT","potentialAction":[{"@type":"ReadAction","target":["https:\/\/www.csj-emballages.com\/it\/produit\/condimento-couscous-1-kg\/"]}]},{"@type":"ImageObject","inLanguage":"it-IT","@id":"https:\/\/www.csj-emballages.com\/it\/produit\/condimento-couscous-1-kg\/#primaryimage","url":"https:\/\/www.csj-emballages.com\/wp-content\/uploads\/2024\/03\/Assaisonnement-couscous.webp","contentUrl":"https:\/\/www.csj-emballages.com\/wp-content\/uploads\/2024\/03\/Assaisonnement-couscous.webp","width":800,"height":800,"caption":"Assaisonnement couscous"},{"@type":"BreadcrumbList","@id":"https:\/\/www.csj-emballages.com\/it\/produit\/condimento-couscous-1-kg\/#breadcrumb","itemListElement":[{"@type":"ListItem","position":1,"name":"Home","item":"https:\/\/www.csj-emballages.com\/it\/universo-imballaggi-alimentari\/"},{"@type":"ListItem","position":2,"name":"Negozio","item":"https:\/\/www.csj-emballages.com\/it\/negozio\/"},{"@type":"ListItem","position":3,"name":"Condimento couscous 1 kg"}]},{"@type":"WebSite","@id":"https:\/\/www.csj-emballages.com\/it\/#website","url":"https:\/\/www.csj-emballages.com\/it\/","name":"CSJ Emballages","description":"","publisher":{"@id":"https:\/\/www.csj-emballages.com\/it\/#organization"},"potentialAction":[{"@type":"SearchAction","target":{"@type":"EntryPoint","urlTemplate":"https:\/\/www.csj-emballages.com\/it\/?s={search_term_string}"},"query-input":{"@type":"PropertyValueSpecification","valueRequired":true,"valueName":"search_term_string"}}],"inLanguage":"it-IT"},{"@type":"Organization","@id":"https:\/\/www.csj-emballages.com\/it\/#Organization\/","name":"CSJ Emballages","url":"https:\/\/www.csj-emballages.com\/it\/","logo":{"@type":"ImageObject","inLanguage":"it-IT","@id":"https:\/\/www.csj-emballages.com\/it\/#\/schema\/logo\/image\/","url":"https:\/\/www.csj-emballages.com\/wp-content\/uploads\/2023\/10\/logo_csj.webp","contentUrl":"https:\/\/www.csj-emballages.com\/wp-content\/uploads\/2023\/10\/logo_csj.webp","width":250,"height":95,"caption":"CSJ Emballages"},"image":{"@id":"https:\/\/www.csj-emballages.com\/it\/#\/schema\/logo\/image\/"},"sameAs":["https:\/\/www.facebook.com\/csjemballages"],"address":{"@type":"PostalAddress","streetAddress":"ZI La Lechere","addressLocality":"Patornay","postalCode":"39130","addressCountry":"FR"},"contactPoint":[{"@type":"ContactPoint","contactType":"Service client","telephone":"0384254272","email":"contact@csj-emballages.com"}]}]}},"df_price":7.75,"df_sale_price":7.75,"df_regular_price":9.7,"df_image_link":"https:\/\/www.csj-emballages.com\/wp-content\/uploads\/2024\/03\/Assaisonnement-couscous-300x300.webp","tiered_pricing_type":"fixed","tiered_pricing_fixed_rules":[],"tiered_pricing_percentage_rules":[],"tiered_pricing_minimum":1,"tiered_pricing_roles_data":[],"_links":{"self":[{"href":"https:\/\/www.csj-emballages.com\/it\/wp-json\/wp\/v2\/product\/267215","targetHints":{"allow":["GET"]}}],"collection":[{"href":"https:\/\/www.csj-emballages.com\/it\/wp-json\/wp\/v2\/product"}],"about":[{"href":"https:\/\/www.csj-emballages.com\/it\/wp-json\/wp\/v2\/types\/product"}],"wp:featuredmedia":[{"embeddable":true,"href":"https:\/\/www.csj-emballages.com\/it\/wp-json\/wp\/v2\/media\/267217"}],"wp:attachment":[{"href":"https:\/\/www.csj-emballages.com\/it\/wp-json\/wp\/v2\/media?parent=267215"}],"wp:term":[{"taxonomy":"product_brand","embeddable":true,"href":"https:\/\/www.csj-emballages.com\/it\/wp-json\/wp\/v2\/product_brand?post=267215"},{"taxonomy":"product_cat","embeddable":true,"href":"https:\/\/www.csj-emballages.com\/it\/wp-json\/wp\/v2\/product_cat?post=267215"},{"taxonomy":"product_tag","embeddable":true,"href":"https:\/\/www.csj-emballages.com\/it\/wp-json\/wp\/v2\/product_tag?post=267215"}],"curies":[{"name":"wp","href":"https:\/\/api.w.org\/{rel}","templated":true}]}}