{"id":267206,"date":"2024-03-01T16:59:39","date_gmt":"2024-03-01T15:59:39","guid":{"rendered":"https:\/\/www.csj-emballages.com\/produit\/spezie-per-salsiccia-fresca-senza-glutine-senza-lattosio-da-5-kg\/"},"modified":"2026-03-13T02:10:19","modified_gmt":"2026-03-13T01:10:19","slug":"spezie-per-salsiccia-fresca-senza-glutine-senza-lattosio-da-5-kg","status":"publish","type":"product","link":"https:\/\/www.csj-emballages.com\/it\/produit\/spezie-per-salsiccia-fresca-senza-glutine-senza-lattosio-da-5-kg\/","title":{"rendered":"Spezie per salsiccia fresca senza glutine \/ senza lattosio da 5 kg"},"content":{"rendered":"<h2 class=\"p1\">Spezie per salsiccia senza glutine \/ senza lattosio<\/h2>\n<hr>\n<h3>Descrizione delle nostre spezie per salsiccia fresca senza glutine \/ senza lattosio<span class=\"Apple-converted-space\"> <\/span>da 5 kg<\/h3>\n<p><!--more--><\/p>\n<p data-start=\"307\" data-end=\"657\">Che tu sia un artigiano macellaio, un salumiere-gastronomo o semplicemente un appassionato di <strong>salsicce<\/strong> fatte in casa, questa <strong>miscela di spezie<\/strong> <strong>per salsiccia fresca senza glutine \/ senza lattosio da 5 kg<\/strong> \u00e8 stata pensata per te. Pronta all&#8217;uso, \u00e8 stata formulata con cura per esaltare le tue <strong>salsicce fresche<\/strong> rispettando le esigenze moderne: <strong data-start=\"599\" data-end=\"628\">senza glutine, senza lattosio<\/strong>, senza compromessi sul gusto. <\/p>\n<p data-start=\"659\" data-end=\"997\">In questo <strong>secchiello<\/strong> <strong>da 5 kg<\/strong> troverai una <strong data-start=\"699\" data-end=\"732\">miscela equilibrata e decisa<\/strong>, che unisce i sapori classici della salumeria tradizionale a un tocco di autenticit\u00e0. Il dosaggio \u00e8 semplice, costante e ti assicura una produzione regolare con una bella colorazione naturale, un sapore marcato e una consistenza piacevole al palato. <\/p>\n<p data-start=\"999\" data-end=\"1254\">Questa miscela si adatta sia alle ricette classiche che alle creazioni pi\u00f9 originali. Il formato generoso \u00e8 ideale per produzioni in serie o preparazioni per eventi. \u00c8 perfettamente solubile nella carne e non lascia residui.  <\/p>\n<p data-start=\"1256\" data-end=\"1418\">Un risparmio di tempo, una maggiore sicurezza alimentare e, soprattutto, un vero piacere gustativo per i tuoi clienti, compresi i pi\u00f9 sensibili agli <strong>allergeni<\/strong>!<\/p>\n<p data-start=\"1249\" data-end=\"1546\"><!--more--><\/p>\n<p data-start=\"1249\" data-end=\"1546\"><span style=\"font-weight: bold;\">Dosaggio:<\/span> 33 g per kg di impasto di carne<\/p>\n<p><!--more--><\/p>\n<div style=\"font-family: Roboto, sans-serif;\">\n<p><span style=\"color: #c79600; font-weight: bold;\">Composizione:<\/span> Sale \/ zuccheri (sciroppo di glucosio, destrosio, saccarosio) \/ acetato di sodio E-262 (8,45% espresso in acido lattico) \/ spezie \/ acido citrico E-330 (6%) \/ Aroma \/ ascorbato di sodio<\/p>\n<\/div>\n<p>&nbsp;<\/p>\n<p><!--more--><\/p>\n<p><strong><span style=\"color: #ff0000;\">Data superata (TMC) 04\/2025<\/span><\/strong><\/p>\n<p>&nbsp;<\/p>\n<p><!--more--><\/p>\n<div style=\"font-family: Roboto, sans-serif;\">\n<h4>Vantaggi:<\/h4>\n<ul>\n<li><strong>Senza glutine, senza lattosio<\/strong>: ideale per clienti con regimi alimentari specifici.<\/li>\n<li><strong>Pronto all&#8217;uso<\/strong>: risparmio di tempo ogni giorno.<\/li>\n<li><strong>Sapori equilibrati<\/strong>: gusto autentico garantito.<\/li>\n<li>Facile da usare e da dosare.<\/li>\n<li><strong>Formato economico<\/strong>: secchiello da 5 kg per produzione intensiva.<\/li>\n<\/ul>\n<p>&nbsp;<\/p>\n<\/div>\n<p><!--more--><\/p>\n<div style=\"font-family: Roboto, sans-serif;\">\n<h4>Altre informazioni:<\/h4>\n<ul>\n<li><strong>Confezionamento<\/strong>: Secchiello da 5 kg<\/li>\n<li><strong>Tipo<\/strong>: Salsicce fresche senza glutine \/ senza lattosio<\/li>\n<\/ul>\n<p>&nbsp;<\/p>\n<\/div>\n<p><!--more--><\/p>\n<h4>Scopri qui tutte le nostre spezie per salsiccia:<\/h4>\n<ul>\n<li><span style=\"color: #d12727;\"><a style=\"color: #d12727;\" href=\"https:\/\/www.csj-emballages.com\/it\/produit\/spezie-per-salsiccia-di-carne-alle-erbe-in-5-kg\/\">Spezie per salsiccia a pasta bianca alle erbe<\/a><\/span><\/li>\n<li><span style=\"color: #d12727;\"><a style=\"color: #d12727;\" href=\"https:\/\/www.csj-emballages.com\/produit\/epices-saucisse-fraiche-campagnarde-sans-gluten-5-kg\/\">Spezie per salsiccia campagnola (senza glutine)<\/a><\/span><\/li>\n<li><span style=\"color: #d12727;\"><a style=\"color: #d12727;\" href=\"https:\/\/www.csj-emballages.com\/it\/produit\/spezie-per-salsiccia-al-peperoncino-despelette-da-2-kg\/\">Spezie per salsiccia al peperoncino d&#8217;Espelette<\/a><\/span><\/li>\n<li><span style=\"color: #d12727;\"><a style=\"color: #d12727;\" href=\"https:\/\/www.csj-emballages.com\/produit\/epices-saucisse-francfort-2-kg\/\">Spezie per salsiccia di Strasburgo<\/a><\/span><\/li>\n<li><span style=\"color: #d12727;\"><a style=\"color: #d12727;\" href=\"https:\/\/www.csj-emballages.com\/it\/produit\/spezie-salsiccia-al-blu-5-kg\/\">Spezie per salsiccia al formaggio blu<\/a><\/span><\/li>\n<\/ul>\n<div style=\"font-family: Roboto, sans-serif;\">\n<p>&nbsp;<\/p>\n<\/div>\n<p><!--more--><\/p>\n<div style=\"font-family: Roboto, sans-serif;\">\n<p><a href=\"https:\/\/www.csj-emballages.com\/it\/categorie-produit\/alimentari\/spezie\/spezie-composte\/merguez-salsicce-chorizo\/\">Consulta il resto della nostra gamma di spezie per salsicce \/ merguez \/ chorizo<\/a><\/p>\n<\/div>\n","protected":false},"excerpt":{"rendered":"<p>Spezie per salsiccia senza glutine \/ senza lattosio Descrizione delle nostre spezie per salsiccia fresca senza glutine \/ senza lattosio da 5 kg<\/p>\n","protected":false},"featured_media":267209,"template":"","meta":{"_acf_changed":false},"product_brand":[],"product_cat":[10346,10452,10445,10446,10447,10449],"product_tag":[],"class_list":{"0":"post-267206","1":"product","2":"type-product","3":"status-publish","4":"has-post-thumbnail","6":"product_cat-imballaggi-alimentari","7":"product_cat-anti-spreco","8":"product_cat-alimentari","9":"product_cat-spezie","10":"product_cat-spezie-composte","11":"product_cat-merguez-salsicce-chorizo","13":"first","14":"instock","15":"sale","16":"taxable","17":"shipping-taxable","18":"purchasable","19":"product-type-simple"},"acf":[],"yoast_head":"<!-- This site is optimized with the Yoast SEO Premium plugin v26.6 (Yoast SEO v26.6) - https:\/\/yoast.com\/wordpress\/plugins\/seo\/ -->\n<title>Spezie per Salsiccia senza Glutine \/ senza Lattosio Fresca da 5 kg<\/title>\n<meta name=\"description\" content=\"Spezie per salsiccia fresca senza glutine \/ senza lattosio \u2013 secchiello da 5 kg. Miscela pronta all&#039;uso dal gusto autentico, ideale per professionisti e appassionati di salumeria.\" \/>\n<meta name=\"robots\" content=\"index, follow, max-snippet:-1, max-image-preview:large, max-video-preview:-1\" \/>\n<link rel=\"canonical\" href=\"https:\/\/www.csj-emballages.com\/it\/produit\/spezie-per-salsiccia-fresca-senza-glutine-senza-lattosio-da-5-kg\/\" \/>\n<meta property=\"og:locale\" content=\"it_IT\" \/>\n<meta property=\"og:type\" content=\"article\" \/>\n<meta property=\"og:title\" content=\"Spezie per salsiccia fresca senza glutine \/ senza lattosio da 5 kg\" \/>\n<meta property=\"og:description\" content=\"Spezie per salsiccia fresca senza glutine \/ senza lattosio \u2013 secchiello da 5 kg. Miscela pronta all&#039;uso dal gusto autentico, ideale per professionisti e appassionati di salumeria.\" \/>\n<meta property=\"og:url\" content=\"https:\/\/www.csj-emballages.com\/it\/produit\/spezie-per-salsiccia-fresca-senza-glutine-senza-lattosio-da-5-kg\/\" \/>\n<meta property=\"og:site_name\" content=\"CSJ Emballages\" \/>\n<meta property=\"article:publisher\" content=\"https:\/\/www.facebook.com\/csjemballages\" \/>\n<meta property=\"article:modified_time\" content=\"2026-03-13T01:10:19+00:00\" \/>\n<meta property=\"og:image\" content=\"https:\/\/www.csj-emballages.com\/wp-content\/uploads\/2024\/03\/Epices-saucisse-sans-gluten-sans-lactose.webp\" \/>\n\t<meta property=\"og:image:width\" content=\"800\" \/>\n\t<meta property=\"og:image:height\" content=\"800\" \/>\n\t<meta property=\"og:image:type\" content=\"image\/webp\" \/>\n<meta name=\"twitter:card\" content=\"summary_large_image\" \/>\n<meta name=\"twitter:label1\" content=\"Dur\u00e9e de lecture estim\u00e9e\" \/>\n\t<meta name=\"twitter:data1\" content=\"2 minuti\" \/>\n<script type=\"application\/ld+json\" class=\"yoast-schema-graph\">{\"@context\":\"https:\/\/schema.org\",\"@graph\":[{\"@type\":\"WebPage\",\"@id\":\"https:\/\/www.csj-emballages.com\/it\/produit\/spezie-per-salsiccia-fresca-senza-glutine-senza-lattosio-da-5-kg\/\",\"url\":\"https:\/\/www.csj-emballages.com\/it\/produit\/spezie-per-salsiccia-fresca-senza-glutine-senza-lattosio-da-5-kg\/\",\"name\":\"Spezie per Salsiccia senza Glutine \/ senza Lattosio Fresca da 5 kg\",\"isPartOf\":{\"@id\":\"https:\/\/www.csj-emballages.com\/it\/#website\"},\"primaryImageOfPage\":{\"@id\":\"https:\/\/www.csj-emballages.com\/it\/produit\/spezie-per-salsiccia-fresca-senza-glutine-senza-lattosio-da-5-kg\/#primaryimage\"},\"image\":{\"@id\":\"https:\/\/www.csj-emballages.com\/it\/produit\/spezie-per-salsiccia-fresca-senza-glutine-senza-lattosio-da-5-kg\/#primaryimage\"},\"thumbnailUrl\":\"https:\/\/www.csj-emballages.com\/wp-content\/uploads\/2024\/03\/Epices-saucisse-sans-gluten-sans-lactose.webp\",\"datePublished\":\"2024-03-01T15:59:39+00:00\",\"dateModified\":\"2026-03-13T01:10:19+00:00\",\"description\":\"Spezie per salsiccia fresca senza glutine \/ senza lattosio \u2013 secchiello da 5 kg. Miscela pronta all'uso dal gusto autentico, ideale per professionisti e appassionati di salumeria.\",\"breadcrumb\":{\"@id\":\"https:\/\/www.csj-emballages.com\/it\/produit\/spezie-per-salsiccia-fresca-senza-glutine-senza-lattosio-da-5-kg\/#breadcrumb\"},\"inLanguage\":\"it-IT\",\"potentialAction\":[{\"@type\":\"ReadAction\",\"target\":[\"https:\/\/www.csj-emballages.com\/it\/produit\/spezie-per-salsiccia-fresca-senza-glutine-senza-lattosio-da-5-kg\/\"]}]},{\"@type\":\"ImageObject\",\"inLanguage\":\"it-IT\",\"@id\":\"https:\/\/www.csj-emballages.com\/it\/produit\/spezie-per-salsiccia-fresca-senza-glutine-senza-lattosio-da-5-kg\/#primaryimage\",\"url\":\"https:\/\/www.csj-emballages.com\/wp-content\/uploads\/2024\/03\/Epices-saucisse-sans-gluten-sans-lactose.webp\",\"contentUrl\":\"https:\/\/www.csj-emballages.com\/wp-content\/uploads\/2024\/03\/Epices-saucisse-sans-gluten-sans-lactose.webp\",\"width\":800,\"height\":800,\"caption\":\"\u00c9pices saucisse sans gluten \/ sans lactose\u00a0\"},{\"@type\":\"BreadcrumbList\",\"@id\":\"https:\/\/www.csj-emballages.com\/it\/produit\/spezie-per-salsiccia-fresca-senza-glutine-senza-lattosio-da-5-kg\/#breadcrumb\",\"itemListElement\":[{\"@type\":\"ListItem\",\"position\":1,\"name\":\"Home\",\"item\":\"https:\/\/www.csj-emballages.com\/it\/universo-imballaggi-alimentari\/\"},{\"@type\":\"ListItem\",\"position\":2,\"name\":\"Negozio\",\"item\":\"https:\/\/www.csj-emballages.com\/it\/negozio\/\"},{\"@type\":\"ListItem\",\"position\":3,\"name\":\"Spezie per salsiccia fresca senza glutine \/ senza lattosio da 5 kg\"}]},{\"@type\":\"WebSite\",\"@id\":\"https:\/\/www.csj-emballages.com\/it\/#website\",\"url\":\"https:\/\/www.csj-emballages.com\/it\/\",\"name\":\"CSJ Emballages\",\"description\":\"\",\"publisher\":{\"@id\":\"https:\/\/www.csj-emballages.com\/it\/#organization\"},\"potentialAction\":[{\"@type\":\"SearchAction\",\"target\":{\"@type\":\"EntryPoint\",\"urlTemplate\":\"https:\/\/www.csj-emballages.com\/it\/?s={search_term_string}\"},\"query-input\":{\"@type\":\"PropertyValueSpecification\",\"valueRequired\":true,\"valueName\":\"search_term_string\"}}],\"inLanguage\":\"it-IT\"},{\"@type\":\"Organization\",\"@id\":\"https:\/\/www.csj-emballages.com\/it\/#Organization\/\",\"name\":\"CSJ Emballages\",\"url\":\"https:\/\/www.csj-emballages.com\/it\/\",\"logo\":{\"@type\":\"ImageObject\",\"inLanguage\":\"it-IT\",\"@id\":\"https:\/\/www.csj-emballages.com\/it\/#\/schema\/logo\/image\/\",\"url\":\"https:\/\/www.csj-emballages.com\/wp-content\/uploads\/2023\/10\/logo_csj.webp\",\"contentUrl\":\"https:\/\/www.csj-emballages.com\/wp-content\/uploads\/2023\/10\/logo_csj.webp\",\"width\":250,\"height\":95,\"caption\":\"CSJ Emballages\"},\"image\":{\"@id\":\"https:\/\/www.csj-emballages.com\/it\/#\/schema\/logo\/image\/\"},\"sameAs\":[\"https:\/\/www.facebook.com\/csjemballages\"],\"address\":{\"@type\":\"PostalAddress\",\"streetAddress\":\"ZI La Lechere\",\"addressLocality\":\"Patornay\",\"postalCode\":\"39130\",\"addressCountry\":\"FR\"},\"contactPoint\":[{\"@type\":\"ContactPoint\",\"contactType\":\"Service client\",\"telephone\":\"0384254272\",\"email\":\"contact@csj-emballages.com\"}]}]}<\/script>\n<!-- \/ Yoast SEO Premium plugin. -->","yoast_head_json":{"title":"Spezie per Salsiccia senza Glutine \/ senza Lattosio Fresca da 5 kg","description":"Spezie per salsiccia fresca senza glutine \/ senza lattosio \u2013 secchiello da 5 kg. Miscela pronta all'uso dal gusto autentico, ideale per professionisti e appassionati di salumeria.","robots":{"index":"index","follow":"follow","max-snippet":"max-snippet:-1","max-image-preview":"max-image-preview:large","max-video-preview":"max-video-preview:-1"},"canonical":"https:\/\/www.csj-emballages.com\/it\/produit\/spezie-per-salsiccia-fresca-senza-glutine-senza-lattosio-da-5-kg\/","og_locale":"it_IT","og_type":"article","og_title":"Spezie per salsiccia fresca senza glutine \/ senza lattosio da 5 kg","og_description":"Spezie per salsiccia fresca senza glutine \/ senza lattosio \u2013 secchiello da 5 kg. Miscela pronta all'uso dal gusto autentico, ideale per professionisti e appassionati di salumeria.","og_url":"https:\/\/www.csj-emballages.com\/it\/produit\/spezie-per-salsiccia-fresca-senza-glutine-senza-lattosio-da-5-kg\/","og_site_name":"CSJ Emballages","article_publisher":"https:\/\/www.facebook.com\/csjemballages","article_modified_time":"2026-03-13T01:10:19+00:00","og_image":[{"width":800,"height":800,"url":"https:\/\/www.csj-emballages.com\/wp-content\/uploads\/2024\/03\/Epices-saucisse-sans-gluten-sans-lactose.webp","type":"image\/webp"}],"twitter_card":"summary_large_image","twitter_misc":{"Dur\u00e9e de lecture estim\u00e9e":"2 minuti"},"schema":{"@context":"https:\/\/schema.org","@graph":[{"@type":"WebPage","@id":"https:\/\/www.csj-emballages.com\/it\/produit\/spezie-per-salsiccia-fresca-senza-glutine-senza-lattosio-da-5-kg\/","url":"https:\/\/www.csj-emballages.com\/it\/produit\/spezie-per-salsiccia-fresca-senza-glutine-senza-lattosio-da-5-kg\/","name":"Spezie per Salsiccia senza Glutine \/ senza Lattosio Fresca da 5 kg","isPartOf":{"@id":"https:\/\/www.csj-emballages.com\/it\/#website"},"primaryImageOfPage":{"@id":"https:\/\/www.csj-emballages.com\/it\/produit\/spezie-per-salsiccia-fresca-senza-glutine-senza-lattosio-da-5-kg\/#primaryimage"},"image":{"@id":"https:\/\/www.csj-emballages.com\/it\/produit\/spezie-per-salsiccia-fresca-senza-glutine-senza-lattosio-da-5-kg\/#primaryimage"},"thumbnailUrl":"https:\/\/www.csj-emballages.com\/wp-content\/uploads\/2024\/03\/Epices-saucisse-sans-gluten-sans-lactose.webp","datePublished":"2024-03-01T15:59:39+00:00","dateModified":"2026-03-13T01:10:19+00:00","description":"Spezie per salsiccia fresca senza glutine \/ senza lattosio \u2013 secchiello da 5 kg. Miscela pronta all'uso dal gusto autentico, ideale per professionisti e appassionati di salumeria.","breadcrumb":{"@id":"https:\/\/www.csj-emballages.com\/it\/produit\/spezie-per-salsiccia-fresca-senza-glutine-senza-lattosio-da-5-kg\/#breadcrumb"},"inLanguage":"it-IT","potentialAction":[{"@type":"ReadAction","target":["https:\/\/www.csj-emballages.com\/it\/produit\/spezie-per-salsiccia-fresca-senza-glutine-senza-lattosio-da-5-kg\/"]}]},{"@type":"ImageObject","inLanguage":"it-IT","@id":"https:\/\/www.csj-emballages.com\/it\/produit\/spezie-per-salsiccia-fresca-senza-glutine-senza-lattosio-da-5-kg\/#primaryimage","url":"https:\/\/www.csj-emballages.com\/wp-content\/uploads\/2024\/03\/Epices-saucisse-sans-gluten-sans-lactose.webp","contentUrl":"https:\/\/www.csj-emballages.com\/wp-content\/uploads\/2024\/03\/Epices-saucisse-sans-gluten-sans-lactose.webp","width":800,"height":800,"caption":"\u00c9pices saucisse sans gluten \/ sans lactose\u00a0"},{"@type":"BreadcrumbList","@id":"https:\/\/www.csj-emballages.com\/it\/produit\/spezie-per-salsiccia-fresca-senza-glutine-senza-lattosio-da-5-kg\/#breadcrumb","itemListElement":[{"@type":"ListItem","position":1,"name":"Home","item":"https:\/\/www.csj-emballages.com\/it\/universo-imballaggi-alimentari\/"},{"@type":"ListItem","position":2,"name":"Negozio","item":"https:\/\/www.csj-emballages.com\/it\/negozio\/"},{"@type":"ListItem","position":3,"name":"Spezie per salsiccia fresca senza glutine \/ senza lattosio da 5 kg"}]},{"@type":"WebSite","@id":"https:\/\/www.csj-emballages.com\/it\/#website","url":"https:\/\/www.csj-emballages.com\/it\/","name":"CSJ Emballages","description":"","publisher":{"@id":"https:\/\/www.csj-emballages.com\/it\/#organization"},"potentialAction":[{"@type":"SearchAction","target":{"@type":"EntryPoint","urlTemplate":"https:\/\/www.csj-emballages.com\/it\/?s={search_term_string}"},"query-input":{"@type":"PropertyValueSpecification","valueRequired":true,"valueName":"search_term_string"}}],"inLanguage":"it-IT"},{"@type":"Organization","@id":"https:\/\/www.csj-emballages.com\/it\/#Organization\/","name":"CSJ Emballages","url":"https:\/\/www.csj-emballages.com\/it\/","logo":{"@type":"ImageObject","inLanguage":"it-IT","@id":"https:\/\/www.csj-emballages.com\/it\/#\/schema\/logo\/image\/","url":"https:\/\/www.csj-emballages.com\/wp-content\/uploads\/2023\/10\/logo_csj.webp","contentUrl":"https:\/\/www.csj-emballages.com\/wp-content\/uploads\/2023\/10\/logo_csj.webp","width":250,"height":95,"caption":"CSJ Emballages"},"image":{"@id":"https:\/\/www.csj-emballages.com\/it\/#\/schema\/logo\/image\/"},"sameAs":["https:\/\/www.facebook.com\/csjemballages"],"address":{"@type":"PostalAddress","streetAddress":"ZI La Lechere","addressLocality":"Patornay","postalCode":"39130","addressCountry":"FR"},"contactPoint":[{"@type":"ContactPoint","contactType":"Service client","telephone":"0384254272","email":"contact@csj-emballages.com"}]}]}},"df_price":26.43,"df_sale_price":26.43,"df_regular_price":37.76,"df_image_link":"https:\/\/www.csj-emballages.com\/wp-content\/uploads\/2024\/03\/Epices-saucisse-sans-gluten-sans-lactose-300x300.webp","tiered_pricing_type":"fixed","tiered_pricing_fixed_rules":[],"tiered_pricing_percentage_rules":[],"tiered_pricing_minimum":1,"tiered_pricing_roles_data":[],"_links":{"self":[{"href":"https:\/\/www.csj-emballages.com\/it\/wp-json\/wp\/v2\/product\/267206","targetHints":{"allow":["GET"]}}],"collection":[{"href":"https:\/\/www.csj-emballages.com\/it\/wp-json\/wp\/v2\/product"}],"about":[{"href":"https:\/\/www.csj-emballages.com\/it\/wp-json\/wp\/v2\/types\/product"}],"wp:featuredmedia":[{"embeddable":true,"href":"https:\/\/www.csj-emballages.com\/it\/wp-json\/wp\/v2\/media\/267209"}],"wp:attachment":[{"href":"https:\/\/www.csj-emballages.com\/it\/wp-json\/wp\/v2\/media?parent=267206"}],"wp:term":[{"taxonomy":"product_brand","embeddable":true,"href":"https:\/\/www.csj-emballages.com\/it\/wp-json\/wp\/v2\/product_brand?post=267206"},{"taxonomy":"product_cat","embeddable":true,"href":"https:\/\/www.csj-emballages.com\/it\/wp-json\/wp\/v2\/product_cat?post=267206"},{"taxonomy":"product_tag","embeddable":true,"href":"https:\/\/www.csj-emballages.com\/it\/wp-json\/wp\/v2\/product_tag?post=267206"}],"curies":[{"name":"wp","href":"https:\/\/api.w.org\/{rel}","templated":true}]}}