{"id":267200,"date":"2024-03-01T16:59:38","date_gmt":"2024-03-01T15:59:38","guid":{"rendered":"https:\/\/www.csj-emballages.com\/produit\/spezie-per-chorizo-da-5-kg\/"},"modified":"2026-03-20T02:10:19","modified_gmt":"2026-03-20T01:10:19","slug":"spezie-per-chorizo-da-5-kg","status":"publish","type":"product","link":"https:\/\/www.csj-emballages.com\/it\/produit\/spezie-per-chorizo-da-5-kg\/","title":{"rendered":"Spezie per chorizo da 5 kg"},"content":{"rendered":"<h2>Spezie per chorizo<\/h2>\n<hr>\n<h3>Descrizione delle nostre spezie per chorizo da 5 kg<\/h3>\n<p><!--more--><\/p>\n<p class=\"\" data-start=\"141\" data-end=\"576\">Dai carattere alle tue preparazioni con il nostro <strong data-start=\"191\" data-end=\"219\">mix di spezie per chorizo<\/strong>, confezionato in un <strong data-start=\"236\" data-end=\"251\">secchiello da 5 kg<\/strong>, pensato appositamente per i professionisti della salumeria, i macellai artigianali, i gastronomie o i laboratori di trasformazione. Questo <strong>mix di spezie<\/strong> \u00e8 perfettamente bilanciato per riprodurre l&#8217;aroma tipico e il colore caldo del <strong>chorizo spagnolo<\/strong>: un gusto leggermente piccante, affumicato e incredibilmente goloso. Questo formato generoso \u00e8 ideale per un uso in produzione artigianale o semi-industriale. \u00c8 progettato per farti risparmiare tempo garantendo costanza di sapore e qualit\u00e0 nelle tue ricette.   <\/p>\n<p class=\"\" data-start=\"959\" data-end=\"1172\">Utilizzabile sia per preparazioni crude che cotte, si integra perfettamente nelle tue ricette di <strong>chorizo<\/strong> fresco, da cuocere, stagionato o anche in piatti pronti per aggiungere un tocco iberico saporito.<\/p>\n<p class=\"\" data-start=\"1174\" data-end=\"1421\">Questo <strong data-start=\"236\" data-end=\"251\">secchiello<\/strong><strong> da 5 kg<\/strong> \u00e8 un indispensabile per tutte le tue creazioni a base di maiale o pollame, sia che tu voglia realizzare un chorizo tradizionale o rivisitare i tuoi classici.<\/p>\n<p data-start=\"1249\" data-end=\"1546\"><!--more--><\/p>\n<p data-start=\"1249\" data-end=\"1546\"><span style=\"font-weight: bold\">Dosaggio:<\/span> 80 g per kg<\/p>\n<p><!--more--><\/p>\n<div style=\"font-family: Roboto, sans-serif\">\n<p><span style=\"color: #c79600;font-weight: bold\">Composizione:<\/span> spezie \/ sale \/ zuccheri (lattosio, saccarosio) \/ E-450 (1,8%) \/ E-301 (0,35%) \/ E-252 (0,175%) \/ E-120<\/p>\n<\/div>\n<p>&nbsp;<\/p>\n<p><!--more--><\/p>\n<div style=\"font-family: Roboto, sans-serif\">\n<h4>I vantaggi:<\/h4>\n<ul>\n<li>Mix completo pronto all&#8217;uso.<\/li>\n<li>Gusto tipico del chorizo spagnolo: affumicato, speziato, saporito.<\/li>\n<li>Ideale per professionisti in produzione artigianale o semi-industriale.<\/li>\n<li>Formato economico da 5 kg.<\/li>\n<li>Facile da dosare per una regolarit\u00e0 nelle tue ricette.<\/li>\n<\/ul>\n<p>&nbsp;<\/p>\n<\/div>\n<p><!--more--><\/p>\n<div style=\"font-family: Roboto, sans-serif\">\n<h4>Altre informazioni:<\/h4>\n<ul>\n<li><strong>Confezione<\/strong>: Secchio da 5 kg<\/li>\n<li><strong>Tipo<\/strong>: Chorizo<\/li>\n<\/ul>\n<p>&nbsp;<\/p>\n<\/div>\n<p><!--more--><\/p>\n<p>Trovi qui le nostre spezie per merguez fiammeggiante: <span style=\"color: #d12727\"><a style=\"color: #d12727\" href=\"https:\/\/www.csj-emballages.com\/it\/produit\/spezie-merguez-flamboyante-da-8-kg\/\">10480<\/a><\/span><\/p>\n<div style=\"font-family: Roboto, sans-serif\">\n<p>&nbsp;<\/p>\n<\/div>\n<p><!--more--><\/p>\n<div style=\"font-family: Roboto, sans-serif\">\n<p><a href=\"https:\/\/www.csj-emballages.com\/it\/categorie-produit\/alimentari\/spezie\/spezie-composte\/merguez-salsicce-chorizo\/\">Consulta il resto della nostra gamma di spezie per salsicce \/ merguez \/ chorizo<\/a><\/p>\n<\/div>\n","protected":false},"excerpt":{"rendered":"<p>Spezie per chorizo Descrizione delle nostre spezie per chorizo da 5 kg<\/p>\n","protected":false},"featured_media":267201,"template":"","meta":{"_acf_changed":false},"product_brand":[],"product_cat":[10445,10446,10447,10449],"product_tag":[],"class_list":{"0":"post-267200","1":"product","2":"type-product","3":"status-publish","4":"has-post-thumbnail","6":"product_cat-alimentari","7":"product_cat-spezie","8":"product_cat-spezie-composte","9":"product_cat-merguez-salsicce-chorizo","11":"first","12":"instock","13":"taxable","14":"shipping-taxable","15":"purchasable","16":"product-type-simple"},"acf":[],"yoast_head":"<!-- This site is optimized with the Yoast SEO Premium plugin v26.6 (Yoast SEO v26.6) - https:\/\/yoast.com\/wordpress\/plugins\/seo\/ -->\n<title>Spezie per Chorizo da 5 kg<\/title>\n<meta name=\"description\" content=\"Mix di spezie per chorizo 5 kg \u2013 ideale per macellai, gastronomie e artigiani. Gusto tipico, piccante e affumicato. Formato economico e qualit\u00e0 professionale.\" \/>\n<meta name=\"robots\" content=\"index, follow, max-snippet:-1, max-image-preview:large, max-video-preview:-1\" \/>\n<link rel=\"canonical\" href=\"https:\/\/www.csj-emballages.com\/it\/produit\/spezie-per-chorizo-da-5-kg\/\" \/>\n<meta property=\"og:locale\" content=\"it_IT\" \/>\n<meta property=\"og:type\" content=\"article\" \/>\n<meta property=\"og:title\" content=\"Spezie per chorizo da 5 kg\" \/>\n<meta property=\"og:description\" content=\"Mix di spezie per chorizo 5 kg \u2013 ideale per macellai, gastronomie e artigiani. Gusto tipico, piccante e affumicato. Formato economico e qualit\u00e0 professionale.\" \/>\n<meta property=\"og:url\" content=\"https:\/\/www.csj-emballages.com\/it\/produit\/spezie-per-chorizo-da-5-kg\/\" \/>\n<meta property=\"og:site_name\" content=\"CSJ Emballages\" \/>\n<meta property=\"article:publisher\" content=\"https:\/\/www.facebook.com\/csjemballages\" \/>\n<meta property=\"article:modified_time\" content=\"2026-03-20T01:10:19+00:00\" \/>\n<meta property=\"og:image\" content=\"https:\/\/www.csj-emballages.com\/wp-content\/uploads\/2024\/03\/Epices-chorizo.webp\" \/>\n\t<meta property=\"og:image:width\" content=\"800\" \/>\n\t<meta property=\"og:image:height\" content=\"800\" \/>\n\t<meta property=\"og:image:type\" content=\"image\/webp\" \/>\n<meta name=\"twitter:card\" content=\"summary_large_image\" \/>\n<meta name=\"twitter:label1\" content=\"Dur\u00e9e de lecture estim\u00e9e\" \/>\n\t<meta name=\"twitter:data1\" content=\"1 minuto\" \/>\n<script type=\"application\/ld+json\" class=\"yoast-schema-graph\">{\"@context\":\"https:\/\/schema.org\",\"@graph\":[{\"@type\":\"WebPage\",\"@id\":\"https:\/\/www.csj-emballages.com\/it\/produit\/spezie-per-chorizo-da-5-kg\/\",\"url\":\"https:\/\/www.csj-emballages.com\/it\/produit\/spezie-per-chorizo-da-5-kg\/\",\"name\":\"Spezie per Chorizo da 5 kg\",\"isPartOf\":{\"@id\":\"https:\/\/www.csj-emballages.com\/it\/#website\"},\"primaryImageOfPage\":{\"@id\":\"https:\/\/www.csj-emballages.com\/it\/produit\/spezie-per-chorizo-da-5-kg\/#primaryimage\"},\"image\":{\"@id\":\"https:\/\/www.csj-emballages.com\/it\/produit\/spezie-per-chorizo-da-5-kg\/#primaryimage\"},\"thumbnailUrl\":\"https:\/\/www.csj-emballages.com\/wp-content\/uploads\/2024\/03\/Epices-chorizo.webp\",\"datePublished\":\"2024-03-01T15:59:38+00:00\",\"dateModified\":\"2026-03-20T01:10:19+00:00\",\"description\":\"Mix di spezie per chorizo 5 kg \u2013 ideale per macellai, gastronomie e artigiani. Gusto tipico, piccante e affumicato. Formato economico e qualit\u00e0 professionale.\",\"breadcrumb\":{\"@id\":\"https:\/\/www.csj-emballages.com\/it\/produit\/spezie-per-chorizo-da-5-kg\/#breadcrumb\"},\"inLanguage\":\"it-IT\",\"potentialAction\":[{\"@type\":\"ReadAction\",\"target\":[\"https:\/\/www.csj-emballages.com\/it\/produit\/spezie-per-chorizo-da-5-kg\/\"]}]},{\"@type\":\"ImageObject\",\"inLanguage\":\"it-IT\",\"@id\":\"https:\/\/www.csj-emballages.com\/it\/produit\/spezie-per-chorizo-da-5-kg\/#primaryimage\",\"url\":\"https:\/\/www.csj-emballages.com\/wp-content\/uploads\/2024\/03\/Epices-chorizo.webp\",\"contentUrl\":\"https:\/\/www.csj-emballages.com\/wp-content\/uploads\/2024\/03\/Epices-chorizo.webp\",\"width\":800,\"height\":800,\"caption\":\"\u00e9pices chorizo\"},{\"@type\":\"BreadcrumbList\",\"@id\":\"https:\/\/www.csj-emballages.com\/it\/produit\/spezie-per-chorizo-da-5-kg\/#breadcrumb\",\"itemListElement\":[{\"@type\":\"ListItem\",\"position\":1,\"name\":\"Home\",\"item\":\"https:\/\/www.csj-emballages.com\/it\/universo-imballaggi-alimentari\/\"},{\"@type\":\"ListItem\",\"position\":2,\"name\":\"Negozio\",\"item\":\"https:\/\/www.csj-emballages.com\/it\/negozio\/\"},{\"@type\":\"ListItem\",\"position\":3,\"name\":\"Spezie per chorizo da 5 kg\"}]},{\"@type\":\"WebSite\",\"@id\":\"https:\/\/www.csj-emballages.com\/it\/#website\",\"url\":\"https:\/\/www.csj-emballages.com\/it\/\",\"name\":\"CSJ Emballages\",\"description\":\"\",\"publisher\":{\"@id\":\"https:\/\/www.csj-emballages.com\/it\/#organization\"},\"potentialAction\":[{\"@type\":\"SearchAction\",\"target\":{\"@type\":\"EntryPoint\",\"urlTemplate\":\"https:\/\/www.csj-emballages.com\/it\/?s={search_term_string}\"},\"query-input\":{\"@type\":\"PropertyValueSpecification\",\"valueRequired\":true,\"valueName\":\"search_term_string\"}}],\"inLanguage\":\"it-IT\"},{\"@type\":\"Organization\",\"@id\":\"https:\/\/www.csj-emballages.com\/it\/#Organization\/\",\"name\":\"CSJ Emballages\",\"url\":\"https:\/\/www.csj-emballages.com\/it\/\",\"logo\":{\"@type\":\"ImageObject\",\"inLanguage\":\"it-IT\",\"@id\":\"https:\/\/www.csj-emballages.com\/it\/#\/schema\/logo\/image\/\",\"url\":\"https:\/\/www.csj-emballages.com\/wp-content\/uploads\/2023\/10\/logo_csj.webp\",\"contentUrl\":\"https:\/\/www.csj-emballages.com\/wp-content\/uploads\/2023\/10\/logo_csj.webp\",\"width\":250,\"height\":95,\"caption\":\"CSJ Emballages\"},\"image\":{\"@id\":\"https:\/\/www.csj-emballages.com\/it\/#\/schema\/logo\/image\/\"},\"sameAs\":[\"https:\/\/www.facebook.com\/csjemballages\"],\"address\":{\"@type\":\"PostalAddress\",\"streetAddress\":\"ZI La Lechere\",\"addressLocality\":\"Patornay\",\"postalCode\":\"39130\",\"addressCountry\":\"FR\"},\"contactPoint\":[{\"@type\":\"ContactPoint\",\"contactType\":\"Service client\",\"telephone\":\"0384254272\",\"email\":\"contact@csj-emballages.com\"}]}]}<\/script>\n<!-- \/ Yoast SEO Premium plugin. -->","yoast_head_json":{"title":"Spezie per Chorizo da 5 kg","description":"Mix di spezie per chorizo 5 kg \u2013 ideale per macellai, gastronomie e artigiani. Gusto tipico, piccante e affumicato. Formato economico e qualit\u00e0 professionale.","robots":{"index":"index","follow":"follow","max-snippet":"max-snippet:-1","max-image-preview":"max-image-preview:large","max-video-preview":"max-video-preview:-1"},"canonical":"https:\/\/www.csj-emballages.com\/it\/produit\/spezie-per-chorizo-da-5-kg\/","og_locale":"it_IT","og_type":"article","og_title":"Spezie per chorizo da 5 kg","og_description":"Mix di spezie per chorizo 5 kg \u2013 ideale per macellai, gastronomie e artigiani. Gusto tipico, piccante e affumicato. Formato economico e qualit\u00e0 professionale.","og_url":"https:\/\/www.csj-emballages.com\/it\/produit\/spezie-per-chorizo-da-5-kg\/","og_site_name":"CSJ Emballages","article_publisher":"https:\/\/www.facebook.com\/csjemballages","article_modified_time":"2026-03-20T01:10:19+00:00","og_image":[{"width":800,"height":800,"url":"https:\/\/www.csj-emballages.com\/wp-content\/uploads\/2024\/03\/Epices-chorizo.webp","type":"image\/webp"}],"twitter_card":"summary_large_image","twitter_misc":{"Dur\u00e9e de lecture estim\u00e9e":"1 minuto"},"schema":{"@context":"https:\/\/schema.org","@graph":[{"@type":"WebPage","@id":"https:\/\/www.csj-emballages.com\/it\/produit\/spezie-per-chorizo-da-5-kg\/","url":"https:\/\/www.csj-emballages.com\/it\/produit\/spezie-per-chorizo-da-5-kg\/","name":"Spezie per Chorizo da 5 kg","isPartOf":{"@id":"https:\/\/www.csj-emballages.com\/it\/#website"},"primaryImageOfPage":{"@id":"https:\/\/www.csj-emballages.com\/it\/produit\/spezie-per-chorizo-da-5-kg\/#primaryimage"},"image":{"@id":"https:\/\/www.csj-emballages.com\/it\/produit\/spezie-per-chorizo-da-5-kg\/#primaryimage"},"thumbnailUrl":"https:\/\/www.csj-emballages.com\/wp-content\/uploads\/2024\/03\/Epices-chorizo.webp","datePublished":"2024-03-01T15:59:38+00:00","dateModified":"2026-03-20T01:10:19+00:00","description":"Mix di spezie per chorizo 5 kg \u2013 ideale per macellai, gastronomie e artigiani. Gusto tipico, piccante e affumicato. Formato economico e qualit\u00e0 professionale.","breadcrumb":{"@id":"https:\/\/www.csj-emballages.com\/it\/produit\/spezie-per-chorizo-da-5-kg\/#breadcrumb"},"inLanguage":"it-IT","potentialAction":[{"@type":"ReadAction","target":["https:\/\/www.csj-emballages.com\/it\/produit\/spezie-per-chorizo-da-5-kg\/"]}]},{"@type":"ImageObject","inLanguage":"it-IT","@id":"https:\/\/www.csj-emballages.com\/it\/produit\/spezie-per-chorizo-da-5-kg\/#primaryimage","url":"https:\/\/www.csj-emballages.com\/wp-content\/uploads\/2024\/03\/Epices-chorizo.webp","contentUrl":"https:\/\/www.csj-emballages.com\/wp-content\/uploads\/2024\/03\/Epices-chorizo.webp","width":800,"height":800,"caption":"\u00e9pices chorizo"},{"@type":"BreadcrumbList","@id":"https:\/\/www.csj-emballages.com\/it\/produit\/spezie-per-chorizo-da-5-kg\/#breadcrumb","itemListElement":[{"@type":"ListItem","position":1,"name":"Home","item":"https:\/\/www.csj-emballages.com\/it\/universo-imballaggi-alimentari\/"},{"@type":"ListItem","position":2,"name":"Negozio","item":"https:\/\/www.csj-emballages.com\/it\/negozio\/"},{"@type":"ListItem","position":3,"name":"Spezie per chorizo da 5 kg"}]},{"@type":"WebSite","@id":"https:\/\/www.csj-emballages.com\/it\/#website","url":"https:\/\/www.csj-emballages.com\/it\/","name":"CSJ Emballages","description":"","publisher":{"@id":"https:\/\/www.csj-emballages.com\/it\/#organization"},"potentialAction":[{"@type":"SearchAction","target":{"@type":"EntryPoint","urlTemplate":"https:\/\/www.csj-emballages.com\/it\/?s={search_term_string}"},"query-input":{"@type":"PropertyValueSpecification","valueRequired":true,"valueName":"search_term_string"}}],"inLanguage":"it-IT"},{"@type":"Organization","@id":"https:\/\/www.csj-emballages.com\/it\/#Organization\/","name":"CSJ Emballages","url":"https:\/\/www.csj-emballages.com\/it\/","logo":{"@type":"ImageObject","inLanguage":"it-IT","@id":"https:\/\/www.csj-emballages.com\/it\/#\/schema\/logo\/image\/","url":"https:\/\/www.csj-emballages.com\/wp-content\/uploads\/2023\/10\/logo_csj.webp","contentUrl":"https:\/\/www.csj-emballages.com\/wp-content\/uploads\/2023\/10\/logo_csj.webp","width":250,"height":95,"caption":"CSJ Emballages"},"image":{"@id":"https:\/\/www.csj-emballages.com\/it\/#\/schema\/logo\/image\/"},"sameAs":["https:\/\/www.facebook.com\/csjemballages"],"address":{"@type":"PostalAddress","streetAddress":"ZI La Lechere","addressLocality":"Patornay","postalCode":"39130","addressCountry":"FR"},"contactPoint":[{"@type":"ContactPoint","contactType":"Service client","telephone":"0384254272","email":"contact@csj-emballages.com"}]}]}},"df_price":44.8,"df_sale_price":"","df_regular_price":44.8,"df_image_link":"https:\/\/www.csj-emballages.com\/wp-content\/uploads\/2024\/03\/Epices-chorizo-300x300.webp","tiered_pricing_type":"fixed","tiered_pricing_fixed_rules":[],"tiered_pricing_percentage_rules":[],"tiered_pricing_minimum":1,"tiered_pricing_roles_data":[],"_links":{"self":[{"href":"https:\/\/www.csj-emballages.com\/it\/wp-json\/wp\/v2\/product\/267200","targetHints":{"allow":["GET"]}}],"collection":[{"href":"https:\/\/www.csj-emballages.com\/it\/wp-json\/wp\/v2\/product"}],"about":[{"href":"https:\/\/www.csj-emballages.com\/it\/wp-json\/wp\/v2\/types\/product"}],"wp:featuredmedia":[{"embeddable":true,"href":"https:\/\/www.csj-emballages.com\/it\/wp-json\/wp\/v2\/media\/267201"}],"wp:attachment":[{"href":"https:\/\/www.csj-emballages.com\/it\/wp-json\/wp\/v2\/media?parent=267200"}],"wp:term":[{"taxonomy":"product_brand","embeddable":true,"href":"https:\/\/www.csj-emballages.com\/it\/wp-json\/wp\/v2\/product_brand?post=267200"},{"taxonomy":"product_cat","embeddable":true,"href":"https:\/\/www.csj-emballages.com\/it\/wp-json\/wp\/v2\/product_cat?post=267200"},{"taxonomy":"product_tag","embeddable":true,"href":"https:\/\/www.csj-emballages.com\/it\/wp-json\/wp\/v2\/product_tag?post=267200"}],"curies":[{"name":"wp","href":"https:\/\/api.w.org\/{rel}","templated":true}]}}