{"id":267197,"date":"2024-03-01T16:59:38","date_gmt":"2024-03-01T15:59:38","guid":{"rendered":"https:\/\/www.csj-emballages.com\/produit\/spezie-merguez-flamboyante-da-8-kg\/"},"modified":"2026-04-01T02:10:37","modified_gmt":"2026-04-01T00:10:37","slug":"spezie-merguez-flamboyante-da-8-kg","status":"publish","type":"product","link":"https:\/\/www.csj-emballages.com\/it\/produit\/spezie-merguez-flamboyante-da-8-kg\/","title":{"rendered":"Spezie merguez flamboyante da 8 kg"},"content":{"rendered":"<h2>Spezie merguez flamboyante<\/h2>\n<hr>\n<h3>Descrizione delle nostre spezie merguez flamboyante da 8 kg<\/h3>\n<p><!--more--><\/p>\n<p class=\"\" data-start=\"316\" data-end=\"559\">Macellai, ristoratori o appassionati di grigliate autentiche: questa preparazione <strong>di spezie merguez flamboyante<\/strong> \u00e8 la tua migliore alleata per delle <strong>merguez<\/strong> fatte in casa che si fanno notare sia per il gusto sia per il <strong>colore<\/strong>! Infatti, questo <strong>mix di spezie<\/strong> \u00e8 realizzato con cura per rispettare la tradizione, aggiungendo al contempo un tocco unico.<\/p>\n<p class=\"\" data-start=\"866\" data-end=\"1255\">Pensato per un uso intensivo, il formato in <strong data-start=\"926\" data-end=\"942\">secchio da 8 kg<\/strong> \u00e8 ideale per i professionisti o per produzioni artigianali ad alto volume. Inoltre, la <strong>polvere<\/strong> si amalgama perfettamente alle tue carni, garantendo una diffusione uniforme degli aromi. Risultato: una <strong>merguez<\/strong> saporita, ben rossa, che non rilascia acqua in cottura e conquista il palato fin dal primo morso.  <\/p>\n<p class=\"\" data-start=\"1257\" data-end=\"1435\">Inoltre, questo mix \u00e8 adatto a diversi tipi di carne e pu\u00f2 essere utilizzato anche in ricette pi\u00f9 originali, come polpette speziate.<\/p>\n<p class=\"\" data-start=\"1437\" data-end=\"1535\">In sintesi, \u00e8 un prodotto affidabile, costante e gustoso, per merguez degne delle migliori grigliate estive.<\/p>\n<p data-start=\"1249\" data-end=\"1546\"><!--more--><\/p>\n<p data-start=\"1249\" data-end=\"1546\"><span style=\"font-weight: bold\">Dosaggio:<\/span> 75 g per kg di impasto di carne<\/p>\n<p><!--more--><\/p>\n<div style=\"font-family: Roboto, sans-serif\">\n<p><span style=\"color: #c79600;font-weight: bold\">Composizione: <\/span>Sale \/ spezie e piante aromatiche \/ sciroppo di glucosio \/ destrosio \/ polvere di barbabietola E-162 \/ aromi naturali \/ olio di girasole \/ acetato di sodio E-262 (2.5%) \/ acido ascorbico E-300 (0.83%).<\/p>\n<\/div>\n<p>&nbsp;<\/p>\n<p><!--more--><\/p>\n<div style=\"font-family: Roboto, sans-serif\">\n<h4>I vantaggi:<\/h4>\n<ul>\n<li>Mix equilibrato e dal gusto deciso.<\/li>\n<li>Colore flamboyante naturale.<\/li>\n<li>Grazie al formato da 8 kg, \u00e8 ideale per i professionisti.<\/li>\n<li>Perfetto per macellai, catering e ristoratori.<\/li>\n<li>Compatibile con diversi tipi di carne.<\/li>\n<\/ul>\n<p>&nbsp;<\/p>\n<\/div>\n<p><!--more--><\/p>\n<div style=\"font-family: Roboto, sans-serif\">\n<h4>Altre informazioni:<\/h4>\n<ul>\n<li><strong>Confezione<\/strong>: secchio da 8 kg<\/li>\n<li><strong>Tipo<\/strong>: Merguez flamboyante<\/li>\n<\/ul>\n<p>&nbsp;<\/p>\n<\/div>\n<p><!--more--><\/p>\n<p>Trova qui le nostre spezie per condimento completo merguez: <span style=\"color: #d12727\"><a style=\"color: #d12727\" href=\"https:\/\/www.csj-emballages.com\/produit\/epices-assaisonnement-merguez-complet-18-kg\/\">10485<\/a><\/span><\/p>\n<div style=\"font-family: Roboto, sans-serif\">\n<p>&nbsp;<\/p>\n<\/div>\n<p><!--more--><\/p>\n<div style=\"font-family: Roboto, sans-serif\">\n<p><a href=\"https:\/\/www.csj-emballages.com\/it\/categorie-produit\/alimentari\/spezie\/spezie-composte\/merguez-salsicce-chorizo\/\">Consulta il resto della nostra gamma di spezie per salsicce \/ merguez \/ chorizo<\/a><\/p>\n<\/div>\n","protected":false},"excerpt":{"rendered":"<p>Spezie merguez flamboyante Descrizione delle nostre spezie merguez flamboyante da 8 kg<\/p>\n","protected":false},"featured_media":267199,"template":"","meta":{"_acf_changed":false},"product_brand":[],"product_cat":[10445,10446,10447,10449],"product_tag":[],"class_list":{"0":"post-267197","1":"product","2":"type-product","3":"status-publish","4":"has-post-thumbnail","6":"product_cat-alimentari","7":"product_cat-spezie","8":"product_cat-spezie-composte","9":"product_cat-merguez-salsicce-chorizo","11":"first","12":"instock","13":"taxable","14":"shipping-taxable","15":"purchasable","16":"product-type-simple"},"acf":[],"yoast_head":"<!-- This site is optimized with the Yoast SEO Premium plugin v26.6 (Yoast SEO v26.6) - https:\/\/yoast.com\/wordpress\/plugins\/seo\/ -->\n<title>Spezie Merguez Flamboyante da 8 kg<\/title>\n<meta name=\"description\" content=\"Mix di spezie merguez flamboyante 8 kg: sapore autentico, colore intenso, ideale per i professionisti della macelleria e della ristorazione.\" \/>\n<meta name=\"robots\" content=\"index, follow, max-snippet:-1, max-image-preview:large, max-video-preview:-1\" \/>\n<link rel=\"canonical\" href=\"https:\/\/www.csj-emballages.com\/it\/produit\/spezie-merguez-flamboyante-da-8-kg\/\" \/>\n<meta property=\"og:locale\" content=\"it_IT\" \/>\n<meta property=\"og:type\" content=\"article\" \/>\n<meta property=\"og:title\" content=\"Spezie merguez flamboyante da 8 kg\" \/>\n<meta property=\"og:description\" content=\"Mix di spezie merguez flamboyante 8 kg: sapore autentico, colore intenso, ideale per i professionisti della macelleria e della ristorazione.\" \/>\n<meta property=\"og:url\" content=\"https:\/\/www.csj-emballages.com\/it\/produit\/spezie-merguez-flamboyante-da-8-kg\/\" \/>\n<meta property=\"og:site_name\" content=\"CSJ Emballages\" \/>\n<meta property=\"article:publisher\" content=\"https:\/\/www.facebook.com\/csjemballages\" \/>\n<meta property=\"article:modified_time\" content=\"2026-04-01T00:10:37+00:00\" \/>\n<meta property=\"og:image\" content=\"https:\/\/www.csj-emballages.com\/wp-content\/uploads\/2024\/03\/Merguez-flamnboyante-1.webp\" \/>\n\t<meta property=\"og:image:width\" content=\"800\" \/>\n\t<meta property=\"og:image:height\" content=\"800\" \/>\n\t<meta property=\"og:image:type\" content=\"image\/webp\" \/>\n<meta name=\"twitter:card\" content=\"summary_large_image\" \/>\n<meta name=\"twitter:label1\" content=\"Dur\u00e9e de lecture estim\u00e9e\" \/>\n\t<meta name=\"twitter:data1\" content=\"1 minuto\" \/>\n<script type=\"application\/ld+json\" class=\"yoast-schema-graph\">{\"@context\":\"https:\/\/schema.org\",\"@graph\":[{\"@type\":\"WebPage\",\"@id\":\"https:\/\/www.csj-emballages.com\/it\/produit\/spezie-merguez-flamboyante-da-8-kg\/\",\"url\":\"https:\/\/www.csj-emballages.com\/it\/produit\/spezie-merguez-flamboyante-da-8-kg\/\",\"name\":\"Spezie Merguez Flamboyante da 8 kg\",\"isPartOf\":{\"@id\":\"https:\/\/www.csj-emballages.com\/it\/#website\"},\"primaryImageOfPage\":{\"@id\":\"https:\/\/www.csj-emballages.com\/it\/produit\/spezie-merguez-flamboyante-da-8-kg\/#primaryimage\"},\"image\":{\"@id\":\"https:\/\/www.csj-emballages.com\/it\/produit\/spezie-merguez-flamboyante-da-8-kg\/#primaryimage\"},\"thumbnailUrl\":\"https:\/\/www.csj-emballages.com\/wp-content\/uploads\/2024\/03\/Merguez-flamnboyante-1.webp\",\"datePublished\":\"2024-03-01T15:59:38+00:00\",\"dateModified\":\"2026-04-01T00:10:37+00:00\",\"description\":\"Mix di spezie merguez flamboyante 8 kg: sapore autentico, colore intenso, ideale per i professionisti della macelleria e della ristorazione.\",\"breadcrumb\":{\"@id\":\"https:\/\/www.csj-emballages.com\/it\/produit\/spezie-merguez-flamboyante-da-8-kg\/#breadcrumb\"},\"inLanguage\":\"it-IT\",\"potentialAction\":[{\"@type\":\"ReadAction\",\"target\":[\"https:\/\/www.csj-emballages.com\/it\/produit\/spezie-merguez-flamboyante-da-8-kg\/\"]}]},{\"@type\":\"ImageObject\",\"inLanguage\":\"it-IT\",\"@id\":\"https:\/\/www.csj-emballages.com\/it\/produit\/spezie-merguez-flamboyante-da-8-kg\/#primaryimage\",\"url\":\"https:\/\/www.csj-emballages.com\/wp-content\/uploads\/2024\/03\/Merguez-flamnboyante-1.webp\",\"contentUrl\":\"https:\/\/www.csj-emballages.com\/wp-content\/uploads\/2024\/03\/Merguez-flamnboyante-1.webp\",\"width\":800,\"height\":800,\"caption\":\"\u00c9pices merguez flamboyante\"},{\"@type\":\"BreadcrumbList\",\"@id\":\"https:\/\/www.csj-emballages.com\/it\/produit\/spezie-merguez-flamboyante-da-8-kg\/#breadcrumb\",\"itemListElement\":[{\"@type\":\"ListItem\",\"position\":1,\"name\":\"Home\",\"item\":\"https:\/\/www.csj-emballages.com\/it\/universo-imballaggi-alimentari\/\"},{\"@type\":\"ListItem\",\"position\":2,\"name\":\"Negozio\",\"item\":\"https:\/\/www.csj-emballages.com\/it\/negozio\/\"},{\"@type\":\"ListItem\",\"position\":3,\"name\":\"Spezie merguez flamboyante da 8 kg\"}]},{\"@type\":\"WebSite\",\"@id\":\"https:\/\/www.csj-emballages.com\/it\/#website\",\"url\":\"https:\/\/www.csj-emballages.com\/it\/\",\"name\":\"CSJ Emballages\",\"description\":\"\",\"publisher\":{\"@id\":\"https:\/\/www.csj-emballages.com\/it\/#organization\"},\"potentialAction\":[{\"@type\":\"SearchAction\",\"target\":{\"@type\":\"EntryPoint\",\"urlTemplate\":\"https:\/\/www.csj-emballages.com\/it\/?s={search_term_string}\"},\"query-input\":{\"@type\":\"PropertyValueSpecification\",\"valueRequired\":true,\"valueName\":\"search_term_string\"}}],\"inLanguage\":\"it-IT\"},{\"@type\":\"Organization\",\"@id\":\"https:\/\/www.csj-emballages.com\/it\/#Organization\/\",\"name\":\"CSJ Emballages\",\"url\":\"https:\/\/www.csj-emballages.com\/it\/\",\"logo\":{\"@type\":\"ImageObject\",\"inLanguage\":\"it-IT\",\"@id\":\"https:\/\/www.csj-emballages.com\/it\/#\/schema\/logo\/image\/\",\"url\":\"https:\/\/www.csj-emballages.com\/wp-content\/uploads\/2023\/10\/logo_csj.webp\",\"contentUrl\":\"https:\/\/www.csj-emballages.com\/wp-content\/uploads\/2023\/10\/logo_csj.webp\",\"width\":250,\"height\":95,\"caption\":\"CSJ Emballages\"},\"image\":{\"@id\":\"https:\/\/www.csj-emballages.com\/it\/#\/schema\/logo\/image\/\"},\"sameAs\":[\"https:\/\/www.facebook.com\/csjemballages\"],\"address\":{\"@type\":\"PostalAddress\",\"streetAddress\":\"ZI La Lechere\",\"addressLocality\":\"Patornay\",\"postalCode\":\"39130\",\"addressCountry\":\"FR\"},\"contactPoint\":[{\"@type\":\"ContactPoint\",\"contactType\":\"Service client\",\"telephone\":\"0384254272\",\"email\":\"contact@csj-emballages.com\"}]}]}<\/script>\n<!-- \/ Yoast SEO Premium plugin. -->","yoast_head_json":{"title":"Spezie Merguez Flamboyante da 8 kg","description":"Mix di spezie merguez flamboyante 8 kg: sapore autentico, colore intenso, ideale per i professionisti della macelleria e della ristorazione.","robots":{"index":"index","follow":"follow","max-snippet":"max-snippet:-1","max-image-preview":"max-image-preview:large","max-video-preview":"max-video-preview:-1"},"canonical":"https:\/\/www.csj-emballages.com\/it\/produit\/spezie-merguez-flamboyante-da-8-kg\/","og_locale":"it_IT","og_type":"article","og_title":"Spezie merguez flamboyante da 8 kg","og_description":"Mix di spezie merguez flamboyante 8 kg: sapore autentico, colore intenso, ideale per i professionisti della macelleria e della ristorazione.","og_url":"https:\/\/www.csj-emballages.com\/it\/produit\/spezie-merguez-flamboyante-da-8-kg\/","og_site_name":"CSJ Emballages","article_publisher":"https:\/\/www.facebook.com\/csjemballages","article_modified_time":"2026-04-01T00:10:37+00:00","og_image":[{"width":800,"height":800,"url":"https:\/\/www.csj-emballages.com\/wp-content\/uploads\/2024\/03\/Merguez-flamnboyante-1.webp","type":"image\/webp"}],"twitter_card":"summary_large_image","twitter_misc":{"Dur\u00e9e de lecture estim\u00e9e":"1 minuto"},"schema":{"@context":"https:\/\/schema.org","@graph":[{"@type":"WebPage","@id":"https:\/\/www.csj-emballages.com\/it\/produit\/spezie-merguez-flamboyante-da-8-kg\/","url":"https:\/\/www.csj-emballages.com\/it\/produit\/spezie-merguez-flamboyante-da-8-kg\/","name":"Spezie Merguez Flamboyante da 8 kg","isPartOf":{"@id":"https:\/\/www.csj-emballages.com\/it\/#website"},"primaryImageOfPage":{"@id":"https:\/\/www.csj-emballages.com\/it\/produit\/spezie-merguez-flamboyante-da-8-kg\/#primaryimage"},"image":{"@id":"https:\/\/www.csj-emballages.com\/it\/produit\/spezie-merguez-flamboyante-da-8-kg\/#primaryimage"},"thumbnailUrl":"https:\/\/www.csj-emballages.com\/wp-content\/uploads\/2024\/03\/Merguez-flamnboyante-1.webp","datePublished":"2024-03-01T15:59:38+00:00","dateModified":"2026-04-01T00:10:37+00:00","description":"Mix di spezie merguez flamboyante 8 kg: sapore autentico, colore intenso, ideale per i professionisti della macelleria e della ristorazione.","breadcrumb":{"@id":"https:\/\/www.csj-emballages.com\/it\/produit\/spezie-merguez-flamboyante-da-8-kg\/#breadcrumb"},"inLanguage":"it-IT","potentialAction":[{"@type":"ReadAction","target":["https:\/\/www.csj-emballages.com\/it\/produit\/spezie-merguez-flamboyante-da-8-kg\/"]}]},{"@type":"ImageObject","inLanguage":"it-IT","@id":"https:\/\/www.csj-emballages.com\/it\/produit\/spezie-merguez-flamboyante-da-8-kg\/#primaryimage","url":"https:\/\/www.csj-emballages.com\/wp-content\/uploads\/2024\/03\/Merguez-flamnboyante-1.webp","contentUrl":"https:\/\/www.csj-emballages.com\/wp-content\/uploads\/2024\/03\/Merguez-flamnboyante-1.webp","width":800,"height":800,"caption":"\u00c9pices merguez flamboyante"},{"@type":"BreadcrumbList","@id":"https:\/\/www.csj-emballages.com\/it\/produit\/spezie-merguez-flamboyante-da-8-kg\/#breadcrumb","itemListElement":[{"@type":"ListItem","position":1,"name":"Home","item":"https:\/\/www.csj-emballages.com\/it\/universo-imballaggi-alimentari\/"},{"@type":"ListItem","position":2,"name":"Negozio","item":"https:\/\/www.csj-emballages.com\/it\/negozio\/"},{"@type":"ListItem","position":3,"name":"Spezie merguez flamboyante da 8 kg"}]},{"@type":"WebSite","@id":"https:\/\/www.csj-emballages.com\/it\/#website","url":"https:\/\/www.csj-emballages.com\/it\/","name":"CSJ Emballages","description":"","publisher":{"@id":"https:\/\/www.csj-emballages.com\/it\/#organization"},"potentialAction":[{"@type":"SearchAction","target":{"@type":"EntryPoint","urlTemplate":"https:\/\/www.csj-emballages.com\/it\/?s={search_term_string}"},"query-input":{"@type":"PropertyValueSpecification","valueRequired":true,"valueName":"search_term_string"}}],"inLanguage":"it-IT"},{"@type":"Organization","@id":"https:\/\/www.csj-emballages.com\/it\/#Organization\/","name":"CSJ Emballages","url":"https:\/\/www.csj-emballages.com\/it\/","logo":{"@type":"ImageObject","inLanguage":"it-IT","@id":"https:\/\/www.csj-emballages.com\/it\/#\/schema\/logo\/image\/","url":"https:\/\/www.csj-emballages.com\/wp-content\/uploads\/2023\/10\/logo_csj.webp","contentUrl":"https:\/\/www.csj-emballages.com\/wp-content\/uploads\/2023\/10\/logo_csj.webp","width":250,"height":95,"caption":"CSJ Emballages"},"image":{"@id":"https:\/\/www.csj-emballages.com\/it\/#\/schema\/logo\/image\/"},"sameAs":["https:\/\/www.facebook.com\/csjemballages"],"address":{"@type":"PostalAddress","streetAddress":"ZI La Lechere","addressLocality":"Patornay","postalCode":"39130","addressCountry":"FR"},"contactPoint":[{"@type":"ContactPoint","contactType":"Service client","telephone":"0384254272","email":"contact@csj-emballages.com"}]}]}},"df_price":59.95,"df_sale_price":"","df_regular_price":59.95,"df_image_link":"https:\/\/www.csj-emballages.com\/wp-content\/uploads\/2024\/03\/Merguez-flamnboyante-1-300x300.webp","tiered_pricing_type":"fixed","tiered_pricing_fixed_rules":[],"tiered_pricing_percentage_rules":[],"tiered_pricing_minimum":1,"tiered_pricing_roles_data":[],"_links":{"self":[{"href":"https:\/\/www.csj-emballages.com\/it\/wp-json\/wp\/v2\/product\/267197","targetHints":{"allow":["GET"]}}],"collection":[{"href":"https:\/\/www.csj-emballages.com\/it\/wp-json\/wp\/v2\/product"}],"about":[{"href":"https:\/\/www.csj-emballages.com\/it\/wp-json\/wp\/v2\/types\/product"}],"wp:featuredmedia":[{"embeddable":true,"href":"https:\/\/www.csj-emballages.com\/it\/wp-json\/wp\/v2\/media\/267199"}],"wp:attachment":[{"href":"https:\/\/www.csj-emballages.com\/it\/wp-json\/wp\/v2\/media?parent=267197"}],"wp:term":[{"taxonomy":"product_brand","embeddable":true,"href":"https:\/\/www.csj-emballages.com\/it\/wp-json\/wp\/v2\/product_brand?post=267197"},{"taxonomy":"product_cat","embeddable":true,"href":"https:\/\/www.csj-emballages.com\/it\/wp-json\/wp\/v2\/product_cat?post=267197"},{"taxonomy":"product_tag","embeddable":true,"href":"https:\/\/www.csj-emballages.com\/it\/wp-json\/wp\/v2\/product_tag?post=267197"}],"curies":[{"name":"wp","href":"https:\/\/api.w.org\/{rel}","templated":true}]}}