{"id":267003,"date":"2024-03-01T16:54:30","date_gmt":"2024-03-01T15:54:30","guid":{"rendered":"https:\/\/www.csj-emballages.com\/produit\/contenitore-per-alimenti-americano-doggy-bag-780-ml-confezione-da-450\/"},"modified":"2026-03-28T02:12:44","modified_gmt":"2026-03-28T01:12:44","slug":"contenitore-per-alimenti-americano-doggy-bag-780-ml-confezione-da-450","status":"publish","type":"product","link":"https:\/\/www.csj-emballages.com\/it\/produit\/contenitore-per-alimenti-americano-doggy-bag-780-ml-confezione-da-450\/","title":{"rendered":"Contenitore per alimenti americano &#8220;Doggy Bag&#8221; 780 ml &#8211; confezione da 450"},"content":{"rendered":"<div style=\"font-family: Roboto, sans-serif;\">\n<div style=\"font-family: Roboto, sans-serif;\">\n<div style=\"font-family: Roboto, sans-serif;\">\n<h2>Contenitore per alimenti<\/h2>\n<hr>\n<h3>Descrizione del nostro contenitore per alimenti americano &#8220;Doggy Bag&#8221; 780 ml &#8211; confezione da 450<\/h3>\n<p><!--more--><\/p>\n<div class=\"flex-shrink-0 flex flex-col relative items-end\">\n<div class=\"pt-0.5 juice:pt-0\">\n<div class=\"gizmo-bot-avatar flex h-6 w-6 items-center justify-center overflow-hidden rounded-full juice:h-8 juice:w-8\">\n<p data-start=\"159\" data-end=\"626\">Il <strong data-start=\"162\" data-end=\"207\">contenitore per alimenti americano &#8220;Doggy Bag&#8221; 780 ml<\/strong> \u00e8 fatto per te se offri piatti da asporto quotidianamente. Che tu lavori in un ristorante, un food truck, un fast food o un catering, questo <strong data-start=\"162\" data-end=\"207\">contenitore<\/strong> ti semplificher\u00e0 davvero la vita. Innanzitutto, si apre e si chiude molto facilmente, il che lo rende particolarmente semplice da usare. Inoltre, la sua <strong>chiusura<\/strong> \u00e8 sufficientemente robusta per evitare perdite, anche con piatti un po&#8217; pi\u00f9 liquidi.   <\/p>\n<p data-start=\"628\" data-end=\"1072\">Con la sua capacit\u00e0 di <strong data-start=\"650\" data-end=\"660\">780 ml<\/strong>, puoi inserire una porzione completa senza vincoli: insalate, pasta, piatti caldi, wok o carne. Grazie al suo <strong>cartone spesso<\/strong>, la <strong>doggy bag<\/strong> rimane stabile e resistente, sia che le tue preparazioni siano calde o fredde. Il suo aspetto <strong>kraft<\/strong> conferisce uno stile moderno e naturale, che dona subito una bella presentazione ai tuoi piatti. \u00c8 un dettaglio, ma i tuoi clienti sono sempre pi\u00f9 sensibili a questo aspetto.   <\/p>\n<p data-start=\"1074\" data-end=\"1399\">Scegliendo il lotto da <strong data-start=\"1099\" data-end=\"1113\">450 scatole<\/strong>, ti assicuri una scorta comoda e duratura. Questo ti evita esaurimenti di scorte e ti permette di anticipare la tua attivit\u00e0 senza stress. Inoltre, poich\u00e9 ogni <strong data-start=\"162\" data-end=\"207\">scatola<\/strong> \u00e8 pieghevole, risparmi spazio nella tua zona di stoccaggio, il che \u00e8 sempre apprezzabile quando lo spazio \u00e8 limitato.  <\/p>\n<p data-start=\"1401\" data-end=\"1526\">In sintesi, questo <strong data-start=\"162\" data-end=\"207\">contenitore per alimenti<\/strong> \u00e8 un imballaggio affidabile, pratico, estetico e pensato per facilitare la tua organizzazione quotidiana.<\/p>\n<\/div>\n<\/div>\n<\/div>\n<div class=\"flex-shrink-0 flex flex-col relative items-end\">\n<div class=\"pt-0.5 juice:pt-0\">\n<p data-start=\"1520\" data-end=\"1759\">\n<\/div>\n<\/div>\n<p><!--more--><\/p>\n<p><strong>Vantaggi:<\/strong><\/p>\n<ul>\n<li data-start=\"1550\" data-end=\"1582\">Capacit\u00e0 di <strong>780 ml<\/strong>.<\/li>\n<li data-start=\"1585\" data-end=\"1630\">Buona resistenza ai piatti caldi e freddi.<\/li>\n<li data-start=\"1633\" data-end=\"1664\">Chiusura rapida e sicura.<\/li>\n<li data-start=\"1667\" data-end=\"1706\">Stile kraft di tendenza e professionale.<\/li>\n<li data-start=\"1709\" data-end=\"1739\">Lotto economico da <strong>450 unit\u00e0<\/strong>.<\/li>\n<li data-start=\"1742\" data-end=\"1782\">Formato pieghevole per un facile stoccaggio.<\/li>\n<\/ul>\n<p>&nbsp;<\/p>\n<p><!--more--><\/p>\n<h4>Altre informazioni:<\/h4>\n<ul>\n<li><strong>Confezionamento<\/strong>: Pacco da 450<\/li>\n<li><strong>Dimensioni esterne<\/strong>: 130 \u00d7 110 mm<\/li>\n<li><strong>Dimensioni interne<\/strong>: 110 \u00d7 90 mm<\/li>\n<li><strong>Altezza<\/strong>: 65 mm<\/li>\n<li><strong>Volume<\/strong>: 780 ml<\/li>\n<li><span style=\"font-weight: bold;\">Colore <\/span>: Marrone<\/li>\n<li><span style=\"font-weight: bold;\">Materiale <\/span>: Cartone<\/li>\n<\/ul>\n<p>&nbsp;<\/p>\n<\/div>\n<\/div>\n<\/div>\n<p><!--more--><\/p>\n<p>Questo contenitore doggy bag \u00e8 disponibile in diverse dimensioni: <span style=\"color: #d12727;\"><a style=\"color: #d12727;\" href=\"https:\/\/www.csj-emballages.com\/it\/produit\/contenitore-per-pasti-americano-doggy-bag-2-scomparti-1300-ml-in-confezione-da-50\/\">1300 ml<\/a><\/span> \/ <span style=\"color: #d12727;\"><a style=\"color: #d12727;\" href=\"https:\/\/www.csj-emballages.com\/it\/produit\/scatola-pasto-americana-doggy-bag-1500-ml-da-200\/\">1500 ml<\/a><\/span> \/ <span style=\"color: #d12727;\"><a style=\"color: #d12727;\" href=\"https:\/\/www.csj-emballages.com\/it\/produit\/scatola-pasto-americana-doggy-bag-2000-ml-da-200\/\">2000 ml<\/a><\/span> \/ <span style=\"color: #d12727;\"><a style=\"color: #d12727;\" href=\"https:\/\/www.csj-emballages.com\/it\/produit\/box-pasto-americana-doggy-bag-2800-ml-da-40\/\">2800 ml<\/a><\/span><\/p>\n<div style=\"font-family: Roboto, sans-serif;\">\n<div style=\"font-family: Roboto, sans-serif;\">\n<div style=\"font-family: Roboto, sans-serif;\">\n<p>&nbsp;<\/p>\n<p><!--more--><\/p>\n<p><a href=\"https:\/\/www.csj-emballages.com\/it\/categorie-produit\/imballaggi-alimentari\/ristorazione\/scatole-vaschette-buste-coni\/vaschette-scatole-in-cartone\/scatole-in-cartone-americane\/\">Consulta il resto della nostra gamma di scatole in cartone americane<\/a><\/p>\n<\/div>\n<\/div>\n<\/div>\n","protected":false},"excerpt":{"rendered":"<p>Contenitore per alimenti Descrizione del nostro contenitore per alimenti americano &#8220;Doggy Bag&#8221; 780 ml &#8211; confezione da 450<\/p>\n","protected":false},"featured_media":267009,"template":"","meta":{"_acf_changed":false},"product_brand":[],"product_cat":[10346,10375,10444],"product_tag":[],"class_list":{"0":"post-267003","1":"product","2":"type-product","3":"status-publish","4":"has-post-thumbnail","6":"product_cat-imballaggi-alimentari","7":"product_cat-ristorazione","8":"product_cat-scatole-in-cartone-americane","10":"first","11":"instock","12":"taxable","13":"shipping-taxable","14":"purchasable","15":"product-type-simple"},"acf":[],"yoast_head":"<!-- This site is optimized with the Yoast SEO Premium plugin v26.6 (Yoast SEO v26.6) - https:\/\/yoast.com\/wordpress\/plugins\/seo\/ -->\n<title>Contenitore per Alimenti Americano &quot;Doggy Bag&quot; 780 ml - confezione da 450<\/title>\n<meta name=\"description\" content=\"Contenitore per alimenti americano 780 ml in kraft. Ideale per l&#039;asporto, robusto, pratico ed economico. Lotto da 450 unit\u00e0 per ristoratori.\" \/>\n<meta name=\"robots\" content=\"index, follow, max-snippet:-1, max-image-preview:large, max-video-preview:-1\" \/>\n<link rel=\"canonical\" href=\"https:\/\/www.csj-emballages.com\/it\/produit\/contenitore-per-alimenti-americano-doggy-bag-780-ml-confezione-da-450\/\" \/>\n<meta property=\"og:locale\" content=\"it_IT\" \/>\n<meta property=\"og:type\" content=\"article\" \/>\n<meta property=\"og:title\" content=\"Contenitore per alimenti americano &quot;Doggy Bag&quot; 780 ml - confezione da 450\" \/>\n<meta property=\"og:description\" content=\"Contenitore per alimenti americano 780 ml in kraft. Ideale per l&#039;asporto, robusto, pratico ed economico. Lotto da 450 unit\u00e0 per ristoratori.\" \/>\n<meta property=\"og:url\" content=\"https:\/\/www.csj-emballages.com\/it\/produit\/contenitore-per-alimenti-americano-doggy-bag-780-ml-confezione-da-450\/\" \/>\n<meta property=\"og:site_name\" content=\"CSJ Emballages\" \/>\n<meta property=\"article:publisher\" content=\"https:\/\/www.facebook.com\/csjemballages\" \/>\n<meta property=\"article:modified_time\" content=\"2026-03-28T01:12:44+00:00\" \/>\n<meta property=\"og:image\" content=\"https:\/\/www.csj-emballages.com\/wp-content\/uploads\/2024\/03\/DOGGYBAG780.webp\" \/>\n\t<meta property=\"og:image:width\" content=\"800\" \/>\n\t<meta property=\"og:image:height\" content=\"800\" \/>\n\t<meta property=\"og:image:type\" content=\"image\/webp\" \/>\n<meta name=\"twitter:card\" content=\"summary_large_image\" \/>\n<meta name=\"twitter:label1\" content=\"Dur\u00e9e de lecture estim\u00e9e\" \/>\n\t<meta name=\"twitter:data1\" content=\"2 minuti\" \/>\n<script type=\"application\/ld+json\" class=\"yoast-schema-graph\">{\"@context\":\"https:\/\/schema.org\",\"@graph\":[{\"@type\":\"WebPage\",\"@id\":\"https:\/\/www.csj-emballages.com\/it\/produit\/contenitore-per-alimenti-americano-doggy-bag-780-ml-confezione-da-450\/\",\"url\":\"https:\/\/www.csj-emballages.com\/it\/produit\/contenitore-per-alimenti-americano-doggy-bag-780-ml-confezione-da-450\/\",\"name\":\"Contenitore per Alimenti Americano \\\"Doggy Bag\\\" 780 ml - confezione da 450\",\"isPartOf\":{\"@id\":\"https:\/\/www.csj-emballages.com\/it\/#website\"},\"primaryImageOfPage\":{\"@id\":\"https:\/\/www.csj-emballages.com\/it\/produit\/contenitore-per-alimenti-americano-doggy-bag-780-ml-confezione-da-450\/#primaryimage\"},\"image\":{\"@id\":\"https:\/\/www.csj-emballages.com\/it\/produit\/contenitore-per-alimenti-americano-doggy-bag-780-ml-confezione-da-450\/#primaryimage\"},\"thumbnailUrl\":\"https:\/\/www.csj-emballages.com\/wp-content\/uploads\/2024\/03\/DOGGYBAG780.webp\",\"datePublished\":\"2024-03-01T15:54:30+00:00\",\"dateModified\":\"2026-03-28T01:12:44+00:00\",\"description\":\"Contenitore per alimenti americano 780 ml in kraft. Ideale per l'asporto, robusto, pratico ed economico. Lotto da 450 unit\u00e0 per ristoratori.\",\"breadcrumb\":{\"@id\":\"https:\/\/www.csj-emballages.com\/it\/produit\/contenitore-per-alimenti-americano-doggy-bag-780-ml-confezione-da-450\/#breadcrumb\"},\"inLanguage\":\"it-IT\",\"potentialAction\":[{\"@type\":\"ReadAction\",\"target\":[\"https:\/\/www.csj-emballages.com\/it\/produit\/contenitore-per-alimenti-americano-doggy-bag-780-ml-confezione-da-450\/\"]}]},{\"@type\":\"ImageObject\",\"inLanguage\":\"it-IT\",\"@id\":\"https:\/\/www.csj-emballages.com\/it\/produit\/contenitore-per-alimenti-americano-doggy-bag-780-ml-confezione-da-450\/#primaryimage\",\"url\":\"https:\/\/www.csj-emballages.com\/wp-content\/uploads\/2024\/03\/DOGGYBAG780.webp\",\"contentUrl\":\"https:\/\/www.csj-emballages.com\/wp-content\/uploads\/2024\/03\/DOGGYBAG780.webp\",\"width\":800,\"height\":800,\"caption\":\"Boite repas\"},{\"@type\":\"BreadcrumbList\",\"@id\":\"https:\/\/www.csj-emballages.com\/it\/produit\/contenitore-per-alimenti-americano-doggy-bag-780-ml-confezione-da-450\/#breadcrumb\",\"itemListElement\":[{\"@type\":\"ListItem\",\"position\":1,\"name\":\"Home\",\"item\":\"https:\/\/www.csj-emballages.com\/it\/universo-imballaggi-alimentari\/\"},{\"@type\":\"ListItem\",\"position\":2,\"name\":\"Negozio\",\"item\":\"https:\/\/www.csj-emballages.com\/it\/negozio\/\"},{\"@type\":\"ListItem\",\"position\":3,\"name\":\"Contenitore per alimenti americano \u00ab\u00a0Doggy Bag\u00a0\u00bb 780 ml &#8211; confezione da 450\"}]},{\"@type\":\"WebSite\",\"@id\":\"https:\/\/www.csj-emballages.com\/it\/#website\",\"url\":\"https:\/\/www.csj-emballages.com\/it\/\",\"name\":\"CSJ Emballages\",\"description\":\"\",\"publisher\":{\"@id\":\"https:\/\/www.csj-emballages.com\/it\/#organization\"},\"potentialAction\":[{\"@type\":\"SearchAction\",\"target\":{\"@type\":\"EntryPoint\",\"urlTemplate\":\"https:\/\/www.csj-emballages.com\/it\/?s={search_term_string}\"},\"query-input\":{\"@type\":\"PropertyValueSpecification\",\"valueRequired\":true,\"valueName\":\"search_term_string\"}}],\"inLanguage\":\"it-IT\"},{\"@type\":\"Organization\",\"@id\":\"https:\/\/www.csj-emballages.com\/it\/#Organization\/\",\"name\":\"CSJ Emballages\",\"url\":\"https:\/\/www.csj-emballages.com\/it\/\",\"logo\":{\"@type\":\"ImageObject\",\"inLanguage\":\"it-IT\",\"@id\":\"https:\/\/www.csj-emballages.com\/it\/#\/schema\/logo\/image\/\",\"url\":\"https:\/\/www.csj-emballages.com\/wp-content\/uploads\/2023\/10\/logo_csj.webp\",\"contentUrl\":\"https:\/\/www.csj-emballages.com\/wp-content\/uploads\/2023\/10\/logo_csj.webp\",\"width\":250,\"height\":95,\"caption\":\"CSJ Emballages\"},\"image\":{\"@id\":\"https:\/\/www.csj-emballages.com\/it\/#\/schema\/logo\/image\/\"},\"sameAs\":[\"https:\/\/www.facebook.com\/csjemballages\"],\"address\":{\"@type\":\"PostalAddress\",\"streetAddress\":\"ZI La Lechere\",\"addressLocality\":\"Patornay\",\"postalCode\":\"39130\",\"addressCountry\":\"FR\"},\"contactPoint\":[{\"@type\":\"ContactPoint\",\"contactType\":\"Service client\",\"telephone\":\"0384254272\",\"email\":\"contact@csj-emballages.com\"}]}]}<\/script>\n<!-- \/ Yoast SEO Premium plugin. -->","yoast_head_json":{"title":"Contenitore per Alimenti Americano \"Doggy Bag\" 780 ml - confezione da 450","description":"Contenitore per alimenti americano 780 ml in kraft. Ideale per l'asporto, robusto, pratico ed economico. Lotto da 450 unit\u00e0 per ristoratori.","robots":{"index":"index","follow":"follow","max-snippet":"max-snippet:-1","max-image-preview":"max-image-preview:large","max-video-preview":"max-video-preview:-1"},"canonical":"https:\/\/www.csj-emballages.com\/it\/produit\/contenitore-per-alimenti-americano-doggy-bag-780-ml-confezione-da-450\/","og_locale":"it_IT","og_type":"article","og_title":"Contenitore per alimenti americano \"Doggy Bag\" 780 ml - confezione da 450","og_description":"Contenitore per alimenti americano 780 ml in kraft. Ideale per l'asporto, robusto, pratico ed economico. Lotto da 450 unit\u00e0 per ristoratori.","og_url":"https:\/\/www.csj-emballages.com\/it\/produit\/contenitore-per-alimenti-americano-doggy-bag-780-ml-confezione-da-450\/","og_site_name":"CSJ Emballages","article_publisher":"https:\/\/www.facebook.com\/csjemballages","article_modified_time":"2026-03-28T01:12:44+00:00","og_image":[{"width":800,"height":800,"url":"https:\/\/www.csj-emballages.com\/wp-content\/uploads\/2024\/03\/DOGGYBAG780.webp","type":"image\/webp"}],"twitter_card":"summary_large_image","twitter_misc":{"Dur\u00e9e de lecture estim\u00e9e":"2 minuti"},"schema":{"@context":"https:\/\/schema.org","@graph":[{"@type":"WebPage","@id":"https:\/\/www.csj-emballages.com\/it\/produit\/contenitore-per-alimenti-americano-doggy-bag-780-ml-confezione-da-450\/","url":"https:\/\/www.csj-emballages.com\/it\/produit\/contenitore-per-alimenti-americano-doggy-bag-780-ml-confezione-da-450\/","name":"Contenitore per Alimenti Americano \"Doggy Bag\" 780 ml - confezione da 450","isPartOf":{"@id":"https:\/\/www.csj-emballages.com\/it\/#website"},"primaryImageOfPage":{"@id":"https:\/\/www.csj-emballages.com\/it\/produit\/contenitore-per-alimenti-americano-doggy-bag-780-ml-confezione-da-450\/#primaryimage"},"image":{"@id":"https:\/\/www.csj-emballages.com\/it\/produit\/contenitore-per-alimenti-americano-doggy-bag-780-ml-confezione-da-450\/#primaryimage"},"thumbnailUrl":"https:\/\/www.csj-emballages.com\/wp-content\/uploads\/2024\/03\/DOGGYBAG780.webp","datePublished":"2024-03-01T15:54:30+00:00","dateModified":"2026-03-28T01:12:44+00:00","description":"Contenitore per alimenti americano 780 ml in kraft. Ideale per l'asporto, robusto, pratico ed economico. Lotto da 450 unit\u00e0 per ristoratori.","breadcrumb":{"@id":"https:\/\/www.csj-emballages.com\/it\/produit\/contenitore-per-alimenti-americano-doggy-bag-780-ml-confezione-da-450\/#breadcrumb"},"inLanguage":"it-IT","potentialAction":[{"@type":"ReadAction","target":["https:\/\/www.csj-emballages.com\/it\/produit\/contenitore-per-alimenti-americano-doggy-bag-780-ml-confezione-da-450\/"]}]},{"@type":"ImageObject","inLanguage":"it-IT","@id":"https:\/\/www.csj-emballages.com\/it\/produit\/contenitore-per-alimenti-americano-doggy-bag-780-ml-confezione-da-450\/#primaryimage","url":"https:\/\/www.csj-emballages.com\/wp-content\/uploads\/2024\/03\/DOGGYBAG780.webp","contentUrl":"https:\/\/www.csj-emballages.com\/wp-content\/uploads\/2024\/03\/DOGGYBAG780.webp","width":800,"height":800,"caption":"Boite repas"},{"@type":"BreadcrumbList","@id":"https:\/\/www.csj-emballages.com\/it\/produit\/contenitore-per-alimenti-americano-doggy-bag-780-ml-confezione-da-450\/#breadcrumb","itemListElement":[{"@type":"ListItem","position":1,"name":"Home","item":"https:\/\/www.csj-emballages.com\/it\/universo-imballaggi-alimentari\/"},{"@type":"ListItem","position":2,"name":"Negozio","item":"https:\/\/www.csj-emballages.com\/it\/negozio\/"},{"@type":"ListItem","position":3,"name":"Contenitore per alimenti americano \u00ab\u00a0Doggy Bag\u00a0\u00bb 780 ml &#8211; confezione da 450"}]},{"@type":"WebSite","@id":"https:\/\/www.csj-emballages.com\/it\/#website","url":"https:\/\/www.csj-emballages.com\/it\/","name":"CSJ Emballages","description":"","publisher":{"@id":"https:\/\/www.csj-emballages.com\/it\/#organization"},"potentialAction":[{"@type":"SearchAction","target":{"@type":"EntryPoint","urlTemplate":"https:\/\/www.csj-emballages.com\/it\/?s={search_term_string}"},"query-input":{"@type":"PropertyValueSpecification","valueRequired":true,"valueName":"search_term_string"}}],"inLanguage":"it-IT"},{"@type":"Organization","@id":"https:\/\/www.csj-emballages.com\/it\/#Organization\/","name":"CSJ Emballages","url":"https:\/\/www.csj-emballages.com\/it\/","logo":{"@type":"ImageObject","inLanguage":"it-IT","@id":"https:\/\/www.csj-emballages.com\/it\/#\/schema\/logo\/image\/","url":"https:\/\/www.csj-emballages.com\/wp-content\/uploads\/2023\/10\/logo_csj.webp","contentUrl":"https:\/\/www.csj-emballages.com\/wp-content\/uploads\/2023\/10\/logo_csj.webp","width":250,"height":95,"caption":"CSJ Emballages"},"image":{"@id":"https:\/\/www.csj-emballages.com\/it\/#\/schema\/logo\/image\/"},"sameAs":["https:\/\/www.facebook.com\/csjemballages"],"address":{"@type":"PostalAddress","streetAddress":"ZI La Lechere","addressLocality":"Patornay","postalCode":"39130","addressCountry":"FR"},"contactPoint":[{"@type":"ContactPoint","contactType":"Service client","telephone":"0384254272","email":"contact@csj-emballages.com"}]}]}},"df_price":84.55,"df_sale_price":"","df_regular_price":84.55,"df_image_link":"https:\/\/www.csj-emballages.com\/wp-content\/uploads\/2024\/03\/DOGGYBAG780-300x300.webp","tiered_pricing_type":"fixed","tiered_pricing_fixed_rules":[],"tiered_pricing_percentage_rules":[],"tiered_pricing_minimum":1,"tiered_pricing_roles_data":[],"_links":{"self":[{"href":"https:\/\/www.csj-emballages.com\/it\/wp-json\/wp\/v2\/product\/267003","targetHints":{"allow":["GET"]}}],"collection":[{"href":"https:\/\/www.csj-emballages.com\/it\/wp-json\/wp\/v2\/product"}],"about":[{"href":"https:\/\/www.csj-emballages.com\/it\/wp-json\/wp\/v2\/types\/product"}],"wp:featuredmedia":[{"embeddable":true,"href":"https:\/\/www.csj-emballages.com\/it\/wp-json\/wp\/v2\/media\/267009"}],"wp:attachment":[{"href":"https:\/\/www.csj-emballages.com\/it\/wp-json\/wp\/v2\/media?parent=267003"}],"wp:term":[{"taxonomy":"product_brand","embeddable":true,"href":"https:\/\/www.csj-emballages.com\/it\/wp-json\/wp\/v2\/product_brand?post=267003"},{"taxonomy":"product_cat","embeddable":true,"href":"https:\/\/www.csj-emballages.com\/it\/wp-json\/wp\/v2\/product_cat?post=267003"},{"taxonomy":"product_tag","embeddable":true,"href":"https:\/\/www.csj-emballages.com\/it\/wp-json\/wp\/v2\/product_tag?post=267003"}],"curies":[{"name":"wp","href":"https:\/\/api.w.org\/{rel}","templated":true}]}}