{"id":266988,"date":"2024-03-01T16:54:32","date_gmt":"2024-03-01T15:54:32","guid":{"rendered":"https:\/\/www.csj-emballages.com\/produit\/dosatore-sapone-a-pressione-900-ml\/"},"modified":"2026-04-17T02:13:05","modified_gmt":"2026-04-17T00:13:05","slug":"dosatore-sapone-a-pressione-900-ml","status":"publish","type":"product","link":"https:\/\/www.csj-emballages.com\/it\/produit\/dosatore-sapone-a-pressione-900-ml\/","title":{"rendered":"Dosatore sapone a pressione 900 ml"},"content":{"rendered":"<h2>Dosatore sapone<\/h2>\n<hr>\n<h3>Descrizione del nostro dosatore sapone a pressione da 1 litro<!--more--><\/h3>\n<div class=\"flex max-w-full flex-col flex-grow\">\n<div class=\"min-h-8 text-message flex w-full flex-col items-end gap-2 whitespace-normal break-words text-start [.text-message+&amp;]:mt-5\" dir=\"auto\" data-message-author-role=\"assistant\" data-message-id=\"266ca6f3-5e07-4948-bd20-80ac5e6da4a5\" data-message-model-slug=\"gpt-4o\">\n<div class=\"flex w-full flex-col gap-1 empty:hidden first:pt-[3px]\">\n<div class=\"markdown prose w-full break-words dark:prose-invert dark\"><\/div>\n<\/div>\n<\/div>\n<\/div>\n<p data-start=\"248\" data-end=\"596\">Questo <strong>dosatore di sapone a pressione<\/strong> da <strong data-start=\"284\" data-end=\"294\">900 ml<\/strong> \u00e8 pensato per l&#8217;essenziale: efficacia, semplicit\u00e0 e igiene. Con il suo <strong>design sobrio bianco<\/strong> e <strong>grigio<\/strong>, si integra facilmente in qualsiasi ambiente, che si tratti di servizi igienici professionali, una cucina di ristorante, un ufficio o uno spazio pubblico. Fa il suo dovere, senza esagerare.  <\/p>\n<p data-start=\"598\" data-end=\"1012\">Grazie al suo sistema a pressione, l&#8217;utilizzo \u00e8 intuitivo. Una semplice pressione \u00e8 sufficiente per erogare la giusta quantit\u00e0 di sapone, evitando sprechi e mantenendo le mani pulite senza schizzi. \u00c8 pratico per l&#8217;uso quotidiano, soprattutto in luoghi molto frequentati. Inoltre, la sua <strong data-start=\"894\" data-end=\"923\">grande capacit\u00e0 di 900 ml<\/strong> permette di distanziare le ricariche, risparmiando tempo e semplificando la manutenzione.   <\/p>\n<p data-start=\"1014\" data-end=\"1292\">Inoltre, la sua <strong>finestra trasparente<\/strong> permette di visualizzare rapidamente il livello del sapone. Nessuna brutta sorpresa: sai quando \u00e8 il momento di ricaricarlo. Il suo formato a parete libera spazio sui piani di lavoro e contribuisce a mantenere un&#8217;area pulita e organizzata.  <\/p>\n<p data-start=\"1294\" data-end=\"1514\">Solido e affidabile, questo <strong>dosatore<\/strong> \u00e8 progettato per un uso intensivo. \u00c8 adatto sia per saponi liquidi che per gel lavamani, il che lo rende versatile e facile da integrare in diversi contesti professionali. <\/p>\n<p data-start=\"1516\" data-end=\"1764\">In sintesi, questo <strong>dosatore di sapone a pressione<\/strong> \u00e8 una soluzione semplice, pulita e duratura. Migliora l&#8217;igiene senza complicare la quotidianit\u00e0 e risponde perfettamente alle esigenze dei professionisti che cercano attrezzature funzionali ed efficienti. <\/p>\n<p data-start=\"1516\" data-end=\"1764\">\n<p data-start=\"1516\" data-end=\"1764\"><!--more--><\/p>\n<div class=\"flex max-w-full flex-col flex-grow\">\n<div class=\"min-h-8 text-message flex w-full flex-col items-end gap-2 whitespace-normal break-words text-start [.text-message+&amp;]:mt-5\" dir=\"auto\" data-message-author-role=\"assistant\" data-message-id=\"266ca6f3-5e07-4948-bd20-80ac5e6da4a5\" data-message-model-slug=\"gpt-4o\">\n<div class=\"flex w-full flex-col gap-1 empty:hidden first:pt-[3px]\">\n<div class=\"markdown prose w-full break-words dark:prose-invert dark\">\n<p>Utilizzo manuale con 3 ml per erogazione.<\/p>\n<p>*Questo dosatore \u00e8 fornito con le viti.<\/p>\n<\/div>\n<\/div>\n<\/div>\n<\/div>\n<p>&nbsp;<\/p>\n<p><!--more--><\/p>\n<h4>Vantaggi:<\/h4>\n<ul>\n<li data-start=\"1792\" data-end=\"1820\">Grande capacit\u00e0 di <strong>900 ml<\/strong>.<\/li>\n<li data-start=\"1823\" data-end=\"1876\">Erogazione controllata grazie al sistema a pressione.<\/li>\n<li data-start=\"1879\" data-end=\"1911\"><strong>Finestra di controllo<\/strong> del livello.<\/li>\n<li data-start=\"1914\" data-end=\"1948\">Design discreto e professionale.<\/li>\n<li data-start=\"1951\" data-end=\"1978\"><strong>Fissaggio a parete<\/strong> pratico.<\/li>\n<li data-start=\"1981\" data-end=\"2008\">Adatto per un uso intensivo.<\/li>\n<\/ul>\n<p>&nbsp;<\/p>\n<p><!--more--><\/p>\n<h4>Altre informazioni:<\/h4>\n<ul>\n<li><strong>Confezionamento<\/strong>: All&#8217;unit\u00e0<\/li>\n<li><strong>Materiale<\/strong>: Plastica<\/li>\n<li><strong>Colore<\/strong>: Bianco<\/li>\n<li><strong>Utilizzo<\/strong>: A pressione \/ manuale<\/li>\n<li><strong>Capacit\u00e0<\/strong>: 1 litro \/ 3 ml per erogazione<\/li>\n<\/ul>\n<p>&nbsp;<\/p>\n<p><!--more--><\/p>\n<p><a href=\"\/?product_cat=savon-main\">Consulta qui la nostra gamma di saponi per le mani<\/a><\/p>\n<p>&nbsp;<\/p>\n<p><!--more--><\/p>\n<p><a href=\"https:\/\/www.csj-emballages.com\/it\/categorie-produit\/igiene-e-manutenzione\/dispenser\/\">Consulta il resto della nostra gamma di dosatori<\/a><\/p>\n","protected":false},"excerpt":{"rendered":"<p>Dosatore sapone Descrizione del nostro dosatore sapone a pressione da 1 litro<\/p>\n","protected":false},"featured_media":266991,"template":"","meta":{"_acf_changed":false},"product_brand":[],"product_cat":[10356,10384],"product_tag":[],"class_list":{"0":"post-266988","1":"product","2":"type-product","3":"status-publish","4":"has-post-thumbnail","6":"product_cat-igiene-e-manutenzione","7":"product_cat-dispenser","9":"first","10":"instock","11":"taxable","12":"shipping-taxable","13":"purchasable","14":"product-type-simple"},"acf":[],"yoast_head":"<!-- This site is optimized with the Yoast SEO Premium plugin v26.6 (Yoast SEO v26.6) - https:\/\/yoast.com\/wordpress\/plugins\/seo\/ -->\n<title>Dosatore Sapone a Pressione 1 litro<\/title>\n<meta name=\"description\" content=\"Scopri il nostro dosatore Sapone a Pressione da 1 litro. Con una capacit\u00e0 di 1L e 3ml per erogazione manuale. Utilizzo manuale.\" \/>\n<meta name=\"robots\" content=\"index, follow, max-snippet:-1, max-image-preview:large, max-video-preview:-1\" \/>\n<link rel=\"canonical\" href=\"https:\/\/www.csj-emballages.com\/it\/produit\/dosatore-sapone-a-pressione-900-ml\/\" \/>\n<meta property=\"og:locale\" content=\"it_IT\" \/>\n<meta property=\"og:type\" content=\"article\" \/>\n<meta property=\"og:title\" content=\"Dosatore sapone a pressione 900 ml\" \/>\n<meta property=\"og:description\" content=\"Scopri il nostro dosatore Sapone a Pressione da 1 litro. Con una capacit\u00e0 di 1L e 3ml per erogazione manuale. Utilizzo manuale.\" \/>\n<meta property=\"og:url\" content=\"https:\/\/www.csj-emballages.com\/it\/produit\/dosatore-sapone-a-pressione-900-ml\/\" \/>\n<meta property=\"og:site_name\" content=\"CSJ Emballages\" \/>\n<meta property=\"article:publisher\" content=\"https:\/\/www.facebook.com\/csjemballages\" \/>\n<meta property=\"article:modified_time\" content=\"2026-04-17T00:13:05+00:00\" \/>\n<meta property=\"og:image\" content=\"https:\/\/www.csj-emballages.com\/wp-content\/uploads\/2024\/03\/DISTRI1L-2.webp\" \/>\n\t<meta property=\"og:image:width\" content=\"800\" \/>\n\t<meta property=\"og:image:height\" content=\"800\" \/>\n\t<meta property=\"og:image:type\" content=\"image\/webp\" \/>\n<meta name=\"twitter:card\" content=\"summary_large_image\" \/>\n<meta name=\"twitter:label1\" content=\"Dur\u00e9e de lecture estim\u00e9e\" \/>\n\t<meta name=\"twitter:data1\" content=\"2 minuti\" \/>\n<script type=\"application\/ld+json\" class=\"yoast-schema-graph\">{\"@context\":\"https:\/\/schema.org\",\"@graph\":[{\"@type\":\"WebPage\",\"@id\":\"https:\/\/www.csj-emballages.com\/it\/produit\/dosatore-sapone-a-pressione-900-ml\/\",\"url\":\"https:\/\/www.csj-emballages.com\/it\/produit\/dosatore-sapone-a-pressione-900-ml\/\",\"name\":\"Dosatore Sapone a Pressione 1 litro\",\"isPartOf\":{\"@id\":\"https:\/\/www.csj-emballages.com\/it\/#website\"},\"primaryImageOfPage\":{\"@id\":\"https:\/\/www.csj-emballages.com\/it\/produit\/dosatore-sapone-a-pressione-900-ml\/#primaryimage\"},\"image\":{\"@id\":\"https:\/\/www.csj-emballages.com\/it\/produit\/dosatore-sapone-a-pressione-900-ml\/#primaryimage\"},\"thumbnailUrl\":\"https:\/\/www.csj-emballages.com\/wp-content\/uploads\/2024\/03\/DISTRI1L-2.webp\",\"datePublished\":\"2024-03-01T15:54:32+00:00\",\"dateModified\":\"2026-04-17T00:13:05+00:00\",\"description\":\"Scopri il nostro dosatore Sapone a Pressione da 1 litro. Con una capacit\u00e0 di 1L e 3ml per erogazione manuale. Utilizzo manuale.\",\"breadcrumb\":{\"@id\":\"https:\/\/www.csj-emballages.com\/it\/produit\/dosatore-sapone-a-pressione-900-ml\/#breadcrumb\"},\"inLanguage\":\"it-IT\",\"potentialAction\":[{\"@type\":\"ReadAction\",\"target\":[\"https:\/\/www.csj-emballages.com\/it\/produit\/dosatore-sapone-a-pressione-900-ml\/\"]}]},{\"@type\":\"ImageObject\",\"inLanguage\":\"it-IT\",\"@id\":\"https:\/\/www.csj-emballages.com\/it\/produit\/dosatore-sapone-a-pressione-900-ml\/#primaryimage\",\"url\":\"https:\/\/www.csj-emballages.com\/wp-content\/uploads\/2024\/03\/DISTRI1L-2.webp\",\"contentUrl\":\"https:\/\/www.csj-emballages.com\/wp-content\/uploads\/2024\/03\/DISTRI1L-2.webp\",\"width\":800,\"height\":800,\"caption\":\"Distributeur savon\"},{\"@type\":\"BreadcrumbList\",\"@id\":\"https:\/\/www.csj-emballages.com\/it\/produit\/dosatore-sapone-a-pressione-900-ml\/#breadcrumb\",\"itemListElement\":[{\"@type\":\"ListItem\",\"position\":1,\"name\":\"Home\",\"item\":\"https:\/\/www.csj-emballages.com\/it\/universo-imballaggi-alimentari\/\"},{\"@type\":\"ListItem\",\"position\":2,\"name\":\"Negozio\",\"item\":\"https:\/\/www.csj-emballages.com\/it\/negozio\/\"},{\"@type\":\"ListItem\",\"position\":3,\"name\":\"Dosatore sapone a pressione 900 ml\"}]},{\"@type\":\"WebSite\",\"@id\":\"https:\/\/www.csj-emballages.com\/it\/#website\",\"url\":\"https:\/\/www.csj-emballages.com\/it\/\",\"name\":\"CSJ Emballages\",\"description\":\"\",\"publisher\":{\"@id\":\"https:\/\/www.csj-emballages.com\/it\/#organization\"},\"potentialAction\":[{\"@type\":\"SearchAction\",\"target\":{\"@type\":\"EntryPoint\",\"urlTemplate\":\"https:\/\/www.csj-emballages.com\/it\/?s={search_term_string}\"},\"query-input\":{\"@type\":\"PropertyValueSpecification\",\"valueRequired\":true,\"valueName\":\"search_term_string\"}}],\"inLanguage\":\"it-IT\"},{\"@type\":\"Organization\",\"@id\":\"https:\/\/www.csj-emballages.com\/it\/#Organization\/\",\"name\":\"CSJ Emballages\",\"url\":\"https:\/\/www.csj-emballages.com\/it\/\",\"logo\":{\"@type\":\"ImageObject\",\"inLanguage\":\"it-IT\",\"@id\":\"https:\/\/www.csj-emballages.com\/it\/#\/schema\/logo\/image\/\",\"url\":\"https:\/\/www.csj-emballages.com\/wp-content\/uploads\/2023\/10\/logo_csj.webp\",\"contentUrl\":\"https:\/\/www.csj-emballages.com\/wp-content\/uploads\/2023\/10\/logo_csj.webp\",\"width\":250,\"height\":95,\"caption\":\"CSJ Emballages\"},\"image\":{\"@id\":\"https:\/\/www.csj-emballages.com\/it\/#\/schema\/logo\/image\/\"},\"sameAs\":[\"https:\/\/www.facebook.com\/csjemballages\"],\"address\":{\"@type\":\"PostalAddress\",\"streetAddress\":\"ZI La Lechere\",\"addressLocality\":\"Patornay\",\"postalCode\":\"39130\",\"addressCountry\":\"FR\"},\"contactPoint\":[{\"@type\":\"ContactPoint\",\"contactType\":\"Service client\",\"telephone\":\"0384254272\",\"email\":\"contact@csj-emballages.com\"}]}]}<\/script>\n<!-- \/ Yoast SEO Premium plugin. -->","yoast_head_json":{"title":"Dosatore Sapone a Pressione 1 litro","description":"Scopri il nostro dosatore Sapone a Pressione da 1 litro. Con una capacit\u00e0 di 1L e 3ml per erogazione manuale. Utilizzo manuale.","robots":{"index":"index","follow":"follow","max-snippet":"max-snippet:-1","max-image-preview":"max-image-preview:large","max-video-preview":"max-video-preview:-1"},"canonical":"https:\/\/www.csj-emballages.com\/it\/produit\/dosatore-sapone-a-pressione-900-ml\/","og_locale":"it_IT","og_type":"article","og_title":"Dosatore sapone a pressione 900 ml","og_description":"Scopri il nostro dosatore Sapone a Pressione da 1 litro. Con una capacit\u00e0 di 1L e 3ml per erogazione manuale. Utilizzo manuale.","og_url":"https:\/\/www.csj-emballages.com\/it\/produit\/dosatore-sapone-a-pressione-900-ml\/","og_site_name":"CSJ Emballages","article_publisher":"https:\/\/www.facebook.com\/csjemballages","article_modified_time":"2026-04-17T00:13:05+00:00","og_image":[{"width":800,"height":800,"url":"https:\/\/www.csj-emballages.com\/wp-content\/uploads\/2024\/03\/DISTRI1L-2.webp","type":"image\/webp"}],"twitter_card":"summary_large_image","twitter_misc":{"Dur\u00e9e de lecture estim\u00e9e":"2 minuti"},"schema":{"@context":"https:\/\/schema.org","@graph":[{"@type":"WebPage","@id":"https:\/\/www.csj-emballages.com\/it\/produit\/dosatore-sapone-a-pressione-900-ml\/","url":"https:\/\/www.csj-emballages.com\/it\/produit\/dosatore-sapone-a-pressione-900-ml\/","name":"Dosatore Sapone a Pressione 1 litro","isPartOf":{"@id":"https:\/\/www.csj-emballages.com\/it\/#website"},"primaryImageOfPage":{"@id":"https:\/\/www.csj-emballages.com\/it\/produit\/dosatore-sapone-a-pressione-900-ml\/#primaryimage"},"image":{"@id":"https:\/\/www.csj-emballages.com\/it\/produit\/dosatore-sapone-a-pressione-900-ml\/#primaryimage"},"thumbnailUrl":"https:\/\/www.csj-emballages.com\/wp-content\/uploads\/2024\/03\/DISTRI1L-2.webp","datePublished":"2024-03-01T15:54:32+00:00","dateModified":"2026-04-17T00:13:05+00:00","description":"Scopri il nostro dosatore Sapone a Pressione da 1 litro. Con una capacit\u00e0 di 1L e 3ml per erogazione manuale. Utilizzo manuale.","breadcrumb":{"@id":"https:\/\/www.csj-emballages.com\/it\/produit\/dosatore-sapone-a-pressione-900-ml\/#breadcrumb"},"inLanguage":"it-IT","potentialAction":[{"@type":"ReadAction","target":["https:\/\/www.csj-emballages.com\/it\/produit\/dosatore-sapone-a-pressione-900-ml\/"]}]},{"@type":"ImageObject","inLanguage":"it-IT","@id":"https:\/\/www.csj-emballages.com\/it\/produit\/dosatore-sapone-a-pressione-900-ml\/#primaryimage","url":"https:\/\/www.csj-emballages.com\/wp-content\/uploads\/2024\/03\/DISTRI1L-2.webp","contentUrl":"https:\/\/www.csj-emballages.com\/wp-content\/uploads\/2024\/03\/DISTRI1L-2.webp","width":800,"height":800,"caption":"Distributeur savon"},{"@type":"BreadcrumbList","@id":"https:\/\/www.csj-emballages.com\/it\/produit\/dosatore-sapone-a-pressione-900-ml\/#breadcrumb","itemListElement":[{"@type":"ListItem","position":1,"name":"Home","item":"https:\/\/www.csj-emballages.com\/it\/universo-imballaggi-alimentari\/"},{"@type":"ListItem","position":2,"name":"Negozio","item":"https:\/\/www.csj-emballages.com\/it\/negozio\/"},{"@type":"ListItem","position":3,"name":"Dosatore sapone a pressione 900 ml"}]},{"@type":"WebSite","@id":"https:\/\/www.csj-emballages.com\/it\/#website","url":"https:\/\/www.csj-emballages.com\/it\/","name":"CSJ Emballages","description":"","publisher":{"@id":"https:\/\/www.csj-emballages.com\/it\/#organization"},"potentialAction":[{"@type":"SearchAction","target":{"@type":"EntryPoint","urlTemplate":"https:\/\/www.csj-emballages.com\/it\/?s={search_term_string}"},"query-input":{"@type":"PropertyValueSpecification","valueRequired":true,"valueName":"search_term_string"}}],"inLanguage":"it-IT"},{"@type":"Organization","@id":"https:\/\/www.csj-emballages.com\/it\/#Organization\/","name":"CSJ Emballages","url":"https:\/\/www.csj-emballages.com\/it\/","logo":{"@type":"ImageObject","inLanguage":"it-IT","@id":"https:\/\/www.csj-emballages.com\/it\/#\/schema\/logo\/image\/","url":"https:\/\/www.csj-emballages.com\/wp-content\/uploads\/2023\/10\/logo_csj.webp","contentUrl":"https:\/\/www.csj-emballages.com\/wp-content\/uploads\/2023\/10\/logo_csj.webp","width":250,"height":95,"caption":"CSJ Emballages"},"image":{"@id":"https:\/\/www.csj-emballages.com\/it\/#\/schema\/logo\/image\/"},"sameAs":["https:\/\/www.facebook.com\/csjemballages"],"address":{"@type":"PostalAddress","streetAddress":"ZI La Lechere","addressLocality":"Patornay","postalCode":"39130","addressCountry":"FR"},"contactPoint":[{"@type":"ContactPoint","contactType":"Service client","telephone":"0384254272","email":"contact@csj-emballages.com"}]}]}},"df_price":18.06,"df_sale_price":"","df_regular_price":18.06,"df_image_link":"https:\/\/www.csj-emballages.com\/wp-content\/uploads\/2024\/03\/DISTRI1L-2-300x300.webp","tiered_pricing_type":"fixed","tiered_pricing_fixed_rules":[],"tiered_pricing_percentage_rules":[],"tiered_pricing_minimum":1,"tiered_pricing_roles_data":[],"_links":{"self":[{"href":"https:\/\/www.csj-emballages.com\/it\/wp-json\/wp\/v2\/product\/266988","targetHints":{"allow":["GET"]}}],"collection":[{"href":"https:\/\/www.csj-emballages.com\/it\/wp-json\/wp\/v2\/product"}],"about":[{"href":"https:\/\/www.csj-emballages.com\/it\/wp-json\/wp\/v2\/types\/product"}],"wp:featuredmedia":[{"embeddable":true,"href":"https:\/\/www.csj-emballages.com\/it\/wp-json\/wp\/v2\/media\/266991"}],"wp:attachment":[{"href":"https:\/\/www.csj-emballages.com\/it\/wp-json\/wp\/v2\/media?parent=266988"}],"wp:term":[{"taxonomy":"product_brand","embeddable":true,"href":"https:\/\/www.csj-emballages.com\/it\/wp-json\/wp\/v2\/product_brand?post=266988"},{"taxonomy":"product_cat","embeddable":true,"href":"https:\/\/www.csj-emballages.com\/it\/wp-json\/wp\/v2\/product_cat?post=266988"},{"taxonomy":"product_tag","embeddable":true,"href":"https:\/\/www.csj-emballages.com\/it\/wp-json\/wp\/v2\/product_tag?post=266988"}],"curies":[{"name":"wp","href":"https:\/\/api.w.org\/{rel}","templated":true}]}}