{"id":266951,"date":"2024-03-01T16:53:35","date_gmt":"2024-03-01T15:53:35","guid":{"rendered":"https:\/\/www.csj-emballages.com\/produit\/rotolo-pellicola-estensibile-alimentare-in-scatola-distributrice-zip-300-x-045-m\/"},"modified":"2026-04-17T02:13:33","modified_gmt":"2026-04-17T00:13:33","slug":"rotolo-pellicola-estensibile-alimentare-in-scatola-distributrice-zip-300-x-045-m","status":"publish","type":"product","link":"https:\/\/www.csj-emballages.com\/it\/produit\/rotolo-pellicola-estensibile-alimentare-in-scatola-distributrice-zip-300-x-045-m\/","title":{"rendered":"Rotolo pellicola estensibile alimentare in scatola distributrice zip 300 x 0,45 m"},"content":{"rendered":"<h2 class=\"p1\">Rotolo pellicola estensibile<\/h2>\n<hr>\n<h3>Descrizione del nostro rotolo pellicola estensibile alimentare in scatola distributrice zip 300 x 0,45 m<\/h3>\n<p><!--more--><\/p>\n<p data-start=\"84\" data-end=\"533\">Questo <strong>rotolo di pellicola alimentare estensibile<\/strong> \u00e8 un indispensabile per tutti i professionisti della ristorazione, catering, panettieri, pasticceri, ma anche per i privati che desiderano conservare efficacemente i propri alimenti. Grazie alla sua <strong>scatola dispenser con zip integrata<\/strong>, permette un taglio rapido e preciso della pellicola, evitando cos\u00ec sprechi e facilitandone l&#8217;uso quotidiano. <\/p>\n<p data-start=\"535\" data-end=\"882\">Con una lunghezza di <strong>300 metri<\/strong> e una <strong>larghezza di 45 cm<\/strong>, questa <strong>pellicola estensibile<\/strong> \u00e8 progettata per avvolgere ermeticamente i tuoi alimenti, garantendo cos\u00ec la loro freschezza e protezione dall&#8217;aria e dall&#8217;umidit\u00e0. \u00c8 ideale per coprire piatti, conservare ingredienti freschi o proteggere preparazioni culinarie. <\/p>\n<p data-start=\"884\" data-end=\"1152\">La sua grande elasticit\u00e0 e resistenza le permettono di aderire bene ai contenitori senza strapparsi facilmente. Questo <strong>rotolo pellicola estensibile<\/strong> \u00e8 compatibile con l&#8217;uso in frigorifero e adatto al contatto alimentare, garantendo cos\u00ec una conservazione ottimale dei tuoi prodotti. <\/p>\n<p><!--more--><\/p>\n<h4>I loro vantaggi:<\/h4>\n<ul>\n<li data-start=\"1125\" data-end=\"1221\"><strong data-start=\"1188\" data-end=\"1228\">Scatola dispenser con zip integrata<\/strong>: Taglio facile e rapido per un uso pratico.<\/li>\n<li data-start=\"1125\" data-end=\"1221\"><strong data-start=\"1282\" data-end=\"1312\" data-is-only-node=\"\">Lunga durata d&#8217;uso<\/strong>: 300 metri di pellicola per un uso prolungato.<\/li>\n<li data-start=\"1125\" data-end=\"1221\"><strong data-start=\"1362\" data-end=\"1384\">Aderenza perfetta<\/strong>: Assicura una chiusura ermetica per preservare la freschezza.<\/li>\n<li data-start=\"1125\" data-end=\"1221\"><strong data-start=\"1452\" data-end=\"1466\">Versatile<\/strong>: Adatto per piatti, ciotole, ingredienti e preparazioni culinarie.<\/li>\n<li data-start=\"1125\" data-end=\"1221\"><strong data-start=\"1539\" data-end=\"1562\">Resistente e flessibile<\/strong>: Questo rotolo pellicola estensibile non si strappa facilmente e si adatta perfettamente alle forme dei contenitori.<\/li>\n<li data-start=\"1125\" data-end=\"1221\"><strong data-start=\"1648\" data-end=\"1662\">Igienico<\/strong>: Protegge gli alimenti da contaminanti esterni.<\/li>\n<\/ul>\n<p>&nbsp;<\/p>\n<p><!--more--><\/p>\n<h4>Altre informazioni:<\/h4>\n<ul>\n<li><strong>Confezione<\/strong>: Singola<\/li>\n<li><strong>Dimensioni<\/strong> : 300 x 0.45 m<\/li>\n<\/ul>\n<p>&nbsp;<\/p>\n<p><!--more--><\/p>\n<p>Questo prodotto esiste anche in scatola da 30 cm: <span style=\"color: #d12727;\"><a style=\"color: #d12727;\" href=\"https:\/\/www.csj-emballages.com\/it\/produit\/rotolo-di-pellicola-alimentare-estensibile-in-scatola-dispenser-con-zip-300-x-030-m\/\">FL30ZIP<\/a><\/span><\/p>\n<p>&nbsp;<\/p>\n<p><!--more--><\/p>\n<p><a href=\"https:\/\/www.csj-emballages.com\/it\/categorie-produit\/imballaggi-alimentari\/macelleria-gastronomia-ortofrutta\/pellicole-alimentari\/pellicole-estensibili-alimentari-in-scatola-taglia-pellicola-zip\/\">Consulta il resto della nostra gamma di pellicole alimentari<\/a><\/p>\n","protected":false},"excerpt":{"rendered":"<p>Rotolo pellicola estensibile Descrizione del nostro rotolo pellicola estensibile alimentare in scatola distributrice zip 300 x 0,45 m<\/p>\n","protected":false},"featured_media":273516,"template":"","meta":{"_acf_changed":false},"product_brand":[],"product_cat":[10346,10381,10426,10431],"product_tag":[],"class_list":{"0":"post-266951","1":"product","2":"type-product","3":"status-publish","4":"has-post-thumbnail","6":"product_cat-imballaggi-alimentari","7":"product_cat-macelleria-gastronomia-ortofrutta","8":"product_cat-pellicole-alimentari","9":"product_cat-pellicole-estensibili-alimentari-in-scatola-taglia-pellicola-zip","11":"first","12":"instock","13":"taxable","14":"shipping-taxable","15":"purchasable","16":"product-type-simple"},"acf":[],"yoast_head":"<!-- This site is optimized with the Yoast SEO Premium plugin v26.6 (Yoast SEO v26.6) - https:\/\/yoast.com\/wordpress\/plugins\/seo\/ -->\n<title>Rotolo Pellicola Alimentare Estensibile in Scatola Distributrice Zip<\/title>\n<meta name=\"description\" content=\"Scopri il nostro rotolo pellicola estensibile alimentare 300 x 0,45 m in scatola distributrice con zip! Ideale per ristoratori, catering e privati.\" \/>\n<meta name=\"robots\" content=\"index, follow, max-snippet:-1, max-image-preview:large, max-video-preview:-1\" \/>\n<link rel=\"canonical\" href=\"https:\/\/www.csj-emballages.com\/it\/produit\/rotolo-pellicola-estensibile-alimentare-in-scatola-distributrice-zip-300-x-045-m\/\" \/>\n<meta property=\"og:locale\" content=\"it_IT\" \/>\n<meta property=\"og:type\" content=\"article\" \/>\n<meta property=\"og:title\" content=\"Rotolo pellicola estensibile alimentare in scatola distributrice zip 300 x 0,45 m\" \/>\n<meta property=\"og:description\" content=\"Scopri il nostro rotolo pellicola estensibile alimentare 300 x 0,45 m in scatola distributrice con zip! Ideale per ristoratori, catering e privati.\" \/>\n<meta property=\"og:url\" content=\"https:\/\/www.csj-emballages.com\/it\/produit\/rotolo-pellicola-estensibile-alimentare-in-scatola-distributrice-zip-300-x-045-m\/\" \/>\n<meta property=\"og:site_name\" content=\"CSJ Emballages\" \/>\n<meta property=\"article:publisher\" content=\"https:\/\/www.facebook.com\/csjemballages\" \/>\n<meta property=\"article:modified_time\" content=\"2026-04-17T00:13:33+00:00\" \/>\n<meta property=\"og:image\" content=\"https:\/\/www.csj-emballages.com\/wp-content\/uploads\/2024\/03\/FL45ZIP.webp\" \/>\n\t<meta property=\"og:image:width\" content=\"800\" \/>\n\t<meta property=\"og:image:height\" content=\"800\" \/>\n\t<meta property=\"og:image:type\" content=\"image\/webp\" \/>\n<meta name=\"twitter:card\" content=\"summary_large_image\" \/>\n<meta name=\"twitter:label1\" content=\"Dur\u00e9e de lecture estim\u00e9e\" \/>\n\t<meta name=\"twitter:data1\" content=\"1 minuto\" \/>\n<script type=\"application\/ld+json\" class=\"yoast-schema-graph\">{\"@context\":\"https:\/\/schema.org\",\"@graph\":[{\"@type\":\"WebPage\",\"@id\":\"https:\/\/www.csj-emballages.com\/it\/produit\/rotolo-pellicola-estensibile-alimentare-in-scatola-distributrice-zip-300-x-045-m\/\",\"url\":\"https:\/\/www.csj-emballages.com\/it\/produit\/rotolo-pellicola-estensibile-alimentare-in-scatola-distributrice-zip-300-x-045-m\/\",\"name\":\"Rotolo Pellicola Alimentare Estensibile in Scatola Distributrice Zip\",\"isPartOf\":{\"@id\":\"https:\/\/www.csj-emballages.com\/it\/#website\"},\"primaryImageOfPage\":{\"@id\":\"https:\/\/www.csj-emballages.com\/it\/produit\/rotolo-pellicola-estensibile-alimentare-in-scatola-distributrice-zip-300-x-045-m\/#primaryimage\"},\"image\":{\"@id\":\"https:\/\/www.csj-emballages.com\/it\/produit\/rotolo-pellicola-estensibile-alimentare-in-scatola-distributrice-zip-300-x-045-m\/#primaryimage\"},\"thumbnailUrl\":\"https:\/\/www.csj-emballages.com\/wp-content\/uploads\/2024\/03\/FL45ZIP.webp\",\"datePublished\":\"2024-03-01T15:53:35+00:00\",\"dateModified\":\"2026-04-17T00:13:33+00:00\",\"description\":\"Scopri il nostro rotolo pellicola estensibile alimentare 300 x 0,45 m in scatola distributrice con zip! Ideale per ristoratori, catering e privati.\",\"breadcrumb\":{\"@id\":\"https:\/\/www.csj-emballages.com\/it\/produit\/rotolo-pellicola-estensibile-alimentare-in-scatola-distributrice-zip-300-x-045-m\/#breadcrumb\"},\"inLanguage\":\"it-IT\",\"potentialAction\":[{\"@type\":\"ReadAction\",\"target\":[\"https:\/\/www.csj-emballages.com\/it\/produit\/rotolo-pellicola-estensibile-alimentare-in-scatola-distributrice-zip-300-x-045-m\/\"]}]},{\"@type\":\"ImageObject\",\"inLanguage\":\"it-IT\",\"@id\":\"https:\/\/www.csj-emballages.com\/it\/produit\/rotolo-pellicola-estensibile-alimentare-in-scatola-distributrice-zip-300-x-045-m\/#primaryimage\",\"url\":\"https:\/\/www.csj-emballages.com\/wp-content\/uploads\/2024\/03\/FL45ZIP.webp\",\"contentUrl\":\"https:\/\/www.csj-emballages.com\/wp-content\/uploads\/2024\/03\/FL45ZIP.webp\",\"width\":800,\"height\":800,\"caption\":\"Rouleau film \u00e9tirable\"},{\"@type\":\"BreadcrumbList\",\"@id\":\"https:\/\/www.csj-emballages.com\/it\/produit\/rotolo-pellicola-estensibile-alimentare-in-scatola-distributrice-zip-300-x-045-m\/#breadcrumb\",\"itemListElement\":[{\"@type\":\"ListItem\",\"position\":1,\"name\":\"Home\",\"item\":\"https:\/\/www.csj-emballages.com\/it\/universo-imballaggi-alimentari\/\"},{\"@type\":\"ListItem\",\"position\":2,\"name\":\"Negozio\",\"item\":\"https:\/\/www.csj-emballages.com\/it\/negozio\/\"},{\"@type\":\"ListItem\",\"position\":3,\"name\":\"Rotolo pellicola estensibile alimentare in scatola distributrice zip 300 x 0,45 m\"}]},{\"@type\":\"WebSite\",\"@id\":\"https:\/\/www.csj-emballages.com\/it\/#website\",\"url\":\"https:\/\/www.csj-emballages.com\/it\/\",\"name\":\"CSJ Emballages\",\"description\":\"\",\"publisher\":{\"@id\":\"https:\/\/www.csj-emballages.com\/it\/#organization\"},\"potentialAction\":[{\"@type\":\"SearchAction\",\"target\":{\"@type\":\"EntryPoint\",\"urlTemplate\":\"https:\/\/www.csj-emballages.com\/it\/?s={search_term_string}\"},\"query-input\":{\"@type\":\"PropertyValueSpecification\",\"valueRequired\":true,\"valueName\":\"search_term_string\"}}],\"inLanguage\":\"it-IT\"},{\"@type\":\"Organization\",\"@id\":\"https:\/\/www.csj-emballages.com\/it\/#Organization\/\",\"name\":\"CSJ Emballages\",\"url\":\"https:\/\/www.csj-emballages.com\/it\/\",\"logo\":{\"@type\":\"ImageObject\",\"inLanguage\":\"it-IT\",\"@id\":\"https:\/\/www.csj-emballages.com\/it\/#\/schema\/logo\/image\/\",\"url\":\"https:\/\/www.csj-emballages.com\/wp-content\/uploads\/2023\/10\/logo_csj.webp\",\"contentUrl\":\"https:\/\/www.csj-emballages.com\/wp-content\/uploads\/2023\/10\/logo_csj.webp\",\"width\":250,\"height\":95,\"caption\":\"CSJ Emballages\"},\"image\":{\"@id\":\"https:\/\/www.csj-emballages.com\/it\/#\/schema\/logo\/image\/\"},\"sameAs\":[\"https:\/\/www.facebook.com\/csjemballages\"],\"address\":{\"@type\":\"PostalAddress\",\"streetAddress\":\"ZI La Lechere\",\"addressLocality\":\"Patornay\",\"postalCode\":\"39130\",\"addressCountry\":\"FR\"},\"contactPoint\":[{\"@type\":\"ContactPoint\",\"contactType\":\"Service client\",\"telephone\":\"0384254272\",\"email\":\"contact@csj-emballages.com\"}]}]}<\/script>\n<!-- \/ Yoast SEO Premium plugin. -->","yoast_head_json":{"title":"Rotolo Pellicola Alimentare Estensibile in Scatola Distributrice Zip","description":"Scopri il nostro rotolo pellicola estensibile alimentare 300 x 0,45 m in scatola distributrice con zip! Ideale per ristoratori, catering e privati.","robots":{"index":"index","follow":"follow","max-snippet":"max-snippet:-1","max-image-preview":"max-image-preview:large","max-video-preview":"max-video-preview:-1"},"canonical":"https:\/\/www.csj-emballages.com\/it\/produit\/rotolo-pellicola-estensibile-alimentare-in-scatola-distributrice-zip-300-x-045-m\/","og_locale":"it_IT","og_type":"article","og_title":"Rotolo pellicola estensibile alimentare in scatola distributrice zip 300 x 0,45 m","og_description":"Scopri il nostro rotolo pellicola estensibile alimentare 300 x 0,45 m in scatola distributrice con zip! Ideale per ristoratori, catering e privati.","og_url":"https:\/\/www.csj-emballages.com\/it\/produit\/rotolo-pellicola-estensibile-alimentare-in-scatola-distributrice-zip-300-x-045-m\/","og_site_name":"CSJ Emballages","article_publisher":"https:\/\/www.facebook.com\/csjemballages","article_modified_time":"2026-04-17T00:13:33+00:00","og_image":[{"width":800,"height":800,"url":"https:\/\/www.csj-emballages.com\/wp-content\/uploads\/2024\/03\/FL45ZIP.webp","type":"image\/webp"}],"twitter_card":"summary_large_image","twitter_misc":{"Dur\u00e9e de lecture estim\u00e9e":"1 minuto"},"schema":{"@context":"https:\/\/schema.org","@graph":[{"@type":"WebPage","@id":"https:\/\/www.csj-emballages.com\/it\/produit\/rotolo-pellicola-estensibile-alimentare-in-scatola-distributrice-zip-300-x-045-m\/","url":"https:\/\/www.csj-emballages.com\/it\/produit\/rotolo-pellicola-estensibile-alimentare-in-scatola-distributrice-zip-300-x-045-m\/","name":"Rotolo Pellicola Alimentare Estensibile in Scatola Distributrice Zip","isPartOf":{"@id":"https:\/\/www.csj-emballages.com\/it\/#website"},"primaryImageOfPage":{"@id":"https:\/\/www.csj-emballages.com\/it\/produit\/rotolo-pellicola-estensibile-alimentare-in-scatola-distributrice-zip-300-x-045-m\/#primaryimage"},"image":{"@id":"https:\/\/www.csj-emballages.com\/it\/produit\/rotolo-pellicola-estensibile-alimentare-in-scatola-distributrice-zip-300-x-045-m\/#primaryimage"},"thumbnailUrl":"https:\/\/www.csj-emballages.com\/wp-content\/uploads\/2024\/03\/FL45ZIP.webp","datePublished":"2024-03-01T15:53:35+00:00","dateModified":"2026-04-17T00:13:33+00:00","description":"Scopri il nostro rotolo pellicola estensibile alimentare 300 x 0,45 m in scatola distributrice con zip! Ideale per ristoratori, catering e privati.","breadcrumb":{"@id":"https:\/\/www.csj-emballages.com\/it\/produit\/rotolo-pellicola-estensibile-alimentare-in-scatola-distributrice-zip-300-x-045-m\/#breadcrumb"},"inLanguage":"it-IT","potentialAction":[{"@type":"ReadAction","target":["https:\/\/www.csj-emballages.com\/it\/produit\/rotolo-pellicola-estensibile-alimentare-in-scatola-distributrice-zip-300-x-045-m\/"]}]},{"@type":"ImageObject","inLanguage":"it-IT","@id":"https:\/\/www.csj-emballages.com\/it\/produit\/rotolo-pellicola-estensibile-alimentare-in-scatola-distributrice-zip-300-x-045-m\/#primaryimage","url":"https:\/\/www.csj-emballages.com\/wp-content\/uploads\/2024\/03\/FL45ZIP.webp","contentUrl":"https:\/\/www.csj-emballages.com\/wp-content\/uploads\/2024\/03\/FL45ZIP.webp","width":800,"height":800,"caption":"Rouleau film \u00e9tirable"},{"@type":"BreadcrumbList","@id":"https:\/\/www.csj-emballages.com\/it\/produit\/rotolo-pellicola-estensibile-alimentare-in-scatola-distributrice-zip-300-x-045-m\/#breadcrumb","itemListElement":[{"@type":"ListItem","position":1,"name":"Home","item":"https:\/\/www.csj-emballages.com\/it\/universo-imballaggi-alimentari\/"},{"@type":"ListItem","position":2,"name":"Negozio","item":"https:\/\/www.csj-emballages.com\/it\/negozio\/"},{"@type":"ListItem","position":3,"name":"Rotolo pellicola estensibile alimentare in scatola distributrice zip 300 x 0,45 m"}]},{"@type":"WebSite","@id":"https:\/\/www.csj-emballages.com\/it\/#website","url":"https:\/\/www.csj-emballages.com\/it\/","name":"CSJ Emballages","description":"","publisher":{"@id":"https:\/\/www.csj-emballages.com\/it\/#organization"},"potentialAction":[{"@type":"SearchAction","target":{"@type":"EntryPoint","urlTemplate":"https:\/\/www.csj-emballages.com\/it\/?s={search_term_string}"},"query-input":{"@type":"PropertyValueSpecification","valueRequired":true,"valueName":"search_term_string"}}],"inLanguage":"it-IT"},{"@type":"Organization","@id":"https:\/\/www.csj-emballages.com\/it\/#Organization\/","name":"CSJ Emballages","url":"https:\/\/www.csj-emballages.com\/it\/","logo":{"@type":"ImageObject","inLanguage":"it-IT","@id":"https:\/\/www.csj-emballages.com\/it\/#\/schema\/logo\/image\/","url":"https:\/\/www.csj-emballages.com\/wp-content\/uploads\/2023\/10\/logo_csj.webp","contentUrl":"https:\/\/www.csj-emballages.com\/wp-content\/uploads\/2023\/10\/logo_csj.webp","width":250,"height":95,"caption":"CSJ Emballages"},"image":{"@id":"https:\/\/www.csj-emballages.com\/it\/#\/schema\/logo\/image\/"},"sameAs":["https:\/\/www.facebook.com\/csjemballages"],"address":{"@type":"PostalAddress","streetAddress":"ZI La Lechere","addressLocality":"Patornay","postalCode":"39130","addressCountry":"FR"},"contactPoint":[{"@type":"ContactPoint","contactType":"Service client","telephone":"0384254272","email":"contact@csj-emballages.com"}]}]}},"df_price":8.95,"df_sale_price":"","df_regular_price":8.95,"df_image_link":"https:\/\/www.csj-emballages.com\/wp-content\/uploads\/2024\/03\/FL45ZIP-300x300.webp","tiered_pricing_type":"fixed","tiered_pricing_fixed_rules":[],"tiered_pricing_percentage_rules":[],"tiered_pricing_minimum":1,"tiered_pricing_roles_data":[],"_links":{"self":[{"href":"https:\/\/www.csj-emballages.com\/it\/wp-json\/wp\/v2\/product\/266951","targetHints":{"allow":["GET"]}}],"collection":[{"href":"https:\/\/www.csj-emballages.com\/it\/wp-json\/wp\/v2\/product"}],"about":[{"href":"https:\/\/www.csj-emballages.com\/it\/wp-json\/wp\/v2\/types\/product"}],"wp:featuredmedia":[{"embeddable":true,"href":"https:\/\/www.csj-emballages.com\/it\/wp-json\/wp\/v2\/media\/273516"}],"wp:attachment":[{"href":"https:\/\/www.csj-emballages.com\/it\/wp-json\/wp\/v2\/media?parent=266951"}],"wp:term":[{"taxonomy":"product_brand","embeddable":true,"href":"https:\/\/www.csj-emballages.com\/it\/wp-json\/wp\/v2\/product_brand?post=266951"},{"taxonomy":"product_cat","embeddable":true,"href":"https:\/\/www.csj-emballages.com\/it\/wp-json\/wp\/v2\/product_cat?post=266951"},{"taxonomy":"product_tag","embeddable":true,"href":"https:\/\/www.csj-emballages.com\/it\/wp-json\/wp\/v2\/product_tag?post=266951"}],"curies":[{"name":"wp","href":"https:\/\/api.w.org\/{rel}","templated":true}]}}