{"id":266928,"date":"2024-03-01T16:53:28","date_gmt":"2024-03-01T15:53:28","guid":{"rendered":"https:\/\/www.csj-emballages.com\/produit\/8-bicchieri-di-cartone-e-festa-20-cl\/"},"modified":"2026-04-14T02:16:48","modified_gmt":"2026-04-14T00:16:48","slug":"8-bicchieri-di-cartone-e-festa-20-cl","status":"publish","type":"product","link":"https:\/\/www.csj-emballages.com\/it\/produit\/8-bicchieri-di-cartone-e-festa-20-cl\/","title":{"rendered":"Bicchiere in cartoncino &#8220;c&#8217;est la f\u00eate&#8221; 20 cl x 8"},"content":{"rendered":"<h2>Bicchiere in cartone<\/h2>\n<hr>\n<h3>Bicchiere in cartoncino &#8220;c&#8217;est la f\u00eate&#8221; 20 cl x 8<\/h3>\n<p><!--more--><\/p>\n<p data-start=\"80\" data-end=\"333\">Porta un&#8217;atmosfera festosa alle tue bevande con questo <strong>bicchiere in cartoncino<\/strong> dal design unico e accogliente. Con il suo elegante fondo nero punteggiato di tocchi dorati e il messaggio \u201c<strong>C\u2019est la f\u00eate<\/strong>\u201d, trasforma ogni servizio in un vero momento di convivialit\u00e0. <\/p>\n<p data-start=\"335\" data-end=\"600\">Ideale per tutte le tue occasioni di festa, questo bicchiere non passa inosservato. Che sia per un compleanno, una serata, un evento professionale o un&#8217;animazione commerciale, attira immediatamente l&#8217;attenzione e rafforza l&#8217;atmosfera gioiosa del tuo evento. <\/p>\n<p data-start=\"602\" data-end=\"822\">Il suo formato da <strong>20 cl<\/strong> \u00e8 perfettamente adatto per servire caff\u00e8, t\u00e8, cioccolate calde o bevande fresche. Pratico e resistente, permette un servizio rapido garantendo al contempo una presentazione curata e moderna. <\/p>\n<p data-start=\"602\" data-end=\"822\">\n<p data-start=\"602\" data-end=\"822\"><!--more--><\/p>\n<h4 data-start=\"602\" data-end=\"822\">Vantaggi:<\/h4>\n<ul>\n<li data-section-id=\"29k5b8\" data-start=\"1189\" data-end=\"1272\"><strong data-start=\"1194\" data-end=\"1224\">Design festivo e d&#8217;impatto<\/strong>: messaggio \u201cC\u2019est la f\u00eate\u201d con finitura dorata<\/li>\n<li data-section-id=\"ml6fcy\" data-start=\"1273\" data-end=\"1346\">Ideale per bevande calde e fredde<\/li>\n<li data-section-id=\"11sknjv\" data-start=\"1347\" data-end=\"1410\"><strong data-start=\"1354\" data-end=\"1368\">Versatile<\/strong>: caff\u00e8, t\u00e8, cioccolata calda, succhi, bibite<\/li>\n<li data-section-id=\"t6d1yh\" data-start=\"1411\" data-end=\"1493\">Perfetto per eventi o uso professionale<\/li>\n<li data-section-id=\"y7qxxe\" data-start=\"1494\" data-end=\"1564\">Alternativa pi\u00f9 responsabile alla plastica<\/li>\n<\/ul>\n<h3><\/h3>\n<p><!--more--><\/p>\n<h4>Altre informazioni:<\/h4>\n<ul>\n<li><strong>Confezione<\/strong>: Pacco da 8<\/li>\n<li><strong>Diametro superiore<\/strong>: \u00d8 75 mm<\/li>\n<li><strong>Diametro interno<\/strong>: \u00d8 50 mm<\/li>\n<li><strong>Altezza<\/strong>: 90 mm<\/li>\n<li><strong>Materiale<\/strong>: Cartone<\/li>\n<li><strong>Colore<\/strong>: Nero \/ oro<\/li>\n<\/ul>\n<p>&nbsp;<\/p>\n<p><!--more--><\/p>\n<p><a href=\"https:\/\/www.csj-emballages.com\/it\/categorie-produit\/imballaggi-alimentari\/ristorazione\/bicchieri-calici-bottiglie\/bicchieri-in-cartone\/bicchieri-in-cartoncino-colorati\/\">Consulta il resto della nostra gamma di bicchieri in cartone colorati<\/a><\/p>\n","protected":false},"excerpt":{"rendered":"<p>Bicchiere in cartone Bicchiere in cartoncino &#8220;c&#8217;est la f\u00eate&#8221; 20 cl x 8<\/p>\n","protected":false},"featured_media":277072,"template":"","meta":{"_acf_changed":false},"product_brand":[],"product_cat":[10409,10410],"product_tag":[],"class_list":{"0":"post-266928","1":"product","2":"type-product","3":"status-publish","4":"has-post-thumbnail","6":"product_cat-bicchieri-calici-bottiglie","7":"product_cat-bicchieri-in-cartoncino-colorati","9":"first","10":"instock","11":"sale","12":"taxable","13":"shipping-taxable","14":"purchasable","15":"product-type-simple"},"acf":[],"yoast_head":"<!-- This site is optimized with the Yoast SEO Premium plugin v26.6 (Yoast SEO v26.6) - https:\/\/yoast.com\/wordpress\/plugins\/seo\/ -->\n<title>Bicchiere in Cartoncino &quot;C&#039;est la f\u00eate&quot; 20 cl x 8<\/title>\n<meta name=\"description\" content=\"Bicchiere in cartoncino \u201cC\u2019est la f\u00eate\u201d 20 cl: design festivo nero e oro ideale per bevande calde o fredde. Perfetto per eventi e compleanni.\" \/>\n<meta name=\"robots\" content=\"index, follow, max-snippet:-1, max-image-preview:large, max-video-preview:-1\" \/>\n<link rel=\"canonical\" href=\"https:\/\/www.csj-emballages.com\/it\/produit\/8-bicchieri-di-cartone-e-festa-20-cl\/\" \/>\n<meta property=\"og:locale\" content=\"it_IT\" \/>\n<meta property=\"og:type\" content=\"article\" \/>\n<meta property=\"og:title\" content=\"Bicchiere in cartoncino &quot;c&#039;est la f\u00eate&quot; 20 cl x 8\" \/>\n<meta property=\"og:description\" content=\"Bicchiere in cartoncino \u201cC\u2019est la f\u00eate\u201d 20 cl: design festivo nero e oro ideale per bevande calde o fredde. Perfetto per eventi e compleanni.\" \/>\n<meta property=\"og:url\" content=\"https:\/\/www.csj-emballages.com\/it\/produit\/8-bicchieri-di-cartone-e-festa-20-cl\/\" \/>\n<meta property=\"og:site_name\" content=\"CSJ Emballages\" \/>\n<meta property=\"article:publisher\" content=\"https:\/\/www.facebook.com\/csjemballages\" \/>\n<meta property=\"article:modified_time\" content=\"2026-04-14T00:16:48+00:00\" \/>\n<meta property=\"og:image\" content=\"https:\/\/www.csj-emballages.com\/wp-content\/uploads\/2024\/03\/GM20FETE.webp\" \/>\n\t<meta property=\"og:image:width\" content=\"800\" \/>\n\t<meta property=\"og:image:height\" content=\"800\" \/>\n\t<meta property=\"og:image:type\" content=\"image\/webp\" \/>\n<meta name=\"twitter:card\" content=\"summary_large_image\" \/>\n<meta name=\"twitter:label1\" content=\"Dur\u00e9e de lecture estim\u00e9e\" \/>\n\t<meta name=\"twitter:data1\" content=\"1 minuto\" \/>\n<script type=\"application\/ld+json\" class=\"yoast-schema-graph\">{\"@context\":\"https:\/\/schema.org\",\"@graph\":[{\"@type\":\"WebPage\",\"@id\":\"https:\/\/www.csj-emballages.com\/it\/produit\/8-bicchieri-di-cartone-e-festa-20-cl\/\",\"url\":\"https:\/\/www.csj-emballages.com\/it\/produit\/8-bicchieri-di-cartone-e-festa-20-cl\/\",\"name\":\"Bicchiere in Cartoncino \\\"C'est la f\u00eate\\\" 20 cl x 8\",\"isPartOf\":{\"@id\":\"https:\/\/www.csj-emballages.com\/it\/#website\"},\"primaryImageOfPage\":{\"@id\":\"https:\/\/www.csj-emballages.com\/it\/produit\/8-bicchieri-di-cartone-e-festa-20-cl\/#primaryimage\"},\"image\":{\"@id\":\"https:\/\/www.csj-emballages.com\/it\/produit\/8-bicchieri-di-cartone-e-festa-20-cl\/#primaryimage\"},\"thumbnailUrl\":\"https:\/\/www.csj-emballages.com\/wp-content\/uploads\/2024\/03\/GM20FETE.webp\",\"datePublished\":\"2024-03-01T15:53:28+00:00\",\"dateModified\":\"2026-04-14T00:16:48+00:00\",\"description\":\"Bicchiere in cartoncino \u201cC\u2019est la f\u00eate\u201d 20 cl: design festivo nero e oro ideale per bevande calde o fredde. Perfetto per eventi e compleanni.\",\"breadcrumb\":{\"@id\":\"https:\/\/www.csj-emballages.com\/it\/produit\/8-bicchieri-di-cartone-e-festa-20-cl\/#breadcrumb\"},\"inLanguage\":\"it-IT\",\"potentialAction\":[{\"@type\":\"ReadAction\",\"target\":[\"https:\/\/www.csj-emballages.com\/it\/produit\/8-bicchieri-di-cartone-e-festa-20-cl\/\"]}]},{\"@type\":\"ImageObject\",\"inLanguage\":\"it-IT\",\"@id\":\"https:\/\/www.csj-emballages.com\/it\/produit\/8-bicchieri-di-cartone-e-festa-20-cl\/#primaryimage\",\"url\":\"https:\/\/www.csj-emballages.com\/wp-content\/uploads\/2024\/03\/GM20FETE.webp\",\"contentUrl\":\"https:\/\/www.csj-emballages.com\/wp-content\/uploads\/2024\/03\/GM20FETE.webp\",\"width\":800,\"height\":800,\"caption\":\"Gobelet carton\"},{\"@type\":\"BreadcrumbList\",\"@id\":\"https:\/\/www.csj-emballages.com\/it\/produit\/8-bicchieri-di-cartone-e-festa-20-cl\/#breadcrumb\",\"itemListElement\":[{\"@type\":\"ListItem\",\"position\":1,\"name\":\"Home\",\"item\":\"https:\/\/www.csj-emballages.com\/it\/universo-imballaggi-alimentari\/\"},{\"@type\":\"ListItem\",\"position\":2,\"name\":\"Negozio\",\"item\":\"https:\/\/www.csj-emballages.com\/it\/negozio\/\"},{\"@type\":\"ListItem\",\"position\":3,\"name\":\"Bicchiere in cartoncino \u00ab\u00a0c&rsquo;est la f\u00eate\u00a0\u00bb 20 cl x 8\"}]},{\"@type\":\"WebSite\",\"@id\":\"https:\/\/www.csj-emballages.com\/it\/#website\",\"url\":\"https:\/\/www.csj-emballages.com\/it\/\",\"name\":\"CSJ Emballages\",\"description\":\"\",\"publisher\":{\"@id\":\"https:\/\/www.csj-emballages.com\/it\/#organization\"},\"potentialAction\":[{\"@type\":\"SearchAction\",\"target\":{\"@type\":\"EntryPoint\",\"urlTemplate\":\"https:\/\/www.csj-emballages.com\/it\/?s={search_term_string}\"},\"query-input\":{\"@type\":\"PropertyValueSpecification\",\"valueRequired\":true,\"valueName\":\"search_term_string\"}}],\"inLanguage\":\"it-IT\"},{\"@type\":\"Organization\",\"@id\":\"https:\/\/www.csj-emballages.com\/it\/#Organization\/\",\"name\":\"CSJ Emballages\",\"url\":\"https:\/\/www.csj-emballages.com\/it\/\",\"logo\":{\"@type\":\"ImageObject\",\"inLanguage\":\"it-IT\",\"@id\":\"https:\/\/www.csj-emballages.com\/it\/#\/schema\/logo\/image\/\",\"url\":\"https:\/\/www.csj-emballages.com\/wp-content\/uploads\/2023\/10\/logo_csj.webp\",\"contentUrl\":\"https:\/\/www.csj-emballages.com\/wp-content\/uploads\/2023\/10\/logo_csj.webp\",\"width\":250,\"height\":95,\"caption\":\"CSJ Emballages\"},\"image\":{\"@id\":\"https:\/\/www.csj-emballages.com\/it\/#\/schema\/logo\/image\/\"},\"sameAs\":[\"https:\/\/www.facebook.com\/csjemballages\"],\"address\":{\"@type\":\"PostalAddress\",\"streetAddress\":\"ZI La Lechere\",\"addressLocality\":\"Patornay\",\"postalCode\":\"39130\",\"addressCountry\":\"FR\"},\"contactPoint\":[{\"@type\":\"ContactPoint\",\"contactType\":\"Service client\",\"telephone\":\"0384254272\",\"email\":\"contact@csj-emballages.com\"}]}]}<\/script>\n<!-- \/ Yoast SEO Premium plugin. -->","yoast_head_json":{"title":"Bicchiere in Cartoncino \"C'est la f\u00eate\" 20 cl x 8","description":"Bicchiere in cartoncino \u201cC\u2019est la f\u00eate\u201d 20 cl: design festivo nero e oro ideale per bevande calde o fredde. Perfetto per eventi e compleanni.","robots":{"index":"index","follow":"follow","max-snippet":"max-snippet:-1","max-image-preview":"max-image-preview:large","max-video-preview":"max-video-preview:-1"},"canonical":"https:\/\/www.csj-emballages.com\/it\/produit\/8-bicchieri-di-cartone-e-festa-20-cl\/","og_locale":"it_IT","og_type":"article","og_title":"Bicchiere in cartoncino \"c'est la f\u00eate\" 20 cl x 8","og_description":"Bicchiere in cartoncino \u201cC\u2019est la f\u00eate\u201d 20 cl: design festivo nero e oro ideale per bevande calde o fredde. Perfetto per eventi e compleanni.","og_url":"https:\/\/www.csj-emballages.com\/it\/produit\/8-bicchieri-di-cartone-e-festa-20-cl\/","og_site_name":"CSJ Emballages","article_publisher":"https:\/\/www.facebook.com\/csjemballages","article_modified_time":"2026-04-14T00:16:48+00:00","og_image":[{"width":800,"height":800,"url":"https:\/\/www.csj-emballages.com\/wp-content\/uploads\/2024\/03\/GM20FETE.webp","type":"image\/webp"}],"twitter_card":"summary_large_image","twitter_misc":{"Dur\u00e9e de lecture estim\u00e9e":"1 minuto"},"schema":{"@context":"https:\/\/schema.org","@graph":[{"@type":"WebPage","@id":"https:\/\/www.csj-emballages.com\/it\/produit\/8-bicchieri-di-cartone-e-festa-20-cl\/","url":"https:\/\/www.csj-emballages.com\/it\/produit\/8-bicchieri-di-cartone-e-festa-20-cl\/","name":"Bicchiere in Cartoncino \"C'est la f\u00eate\" 20 cl x 8","isPartOf":{"@id":"https:\/\/www.csj-emballages.com\/it\/#website"},"primaryImageOfPage":{"@id":"https:\/\/www.csj-emballages.com\/it\/produit\/8-bicchieri-di-cartone-e-festa-20-cl\/#primaryimage"},"image":{"@id":"https:\/\/www.csj-emballages.com\/it\/produit\/8-bicchieri-di-cartone-e-festa-20-cl\/#primaryimage"},"thumbnailUrl":"https:\/\/www.csj-emballages.com\/wp-content\/uploads\/2024\/03\/GM20FETE.webp","datePublished":"2024-03-01T15:53:28+00:00","dateModified":"2026-04-14T00:16:48+00:00","description":"Bicchiere in cartoncino \u201cC\u2019est la f\u00eate\u201d 20 cl: design festivo nero e oro ideale per bevande calde o fredde. Perfetto per eventi e compleanni.","breadcrumb":{"@id":"https:\/\/www.csj-emballages.com\/it\/produit\/8-bicchieri-di-cartone-e-festa-20-cl\/#breadcrumb"},"inLanguage":"it-IT","potentialAction":[{"@type":"ReadAction","target":["https:\/\/www.csj-emballages.com\/it\/produit\/8-bicchieri-di-cartone-e-festa-20-cl\/"]}]},{"@type":"ImageObject","inLanguage":"it-IT","@id":"https:\/\/www.csj-emballages.com\/it\/produit\/8-bicchieri-di-cartone-e-festa-20-cl\/#primaryimage","url":"https:\/\/www.csj-emballages.com\/wp-content\/uploads\/2024\/03\/GM20FETE.webp","contentUrl":"https:\/\/www.csj-emballages.com\/wp-content\/uploads\/2024\/03\/GM20FETE.webp","width":800,"height":800,"caption":"Gobelet carton"},{"@type":"BreadcrumbList","@id":"https:\/\/www.csj-emballages.com\/it\/produit\/8-bicchieri-di-cartone-e-festa-20-cl\/#breadcrumb","itemListElement":[{"@type":"ListItem","position":1,"name":"Home","item":"https:\/\/www.csj-emballages.com\/it\/universo-imballaggi-alimentari\/"},{"@type":"ListItem","position":2,"name":"Negozio","item":"https:\/\/www.csj-emballages.com\/it\/negozio\/"},{"@type":"ListItem","position":3,"name":"Bicchiere in cartoncino \u00ab\u00a0c&rsquo;est la f\u00eate\u00a0\u00bb 20 cl x 8"}]},{"@type":"WebSite","@id":"https:\/\/www.csj-emballages.com\/it\/#website","url":"https:\/\/www.csj-emballages.com\/it\/","name":"CSJ Emballages","description":"","publisher":{"@id":"https:\/\/www.csj-emballages.com\/it\/#organization"},"potentialAction":[{"@type":"SearchAction","target":{"@type":"EntryPoint","urlTemplate":"https:\/\/www.csj-emballages.com\/it\/?s={search_term_string}"},"query-input":{"@type":"PropertyValueSpecification","valueRequired":true,"valueName":"search_term_string"}}],"inLanguage":"it-IT"},{"@type":"Organization","@id":"https:\/\/www.csj-emballages.com\/it\/#Organization\/","name":"CSJ Emballages","url":"https:\/\/www.csj-emballages.com\/it\/","logo":{"@type":"ImageObject","inLanguage":"it-IT","@id":"https:\/\/www.csj-emballages.com\/it\/#\/schema\/logo\/image\/","url":"https:\/\/www.csj-emballages.com\/wp-content\/uploads\/2023\/10\/logo_csj.webp","contentUrl":"https:\/\/www.csj-emballages.com\/wp-content\/uploads\/2023\/10\/logo_csj.webp","width":250,"height":95,"caption":"CSJ Emballages"},"image":{"@id":"https:\/\/www.csj-emballages.com\/it\/#\/schema\/logo\/image\/"},"sameAs":["https:\/\/www.facebook.com\/csjemballages"],"address":{"@type":"PostalAddress","streetAddress":"ZI La Lechere","addressLocality":"Patornay","postalCode":"39130","addressCountry":"FR"},"contactPoint":[{"@type":"ContactPoint","contactType":"Service client","telephone":"0384254272","email":"contact@csj-emballages.com"}]}]}},"df_price":2.13,"df_sale_price":2.13,"df_regular_price":2.66,"df_image_link":"https:\/\/www.csj-emballages.com\/wp-content\/uploads\/2024\/03\/GM20FETE-300x300.webp","tiered_pricing_type":"fixed","tiered_pricing_fixed_rules":[],"tiered_pricing_percentage_rules":[],"tiered_pricing_minimum":1,"tiered_pricing_roles_data":[],"_links":{"self":[{"href":"https:\/\/www.csj-emballages.com\/it\/wp-json\/wp\/v2\/product\/266928","targetHints":{"allow":["GET"]}}],"collection":[{"href":"https:\/\/www.csj-emballages.com\/it\/wp-json\/wp\/v2\/product"}],"about":[{"href":"https:\/\/www.csj-emballages.com\/it\/wp-json\/wp\/v2\/types\/product"}],"wp:featuredmedia":[{"embeddable":true,"href":"https:\/\/www.csj-emballages.com\/it\/wp-json\/wp\/v2\/media\/277072"}],"wp:attachment":[{"href":"https:\/\/www.csj-emballages.com\/it\/wp-json\/wp\/v2\/media?parent=266928"}],"wp:term":[{"taxonomy":"product_brand","embeddable":true,"href":"https:\/\/www.csj-emballages.com\/it\/wp-json\/wp\/v2\/product_brand?post=266928"},{"taxonomy":"product_cat","embeddable":true,"href":"https:\/\/www.csj-emballages.com\/it\/wp-json\/wp\/v2\/product_cat?post=266928"},{"taxonomy":"product_tag","embeddable":true,"href":"https:\/\/www.csj-emballages.com\/it\/wp-json\/wp\/v2\/product_tag?post=266928"}],"curies":[{"name":"wp","href":"https:\/\/api.w.org\/{rel}","templated":true}]}}