{"id":266921,"date":"2024-03-01T16:53:04","date_gmt":"2024-03-01T15:53:04","guid":{"rendered":"https:\/\/www.csj-emballages.com\/produit\/vaschetta-in-alluminio-105-ml-confezione-da-100\/"},"modified":"2026-04-16T02:13:47","modified_gmt":"2026-04-16T00:13:47","slug":"vaschetta-in-alluminio-105-ml-confezione-da-100","status":"publish","type":"product","link":"https:\/\/www.csj-emballages.com\/it\/produit\/vaschetta-in-alluminio-105-ml-confezione-da-100\/","title":{"rendered":"Vaschetta in alluminio 105 ml, confezione da 100"},"content":{"rendered":"<h2>Vaschetta in alluminio<\/h2>\n<hr>\n<h3>Descrizione della nostra vaschetta in alluminio 105 ml, confezione da 100<\/h3>\n<p><!--more--><\/p>\n<p data-start=\"177\" data-end=\"492\">La <strong>vaschetta in alluminio da 105 ml<\/strong> \u00e8 ideale per la cottura, la presentazione e il confezionamento di preparazioni individuali dolci o salate. Pratica e versatile, \u00e8 perfetta per i professionisti della ristorazione, catering, pasticceri e operatori del settore alimentare che cercano una soluzione affidabile ed efficiente. <\/p>\n<p data-start=\"494\" data-end=\"800\">Grazie alla sua <strong>capacit\u00e0 di 105 ml<\/strong>, questa <strong>vaschetta<\/strong> \u00e8 perfettamente adatta per porzioni individuali come cr\u00e8me br\u00fbl\u00e9e, flan, tortini, muffin, salse, terrine o preparazioni da catering. La sua struttura in <strong>alluminio<\/strong> assicura un&#8217;eccellente conduttivit\u00e0 termica, permettendo una cottura omogenea e controllata. <\/p>\n<p data-start=\"802\" data-end=\"1051\">Resistente al calore, la <strong>vaschetta in alluminio<\/strong> pu\u00f2 essere utilizzata nel forno tradizionale. Garantisce una buona tenuta durante la cottura facilitando la manipolazione. Leggera e impilabile, ottimizza anche lo stoccaggio in laboratorio o in magazzino.  <\/p>\n<p data-start=\"1053\" data-end=\"1339\">Il suo <strong>aspetto in alluminio<\/strong> offre una presentazione semplice e professionale, adatta sia per l&#8217;asporto che per il servizio in ristorazione. Confezionata in <strong>lotto da 100<\/strong> unit\u00e0, costituisce una soluzione pratica ed economica per un utilizzo regolare o in produzione in serie. <\/p>\n<p data-start=\"1053\" data-end=\"1339\">\n<p><!--more--><\/p>\n<p><strong>Vantaggi:<\/strong><\/p>\n<ul>\n<li data-start=\"918\" data-end=\"1004\">Cottura, congelamento e trasporto.<\/li>\n<li data-start=\"918\" data-end=\"1004\">Resiste alle alte e basse temperature.<\/li>\n<li data-start=\"918\" data-end=\"1004\">Alluminio di qualit\u00e0 per preservare freschezza e sapore.<\/li>\n<li data-start=\"918\" data-end=\"1004\">Facile da stoccare e manipolare.<\/li>\n<li data-start=\"918\" data-end=\"1004\"><strong>Confezione da 100<\/strong> per uso professionale o domestico.<\/li>\n<\/ul>\n<p>&nbsp;<\/p>\n<p><!--more--><\/p>\n<h4>Altre informazioni:<\/h4>\n<ul>\n<li><strong>Confezionamento<\/strong>: Pacco da 100<\/li>\n<li><strong>Dimensioni<\/strong>: \u00d865 x 48 mm (\u00d8 x h)<\/li>\n<li><strong>Volume<\/strong>: 105 ml<\/li>\n<li><strong>Materiale<\/strong>: Alluminio<\/li>\n<li><b>Temperatura d&#8217;utilizzo <\/b>: -20\u00b0C \/ +350\u00b0C<\/li>\n<\/ul>\n<p>&nbsp;<\/p>\n<p><!--more--><\/p>\n<p>Questo prodotto \u00e8 disponibile in diverse misure: <span style=\"color: #d12727;\"><a style=\"color: #d12727;\" href=\"https:\/\/www.csj-emballages.com\/it\/produit\/contenitore-in-alluminio-14-ml-da-250\/\">14 ml<\/a> <span style=\"color: #000000;\">\/<\/span> <a style=\"color: #d12727;\" href=\"https:\/\/www.csj-emballages.com\/it\/produit\/coppetta-in-alluminio-85-ml-da-100\/\">90 ml<\/a> <span style=\"color: #000000;\">\/<\/span> <a style=\"color: #d12727;\" href=\"https:\/\/www.csj-emballages.com\/it\/produit\/vaschetta-in-alluminio-135-ml-confezione-da-100\/\">150 ml<\/a><\/span><\/p>\n<p>&nbsp;<\/p>\n<p><!--more--><\/p>\n<p><a href=\"https:\/\/www.csj-emballages.com\/it\/categorie-produit\/imballaggi-alimentari\/macelleria-gastronomia-ortofrutta\/vaschette-scatole-e-vasetti\/imballaggi-in-alluminio\/vaschette\/\">Consulta il resto della nostra gamma di vaschette in alluminio<\/a><\/p>\n","protected":false},"excerpt":{"rendered":"<p>Vaschetta in alluminio Descrizione della nostra vaschetta in alluminio 105 ml, confezione da 100<\/p>\n","protected":false},"featured_media":266925,"template":"","meta":{"_acf_changed":false},"product_brand":[],"product_cat":[10381,10393,10425],"product_tag":[],"class_list":{"0":"post-266921","1":"product","2":"type-product","3":"status-publish","4":"has-post-thumbnail","6":"product_cat-macelleria-gastronomia-ortofrutta","7":"product_cat-imballaggi-in-alluminio","8":"product_cat-vaschette","10":"first","11":"instock","12":"taxable","13":"shipping-taxable","14":"purchasable","15":"product-type-simple"},"acf":[],"yoast_head":"<!-- This site is optimized with the Yoast SEO Premium plugin v26.6 (Yoast SEO v26.6) - https:\/\/yoast.com\/wordpress\/plugins\/seo\/ -->\n<title>Vaschetta in Alluminio 105 ml, confezione da 100<\/title>\n<meta name=\"description\" content=\"Vaschetta in alluminio 105 ml - Confezione da 100. Ideale per salse o dessert. Resistente, riciclabile e pratico per la ristorazione e l&#039;asporto.\" \/>\n<meta name=\"robots\" content=\"index, follow, max-snippet:-1, max-image-preview:large, max-video-preview:-1\" \/>\n<link rel=\"canonical\" href=\"https:\/\/www.csj-emballages.com\/it\/produit\/vaschetta-in-alluminio-105-ml-confezione-da-100\/\" \/>\n<meta property=\"og:locale\" content=\"it_IT\" \/>\n<meta property=\"og:type\" content=\"article\" \/>\n<meta property=\"og:title\" content=\"Vaschetta in alluminio 105 ml, confezione da 100\" \/>\n<meta property=\"og:description\" content=\"Vaschetta in alluminio 105 ml - Confezione da 100. Ideale per salse o dessert. Resistente, riciclabile e pratico per la ristorazione e l&#039;asporto.\" \/>\n<meta property=\"og:url\" content=\"https:\/\/www.csj-emballages.com\/it\/produit\/vaschetta-in-alluminio-105-ml-confezione-da-100\/\" \/>\n<meta property=\"og:site_name\" content=\"CSJ Emballages\" \/>\n<meta property=\"article:publisher\" content=\"https:\/\/www.facebook.com\/csjemballages\" \/>\n<meta property=\"article:modified_time\" content=\"2026-04-16T00:13:47+00:00\" \/>\n<meta property=\"og:image\" content=\"https:\/\/www.csj-emballages.com\/wp-content\/uploads\/2024\/03\/GO105.webp\" \/>\n\t<meta property=\"og:image:width\" content=\"800\" \/>\n\t<meta property=\"og:image:height\" content=\"799\" \/>\n\t<meta property=\"og:image:type\" content=\"image\/webp\" \/>\n<meta name=\"twitter:card\" content=\"summary_large_image\" \/>\n<meta name=\"twitter:label1\" content=\"Dur\u00e9e de lecture estim\u00e9e\" \/>\n\t<meta name=\"twitter:data1\" content=\"1 minuto\" \/>\n<script type=\"application\/ld+json\" class=\"yoast-schema-graph\">{\"@context\":\"https:\/\/schema.org\",\"@graph\":[{\"@type\":\"WebPage\",\"@id\":\"https:\/\/www.csj-emballages.com\/it\/produit\/vaschetta-in-alluminio-105-ml-confezione-da-100\/\",\"url\":\"https:\/\/www.csj-emballages.com\/it\/produit\/vaschetta-in-alluminio-105-ml-confezione-da-100\/\",\"name\":\"Vaschetta in Alluminio 105 ml, confezione da 100\",\"isPartOf\":{\"@id\":\"https:\/\/www.csj-emballages.com\/it\/#website\"},\"primaryImageOfPage\":{\"@id\":\"https:\/\/www.csj-emballages.com\/it\/produit\/vaschetta-in-alluminio-105-ml-confezione-da-100\/#primaryimage\"},\"image\":{\"@id\":\"https:\/\/www.csj-emballages.com\/it\/produit\/vaschetta-in-alluminio-105-ml-confezione-da-100\/#primaryimage\"},\"thumbnailUrl\":\"https:\/\/www.csj-emballages.com\/wp-content\/uploads\/2024\/03\/GO105.webp\",\"datePublished\":\"2024-03-01T15:53:04+00:00\",\"dateModified\":\"2026-04-16T00:13:47+00:00\",\"description\":\"Vaschetta in alluminio 105 ml - Confezione da 100. Ideale per salse o dessert. Resistente, riciclabile e pratico per la ristorazione e l'asporto.\",\"breadcrumb\":{\"@id\":\"https:\/\/www.csj-emballages.com\/it\/produit\/vaschetta-in-alluminio-105-ml-confezione-da-100\/#breadcrumb\"},\"inLanguage\":\"it-IT\",\"potentialAction\":[{\"@type\":\"ReadAction\",\"target\":[\"https:\/\/www.csj-emballages.com\/it\/produit\/vaschetta-in-alluminio-105-ml-confezione-da-100\/\"]}]},{\"@type\":\"ImageObject\",\"inLanguage\":\"it-IT\",\"@id\":\"https:\/\/www.csj-emballages.com\/it\/produit\/vaschetta-in-alluminio-105-ml-confezione-da-100\/#primaryimage\",\"url\":\"https:\/\/www.csj-emballages.com\/wp-content\/uploads\/2024\/03\/GO105.webp\",\"contentUrl\":\"https:\/\/www.csj-emballages.com\/wp-content\/uploads\/2024\/03\/GO105.webp\",\"width\":800,\"height\":799,\"caption\":\"Godet aluminium\"},{\"@type\":\"BreadcrumbList\",\"@id\":\"https:\/\/www.csj-emballages.com\/it\/produit\/vaschetta-in-alluminio-105-ml-confezione-da-100\/#breadcrumb\",\"itemListElement\":[{\"@type\":\"ListItem\",\"position\":1,\"name\":\"Home\",\"item\":\"https:\/\/www.csj-emballages.com\/it\/universo-imballaggi-alimentari\/\"},{\"@type\":\"ListItem\",\"position\":2,\"name\":\"Negozio\",\"item\":\"https:\/\/www.csj-emballages.com\/it\/negozio\/\"},{\"@type\":\"ListItem\",\"position\":3,\"name\":\"Vaschetta in alluminio 105 ml, confezione da 100\"}]},{\"@type\":\"WebSite\",\"@id\":\"https:\/\/www.csj-emballages.com\/it\/#website\",\"url\":\"https:\/\/www.csj-emballages.com\/it\/\",\"name\":\"CSJ Emballages\",\"description\":\"\",\"publisher\":{\"@id\":\"https:\/\/www.csj-emballages.com\/it\/#organization\"},\"potentialAction\":[{\"@type\":\"SearchAction\",\"target\":{\"@type\":\"EntryPoint\",\"urlTemplate\":\"https:\/\/www.csj-emballages.com\/it\/?s={search_term_string}\"},\"query-input\":{\"@type\":\"PropertyValueSpecification\",\"valueRequired\":true,\"valueName\":\"search_term_string\"}}],\"inLanguage\":\"it-IT\"},{\"@type\":\"Organization\",\"@id\":\"https:\/\/www.csj-emballages.com\/it\/#Organization\/\",\"name\":\"CSJ Emballages\",\"url\":\"https:\/\/www.csj-emballages.com\/it\/\",\"logo\":{\"@type\":\"ImageObject\",\"inLanguage\":\"it-IT\",\"@id\":\"https:\/\/www.csj-emballages.com\/it\/#\/schema\/logo\/image\/\",\"url\":\"https:\/\/www.csj-emballages.com\/wp-content\/uploads\/2023\/10\/logo_csj.webp\",\"contentUrl\":\"https:\/\/www.csj-emballages.com\/wp-content\/uploads\/2023\/10\/logo_csj.webp\",\"width\":250,\"height\":95,\"caption\":\"CSJ Emballages\"},\"image\":{\"@id\":\"https:\/\/www.csj-emballages.com\/it\/#\/schema\/logo\/image\/\"},\"sameAs\":[\"https:\/\/www.facebook.com\/csjemballages\"],\"address\":{\"@type\":\"PostalAddress\",\"streetAddress\":\"ZI La Lechere\",\"addressLocality\":\"Patornay\",\"postalCode\":\"39130\",\"addressCountry\":\"FR\"},\"contactPoint\":[{\"@type\":\"ContactPoint\",\"contactType\":\"Service client\",\"telephone\":\"0384254272\",\"email\":\"contact@csj-emballages.com\"}]}]}<\/script>\n<!-- \/ Yoast SEO Premium plugin. -->","yoast_head_json":{"title":"Vaschetta in Alluminio 105 ml, confezione da 100","description":"Vaschetta in alluminio 105 ml - Confezione da 100. Ideale per salse o dessert. Resistente, riciclabile e pratico per la ristorazione e l'asporto.","robots":{"index":"index","follow":"follow","max-snippet":"max-snippet:-1","max-image-preview":"max-image-preview:large","max-video-preview":"max-video-preview:-1"},"canonical":"https:\/\/www.csj-emballages.com\/it\/produit\/vaschetta-in-alluminio-105-ml-confezione-da-100\/","og_locale":"it_IT","og_type":"article","og_title":"Vaschetta in alluminio 105 ml, confezione da 100","og_description":"Vaschetta in alluminio 105 ml - Confezione da 100. Ideale per salse o dessert. Resistente, riciclabile e pratico per la ristorazione e l'asporto.","og_url":"https:\/\/www.csj-emballages.com\/it\/produit\/vaschetta-in-alluminio-105-ml-confezione-da-100\/","og_site_name":"CSJ Emballages","article_publisher":"https:\/\/www.facebook.com\/csjemballages","article_modified_time":"2026-04-16T00:13:47+00:00","og_image":[{"width":800,"height":799,"url":"https:\/\/www.csj-emballages.com\/wp-content\/uploads\/2024\/03\/GO105.webp","type":"image\/webp"}],"twitter_card":"summary_large_image","twitter_misc":{"Dur\u00e9e de lecture estim\u00e9e":"1 minuto"},"schema":{"@context":"https:\/\/schema.org","@graph":[{"@type":"WebPage","@id":"https:\/\/www.csj-emballages.com\/it\/produit\/vaschetta-in-alluminio-105-ml-confezione-da-100\/","url":"https:\/\/www.csj-emballages.com\/it\/produit\/vaschetta-in-alluminio-105-ml-confezione-da-100\/","name":"Vaschetta in Alluminio 105 ml, confezione da 100","isPartOf":{"@id":"https:\/\/www.csj-emballages.com\/it\/#website"},"primaryImageOfPage":{"@id":"https:\/\/www.csj-emballages.com\/it\/produit\/vaschetta-in-alluminio-105-ml-confezione-da-100\/#primaryimage"},"image":{"@id":"https:\/\/www.csj-emballages.com\/it\/produit\/vaschetta-in-alluminio-105-ml-confezione-da-100\/#primaryimage"},"thumbnailUrl":"https:\/\/www.csj-emballages.com\/wp-content\/uploads\/2024\/03\/GO105.webp","datePublished":"2024-03-01T15:53:04+00:00","dateModified":"2026-04-16T00:13:47+00:00","description":"Vaschetta in alluminio 105 ml - Confezione da 100. Ideale per salse o dessert. Resistente, riciclabile e pratico per la ristorazione e l'asporto.","breadcrumb":{"@id":"https:\/\/www.csj-emballages.com\/it\/produit\/vaschetta-in-alluminio-105-ml-confezione-da-100\/#breadcrumb"},"inLanguage":"it-IT","potentialAction":[{"@type":"ReadAction","target":["https:\/\/www.csj-emballages.com\/it\/produit\/vaschetta-in-alluminio-105-ml-confezione-da-100\/"]}]},{"@type":"ImageObject","inLanguage":"it-IT","@id":"https:\/\/www.csj-emballages.com\/it\/produit\/vaschetta-in-alluminio-105-ml-confezione-da-100\/#primaryimage","url":"https:\/\/www.csj-emballages.com\/wp-content\/uploads\/2024\/03\/GO105.webp","contentUrl":"https:\/\/www.csj-emballages.com\/wp-content\/uploads\/2024\/03\/GO105.webp","width":800,"height":799,"caption":"Godet aluminium"},{"@type":"BreadcrumbList","@id":"https:\/\/www.csj-emballages.com\/it\/produit\/vaschetta-in-alluminio-105-ml-confezione-da-100\/#breadcrumb","itemListElement":[{"@type":"ListItem","position":1,"name":"Home","item":"https:\/\/www.csj-emballages.com\/it\/universo-imballaggi-alimentari\/"},{"@type":"ListItem","position":2,"name":"Negozio","item":"https:\/\/www.csj-emballages.com\/it\/negozio\/"},{"@type":"ListItem","position":3,"name":"Vaschetta in alluminio 105 ml, confezione da 100"}]},{"@type":"WebSite","@id":"https:\/\/www.csj-emballages.com\/it\/#website","url":"https:\/\/www.csj-emballages.com\/it\/","name":"CSJ Emballages","description":"","publisher":{"@id":"https:\/\/www.csj-emballages.com\/it\/#organization"},"potentialAction":[{"@type":"SearchAction","target":{"@type":"EntryPoint","urlTemplate":"https:\/\/www.csj-emballages.com\/it\/?s={search_term_string}"},"query-input":{"@type":"PropertyValueSpecification","valueRequired":true,"valueName":"search_term_string"}}],"inLanguage":"it-IT"},{"@type":"Organization","@id":"https:\/\/www.csj-emballages.com\/it\/#Organization\/","name":"CSJ Emballages","url":"https:\/\/www.csj-emballages.com\/it\/","logo":{"@type":"ImageObject","inLanguage":"it-IT","@id":"https:\/\/www.csj-emballages.com\/it\/#\/schema\/logo\/image\/","url":"https:\/\/www.csj-emballages.com\/wp-content\/uploads\/2023\/10\/logo_csj.webp","contentUrl":"https:\/\/www.csj-emballages.com\/wp-content\/uploads\/2023\/10\/logo_csj.webp","width":250,"height":95,"caption":"CSJ Emballages"},"image":{"@id":"https:\/\/www.csj-emballages.com\/it\/#\/schema\/logo\/image\/"},"sameAs":["https:\/\/www.facebook.com\/csjemballages"],"address":{"@type":"PostalAddress","streetAddress":"ZI La Lechere","addressLocality":"Patornay","postalCode":"39130","addressCountry":"FR"},"contactPoint":[{"@type":"ContactPoint","contactType":"Service client","telephone":"0384254272","email":"contact@csj-emballages.com"}]}]}},"df_price":4.26,"df_sale_price":"","df_regular_price":4.26,"df_image_link":"https:\/\/www.csj-emballages.com\/wp-content\/uploads\/2024\/03\/GO105-300x300.webp","tiered_pricing_type":"fixed","tiered_pricing_fixed_rules":[],"tiered_pricing_percentage_rules":[],"tiered_pricing_minimum":1,"tiered_pricing_roles_data":[],"_links":{"self":[{"href":"https:\/\/www.csj-emballages.com\/it\/wp-json\/wp\/v2\/product\/266921","targetHints":{"allow":["GET"]}}],"collection":[{"href":"https:\/\/www.csj-emballages.com\/it\/wp-json\/wp\/v2\/product"}],"about":[{"href":"https:\/\/www.csj-emballages.com\/it\/wp-json\/wp\/v2\/types\/product"}],"wp:featuredmedia":[{"embeddable":true,"href":"https:\/\/www.csj-emballages.com\/it\/wp-json\/wp\/v2\/media\/266925"}],"wp:attachment":[{"href":"https:\/\/www.csj-emballages.com\/it\/wp-json\/wp\/v2\/media?parent=266921"}],"wp:term":[{"taxonomy":"product_brand","embeddable":true,"href":"https:\/\/www.csj-emballages.com\/it\/wp-json\/wp\/v2\/product_brand?post=266921"},{"taxonomy":"product_cat","embeddable":true,"href":"https:\/\/www.csj-emballages.com\/it\/wp-json\/wp\/v2\/product_cat?post=266921"},{"taxonomy":"product_tag","embeddable":true,"href":"https:\/\/www.csj-emballages.com\/it\/wp-json\/wp\/v2\/product_tag?post=266921"}],"curies":[{"name":"wp","href":"https:\/\/api.w.org\/{rel}","templated":true}]}}