{"id":266918,"date":"2024-03-01T16:53:28","date_gmt":"2024-03-01T15:53:28","guid":{"rendered":"https:\/\/www.csj-emballages.com\/produit\/bicchiere-in-cartone-nero-20-cl-da-25\/"},"modified":"2026-04-03T02:16:39","modified_gmt":"2026-04-03T00:16:39","slug":"bicchiere-in-cartone-nero-20-cl-da-25","status":"publish","type":"product","link":"https:\/\/www.csj-emballages.com\/it\/produit\/bicchiere-in-cartone-nero-20-cl-da-25\/","title":{"rendered":"Bicchiere in cartone nero 20 cl da 25"},"content":{"rendered":"<h2 class=\"p1\">Bicchiere in cartone nero<\/h2>\n<hr>\n<h3>Scopri il nostro bicchiere in cartone nero 20 cl da 25<\/h3>\n<p><!--more--><\/p>\n<p data-start=\"216\" data-end=\"485\">Il <strong>bicchiere in cartone nero 20 cl<\/strong> \u00e8 ideale per servire bevande calde e fredde da asporto. Con il suo design sobrio ed elegante, aggiunge un tocco moderno e professionale al tuo servizio, in caffetteria, panetteria, snack bar o durante eventi. <\/p>\n<p data-start=\"487\" data-end=\"776\">La sua <strong>capacit\u00e0 di 20 cl (200 ml)<\/strong> \u00e8 perfetta per un <strong>caff\u00e8 lungo, t\u00e8, cioccolata calda, cappuccino o qualsiasi altra bevanda servita in porzione singola<\/strong>. Realizzato in cartone resistente idoneo al contatto alimentare, offre una buona presa e limita la trasmissione del calore. <\/p>\n<p data-start=\"778\" data-end=\"1009\">La sua <strong>finitura nera<\/strong> offre un risultato estetico curato che si adatta a ogni ambiente, dai locali tradizionali ai concept pi\u00f9 contemporanei. Leggero e pratico, facilita il servizio rapido e l\u2019asporto. <\/p>\n<p data-start=\"1011\" data-end=\"1158\">Confezionato in <strong>lotto da 25 unit\u00e0<\/strong>, questo <strong>bicchiere<\/strong> \u00e8 una soluzione semplice ed efficace sia per i professionisti sia per eventi occasionali.<\/p>\n<p>&nbsp;<\/p>\n<p><!--more--><\/p>\n<h4>Vantaggi:<\/h4>\n<ul>\n<li data-start=\"1196\" data-end=\"1254\"><strong>Capacit\u00e0 20 cl<\/strong> ideale per bevande calde o fredde.<\/li>\n<li data-start=\"1257\" data-end=\"1289\">Design nero elegante e moderno.<\/li>\n<li data-start=\"1292\" data-end=\"1338\">Cartone resistente idoneo al contatto alimentare.<\/li>\n<li data-start=\"1292\" data-end=\"1338\">Ideale per caff\u00e8, t\u00e8 e cioccolate calde.<\/li>\n<li data-start=\"1445\" data-end=\"1464\">Leggero e pratico.<\/li>\n<li data-start=\"1467\" data-end=\"1500\">Confezione da <strong>25 bicchieri<\/strong>.<\/li>\n<\/ul>\n<p>&nbsp;<\/p>\n<p><!--more--><\/p>\n<h4>Altre informazioni:<\/h4>\n<ul>\n<li><strong>Confezione<\/strong> : Pacco da 25<\/li>\n<li><b>Volume <\/b>: 20 cl<\/li>\n<li><strong>Materiale<\/strong> : Cartone<\/li>\n<li><strong>Colore<\/strong> : Nero<\/li>\n<\/ul>\n<p>&nbsp;<\/p>\n<p><!--more--><\/p>\n<p><a href=\"https:\/\/www.csj-emballages.com\/it\/categorie-produit\/bicchieri-in-cartoncino-colorati\/\">Scopri il resto della nostra gamma di bicchieri in cartone colorati<\/a><\/p>\n","protected":false},"excerpt":{"rendered":"<p>Bicchiere in cartone nero Scopri il nostro bicchiere in cartone nero 20 cl da 25<\/p>\n","protected":false},"featured_media":266922,"template":"","meta":{"_acf_changed":false},"product_brand":[],"product_cat":[10409,10410],"product_tag":[],"class_list":{"0":"post-266918","1":"product","2":"type-product","3":"status-publish","4":"has-post-thumbnail","6":"product_cat-bicchieri-calici-bottiglie","7":"product_cat-bicchieri-in-cartoncino-colorati","9":"first","10":"instock","11":"taxable","12":"shipping-taxable","13":"purchasable","14":"product-type-simple"},"acf":[],"yoast_head":"<!-- This site is optimized with the Yoast SEO Premium plugin v26.6 (Yoast SEO v26.6) - https:\/\/yoast.com\/wordpress\/plugins\/seo\/ -->\n<title>Bicchiere in cartone nero 20 cl da 25<\/title>\n<meta name=\"description\" content=\"Bicchiere in cartone nero 20 cl da 25, ideale per caff\u00e8, t\u00e8 e bevande calde da asporto. Resistente, elegante e perfetto per professionisti o privati.\" \/>\n<meta name=\"robots\" content=\"index, follow, max-snippet:-1, max-image-preview:large, max-video-preview:-1\" \/>\n<link rel=\"canonical\" href=\"https:\/\/www.csj-emballages.com\/it\/produit\/bicchiere-in-cartone-nero-20-cl-da-25\/\" \/>\n<meta property=\"og:locale\" content=\"it_IT\" \/>\n<meta property=\"og:type\" content=\"article\" \/>\n<meta property=\"og:title\" content=\"Bicchiere in cartone nero 20 cl da 25\" \/>\n<meta property=\"og:description\" content=\"Bicchiere in cartone nero 20 cl da 25, ideale per caff\u00e8, t\u00e8 e bevande calde da asporto. Resistente, elegante e perfetto per professionisti o privati.\" \/>\n<meta property=\"og:url\" content=\"https:\/\/www.csj-emballages.com\/it\/produit\/bicchiere-in-cartone-nero-20-cl-da-25\/\" \/>\n<meta property=\"og:site_name\" content=\"CSJ Emballages\" \/>\n<meta property=\"article:publisher\" content=\"https:\/\/www.facebook.com\/csjemballages\" \/>\n<meta property=\"article:modified_time\" content=\"2026-04-03T00:16:39+00:00\" \/>\n<meta property=\"og:image\" content=\"https:\/\/www.csj-emballages.com\/wp-content\/uploads\/2024\/03\/V547OZN-zoom-jpg.webp\" \/>\n\t<meta property=\"og:image:width\" content=\"800\" \/>\n\t<meta property=\"og:image:height\" content=\"794\" \/>\n\t<meta property=\"og:image:type\" content=\"image\/jpeg\" \/>\n<meta name=\"twitter:card\" content=\"summary_large_image\" \/>\n<meta name=\"twitter:label1\" content=\"Dur\u00e9e de lecture estim\u00e9e\" \/>\n\t<meta name=\"twitter:data1\" content=\"1 minuto\" \/>\n<script type=\"application\/ld+json\" class=\"yoast-schema-graph\">{\"@context\":\"https:\/\/schema.org\",\"@graph\":[{\"@type\":\"WebPage\",\"@id\":\"https:\/\/www.csj-emballages.com\/it\/produit\/bicchiere-in-cartone-nero-20-cl-da-25\/\",\"url\":\"https:\/\/www.csj-emballages.com\/it\/produit\/bicchiere-in-cartone-nero-20-cl-da-25\/\",\"name\":\"Bicchiere in cartone nero 20 cl da 25\",\"isPartOf\":{\"@id\":\"https:\/\/www.csj-emballages.com\/it\/#website\"},\"primaryImageOfPage\":{\"@id\":\"https:\/\/www.csj-emballages.com\/it\/produit\/bicchiere-in-cartone-nero-20-cl-da-25\/#primaryimage\"},\"image\":{\"@id\":\"https:\/\/www.csj-emballages.com\/it\/produit\/bicchiere-in-cartone-nero-20-cl-da-25\/#primaryimage\"},\"thumbnailUrl\":\"https:\/\/www.csj-emballages.com\/wp-content\/uploads\/2024\/03\/V547OZN-zoom-jpg.webp\",\"datePublished\":\"2024-03-01T15:53:28+00:00\",\"dateModified\":\"2026-04-03T00:16:39+00:00\",\"description\":\"Bicchiere in cartone nero 20 cl da 25, ideale per caff\u00e8, t\u00e8 e bevande calde da asporto. Resistente, elegante e perfetto per professionisti o privati.\",\"breadcrumb\":{\"@id\":\"https:\/\/www.csj-emballages.com\/it\/produit\/bicchiere-in-cartone-nero-20-cl-da-25\/#breadcrumb\"},\"inLanguage\":\"it-IT\",\"potentialAction\":[{\"@type\":\"ReadAction\",\"target\":[\"https:\/\/www.csj-emballages.com\/it\/produit\/bicchiere-in-cartone-nero-20-cl-da-25\/\"]}]},{\"@type\":\"ImageObject\",\"inLanguage\":\"it-IT\",\"@id\":\"https:\/\/www.csj-emballages.com\/it\/produit\/bicchiere-in-cartone-nero-20-cl-da-25\/#primaryimage\",\"url\":\"https:\/\/www.csj-emballages.com\/wp-content\/uploads\/2024\/03\/V547OZN-zoom-jpg.webp\",\"contentUrl\":\"https:\/\/www.csj-emballages.com\/wp-content\/uploads\/2024\/03\/V547OZN-zoom-jpg.webp\",\"width\":800,\"height\":794},{\"@type\":\"BreadcrumbList\",\"@id\":\"https:\/\/www.csj-emballages.com\/it\/produit\/bicchiere-in-cartone-nero-20-cl-da-25\/#breadcrumb\",\"itemListElement\":[{\"@type\":\"ListItem\",\"position\":1,\"name\":\"Home\",\"item\":\"https:\/\/www.csj-emballages.com\/it\/universo-imballaggi-alimentari\/\"},{\"@type\":\"ListItem\",\"position\":2,\"name\":\"Negozio\",\"item\":\"https:\/\/www.csj-emballages.com\/it\/negozio\/\"},{\"@type\":\"ListItem\",\"position\":3,\"name\":\"Bicchiere in cartone nero 20 cl da 25\"}]},{\"@type\":\"WebSite\",\"@id\":\"https:\/\/www.csj-emballages.com\/it\/#website\",\"url\":\"https:\/\/www.csj-emballages.com\/it\/\",\"name\":\"CSJ Emballages\",\"description\":\"\",\"publisher\":{\"@id\":\"https:\/\/www.csj-emballages.com\/it\/#organization\"},\"potentialAction\":[{\"@type\":\"SearchAction\",\"target\":{\"@type\":\"EntryPoint\",\"urlTemplate\":\"https:\/\/www.csj-emballages.com\/it\/?s={search_term_string}\"},\"query-input\":{\"@type\":\"PropertyValueSpecification\",\"valueRequired\":true,\"valueName\":\"search_term_string\"}}],\"inLanguage\":\"it-IT\"},{\"@type\":\"Organization\",\"@id\":\"https:\/\/www.csj-emballages.com\/it\/#Organization\/\",\"name\":\"CSJ Emballages\",\"url\":\"https:\/\/www.csj-emballages.com\/it\/\",\"logo\":{\"@type\":\"ImageObject\",\"inLanguage\":\"it-IT\",\"@id\":\"https:\/\/www.csj-emballages.com\/it\/#\/schema\/logo\/image\/\",\"url\":\"https:\/\/www.csj-emballages.com\/wp-content\/uploads\/2023\/10\/logo_csj.webp\",\"contentUrl\":\"https:\/\/www.csj-emballages.com\/wp-content\/uploads\/2023\/10\/logo_csj.webp\",\"width\":250,\"height\":95,\"caption\":\"CSJ Emballages\"},\"image\":{\"@id\":\"https:\/\/www.csj-emballages.com\/it\/#\/schema\/logo\/image\/\"},\"sameAs\":[\"https:\/\/www.facebook.com\/csjemballages\"],\"address\":{\"@type\":\"PostalAddress\",\"streetAddress\":\"ZI La Lechere\",\"addressLocality\":\"Patornay\",\"postalCode\":\"39130\",\"addressCountry\":\"FR\"},\"contactPoint\":[{\"@type\":\"ContactPoint\",\"contactType\":\"Service client\",\"telephone\":\"0384254272\",\"email\":\"contact@csj-emballages.com\"}]}]}<\/script>\n<!-- \/ Yoast SEO Premium plugin. -->","yoast_head_json":{"title":"Bicchiere in cartone nero 20 cl da 25","description":"Bicchiere in cartone nero 20 cl da 25, ideale per caff\u00e8, t\u00e8 e bevande calde da asporto. Resistente, elegante e perfetto per professionisti o privati.","robots":{"index":"index","follow":"follow","max-snippet":"max-snippet:-1","max-image-preview":"max-image-preview:large","max-video-preview":"max-video-preview:-1"},"canonical":"https:\/\/www.csj-emballages.com\/it\/produit\/bicchiere-in-cartone-nero-20-cl-da-25\/","og_locale":"it_IT","og_type":"article","og_title":"Bicchiere in cartone nero 20 cl da 25","og_description":"Bicchiere in cartone nero 20 cl da 25, ideale per caff\u00e8, t\u00e8 e bevande calde da asporto. Resistente, elegante e perfetto per professionisti o privati.","og_url":"https:\/\/www.csj-emballages.com\/it\/produit\/bicchiere-in-cartone-nero-20-cl-da-25\/","og_site_name":"CSJ Emballages","article_publisher":"https:\/\/www.facebook.com\/csjemballages","article_modified_time":"2026-04-03T00:16:39+00:00","og_image":[{"width":800,"height":794,"url":"https:\/\/www.csj-emballages.com\/wp-content\/uploads\/2024\/03\/V547OZN-zoom-jpg.webp","type":"image\/jpeg"}],"twitter_card":"summary_large_image","twitter_misc":{"Dur\u00e9e de lecture estim\u00e9e":"1 minuto"},"schema":{"@context":"https:\/\/schema.org","@graph":[{"@type":"WebPage","@id":"https:\/\/www.csj-emballages.com\/it\/produit\/bicchiere-in-cartone-nero-20-cl-da-25\/","url":"https:\/\/www.csj-emballages.com\/it\/produit\/bicchiere-in-cartone-nero-20-cl-da-25\/","name":"Bicchiere in cartone nero 20 cl da 25","isPartOf":{"@id":"https:\/\/www.csj-emballages.com\/it\/#website"},"primaryImageOfPage":{"@id":"https:\/\/www.csj-emballages.com\/it\/produit\/bicchiere-in-cartone-nero-20-cl-da-25\/#primaryimage"},"image":{"@id":"https:\/\/www.csj-emballages.com\/it\/produit\/bicchiere-in-cartone-nero-20-cl-da-25\/#primaryimage"},"thumbnailUrl":"https:\/\/www.csj-emballages.com\/wp-content\/uploads\/2024\/03\/V547OZN-zoom-jpg.webp","datePublished":"2024-03-01T15:53:28+00:00","dateModified":"2026-04-03T00:16:39+00:00","description":"Bicchiere in cartone nero 20 cl da 25, ideale per caff\u00e8, t\u00e8 e bevande calde da asporto. Resistente, elegante e perfetto per professionisti o privati.","breadcrumb":{"@id":"https:\/\/www.csj-emballages.com\/it\/produit\/bicchiere-in-cartone-nero-20-cl-da-25\/#breadcrumb"},"inLanguage":"it-IT","potentialAction":[{"@type":"ReadAction","target":["https:\/\/www.csj-emballages.com\/it\/produit\/bicchiere-in-cartone-nero-20-cl-da-25\/"]}]},{"@type":"ImageObject","inLanguage":"it-IT","@id":"https:\/\/www.csj-emballages.com\/it\/produit\/bicchiere-in-cartone-nero-20-cl-da-25\/#primaryimage","url":"https:\/\/www.csj-emballages.com\/wp-content\/uploads\/2024\/03\/V547OZN-zoom-jpg.webp","contentUrl":"https:\/\/www.csj-emballages.com\/wp-content\/uploads\/2024\/03\/V547OZN-zoom-jpg.webp","width":800,"height":794},{"@type":"BreadcrumbList","@id":"https:\/\/www.csj-emballages.com\/it\/produit\/bicchiere-in-cartone-nero-20-cl-da-25\/#breadcrumb","itemListElement":[{"@type":"ListItem","position":1,"name":"Home","item":"https:\/\/www.csj-emballages.com\/it\/universo-imballaggi-alimentari\/"},{"@type":"ListItem","position":2,"name":"Negozio","item":"https:\/\/www.csj-emballages.com\/it\/negozio\/"},{"@type":"ListItem","position":3,"name":"Bicchiere in cartone nero 20 cl da 25"}]},{"@type":"WebSite","@id":"https:\/\/www.csj-emballages.com\/it\/#website","url":"https:\/\/www.csj-emballages.com\/it\/","name":"CSJ Emballages","description":"","publisher":{"@id":"https:\/\/www.csj-emballages.com\/it\/#organization"},"potentialAction":[{"@type":"SearchAction","target":{"@type":"EntryPoint","urlTemplate":"https:\/\/www.csj-emballages.com\/it\/?s={search_term_string}"},"query-input":{"@type":"PropertyValueSpecification","valueRequired":true,"valueName":"search_term_string"}}],"inLanguage":"it-IT"},{"@type":"Organization","@id":"https:\/\/www.csj-emballages.com\/it\/#Organization\/","name":"CSJ Emballages","url":"https:\/\/www.csj-emballages.com\/it\/","logo":{"@type":"ImageObject","inLanguage":"it-IT","@id":"https:\/\/www.csj-emballages.com\/it\/#\/schema\/logo\/image\/","url":"https:\/\/www.csj-emballages.com\/wp-content\/uploads\/2023\/10\/logo_csj.webp","contentUrl":"https:\/\/www.csj-emballages.com\/wp-content\/uploads\/2023\/10\/logo_csj.webp","width":250,"height":95,"caption":"CSJ Emballages"},"image":{"@id":"https:\/\/www.csj-emballages.com\/it\/#\/schema\/logo\/image\/"},"sameAs":["https:\/\/www.facebook.com\/csjemballages"],"address":{"@type":"PostalAddress","streetAddress":"ZI La Lechere","addressLocality":"Patornay","postalCode":"39130","addressCountry":"FR"},"contactPoint":[{"@type":"ContactPoint","contactType":"Service client","telephone":"0384254272","email":"contact@csj-emballages.com"}]}]}},"df_price":1.99,"df_sale_price":"","df_regular_price":1.99,"df_image_link":"https:\/\/www.csj-emballages.com\/wp-content\/uploads\/2024\/03\/V547OZN-zoom-300x298.webp","tiered_pricing_type":"fixed","tiered_pricing_fixed_rules":[],"tiered_pricing_percentage_rules":[],"tiered_pricing_minimum":1,"tiered_pricing_roles_data":[],"_links":{"self":[{"href":"https:\/\/www.csj-emballages.com\/it\/wp-json\/wp\/v2\/product\/266918","targetHints":{"allow":["GET"]}}],"collection":[{"href":"https:\/\/www.csj-emballages.com\/it\/wp-json\/wp\/v2\/product"}],"about":[{"href":"https:\/\/www.csj-emballages.com\/it\/wp-json\/wp\/v2\/types\/product"}],"wp:featuredmedia":[{"embeddable":true,"href":"https:\/\/www.csj-emballages.com\/it\/wp-json\/wp\/v2\/media\/266922"}],"wp:attachment":[{"href":"https:\/\/www.csj-emballages.com\/it\/wp-json\/wp\/v2\/media?parent=266918"}],"wp:term":[{"taxonomy":"product_brand","embeddable":true,"href":"https:\/\/www.csj-emballages.com\/it\/wp-json\/wp\/v2\/product_brand?post=266918"},{"taxonomy":"product_cat","embeddable":true,"href":"https:\/\/www.csj-emballages.com\/it\/wp-json\/wp\/v2\/product_cat?post=266918"},{"taxonomy":"product_tag","embeddable":true,"href":"https:\/\/www.csj-emballages.com\/it\/wp-json\/wp\/v2\/product_tag?post=266918"}],"curies":[{"name":"wp","href":"https:\/\/api.w.org\/{rel}","templated":true}]}}