{"id":266872,"date":"2024-03-01T16:53:12","date_gmt":"2024-03-01T15:53:12","guid":{"rendered":"https:\/\/www.csj-emballages.com\/produit\/guanto-per-la-casa-in-lattice-giallo-taglia-l-8-9\/"},"modified":"2026-03-26T02:14:14","modified_gmt":"2026-03-26T01:14:14","slug":"guanto-per-la-casa-in-lattice-giallo-taglia-l-8-9","status":"publish","type":"product","link":"https:\/\/www.csj-emballages.com\/it\/produit\/guanto-per-la-casa-in-lattice-giallo-taglia-l-8-9\/","title":{"rendered":"Guanto per la casa in lattice giallo taglia L 8\/9"},"content":{"rendered":"<h2>Guanto per la casa<\/h2>\n<hr>\n<h3>Scopri il nostro guanto per la casa in lattice giallo taglia L 8\/9<\/h3>\n<p><!--more--><\/p>\n<p data-start=\"190\" data-end=\"582\">Questi <strong data-start=\"194\" data-end=\"227\">guanti per la casa in lattice giallo<\/strong>, taglia <strong>L 8\/9<\/strong>, sono pensati per rendere le faccende quotidiane pi\u00f9 comode ed efficienti. Grazie alla loro <strong data-start=\"345\" data-end=\"365\">forma anatomica<\/strong>, si adattano naturalmente alla mano, permettendoti di muoverti liberamente senza rigidit\u00e0. Che sia per le pulizie, i piatti o una pulizia pi\u00f9 intensa, offrono una vera facilit\u00e0 ad ogni gesto.  <\/p>\n<p data-start=\"584\" data-end=\"889\">All&#8217;interno, la <strong data-start=\"602\" data-end=\"623\">floccatura in cotone<\/strong> offre un comfort immediato. Le mani rimangono piacevoli al tatto, anche durante un uso prolungato, e l&#8217;indosso \u00e8 facile. Inoltre, questa finitura limita la sensazione di umidit\u00e0, sempre apprezzabile quando i guanti vengono indossati a lungo.  <\/p>\n<p data-start=\"891\" data-end=\"1229\">La <strong data-start=\"1109\" data-end=\"1139\">superficie leggermente talcata<\/strong> aggiunge un tocco di morbidezza e facilita la manipolazione evitando l&#8217;effetto appiccicoso.<\/p>\n<p data-start=\"1231\" data-end=\"1566\">Il <strong data-start=\"1234\" data-end=\"1257\">bordo a taglio dritto<\/strong> permette una tenuta semplice ed efficace al polso, senza compressione eccessiva. I <strong>guanti<\/strong> rimangono ben saldi e si tolgono facilmente una volta terminato il lavoro. Oltre alla loro praticit\u00e0, il loro <strong data-start=\"1460\" data-end=\"1476\">colore giallo<\/strong> porta una nota di freschezza e buon umore, lontano dai classici guanti troppo neutri.  <\/p>\n<p data-start=\"1568\" data-end=\"1745\">In sintesi, questi <strong>guanti per la casa<\/strong> uniscono comfort, aderenza e flessibilit\u00e0 per accompagnare tutte le faccende domestiche con efficienza, senza compromettere il benessere delle mani.<\/p>\n<p data-start=\"1568\" data-end=\"1745\"><!--more--><\/p>\n<h4 data-start=\"1568\" data-end=\"1745\">Vantaggi:<\/h4>\n<ul>\n<li data-start=\"1773\" data-end=\"1817\">Forma anatomica per un comfort migliore.<\/li>\n<li data-start=\"1820\" data-end=\"1864\"><strong>Interno floccato in cotone<\/strong>, piacevole da indossare.<\/li>\n<li data-start=\"1902\" data-end=\"1942\">Superficie esterna leggermente talcata.<\/li>\n<li data-start=\"1945\" data-end=\"1986\">Bordo a taglio dritto per una buona tenuta.<\/li>\n<li data-start=\"1989\" data-end=\"2031\"><strong>Taglia L 8\/9<\/strong>, ideale per mani sottili.<\/li>\n<\/ul>\n<p>&nbsp;<\/p>\n<p><!--more--><\/p>\n<h4>Altre informazioni:<\/h4>\n<ul>\n<li><strong>Confezione<\/strong>: 1 paio di guanti<\/li>\n<li><strong>Taglia<\/strong>: L<\/li>\n<li><strong>Lunghezza<\/strong>: 300 mm<\/li>\n<li><strong>Larghezza palmo<\/strong>: 112 mm<\/li>\n<li><strong>Materiale<\/strong>: Lattice \/ cotone<\/li>\n<\/ul>\n<p>&nbsp;<\/p>\n<p><!--more--><\/p>\n<p>Questi guanti per la casa taglia L sono disponibili in diverse taglie: <span style=\"color: #d12727;\"><a style=\"color: #d12727;\" href=\"https:\/\/www.csj-emballages.com\/produit\/1-paire-de-gant-de-menage-latex-rose-taille-6-7-s\/?_gl=1*13b9sjf*_up*MQ..*_ga*MzczNDY1Mjg5LjE3Njk2OTI0MzE.*_ga_YNVJLRSSZT*czE3Njk2OTI0MzEkbzEkZzAkdDE3Njk2OTI1MzYkajYwJGwwJGg0MTA2MDUyMjE.\">Small<\/a><\/span> \/ <span style=\"color: #d12727;\"><a style=\"color: #d12727;\" href=\"https:\/\/www.csj-emballages.com\/produit\/1-paire-de-gant-menage-latex-rose-taille-7-8-m\/?_gl=1*1ghglbo*_up*MQ..*_ga*MzczNDY1Mjg5LjE3Njk2OTI0MzE.*_ga_YNVJLRSSZT*czE3Njk2OTI0MzEkbzEkZzAkdDE3Njk2OTI1MzYkajYwJGwwJGg0MTA2MDUyMjE.\">Medium<\/a> <span style=\"color: #000000;\">\/<\/span> <a style=\"color: #d12727;\" href=\"https:\/\/www.csj-emballages.com\/produit\/1-paire-de-gant-menage-latex-jaune-taille-9-10-xl\/?_gl=1*1szwcb1*_up*MQ..*_ga*MzczNDY1Mjg5LjE3Njk2OTI0MzE.*_ga_YNVJLRSSZT*czE3Njk2OTI0MzEkbzEkZzAkdDE3Njk2OTI0MzkkajUyJGwwJGg0MTA2MDUyMjE.\">Extra large<\/a><\/span><\/p>\n<p>&nbsp;<\/p>\n<p><!--more--><\/p>\n<p><a href=\"https:\/\/www.csj-emballages.com\/categorie-produit\/hygiene-et-entretiens\/equipements-individuels\/gants\/gants-de-menage\/?_gl=1*12f028a*_up*MQ..*_ga*MzczNDY1Mjg5LjE3Njk2OTI0MzE.*_ga_YNVJLRSSZT*czE3Njk2OTI0MzEkbzEkZzAkdDE3Njk2OTI0MzEkajYwJGwwJGg0MTA2MDUyMjE.\">Consulta il resto della nostra gamma di guanti per la casa<\/a><\/p>\n","protected":false},"excerpt":{"rendered":"<p>Guanto per la casa Scopri il nostro guanto per la casa in lattice giallo taglia L 8\/9<\/p>\n","protected":false},"featured_media":266883,"template":"","meta":{"_acf_changed":false},"product_brand":[],"product_cat":[10356,10362,10363,10408],"product_tag":[],"class_list":{"0":"post-266872","1":"product","2":"type-product","3":"status-publish","4":"has-post-thumbnail","6":"product_cat-igiene-e-manutenzione","7":"product_cat-dispositivi-di-protezione-individuale","8":"product_cat-guanti","9":"product_cat-guanti-per-la-casa","11":"first","12":"instock","13":"taxable","14":"shipping-taxable","15":"purchasable","16":"product-type-simple"},"acf":[],"yoast_head":"<!-- This site is optimized with the Yoast SEO Premium plugin v26.6 (Yoast SEO v26.6) - https:\/\/yoast.com\/wordpress\/plugins\/seo\/ -->\n<title>Guanto per la Casa in Lattice Giallo Taglia L 8\/9<\/title>\n<meta name=\"description\" content=\"Guanti per la casa in lattice rosa taglia L 8\/9, comodi e antiscivolo. Interno in cotone, forma anatomica e buona presa per l&#039;uso quotidiano.\" \/>\n<meta name=\"robots\" content=\"index, follow, max-snippet:-1, max-image-preview:large, max-video-preview:-1\" \/>\n<link rel=\"canonical\" href=\"https:\/\/www.csj-emballages.com\/it\/produit\/guanto-per-la-casa-in-lattice-giallo-taglia-l-8-9\/\" \/>\n<meta property=\"og:locale\" content=\"it_IT\" \/>\n<meta property=\"og:type\" content=\"article\" \/>\n<meta property=\"og:title\" content=\"Guanto per la casa in lattice giallo taglia L 8\/9\" \/>\n<meta property=\"og:description\" content=\"Guanti per la casa in lattice rosa taglia L 8\/9, comodi e antiscivolo. Interno in cotone, forma anatomica e buona presa per l&#039;uso quotidiano.\" \/>\n<meta property=\"og:url\" content=\"https:\/\/www.csj-emballages.com\/it\/produit\/guanto-per-la-casa-in-lattice-giallo-taglia-l-8-9\/\" \/>\n<meta property=\"og:site_name\" content=\"CSJ Emballages\" \/>\n<meta property=\"article:publisher\" content=\"https:\/\/www.facebook.com\/csjemballages\" \/>\n<meta property=\"article:modified_time\" content=\"2026-03-26T01:14:14+00:00\" \/>\n<meta property=\"og:image\" content=\"https:\/\/www.csj-emballages.com\/wp-content\/uploads\/2024\/03\/Gant-de-menage-jaune.webp\" \/>\n\t<meta property=\"og:image:width\" content=\"800\" \/>\n\t<meta property=\"og:image:height\" content=\"800\" \/>\n\t<meta property=\"og:image:type\" content=\"image\/webp\" \/>\n<meta name=\"twitter:card\" content=\"summary_large_image\" \/>\n<meta name=\"twitter:label1\" content=\"Dur\u00e9e de lecture estim\u00e9e\" \/>\n\t<meta name=\"twitter:data1\" content=\"1 minuto\" \/>\n<script type=\"application\/ld+json\" class=\"yoast-schema-graph\">{\"@context\":\"https:\/\/schema.org\",\"@graph\":[{\"@type\":\"WebPage\",\"@id\":\"https:\/\/www.csj-emballages.com\/it\/produit\/guanto-per-la-casa-in-lattice-giallo-taglia-l-8-9\/\",\"url\":\"https:\/\/www.csj-emballages.com\/it\/produit\/guanto-per-la-casa-in-lattice-giallo-taglia-l-8-9\/\",\"name\":\"Guanto per la Casa in Lattice Giallo Taglia L 8\/9\",\"isPartOf\":{\"@id\":\"https:\/\/www.csj-emballages.com\/it\/#website\"},\"primaryImageOfPage\":{\"@id\":\"https:\/\/www.csj-emballages.com\/it\/produit\/guanto-per-la-casa-in-lattice-giallo-taglia-l-8-9\/#primaryimage\"},\"image\":{\"@id\":\"https:\/\/www.csj-emballages.com\/it\/produit\/guanto-per-la-casa-in-lattice-giallo-taglia-l-8-9\/#primaryimage\"},\"thumbnailUrl\":\"https:\/\/www.csj-emballages.com\/wp-content\/uploads\/2024\/03\/Gant-de-menage-jaune.webp\",\"datePublished\":\"2024-03-01T15:53:12+00:00\",\"dateModified\":\"2026-03-26T01:14:14+00:00\",\"description\":\"Guanti per la casa in lattice rosa taglia L 8\/9, comodi e antiscivolo. Interno in cotone, forma anatomica e buona presa per l'uso quotidiano.\",\"breadcrumb\":{\"@id\":\"https:\/\/www.csj-emballages.com\/it\/produit\/guanto-per-la-casa-in-lattice-giallo-taglia-l-8-9\/#breadcrumb\"},\"inLanguage\":\"it-IT\",\"potentialAction\":[{\"@type\":\"ReadAction\",\"target\":[\"https:\/\/www.csj-emballages.com\/it\/produit\/guanto-per-la-casa-in-lattice-giallo-taglia-l-8-9\/\"]}]},{\"@type\":\"ImageObject\",\"inLanguage\":\"it-IT\",\"@id\":\"https:\/\/www.csj-emballages.com\/it\/produit\/guanto-per-la-casa-in-lattice-giallo-taglia-l-8-9\/#primaryimage\",\"url\":\"https:\/\/www.csj-emballages.com\/wp-content\/uploads\/2024\/03\/Gant-de-menage-jaune.webp\",\"contentUrl\":\"https:\/\/www.csj-emballages.com\/wp-content\/uploads\/2024\/03\/Gant-de-menage-jaune.webp\",\"width\":800,\"height\":800,\"caption\":\"Gant de m\u00e9nage\"},{\"@type\":\"BreadcrumbList\",\"@id\":\"https:\/\/www.csj-emballages.com\/it\/produit\/guanto-per-la-casa-in-lattice-giallo-taglia-l-8-9\/#breadcrumb\",\"itemListElement\":[{\"@type\":\"ListItem\",\"position\":1,\"name\":\"Home\",\"item\":\"https:\/\/www.csj-emballages.com\/it\/universo-imballaggi-alimentari\/\"},{\"@type\":\"ListItem\",\"position\":2,\"name\":\"Negozio\",\"item\":\"https:\/\/www.csj-emballages.com\/it\/negozio\/\"},{\"@type\":\"ListItem\",\"position\":3,\"name\":\"Guanto per la casa in lattice giallo taglia L 8\/9\"}]},{\"@type\":\"WebSite\",\"@id\":\"https:\/\/www.csj-emballages.com\/it\/#website\",\"url\":\"https:\/\/www.csj-emballages.com\/it\/\",\"name\":\"CSJ Emballages\",\"description\":\"\",\"publisher\":{\"@id\":\"https:\/\/www.csj-emballages.com\/it\/#organization\"},\"potentialAction\":[{\"@type\":\"SearchAction\",\"target\":{\"@type\":\"EntryPoint\",\"urlTemplate\":\"https:\/\/www.csj-emballages.com\/it\/?s={search_term_string}\"},\"query-input\":{\"@type\":\"PropertyValueSpecification\",\"valueRequired\":true,\"valueName\":\"search_term_string\"}}],\"inLanguage\":\"it-IT\"},{\"@type\":\"Organization\",\"@id\":\"https:\/\/www.csj-emballages.com\/it\/#Organization\/\",\"name\":\"CSJ Emballages\",\"url\":\"https:\/\/www.csj-emballages.com\/it\/\",\"logo\":{\"@type\":\"ImageObject\",\"inLanguage\":\"it-IT\",\"@id\":\"https:\/\/www.csj-emballages.com\/it\/#\/schema\/logo\/image\/\",\"url\":\"https:\/\/www.csj-emballages.com\/wp-content\/uploads\/2023\/10\/logo_csj.webp\",\"contentUrl\":\"https:\/\/www.csj-emballages.com\/wp-content\/uploads\/2023\/10\/logo_csj.webp\",\"width\":250,\"height\":95,\"caption\":\"CSJ Emballages\"},\"image\":{\"@id\":\"https:\/\/www.csj-emballages.com\/it\/#\/schema\/logo\/image\/\"},\"sameAs\":[\"https:\/\/www.facebook.com\/csjemballages\"],\"address\":{\"@type\":\"PostalAddress\",\"streetAddress\":\"ZI La Lechere\",\"addressLocality\":\"Patornay\",\"postalCode\":\"39130\",\"addressCountry\":\"FR\"},\"contactPoint\":[{\"@type\":\"ContactPoint\",\"contactType\":\"Service client\",\"telephone\":\"0384254272\",\"email\":\"contact@csj-emballages.com\"}]}]}<\/script>\n<!-- \/ Yoast SEO Premium plugin. -->","yoast_head_json":{"title":"Guanto per la Casa in Lattice Giallo Taglia L 8\/9","description":"Guanti per la casa in lattice rosa taglia L 8\/9, comodi e antiscivolo. Interno in cotone, forma anatomica e buona presa per l'uso quotidiano.","robots":{"index":"index","follow":"follow","max-snippet":"max-snippet:-1","max-image-preview":"max-image-preview:large","max-video-preview":"max-video-preview:-1"},"canonical":"https:\/\/www.csj-emballages.com\/it\/produit\/guanto-per-la-casa-in-lattice-giallo-taglia-l-8-9\/","og_locale":"it_IT","og_type":"article","og_title":"Guanto per la casa in lattice giallo taglia L 8\/9","og_description":"Guanti per la casa in lattice rosa taglia L 8\/9, comodi e antiscivolo. Interno in cotone, forma anatomica e buona presa per l'uso quotidiano.","og_url":"https:\/\/www.csj-emballages.com\/it\/produit\/guanto-per-la-casa-in-lattice-giallo-taglia-l-8-9\/","og_site_name":"CSJ Emballages","article_publisher":"https:\/\/www.facebook.com\/csjemballages","article_modified_time":"2026-03-26T01:14:14+00:00","og_image":[{"width":800,"height":800,"url":"https:\/\/www.csj-emballages.com\/wp-content\/uploads\/2024\/03\/Gant-de-menage-jaune.webp","type":"image\/webp"}],"twitter_card":"summary_large_image","twitter_misc":{"Dur\u00e9e de lecture estim\u00e9e":"1 minuto"},"schema":{"@context":"https:\/\/schema.org","@graph":[{"@type":"WebPage","@id":"https:\/\/www.csj-emballages.com\/it\/produit\/guanto-per-la-casa-in-lattice-giallo-taglia-l-8-9\/","url":"https:\/\/www.csj-emballages.com\/it\/produit\/guanto-per-la-casa-in-lattice-giallo-taglia-l-8-9\/","name":"Guanto per la Casa in Lattice Giallo Taglia L 8\/9","isPartOf":{"@id":"https:\/\/www.csj-emballages.com\/it\/#website"},"primaryImageOfPage":{"@id":"https:\/\/www.csj-emballages.com\/it\/produit\/guanto-per-la-casa-in-lattice-giallo-taglia-l-8-9\/#primaryimage"},"image":{"@id":"https:\/\/www.csj-emballages.com\/it\/produit\/guanto-per-la-casa-in-lattice-giallo-taglia-l-8-9\/#primaryimage"},"thumbnailUrl":"https:\/\/www.csj-emballages.com\/wp-content\/uploads\/2024\/03\/Gant-de-menage-jaune.webp","datePublished":"2024-03-01T15:53:12+00:00","dateModified":"2026-03-26T01:14:14+00:00","description":"Guanti per la casa in lattice rosa taglia L 8\/9, comodi e antiscivolo. Interno in cotone, forma anatomica e buona presa per l'uso quotidiano.","breadcrumb":{"@id":"https:\/\/www.csj-emballages.com\/it\/produit\/guanto-per-la-casa-in-lattice-giallo-taglia-l-8-9\/#breadcrumb"},"inLanguage":"it-IT","potentialAction":[{"@type":"ReadAction","target":["https:\/\/www.csj-emballages.com\/it\/produit\/guanto-per-la-casa-in-lattice-giallo-taglia-l-8-9\/"]}]},{"@type":"ImageObject","inLanguage":"it-IT","@id":"https:\/\/www.csj-emballages.com\/it\/produit\/guanto-per-la-casa-in-lattice-giallo-taglia-l-8-9\/#primaryimage","url":"https:\/\/www.csj-emballages.com\/wp-content\/uploads\/2024\/03\/Gant-de-menage-jaune.webp","contentUrl":"https:\/\/www.csj-emballages.com\/wp-content\/uploads\/2024\/03\/Gant-de-menage-jaune.webp","width":800,"height":800,"caption":"Gant de m\u00e9nage"},{"@type":"BreadcrumbList","@id":"https:\/\/www.csj-emballages.com\/it\/produit\/guanto-per-la-casa-in-lattice-giallo-taglia-l-8-9\/#breadcrumb","itemListElement":[{"@type":"ListItem","position":1,"name":"Home","item":"https:\/\/www.csj-emballages.com\/it\/universo-imballaggi-alimentari\/"},{"@type":"ListItem","position":2,"name":"Negozio","item":"https:\/\/www.csj-emballages.com\/it\/negozio\/"},{"@type":"ListItem","position":3,"name":"Guanto per la casa in lattice giallo taglia L 8\/9"}]},{"@type":"WebSite","@id":"https:\/\/www.csj-emballages.com\/it\/#website","url":"https:\/\/www.csj-emballages.com\/it\/","name":"CSJ Emballages","description":"","publisher":{"@id":"https:\/\/www.csj-emballages.com\/it\/#organization"},"potentialAction":[{"@type":"SearchAction","target":{"@type":"EntryPoint","urlTemplate":"https:\/\/www.csj-emballages.com\/it\/?s={search_term_string}"},"query-input":{"@type":"PropertyValueSpecification","valueRequired":true,"valueName":"search_term_string"}}],"inLanguage":"it-IT"},{"@type":"Organization","@id":"https:\/\/www.csj-emballages.com\/it\/#Organization\/","name":"CSJ Emballages","url":"https:\/\/www.csj-emballages.com\/it\/","logo":{"@type":"ImageObject","inLanguage":"it-IT","@id":"https:\/\/www.csj-emballages.com\/it\/#\/schema\/logo\/image\/","url":"https:\/\/www.csj-emballages.com\/wp-content\/uploads\/2023\/10\/logo_csj.webp","contentUrl":"https:\/\/www.csj-emballages.com\/wp-content\/uploads\/2023\/10\/logo_csj.webp","width":250,"height":95,"caption":"CSJ Emballages"},"image":{"@id":"https:\/\/www.csj-emballages.com\/it\/#\/schema\/logo\/image\/"},"sameAs":["https:\/\/www.facebook.com\/csjemballages"],"address":{"@type":"PostalAddress","streetAddress":"ZI La Lechere","addressLocality":"Patornay","postalCode":"39130","addressCountry":"FR"},"contactPoint":[{"@type":"ContactPoint","contactType":"Service client","telephone":"0384254272","email":"contact@csj-emballages.com"}]}]}},"df_price":0.83,"df_sale_price":"","df_regular_price":0.83,"df_image_link":"https:\/\/www.csj-emballages.com\/wp-content\/uploads\/2024\/03\/Gant-de-menage-jaune-300x300.webp","tiered_pricing_type":"fixed","tiered_pricing_fixed_rules":[],"tiered_pricing_percentage_rules":[],"tiered_pricing_minimum":1,"tiered_pricing_roles_data":[],"_links":{"self":[{"href":"https:\/\/www.csj-emballages.com\/it\/wp-json\/wp\/v2\/product\/266872","targetHints":{"allow":["GET"]}}],"collection":[{"href":"https:\/\/www.csj-emballages.com\/it\/wp-json\/wp\/v2\/product"}],"about":[{"href":"https:\/\/www.csj-emballages.com\/it\/wp-json\/wp\/v2\/types\/product"}],"wp:featuredmedia":[{"embeddable":true,"href":"https:\/\/www.csj-emballages.com\/it\/wp-json\/wp\/v2\/media\/266883"}],"wp:attachment":[{"href":"https:\/\/www.csj-emballages.com\/it\/wp-json\/wp\/v2\/media?parent=266872"}],"wp:term":[{"taxonomy":"product_brand","embeddable":true,"href":"https:\/\/www.csj-emballages.com\/it\/wp-json\/wp\/v2\/product_brand?post=266872"},{"taxonomy":"product_cat","embeddable":true,"href":"https:\/\/www.csj-emballages.com\/it\/wp-json\/wp\/v2\/product_cat?post=266872"},{"taxonomy":"product_tag","embeddable":true,"href":"https:\/\/www.csj-emballages.com\/it\/wp-json\/wp\/v2\/product_tag?post=266872"}],"curies":[{"name":"wp","href":"https:\/\/api.w.org\/{rel}","templated":true}]}}