{"id":266852,"date":"2024-03-01T16:54:32","date_gmt":"2024-03-01T15:54:32","guid":{"rendered":"https:\/\/www.csj-emballages.com\/produit\/dispenser-asciugamani-a-estrazione-centrale-bianco-per-rif-e822\/"},"modified":"2026-04-17T02:13:09","modified_gmt":"2026-04-17T00:13:09","slug":"dispenser-asciugamani-a-estrazione-centrale-bianco-per-rif-e822","status":"publish","type":"product","link":"https:\/\/www.csj-emballages.com\/it\/produit\/dispenser-asciugamani-a-estrazione-centrale-bianco-per-rif-e822\/","title":{"rendered":"Dispenser asciugamani a estrazione centrale bianco per rif. &#8220;E822&#8221;"},"content":{"rendered":"<h2>Dispenser asciugamani<\/h2>\n<hr>\n<h3>Descrizione del nostro dispenser asciugamani a estrazione centrale bianco per rotolo da 450 strappi (rif. E822)<!--more--><\/h3>\n<p data-start=\"309\" data-end=\"696\">Il <strong>dispenser asciugamani a estrazione centrale<\/strong> \u00e8 una soluzione semplice ed efficace per mantenere gli spazi puliti, organizzati e facili da gestire. Con il suo design <strong>bianco essenziale<\/strong>, si integra senza sforzo in ogni ambiente: cucine professionali, servizi igienici, officine, uffici o zone di passaggio. Resta discreto, svolgendo perfettamente il suo lavoro.  <\/p>\n<p data-start=\"698\" data-end=\"1062\">Grazie al sistema a <strong data-start=\"721\" data-end=\"741\">estrazione centrale<\/strong>, l&#8217;asciugamano viene erogato foglio per foglio, direttamente dal basso. Risultato: meno sprechi e un utilizzo pi\u00f9 igienico, poich\u00e9 ogni utente tocca solo il foglio che utilizza. Questo funzionamento \u00e8 ideale per i luoghi ad alto traffico dove la pulizia deve restare impeccabile.  <\/p>\n<p data-start=\"1064\" data-end=\"1437\">Il <strong>dispenser<\/strong> \u00e8 progettato per essere <strong data-start=\"1100\" data-end=\"1122\">robusto e durevole<\/strong>. La sua scocca protegge efficacemente il rotolo da umidit\u00e0 e sporco, facilitando al contempo la ricarica. In pochi secondi, il <strong>rotolo viene sostituito<\/strong> e il dispenser \u00e8 di nuovo operativo. Inoltre, il fissaggio a parete permette di liberare spazio e mantenere il piano di lavoro sempre sgombro.   <\/p>\n<p data-start=\"1439\" data-end=\"1727\">Il suo formato \u00e8 compatibile con i <strong>rotoli asciugamani a estrazione centrale standard<\/strong>, evitando vincoli e facilitando l&#8217;approvvigionamento. Che sia per asciugarsi le mani, pulire una superficie o assorbire un liquido, questo dispenser si adatta a tutti gli usi quotidiani. <\/p>\n<p data-start=\"1729\" data-end=\"1914\">In sintesi, questo dispenser asciugamani a estrazione centrale combina praticit\u00e0, igiene e sobriet\u00e0. \u00c8 una scelta sicura per i professionisti che desiderano un&#8217;attrezzatura affidabile, semplice da usare e pensata per durare. <\/p>\n<p data-start=\"1729\" data-end=\"1914\">\n<p data-start=\"1729\" data-end=\"1914\"><!--more--><\/p>\n<div class=\"markdown prose w-full break-words dark:prose-invert dark\">\n<p><strong>Dispenser di asciugamani, da utilizzare con i prodotti di riferimento <span style=\"color: #d12727;\"><a style=\"color: #d12727;\" href=\"https:\/\/www.csj-emballages.com\/it\/produit\/rotolo-asciugamani-pura-ovatta-liscia-450-strappi-19-x-25-cm-per-6\/\">E822L<\/a> \/ <a style=\"color: #d12727;\" href=\"https:\/\/www.csj-emballages.com\/it\/produit\/rotolo-asciugamani-goffrato-450-strappi-19-x-20-cm-confezione-da-6\/\">E822S<\/a><\/span><\/strong><\/p>\n<p>*Questo dispenser di asciugamani \u00e8 fornito con le viti.<\/p>\n<p>&nbsp;<\/p>\n<\/div>\n<p><!--more--><\/p>\n<h4>Vantaggi:<\/h4>\n<ul>\n<li data-start=\"1942\" data-end=\"1992\">Erogazione <strong>foglio a foglio<\/strong>, pi\u00f9 economica.<\/li>\n<li data-start=\"1995\" data-end=\"2046\">Utilizzo igienico grazie all&#8217;estrazione centrale.<\/li>\n<li data-start=\"2049\" data-end=\"2089\"><strong>Design bianco<\/strong> discreto e professionale.<\/li>\n<li data-start=\"2092\" data-end=\"2124\">Ricarica rapida e facile.<\/li>\n<li data-start=\"2127\" data-end=\"2167\"><strong>Fissaggio a parete<\/strong> per risparmiare spazio.<\/li>\n<li data-start=\"2170\" data-end=\"2205\">Compatibile con rotoli standard.<\/li>\n<\/ul>\n<p>&nbsp;<\/p>\n<p><!--more--><\/p>\n<h4>Altre informazioni:<\/h4>\n<ul>\n<li><strong>Confezione<\/strong>: Singola<\/li>\n<li><strong>Dimensioni<\/strong>: 25 x 29,5 (L x h in cm)<\/li>\n<li><strong>Materiale<\/strong>: Plastica<\/li>\n<li><strong>Colore<\/strong>: Bianco<\/li>\n<li><strong>Uso<\/strong>: Manuale<\/li>\n<li><strong>Capacit\u00e0<\/strong>: Rotolo 200 strappi (<span style=\"color: #d12727;\"><a style=\"color: #d12727;\" href=\"https:\/\/www.csj-emballages.com\/it\/produit\/rotolo-asciugamani-goffrato-450-strappi-19-x-20-cm-confezione-da-6\/\">E822S<\/a> \/ <a style=\"color: #d12727;\" href=\"https:\/\/www.csj-emballages.com\/it\/produit\/rotolo-asciugamani-pura-ovatta-liscia-450-strappi-19-x-25-cm-per-6\/\">E822L<\/a><\/span>)<\/li>\n<\/ul>\n<p>&nbsp;<\/p>\n<p><!--more--><\/p>\n<p><a href=\"https:\/\/www.csj-emballages.com\/it\/categorie-produit\/igiene-e-manutenzione\/dispenser\/\">Consulta il resto della nostra gamma di dispenser<\/a><\/p>\n","protected":false},"excerpt":{"rendered":"<p>Dispenser asciugamani Descrizione del nostro dispenser asciugamani a estrazione centrale bianco per rotolo da 450 strappi (rif. E822)<\/p>\n","protected":false},"featured_media":266859,"template":"","meta":{"_acf_changed":false},"product_brand":[],"product_cat":[10356,10384,10385,10386,10387],"product_tag":[],"class_list":{"0":"post-266852","1":"product","2":"type-product","3":"status-publish","4":"has-post-thumbnail","6":"product_cat-igiene-e-manutenzione","7":"product_cat-dispenser","8":"product_cat-asciugatura","9":"product_cat-asciugamani","10":"product_cat-asciugamani-in-rotolo","12":"first","13":"instock","14":"taxable","15":"shipping-taxable","16":"purchasable","17":"product-type-simple"},"acf":[],"yoast_head":"<!-- This site is optimized with the Yoast SEO Premium plugin v26.6 (Yoast SEO v26.6) - https:\/\/yoast.com\/wordpress\/plugins\/seo\/ -->\n<title>Dispenser Asciugamani a Estrazione Centrale per rotolo E822<\/title>\n<meta name=\"description\" content=\"Scopri il nostro dispenser asciugamani a estrazione centrale bianco. Uso manuale. Compatibile con asciugamani E822S\/L\" \/>\n<meta name=\"robots\" content=\"index, follow, max-snippet:-1, max-image-preview:large, max-video-preview:-1\" \/>\n<link rel=\"canonical\" href=\"https:\/\/www.csj-emballages.com\/it\/produit\/dispenser-asciugamani-a-estrazione-centrale-bianco-per-rif-e822\/\" \/>\n<meta property=\"og:locale\" content=\"it_IT\" \/>\n<meta property=\"og:type\" content=\"article\" \/>\n<meta property=\"og:title\" content=\"Dispenser asciugamani a estrazione centrale bianco per rif. &quot;E822&quot;\" \/>\n<meta property=\"og:description\" content=\"Scopri il nostro dispenser asciugamani a estrazione centrale bianco. Uso manuale. Compatibile con asciugamani E822S\/L\" \/>\n<meta property=\"og:url\" content=\"https:\/\/www.csj-emballages.com\/it\/produit\/dispenser-asciugamani-a-estrazione-centrale-bianco-per-rif-e822\/\" \/>\n<meta property=\"og:site_name\" content=\"CSJ Emballages\" \/>\n<meta property=\"article:publisher\" content=\"https:\/\/www.facebook.com\/csjemballages\" \/>\n<meta property=\"article:modified_time\" content=\"2026-04-17T00:13:09+00:00\" \/>\n<meta property=\"og:image\" content=\"https:\/\/www.csj-emballages.com\/wp-content\/uploads\/2024\/03\/DistriE822.webp\" \/>\n\t<meta property=\"og:image:width\" content=\"800\" \/>\n\t<meta property=\"og:image:height\" content=\"800\" \/>\n\t<meta property=\"og:image:type\" content=\"image\/webp\" \/>\n<meta name=\"twitter:card\" content=\"summary_large_image\" \/>\n<meta name=\"twitter:label1\" content=\"Dur\u00e9e de lecture estim\u00e9e\" \/>\n\t<meta name=\"twitter:data1\" content=\"2 minuti\" \/>\n<script type=\"application\/ld+json\" class=\"yoast-schema-graph\">{\"@context\":\"https:\/\/schema.org\",\"@graph\":[{\"@type\":\"WebPage\",\"@id\":\"https:\/\/www.csj-emballages.com\/it\/produit\/dispenser-asciugamani-a-estrazione-centrale-bianco-per-rif-e822\/\",\"url\":\"https:\/\/www.csj-emballages.com\/it\/produit\/dispenser-asciugamani-a-estrazione-centrale-bianco-per-rif-e822\/\",\"name\":\"Dispenser Asciugamani a Estrazione Centrale per rotolo E822\",\"isPartOf\":{\"@id\":\"https:\/\/www.csj-emballages.com\/it\/#website\"},\"primaryImageOfPage\":{\"@id\":\"https:\/\/www.csj-emballages.com\/it\/produit\/dispenser-asciugamani-a-estrazione-centrale-bianco-per-rif-e822\/#primaryimage\"},\"image\":{\"@id\":\"https:\/\/www.csj-emballages.com\/it\/produit\/dispenser-asciugamani-a-estrazione-centrale-bianco-per-rif-e822\/#primaryimage\"},\"thumbnailUrl\":\"https:\/\/www.csj-emballages.com\/wp-content\/uploads\/2024\/03\/DistriE822.webp\",\"datePublished\":\"2024-03-01T15:54:32+00:00\",\"dateModified\":\"2026-04-17T00:13:09+00:00\",\"description\":\"Scopri il nostro dispenser asciugamani a estrazione centrale bianco. Uso manuale. Compatibile con asciugamani E822S\/L\",\"breadcrumb\":{\"@id\":\"https:\/\/www.csj-emballages.com\/it\/produit\/dispenser-asciugamani-a-estrazione-centrale-bianco-per-rif-e822\/#breadcrumb\"},\"inLanguage\":\"it-IT\",\"potentialAction\":[{\"@type\":\"ReadAction\",\"target\":[\"https:\/\/www.csj-emballages.com\/it\/produit\/dispenser-asciugamani-a-estrazione-centrale-bianco-per-rif-e822\/\"]}]},{\"@type\":\"ImageObject\",\"inLanguage\":\"it-IT\",\"@id\":\"https:\/\/www.csj-emballages.com\/it\/produit\/dispenser-asciugamani-a-estrazione-centrale-bianco-per-rif-e822\/#primaryimage\",\"url\":\"https:\/\/www.csj-emballages.com\/wp-content\/uploads\/2024\/03\/DistriE822.webp\",\"contentUrl\":\"https:\/\/www.csj-emballages.com\/wp-content\/uploads\/2024\/03\/DistriE822.webp\",\"width\":800,\"height\":800,\"caption\":\"Distributeur essuie-mains\"},{\"@type\":\"BreadcrumbList\",\"@id\":\"https:\/\/www.csj-emballages.com\/it\/produit\/dispenser-asciugamani-a-estrazione-centrale-bianco-per-rif-e822\/#breadcrumb\",\"itemListElement\":[{\"@type\":\"ListItem\",\"position\":1,\"name\":\"Home\",\"item\":\"https:\/\/www.csj-emballages.com\/it\/universo-imballaggi-alimentari\/\"},{\"@type\":\"ListItem\",\"position\":2,\"name\":\"Negozio\",\"item\":\"https:\/\/www.csj-emballages.com\/it\/negozio\/\"},{\"@type\":\"ListItem\",\"position\":3,\"name\":\"Dispenser asciugamani a estrazione centrale bianco per rif. \u00ab\u00a0E822\u00a0\u00bb\"}]},{\"@type\":\"WebSite\",\"@id\":\"https:\/\/www.csj-emballages.com\/it\/#website\",\"url\":\"https:\/\/www.csj-emballages.com\/it\/\",\"name\":\"CSJ Emballages\",\"description\":\"\",\"publisher\":{\"@id\":\"https:\/\/www.csj-emballages.com\/it\/#organization\"},\"potentialAction\":[{\"@type\":\"SearchAction\",\"target\":{\"@type\":\"EntryPoint\",\"urlTemplate\":\"https:\/\/www.csj-emballages.com\/it\/?s={search_term_string}\"},\"query-input\":{\"@type\":\"PropertyValueSpecification\",\"valueRequired\":true,\"valueName\":\"search_term_string\"}}],\"inLanguage\":\"it-IT\"},{\"@type\":\"Organization\",\"@id\":\"https:\/\/www.csj-emballages.com\/it\/#Organization\/\",\"name\":\"CSJ Emballages\",\"url\":\"https:\/\/www.csj-emballages.com\/it\/\",\"logo\":{\"@type\":\"ImageObject\",\"inLanguage\":\"it-IT\",\"@id\":\"https:\/\/www.csj-emballages.com\/it\/#\/schema\/logo\/image\/\",\"url\":\"https:\/\/www.csj-emballages.com\/wp-content\/uploads\/2023\/10\/logo_csj.webp\",\"contentUrl\":\"https:\/\/www.csj-emballages.com\/wp-content\/uploads\/2023\/10\/logo_csj.webp\",\"width\":250,\"height\":95,\"caption\":\"CSJ Emballages\"},\"image\":{\"@id\":\"https:\/\/www.csj-emballages.com\/it\/#\/schema\/logo\/image\/\"},\"sameAs\":[\"https:\/\/www.facebook.com\/csjemballages\"],\"address\":{\"@type\":\"PostalAddress\",\"streetAddress\":\"ZI La Lechere\",\"addressLocality\":\"Patornay\",\"postalCode\":\"39130\",\"addressCountry\":\"FR\"},\"contactPoint\":[{\"@type\":\"ContactPoint\",\"contactType\":\"Service client\",\"telephone\":\"0384254272\",\"email\":\"contact@csj-emballages.com\"}]}]}<\/script>\n<!-- \/ Yoast SEO Premium plugin. -->","yoast_head_json":{"title":"Dispenser Asciugamani a Estrazione Centrale per rotolo E822","description":"Scopri il nostro dispenser asciugamani a estrazione centrale bianco. Uso manuale. Compatibile con asciugamani E822S\/L","robots":{"index":"index","follow":"follow","max-snippet":"max-snippet:-1","max-image-preview":"max-image-preview:large","max-video-preview":"max-video-preview:-1"},"canonical":"https:\/\/www.csj-emballages.com\/it\/produit\/dispenser-asciugamani-a-estrazione-centrale-bianco-per-rif-e822\/","og_locale":"it_IT","og_type":"article","og_title":"Dispenser asciugamani a estrazione centrale bianco per rif. \"E822\"","og_description":"Scopri il nostro dispenser asciugamani a estrazione centrale bianco. Uso manuale. Compatibile con asciugamani E822S\/L","og_url":"https:\/\/www.csj-emballages.com\/it\/produit\/dispenser-asciugamani-a-estrazione-centrale-bianco-per-rif-e822\/","og_site_name":"CSJ Emballages","article_publisher":"https:\/\/www.facebook.com\/csjemballages","article_modified_time":"2026-04-17T00:13:09+00:00","og_image":[{"width":800,"height":800,"url":"https:\/\/www.csj-emballages.com\/wp-content\/uploads\/2024\/03\/DistriE822.webp","type":"image\/webp"}],"twitter_card":"summary_large_image","twitter_misc":{"Dur\u00e9e de lecture estim\u00e9e":"2 minuti"},"schema":{"@context":"https:\/\/schema.org","@graph":[{"@type":"WebPage","@id":"https:\/\/www.csj-emballages.com\/it\/produit\/dispenser-asciugamani-a-estrazione-centrale-bianco-per-rif-e822\/","url":"https:\/\/www.csj-emballages.com\/it\/produit\/dispenser-asciugamani-a-estrazione-centrale-bianco-per-rif-e822\/","name":"Dispenser Asciugamani a Estrazione Centrale per rotolo E822","isPartOf":{"@id":"https:\/\/www.csj-emballages.com\/it\/#website"},"primaryImageOfPage":{"@id":"https:\/\/www.csj-emballages.com\/it\/produit\/dispenser-asciugamani-a-estrazione-centrale-bianco-per-rif-e822\/#primaryimage"},"image":{"@id":"https:\/\/www.csj-emballages.com\/it\/produit\/dispenser-asciugamani-a-estrazione-centrale-bianco-per-rif-e822\/#primaryimage"},"thumbnailUrl":"https:\/\/www.csj-emballages.com\/wp-content\/uploads\/2024\/03\/DistriE822.webp","datePublished":"2024-03-01T15:54:32+00:00","dateModified":"2026-04-17T00:13:09+00:00","description":"Scopri il nostro dispenser asciugamani a estrazione centrale bianco. Uso manuale. Compatibile con asciugamani E822S\/L","breadcrumb":{"@id":"https:\/\/www.csj-emballages.com\/it\/produit\/dispenser-asciugamani-a-estrazione-centrale-bianco-per-rif-e822\/#breadcrumb"},"inLanguage":"it-IT","potentialAction":[{"@type":"ReadAction","target":["https:\/\/www.csj-emballages.com\/it\/produit\/dispenser-asciugamani-a-estrazione-centrale-bianco-per-rif-e822\/"]}]},{"@type":"ImageObject","inLanguage":"it-IT","@id":"https:\/\/www.csj-emballages.com\/it\/produit\/dispenser-asciugamani-a-estrazione-centrale-bianco-per-rif-e822\/#primaryimage","url":"https:\/\/www.csj-emballages.com\/wp-content\/uploads\/2024\/03\/DistriE822.webp","contentUrl":"https:\/\/www.csj-emballages.com\/wp-content\/uploads\/2024\/03\/DistriE822.webp","width":800,"height":800,"caption":"Distributeur essuie-mains"},{"@type":"BreadcrumbList","@id":"https:\/\/www.csj-emballages.com\/it\/produit\/dispenser-asciugamani-a-estrazione-centrale-bianco-per-rif-e822\/#breadcrumb","itemListElement":[{"@type":"ListItem","position":1,"name":"Home","item":"https:\/\/www.csj-emballages.com\/it\/universo-imballaggi-alimentari\/"},{"@type":"ListItem","position":2,"name":"Negozio","item":"https:\/\/www.csj-emballages.com\/it\/negozio\/"},{"@type":"ListItem","position":3,"name":"Dispenser asciugamani a estrazione centrale bianco per rif. \u00ab\u00a0E822\u00a0\u00bb"}]},{"@type":"WebSite","@id":"https:\/\/www.csj-emballages.com\/it\/#website","url":"https:\/\/www.csj-emballages.com\/it\/","name":"CSJ Emballages","description":"","publisher":{"@id":"https:\/\/www.csj-emballages.com\/it\/#organization"},"potentialAction":[{"@type":"SearchAction","target":{"@type":"EntryPoint","urlTemplate":"https:\/\/www.csj-emballages.com\/it\/?s={search_term_string}"},"query-input":{"@type":"PropertyValueSpecification","valueRequired":true,"valueName":"search_term_string"}}],"inLanguage":"it-IT"},{"@type":"Organization","@id":"https:\/\/www.csj-emballages.com\/it\/#Organization\/","name":"CSJ Emballages","url":"https:\/\/www.csj-emballages.com\/it\/","logo":{"@type":"ImageObject","inLanguage":"it-IT","@id":"https:\/\/www.csj-emballages.com\/it\/#\/schema\/logo\/image\/","url":"https:\/\/www.csj-emballages.com\/wp-content\/uploads\/2023\/10\/logo_csj.webp","contentUrl":"https:\/\/www.csj-emballages.com\/wp-content\/uploads\/2023\/10\/logo_csj.webp","width":250,"height":95,"caption":"CSJ Emballages"},"image":{"@id":"https:\/\/www.csj-emballages.com\/it\/#\/schema\/logo\/image\/"},"sameAs":["https:\/\/www.facebook.com\/csjemballages"],"address":{"@type":"PostalAddress","streetAddress":"ZI La Lechere","addressLocality":"Patornay","postalCode":"39130","addressCountry":"FR"},"contactPoint":[{"@type":"ContactPoint","contactType":"Service client","telephone":"0384254272","email":"contact@csj-emballages.com"}]}]}},"df_price":23.82,"df_sale_price":"","df_regular_price":23.82,"df_image_link":"https:\/\/www.csj-emballages.com\/wp-content\/uploads\/2024\/03\/DistriE822-300x300.webp","tiered_pricing_type":"fixed","tiered_pricing_fixed_rules":[],"tiered_pricing_percentage_rules":[],"tiered_pricing_minimum":1,"tiered_pricing_roles_data":[],"_links":{"self":[{"href":"https:\/\/www.csj-emballages.com\/it\/wp-json\/wp\/v2\/product\/266852","targetHints":{"allow":["GET"]}}],"collection":[{"href":"https:\/\/www.csj-emballages.com\/it\/wp-json\/wp\/v2\/product"}],"about":[{"href":"https:\/\/www.csj-emballages.com\/it\/wp-json\/wp\/v2\/types\/product"}],"wp:featuredmedia":[{"embeddable":true,"href":"https:\/\/www.csj-emballages.com\/it\/wp-json\/wp\/v2\/media\/266859"}],"wp:attachment":[{"href":"https:\/\/www.csj-emballages.com\/it\/wp-json\/wp\/v2\/media?parent=266852"}],"wp:term":[{"taxonomy":"product_brand","embeddable":true,"href":"https:\/\/www.csj-emballages.com\/it\/wp-json\/wp\/v2\/product_brand?post=266852"},{"taxonomy":"product_cat","embeddable":true,"href":"https:\/\/www.csj-emballages.com\/it\/wp-json\/wp\/v2\/product_cat?post=266852"},{"taxonomy":"product_tag","embeddable":true,"href":"https:\/\/www.csj-emballages.com\/it\/wp-json\/wp\/v2\/product_tag?post=266852"}],"curies":[{"name":"wp","href":"https:\/\/api.w.org\/{rel}","templated":true}]}}