{"id":266833,"date":"2024-03-01T16:54:25","date_gmt":"2024-03-01T15:54:25","guid":{"rendered":"https:\/\/www.csj-emballages.com\/produit\/rotolo-asciugamani-goffrato-450-strappi-19-x-20-cm-confezione-da-6\/"},"modified":"2026-04-17T17:00:52","modified_gmt":"2026-04-17T15:00:52","slug":"rotolo-asciugamani-goffrato-450-strappi-19-x-20-cm-confezione-da-6","status":"publish","type":"product","link":"https:\/\/www.csj-emballages.com\/it\/produit\/rotolo-asciugamani-goffrato-450-strappi-19-x-20-cm-confezione-da-6\/","title":{"rendered":"Rotolo asciugamani goffrato 450 strappi 19 x 20 cm confezione da 6"},"content":{"rendered":"<h2 data-start=\"209\" data-end=\"521\">Rotolo asciugamani<\/h2>\n<hr>\n<h3 data-start=\"209\" data-end=\"521\">Scopri il nostro rotolo asciugamani goffrato 450 strappi 19 x 20 cm confezione da 6<\/h3>\n<p><!--more--><\/p>\n<p data-start=\"209\" data-end=\"521\">Questo <strong data-start=\"212\" data-end=\"245\">rotolo di asciugamani goffrati<\/strong> \u00e8 pensato per i luoghi in cui igiene e rapidit\u00e0 contano davvero. Con i suoi <strong data-start=\"327\" data-end=\"342\">450 strappi<\/strong> per rotolo, accompagna gli usi intensivi senza dover sostituire il rotolo ogni ora. \u00c8 un vero risparmio di tempo, soprattutto negli ambienti molto frequentati.  <\/p>\n<p data-start=\"523\" data-end=\"847\">La <strong data-start=\"526\" data-end=\"538\">goffratura<\/strong> offre una migliore capacit\u00e0 di assorbimento e rende ogni foglio pi\u00f9 efficace fin dal primo contatto. Le mani si asciugano rapidamente, senza la sensazione di umidit\u00e0 persistente. Grazie al formato <strong data-start=\"735\" data-end=\"749\">19 x 20 cm<\/strong>, ogni foglio \u00e8 abbastanza grande da essere pratico, restando comunque economico nell\u2019uso.  <\/p>\n<p data-start=\"849\" data-end=\"1189\">Questo <strong>rotolo<\/strong> \u00e8 perfetto per <strong>servizi igienici, cucine professionali, laboratori, comunit\u00e0 o spazi di lavoro<\/strong>. Si usa facilmente con i dispenser adatti e aiuta a mantenere uno spazio pulito, ordinato e ben organizzato. Inoltre, lo strappo netto dei fogli evita sprechi e favorisce un consumo controllato.  <\/p>\n<p data-start=\"1191\" data-end=\"1480\">Venduto <strong data-start=\"1197\" data-end=\"1213\">in confezione da 6<\/strong>, questo formato \u00e8 ideale per anticipare le esigenze e gestire le scorte con tranquillit\u00e0. Sei attrezzato a lungo, senza moltiplicare gli ordini. Che sia per un uso quotidiano o intensivo, questo <strong>rotolo di asciugamani<\/strong> si adatta senza problemi alle esigenze professionali.  <\/p>\n<p data-start=\"1482\" data-end=\"1673\">In sintesi, questo <strong>asciugamani goffrato<\/strong> unisce efficacia, comfort e praticit\u00e0. Semplifica l\u2019igiene delle mani offrendo una soluzione affidabile, pensata per luoghi ad alta affluenza. <\/p>\n<p data-start=\"1482\" data-end=\"1673\">\n<p data-start=\"1482\" data-end=\"1673\"><!--more--><\/p>\n<h4 data-start=\"1482\" data-end=\"1673\">Vantaggi:<\/h4>\n<ul>\n<li data-start=\"1701\" data-end=\"1727\"><strong>450 strappi<\/strong> per rotolo.<\/li>\n<li data-start=\"1730\" data-end=\"1776\">Carta goffrata per un migliore assorbimento.<\/li>\n<li data-start=\"1779\" data-end=\"1808\">Formato pratico <strong>19 x 20 cm<\/strong>.<\/li>\n<li data-start=\"1811\" data-end=\"1846\">Uso fluido ed economico.<\/li>\n<li data-start=\"1849\" data-end=\"1885\">Adatto agli ambienti professionali.<\/li>\n<li data-start=\"1888\" data-end=\"1933\">Confezione da <strong>6 rotoli<\/strong> per una gestione pi\u00f9 semplice.<\/li>\n<\/ul>\n<p>&nbsp;<\/p>\n<p><!--more--><\/p>\n<h4>Altre informazioni:<\/h4>\n<ul style=\"margin-top: 0; margin-bottom: 0;\">\n<li><strong>Confezione<\/strong> : Pacco da 6<\/li>\n<li><strong>Colore<\/strong> : Bianco<\/li>\n<li><strong>Numero di veli<\/strong> : 2<\/li>\n<li><strong>Numero di strappi<\/strong> : 450<\/li>\n<li><strong>Larghezza del foglio<\/strong> : 19 cm<\/li>\n<li><strong>Lunghezza del foglio<\/strong> : 20 cm<\/li>\n<li><strong>Lunghezza del rotolo<\/strong> : 90 m<\/li>\n<li><strong>Diametro del rotolo<\/strong> : 19.5 cm<\/li>\n<li><strong>Materiale<\/strong>: Carta<\/li>\n<\/ul>\n<p>&nbsp;<\/p>\n<p><!--more--><\/p>\n<p>Trova qui il dispenser compatibile con questo asciugamani: <span style=\"color: #d12727;\"><a style=\"color: #d12727;\" href=\"https:\/\/www.csj-emballages.com\/produit\/distributeur-a-devidage-central-blanc-pour-bobine-450-formats-ref-e822\/?_gl=1*1vk142f*_up*MQ..*_ga*MjA0ODI1MzQ0OC4xNzcwMDM2NDM3*_ga_YNVJLRSSZT*czE3NzAwMzY0MzckbzEkZzAkdDE3NzAwMzY0MzckajYwJGwwJGgyMDQ3NDQ2Mjgw\">DISTRIE822<\/a><\/span><\/p>\n<p>&nbsp;<\/p>\n<p><!--more--><\/p>\n<p><a href=\"\/?product_cat=essuies-mains-rouleaux\">Consulta il resto della nostra gamma di asciugamani in rotolo<\/a><\/p>\n","protected":false},"excerpt":{"rendered":"<p>Rotolo asciugamani Scopri il nostro rotolo asciugamani goffrato 450 strappi 19 x 20 cm confezione da 6<\/p>\n","protected":false},"featured_media":266843,"template":"","meta":{"_acf_changed":false},"product_brand":[],"product_cat":[10356,10385,10386,10387],"product_tag":[],"class_list":{"0":"post-266833","1":"product","2":"type-product","3":"status-publish","4":"has-post-thumbnail","6":"product_cat-igiene-e-manutenzione","7":"product_cat-asciugatura","8":"product_cat-asciugamani","9":"product_cat-asciugamani-in-rotolo","11":"first","12":"instock","13":"taxable","14":"shipping-taxable","15":"purchasable","16":"product-type-simple"},"acf":[],"yoast_head":"<!-- This site is optimized with the Yoast SEO Premium plugin v26.6 (Yoast SEO v26.6) - https:\/\/yoast.com\/wordpress\/plugins\/seo\/ -->\n<title>Rotolo Asciugamani Goffrato 450 strappi 19 x 20 cm confezione da 6<\/title>\n<meta name=\"description\" content=\"Rotolo asciugamani goffrato 450 strappi 19x20 cm venduto in confezione da 6. Assorbente, pratico e ideale per servizi igienici e cucine professionali.\" \/>\n<meta name=\"robots\" content=\"index, follow, max-snippet:-1, max-image-preview:large, max-video-preview:-1\" \/>\n<link rel=\"canonical\" href=\"https:\/\/www.csj-emballages.com\/it\/produit\/rotolo-asciugamani-goffrato-450-strappi-19-x-20-cm-confezione-da-6\/\" \/>\n<meta property=\"og:locale\" content=\"it_IT\" \/>\n<meta property=\"og:type\" content=\"article\" \/>\n<meta property=\"og:title\" content=\"Rotolo asciugamani goffrato 450 strappi 19 x 20 cm confezione da 6\" \/>\n<meta property=\"og:description\" content=\"Rotolo asciugamani goffrato 450 strappi 19x20 cm venduto in confezione da 6. Assorbente, pratico e ideale per servizi igienici e cucine professionali.\" \/>\n<meta property=\"og:url\" content=\"https:\/\/www.csj-emballages.com\/it\/produit\/rotolo-asciugamani-goffrato-450-strappi-19-x-20-cm-confezione-da-6\/\" \/>\n<meta property=\"og:site_name\" content=\"CSJ Emballages\" \/>\n<meta property=\"article:publisher\" content=\"https:\/\/www.facebook.com\/csjemballages\" \/>\n<meta property=\"article:modified_time\" content=\"2026-04-17T15:00:52+00:00\" \/>\n<meta property=\"og:image\" content=\"https:\/\/www.csj-emballages.com\/wp-content\/uploads\/2024\/03\/E822S.webp\" \/>\n\t<meta property=\"og:image:width\" content=\"800\" \/>\n\t<meta property=\"og:image:height\" content=\"800\" \/>\n\t<meta property=\"og:image:type\" content=\"image\/webp\" \/>\n<meta name=\"twitter:card\" content=\"summary_large_image\" \/>\n<meta name=\"twitter:label1\" content=\"Dur\u00e9e de lecture estim\u00e9e\" \/>\n\t<meta name=\"twitter:data1\" content=\"1 minuto\" \/>\n<script type=\"application\/ld+json\" class=\"yoast-schema-graph\">{\"@context\":\"https:\/\/schema.org\",\"@graph\":[{\"@type\":\"WebPage\",\"@id\":\"https:\/\/www.csj-emballages.com\/it\/produit\/rotolo-asciugamani-goffrato-450-strappi-19-x-20-cm-confezione-da-6\/\",\"url\":\"https:\/\/www.csj-emballages.com\/it\/produit\/rotolo-asciugamani-goffrato-450-strappi-19-x-20-cm-confezione-da-6\/\",\"name\":\"Rotolo Asciugamani Goffrato 450 strappi 19 x 20 cm confezione da 6\",\"isPartOf\":{\"@id\":\"https:\/\/www.csj-emballages.com\/it\/#website\"},\"primaryImageOfPage\":{\"@id\":\"https:\/\/www.csj-emballages.com\/it\/produit\/rotolo-asciugamani-goffrato-450-strappi-19-x-20-cm-confezione-da-6\/#primaryimage\"},\"image\":{\"@id\":\"https:\/\/www.csj-emballages.com\/it\/produit\/rotolo-asciugamani-goffrato-450-strappi-19-x-20-cm-confezione-da-6\/#primaryimage\"},\"thumbnailUrl\":\"https:\/\/www.csj-emballages.com\/wp-content\/uploads\/2024\/03\/E822S.webp\",\"datePublished\":\"2024-03-01T15:54:25+00:00\",\"dateModified\":\"2026-04-17T15:00:52+00:00\",\"description\":\"Rotolo asciugamani goffrato 450 strappi 19x20 cm venduto in confezione da 6. Assorbente, pratico e ideale per servizi igienici e cucine professionali.\",\"breadcrumb\":{\"@id\":\"https:\/\/www.csj-emballages.com\/it\/produit\/rotolo-asciugamani-goffrato-450-strappi-19-x-20-cm-confezione-da-6\/#breadcrumb\"},\"inLanguage\":\"it-IT\",\"potentialAction\":[{\"@type\":\"ReadAction\",\"target\":[\"https:\/\/www.csj-emballages.com\/it\/produit\/rotolo-asciugamani-goffrato-450-strappi-19-x-20-cm-confezione-da-6\/\"]}]},{\"@type\":\"ImageObject\",\"inLanguage\":\"it-IT\",\"@id\":\"https:\/\/www.csj-emballages.com\/it\/produit\/rotolo-asciugamani-goffrato-450-strappi-19-x-20-cm-confezione-da-6\/#primaryimage\",\"url\":\"https:\/\/www.csj-emballages.com\/wp-content\/uploads\/2024\/03\/E822S.webp\",\"contentUrl\":\"https:\/\/www.csj-emballages.com\/wp-content\/uploads\/2024\/03\/E822S.webp\",\"width\":800,\"height\":800,\"caption\":\"Rouleau essuie-mains\"},{\"@type\":\"BreadcrumbList\",\"@id\":\"https:\/\/www.csj-emballages.com\/it\/produit\/rotolo-asciugamani-goffrato-450-strappi-19-x-20-cm-confezione-da-6\/#breadcrumb\",\"itemListElement\":[{\"@type\":\"ListItem\",\"position\":1,\"name\":\"Home\",\"item\":\"https:\/\/www.csj-emballages.com\/it\/universo-imballaggi-alimentari\/\"},{\"@type\":\"ListItem\",\"position\":2,\"name\":\"Negozio\",\"item\":\"https:\/\/www.csj-emballages.com\/it\/negozio\/\"},{\"@type\":\"ListItem\",\"position\":3,\"name\":\"Rotolo asciugamani goffrato 450 strappi 19 x 20 cm confezione da 6\"}]},{\"@type\":\"WebSite\",\"@id\":\"https:\/\/www.csj-emballages.com\/it\/#website\",\"url\":\"https:\/\/www.csj-emballages.com\/it\/\",\"name\":\"CSJ Emballages\",\"description\":\"\",\"publisher\":{\"@id\":\"https:\/\/www.csj-emballages.com\/it\/#organization\"},\"potentialAction\":[{\"@type\":\"SearchAction\",\"target\":{\"@type\":\"EntryPoint\",\"urlTemplate\":\"https:\/\/www.csj-emballages.com\/it\/?s={search_term_string}\"},\"query-input\":{\"@type\":\"PropertyValueSpecification\",\"valueRequired\":true,\"valueName\":\"search_term_string\"}}],\"inLanguage\":\"it-IT\"},{\"@type\":\"Organization\",\"@id\":\"https:\/\/www.csj-emballages.com\/it\/#Organization\/\",\"name\":\"CSJ Emballages\",\"url\":\"https:\/\/www.csj-emballages.com\/it\/\",\"logo\":{\"@type\":\"ImageObject\",\"inLanguage\":\"it-IT\",\"@id\":\"https:\/\/www.csj-emballages.com\/it\/#\/schema\/logo\/image\/\",\"url\":\"https:\/\/www.csj-emballages.com\/wp-content\/uploads\/2023\/10\/logo_csj.webp\",\"contentUrl\":\"https:\/\/www.csj-emballages.com\/wp-content\/uploads\/2023\/10\/logo_csj.webp\",\"width\":250,\"height\":95,\"caption\":\"CSJ Emballages\"},\"image\":{\"@id\":\"https:\/\/www.csj-emballages.com\/it\/#\/schema\/logo\/image\/\"},\"sameAs\":[\"https:\/\/www.facebook.com\/csjemballages\"],\"address\":{\"@type\":\"PostalAddress\",\"streetAddress\":\"ZI La Lechere\",\"addressLocality\":\"Patornay\",\"postalCode\":\"39130\",\"addressCountry\":\"FR\"},\"contactPoint\":[{\"@type\":\"ContactPoint\",\"contactType\":\"Service client\",\"telephone\":\"0384254272\",\"email\":\"contact@csj-emballages.com\"}]}]}<\/script>\n<!-- \/ Yoast SEO Premium plugin. -->","yoast_head_json":{"title":"Rotolo Asciugamani Goffrato 450 strappi 19 x 20 cm confezione da 6","description":"Rotolo asciugamani goffrato 450 strappi 19x20 cm venduto in confezione da 6. Assorbente, pratico e ideale per servizi igienici e cucine professionali.","robots":{"index":"index","follow":"follow","max-snippet":"max-snippet:-1","max-image-preview":"max-image-preview:large","max-video-preview":"max-video-preview:-1"},"canonical":"https:\/\/www.csj-emballages.com\/it\/produit\/rotolo-asciugamani-goffrato-450-strappi-19-x-20-cm-confezione-da-6\/","og_locale":"it_IT","og_type":"article","og_title":"Rotolo asciugamani goffrato 450 strappi 19 x 20 cm confezione da 6","og_description":"Rotolo asciugamani goffrato 450 strappi 19x20 cm venduto in confezione da 6. Assorbente, pratico e ideale per servizi igienici e cucine professionali.","og_url":"https:\/\/www.csj-emballages.com\/it\/produit\/rotolo-asciugamani-goffrato-450-strappi-19-x-20-cm-confezione-da-6\/","og_site_name":"CSJ Emballages","article_publisher":"https:\/\/www.facebook.com\/csjemballages","article_modified_time":"2026-04-17T15:00:52+00:00","og_image":[{"width":800,"height":800,"url":"https:\/\/www.csj-emballages.com\/wp-content\/uploads\/2024\/03\/E822S.webp","type":"image\/webp"}],"twitter_card":"summary_large_image","twitter_misc":{"Dur\u00e9e de lecture estim\u00e9e":"1 minuto"},"schema":{"@context":"https:\/\/schema.org","@graph":[{"@type":"WebPage","@id":"https:\/\/www.csj-emballages.com\/it\/produit\/rotolo-asciugamani-goffrato-450-strappi-19-x-20-cm-confezione-da-6\/","url":"https:\/\/www.csj-emballages.com\/it\/produit\/rotolo-asciugamani-goffrato-450-strappi-19-x-20-cm-confezione-da-6\/","name":"Rotolo Asciugamani Goffrato 450 strappi 19 x 20 cm confezione da 6","isPartOf":{"@id":"https:\/\/www.csj-emballages.com\/it\/#website"},"primaryImageOfPage":{"@id":"https:\/\/www.csj-emballages.com\/it\/produit\/rotolo-asciugamani-goffrato-450-strappi-19-x-20-cm-confezione-da-6\/#primaryimage"},"image":{"@id":"https:\/\/www.csj-emballages.com\/it\/produit\/rotolo-asciugamani-goffrato-450-strappi-19-x-20-cm-confezione-da-6\/#primaryimage"},"thumbnailUrl":"https:\/\/www.csj-emballages.com\/wp-content\/uploads\/2024\/03\/E822S.webp","datePublished":"2024-03-01T15:54:25+00:00","dateModified":"2026-04-17T15:00:52+00:00","description":"Rotolo asciugamani goffrato 450 strappi 19x20 cm venduto in confezione da 6. Assorbente, pratico e ideale per servizi igienici e cucine professionali.","breadcrumb":{"@id":"https:\/\/www.csj-emballages.com\/it\/produit\/rotolo-asciugamani-goffrato-450-strappi-19-x-20-cm-confezione-da-6\/#breadcrumb"},"inLanguage":"it-IT","potentialAction":[{"@type":"ReadAction","target":["https:\/\/www.csj-emballages.com\/it\/produit\/rotolo-asciugamani-goffrato-450-strappi-19-x-20-cm-confezione-da-6\/"]}]},{"@type":"ImageObject","inLanguage":"it-IT","@id":"https:\/\/www.csj-emballages.com\/it\/produit\/rotolo-asciugamani-goffrato-450-strappi-19-x-20-cm-confezione-da-6\/#primaryimage","url":"https:\/\/www.csj-emballages.com\/wp-content\/uploads\/2024\/03\/E822S.webp","contentUrl":"https:\/\/www.csj-emballages.com\/wp-content\/uploads\/2024\/03\/E822S.webp","width":800,"height":800,"caption":"Rouleau essuie-mains"},{"@type":"BreadcrumbList","@id":"https:\/\/www.csj-emballages.com\/it\/produit\/rotolo-asciugamani-goffrato-450-strappi-19-x-20-cm-confezione-da-6\/#breadcrumb","itemListElement":[{"@type":"ListItem","position":1,"name":"Home","item":"https:\/\/www.csj-emballages.com\/it\/universo-imballaggi-alimentari\/"},{"@type":"ListItem","position":2,"name":"Negozio","item":"https:\/\/www.csj-emballages.com\/it\/negozio\/"},{"@type":"ListItem","position":3,"name":"Rotolo asciugamani goffrato 450 strappi 19 x 20 cm confezione da 6"}]},{"@type":"WebSite","@id":"https:\/\/www.csj-emballages.com\/it\/#website","url":"https:\/\/www.csj-emballages.com\/it\/","name":"CSJ Emballages","description":"","publisher":{"@id":"https:\/\/www.csj-emballages.com\/it\/#organization"},"potentialAction":[{"@type":"SearchAction","target":{"@type":"EntryPoint","urlTemplate":"https:\/\/www.csj-emballages.com\/it\/?s={search_term_string}"},"query-input":{"@type":"PropertyValueSpecification","valueRequired":true,"valueName":"search_term_string"}}],"inLanguage":"it-IT"},{"@type":"Organization","@id":"https:\/\/www.csj-emballages.com\/it\/#Organization\/","name":"CSJ Emballages","url":"https:\/\/www.csj-emballages.com\/it\/","logo":{"@type":"ImageObject","inLanguage":"it-IT","@id":"https:\/\/www.csj-emballages.com\/it\/#\/schema\/logo\/image\/","url":"https:\/\/www.csj-emballages.com\/wp-content\/uploads\/2023\/10\/logo_csj.webp","contentUrl":"https:\/\/www.csj-emballages.com\/wp-content\/uploads\/2023\/10\/logo_csj.webp","width":250,"height":95,"caption":"CSJ Emballages"},"image":{"@id":"https:\/\/www.csj-emballages.com\/it\/#\/schema\/logo\/image\/"},"sameAs":["https:\/\/www.facebook.com\/csjemballages"],"address":{"@type":"PostalAddress","streetAddress":"ZI La Lechere","addressLocality":"Patornay","postalCode":"39130","addressCountry":"FR"},"contactPoint":[{"@type":"ContactPoint","contactType":"Service client","telephone":"0384254272","email":"contact@csj-emballages.com"}]}]}},"df_price":13.68,"df_sale_price":"","df_regular_price":13.68,"df_image_link":"https:\/\/www.csj-emballages.com\/wp-content\/uploads\/2024\/03\/E822S-300x300.webp","tiered_pricing_type":"fixed","tiered_pricing_fixed_rules":[],"tiered_pricing_percentage_rules":[],"tiered_pricing_minimum":1,"tiered_pricing_roles_data":[],"_links":{"self":[{"href":"https:\/\/www.csj-emballages.com\/it\/wp-json\/wp\/v2\/product\/266833","targetHints":{"allow":["GET"]}}],"collection":[{"href":"https:\/\/www.csj-emballages.com\/it\/wp-json\/wp\/v2\/product"}],"about":[{"href":"https:\/\/www.csj-emballages.com\/it\/wp-json\/wp\/v2\/types\/product"}],"wp:featuredmedia":[{"embeddable":true,"href":"https:\/\/www.csj-emballages.com\/it\/wp-json\/wp\/v2\/media\/266843"}],"wp:attachment":[{"href":"https:\/\/www.csj-emballages.com\/it\/wp-json\/wp\/v2\/media?parent=266833"}],"wp:term":[{"taxonomy":"product_brand","embeddable":true,"href":"https:\/\/www.csj-emballages.com\/it\/wp-json\/wp\/v2\/product_brand?post=266833"},{"taxonomy":"product_cat","embeddable":true,"href":"https:\/\/www.csj-emballages.com\/it\/wp-json\/wp\/v2\/product_cat?post=266833"},{"taxonomy":"product_tag","embeddable":true,"href":"https:\/\/www.csj-emballages.com\/it\/wp-json\/wp\/v2\/product_tag?post=266833"}],"curies":[{"name":"wp","href":"https:\/\/api.w.org\/{rel}","templated":true}]}}