{"id":266827,"date":"2024-03-01T16:54:25","date_gmt":"2024-03-01T15:54:25","guid":{"rendered":"https:\/\/www.csj-emballages.com\/produit\/astuccio-per-macaron-in-pvc-80-x-50-x-50-mm\/"},"modified":"2026-04-14T02:15:59","modified_gmt":"2026-04-14T00:15:59","slug":"astuccio-per-macaron-in-pvc-80-x-50-x-50-mm","status":"publish","type":"product","link":"https:\/\/www.csj-emballages.com\/it\/produit\/astuccio-per-macaron-in-pvc-80-x-50-x-50-mm\/","title":{"rendered":"Astuccio per macaron in PVC 80 x 50 x 50 mm"},"content":{"rendered":"<h2>Astuccio per macaron<\/h2>\n<hr>\n<h3>Descrizione del nostro astuccio per macaron in PVC 80 x 50 x 50 mm<\/h3>\n<p><!--more--><\/p>\n<p data-start=\"169\" data-end=\"609\">L&#8217;<strong data-start=\"171\" data-end=\"207\">astuccio per macaron in PVC 80 x 50 x 50 mm<\/strong> \u00e8 la soluzione ideale per valorizzare le tue piccole delizie e mettere in risalto la tua maestria. Realizzato in <strong data-start=\"317\" data-end=\"346\">plastica PVC trasparente<\/strong> abbinata a un <strong>fondo in cartoncino bristol dentellato<\/strong>, questo packaging gioca sulla trasparenza per offrire una presentazione elegante e curata. Che tu sia pasticcere artigiano, cioccolatiere o semplicemente appassionato di dolcezze, questo astuccio sapr\u00e0 valorizzare le tue creazioni.  <\/p>\n<p data-start=\"611\" data-end=\"933\">La sua forma compatta e raffinata si adatta perfettamente alla presentazione di macaron durante battesimi, matrimoni, compleanni o altri eventi festivi. Grazie al suo design essenziale, si integra in ogni tipo di decorazione e pu\u00f2 essere personalizzato con un <span style=\"color: #d12727;\"><a style=\"color: #d12727;\" href=\"https:\/\/www.csj-emballages.com\/it\/categorie-produit\/imballaggi-alimentari\/panetteria-pasticceria\/accessori-e-attrezzature\/accessori-decorativi\/\">nastro<\/a><\/span>, un&#8217;<span style=\"color: #d12727;\"><a style=\"color: #d12727;\" href=\"https:\/\/www.csj-emballages.com\/it\/categorie-produit\/imballaggi-alimentari\/panetteria-pasticceria\/accessori-e-attrezzature\/etichette\/\">etichetta<\/a><\/span> o un adesivo. <\/p>\n<p data-start=\"935\" data-end=\"1305\">Pratico, questo <strong>astuccio<\/strong> viene fornito piatto per un <strong data-start=\"979\" data-end=\"996\">risparmio di spazio<\/strong> nello stoccaggio e si monta facilmente grazie al <strong>fondo incluso<\/strong>. La sua struttura solida garantisce la protezione dei tuoi prodotti offrendo al contempo un&#8217;eccellente visibilit\u00e0. Questo packaging non \u00e8 solo un semplice contenitore, \u00e8 un vero e proprio strumento di marketing che attira l&#8217;attenzione del cliente e invoglia a gustare.  <\/p>\n<p data-start=\"1307\" data-end=\"1546\">Inoltre, con <strong data-start=\"1316\" data-end=\"1346\">dimensioni di 8 x 5 x 5 cm<\/strong>, rimane compatto offrendo al contempo spazio sufficiente per una presentazione chic e raffinata. Disponibile singolarmente, permette di soddisfare sia esigenze occasionali che serie pi\u00f9 importanti. <\/p>\n<p data-start=\"1548\" data-end=\"1754\">Punta su un packaging di qualit\u00e0 professionale che combina praticit\u00e0, estetica e durata. In sintesi, questo <strong data-start=\"1651\" data-end=\"1671\">astuccio per macaron in PVC<\/strong> sar\u00e0 senza dubbio un alleato indispensabile per le tue vendite e i tuoi eventi. <\/p>\n<p data-start=\"1423\" data-end=\"1694\"><!--more--><\/p>\n<h4 data-start=\"1423\" data-end=\"1694\">Vantaggi:<\/h4>\n<ul>\n<li data-start=\"1423\" data-end=\"1694\">Presentazione elegante e trasparente.<\/li>\n<li data-start=\"1423\" data-end=\"1694\"><strong>Fondo in cartoncino bristol dentellato<\/strong> per un tocco raffinato.<\/li>\n<li data-start=\"1423\" data-end=\"1694\"><strong>Formato pratico<\/strong>: 80 x 50 x 50 mm.<\/li>\n<li data-start=\"1423\" data-end=\"1694\">Fornito piatto, facile da montare.<\/li>\n<li data-start=\"1423\" data-end=\"1694\">Protezione e valorizzazione dei tuoi prodotti.<\/li>\n<\/ul>\n<p>&nbsp;<\/p>\n<p><!--more--><\/p>\n<h4>Altre informazioni:<\/h4>\n<ul style=\"box-sizing: inherit; font-family: Roboto, sans-serif;\">\n<li><strong>Confezione<\/strong>: Singolarmente<\/li>\n<li><span style=\"font-weight: bold;\">Dimensioni<\/span>: 80 x 50 x 50 (L x l x H in mm)<\/li>\n<li><strong>Materiale<\/strong>: Cartone + Plastica PVC<\/li>\n<li><strong>Colore<\/strong>: Trasparente \/ Avorio<\/li>\n<\/ul>\n<p>&nbsp;<\/p>\n<p><!--more--><\/p>\n<p>Astuccio disponibile in diverse misure: <span style=\"color: #d12727;\"><a style=\"color: #d12727;\" href=\"https:\/\/www.csj-emballages.com\/produit\/etui-macaron-pvc-160-x-50-x-50-mm\/\">160 x 50 x 50 mm<\/a> <\/span>\/ <span style=\"color: #d12727;\"><a style=\"color: #d12727;\" href=\"https:\/\/www.csj-emballages.com\/produit\/etui-macaron-pvc-190-x-50-x-50-mm\/\">190 x 50 x 50 mm<\/a><\/span><\/p>\n<p>&nbsp;<\/p>\n<p><!--more--><\/p>\n<p>Questo piccolo astuccio per macaron avorio \u00e8 disponibile in diversi colori: <span style=\"color: #d12727;\"><a style=\"color: #d12727;\" href=\"https:\/\/www.csj-emballages.com\/produit\/etui-macarons-rose-pvc-80-x-50-x-50-mm-par-10\/\">Rosa<\/a><\/span> \/ <span style=\"color: #d12727;\"><a style=\"color: #d12727;\" href=\"https:\/\/www.csj-emballages.com\/it\/produit\/astuccio-per-macarons-kraft-pet-80-x-50-x-50-mm-da-10\/\">Kraft<\/a><\/span><\/p>\n<p>&nbsp;<\/p>\n<p><!--more--><\/p>\n<p><a href=\"https:\/\/www.csj-emballages.com\/it\/categorie-produit\/imballaggi-alimentari\/panetteria-pasticceria\/scatola-e-astuccio\/scatole-astucci\/astucci-per-macaron\/\">Consulta il resto della nostra gamma di astucci per macaron<\/a><\/p>\n","protected":false},"excerpt":{"rendered":"<p>Astuccio per macaron Descrizione del nostro astuccio per macaron in PVC 80 x 50 x 50 mm<\/p>\n","protected":false},"featured_media":266832,"template":"","meta":{"_acf_changed":false},"product_brand":[],"product_cat":[10346,10344,10388,10389],"product_tag":[],"class_list":{"0":"post-266827","1":"product","2":"type-product","3":"status-publish","4":"has-post-thumbnail","6":"product_cat-imballaggi-alimentari","7":"product_cat-panetteria-pasticceria","8":"product_cat-scatole-astucci","9":"product_cat-astucci-per-macaron","11":"first","12":"instock","13":"taxable","14":"shipping-taxable","15":"purchasable","16":"product-type-simple"},"acf":[],"yoast_head":"<!-- This site is optimized with the Yoast SEO Premium plugin v26.6 (Yoast SEO v26.6) - https:\/\/yoast.com\/wordpress\/plugins\/seo\/ -->\n<title>Astuccio per Macaron in PVC 80 x 50 x 50 mm<\/title>\n<meta name=\"description\" content=\"Valorizza le tue creazioni con l&#039;astuccio per macaron in PVC 80 x 50 x 50 mm, elegante, trasparente e pratico. Ideale per macaron.\" \/>\n<meta name=\"robots\" content=\"index, follow, max-snippet:-1, max-image-preview:large, max-video-preview:-1\" \/>\n<link rel=\"canonical\" href=\"https:\/\/www.csj-emballages.com\/it\/produit\/astuccio-per-macaron-in-pvc-80-x-50-x-50-mm\/\" \/>\n<meta property=\"og:locale\" content=\"it_IT\" \/>\n<meta property=\"og:type\" content=\"article\" \/>\n<meta property=\"og:title\" content=\"Astuccio per macaron in PVC 80 x 50 x 50 mm\" \/>\n<meta property=\"og:description\" content=\"Valorizza le tue creazioni con l&#039;astuccio per macaron in PVC 80 x 50 x 50 mm, elegante, trasparente e pratico. Ideale per macaron.\" \/>\n<meta property=\"og:url\" content=\"https:\/\/www.csj-emballages.com\/it\/produit\/astuccio-per-macaron-in-pvc-80-x-50-x-50-mm\/\" \/>\n<meta property=\"og:site_name\" content=\"CSJ Emballages\" \/>\n<meta property=\"article:publisher\" content=\"https:\/\/www.facebook.com\/csjemballages\" \/>\n<meta property=\"article:modified_time\" content=\"2026-04-14T00:15:59+00:00\" \/>\n<meta property=\"og:image\" content=\"https:\/\/www.csj-emballages.com\/wp-content\/uploads\/2024\/03\/EM2.webp\" \/>\n\t<meta property=\"og:image:width\" content=\"800\" \/>\n\t<meta property=\"og:image:height\" content=\"800\" \/>\n\t<meta property=\"og:image:type\" content=\"image\/webp\" \/>\n<meta name=\"twitter:card\" content=\"summary_large_image\" \/>\n<meta name=\"twitter:label1\" content=\"Dur\u00e9e de lecture estim\u00e9e\" \/>\n\t<meta name=\"twitter:data1\" content=\"2 minuti\" \/>\n<script type=\"application\/ld+json\" class=\"yoast-schema-graph\">{\"@context\":\"https:\/\/schema.org\",\"@graph\":[{\"@type\":\"WebPage\",\"@id\":\"https:\/\/www.csj-emballages.com\/it\/produit\/astuccio-per-macaron-in-pvc-80-x-50-x-50-mm\/\",\"url\":\"https:\/\/www.csj-emballages.com\/it\/produit\/astuccio-per-macaron-in-pvc-80-x-50-x-50-mm\/\",\"name\":\"Astuccio per Macaron in PVC 80 x 50 x 50 mm\",\"isPartOf\":{\"@id\":\"https:\/\/www.csj-emballages.com\/it\/#website\"},\"primaryImageOfPage\":{\"@id\":\"https:\/\/www.csj-emballages.com\/it\/produit\/astuccio-per-macaron-in-pvc-80-x-50-x-50-mm\/#primaryimage\"},\"image\":{\"@id\":\"https:\/\/www.csj-emballages.com\/it\/produit\/astuccio-per-macaron-in-pvc-80-x-50-x-50-mm\/#primaryimage\"},\"thumbnailUrl\":\"https:\/\/www.csj-emballages.com\/wp-content\/uploads\/2024\/03\/EM2.webp\",\"datePublished\":\"2024-03-01T15:54:25+00:00\",\"dateModified\":\"2026-04-14T00:15:59+00:00\",\"description\":\"Valorizza le tue creazioni con l'astuccio per macaron in PVC 80 x 50 x 50 mm, elegante, trasparente e pratico. Ideale per macaron.\",\"breadcrumb\":{\"@id\":\"https:\/\/www.csj-emballages.com\/it\/produit\/astuccio-per-macaron-in-pvc-80-x-50-x-50-mm\/#breadcrumb\"},\"inLanguage\":\"it-IT\",\"potentialAction\":[{\"@type\":\"ReadAction\",\"target\":[\"https:\/\/www.csj-emballages.com\/it\/produit\/astuccio-per-macaron-in-pvc-80-x-50-x-50-mm\/\"]}]},{\"@type\":\"ImageObject\",\"inLanguage\":\"it-IT\",\"@id\":\"https:\/\/www.csj-emballages.com\/it\/produit\/astuccio-per-macaron-in-pvc-80-x-50-x-50-mm\/#primaryimage\",\"url\":\"https:\/\/www.csj-emballages.com\/wp-content\/uploads\/2024\/03\/EM2.webp\",\"contentUrl\":\"https:\/\/www.csj-emballages.com\/wp-content\/uploads\/2024\/03\/EM2.webp\",\"width\":800,\"height\":800,\"caption\":\"\u00c9tui macaron\"},{\"@type\":\"BreadcrumbList\",\"@id\":\"https:\/\/www.csj-emballages.com\/it\/produit\/astuccio-per-macaron-in-pvc-80-x-50-x-50-mm\/#breadcrumb\",\"itemListElement\":[{\"@type\":\"ListItem\",\"position\":1,\"name\":\"Home\",\"item\":\"https:\/\/www.csj-emballages.com\/it\/universo-imballaggi-alimentari\/\"},{\"@type\":\"ListItem\",\"position\":2,\"name\":\"Negozio\",\"item\":\"https:\/\/www.csj-emballages.com\/it\/negozio\/\"},{\"@type\":\"ListItem\",\"position\":3,\"name\":\"Astuccio per macaron in PVC 80 x 50 x 50 mm\"}]},{\"@type\":\"WebSite\",\"@id\":\"https:\/\/www.csj-emballages.com\/it\/#website\",\"url\":\"https:\/\/www.csj-emballages.com\/it\/\",\"name\":\"CSJ Emballages\",\"description\":\"\",\"publisher\":{\"@id\":\"https:\/\/www.csj-emballages.com\/it\/#organization\"},\"potentialAction\":[{\"@type\":\"SearchAction\",\"target\":{\"@type\":\"EntryPoint\",\"urlTemplate\":\"https:\/\/www.csj-emballages.com\/it\/?s={search_term_string}\"},\"query-input\":{\"@type\":\"PropertyValueSpecification\",\"valueRequired\":true,\"valueName\":\"search_term_string\"}}],\"inLanguage\":\"it-IT\"},{\"@type\":\"Organization\",\"@id\":\"https:\/\/www.csj-emballages.com\/it\/#Organization\/\",\"name\":\"CSJ Emballages\",\"url\":\"https:\/\/www.csj-emballages.com\/it\/\",\"logo\":{\"@type\":\"ImageObject\",\"inLanguage\":\"it-IT\",\"@id\":\"https:\/\/www.csj-emballages.com\/it\/#\/schema\/logo\/image\/\",\"url\":\"https:\/\/www.csj-emballages.com\/wp-content\/uploads\/2023\/10\/logo_csj.webp\",\"contentUrl\":\"https:\/\/www.csj-emballages.com\/wp-content\/uploads\/2023\/10\/logo_csj.webp\",\"width\":250,\"height\":95,\"caption\":\"CSJ Emballages\"},\"image\":{\"@id\":\"https:\/\/www.csj-emballages.com\/it\/#\/schema\/logo\/image\/\"},\"sameAs\":[\"https:\/\/www.facebook.com\/csjemballages\"],\"address\":{\"@type\":\"PostalAddress\",\"streetAddress\":\"ZI La Lechere\",\"addressLocality\":\"Patornay\",\"postalCode\":\"39130\",\"addressCountry\":\"FR\"},\"contactPoint\":[{\"@type\":\"ContactPoint\",\"contactType\":\"Service client\",\"telephone\":\"0384254272\",\"email\":\"contact@csj-emballages.com\"}]}]}<\/script>\n<!-- \/ Yoast SEO Premium plugin. -->","yoast_head_json":{"title":"Astuccio per Macaron in PVC 80 x 50 x 50 mm","description":"Valorizza le tue creazioni con l'astuccio per macaron in PVC 80 x 50 x 50 mm, elegante, trasparente e pratico. Ideale per macaron.","robots":{"index":"index","follow":"follow","max-snippet":"max-snippet:-1","max-image-preview":"max-image-preview:large","max-video-preview":"max-video-preview:-1"},"canonical":"https:\/\/www.csj-emballages.com\/it\/produit\/astuccio-per-macaron-in-pvc-80-x-50-x-50-mm\/","og_locale":"it_IT","og_type":"article","og_title":"Astuccio per macaron in PVC 80 x 50 x 50 mm","og_description":"Valorizza le tue creazioni con l'astuccio per macaron in PVC 80 x 50 x 50 mm, elegante, trasparente e pratico. Ideale per macaron.","og_url":"https:\/\/www.csj-emballages.com\/it\/produit\/astuccio-per-macaron-in-pvc-80-x-50-x-50-mm\/","og_site_name":"CSJ Emballages","article_publisher":"https:\/\/www.facebook.com\/csjemballages","article_modified_time":"2026-04-14T00:15:59+00:00","og_image":[{"width":800,"height":800,"url":"https:\/\/www.csj-emballages.com\/wp-content\/uploads\/2024\/03\/EM2.webp","type":"image\/webp"}],"twitter_card":"summary_large_image","twitter_misc":{"Dur\u00e9e de lecture estim\u00e9e":"2 minuti"},"schema":{"@context":"https:\/\/schema.org","@graph":[{"@type":"WebPage","@id":"https:\/\/www.csj-emballages.com\/it\/produit\/astuccio-per-macaron-in-pvc-80-x-50-x-50-mm\/","url":"https:\/\/www.csj-emballages.com\/it\/produit\/astuccio-per-macaron-in-pvc-80-x-50-x-50-mm\/","name":"Astuccio per Macaron in PVC 80 x 50 x 50 mm","isPartOf":{"@id":"https:\/\/www.csj-emballages.com\/it\/#website"},"primaryImageOfPage":{"@id":"https:\/\/www.csj-emballages.com\/it\/produit\/astuccio-per-macaron-in-pvc-80-x-50-x-50-mm\/#primaryimage"},"image":{"@id":"https:\/\/www.csj-emballages.com\/it\/produit\/astuccio-per-macaron-in-pvc-80-x-50-x-50-mm\/#primaryimage"},"thumbnailUrl":"https:\/\/www.csj-emballages.com\/wp-content\/uploads\/2024\/03\/EM2.webp","datePublished":"2024-03-01T15:54:25+00:00","dateModified":"2026-04-14T00:15:59+00:00","description":"Valorizza le tue creazioni con l'astuccio per macaron in PVC 80 x 50 x 50 mm, elegante, trasparente e pratico. Ideale per macaron.","breadcrumb":{"@id":"https:\/\/www.csj-emballages.com\/it\/produit\/astuccio-per-macaron-in-pvc-80-x-50-x-50-mm\/#breadcrumb"},"inLanguage":"it-IT","potentialAction":[{"@type":"ReadAction","target":["https:\/\/www.csj-emballages.com\/it\/produit\/astuccio-per-macaron-in-pvc-80-x-50-x-50-mm\/"]}]},{"@type":"ImageObject","inLanguage":"it-IT","@id":"https:\/\/www.csj-emballages.com\/it\/produit\/astuccio-per-macaron-in-pvc-80-x-50-x-50-mm\/#primaryimage","url":"https:\/\/www.csj-emballages.com\/wp-content\/uploads\/2024\/03\/EM2.webp","contentUrl":"https:\/\/www.csj-emballages.com\/wp-content\/uploads\/2024\/03\/EM2.webp","width":800,"height":800,"caption":"\u00c9tui macaron"},{"@type":"BreadcrumbList","@id":"https:\/\/www.csj-emballages.com\/it\/produit\/astuccio-per-macaron-in-pvc-80-x-50-x-50-mm\/#breadcrumb","itemListElement":[{"@type":"ListItem","position":1,"name":"Home","item":"https:\/\/www.csj-emballages.com\/it\/universo-imballaggi-alimentari\/"},{"@type":"ListItem","position":2,"name":"Negozio","item":"https:\/\/www.csj-emballages.com\/it\/negozio\/"},{"@type":"ListItem","position":3,"name":"Astuccio per macaron in PVC 80 x 50 x 50 mm"}]},{"@type":"WebSite","@id":"https:\/\/www.csj-emballages.com\/it\/#website","url":"https:\/\/www.csj-emballages.com\/it\/","name":"CSJ Emballages","description":"","publisher":{"@id":"https:\/\/www.csj-emballages.com\/it\/#organization"},"potentialAction":[{"@type":"SearchAction","target":{"@type":"EntryPoint","urlTemplate":"https:\/\/www.csj-emballages.com\/it\/?s={search_term_string}"},"query-input":{"@type":"PropertyValueSpecification","valueRequired":true,"valueName":"search_term_string"}}],"inLanguage":"it-IT"},{"@type":"Organization","@id":"https:\/\/www.csj-emballages.com\/it\/#Organization\/","name":"CSJ Emballages","url":"https:\/\/www.csj-emballages.com\/it\/","logo":{"@type":"ImageObject","inLanguage":"it-IT","@id":"https:\/\/www.csj-emballages.com\/it\/#\/schema\/logo\/image\/","url":"https:\/\/www.csj-emballages.com\/wp-content\/uploads\/2023\/10\/logo_csj.webp","contentUrl":"https:\/\/www.csj-emballages.com\/wp-content\/uploads\/2023\/10\/logo_csj.webp","width":250,"height":95,"caption":"CSJ Emballages"},"image":{"@id":"https:\/\/www.csj-emballages.com\/it\/#\/schema\/logo\/image\/"},"sameAs":["https:\/\/www.facebook.com\/csjemballages"],"address":{"@type":"PostalAddress","streetAddress":"ZI La Lechere","addressLocality":"Patornay","postalCode":"39130","addressCountry":"FR"},"contactPoint":[{"@type":"ContactPoint","contactType":"Service client","telephone":"0384254272","email":"contact@csj-emballages.com"}]}]}},"df_price":0.7,"df_sale_price":"","df_regular_price":0.7,"df_image_link":"https:\/\/www.csj-emballages.com\/wp-content\/uploads\/2024\/03\/EM2-300x300.webp","tiered_pricing_type":"fixed","tiered_pricing_fixed_rules":[],"tiered_pricing_percentage_rules":[],"tiered_pricing_minimum":1,"tiered_pricing_roles_data":[],"_links":{"self":[{"href":"https:\/\/www.csj-emballages.com\/it\/wp-json\/wp\/v2\/product\/266827","targetHints":{"allow":["GET"]}}],"collection":[{"href":"https:\/\/www.csj-emballages.com\/it\/wp-json\/wp\/v2\/product"}],"about":[{"href":"https:\/\/www.csj-emballages.com\/it\/wp-json\/wp\/v2\/types\/product"}],"wp:featuredmedia":[{"embeddable":true,"href":"https:\/\/www.csj-emballages.com\/it\/wp-json\/wp\/v2\/media\/266832"}],"wp:attachment":[{"href":"https:\/\/www.csj-emballages.com\/it\/wp-json\/wp\/v2\/media?parent=266827"}],"wp:term":[{"taxonomy":"product_brand","embeddable":true,"href":"https:\/\/www.csj-emballages.com\/it\/wp-json\/wp\/v2\/product_brand?post=266827"},{"taxonomy":"product_cat","embeddable":true,"href":"https:\/\/www.csj-emballages.com\/it\/wp-json\/wp\/v2\/product_cat?post=266827"},{"taxonomy":"product_tag","embeddable":true,"href":"https:\/\/www.csj-emballages.com\/it\/wp-json\/wp\/v2\/product_tag?post=266827"}],"curies":[{"name":"wp","href":"https:\/\/api.w.org\/{rel}","templated":true}]}}