{"id":266824,"date":"2024-03-01T16:54:32","date_gmt":"2024-03-01T15:54:32","guid":{"rendered":"https:\/\/www.csj-emballages.com\/produit\/dispenser-di-asciugamani-a-estrazione-centrale-bianco-per-rotolo-da-200-strappi-rif\/"},"modified":"2026-04-21T09:00:39","modified_gmt":"2026-04-21T07:00:39","slug":"dispenser-di-asciugamani-a-estrazione-centrale-bianco-per-rotolo-da-200-strappi-rif","status":"publish","type":"product","link":"https:\/\/www.csj-emballages.com\/it\/produit\/dispenser-di-asciugamani-a-estrazione-centrale-bianco-per-rotolo-da-200-strappi-rif\/","title":{"rendered":"Dispenser di asciugamani a estrazione centrale bianco per rotolo da 200 strappi (rif"},"content":{"rendered":"<h2>Dispenser di asciugamani<\/h2>\n<hr>\n<h3>Descrizione del nostro dispenser di asciugamani a estrazione centrale bianco per rotolo da 200 strappi (rif. E811)<!--more--><\/h3>\n<p data-start=\"243\" data-end=\"576\">Questo <strong data-start=\"246\" data-end=\"296\">dispenser di asciugamani a estrazione centrale<\/strong> \u00e8 pensato per rendere i gesti quotidiani pi\u00f9 semplici, pi\u00f9 puliti e pi\u00f9 efficienti. Con il suo design bianco liscio e discreto, si inserisce facilmente in tutti gli ambienti professionali: <strong>cucine, servizi igienici, laboratori, uffici o aree di passaggio frequente<\/strong>. <\/p>\n<p data-start=\"578\" data-end=\"931\">Il suo vero punto di forza \u00e8 il <strong data-start=\"609\" data-end=\"640\">sistema di estrazione centrale<\/strong>. Si <strong>tira il foglio dal centro<\/strong>, senza toccare il resto del rotolo. Risultato: un uso pi\u00f9 igienico e soprattutto un consumo pi\u00f9 controllato. Ognuno prende solo ci\u00f2 di cui ha bisogno, riducendo gli sprechi e mantenendo l\u2019area pulita pi\u00f9 a lungo.   <\/p>\n<p data-start=\"933\" data-end=\"1249\">Il <strong>dispenser<\/strong> \u00e8 compatibile con <strong data-start=\"973\" data-end=\"999\">rotoli da 200 strappi<\/strong>, riducendo la frequenza di ricarica. \u00c8 un vero vantaggio nei luoghi molto frequentati dove il tempo conta. Inoltre, l\u2019apertura \u00e8 semplice e rapida, facilitando la manutenzione quotidiana anche nei periodi di maggiore attivit\u00e0.  <\/p>\n<p data-start=\"1251\" data-end=\"1521\">Progettato per durare, questo <strong>dispenser<\/strong> offre una buona resistenza all\u2019uso intensivo. Resta affidabile giorno dopo giorno e contribuisce a mantenere un\u2019immagine professionale e curata. Inoltre, il formato compatto permette di installarlo facilmente a parete senza ingombrare lo spazio.  <\/p>\n<p data-start=\"1523\" data-end=\"1745\">In sintesi, questo <strong>dispenser di asciugamani<\/strong> unisce praticit\u00e0, igiene e sobriet\u00e0. Risponde perfettamente alle esigenze dei professionisti che cercano una soluzione efficace, semplice da usare e adatta a un utilizzo regolare. <\/p>\n<p data-start=\"1523\" data-end=\"1745\">\n<p data-start=\"1523\" data-end=\"1745\"><!--more--><\/p>\n<div class=\"markdown prose w-full break-words dark:prose-invert dark\">\n<p><strong>Dispenser di asciugamani, si usa con il prodotto di riferimento <span style=\"color: #d12727;\"><a style=\"color: #d12727;\" href=\"https:\/\/www.csj-emballages.com\/produit\/12-rouleaux-essuie-mains-pure-ouate-gaufres-200-formats-20-x-25-cm\/\">E811<\/a><\/span><\/strong><\/p>\n<p>*Questo dispenser di asciugamani \u00e8 fornito con le viti.<\/p>\n<\/div>\n<p><!--more--><\/p>\n<h4>Vantaggi:<\/h4>\n<ul>\n<li data-start=\"1773\" data-end=\"1814\">Estrazione centrale igienica e pratica.<\/li>\n<li data-start=\"1817\" data-end=\"1848\">Compatibile con rotolo <strong>da 200 strappi<\/strong>.<\/li>\n<li data-start=\"1851\" data-end=\"1876\">Riduzione degli sprechi.<\/li>\n<li data-start=\"1879\" data-end=\"1910\">Ricarica semplice e veloce.<\/li>\n<li data-start=\"1913\" data-end=\"1946\"><strong>Design discreto<\/strong> e professionale.<\/li>\n<li data-start=\"1949\" data-end=\"1982\">Adatto a luoghi ad alto passaggio.<\/li>\n<\/ul>\n<p>&nbsp;<\/p>\n<p><!--more--><\/p>\n<h4>Altre informazioni:<\/h4>\n<ul>\n<li><strong>Confezionamento<\/strong>: Singolo<\/li>\n<li><strong>Dimensioni<\/strong>: 17,5 x 14 x 24,5 (L x l x h in cm)<\/li>\n<li><strong>Materiale<\/strong>: Plastica<\/li>\n<li><strong>Colore<\/strong>: Bianco<\/li>\n<li><strong>Utilizzo<\/strong>: Manuale<\/li>\n<li><strong>Capacit\u00e0<\/strong>: Rotolo da 200 strappi (<span style=\"color: #d12727;\"><a style=\"color: #d12727;\" href=\"https:\/\/www.csj-emballages.com\/produit\/12-rouleaux-essuie-mains-pure-ouate-gaufres-200-formats-20-x-25-cm\/\">E811<\/a><\/span>)<\/li>\n<\/ul>\n<p>&nbsp;<\/p>\n<p><!--more--><\/p>\n<p><a href=\"https:\/\/www.csj-emballages.com\/it\/categorie-produit\/igiene-e-manutenzione\/dispenser\/\">Consulta il resto della nostra gamma di dispenser<\/a><\/p>\n","protected":false},"excerpt":{"rendered":"<p>Dispenser di asciugamani Descrizione del nostro dispenser di asciugamani a estrazione centrale bianco per rotolo da 200 strappi (rif. E811)<\/p>\n","protected":false},"featured_media":266829,"template":"","meta":{"_acf_changed":false},"product_brand":[],"product_cat":[10356,10384,10385,10386,10387],"product_tag":[],"class_list":{"0":"post-266824","1":"product","2":"type-product","3":"status-publish","4":"has-post-thumbnail","6":"product_cat-igiene-e-manutenzione","7":"product_cat-dispenser","8":"product_cat-asciugatura","9":"product_cat-asciugamani","10":"product_cat-asciugamani-in-rotolo","12":"first","13":"instock","14":"taxable","15":"shipping-taxable","16":"purchasable","17":"product-type-simple"},"acf":[],"yoast_head":"<!-- This site is optimized with the Yoast SEO Premium plugin v26.6 (Yoast SEO v26.6) - https:\/\/yoast.com\/wordpress\/plugins\/seo\/ -->\n<title>Dispenser di asciugamani a estrazione centrale per rotolo E811<\/title>\n<meta name=\"description\" content=\"Scopri il nostro dispenser di asciugamani a estrazione centrale bianco. Uso manuale. Compatibile con asciugamani E811\" \/>\n<meta name=\"robots\" content=\"index, follow, max-snippet:-1, max-image-preview:large, max-video-preview:-1\" \/>\n<link rel=\"canonical\" href=\"https:\/\/www.csj-emballages.com\/it\/produit\/dispenser-di-asciugamani-a-estrazione-centrale-bianco-per-rotolo-da-200-strappi-rif\/\" \/>\n<meta property=\"og:locale\" content=\"it_IT\" \/>\n<meta property=\"og:type\" content=\"article\" \/>\n<meta property=\"og:title\" content=\"Dispenser di asciugamani a estrazione centrale bianco per rotolo da 200 strappi (rif\" \/>\n<meta property=\"og:description\" content=\"Scopri il nostro dispenser di asciugamani a estrazione centrale bianco. Uso manuale. Compatibile con asciugamani E811\" \/>\n<meta property=\"og:url\" content=\"https:\/\/www.csj-emballages.com\/it\/produit\/dispenser-di-asciugamani-a-estrazione-centrale-bianco-per-rotolo-da-200-strappi-rif\/\" \/>\n<meta property=\"og:site_name\" content=\"CSJ Emballages\" \/>\n<meta property=\"article:publisher\" content=\"https:\/\/www.facebook.com\/csjemballages\" \/>\n<meta property=\"article:modified_time\" content=\"2026-04-21T07:00:39+00:00\" \/>\n<meta property=\"og:image\" content=\"https:\/\/www.csj-emballages.com\/wp-content\/uploads\/2024\/03\/Evadis-distributeur.webp\" \/>\n\t<meta property=\"og:image:width\" content=\"800\" \/>\n\t<meta property=\"og:image:height\" content=\"799\" \/>\n\t<meta property=\"og:image:type\" content=\"image\/webp\" \/>\n<meta name=\"twitter:card\" content=\"summary_large_image\" \/>\n<meta name=\"twitter:label1\" content=\"Dur\u00e9e de lecture estim\u00e9e\" \/>\n\t<meta name=\"twitter:data1\" content=\"2 minuti\" \/>\n<script type=\"application\/ld+json\" class=\"yoast-schema-graph\">{\"@context\":\"https:\/\/schema.org\",\"@graph\":[{\"@type\":\"WebPage\",\"@id\":\"https:\/\/www.csj-emballages.com\/it\/produit\/dispenser-di-asciugamani-a-estrazione-centrale-bianco-per-rotolo-da-200-strappi-rif\/\",\"url\":\"https:\/\/www.csj-emballages.com\/it\/produit\/dispenser-di-asciugamani-a-estrazione-centrale-bianco-per-rotolo-da-200-strappi-rif\/\",\"name\":\"Dispenser di asciugamani a estrazione centrale per rotolo E811\",\"isPartOf\":{\"@id\":\"https:\/\/www.csj-emballages.com\/it\/#website\"},\"primaryImageOfPage\":{\"@id\":\"https:\/\/www.csj-emballages.com\/it\/produit\/dispenser-di-asciugamani-a-estrazione-centrale-bianco-per-rotolo-da-200-strappi-rif\/#primaryimage\"},\"image\":{\"@id\":\"https:\/\/www.csj-emballages.com\/it\/produit\/dispenser-di-asciugamani-a-estrazione-centrale-bianco-per-rotolo-da-200-strappi-rif\/#primaryimage\"},\"thumbnailUrl\":\"https:\/\/www.csj-emballages.com\/wp-content\/uploads\/2024\/03\/Evadis-distributeur.webp\",\"datePublished\":\"2024-03-01T15:54:32+00:00\",\"dateModified\":\"2026-04-21T07:00:39+00:00\",\"description\":\"Scopri il nostro dispenser di asciugamani a estrazione centrale bianco. Uso manuale. Compatibile con asciugamani E811\",\"breadcrumb\":{\"@id\":\"https:\/\/www.csj-emballages.com\/it\/produit\/dispenser-di-asciugamani-a-estrazione-centrale-bianco-per-rotolo-da-200-strappi-rif\/#breadcrumb\"},\"inLanguage\":\"it-IT\",\"potentialAction\":[{\"@type\":\"ReadAction\",\"target\":[\"https:\/\/www.csj-emballages.com\/it\/produit\/dispenser-di-asciugamani-a-estrazione-centrale-bianco-per-rotolo-da-200-strappi-rif\/\"]}]},{\"@type\":\"ImageObject\",\"inLanguage\":\"it-IT\",\"@id\":\"https:\/\/www.csj-emballages.com\/it\/produit\/dispenser-di-asciugamani-a-estrazione-centrale-bianco-per-rotolo-da-200-strappi-rif\/#primaryimage\",\"url\":\"https:\/\/www.csj-emballages.com\/wp-content\/uploads\/2024\/03\/Evadis-distributeur.webp\",\"contentUrl\":\"https:\/\/www.csj-emballages.com\/wp-content\/uploads\/2024\/03\/Evadis-distributeur.webp\",\"width\":800,\"height\":799,\"caption\":\"Distributeur essuie-mains\"},{\"@type\":\"BreadcrumbList\",\"@id\":\"https:\/\/www.csj-emballages.com\/it\/produit\/dispenser-di-asciugamani-a-estrazione-centrale-bianco-per-rotolo-da-200-strappi-rif\/#breadcrumb\",\"itemListElement\":[{\"@type\":\"ListItem\",\"position\":1,\"name\":\"Home\",\"item\":\"https:\/\/www.csj-emballages.com\/it\/universo-imballaggi-alimentari\/\"},{\"@type\":\"ListItem\",\"position\":2,\"name\":\"Negozio\",\"item\":\"https:\/\/www.csj-emballages.com\/it\/negozio\/\"},{\"@type\":\"ListItem\",\"position\":3,\"name\":\"Dispenser di asciugamani a estrazione centrale bianco per rotolo da 200 strappi (rif\"}]},{\"@type\":\"WebSite\",\"@id\":\"https:\/\/www.csj-emballages.com\/it\/#website\",\"url\":\"https:\/\/www.csj-emballages.com\/it\/\",\"name\":\"CSJ Emballages\",\"description\":\"\",\"publisher\":{\"@id\":\"https:\/\/www.csj-emballages.com\/it\/#organization\"},\"potentialAction\":[{\"@type\":\"SearchAction\",\"target\":{\"@type\":\"EntryPoint\",\"urlTemplate\":\"https:\/\/www.csj-emballages.com\/it\/?s={search_term_string}\"},\"query-input\":{\"@type\":\"PropertyValueSpecification\",\"valueRequired\":true,\"valueName\":\"search_term_string\"}}],\"inLanguage\":\"it-IT\"},{\"@type\":\"Organization\",\"@id\":\"https:\/\/www.csj-emballages.com\/it\/#Organization\/\",\"name\":\"CSJ Emballages\",\"url\":\"https:\/\/www.csj-emballages.com\/it\/\",\"logo\":{\"@type\":\"ImageObject\",\"inLanguage\":\"it-IT\",\"@id\":\"https:\/\/www.csj-emballages.com\/it\/#\/schema\/logo\/image\/\",\"url\":\"https:\/\/www.csj-emballages.com\/wp-content\/uploads\/2023\/10\/logo_csj.webp\",\"contentUrl\":\"https:\/\/www.csj-emballages.com\/wp-content\/uploads\/2023\/10\/logo_csj.webp\",\"width\":250,\"height\":95,\"caption\":\"CSJ Emballages\"},\"image\":{\"@id\":\"https:\/\/www.csj-emballages.com\/it\/#\/schema\/logo\/image\/\"},\"sameAs\":[\"https:\/\/www.facebook.com\/csjemballages\"],\"address\":{\"@type\":\"PostalAddress\",\"streetAddress\":\"ZI La Lechere\",\"addressLocality\":\"Patornay\",\"postalCode\":\"39130\",\"addressCountry\":\"FR\"},\"contactPoint\":[{\"@type\":\"ContactPoint\",\"contactType\":\"Service client\",\"telephone\":\"0384254272\",\"email\":\"contact@csj-emballages.com\"}]}]}<\/script>\n<!-- \/ Yoast SEO Premium plugin. -->","yoast_head_json":{"title":"Dispenser di asciugamani a estrazione centrale per rotolo E811","description":"Scopri il nostro dispenser di asciugamani a estrazione centrale bianco. Uso manuale. Compatibile con asciugamani E811","robots":{"index":"index","follow":"follow","max-snippet":"max-snippet:-1","max-image-preview":"max-image-preview:large","max-video-preview":"max-video-preview:-1"},"canonical":"https:\/\/www.csj-emballages.com\/it\/produit\/dispenser-di-asciugamani-a-estrazione-centrale-bianco-per-rotolo-da-200-strappi-rif\/","og_locale":"it_IT","og_type":"article","og_title":"Dispenser di asciugamani a estrazione centrale bianco per rotolo da 200 strappi (rif","og_description":"Scopri il nostro dispenser di asciugamani a estrazione centrale bianco. Uso manuale. Compatibile con asciugamani E811","og_url":"https:\/\/www.csj-emballages.com\/it\/produit\/dispenser-di-asciugamani-a-estrazione-centrale-bianco-per-rotolo-da-200-strappi-rif\/","og_site_name":"CSJ Emballages","article_publisher":"https:\/\/www.facebook.com\/csjemballages","article_modified_time":"2026-04-21T07:00:39+00:00","og_image":[{"width":800,"height":799,"url":"https:\/\/www.csj-emballages.com\/wp-content\/uploads\/2024\/03\/Evadis-distributeur.webp","type":"image\/webp"}],"twitter_card":"summary_large_image","twitter_misc":{"Dur\u00e9e de lecture estim\u00e9e":"2 minuti"},"schema":{"@context":"https:\/\/schema.org","@graph":[{"@type":"WebPage","@id":"https:\/\/www.csj-emballages.com\/it\/produit\/dispenser-di-asciugamani-a-estrazione-centrale-bianco-per-rotolo-da-200-strappi-rif\/","url":"https:\/\/www.csj-emballages.com\/it\/produit\/dispenser-di-asciugamani-a-estrazione-centrale-bianco-per-rotolo-da-200-strappi-rif\/","name":"Dispenser di asciugamani a estrazione centrale per rotolo E811","isPartOf":{"@id":"https:\/\/www.csj-emballages.com\/it\/#website"},"primaryImageOfPage":{"@id":"https:\/\/www.csj-emballages.com\/it\/produit\/dispenser-di-asciugamani-a-estrazione-centrale-bianco-per-rotolo-da-200-strappi-rif\/#primaryimage"},"image":{"@id":"https:\/\/www.csj-emballages.com\/it\/produit\/dispenser-di-asciugamani-a-estrazione-centrale-bianco-per-rotolo-da-200-strappi-rif\/#primaryimage"},"thumbnailUrl":"https:\/\/www.csj-emballages.com\/wp-content\/uploads\/2024\/03\/Evadis-distributeur.webp","datePublished":"2024-03-01T15:54:32+00:00","dateModified":"2026-04-21T07:00:39+00:00","description":"Scopri il nostro dispenser di asciugamani a estrazione centrale bianco. Uso manuale. Compatibile con asciugamani E811","breadcrumb":{"@id":"https:\/\/www.csj-emballages.com\/it\/produit\/dispenser-di-asciugamani-a-estrazione-centrale-bianco-per-rotolo-da-200-strappi-rif\/#breadcrumb"},"inLanguage":"it-IT","potentialAction":[{"@type":"ReadAction","target":["https:\/\/www.csj-emballages.com\/it\/produit\/dispenser-di-asciugamani-a-estrazione-centrale-bianco-per-rotolo-da-200-strappi-rif\/"]}]},{"@type":"ImageObject","inLanguage":"it-IT","@id":"https:\/\/www.csj-emballages.com\/it\/produit\/dispenser-di-asciugamani-a-estrazione-centrale-bianco-per-rotolo-da-200-strappi-rif\/#primaryimage","url":"https:\/\/www.csj-emballages.com\/wp-content\/uploads\/2024\/03\/Evadis-distributeur.webp","contentUrl":"https:\/\/www.csj-emballages.com\/wp-content\/uploads\/2024\/03\/Evadis-distributeur.webp","width":800,"height":799,"caption":"Distributeur essuie-mains"},{"@type":"BreadcrumbList","@id":"https:\/\/www.csj-emballages.com\/it\/produit\/dispenser-di-asciugamani-a-estrazione-centrale-bianco-per-rotolo-da-200-strappi-rif\/#breadcrumb","itemListElement":[{"@type":"ListItem","position":1,"name":"Home","item":"https:\/\/www.csj-emballages.com\/it\/universo-imballaggi-alimentari\/"},{"@type":"ListItem","position":2,"name":"Negozio","item":"https:\/\/www.csj-emballages.com\/it\/negozio\/"},{"@type":"ListItem","position":3,"name":"Dispenser di asciugamani a estrazione centrale bianco per rotolo da 200 strappi (rif"}]},{"@type":"WebSite","@id":"https:\/\/www.csj-emballages.com\/it\/#website","url":"https:\/\/www.csj-emballages.com\/it\/","name":"CSJ Emballages","description":"","publisher":{"@id":"https:\/\/www.csj-emballages.com\/it\/#organization"},"potentialAction":[{"@type":"SearchAction","target":{"@type":"EntryPoint","urlTemplate":"https:\/\/www.csj-emballages.com\/it\/?s={search_term_string}"},"query-input":{"@type":"PropertyValueSpecification","valueRequired":true,"valueName":"search_term_string"}}],"inLanguage":"it-IT"},{"@type":"Organization","@id":"https:\/\/www.csj-emballages.com\/it\/#Organization\/","name":"CSJ Emballages","url":"https:\/\/www.csj-emballages.com\/it\/","logo":{"@type":"ImageObject","inLanguage":"it-IT","@id":"https:\/\/www.csj-emballages.com\/it\/#\/schema\/logo\/image\/","url":"https:\/\/www.csj-emballages.com\/wp-content\/uploads\/2023\/10\/logo_csj.webp","contentUrl":"https:\/\/www.csj-emballages.com\/wp-content\/uploads\/2023\/10\/logo_csj.webp","width":250,"height":95,"caption":"CSJ Emballages"},"image":{"@id":"https:\/\/www.csj-emballages.com\/it\/#\/schema\/logo\/image\/"},"sameAs":["https:\/\/www.facebook.com\/csjemballages"],"address":{"@type":"PostalAddress","streetAddress":"ZI La Lechere","addressLocality":"Patornay","postalCode":"39130","addressCountry":"FR"},"contactPoint":[{"@type":"ContactPoint","contactType":"Service client","telephone":"0384254272","email":"contact@csj-emballages.com"}]}]}},"df_price":8.71,"df_sale_price":"","df_regular_price":8.71,"df_image_link":"https:\/\/www.csj-emballages.com\/wp-content\/uploads\/2024\/03\/Evadis-distributeur-300x300.webp","tiered_pricing_type":"fixed","tiered_pricing_fixed_rules":[],"tiered_pricing_percentage_rules":[],"tiered_pricing_minimum":1,"tiered_pricing_roles_data":[],"_links":{"self":[{"href":"https:\/\/www.csj-emballages.com\/it\/wp-json\/wp\/v2\/product\/266824","targetHints":{"allow":["GET"]}}],"collection":[{"href":"https:\/\/www.csj-emballages.com\/it\/wp-json\/wp\/v2\/product"}],"about":[{"href":"https:\/\/www.csj-emballages.com\/it\/wp-json\/wp\/v2\/types\/product"}],"wp:featuredmedia":[{"embeddable":true,"href":"https:\/\/www.csj-emballages.com\/it\/wp-json\/wp\/v2\/media\/266829"}],"wp:attachment":[{"href":"https:\/\/www.csj-emballages.com\/it\/wp-json\/wp\/v2\/media?parent=266824"}],"wp:term":[{"taxonomy":"product_brand","embeddable":true,"href":"https:\/\/www.csj-emballages.com\/it\/wp-json\/wp\/v2\/product_brand?post=266824"},{"taxonomy":"product_cat","embeddable":true,"href":"https:\/\/www.csj-emballages.com\/it\/wp-json\/wp\/v2\/product_cat?post=266824"},{"taxonomy":"product_tag","embeddable":true,"href":"https:\/\/www.csj-emballages.com\/it\/wp-json\/wp\/v2\/product_tag?post=266824"}],"curies":[{"name":"wp","href":"https:\/\/api.w.org\/{rel}","templated":true}]}}