{"id":266816,"date":"2024-03-01T16:54:23","date_gmt":"2024-03-01T15:54:23","guid":{"rendered":"https:\/\/www.csj-emballages.com\/produit\/spugna-non-bordata-vegetale-n4-confezione-da-10\/"},"modified":"2026-03-12T16:24:22","modified_gmt":"2026-03-12T15:24:22","slug":"spugna-non-bordata-vegetale-n4-confezione-da-10","status":"publish","type":"product","link":"https:\/\/www.csj-emballages.com\/it\/produit\/spugna-non-bordata-vegetale-n4-confezione-da-10\/","title":{"rendered":"Spugna non bordata vegetale N\u00b04 confezione da 10"},"content":{"rendered":"<h2>Spugna non bordata<\/h2>\n<hr>\n<h3>Descrizione della nostra spugna non bordata vegetale N\u00b04 confezione da 10<\/h3>\n<p><!--more--><\/p>\n<div class=\"flex max-w-full flex-col flex-grow\">\n<div class=\"min-h-8 text-message flex w-full flex-col items-end gap-2 whitespace-normal break-words text-start [.text-message+&amp;]:mt-5\" dir=\"auto\" data-message-author-role=\"assistant\" data-message-id=\"266ca6f3-5e07-4948-bd20-80ac5e6da4a5\" data-message-model-slug=\"gpt-4o\">\n<div class=\"flex w-full flex-col gap-1 empty:hidden first:pt-[3px]\">\n<div class=\"markdown prose w-full break-words dark:prose-invert dark\">\n<p data-start=\"239\" data-end=\"572\">Semplice, efficace e sempre utile, la <strong data-start=\"277\" data-end=\"311\">spugna non bordata vegetale N\u00b04<\/strong> fa parte di quegli indispensabili di cui non si pu\u00f2 fare a meno nel quotidiano. Infatti, con la sua texture morbida e il suo formato pratico, si adatta facilmente a tutti gli usi di pulizia, sia in cucina, in lavaggio, in collettivit\u00e0 o in ambiente professionale. <\/p>\n<p data-start=\"574\" data-end=\"1056\">Grazie al suo <strong>materiale di origine vegetale<\/strong>, questa spugna assorbe rapidamente l&#8217;acqua e trattiene efficacemente i liquidi. Permette cos\u00ec di pulire le superfici senza lasciare tracce, restando piacevole da maneggiare. L&#8217;assenza di bordatura le conferisce una grande libert\u00e0 d&#8217;uso: puoi utilizzarla su tutte le sue facce, sciacquarla facilmente e farla asciugare pi\u00f9 rapidamente. Risultato: resta pulita pi\u00f9 a lungo e mantiene le sue prestazioni lavaggio dopo lavaggio.   <\/p>\n<p data-start=\"1058\" data-end=\"1370\">Inoltre, la sua <strong>struttura aerata cattura bene lo sporco<\/strong> senza graffiare le superfici. \u00c8 adatta sia ai piani di lavoro che ai tavoli, lavelli o attrezzature professionali. Il suo formato N\u00b04 offre un buon equilibrio tra presa e superficie di pulizia, permettendo di lavorare efficacemente senza affaticarsi.  <\/p>\n<p data-start=\"1372\" data-end=\"1656\">Venduta <strong data-start=\"1379\" data-end=\"1396\">in confezione da 10<\/strong>, questa <strong>spugna vegetale<\/strong> \u00e8 ideale per gestire le rotazioni, rinnovare regolarmente il materiale e mantenere un buon livello di igiene. \u00c8 una soluzione semplice, affidabile ed economica per chi cerca un prodotto pratico, senza fronzoli, ma davvero efficace. <\/p>\n<p data-start=\"1658\" data-end=\"1794\">In sintesi, questa <strong>spugna gialla<\/strong> va dritta al punto: pulisce bene, dura nel tempo e si integra facilmente nella tua routine di pulizia.<\/p>\n<p>&nbsp;<\/p>\n<\/div>\n<\/div>\n<\/div>\n<\/div>\n<p><!--more--><\/p>\n<h4>Vantaggi:<\/h4>\n<ul>\n<li>Trattiene una grande quantit\u00e0 di liquido per una pulizia efficace.<\/li>\n<li>Pi\u00f9 morbida e maneggevole per raggiungere gli angoli difficili.<\/li>\n<li>Adatta per cucina, bagno e superfici professionali.<\/li>\n<li>Progettata per un uso intensivo senza degradarsi rapidamente<\/li>\n<\/ul>\n<p>&nbsp;<\/p>\n<p><!--more--><\/p>\n<h4>Altre informazioni:<\/h4>\n<ul>\n<li><strong>Confezione<\/strong>: Pacchetto da 10<\/li>\n<li><strong>Dimensioni<\/strong>: 12 x 8 x 3 (L x l x h in cm)<\/li>\n<li><strong>Colore<\/strong>: Giallo<\/li>\n<li><strong>Tipo<\/strong>: Vegetale<\/li>\n<\/ul>\n<p>&nbsp;<\/p>\n<p><!--more--><\/p>\n<p>Trova qui la nostra spugna non bordata in taglia N\u00b06: <span style=\"color: #d12727;\"><a style=\"color: #d12727;\" href=\"https:\/\/www.csj-emballages.com\/produit\/10-eponges-non-bordees-n6\/\">EPVN6<\/a><\/span><\/p>\n<p>&nbsp;<\/p>\n<p><!--more--><\/p>\n<p>Trova qui i nostri altri 4 tipi di spugna: <span style=\"color: #d12727;\"><a style=\"color: #d12727;\" href=\"https:\/\/www.csj-emballages.com\/it\/produit\/spugna-110-x-70-x-22-mm-confezione-da-10\/\">Spugna verde<\/a><\/span> \/ <span style=\"color: #d12727;\"><a style=\"color: #d12727;\" href=\"https:\/\/www.csj-emballages.com\/it\/produit\/spugna-magica-in-melamina-110-x-70-x-30-mm-confezione-da-5\/\">Spugna magica<\/a><\/span> \/ <span style=\"color: #d12727;\"><a style=\"color: #d12727;\" href=\"https:\/\/www.csj-emballages.com\/it\/produit\/spugna-inox-40-grs-da-10\/\">Spugna inox 40 gr<\/a><\/span> \/ <span style=\"color: #d12727;\"><a style=\"color: #d12727;\" href=\"https:\/\/www.csj-emballages.com\/it\/produit\/spugna-inox-60-grs-da-10\/\">Spugna inox 60 gr<\/a> <\/span> <\/p>\n<p>&nbsp;<\/p>\n<p><!--more--><\/p>\n<p><a href=\"https:\/\/www.csj-emballages.com\/it\/categorie-produit\/igiene-e-manutenzione\/spugne-panni-strofinacci\/spugne-abrasivi\/\">Consulta il resto della nostra gamma di spugne \/ abrasivi<\/a><\/p>\n","protected":false},"excerpt":{"rendered":"<p>Spugna non bordata Descrizione della nostra spugna non bordata vegetale N\u00b04 confezione da 10<\/p>\n","protected":false},"featured_media":266819,"template":"","meta":{"_acf_changed":false},"product_brand":[],"product_cat":[10356,10382,10383],"product_tag":[],"class_list":{"0":"post-266816","1":"product","2":"type-product","3":"status-publish","4":"has-post-thumbnail","6":"product_cat-igiene-e-manutenzione","7":"product_cat-spugne-panni-strofinacci","8":"product_cat-spugne-abrasivi","10":"first","11":"instock","12":"taxable","13":"shipping-taxable","14":"purchasable","15":"product-type-simple"},"acf":[],"yoast_head":"<!-- This site is optimized with the Yoast SEO Premium plugin v26.6 (Yoast SEO v26.6) - https:\/\/yoast.com\/wordpress\/plugins\/seo\/ -->\n<title>Spugna Non Bordata Vegetale N\u00b04 Confezione da 10<\/title>\n<meta name=\"description\" content=\"Scopri la spugna non bordata vegetale N\u00b04 confezione da 10, ideale per una pulizia efficace e senza sforzo. Assorbente, resistente e maneggevole.\" \/>\n<meta name=\"robots\" content=\"index, follow, max-snippet:-1, max-image-preview:large, max-video-preview:-1\" \/>\n<link rel=\"canonical\" href=\"https:\/\/www.csj-emballages.com\/it\/produit\/spugna-non-bordata-vegetale-n4-confezione-da-10\/\" \/>\n<meta property=\"og:locale\" content=\"it_IT\" \/>\n<meta property=\"og:type\" content=\"article\" \/>\n<meta property=\"og:title\" content=\"Spugna non bordata vegetale N\u00b04 confezione da 10\" \/>\n<meta property=\"og:description\" content=\"Scopri la spugna non bordata vegetale N\u00b04 confezione da 10, ideale per una pulizia efficace e senza sforzo. Assorbente, resistente e maneggevole.\" \/>\n<meta property=\"og:url\" content=\"https:\/\/www.csj-emballages.com\/it\/produit\/spugna-non-bordata-vegetale-n4-confezione-da-10\/\" \/>\n<meta property=\"og:site_name\" content=\"CSJ Emballages\" \/>\n<meta property=\"article:publisher\" content=\"https:\/\/www.facebook.com\/csjemballages\" \/>\n<meta property=\"article:modified_time\" content=\"2026-03-12T15:24:22+00:00\" \/>\n<meta property=\"og:image\" content=\"https:\/\/www.csj-emballages.com\/wp-content\/uploads\/2024\/03\/eponge-jaune-n\u00b04.webp\" \/>\n\t<meta property=\"og:image:width\" content=\"800\" \/>\n\t<meta property=\"og:image:height\" content=\"800\" \/>\n\t<meta property=\"og:image:type\" content=\"image\/webp\" \/>\n<meta name=\"twitter:card\" content=\"summary_large_image\" \/>\n<meta name=\"twitter:label1\" content=\"Dur\u00e9e de lecture estim\u00e9e\" \/>\n\t<meta name=\"twitter:data1\" content=\"2 minuti\" \/>\n<script type=\"application\/ld+json\" class=\"yoast-schema-graph\">{\"@context\":\"https:\/\/schema.org\",\"@graph\":[{\"@type\":\"WebPage\",\"@id\":\"https:\/\/www.csj-emballages.com\/it\/produit\/spugna-non-bordata-vegetale-n4-confezione-da-10\/\",\"url\":\"https:\/\/www.csj-emballages.com\/it\/produit\/spugna-non-bordata-vegetale-n4-confezione-da-10\/\",\"name\":\"Spugna Non Bordata Vegetale N\u00b04 Confezione da 10\",\"isPartOf\":{\"@id\":\"https:\/\/www.csj-emballages.com\/it\/#website\"},\"primaryImageOfPage\":{\"@id\":\"https:\/\/www.csj-emballages.com\/it\/produit\/spugna-non-bordata-vegetale-n4-confezione-da-10\/#primaryimage\"},\"image\":{\"@id\":\"https:\/\/www.csj-emballages.com\/it\/produit\/spugna-non-bordata-vegetale-n4-confezione-da-10\/#primaryimage\"},\"thumbnailUrl\":\"https:\/\/www.csj-emballages.com\/wp-content\/uploads\/2024\/03\/eponge-jaune-n\u00b04.webp\",\"datePublished\":\"2024-03-01T15:54:23+00:00\",\"dateModified\":\"2026-03-12T15:24:22+00:00\",\"description\":\"Scopri la spugna non bordata vegetale N\u00b04 confezione da 10, ideale per una pulizia efficace e senza sforzo. Assorbente, resistente e maneggevole.\",\"breadcrumb\":{\"@id\":\"https:\/\/www.csj-emballages.com\/it\/produit\/spugna-non-bordata-vegetale-n4-confezione-da-10\/#breadcrumb\"},\"inLanguage\":\"it-IT\",\"potentialAction\":[{\"@type\":\"ReadAction\",\"target\":[\"https:\/\/www.csj-emballages.com\/it\/produit\/spugna-non-bordata-vegetale-n4-confezione-da-10\/\"]}]},{\"@type\":\"ImageObject\",\"inLanguage\":\"it-IT\",\"@id\":\"https:\/\/www.csj-emballages.com\/it\/produit\/spugna-non-bordata-vegetale-n4-confezione-da-10\/#primaryimage\",\"url\":\"https:\/\/www.csj-emballages.com\/wp-content\/uploads\/2024\/03\/eponge-jaune-n\u00b04.webp\",\"contentUrl\":\"https:\/\/www.csj-emballages.com\/wp-content\/uploads\/2024\/03\/eponge-jaune-n\u00b04.webp\",\"width\":800,\"height\":800,\"caption\":\"eponge\"},{\"@type\":\"BreadcrumbList\",\"@id\":\"https:\/\/www.csj-emballages.com\/it\/produit\/spugna-non-bordata-vegetale-n4-confezione-da-10\/#breadcrumb\",\"itemListElement\":[{\"@type\":\"ListItem\",\"position\":1,\"name\":\"Home\",\"item\":\"https:\/\/www.csj-emballages.com\/it\/universo-imballaggi-alimentari\/\"},{\"@type\":\"ListItem\",\"position\":2,\"name\":\"Negozio\",\"item\":\"https:\/\/www.csj-emballages.com\/it\/negozio\/\"},{\"@type\":\"ListItem\",\"position\":3,\"name\":\"Spugna non bordata vegetale N\u00b04 confezione da 10\"}]},{\"@type\":\"WebSite\",\"@id\":\"https:\/\/www.csj-emballages.com\/it\/#website\",\"url\":\"https:\/\/www.csj-emballages.com\/it\/\",\"name\":\"CSJ Emballages\",\"description\":\"\",\"publisher\":{\"@id\":\"https:\/\/www.csj-emballages.com\/it\/#organization\"},\"potentialAction\":[{\"@type\":\"SearchAction\",\"target\":{\"@type\":\"EntryPoint\",\"urlTemplate\":\"https:\/\/www.csj-emballages.com\/it\/?s={search_term_string}\"},\"query-input\":{\"@type\":\"PropertyValueSpecification\",\"valueRequired\":true,\"valueName\":\"search_term_string\"}}],\"inLanguage\":\"it-IT\"},{\"@type\":\"Organization\",\"@id\":\"https:\/\/www.csj-emballages.com\/it\/#Organization\/\",\"name\":\"CSJ Emballages\",\"url\":\"https:\/\/www.csj-emballages.com\/it\/\",\"logo\":{\"@type\":\"ImageObject\",\"inLanguage\":\"it-IT\",\"@id\":\"https:\/\/www.csj-emballages.com\/it\/#\/schema\/logo\/image\/\",\"url\":\"https:\/\/www.csj-emballages.com\/wp-content\/uploads\/2023\/10\/logo_csj.webp\",\"contentUrl\":\"https:\/\/www.csj-emballages.com\/wp-content\/uploads\/2023\/10\/logo_csj.webp\",\"width\":250,\"height\":95,\"caption\":\"CSJ Emballages\"},\"image\":{\"@id\":\"https:\/\/www.csj-emballages.com\/it\/#\/schema\/logo\/image\/\"},\"sameAs\":[\"https:\/\/www.facebook.com\/csjemballages\"],\"address\":{\"@type\":\"PostalAddress\",\"streetAddress\":\"ZI La Lechere\",\"addressLocality\":\"Patornay\",\"postalCode\":\"39130\",\"addressCountry\":\"FR\"},\"contactPoint\":[{\"@type\":\"ContactPoint\",\"contactType\":\"Service client\",\"telephone\":\"0384254272\",\"email\":\"contact@csj-emballages.com\"}]}]}<\/script>\n<!-- \/ Yoast SEO Premium plugin. -->","yoast_head_json":{"title":"Spugna Non Bordata Vegetale N\u00b04 Confezione da 10","description":"Scopri la spugna non bordata vegetale N\u00b04 confezione da 10, ideale per una pulizia efficace e senza sforzo. Assorbente, resistente e maneggevole.","robots":{"index":"index","follow":"follow","max-snippet":"max-snippet:-1","max-image-preview":"max-image-preview:large","max-video-preview":"max-video-preview:-1"},"canonical":"https:\/\/www.csj-emballages.com\/it\/produit\/spugna-non-bordata-vegetale-n4-confezione-da-10\/","og_locale":"it_IT","og_type":"article","og_title":"Spugna non bordata vegetale N\u00b04 confezione da 10","og_description":"Scopri la spugna non bordata vegetale N\u00b04 confezione da 10, ideale per una pulizia efficace e senza sforzo. Assorbente, resistente e maneggevole.","og_url":"https:\/\/www.csj-emballages.com\/it\/produit\/spugna-non-bordata-vegetale-n4-confezione-da-10\/","og_site_name":"CSJ Emballages","article_publisher":"https:\/\/www.facebook.com\/csjemballages","article_modified_time":"2026-03-12T15:24:22+00:00","og_image":[{"width":800,"height":800,"url":"https:\/\/www.csj-emballages.com\/wp-content\/uploads\/2024\/03\/eponge-jaune-n\u00b04.webp","type":"image\/webp"}],"twitter_card":"summary_large_image","twitter_misc":{"Dur\u00e9e de lecture estim\u00e9e":"2 minuti"},"schema":{"@context":"https:\/\/schema.org","@graph":[{"@type":"WebPage","@id":"https:\/\/www.csj-emballages.com\/it\/produit\/spugna-non-bordata-vegetale-n4-confezione-da-10\/","url":"https:\/\/www.csj-emballages.com\/it\/produit\/spugna-non-bordata-vegetale-n4-confezione-da-10\/","name":"Spugna Non Bordata Vegetale N\u00b04 Confezione da 10","isPartOf":{"@id":"https:\/\/www.csj-emballages.com\/it\/#website"},"primaryImageOfPage":{"@id":"https:\/\/www.csj-emballages.com\/it\/produit\/spugna-non-bordata-vegetale-n4-confezione-da-10\/#primaryimage"},"image":{"@id":"https:\/\/www.csj-emballages.com\/it\/produit\/spugna-non-bordata-vegetale-n4-confezione-da-10\/#primaryimage"},"thumbnailUrl":"https:\/\/www.csj-emballages.com\/wp-content\/uploads\/2024\/03\/eponge-jaune-n\u00b04.webp","datePublished":"2024-03-01T15:54:23+00:00","dateModified":"2026-03-12T15:24:22+00:00","description":"Scopri la spugna non bordata vegetale N\u00b04 confezione da 10, ideale per una pulizia efficace e senza sforzo. Assorbente, resistente e maneggevole.","breadcrumb":{"@id":"https:\/\/www.csj-emballages.com\/it\/produit\/spugna-non-bordata-vegetale-n4-confezione-da-10\/#breadcrumb"},"inLanguage":"it-IT","potentialAction":[{"@type":"ReadAction","target":["https:\/\/www.csj-emballages.com\/it\/produit\/spugna-non-bordata-vegetale-n4-confezione-da-10\/"]}]},{"@type":"ImageObject","inLanguage":"it-IT","@id":"https:\/\/www.csj-emballages.com\/it\/produit\/spugna-non-bordata-vegetale-n4-confezione-da-10\/#primaryimage","url":"https:\/\/www.csj-emballages.com\/wp-content\/uploads\/2024\/03\/eponge-jaune-n\u00b04.webp","contentUrl":"https:\/\/www.csj-emballages.com\/wp-content\/uploads\/2024\/03\/eponge-jaune-n\u00b04.webp","width":800,"height":800,"caption":"eponge"},{"@type":"BreadcrumbList","@id":"https:\/\/www.csj-emballages.com\/it\/produit\/spugna-non-bordata-vegetale-n4-confezione-da-10\/#breadcrumb","itemListElement":[{"@type":"ListItem","position":1,"name":"Home","item":"https:\/\/www.csj-emballages.com\/it\/universo-imballaggi-alimentari\/"},{"@type":"ListItem","position":2,"name":"Negozio","item":"https:\/\/www.csj-emballages.com\/it\/negozio\/"},{"@type":"ListItem","position":3,"name":"Spugna non bordata vegetale N\u00b04 confezione da 10"}]},{"@type":"WebSite","@id":"https:\/\/www.csj-emballages.com\/it\/#website","url":"https:\/\/www.csj-emballages.com\/it\/","name":"CSJ Emballages","description":"","publisher":{"@id":"https:\/\/www.csj-emballages.com\/it\/#organization"},"potentialAction":[{"@type":"SearchAction","target":{"@type":"EntryPoint","urlTemplate":"https:\/\/www.csj-emballages.com\/it\/?s={search_term_string}"},"query-input":{"@type":"PropertyValueSpecification","valueRequired":true,"valueName":"search_term_string"}}],"inLanguage":"it-IT"},{"@type":"Organization","@id":"https:\/\/www.csj-emballages.com\/it\/#Organization\/","name":"CSJ Emballages","url":"https:\/\/www.csj-emballages.com\/it\/","logo":{"@type":"ImageObject","inLanguage":"it-IT","@id":"https:\/\/www.csj-emballages.com\/it\/#\/schema\/logo\/image\/","url":"https:\/\/www.csj-emballages.com\/wp-content\/uploads\/2023\/10\/logo_csj.webp","contentUrl":"https:\/\/www.csj-emballages.com\/wp-content\/uploads\/2023\/10\/logo_csj.webp","width":250,"height":95,"caption":"CSJ Emballages"},"image":{"@id":"https:\/\/www.csj-emballages.com\/it\/#\/schema\/logo\/image\/"},"sameAs":["https:\/\/www.facebook.com\/csjemballages"],"address":{"@type":"PostalAddress","streetAddress":"ZI La Lechere","addressLocality":"Patornay","postalCode":"39130","addressCountry":"FR"},"contactPoint":[{"@type":"ContactPoint","contactType":"Service client","telephone":"0384254272","email":"contact@csj-emballages.com"}]}]}},"df_price":7.46,"df_sale_price":"","df_regular_price":7.46,"df_image_link":"https:\/\/www.csj-emballages.com\/wp-content\/uploads\/2024\/03\/eponge-jaune-n\u00b04-300x300.webp","tiered_pricing_type":"fixed","tiered_pricing_fixed_rules":[],"tiered_pricing_percentage_rules":[],"tiered_pricing_minimum":1,"tiered_pricing_roles_data":[],"_links":{"self":[{"href":"https:\/\/www.csj-emballages.com\/it\/wp-json\/wp\/v2\/product\/266816","targetHints":{"allow":["GET"]}}],"collection":[{"href":"https:\/\/www.csj-emballages.com\/it\/wp-json\/wp\/v2\/product"}],"about":[{"href":"https:\/\/www.csj-emballages.com\/it\/wp-json\/wp\/v2\/types\/product"}],"wp:featuredmedia":[{"embeddable":true,"href":"https:\/\/www.csj-emballages.com\/it\/wp-json\/wp\/v2\/media\/266819"}],"wp:attachment":[{"href":"https:\/\/www.csj-emballages.com\/it\/wp-json\/wp\/v2\/media?parent=266816"}],"wp:term":[{"taxonomy":"product_brand","embeddable":true,"href":"https:\/\/www.csj-emballages.com\/it\/wp-json\/wp\/v2\/product_brand?post=266816"},{"taxonomy":"product_cat","embeddable":true,"href":"https:\/\/www.csj-emballages.com\/it\/wp-json\/wp\/v2\/product_cat?post=266816"},{"taxonomy":"product_tag","embeddable":true,"href":"https:\/\/www.csj-emballages.com\/it\/wp-json\/wp\/v2\/product_tag?post=266816"}],"curies":[{"name":"wp","href":"https:\/\/api.w.org\/{rel}","templated":true}]}}